{"id":1525,"date":"2024-10-20T15:56:54","date_gmt":"2024-10-20T15:56:54","guid":{"rendered":"https:\/\/www.carbonfiberinsoles.shop\/?post_type=product&#038;p=1525"},"modified":"2025-06-07T01:09:38","modified_gmt":"2025-06-07T01:09:38","slug":"breathable-carbon-fiber-anti-twist-football-insoles-non-slip-shock-absorption-sports-shoe-insoles","status":"publish","type":"product","link":"https:\/\/www.carbonfiberinsoles.shop\/de\/produkt\/breathable-carbon-fiber-anti-twist-football-insoles-non-slip-shock-absorption-sports-shoe-insoles\/","title":{"rendered":"Atmungsaktive Carbonfaser-Einlagen Anti-Twist-Fu\u00dfball-Einlagen"},"content":{"rendered":"<p>Atmungsaktiv <strong>Carbon Einlegesohle<\/strong> Steigern Sie Ihre sportliche Leistung mit unseren hochmodernen Fu\u00dfballeinlagen, die f\u00fcr ultimativen Halt und Komfort sorgen. Diese Einlegesohlen verf\u00fcgen \u00fcber fortschrittliche Karbonfasertechnologie, die einen Verdrehschutz f\u00fcr maximale Stabilit\u00e4t bei intensiven Bewegungen bietet. Das atmungsaktive Design sorgt f\u00fcr ganzt\u00e4gigen Komfort, w\u00e4hrend das D\u00e4mpfungssystem den Aufprall minimiert und die Erm\u00fcdung der F\u00fc\u00dfe verringert. Das ultrad\u00fcnne, feuchtigkeitsableitende Material h\u00e4lt die F\u00fc\u00dfe trocken und geruchsneutral - perfekt f\u00fcr Sportler und aktive Lebensstile. Egal, ob Sie auf dem Spielfeld oder beim Laufen sind, diese Einlegesohlen bieten hervorragende Leistung und Schutz und unterst\u00fctzen jeden Schritt.<\/p>\n<p>&nbsp;<\/p>\n<p><img fetchpriority=\"high\" decoding=\"async\" class=\"wp-image-1536 size-full aligncenter\" src=\"https:\/\/www.carbonfiberinsoles.shop\/wp-content\/uploads\/2024\/10\/Breathable-Carbon-Fiber-Anti-Twist-Football-Insoles-Non-Slip-Shock-Absorption-Sports-Shoe-Insoles-1-3.jpg\" alt=\"Atmungsaktive Kohlenstoff-Faser Anti-Twist-Fu\u00dfball-Einlegesohlen Anti-Rutsch-Sto\u00dfd\u00e4mpfung Sportschuh-Einlegesohlen (1 (3))\" width=\"800\" height=\"800\" srcset=\"https:\/\/www.carbonfiberinsoles.shop\/wp-content\/uploads\/2024\/10\/Breathable-Carbon-Fiber-Anti-Twist-Football-Insoles-Non-Slip-Shock-Absorption-Sports-Shoe-Insoles-1-3.jpg 800w, https:\/\/www.carbonfiberinsoles.shop\/wp-content\/uploads\/2024\/10\/Breathable-Carbon-Fiber-Anti-Twist-Football-Insoles-Non-Slip-Shock-Absorption-Sports-Shoe-Insoles-1-3-430x430.jpg 430w, https:\/\/www.carbonfiberinsoles.shop\/wp-content\/uploads\/2024\/10\/Breathable-Carbon-Fiber-Anti-Twist-Football-Insoles-Non-Slip-Shock-Absorption-Sports-Shoe-Insoles-1-3-100x100.jpg 100w, https:\/\/www.carbonfiberinsoles.shop\/wp-content\/uploads\/2024\/10\/Breathable-Carbon-Fiber-Anti-Twist-Football-Insoles-Non-Slip-Shock-Absorption-Sports-Shoe-Insoles-1-3-700x700.jpg 700w, https:\/\/www.carbonfiberinsoles.shop\/wp-content\/uploads\/2024\/10\/Breathable-Carbon-Fiber-Anti-Twist-Football-Insoles-Non-Slip-Shock-Absorption-Sports-Shoe-Insoles-1-3-300x300.jpg 300w, https:\/\/www.carbonfiberinsoles.shop\/wp-content\/uploads\/2024\/10\/Breathable-Carbon-Fiber-Anti-Twist-Football-Insoles-Non-Slip-Shock-Absorption-Sports-Shoe-Insoles-1-3-150x150.jpg 150w, https:\/\/www.carbonfiberinsoles.shop\/wp-content\/uploads\/2024\/10\/Breathable-Carbon-Fiber-Anti-Twist-Football-Insoles-Non-Slip-Shock-Absorption-Sports-Shoe-Insoles-1-3-768x768.jpg 768w\" sizes=\"(max-width: 800px) 100vw, 800px\" \/><\/p>\n<p><img decoding=\"async\" class=\"wp-image-1537 size-full aligncenter\" src=\"https:\/\/www.carbonfiberinsoles.shop\/wp-content\/uploads\/2024\/10\/Breathable-Carbon-Fiber-Anti-Twist-Football-Insoles-Non-Slip-Shock-Absorption-Sports-Shoe-Insoles-1-4.jpg\" alt=\"Atmungsaktive Kohlenstoff-Faser Anti-Twist-Fu\u00dfball-Einlegesohlen Anti-Rutsch-Sto\u00dfd\u00e4mpfung Sportschuh-Einlegesohlen (1 (3))\" width=\"800\" height=\"800\" srcset=\"https:\/\/www.carbonfiberinsoles.shop\/wp-content\/uploads\/2024\/10\/Breathable-Carbon-Fiber-Anti-Twist-Football-Insoles-Non-Slip-Shock-Absorption-Sports-Shoe-Insoles-1-4.jpg 800w, https:\/\/www.carbonfiberinsoles.shop\/wp-content\/uploads\/2024\/10\/Breathable-Carbon-Fiber-Anti-Twist-Football-Insoles-Non-Slip-Shock-Absorption-Sports-Shoe-Insoles-1-4-430x430.jpg 430w, https:\/\/www.carbonfiberinsoles.shop\/wp-content\/uploads\/2024\/10\/Breathable-Carbon-Fiber-Anti-Twist-Football-Insoles-Non-Slip-Shock-Absorption-Sports-Shoe-Insoles-1-4-100x100.jpg 100w, https:\/\/www.carbonfiberinsoles.shop\/wp-content\/uploads\/2024\/10\/Breathable-Carbon-Fiber-Anti-Twist-Football-Insoles-Non-Slip-Shock-Absorption-Sports-Shoe-Insoles-1-4-700x700.jpg 700w, https:\/\/www.carbonfiberinsoles.shop\/wp-content\/uploads\/2024\/10\/Breathable-Carbon-Fiber-Anti-Twist-Football-Insoles-Non-Slip-Shock-Absorption-Sports-Shoe-Insoles-1-4-300x300.jpg 300w, https:\/\/www.carbonfiberinsoles.shop\/wp-content\/uploads\/2024\/10\/Breathable-Carbon-Fiber-Anti-Twist-Football-Insoles-Non-Slip-Shock-Absorption-Sports-Shoe-Insoles-1-4-150x150.jpg 150w, https:\/\/www.carbonfiberinsoles.shop\/wp-content\/uploads\/2024\/10\/Breathable-Carbon-Fiber-Anti-Twist-Football-Insoles-Non-Slip-Shock-Absorption-Sports-Shoe-Insoles-1-4-768x768.jpg 768w\" sizes=\"(max-width: 800px) 100vw, 800px\" \/><\/p>\n<p><img decoding=\"async\" class=\"wp-image-1587 size-full aligncenter\" src=\"https:\/\/www.carbonfiberinsoles.shop\/wp-content\/uploads\/2024\/10\/Breathable-Carbon-Fiber-Anti-Twist-Football-Insoles-Non-Slip-Shock-Absorption-Sports-Shoe-Insoles-1-6-1.jpg\" alt=\"Atmungsaktive Kohlenstoff-Faser Anti-Twist-Fu\u00dfball-Einlegesohlen Anti-Rutsch-Sto\u00dfd\u00e4mpfung Sportschuh-Einlegesohlen (1 (6)\" width=\"800\" height=\"704\" srcset=\"https:\/\/www.carbonfiberinsoles.shop\/wp-content\/uploads\/2024\/10\/Breathable-Carbon-Fiber-Anti-Twist-Football-Insoles-Non-Slip-Shock-Absorption-Sports-Shoe-Insoles-1-6-1.jpg 800w, https:\/\/www.carbonfiberinsoles.shop\/wp-content\/uploads\/2024\/10\/Breathable-Carbon-Fiber-Anti-Twist-Football-Insoles-Non-Slip-Shock-Absorption-Sports-Shoe-Insoles-1-6-1-430x378.jpg 430w, https:\/\/www.carbonfiberinsoles.shop\/wp-content\/uploads\/2024\/10\/Breathable-Carbon-Fiber-Anti-Twist-Football-Insoles-Non-Slip-Shock-Absorption-Sports-Shoe-Insoles-1-6-1-700x616.jpg 700w, https:\/\/www.carbonfiberinsoles.shop\/wp-content\/uploads\/2024\/10\/Breathable-Carbon-Fiber-Anti-Twist-Football-Insoles-Non-Slip-Shock-Absorption-Sports-Shoe-Insoles-1-6-1-300x264.jpg 300w, https:\/\/www.carbonfiberinsoles.shop\/wp-content\/uploads\/2024\/10\/Breathable-Carbon-Fiber-Anti-Twist-Football-Insoles-Non-Slip-Shock-Absorption-Sports-Shoe-Insoles-1-6-1-768x676.jpg 768w\" sizes=\"(max-width: 800px) 100vw, 800px\" \/><\/p>\n<p>&nbsp;<\/p>\n<p><img loading=\"lazy\" decoding=\"async\" class=\"wp-image-1542 size-full aligncenter\" src=\"https:\/\/www.carbonfiberinsoles.shop\/wp-content\/uploads\/2024\/10\/Breathable-Carbon-Fiber-Anti-Twist-Football-Insoles-Non-Slip-Shock-Absorption-Sports-Shoe-Insoles-1-9.jpg\" alt=\"Atmungsaktive Kohlenstoff-Faser Anti-Twist-Fu\u00dfball-Einlegesohlen Anti-Rutsch-Sto\u00dfd\u00e4mpfung Sportschuh-Einlegesohlen (1 (3))\" width=\"800\" height=\"800\" srcset=\"https:\/\/www.carbonfiberinsoles.shop\/wp-content\/uploads\/2024\/10\/Breathable-Carbon-Fiber-Anti-Twist-Football-Insoles-Non-Slip-Shock-Absorption-Sports-Shoe-Insoles-1-9.jpg 800w, https:\/\/www.carbonfiberinsoles.shop\/wp-content\/uploads\/2024\/10\/Breathable-Carbon-Fiber-Anti-Twist-Football-Insoles-Non-Slip-Shock-Absorption-Sports-Shoe-Insoles-1-9-430x430.jpg 430w, https:\/\/www.carbonfiberinsoles.shop\/wp-content\/uploads\/2024\/10\/Breathable-Carbon-Fiber-Anti-Twist-Football-Insoles-Non-Slip-Shock-Absorption-Sports-Shoe-Insoles-1-9-100x100.jpg 100w, https:\/\/www.carbonfiberinsoles.shop\/wp-content\/uploads\/2024\/10\/Breathable-Carbon-Fiber-Anti-Twist-Football-Insoles-Non-Slip-Shock-Absorption-Sports-Shoe-Insoles-1-9-700x700.jpg 700w, https:\/\/www.carbonfiberinsoles.shop\/wp-content\/uploads\/2024\/10\/Breathable-Carbon-Fiber-Anti-Twist-Football-Insoles-Non-Slip-Shock-Absorption-Sports-Shoe-Insoles-1-9-300x300.jpg 300w, https:\/\/www.carbonfiberinsoles.shop\/wp-content\/uploads\/2024\/10\/Breathable-Carbon-Fiber-Anti-Twist-Football-Insoles-Non-Slip-Shock-Absorption-Sports-Shoe-Insoles-1-9-150x150.jpg 150w, https:\/\/www.carbonfiberinsoles.shop\/wp-content\/uploads\/2024\/10\/Breathable-Carbon-Fiber-Anti-Twist-Football-Insoles-Non-Slip-Shock-Absorption-Sports-Shoe-Insoles-1-9-768x768.jpg 768w\" sizes=\"(max-width: 800px) 100vw, 800px\" \/><\/p>\n<p><img loading=\"lazy\" decoding=\"async\" class=\"wp-image-1540 size-full aligncenter\" src=\"https:\/\/www.carbonfiberinsoles.shop\/wp-content\/uploads\/2024\/10\/Breathable-Carbon-Fiber-Anti-Twist-Football-Insoles-Non-Slip-Shock-Absorption-Sports-Shoe-Insoles-1-7.jpg\" alt=\"Atmungsaktive Kohlenstoff-Faser Anti-Twist-Fu\u00dfball-Einlegesohlen Anti-Rutsch-Sto\u00dfd\u00e4mpfung Sportschuh-Einlegesohlen (1 (3))\" width=\"800\" height=\"800\" srcset=\"https:\/\/www.carbonfiberinsoles.shop\/wp-content\/uploads\/2024\/10\/Breathable-Carbon-Fiber-Anti-Twist-Football-Insoles-Non-Slip-Shock-Absorption-Sports-Shoe-Insoles-1-7.jpg 800w, https:\/\/www.carbonfiberinsoles.shop\/wp-content\/uploads\/2024\/10\/Breathable-Carbon-Fiber-Anti-Twist-Football-Insoles-Non-Slip-Shock-Absorption-Sports-Shoe-Insoles-1-7-430x430.jpg 430w, https:\/\/www.carbonfiberinsoles.shop\/wp-content\/uploads\/2024\/10\/Breathable-Carbon-Fiber-Anti-Twist-Football-Insoles-Non-Slip-Shock-Absorption-Sports-Shoe-Insoles-1-7-100x100.jpg 100w, https:\/\/www.carbonfiberinsoles.shop\/wp-content\/uploads\/2024\/10\/Breathable-Carbon-Fiber-Anti-Twist-Football-Insoles-Non-Slip-Shock-Absorption-Sports-Shoe-Insoles-1-7-700x700.jpg 700w, https:\/\/www.carbonfiberinsoles.shop\/wp-content\/uploads\/2024\/10\/Breathable-Carbon-Fiber-Anti-Twist-Football-Insoles-Non-Slip-Shock-Absorption-Sports-Shoe-Insoles-1-7-300x300.jpg 300w, https:\/\/www.carbonfiberinsoles.shop\/wp-content\/uploads\/2024\/10\/Breathable-Carbon-Fiber-Anti-Twist-Football-Insoles-Non-Slip-Shock-Absorption-Sports-Shoe-Insoles-1-7-150x150.jpg 150w, https:\/\/www.carbonfiberinsoles.shop\/wp-content\/uploads\/2024\/10\/Breathable-Carbon-Fiber-Anti-Twist-Football-Insoles-Non-Slip-Shock-Absorption-Sports-Shoe-Insoles-1-7-768x768.jpg 768w\" sizes=\"(max-width: 800px) 100vw, 800px\" \/><\/p>\n<p><img loading=\"lazy\" decoding=\"async\" class=\"wp-image-517 size-full aligncenter\" src=\"https:\/\/www.carbonfiberinsoles.shop\/wp-content\/uploads\/2024\/09\/Carbon-Fiber-Insoles-for-Men-Women-Shock-Absorbing-Sport-Shoe-Insoles-for-Basketball-Voll-3.jpg\" alt=\"Carbon Fiber Einlegesohlen f\u00fcr M\u00e4nner Frauen, schockabsorbierende Sportschuh Einlegesohlen f\u00fcr Basketball Voll ( (3)\" width=\"970\" height=\"600\" srcset=\"https:\/\/www.carbonfiberinsoles.shop\/wp-content\/uploads\/2024\/09\/Carbon-Fiber-Insoles-for-Men-Women-Shock-Absorbing-Sport-Shoe-Insoles-for-Basketball-Voll-3.jpg 970w, https:\/\/www.carbonfiberinsoles.shop\/wp-content\/uploads\/2024\/09\/Carbon-Fiber-Insoles-for-Men-Women-Shock-Absorbing-Sport-Shoe-Insoles-for-Basketball-Voll-3-430x266.jpg 430w, https:\/\/www.carbonfiberinsoles.shop\/wp-content\/uploads\/2024\/09\/Carbon-Fiber-Insoles-for-Men-Women-Shock-Absorbing-Sport-Shoe-Insoles-for-Basketball-Voll-3-700x433.jpg 700w, https:\/\/www.carbonfiberinsoles.shop\/wp-content\/uploads\/2024\/09\/Carbon-Fiber-Insoles-for-Men-Women-Shock-Absorbing-Sport-Shoe-Insoles-for-Basketball-Voll-3-300x186.jpg 300w, https:\/\/www.carbonfiberinsoles.shop\/wp-content\/uploads\/2024\/09\/Carbon-Fiber-Insoles-for-Men-Women-Shock-Absorbing-Sport-Shoe-Insoles-for-Basketball-Voll-3-768x475.jpg 768w\" sizes=\"(max-width: 970px) 100vw, 970px\" \/><\/p>\n<p><img loading=\"lazy\" decoding=\"async\" class=\"wp-image-512 size-large aligncenter\" src=\"https:\/\/www.carbonfiberinsoles.shop\/wp-content\/uploads\/2024\/09\/Gold-Performance-Insoles\u2013Customized-Carbon-Fiber-Inserts-Non-Cleated-Shoes\u2013Basketball-Volleyball-Racquet-Sports-Ru1-1024x239.png\" alt=\"Gold Performance Einlegesohlen - Ma\u00dfgeschneiderte Carbonfaser-Einlagen, Schuhe ohne Sohle - Basketball, Volleyball, Racketsport, Ru(1)\" width=\"1024\" height=\"239\" srcset=\"https:\/\/www.carbonfiberinsoles.shop\/wp-content\/uploads\/2024\/09\/Gold-Performance-Insoles\u2013Customized-Carbon-Fiber-Inserts-Non-Cleated-Shoes\u2013Basketball-Volleyball-Racquet-Sports-Ru1-1024x239.png 1024w, https:\/\/www.carbonfiberinsoles.shop\/wp-content\/uploads\/2024\/09\/Gold-Performance-Insoles\u2013Customized-Carbon-Fiber-Inserts-Non-Cleated-Shoes\u2013Basketball-Volleyball-Racquet-Sports-Ru1-430x100.png 430w, https:\/\/www.carbonfiberinsoles.shop\/wp-content\/uploads\/2024\/09\/Gold-Performance-Insoles\u2013Customized-Carbon-Fiber-Inserts-Non-Cleated-Shoes\u2013Basketball-Volleyball-Racquet-Sports-Ru1-700x164.png 700w, https:\/\/www.carbonfiberinsoles.shop\/wp-content\/uploads\/2024\/09\/Gold-Performance-Insoles\u2013Customized-Carbon-Fiber-Inserts-Non-Cleated-Shoes\u2013Basketball-Volleyball-Racquet-Sports-Ru1-300x70.png 300w, https:\/\/www.carbonfiberinsoles.shop\/wp-content\/uploads\/2024\/09\/Gold-Performance-Insoles\u2013Customized-Carbon-Fiber-Inserts-Non-Cleated-Shoes\u2013Basketball-Volleyball-Racquet-Sports-Ru1-768x179.png 768w, https:\/\/www.carbonfiberinsoles.shop\/wp-content\/uploads\/2024\/09\/Gold-Performance-Insoles\u2013Customized-Carbon-Fiber-Inserts-Non-Cleated-Shoes\u2013Basketball-Volleyball-Racquet-Sports-Ru1-1536x359.png 1536w, https:\/\/www.carbonfiberinsoles.shop\/wp-content\/uploads\/2024\/09\/Gold-Performance-Insoles\u2013Customized-Carbon-Fiber-Inserts-Non-Cleated-Shoes\u2013Basketball-Volleyball-Racquet-Sports-Ru1.png 1721w\" sizes=\"(max-width: 1024px) 100vw, 1024px\" \/><\/p>\n<p>&nbsp;<\/p>\n<p data-start=\"383\" data-end=\"677\"><em data-start=\"383\" data-end=\"394\">\u00dcberblick:<\/em> Steigern Sie Ihre sportliche Leistung mit unseren atmungsaktiven Carbonfaser-Anti-Twist-Fu\u00dfballeinlagen. Entwickelt, um au\u00dfergew\u00f6hnliche Unterst\u00fctzung und Komfort zu bieten, sind diese Einlegesohlen ideal f\u00fcr Fu\u00dfballspieler, die Stabilit\u00e4t zu verbessern und die Erm\u00fcdung des Fu\u00dfes bei hochintensiven Aktivit\u00e4ten zu reduzieren.<\/p>\n<p data-start=\"679\" data-end=\"690\"><em data-start=\"679\" data-end=\"690\">Merkmale:<\/em><\/p>\n<ul data-start=\"691\" data-end=\"1483\">\n<li data-start=\"691\" data-end=\"910\"><strong data-start=\"693\" data-end=\"732\">Carbonfaser-Anti-Twist-Technologie:<\/strong> Die Grundplatte aus Karbonfaser verhindert die Belastung des Fu\u00dfes bei scharfen Bewegungen, erh\u00f6ht die Stabilit\u00e4t und verringert das Verletzungsrisiko.<\/li>\n<li data-start=\"911\" data-end=\"1063\"><strong data-start=\"913\" data-end=\"934\">Schockabsorption:<\/strong> Die D\u00e4mpfung minimiert den Aufprall und sorgt f\u00fcr Komfort bei hochintensiven Sportarten.<\/li>\n<li data-start=\"1064\" data-end=\"1213\"><strong data-start=\"1066\" data-end=\"1100\">Atmungsaktiv und feuchtigkeitsableitend:<\/strong> Hergestellt aus Materialien, die die F\u00fc\u00dfe trocken und frisch halten und Ger\u00fcche verhindern.<\/li>\n<li data-start=\"1214\" data-end=\"1348\"><strong data-start=\"1216\" data-end=\"1236\">Rutschfestes Design:<\/strong> Verbesserte Griffigkeit verhindert das Abrutschen des Fu\u00dfes und sorgt f\u00fcr einen sicheren Sitz w\u00e4hrend des Spiels.<\/li>\n<li data-start=\"1349\" data-end=\"1483\"><strong data-start=\"1351\" data-end=\"1380\">Ultrad\u00fcnn und leicht:<\/strong> Bietet maximalen Komfort, ohne die Passform oder Leistung des Schuhs zu beeintr\u00e4chtigen.<\/li>\n<\/ul>\n<p data-start=\"1485\" data-end=\"1519\"><em data-start=\"1485\" data-end=\"1519\">Warum Sie dieses Produkt kaufen sollten:<\/em><\/p>\n<ul data-start=\"1520\" data-end=\"1854\">\n<li data-start=\"1520\" data-end=\"1640\"><strong data-start=\"1522\" data-end=\"1547\">Verbesserte Leistung:<\/strong> Bietet die n\u00f6tige Unterst\u00fctzung, um H\u00f6chstleistungen zu erbringen, verringert die Erm\u00fcdung und verbessert die Beweglichkeit.<\/li>\n<li data-start=\"1641\" data-end=\"1754\"><strong data-start=\"1643\" data-end=\"1665\">Verletzungspr\u00e4vention:<\/strong> Die Anti-Twist-Technologie und die sto\u00dfd\u00e4mpfenden Eigenschaften helfen, h\u00e4ufige Sportverletzungen zu vermeiden.<\/li>\n<li data-start=\"1755\" data-end=\"1854\"><strong data-start=\"1757\" data-end=\"1777\">Bequeme Passform:<\/strong> Atmungsaktive Materialien und ein rutschfestes Design sorgen f\u00fcr Komfort w\u00e4hrend des gesamten Spiels.<\/li>\n<\/ul>\n<p data-start=\"1856\" data-end=\"1863\"><em data-start=\"1856\" data-end=\"1863\">FAQs:<\/em><\/p>\n<ol data-start=\"1865\" data-end=\"2373\">\n<li data-start=\"1865\" data-end=\"2033\">\n<p data-start=\"1868\" data-end=\"1933\"><strong data-start=\"1868\" data-end=\"1933\">Sind diese Einlegesohlen auch f\u00fcr andere Sportarten als Fu\u00dfball geeignet?<\/strong><\/p>\n<ul data-start=\"1937\" data-end=\"2033\">\n<li data-start=\"1937\" data-end=\"2033\">Ja, sie wurden entwickelt, um die Leistung in verschiedenen Sportarten zu verbessern, die Beweglichkeit und Unterst\u00fctzung erfordern.<\/li>\n<\/ul>\n<\/li>\n<li data-start=\"2035\" data-end=\"2203\">\n<p data-start=\"2038\" data-end=\"2095\"><strong data-start=\"2038\" data-end=\"2095\">Passen diese Einlegesohlen in alle Arten von Fu\u00dfballschuhen?<\/strong><\/p>\n<ul data-start=\"2099\" data-end=\"2203\">\n<li data-start=\"2099\" data-end=\"2203\">Ja, ihr ultrad\u00fcnnes Design gew\u00e4hrleistet die Kompatibilit\u00e4t mit den meisten Fu\u00dfballschuhen, ohne die Passform zu beeintr\u00e4chtigen.<\/li>\n<\/ul>\n<\/li>\n<li data-start=\"2205\" data-end=\"2373\">\n<p data-start=\"2208\" data-end=\"2254\"><strong data-start=\"2208\" data-end=\"2254\">Wie kann ich diese Einlegesohlen reinigen und pflegen?<\/strong><\/p>\n<ul data-start=\"2258\" data-end=\"2373\">\n<li data-start=\"2258\" data-end=\"2373\">Entfernen Sie sie aus Ihren Schuhen und waschen Sie sie vorsichtig mit milder Seife und Wasser. Vor dem Wiedereinsetzen vollst\u00e4ndig an der Luft trocknen lassen.<\/li>\n<\/ul>\n<\/li>\n<\/ol>","protected":false},"excerpt":{"rendered":"<p><strong>Wesentliche Merkmale:<\/strong><\/p>\n<ul>\n<li><strong>Carbonfaser-Anti-Twist-Technologie:<\/strong> Sch\u00fctzt die F\u00fc\u00dfe vor \u00dcberlastung bei heftigen Bewegungen.<\/li>\n<li><strong>Schockabsorption:<\/strong> Reduziert den Aufprall und sorgt f\u00fcr Komfort bei hochintensiven Sportarten.<\/li>\n<li><strong>Atmungsaktiv und feuchtigkeitsableitend:<\/strong> H\u00e4lt die F\u00fc\u00dfe trocken und frisch und verhindert Geruchsbildung.<\/li>\n<li><strong>Rutschfestes Design:<\/strong> Verbesserte Griffigkeit verhindert ein Abrutschen des Fu\u00dfes und gew\u00e4hrleistet einen sicheren Sitz.<\/li>\n<li><strong>Ultrad\u00fcnn und leicht:<\/strong> Bietet maximalen Komfort ohne zus\u00e4tzliche Masse.<\/li>\n<\/ul>","protected":false},"featured_media":1737,"comment_status":"open","ping_status":"closed","template":"","meta":{"_kadence_starter_templates_imported_post":false,"_kad_post_transparent":"default","_kad_post_title":"","_kad_post_layout":"default","_kad_post_sidebar_id":"","_kad_post_content_style":"default","_kad_post_vertical_padding":"default","_kad_post_feature":"","_kad_post_feature_position":"","_kad_post_header":false,"_kad_post_footer":false},"product_brand":[],"product_cat":[22,235,240],"product_tag":[51,49,47,50],"class_list":{"0":"post-1525","1":"product","2":"type-product","3":"status-publish","4":"has-post-thumbnail","6":"product_cat-carbon-fiber-insoles","7":"product_cat-carbon-fiber-insoles-football","8":"product_cat-carbon-fiber-insoles-soccer","9":"product_tag-carbon-fiber-foot-insoles","10":"product_tag-carbon-fiber-insole","11":"product_tag-carbon-fiber-insoles","12":"product_tag-carbon-fiber-shoe-insoles","13":"pa_us-ca-size-m10-5-w12-5-285mm","14":"pa_us-ca-size-m10-w12","15":"pa_us-ca-size-m11-5-w13-5-295mm","16":"pa_us-ca-size-m11-w13","17":"pa_us-ca-size-m5-5-w7-5-245mm","18":"pa_us-ca-size-m5-w7","19":"pa_us-ca-size-m6-w8","20":"pa_us-ca-size-m7-5-w9-5-260mm","21":"pa_us-ca-size-m7-w9","22":"pa_us-ca-size-m8-5-w10-5-270mm","23":"pa_us-ca-size-m8-w10","24":"pa_us-ca-size-m9-w11","26":"first","27":"instock","28":"shipping-taxable","29":"purchasable","30":"product-type-variable","31":"entry","32":"content-bg","33":"loop-entry"},"aioseo_notices":[],"_links":{"self":[{"href":"https:\/\/www.carbonfiberinsoles.shop\/de\/wp-json\/wp\/v2\/product\/1525","targetHints":{"allow":["GET"]}}],"collection":[{"href":"https:\/\/www.carbonfiberinsoles.shop\/de\/wp-json\/wp\/v2\/product"}],"about":[{"href":"https:\/\/www.carbonfiberinsoles.shop\/de\/wp-json\/wp\/v2\/types\/product"}],"replies":[{"embeddable":true,"href":"https:\/\/www.carbonfiberinsoles.shop\/de\/wp-json\/wp\/v2\/comments?post=1525"}],"version-history":[{"count":0,"href":"https:\/\/www.carbonfiberinsoles.shop\/de\/wp-json\/wp\/v2\/product\/1525\/revisions"}],"wp:featuredmedia":[{"embeddable":true,"href":"https:\/\/www.carbonfiberinsoles.shop\/de\/wp-json\/wp\/v2\/media\/1737"}],"wp:attachment":[{"href":"https:\/\/www.carbonfiberinsoles.shop\/de\/wp-json\/wp\/v2\/media?parent=1525"}],"wp:term":[{"taxonomy":"product_brand","embeddable":true,"href":"https:\/\/www.carbonfiberinsoles.shop\/de\/wp-json\/wp\/v2\/product_brand?post=1525"},{"taxonomy":"product_cat","embeddable":true,"href":"https:\/\/www.carbonfiberinsoles.shop\/de\/wp-json\/wp\/v2\/product_cat?post=1525"},{"taxonomy":"product_tag","embeddable":true,"href":"https:\/\/www.carbonfiberinsoles.shop\/de\/wp-json\/wp\/v2\/product_tag?post=1525"}],"curies":[{"name":"wp","href":"https:\/\/api.w.org\/{rel}","templated":true}]}}