{"id":19544,"date":"2025-05-05T07:56:21","date_gmt":"2025-05-05T07:56:21","guid":{"rendered":"https:\/\/carbonfiberinsoles.shop\/?post_type=product&#038;p=19544"},"modified":"2026-03-30T08:02:36","modified_gmt":"2026-03-30T08:02:36","slug":"health-carbon-speed-km3-racing-shoes-professional-track-and-field-training-shoes","status":"publish","type":"product","link":"https:\/\/carbonfiberinsoles.shop\/de\/produkt\/health-carbon-speed-km3-racing-shoes-professional-track-and-field-training-shoes\/","title":{"rendered":"HYPER KM3 Carbon Speed Racing Schuhe - Leichtathletik"},"content":{"rendered":"<h4>1. \u00dcberblick<\/h4>\n<div class=\"auto-hide-last-sibling-br paragraph-qzbcQC paragraph-element br-paragraph-space\">Die HEALTH Carbon Speed KM3 Racing Schuhe sind das Ergebnis einer kontinuierlichen Innovation im Bereich der Sportschuhe. Seit der Gr\u00fcndung der Marke im Jahr 1984, spezialisiert auf Sportpr\u00fcfung - fokussiert Schuhe, die KM3 baut auf das Erbe seines Vorg\u00e4ngers, KM2. Er wurde entwickelt, um die Anforderungen von Hochgeschwindigkeitsrennen und hartem Leichtathletiktraining zu erf\u00fcllen.<\/div>\n<h4 class=\"header-jfw95c auto-hide-last-sibling-br\">2. Spezifikationen<\/h4>\n<ul class=\"auto-hide-last-sibling-br\">\n<li><strong>Obermaterial<\/strong>: Spezielle Hi - Knit hoch - Festigkeit Garn weben, mit zwei - Dichte Materialien f\u00fcr eine atmungsaktive und langlebige Schuh - Oberfl\u00e4che.<\/li>\n<li><strong>Zwischensohle<\/strong>: HiFoam supercritical foaming Zwischensohle mit dual - Dichte Design. Die obere Schicht hat eine H\u00e4rte von 40c f\u00fcr weiche D\u00e4mpfung und Energie Feedback, w\u00e4hrend die untere Schicht mit einer H\u00e4rte von 50c bietet Stabilit\u00e4t und Unterst\u00fctzung.<\/li>\n<li><strong>Laufsohle<\/strong>: Rennreifen-Laufsohle mit rutschfesten KPU-Partikeln f\u00fcr hervorragenden Grip.<\/li>\n<li><strong>Kohlenstoffplatte<\/strong>: Durchgehend verst\u00e4rkte Rippenplatte aus Carbon mit einer Dicke von bis zu 1,2 mm, die eine hervorragende Torsionsfestigkeit und Vorw\u00e4rtskraft bietet.<\/li>\n<\/ul>\n<hr \/>\n<p><img fetchpriority=\"high\" decoding=\"async\" class=\"aligncenter wp-image-20100 size-full\" src=\"https:\/\/carbonfiberinsoles.shop\/wp-content\/uploads\/2025\/05\/carbon-plate-shoes-6_1_1_1.jpg\" alt=\"\" width=\"776\" height=\"1200\" srcset=\"https:\/\/carbonfiberinsoles.shop\/wp-content\/uploads\/2025\/05\/carbon-plate-shoes-6_1_1_1.jpg 776w, https:\/\/carbonfiberinsoles.shop\/wp-content\/uploads\/2025\/05\/carbon-plate-shoes-6_1_1_1-430x665.jpg 430w, https:\/\/carbonfiberinsoles.shop\/wp-content\/uploads\/2025\/05\/carbon-plate-shoes-6_1_1_1-700x1082.jpg 700w, https:\/\/carbonfiberinsoles.shop\/wp-content\/uploads\/2025\/05\/carbon-plate-shoes-6_1_1_1-194x300.jpg 194w, https:\/\/carbonfiberinsoles.shop\/wp-content\/uploads\/2025\/05\/carbon-plate-shoes-6_1_1_1-517x800.jpg 517w, https:\/\/carbonfiberinsoles.shop\/wp-content\/uploads\/2025\/05\/carbon-plate-shoes-6_1_1_1-768x1188.jpg 768w, https:\/\/carbonfiberinsoles.shop\/wp-content\/uploads\/2025\/05\/carbon-plate-shoes-6_1_1_1-8x12.jpg 8w\" sizes=\"(max-width: 776px) 100vw, 776px\" \/> <img decoding=\"async\" class=\"aligncenter wp-image-20103 size-full\" src=\"https:\/\/carbonfiberinsoles.shop\/wp-content\/uploads\/2025\/05\/carbon-plate-shoes-9_1_1_1.jpg\" alt=\"\" width=\"996\" height=\"1200\" srcset=\"https:\/\/carbonfiberinsoles.shop\/wp-content\/uploads\/2025\/05\/carbon-plate-shoes-9_1_1_1.jpg 996w, https:\/\/carbonfiberinsoles.shop\/wp-content\/uploads\/2025\/05\/carbon-plate-shoes-9_1_1_1-430x518.jpg 430w, https:\/\/carbonfiberinsoles.shop\/wp-content\/uploads\/2025\/05\/carbon-plate-shoes-9_1_1_1-700x843.jpg 700w, https:\/\/carbonfiberinsoles.shop\/wp-content\/uploads\/2025\/05\/carbon-plate-shoes-9_1_1_1-249x300.jpg 249w, https:\/\/carbonfiberinsoles.shop\/wp-content\/uploads\/2025\/05\/carbon-plate-shoes-9_1_1_1-664x800.jpg 664w, https:\/\/carbonfiberinsoles.shop\/wp-content\/uploads\/2025\/05\/carbon-plate-shoes-9_1_1_1-768x925.jpg 768w, https:\/\/carbonfiberinsoles.shop\/wp-content\/uploads\/2025\/05\/carbon-plate-shoes-9_1_1_1-10x12.jpg 10w\" sizes=\"(max-width: 996px) 100vw, 996px\" \/> <img decoding=\"async\" class=\"aligncenter wp-image-20096 size-full\" src=\"https:\/\/carbonfiberinsoles.shop\/wp-content\/uploads\/2025\/05\/carbon-plate-shoes-2_1_1_1.jpg\" alt=\"\" width=\"786\" height=\"1200\" srcset=\"https:\/\/carbonfiberinsoles.shop\/wp-content\/uploads\/2025\/05\/carbon-plate-shoes-2_1_1_1.jpg 786w, https:\/\/carbonfiberinsoles.shop\/wp-content\/uploads\/2025\/05\/carbon-plate-shoes-2_1_1_1-430x656.jpg 430w, https:\/\/carbonfiberinsoles.shop\/wp-content\/uploads\/2025\/05\/carbon-plate-shoes-2_1_1_1-700x1069.jpg 700w, https:\/\/carbonfiberinsoles.shop\/wp-content\/uploads\/2025\/05\/carbon-plate-shoes-2_1_1_1-197x300.jpg 197w, https:\/\/carbonfiberinsoles.shop\/wp-content\/uploads\/2025\/05\/carbon-plate-shoes-2_1_1_1-524x800.jpg 524w, https:\/\/carbonfiberinsoles.shop\/wp-content\/uploads\/2025\/05\/carbon-plate-shoes-2_1_1_1-768x1173.jpg 768w, https:\/\/carbonfiberinsoles.shop\/wp-content\/uploads\/2025\/05\/carbon-plate-shoes-2_1_1_1-8x12.jpg 8w\" sizes=\"(max-width: 786px) 100vw, 786px\" \/> <img loading=\"lazy\" decoding=\"async\" class=\"aligncenter wp-image-20104 size-full\" src=\"https:\/\/carbonfiberinsoles.shop\/wp-content\/uploads\/2025\/05\/carbon-plate-shoes-10_1_1_1.jpg\" alt=\"\" width=\"776\" height=\"1200\" srcset=\"https:\/\/carbonfiberinsoles.shop\/wp-content\/uploads\/2025\/05\/carbon-plate-shoes-10_1_1_1.jpg 776w, https:\/\/carbonfiberinsoles.shop\/wp-content\/uploads\/2025\/05\/carbon-plate-shoes-10_1_1_1-430x665.jpg 430w, https:\/\/carbonfiberinsoles.shop\/wp-content\/uploads\/2025\/05\/carbon-plate-shoes-10_1_1_1-700x1082.jpg 700w, https:\/\/carbonfiberinsoles.shop\/wp-content\/uploads\/2025\/05\/carbon-plate-shoes-10_1_1_1-194x300.jpg 194w, https:\/\/carbonfiberinsoles.shop\/wp-content\/uploads\/2025\/05\/carbon-plate-shoes-10_1_1_1-517x800.jpg 517w, https:\/\/carbonfiberinsoles.shop\/wp-content\/uploads\/2025\/05\/carbon-plate-shoes-10_1_1_1-768x1188.jpg 768w, https:\/\/carbonfiberinsoles.shop\/wp-content\/uploads\/2025\/05\/carbon-plate-shoes-10_1_1_1-8x12.jpg 8w\" sizes=\"(max-width: 776px) 100vw, 776px\" \/> <img loading=\"lazy\" decoding=\"async\" class=\"aligncenter wp-image-20102 size-full\" src=\"https:\/\/carbonfiberinsoles.shop\/wp-content\/uploads\/2025\/05\/carbon-plate-shoes-8_1_1_1.jpg\" alt=\"\" width=\"790\" height=\"1160\" srcset=\"https:\/\/carbonfiberinsoles.shop\/wp-content\/uploads\/2025\/05\/carbon-plate-shoes-8_1_1_1.jpg 790w, https:\/\/carbonfiberinsoles.shop\/wp-content\/uploads\/2025\/05\/carbon-plate-shoes-8_1_1_1-430x631.jpg 430w, https:\/\/carbonfiberinsoles.shop\/wp-content\/uploads\/2025\/05\/carbon-plate-shoes-8_1_1_1-700x1028.jpg 700w, https:\/\/carbonfiberinsoles.shop\/wp-content\/uploads\/2025\/05\/carbon-plate-shoes-8_1_1_1-204x300.jpg 204w, https:\/\/carbonfiberinsoles.shop\/wp-content\/uploads\/2025\/05\/carbon-plate-shoes-8_1_1_1-545x800.jpg 545w, https:\/\/carbonfiberinsoles.shop\/wp-content\/uploads\/2025\/05\/carbon-plate-shoes-8_1_1_1-768x1128.jpg 768w, https:\/\/carbonfiberinsoles.shop\/wp-content\/uploads\/2025\/05\/carbon-plate-shoes-8_1_1_1-8x12.jpg 8w\" sizes=\"(max-width: 790px) 100vw, 790px\" \/> <img loading=\"lazy\" decoding=\"async\" class=\"aligncenter wp-image-20099 size-full\" src=\"https:\/\/carbonfiberinsoles.shop\/wp-content\/uploads\/2025\/05\/carbon-plate-shoes-5_1_1_1.jpg\" alt=\"\" width=\"776\" height=\"1200\" srcset=\"https:\/\/carbonfiberinsoles.shop\/wp-content\/uploads\/2025\/05\/carbon-plate-shoes-5_1_1_1.jpg 776w, https:\/\/carbonfiberinsoles.shop\/wp-content\/uploads\/2025\/05\/carbon-plate-shoes-5_1_1_1-430x665.jpg 430w, https:\/\/carbonfiberinsoles.shop\/wp-content\/uploads\/2025\/05\/carbon-plate-shoes-5_1_1_1-700x1082.jpg 700w, https:\/\/carbonfiberinsoles.shop\/wp-content\/uploads\/2025\/05\/carbon-plate-shoes-5_1_1_1-194x300.jpg 194w, https:\/\/carbonfiberinsoles.shop\/wp-content\/uploads\/2025\/05\/carbon-plate-shoes-5_1_1_1-517x800.jpg 517w, https:\/\/carbonfiberinsoles.shop\/wp-content\/uploads\/2025\/05\/carbon-plate-shoes-5_1_1_1-768x1188.jpg 768w, https:\/\/carbonfiberinsoles.shop\/wp-content\/uploads\/2025\/05\/carbon-plate-shoes-5_1_1_1-8x12.jpg 8w\" sizes=\"(max-width: 776px) 100vw, 776px\" \/> <img loading=\"lazy\" decoding=\"async\" class=\"aligncenter wp-image-20107 size-full\" src=\"https:\/\/carbonfiberinsoles.shop\/wp-content\/uploads\/2025\/05\/carbon-plate-shoes-13_1_1_1.jpg\" alt=\"\" width=\"776\" height=\"1691\" srcset=\"https:\/\/carbonfiberinsoles.shop\/wp-content\/uploads\/2025\/05\/carbon-plate-shoes-13_1_1_1.jpg 776w, https:\/\/carbonfiberinsoles.shop\/wp-content\/uploads\/2025\/05\/carbon-plate-shoes-13_1_1_1-430x937.jpg 430w, https:\/\/carbonfiberinsoles.shop\/wp-content\/uploads\/2025\/05\/carbon-plate-shoes-13_1_1_1-700x1525.jpg 700w, https:\/\/carbonfiberinsoles.shop\/wp-content\/uploads\/2025\/05\/carbon-plate-shoes-13_1_1_1-138x300.jpg 138w, https:\/\/carbonfiberinsoles.shop\/wp-content\/uploads\/2025\/05\/carbon-plate-shoes-13_1_1_1-367x800.jpg 367w, https:\/\/carbonfiberinsoles.shop\/wp-content\/uploads\/2025\/05\/carbon-plate-shoes-13_1_1_1-768x1674.jpg 768w, https:\/\/carbonfiberinsoles.shop\/wp-content\/uploads\/2025\/05\/carbon-plate-shoes-13_1_1_1-705x1536.jpg 705w, https:\/\/carbonfiberinsoles.shop\/wp-content\/uploads\/2025\/05\/carbon-plate-shoes-13_1_1_1-6x12.jpg 6w\" sizes=\"(max-width: 776px) 100vw, 776px\" \/> <img loading=\"lazy\" decoding=\"async\" class=\"aligncenter wp-image-20101 size-full\" src=\"https:\/\/carbonfiberinsoles.shop\/wp-content\/uploads\/2025\/05\/carbon-plate-shoes-7_1_1_1.jpg\" alt=\"\" width=\"776\" height=\"1475\" srcset=\"https:\/\/carbonfiberinsoles.shop\/wp-content\/uploads\/2025\/05\/carbon-plate-shoes-7_1_1_1.jpg 776w, https:\/\/carbonfiberinsoles.shop\/wp-content\/uploads\/2025\/05\/carbon-plate-shoes-7_1_1_1-430x817.jpg 430w, https:\/\/carbonfiberinsoles.shop\/wp-content\/uploads\/2025\/05\/carbon-plate-shoes-7_1_1_1-700x1331.jpg 700w, https:\/\/carbonfiberinsoles.shop\/wp-content\/uploads\/2025\/05\/carbon-plate-shoes-7_1_1_1-158x300.jpg 158w, https:\/\/carbonfiberinsoles.shop\/wp-content\/uploads\/2025\/05\/carbon-plate-shoes-7_1_1_1-421x800.jpg 421w, https:\/\/carbonfiberinsoles.shop\/wp-content\/uploads\/2025\/05\/carbon-plate-shoes-7_1_1_1-768x1460.jpg 768w, https:\/\/carbonfiberinsoles.shop\/wp-content\/uploads\/2025\/05\/carbon-plate-shoes-7_1_1_1-6x12.jpg 6w\" sizes=\"(max-width: 776px) 100vw, 776px\" \/> <img loading=\"lazy\" decoding=\"async\" class=\"aligncenter wp-image-20097 size-full\" src=\"https:\/\/carbonfiberinsoles.shop\/wp-content\/uploads\/2025\/05\/carbon-plate-shoes-3_1_1_1.jpg\" alt=\"\" width=\"776\" height=\"1200\" srcset=\"https:\/\/carbonfiberinsoles.shop\/wp-content\/uploads\/2025\/05\/carbon-plate-shoes-3_1_1_1.jpg 776w, https:\/\/carbonfiberinsoles.shop\/wp-content\/uploads\/2025\/05\/carbon-plate-shoes-3_1_1_1-430x665.jpg 430w, https:\/\/carbonfiberinsoles.shop\/wp-content\/uploads\/2025\/05\/carbon-plate-shoes-3_1_1_1-700x1082.jpg 700w, https:\/\/carbonfiberinsoles.shop\/wp-content\/uploads\/2025\/05\/carbon-plate-shoes-3_1_1_1-194x300.jpg 194w, https:\/\/carbonfiberinsoles.shop\/wp-content\/uploads\/2025\/05\/carbon-plate-shoes-3_1_1_1-517x800.jpg 517w, https:\/\/carbonfiberinsoles.shop\/wp-content\/uploads\/2025\/05\/carbon-plate-shoes-3_1_1_1-768x1188.jpg 768w, https:\/\/carbonfiberinsoles.shop\/wp-content\/uploads\/2025\/05\/carbon-plate-shoes-3_1_1_1-8x12.jpg 8w\" sizes=\"(max-width: 776px) 100vw, 776px\" \/> <img loading=\"lazy\" decoding=\"async\" class=\"aligncenter wp-image-20106 size-full\" src=\"https:\/\/carbonfiberinsoles.shop\/wp-content\/uploads\/2025\/05\/carbon-plate-shoes-12_1_1_1.jpg\" alt=\"\" width=\"776\" height=\"1200\" srcset=\"https:\/\/carbonfiberinsoles.shop\/wp-content\/uploads\/2025\/05\/carbon-plate-shoes-12_1_1_1.jpg 776w, https:\/\/carbonfiberinsoles.shop\/wp-content\/uploads\/2025\/05\/carbon-plate-shoes-12_1_1_1-430x665.jpg 430w, https:\/\/carbonfiberinsoles.shop\/wp-content\/uploads\/2025\/05\/carbon-plate-shoes-12_1_1_1-700x1082.jpg 700w, https:\/\/carbonfiberinsoles.shop\/wp-content\/uploads\/2025\/05\/carbon-plate-shoes-12_1_1_1-194x300.jpg 194w, https:\/\/carbonfiberinsoles.shop\/wp-content\/uploads\/2025\/05\/carbon-plate-shoes-12_1_1_1-517x800.jpg 517w, https:\/\/carbonfiberinsoles.shop\/wp-content\/uploads\/2025\/05\/carbon-plate-shoes-12_1_1_1-768x1188.jpg 768w, https:\/\/carbonfiberinsoles.shop\/wp-content\/uploads\/2025\/05\/carbon-plate-shoes-12_1_1_1-8x12.jpg 8w\" sizes=\"(max-width: 776px) 100vw, 776px\" \/> <img loading=\"lazy\" decoding=\"async\" class=\"aligncenter wp-image-20098 size-full\" src=\"https:\/\/carbonfiberinsoles.shop\/wp-content\/uploads\/2025\/05\/carbon-plate-shoes-4_1_1_1.jpg\" alt=\"\" width=\"880\" height=\"2257\" srcset=\"https:\/\/carbonfiberinsoles.shop\/wp-content\/uploads\/2025\/05\/carbon-plate-shoes-4_1_1_1.jpg 880w, https:\/\/carbonfiberinsoles.shop\/wp-content\/uploads\/2025\/05\/carbon-plate-shoes-4_1_1_1-430x1103.jpg 430w, https:\/\/carbonfiberinsoles.shop\/wp-content\/uploads\/2025\/05\/carbon-plate-shoes-4_1_1_1-700x1795.jpg 700w, https:\/\/carbonfiberinsoles.shop\/wp-content\/uploads\/2025\/05\/carbon-plate-shoes-4_1_1_1-117x300.jpg 117w, https:\/\/carbonfiberinsoles.shop\/wp-content\/uploads\/2025\/05\/carbon-plate-shoes-4_1_1_1-312x800.jpg 312w, https:\/\/carbonfiberinsoles.shop\/wp-content\/uploads\/2025\/05\/carbon-plate-shoes-4_1_1_1-768x1970.jpg 768w, https:\/\/carbonfiberinsoles.shop\/wp-content\/uploads\/2025\/05\/carbon-plate-shoes-4_1_1_1-599x1536.jpg 599w, https:\/\/carbonfiberinsoles.shop\/wp-content\/uploads\/2025\/05\/carbon-plate-shoes-4_1_1_1-799x2048.jpg 799w, https:\/\/carbonfiberinsoles.shop\/wp-content\/uploads\/2025\/05\/carbon-plate-shoes-4_1_1_1-5x12.jpg 5w\" sizes=\"(max-width: 880px) 100vw, 880px\" \/> <img loading=\"lazy\" decoding=\"async\" class=\"aligncenter wp-image-20095 size-full\" src=\"https:\/\/carbonfiberinsoles.shop\/wp-content\/uploads\/2025\/05\/carbon-plate-shoes-1_1_1_1.jpg\" alt=\"\" width=\"776\" height=\"2291\" srcset=\"https:\/\/carbonfiberinsoles.shop\/wp-content\/uploads\/2025\/05\/carbon-plate-shoes-1_1_1_1.jpg 776w, https:\/\/carbonfiberinsoles.shop\/wp-content\/uploads\/2025\/05\/carbon-plate-shoes-1_1_1_1-430x1269.jpg 430w, https:\/\/carbonfiberinsoles.shop\/wp-content\/uploads\/2025\/05\/carbon-plate-shoes-1_1_1_1-700x2067.jpg 700w, https:\/\/carbonfiberinsoles.shop\/wp-content\/uploads\/2025\/05\/carbon-plate-shoes-1_1_1_1-102x300.jpg 102w, https:\/\/carbonfiberinsoles.shop\/wp-content\/uploads\/2025\/05\/carbon-plate-shoes-1_1_1_1-271x800.jpg 271w, https:\/\/carbonfiberinsoles.shop\/wp-content\/uploads\/2025\/05\/carbon-plate-shoes-1_1_1_1-768x2267.jpg 768w, https:\/\/carbonfiberinsoles.shop\/wp-content\/uploads\/2025\/05\/carbon-plate-shoes-1_1_1_1-520x1536.jpg 520w, https:\/\/carbonfiberinsoles.shop\/wp-content\/uploads\/2025\/05\/carbon-plate-shoes-1_1_1_1-694x2048.jpg 694w, https:\/\/carbonfiberinsoles.shop\/wp-content\/uploads\/2025\/05\/carbon-plate-shoes-1_1_1_1-4x12.jpg 4w\" sizes=\"(max-width: 776px) 100vw, 776px\" \/> <img loading=\"lazy\" decoding=\"async\" class=\"aligncenter wp-image-20108 size-full\" src=\"https:\/\/carbonfiberinsoles.shop\/wp-content\/uploads\/2025\/05\/carbon-plate-shoes-14_1_1_1.jpg\" alt=\"\" width=\"776\" height=\"1200\" srcset=\"https:\/\/carbonfiberinsoles.shop\/wp-content\/uploads\/2025\/05\/carbon-plate-shoes-14_1_1_1.jpg 776w, https:\/\/carbonfiberinsoles.shop\/wp-content\/uploads\/2025\/05\/carbon-plate-shoes-14_1_1_1-430x665.jpg 430w, https:\/\/carbonfiberinsoles.shop\/wp-content\/uploads\/2025\/05\/carbon-plate-shoes-14_1_1_1-700x1082.jpg 700w, https:\/\/carbonfiberinsoles.shop\/wp-content\/uploads\/2025\/05\/carbon-plate-shoes-14_1_1_1-194x300.jpg 194w, https:\/\/carbonfiberinsoles.shop\/wp-content\/uploads\/2025\/05\/carbon-plate-shoes-14_1_1_1-517x800.jpg 517w, https:\/\/carbonfiberinsoles.shop\/wp-content\/uploads\/2025\/05\/carbon-plate-shoes-14_1_1_1-768x1188.jpg 768w, https:\/\/carbonfiberinsoles.shop\/wp-content\/uploads\/2025\/05\/carbon-plate-shoes-14_1_1_1-8x12.jpg 8w\" sizes=\"(max-width: 776px) 100vw, 776px\" \/> <img loading=\"lazy\" decoding=\"async\" class=\"aligncenter wp-image-20105 size-full\" src=\"https:\/\/carbonfiberinsoles.shop\/wp-content\/uploads\/2025\/05\/carbon-plate-shoes-11_1_1_1.jpg\" alt=\"\" width=\"776\" height=\"764\" srcset=\"https:\/\/carbonfiberinsoles.shop\/wp-content\/uploads\/2025\/05\/carbon-plate-shoes-11_1_1_1.jpg 776w, https:\/\/carbonfiberinsoles.shop\/wp-content\/uploads\/2025\/05\/carbon-plate-shoes-11_1_1_1-430x423.jpg 430w, https:\/\/carbonfiberinsoles.shop\/wp-content\/uploads\/2025\/05\/carbon-plate-shoes-11_1_1_1-150x148.jpg 150w, https:\/\/carbonfiberinsoles.shop\/wp-content\/uploads\/2025\/05\/carbon-plate-shoes-11_1_1_1-700x689.jpg 700w, https:\/\/carbonfiberinsoles.shop\/wp-content\/uploads\/2025\/05\/carbon-plate-shoes-11_1_1_1-305x300.jpg 305w, https:\/\/carbonfiberinsoles.shop\/wp-content\/uploads\/2025\/05\/carbon-plate-shoes-11_1_1_1-768x756.jpg 768w, https:\/\/carbonfiberinsoles.shop\/wp-content\/uploads\/2025\/05\/carbon-plate-shoes-11_1_1_1-12x12.jpg 12w\" sizes=\"(max-width: 776px) 100vw, 776px\" \/><\/p>\n<p><img loading=\"lazy\" decoding=\"async\" class=\"wp-image-19589 size-full aligncenter\" src=\"https:\/\/carbonfiberinsoles.shop\/wp-content\/uploads\/2025\/05\/shoes-size-guide.png\" alt=\"Anleitung zur Schuhgr\u00f6\u00dfe\" width=\"754\" height=\"529\" srcset=\"https:\/\/carbonfiberinsoles.shop\/wp-content\/uploads\/2025\/05\/shoes-size-guide.png 754w, https:\/\/carbonfiberinsoles.shop\/wp-content\/uploads\/2025\/05\/shoes-size-guide-430x302.png 430w, https:\/\/carbonfiberinsoles.shop\/wp-content\/uploads\/2025\/05\/shoes-size-guide-700x491.png 700w, https:\/\/carbonfiberinsoles.shop\/wp-content\/uploads\/2025\/05\/shoes-size-guide-400x281.png 400w, https:\/\/carbonfiberinsoles.shop\/wp-content\/uploads\/2025\/05\/shoes-size-guide-18x12.png 18w\" sizes=\"(max-width: 754px) 100vw, 754px\" \/><\/p>\n<p>&nbsp;<\/p>\n<hr \/>\n<h4 class=\"header-jfw95c auto-hide-last-sibling-br\">3. Merkmale<\/h4>\n<ul class=\"auto-hide-last-sibling-br\">\n<li><strong>R\u00fcckprall und Vortrieb<\/strong>: Im Vergleich zum KM2 wurde die Rebound-Performance um 20,0% und die Propulsion-Performance um 58% verbessert. Die durchgehende Carbonplatte und die superkritische, gesch\u00e4umte Zwischensohle arbeiten zusammen, um eine hervorragende Energier\u00fcckgabe zu gew\u00e4hrleisten.<\/li>\n<li><strong>Leicht und atmungsaktiv<\/strong>: Das Hi - Knit Obermaterial sorgt f\u00fcr Atmungsaktivit\u00e4t, und das Gesamtdesign des Schuhs reduziert das Gewicht, so dass es leicht ist, sich schnell zu bewegen.<\/li>\n<li><strong>Stabilit\u00e4t und Griffigkeit<\/strong>: Die Dual-Density-Zwischensohle sorgt f\u00fcr Stabilit\u00e4t, und die Laufsohle mit KPU-Partikeln im Rennreifenmuster bietet starke Traktion, auch auf nassen Oberfl\u00e4chen.<\/li>\n<li><strong>Rollende Antriebe<\/strong>: Der Umkehrpunkt des Vorfu\u00dfes ist auf 65% der Zwischensohle festgelegt, was die Vorw\u00e4rtstr\u00e4gheit und den Laufantrieb verbessert.<\/li>\n<\/ul>\n<h4 class=\"header-jfw95c auto-hide-last-sibling-br\">4. Gr\u00fcnde f\u00fcr den Kauf<\/h4>\n<ul class=\"auto-hide-last-sibling-br\">\n<li><strong>Leistungsorientiertes Design<\/strong>: Egal, ob Sie ein professioneller Athlet sind, der f\u00fcr Leichtathletikwettk\u00e4mpfe trainiert, oder ein Student, der sich auf Sportpr\u00fcfungen vorbereitet, diese Schuhe wurden entwickelt, um Ihre Geschwindigkeit und Leistung zu verbessern.<\/li>\n<li><strong>Qualit\u00e4tssicherung<\/strong>: Mit einer Markengeschichte, die bis ins Jahr 1984 zur\u00fcckreicht, hat HEALTH eine nachgewiesene Erfolgsbilanz bei der Herstellung zuverl\u00e4ssiger Sportschuhe.<\/li>\n<li><strong>Fortschrittliche Technologie<\/strong>: Die Kombination aus Carbon-Platten-Technologie, superkritisch gesch\u00e4umter Zwischensohle und hochfestem Garn-Obermaterial stellt die neueste Innovation bei Sportschuhen dar.<\/li>\n<\/ul>\n<h4 class=\"header-jfw95c auto-hide-last-sibling-br\">5. FAQs<\/h4>\n<ul class=\"auto-hide-last-sibling-br\">\n<li><strong>F: Sind diese Schuhe f\u00fcr Langstreckenl\u00e4ufe geeignet?<\/strong>\n<ul class=\"auto-hide-last-sibling-br\">\n<li><strong>A:<\/strong>\u00a0Unbedingt. Die superkritische, gesch\u00e4umte Zwischensohle bietet hervorragende D\u00e4mpfung und Energier\u00fcckgabe und ist damit ideal f\u00fcr Langstreckenl\u00e4ufe.<\/li>\n<\/ul>\n<\/li>\n<li><strong>F: Welche Gr\u00f6\u00dfen gibt es?<\/strong>\n<ul class=\"auto-hide-last-sibling-br\">\n<li><strong>A:<\/strong>\u00a0Das Gr\u00f6\u00dfenspektrum reicht von 38 bis 46 und deckt damit ein breites Spektrum an Fu\u00dfgr\u00f6\u00dfen ab.<\/li>\n<\/ul>\n<\/li>\n<li><strong>F: Wie haltbar sind diese Schuhe?<\/strong>\n<ul class=\"auto-hide-last-sibling-br\">\n<li><strong>A:<\/strong>\u00a0Das hochfeste Hi-Knit-Obermaterial und die verschlei\u00dffeste Au\u00dfensohle mit KPU-Partikeln sorgen daf\u00fcr, dass diese Schuhe f\u00fcr intensive Trainings- und Rennsessions gebaut sind.<\/li>\n<\/ul>\n<\/li>\n<\/ul>\n<hr class=\"\" data-start=\"3358\" data-end=\"3361\" \/>\n<p class=\"\" data-start=\"3382\" data-end=\"3647\">","protected":false},"excerpt":{"rendered":"<p>Die HEALTH Carbon Speed KM3 Racing Schuhe sind erstklassige Sportschuhe, die f\u00fcr ernsthaftes Leichtathletiktraining und Rennen entwickelt wurden. Ausgestattet mit fortschrittlicher Carbon - Platten - Technologie, bieten sie unvergleichlichen Vortrieb und Stabilit\u00e4t.<\/p>","protected":false},"featured_media":19548,"comment_status":"open","ping_status":"closed","template":"","meta":{"_kadence_starter_templates_imported_post":false,"_kad_post_transparent":"","_kad_post_title":"","_kad_post_layout":"","_kad_post_sidebar_id":"","_kad_post_content_style":"","_kad_post_vertical_padding":"","_kad_post_feature":"","_kad_post_feature_position":"","_kad_post_header":false,"_kad_post_footer":false},"product_brand":[486],"product_cat":[253,252,485],"product_tag":[373,254,257,349,333,372,344,326],"class_list":{"0":"post-19544","1":"product","2":"type-product","3":"status-publish","4":"has-post-thumbnail","6":"product_brand-health","7":"product_cat-carbon-plate-running-shoes","8":"product_cat-carbon-shoes","9":"product_cat-health-shoes","10":"product_tag-anti-slip-shoes","11":"product_tag-carbon-plate-running-shoes","12":"product_tag-carbon-plated-shoes","13":"product_tag-racing-shoes","14":"product_tag-shock-absorbing-shoes","15":"product_tag-sports-shoes","16":"product_tag-track-and-field-shoes","17":"product_tag-training-shoes","19":"first","20":"instock","21":"shipping-taxable","22":"purchasable","23":"product-type-variable","24":"entry","25":"content-bg","26":"loop-entry"},"aioseo_notices":[],"_links":{"self":[{"href":"https:\/\/carbonfiberinsoles.shop\/de\/wp-json\/wp\/v2\/product\/19544","targetHints":{"allow":["GET"]}}],"collection":[{"href":"https:\/\/carbonfiberinsoles.shop\/de\/wp-json\/wp\/v2\/product"}],"about":[{"href":"https:\/\/carbonfiberinsoles.shop\/de\/wp-json\/wp\/v2\/types\/product"}],"replies":[{"embeddable":true,"href":"https:\/\/carbonfiberinsoles.shop\/de\/wp-json\/wp\/v2\/comments?post=19544"}],"version-history":[{"count":1,"href":"https:\/\/carbonfiberinsoles.shop\/de\/wp-json\/wp\/v2\/product\/19544\/revisions"}],"predecessor-version":[{"id":21586,"href":"https:\/\/carbonfiberinsoles.shop\/de\/wp-json\/wp\/v2\/product\/19544\/revisions\/21586"}],"wp:featuredmedia":[{"embeddable":true,"href":"https:\/\/carbonfiberinsoles.shop\/de\/wp-json\/wp\/v2\/media\/19548"}],"wp:attachment":[{"href":"https:\/\/carbonfiberinsoles.shop\/de\/wp-json\/wp\/v2\/media?parent=19544"}],"wp:term":[{"taxonomy":"product_brand","embeddable":true,"href":"https:\/\/carbonfiberinsoles.shop\/de\/wp-json\/wp\/v2\/product_brand?post=19544"},{"taxonomy":"product_cat","embeddable":true,"href":"https:\/\/carbonfiberinsoles.shop\/de\/wp-json\/wp\/v2\/product_cat?post=19544"},{"taxonomy":"product_tag","embeddable":true,"href":"https:\/\/carbonfiberinsoles.shop\/de\/wp-json\/wp\/v2\/product_tag?post=19544"}],"curies":[{"name":"wp","href":"https:\/\/api.w.org\/{rel}","templated":true}]}}