{"id":20182,"date":"2025-05-21T15:48:38","date_gmt":"2025-05-21T15:48:38","guid":{"rendered":"https:\/\/www.carbonfiberinsoles.shop\/?post_type=product&#038;p=20182"},"modified":"2026-03-30T07:58:31","modified_gmt":"2026-03-30T07:58:31","slug":"tlss-full-length-carbon-fiber-insoles-shock-absorbing-breathable-performance-insoles-for-soccer-sports","status":"publish","type":"product","link":"https:\/\/www.carbonfiberinsoles.shop\/de\/produkt\/tlss-full-length-carbon-fiber-insoles-shock-absorbing-breathable-performance-insoles-for-soccer-sports\/","title":{"rendered":"TLSS Full-Length Carbon Fiber Einlegesohlen - Sto\u00dfd\u00e4mpfende Fu\u00dfball-Einlegesohlen"},"content":{"rendered":"<h3 class=\"\" data-start=\"878\" data-end=\"898\"><strong data-start=\"882\" data-end=\"898\">\ud83d\udd0e \u00dcberblick:<\/strong><\/h3>\n<p class=\"\" data-start=\"899\" data-end=\"1353\">Die <strong data-start=\"903\" data-end=\"944\">Tlss Carbonfaser-Einlegesohlen in voller L\u00e4nge<\/strong> sind eine erstklassige Einlegesohlenl\u00f6sung f\u00fcr Sportler, die eine pr\u00e4zise Unterst\u00fctzung von der Ferse bis zu den Zehen ben\u00f6tigen. Entwickelt mit fortschrittlichen <strong data-start=\"1058\" data-end=\"1085\">Kohlefasertechnologie<\/strong>Diese Einlegesohlen bieten Sto\u00dfd\u00e4mpfung \u00fcber die gesamte L\u00e4nge, Fersenstabilisierung und verbesserte Atmungsaktivit\u00e4t. Sie sind ideal f\u00fcr Fu\u00dfballspieler und L\u00e4ufer und steigern die Leistung, indem sie die Fu\u00dfausrichtung beibehalten, die Erm\u00fcdung verringern und die Aufprallkr\u00e4fte bei hohen Geschwindigkeiten minimieren.<\/p>\n<hr class=\"\" data-start=\"1355\" data-end=\"1358\" \/>\n<h3 class=\"\" data-start=\"1360\" data-end=\"1386\"><strong data-start=\"1364\" data-end=\"1386\">\ud83d\udcd0 Technische Daten:<\/strong><\/h3>\n<ul data-start=\"1387\" data-end=\"1759\">\n<li class=\"\" data-start=\"1387\" data-end=\"1472\">\n<p class=\"\" data-start=\"1389\" data-end=\"1472\"><strong data-start=\"1389\" data-end=\"1402\">Material:<\/strong> Durchgehende Kohlefaserplatte, EVA-Schaum, Gel-D\u00e4mpfung, Mesh-Gewebe<\/p>\n<\/li>\n<li class=\"\" data-start=\"1473\" data-end=\"1539\">\n<p class=\"\" data-start=\"1475\" data-end=\"1539\"><strong data-start=\"1475\" data-end=\"1495\">Verf\u00fcgbare Gr\u00f6\u00dfen:<\/strong> S (36-38), M (39-41), L (42-44), XL (45-47)<\/p>\n<\/li>\n<li class=\"\" data-start=\"1540\" data-end=\"1595\">\n<p class=\"\" data-start=\"1542\" data-end=\"1595\"><strong data-start=\"1542\" data-end=\"1553\">Gewicht:<\/strong> Ultraleicht, ca. 60 g pro Einlegesohle<\/p>\n<\/li>\n<li class=\"\" data-start=\"1596\" data-end=\"1632\">\n<p class=\"\" data-start=\"1598\" data-end=\"1632\"><strong data-start=\"1598\" data-end=\"1608\">Farbe:<\/strong> Grau\/Schwarz\/Blaue Akzente<\/p>\n<\/li>\n<li class=\"\" data-start=\"1633\" data-end=\"1689\">\n<p class=\"\" data-start=\"1635\" data-end=\"1689\"><strong data-start=\"1635\" data-end=\"1643\">Verwendung:<\/strong> Fu\u00dfball, Laufen, Cross-Training, Sportschuhe<\/p>\n<\/li>\n<li class=\"\" data-start=\"1690\" data-end=\"1759\">\n<p class=\"\" data-start=\"1692\" data-end=\"1759\"><strong data-start=\"1692\" data-end=\"1703\">Entwurf:<\/strong> Passgenaue, vollst\u00e4ndige Sohlenabdeckung mit Schwerpunkt auf Fu\u00dfgew\u00f6lbe und Ferse<\/p>\n<\/li>\n<\/ul>\n<hr class=\"\" data-start=\"1761\" data-end=\"1764\" \/>\n<h3 class=\"\" data-start=\"1766\" data-end=\"1785\"><strong data-start=\"1770\" data-end=\"1785\">\u2728 Merkmale:<\/strong><\/h3>\n<ul data-start=\"1786\" data-end=\"2223\">\n<li class=\"\" data-start=\"1786\" data-end=\"1874\">\n<p class=\"\" data-start=\"1788\" data-end=\"1874\">\u2705 <strong data-start=\"1790\" data-end=\"1825\">Platte aus Kohlefaser in voller L\u00e4nge:<\/strong> F\u00f6rdert die Energier\u00fcckgabe und die strukturelle Integrit\u00e4t.<\/p>\n<\/li>\n<li class=\"\" data-start=\"1875\" data-end=\"1968\">\n<p class=\"\" data-start=\"1877\" data-end=\"1968\">\u2705 <strong data-start=\"1879\" data-end=\"1911\">Multi-Zonen-Sto\u00dfd\u00e4mpfung:<\/strong> Gel- und EVA-D\u00e4mpfung im Fersen- und Vorfu\u00dfbereich.<\/p>\n<\/li>\n<li class=\"\" data-start=\"1969\" data-end=\"2049\">\n<p class=\"\" data-start=\"1971\" data-end=\"2049\">\u2705 <strong data-start=\"1973\" data-end=\"2003\">Atmungsaktive Mesh-Oberschicht:<\/strong> Verbessert die Luftzirkulation und h\u00e4lt die F\u00fc\u00dfe k\u00fchl und trocken.<\/p>\n<\/li>\n<li class=\"\" data-start=\"2050\" data-end=\"2137\">\n<p class=\"\" data-start=\"2052\" data-end=\"2137\">\u2705 <strong data-start=\"2054\" data-end=\"2082\">Technologie zur Unterst\u00fctzung des Fu\u00dfgew\u00f6lbes:<\/strong> Reduziert die Belastung der Fu\u00dfsohle und hilft, die Fu\u00dfhaltung zu korrigieren.<\/p>\n<\/li>\n<li class=\"\" data-start=\"2138\" data-end=\"2223\">\n<p class=\"\" data-start=\"2140\" data-end=\"2223\">\u2705 <strong data-start=\"2142\" data-end=\"2165\">Ferse Wiege Design:<\/strong> Verbessert das Gleichgewicht und verhindert das Einw\u00e4rtsrollen des Fu\u00dfes.<\/p>\n<\/li>\n<\/ul>\n<p>&nbsp;<\/p>\n<p><img fetchpriority=\"high\" decoding=\"async\" class=\"wp-image-20202 size-full aligncenter\" src=\"http:\/\/www.carbonfiberinsoles.shop\/wp-content\/uploads\/2025\/05\/TLSS-Full-Length-Carbon-Fiber-Insoles-2.jpg\" alt=\"TLSS Carbonfaser-Einlegesohlen in voller L\u00e4nge\" width=\"753\" height=\"772\" srcset=\"https:\/\/www.carbonfiberinsoles.shop\/wp-content\/uploads\/2025\/05\/TLSS-Full-Length-Carbon-Fiber-Insoles-2.jpg 753w, https:\/\/www.carbonfiberinsoles.shop\/wp-content\/uploads\/2025\/05\/TLSS-Full-Length-Carbon-Fiber-Insoles-2-430x441.jpg 430w, https:\/\/www.carbonfiberinsoles.shop\/wp-content\/uploads\/2025\/05\/TLSS-Full-Length-Carbon-Fiber-Insoles-2-700x718.jpg 700w, https:\/\/www.carbonfiberinsoles.shop\/wp-content\/uploads\/2025\/05\/TLSS-Full-Length-Carbon-Fiber-Insoles-2-293x300.jpg 293w, https:\/\/www.carbonfiberinsoles.shop\/wp-content\/uploads\/2025\/05\/TLSS-Full-Length-Carbon-Fiber-Insoles-2-12x12.jpg 12w\" sizes=\"(max-width: 753px) 100vw, 753px\" \/> <img decoding=\"async\" class=\"wp-image-20203 size-full aligncenter\" src=\"http:\/\/www.carbonfiberinsoles.shop\/wp-content\/uploads\/2025\/05\/TLSS-Full-Length-Carbon-Fiber-Insoles-3.jpg\" alt=\"TLSS Carbonfaser-Einlegesohlen in voller L\u00e4nge\" width=\"800\" height=\"800\" srcset=\"https:\/\/www.carbonfiberinsoles.shop\/wp-content\/uploads\/2025\/05\/TLSS-Full-Length-Carbon-Fiber-Insoles-3.jpg 800w, https:\/\/www.carbonfiberinsoles.shop\/wp-content\/uploads\/2025\/05\/TLSS-Full-Length-Carbon-Fiber-Insoles-3-430x430.jpg 430w, https:\/\/www.carbonfiberinsoles.shop\/wp-content\/uploads\/2025\/05\/TLSS-Full-Length-Carbon-Fiber-Insoles-3-150x150.jpg 150w, https:\/\/www.carbonfiberinsoles.shop\/wp-content\/uploads\/2025\/05\/TLSS-Full-Length-Carbon-Fiber-Insoles-3-700x700.jpg 700w, https:\/\/www.carbonfiberinsoles.shop\/wp-content\/uploads\/2025\/05\/TLSS-Full-Length-Carbon-Fiber-Insoles-3-300x300.jpg 300w, https:\/\/www.carbonfiberinsoles.shop\/wp-content\/uploads\/2025\/05\/TLSS-Full-Length-Carbon-Fiber-Insoles-3-768x768.jpg 768w, https:\/\/www.carbonfiberinsoles.shop\/wp-content\/uploads\/2025\/05\/TLSS-Full-Length-Carbon-Fiber-Insoles-3-12x12.jpg 12w\" sizes=\"(max-width: 800px) 100vw, 800px\" \/><\/p>\n<p><img decoding=\"async\" class=\"wp-image-20204 size-full aligncenter\" src=\"http:\/\/www.carbonfiberinsoles.shop\/wp-content\/uploads\/2025\/05\/TLSS-Full-Length-Carbon-Fiber-Insoles-4.jpg\" alt=\"TLSS Carbonfaser-Einlegesohlen in voller L\u00e4nge\" width=\"800\" height=\"800\" srcset=\"https:\/\/www.carbonfiberinsoles.shop\/wp-content\/uploads\/2025\/05\/TLSS-Full-Length-Carbon-Fiber-Insoles-4.jpg 800w, https:\/\/www.carbonfiberinsoles.shop\/wp-content\/uploads\/2025\/05\/TLSS-Full-Length-Carbon-Fiber-Insoles-4-430x430.jpg 430w, https:\/\/www.carbonfiberinsoles.shop\/wp-content\/uploads\/2025\/05\/TLSS-Full-Length-Carbon-Fiber-Insoles-4-150x150.jpg 150w, https:\/\/www.carbonfiberinsoles.shop\/wp-content\/uploads\/2025\/05\/TLSS-Full-Length-Carbon-Fiber-Insoles-4-700x700.jpg 700w, https:\/\/www.carbonfiberinsoles.shop\/wp-content\/uploads\/2025\/05\/TLSS-Full-Length-Carbon-Fiber-Insoles-4-300x300.jpg 300w, https:\/\/www.carbonfiberinsoles.shop\/wp-content\/uploads\/2025\/05\/TLSS-Full-Length-Carbon-Fiber-Insoles-4-768x768.jpg 768w, https:\/\/www.carbonfiberinsoles.shop\/wp-content\/uploads\/2025\/05\/TLSS-Full-Length-Carbon-Fiber-Insoles-4-12x12.jpg 12w\" sizes=\"(max-width: 800px) 100vw, 800px\" \/><\/p>\n<p><img loading=\"lazy\" decoding=\"async\" class=\"wp-image-20206 size-full aligncenter\" src=\"http:\/\/www.carbonfiberinsoles.shop\/wp-content\/uploads\/2025\/05\/TLSS-Full-Length-Carbon-Fiber-Insoles-6.jpg\" alt=\"TLSS Carbonfaser-Einlegesohlen in voller L\u00e4nge\" width=\"800\" height=\"800\" srcset=\"https:\/\/www.carbonfiberinsoles.shop\/wp-content\/uploads\/2025\/05\/TLSS-Full-Length-Carbon-Fiber-Insoles-6.jpg 800w, https:\/\/www.carbonfiberinsoles.shop\/wp-content\/uploads\/2025\/05\/TLSS-Full-Length-Carbon-Fiber-Insoles-6-430x430.jpg 430w, https:\/\/www.carbonfiberinsoles.shop\/wp-content\/uploads\/2025\/05\/TLSS-Full-Length-Carbon-Fiber-Insoles-6-150x150.jpg 150w, https:\/\/www.carbonfiberinsoles.shop\/wp-content\/uploads\/2025\/05\/TLSS-Full-Length-Carbon-Fiber-Insoles-6-700x700.jpg 700w, https:\/\/www.carbonfiberinsoles.shop\/wp-content\/uploads\/2025\/05\/TLSS-Full-Length-Carbon-Fiber-Insoles-6-300x300.jpg 300w, https:\/\/www.carbonfiberinsoles.shop\/wp-content\/uploads\/2025\/05\/TLSS-Full-Length-Carbon-Fiber-Insoles-6-768x768.jpg 768w, https:\/\/www.carbonfiberinsoles.shop\/wp-content\/uploads\/2025\/05\/TLSS-Full-Length-Carbon-Fiber-Insoles-6-12x12.jpg 12w\" sizes=\"(max-width: 800px) 100vw, 800px\" \/><\/p>\n<p>&nbsp;<\/p>\n<hr class=\"\" data-start=\"2225\" data-end=\"2228\" \/>\n<h3 class=\"\" data-start=\"2230\" data-end=\"2287\"><strong data-start=\"2234\" data-end=\"2287\">\ud83d\udca1 Warum Tlss Carbonfaser-Einlagen in voller L\u00e4nge kaufen?<\/strong><\/h3>\n<ul data-start=\"2288\" data-end=\"2733\">\n<li class=\"\" data-start=\"2288\" data-end=\"2382\">\n<p class=\"\" data-start=\"2290\" data-end=\"2382\">Konzipiert f\u00fcr <strong data-start=\"2303\" data-end=\"2313\">Fu\u00dfball<\/strong> und andere anspruchsvolle Sportarten, bei denen Gleichgewicht und Reaktionsf\u00e4higkeit entscheidend sind.<\/p>\n<\/li>\n<li class=\"\" data-start=\"2383\" data-end=\"2473\">\n<p class=\"\" data-start=\"2385\" data-end=\"2473\">Angebote <strong data-start=\"2392\" data-end=\"2423\">sto\u00dfd\u00e4mpfende Wirkung<\/strong> \u00fcber den gesamten Fu\u00df - nicht nur \u00fcber Ferse oder Vorfu\u00df.<\/p>\n<\/li>\n<li class=\"\" data-start=\"2474\" data-end=\"2557\">\n<p class=\"\" data-start=\"2476\" data-end=\"2557\">Die <strong data-start=\"2480\" data-end=\"2507\">atmungsaktive Konstruktion<\/strong> h\u00e4lt die F\u00fc\u00dfe frisch und minimiert den Schwei\u00df beim Spielen.<\/p>\n<\/li>\n<li class=\"\" data-start=\"2558\" data-end=\"2639\">\n<p class=\"\" data-start=\"2560\" data-end=\"2639\">Langlebig <strong data-start=\"2573\" data-end=\"2597\">Kohlefasertr\u00e4ger<\/strong> garantiert Langlebigkeit ohne zus\u00e4tzliches Gewicht.<\/p>\n<\/li>\n<li class=\"\" data-start=\"2640\" data-end=\"2733\">\n<p class=\"\" data-start=\"2642\" data-end=\"2733\">F\u00f6rdert <strong data-start=\"2649\" data-end=\"2686\">Leistung und Verletzungspr\u00e4vention<\/strong>Das macht ihn perfekt f\u00fcr Sportler aller Niveaus.<\/p>\n<\/li>\n<\/ul>\n<hr class=\"\" data-start=\"2735\" data-end=\"2738\" \/>\n<h3 class=\"\" data-start=\"2740\" data-end=\"2754\"><strong data-start=\"2744\" data-end=\"2754\">\u2753 FAQs<\/strong><\/h3>\n<p class=\"\" data-start=\"2756\" data-end=\"2890\"><strong data-start=\"2756\" data-end=\"2810\">F1: Kann ich diese Einlegesohlen in allen Schuhtypen verwenden?<\/strong><br data-start=\"2810\" data-end=\"2813\" \/>Ja, sie sind passgenau und mit den meisten Sportschuhen kompatibel.<\/p>\n<p class=\"\" data-start=\"2892\" data-end=\"3053\"><strong data-start=\"2892\" data-end=\"2949\">F2: Helfen sie bei Fu\u00dfschmerzen oder Plantar-Fasziitis?<\/strong><br data-start=\"2949\" data-end=\"2952\" \/>Ja, die Fu\u00dfgew\u00f6lbest\u00fctze und die Fersend\u00e4mpfung tragen dazu bei, Stress und Schmerzen bei langen Aktivit\u00e4ten zu lindern.<\/p>\n<p class=\"\" data-start=\"3055\" data-end=\"3196\"><strong data-start=\"3055\" data-end=\"3089\">F3: Sind diese nur f\u00fcr Fu\u00dfball?<\/strong><br data-start=\"3089\" data-end=\"3092\" \/>Nein. Sie sind zwar f\u00fcr Fu\u00dfball optimiert, eignen sich aber auch perfekt zum Laufen, Wandern, Basketball und f\u00fcr andere Sportarten.<\/p>\n<p class=\"\" data-start=\"3198\" data-end=\"3333\"><strong data-start=\"3198\" data-end=\"3238\">F4: Werden meine Schuhe dadurch enger?<\/strong><br data-start=\"3238\" data-end=\"3241\" \/>Sie sind ultrad\u00fcnn und so konzipiert, dass sie Ihre urspr\u00fcnglichen Einlegesohlen ersetzen und die gleiche Passform beibehalten.<\/p>\n<p class=\"\" data-start=\"3335\" data-end=\"3447\"><strong data-start=\"3335\" data-end=\"3363\">F5: Wie kann ich sie reinigen?<\/strong><br data-start=\"3363\" data-end=\"3366\" \/>Mit einem feuchten Tuch abwischen oder vorsichtig von Hand waschen. Nicht in der Maschine waschen oder hei\u00df trocknen.<\/p>","protected":false},"excerpt":{"rendered":"<p class=\"\" data-start=\"586\" data-end=\"834\">Die Tlss Full-Length Carbon Fiber Insoles bieten komplette Fu\u00dfunterst\u00fctzung f\u00fcr Hochleistungssportler. Mit atmungsaktiven Mesh-Schichten, Carbonfaser-Bogenst\u00fctze und hoher Sto\u00dfd\u00e4mpfung sind sie ideal f\u00fcr Fu\u00dfball, Laufen und Training.<\/p>","protected":false},"featured_media":20201,"comment_status":"open","ping_status":"closed","template":"","meta":{"_kadence_starter_templates_imported_post":false,"_kad_post_transparent":"","_kad_post_title":"","_kad_post_layout":"","_kad_post_sidebar_id":"","_kad_post_content_style":"","_kad_post_vertical_padding":"","_kad_post_feature":"","_kad_post_feature_position":"","_kad_post_header":false,"_kad_post_footer":false},"product_brand":[],"product_cat":[22,183,477,469],"product_tag":[51,471,470],"class_list":{"0":"post-20182","1":"product","2":"type-product","3":"status-publish","4":"has-post-thumbnail","6":"product_cat-carbon-fiber-insoles","7":"product_cat-insoles","8":"product_cat-tlss","9":"product_cat-tlss-insoles","10":"product_tag-carbon-fiber-foot-insoles","11":"product_tag-soccer-insoles","12":"product_tag-tlss-insoles","13":"pa_us-ca-size-m10-w12","14":"pa_us-ca-size-m7-5-w9-5-260mm","15":"pa_us-ca-size-m7-w9","16":"pa_us-ca-size-m8-w10-265mm","17":"pa_us-ca-size-m9-w11-275mm","19":"first","20":"instock","21":"shipping-taxable","22":"purchasable","23":"product-type-variable","24":"entry","25":"content-bg","26":"loop-entry"},"aioseo_notices":[],"_links":{"self":[{"href":"https:\/\/www.carbonfiberinsoles.shop\/de\/wp-json\/wp\/v2\/product\/20182","targetHints":{"allow":["GET"]}}],"collection":[{"href":"https:\/\/www.carbonfiberinsoles.shop\/de\/wp-json\/wp\/v2\/product"}],"about":[{"href":"https:\/\/www.carbonfiberinsoles.shop\/de\/wp-json\/wp\/v2\/types\/product"}],"replies":[{"embeddable":true,"href":"https:\/\/www.carbonfiberinsoles.shop\/de\/wp-json\/wp\/v2\/comments?post=20182"}],"version-history":[{"count":1,"href":"https:\/\/www.carbonfiberinsoles.shop\/de\/wp-json\/wp\/v2\/product\/20182\/revisions"}],"predecessor-version":[{"id":21580,"href":"https:\/\/www.carbonfiberinsoles.shop\/de\/wp-json\/wp\/v2\/product\/20182\/revisions\/21580"}],"wp:featuredmedia":[{"embeddable":true,"href":"https:\/\/www.carbonfiberinsoles.shop\/de\/wp-json\/wp\/v2\/media\/20201"}],"wp:attachment":[{"href":"https:\/\/www.carbonfiberinsoles.shop\/de\/wp-json\/wp\/v2\/media?parent=20182"}],"wp:term":[{"taxonomy":"product_brand","embeddable":true,"href":"https:\/\/www.carbonfiberinsoles.shop\/de\/wp-json\/wp\/v2\/product_brand?post=20182"},{"taxonomy":"product_cat","embeddable":true,"href":"https:\/\/www.carbonfiberinsoles.shop\/de\/wp-json\/wp\/v2\/product_cat?post=20182"},{"taxonomy":"product_tag","embeddable":true,"href":"https:\/\/www.carbonfiberinsoles.shop\/de\/wp-json\/wp\/v2\/product_tag?post=20182"}],"curies":[{"name":"wp","href":"https:\/\/api.w.org\/{rel}","templated":true}]}}