{"id":20276,"date":"2025-05-25T10:11:16","date_gmt":"2025-05-25T10:11:16","guid":{"rendered":"https:\/\/www.carbonfiberinsoles.shop\/?post_type=product&#038;p=20276"},"modified":"2026-03-30T07:58:10","modified_gmt":"2026-03-30T07:58:10","slug":"tlss-striker-tf-soccer-shoes-carbon-fiber-anti-torsion-spike-shoes-with-advanced-cushioning","status":"publish","type":"product","link":"https:\/\/www.carbonfiberinsoles.shop\/de\/produkt\/tlss-striker-tf-soccer-shoes-carbon-fiber-anti-torsion-spike-shoes-with-advanced-cushioning\/","title":{"rendered":"TLSS STRIKER TF Fu\u00dfballschuhe - Carbon Fiber Spike Schuhe"},"content":{"rendered":"<h4 data-start=\"907\" data-end=\"924\"><strong data-start=\"912\" data-end=\"924\">\u00dcbersicht<\/strong><\/h4>\n<p data-start=\"925\" data-end=\"1375\">Das f\u00fcr Elite-Spielmacher und scharfe St\u00fcrmer entwickelte <strong data-start=\"979\" data-end=\"1011\">TLSS STRIKER TF Fu\u00dfballschuhe<\/strong> sorgen f\u00fcr ein H\u00f6chstma\u00df an Agilit\u00e4t und Haltbarkeit. Entwickelt mit <strong data-start=\"1074\" data-end=\"1111\">Anti-Torsions-St\u00fctze aus Kohlefaser<\/strong>Die reaktionsfreudige Zwischensohlend\u00e4mpfung sorgt f\u00fcr maximalen Komfort bei hochintensiven Spielen. Ideal f\u00fcr die Leistung auf dem Rasen, diese <strong data-start=\"1284\" data-end=\"1299\">Spike-Schuhe<\/strong> bieten explosive Traktion, pr\u00e4zise Bewegungen und innovativen Stil.<\/p>\n<h4 data-start=\"1377\" data-end=\"1400\"><strong data-start=\"1382\" data-end=\"1400\">Spezifikationen<\/strong><\/h4>\n<ul data-start=\"1401\" data-end=\"1770\">\n<li data-start=\"1401\" data-end=\"1420\">\n<p data-start=\"1403\" data-end=\"1420\"><strong data-start=\"1403\" data-end=\"1413\">Marke:<\/strong> TLSS<\/p>\n<\/li>\n<li data-start=\"1421\" data-end=\"1446\">\n<p data-start=\"1423\" data-end=\"1446\"><strong data-start=\"1423\" data-end=\"1433\">Modell:<\/strong> STRIKER TF<\/p>\n<\/li>\n<li data-start=\"1447\" data-end=\"1484\">\n<p data-start=\"1449\" data-end=\"1484\"><strong data-start=\"1449\" data-end=\"1461\">Oberfl\u00e4che:<\/strong> Kunstrasen (TF)<\/p>\n<\/li>\n<li data-start=\"1485\" data-end=\"1543\">\n<p data-start=\"1487\" data-end=\"1543\"><strong data-start=\"1487\" data-end=\"1497\">Oben:<\/strong> Atmungsaktives Kunstleder + strapazierf\u00e4higes Mesh<\/p>\n<\/li>\n<li data-start=\"1544\" data-end=\"1590\">\n<p data-start=\"1546\" data-end=\"1590\"><strong data-start=\"1546\" data-end=\"1558\">Zwischensohle:<\/strong> Sto\u00dfd\u00e4mpfende EVA-Polsterung<\/p>\n<\/li>\n<li data-start=\"1591\" data-end=\"1653\">\n<p data-start=\"1593\" data-end=\"1653\"><strong data-start=\"1593\" data-end=\"1605\">Laufsohle:<\/strong> Gummi mit multidirektionalem TF-Spike-Muster<\/p>\n<\/li>\n<li data-start=\"1654\" data-end=\"1708\">\n<p data-start=\"1656\" data-end=\"1708\"><strong data-start=\"1656\" data-end=\"1674\">Tr\u00e4gerplatte:<\/strong> Anti-Torsionsplatte aus Kohlefaser<\/p>\n<\/li>\n<li data-start=\"1709\" data-end=\"1732\">\n<p data-start=\"1711\" data-end=\"1732\"><strong data-start=\"1711\" data-end=\"1721\">Gr\u00f6\u00dfen:<\/strong> 39-45 EU<\/p>\n<\/li>\n<li data-start=\"1733\" data-end=\"1770\">\n<p data-start=\"1735\" data-end=\"1770\"><strong data-start=\"1735\" data-end=\"1746\">Gewicht:<\/strong> Ca. 280g pro Schuh<\/p>\n<\/li>\n<\/ul>\n<h4 data-start=\"1772\" data-end=\"1789\"><strong data-start=\"1777\" data-end=\"1789\">Eigenschaften<\/strong><\/h4>\n<ul data-start=\"1790\" data-end=\"2282\">\n<li data-start=\"1790\" data-end=\"1883\">\n<p data-start=\"1792\" data-end=\"1883\">\u2705 <strong data-start=\"1794\" data-end=\"1829\">Anti-Torsionsplatte aus Kohlefaser<\/strong> - Verbessert die Fu\u00dfstabilit\u00e4t bei seitlichen Bewegungen.<\/p>\n<\/li>\n<li data-start=\"1884\" data-end=\"1972\">\n<p data-start=\"1886\" data-end=\"1972\">\u2705 <strong data-start=\"1888\" data-end=\"1913\">Ansprechende D\u00e4mpfung<\/strong> - Die EVA-Zwischensohle absorbiert St\u00f6\u00dfe und verbessert die Energier\u00fcckgabe.<\/p>\n<\/li>\n<li data-start=\"1973\" data-end=\"2060\">\n<p data-start=\"1975\" data-end=\"2060\">\u2705 <strong data-start=\"1977\" data-end=\"2008\">Aggressive TF-Spike-Laufsohle<\/strong> - Bietet maximalen Halt auf dem Rasen, ohne zu verrutschen.<\/p>\n<\/li>\n<li data-start=\"2061\" data-end=\"2138\">\n<p data-start=\"2063\" data-end=\"2138\">\u2705 <strong data-start=\"2065\" data-end=\"2088\">Obermaterial mit hoher Reibung<\/strong> - Unterst\u00fctzt die Ballkontrolle bei schnellem Spielverlauf.<\/p>\n<\/li>\n<li data-start=\"2139\" data-end=\"2209\">\n<p data-start=\"2141\" data-end=\"2209\">\u2705 <strong data-start=\"2143\" data-end=\"2168\">Atmungsaktive Mesh-Zonen<\/strong> - H\u00e4lt die F\u00fc\u00dfe bei langen Spielen k\u00fchl.<\/p>\n<\/li>\n<li data-start=\"2210\" data-end=\"2282\">\n<p data-start=\"2212\" data-end=\"2282\">\u2705 <strong data-start=\"2214\" data-end=\"2245\">Verst\u00e4rkte Ferse und Zehenkappe<\/strong> - F\u00fcr Haltbarkeit und Zehenschutz.<\/p>\n<\/li>\n<\/ul>\n<p><img fetchpriority=\"high\" decoding=\"async\" class=\"aligncenter wp-image-20316 size-full\" src=\"http:\/\/www.carbonfiberinsoles.shop\/wp-content\/uploads\/2025\/05\/TLSS-STRIKER-TF-Soccer-Shoes-\u2013-Carbon-Fiber-Anti-Torsion-Spike-Shoes-with-Advanced-Cushioning-3-1.jpg\" alt=\"\" width=\"750\" height=\"881\" srcset=\"https:\/\/www.carbonfiberinsoles.shop\/wp-content\/uploads\/2025\/05\/TLSS-STRIKER-TF-Soccer-Shoes-\u2013-Carbon-Fiber-Anti-Torsion-Spike-Shoes-with-Advanced-Cushioning-3-1.jpg 750w, https:\/\/www.carbonfiberinsoles.shop\/wp-content\/uploads\/2025\/05\/TLSS-STRIKER-TF-Soccer-Shoes-\u2013-Carbon-Fiber-Anti-Torsion-Spike-Shoes-with-Advanced-Cushioning-3-1-430x505.jpg 430w, https:\/\/www.carbonfiberinsoles.shop\/wp-content\/uploads\/2025\/05\/TLSS-STRIKER-TF-Soccer-Shoes-\u2013-Carbon-Fiber-Anti-Torsion-Spike-Shoes-with-Advanced-Cushioning-3-1-700x822.jpg 700w, https:\/\/www.carbonfiberinsoles.shop\/wp-content\/uploads\/2025\/05\/TLSS-STRIKER-TF-Soccer-Shoes-\u2013-Carbon-Fiber-Anti-Torsion-Spike-Shoes-with-Advanced-Cushioning-3-1-255x300.jpg 255w, https:\/\/www.carbonfiberinsoles.shop\/wp-content\/uploads\/2025\/05\/TLSS-STRIKER-TF-Soccer-Shoes-\u2013-Carbon-Fiber-Anti-Torsion-Spike-Shoes-with-Advanced-Cushioning-3-1-681x800.jpg 681w, https:\/\/www.carbonfiberinsoles.shop\/wp-content\/uploads\/2025\/05\/TLSS-STRIKER-TF-Soccer-Shoes-\u2013-Carbon-Fiber-Anti-Torsion-Spike-Shoes-with-Advanced-Cushioning-3-1-10x12.jpg 10w\" sizes=\"(max-width: 750px) 100vw, 750px\" \/><img decoding=\"async\" class=\"aligncenter wp-image-20317 size-full\" src=\"http:\/\/www.carbonfiberinsoles.shop\/wp-content\/uploads\/2025\/05\/TLSS-STRIKER-TF-Soccer-Shoes-\u2013-Carbon-Fiber-Anti-Torsion-Spike-Shoes-with-Advanced-Cushioning-4-1-scaled.jpg\" alt=\"\" width=\"1458\" height=\"2560\" srcset=\"https:\/\/www.carbonfiberinsoles.shop\/wp-content\/uploads\/2025\/05\/TLSS-STRIKER-TF-Soccer-Shoes-\u2013-Carbon-Fiber-Anti-Torsion-Spike-Shoes-with-Advanced-Cushioning-4-1-scaled.jpg 1458w, https:\/\/www.carbonfiberinsoles.shop\/wp-content\/uploads\/2025\/05\/TLSS-STRIKER-TF-Soccer-Shoes-\u2013-Carbon-Fiber-Anti-Torsion-Spike-Shoes-with-Advanced-Cushioning-4-1-scaled-430x755.jpg 430w, https:\/\/www.carbonfiberinsoles.shop\/wp-content\/uploads\/2025\/05\/TLSS-STRIKER-TF-Soccer-Shoes-\u2013-Carbon-Fiber-Anti-Torsion-Spike-Shoes-with-Advanced-Cushioning-4-1-scaled-700x1229.jpg 700w, https:\/\/www.carbonfiberinsoles.shop\/wp-content\/uploads\/2025\/05\/TLSS-STRIKER-TF-Soccer-Shoes-\u2013-Carbon-Fiber-Anti-Torsion-Spike-Shoes-with-Advanced-Cushioning-4-1-171x300.jpg 171w, https:\/\/www.carbonfiberinsoles.shop\/wp-content\/uploads\/2025\/05\/TLSS-STRIKER-TF-Soccer-Shoes-\u2013-Carbon-Fiber-Anti-Torsion-Spike-Shoes-with-Advanced-Cushioning-4-1-456x800.jpg 456w, https:\/\/www.carbonfiberinsoles.shop\/wp-content\/uploads\/2025\/05\/TLSS-STRIKER-TF-Soccer-Shoes-\u2013-Carbon-Fiber-Anti-Torsion-Spike-Shoes-with-Advanced-Cushioning-4-1-768x1349.jpg 768w, https:\/\/www.carbonfiberinsoles.shop\/wp-content\/uploads\/2025\/05\/TLSS-STRIKER-TF-Soccer-Shoes-\u2013-Carbon-Fiber-Anti-Torsion-Spike-Shoes-with-Advanced-Cushioning-4-1-875x1536.jpg 875w, https:\/\/www.carbonfiberinsoles.shop\/wp-content\/uploads\/2025\/05\/TLSS-STRIKER-TF-Soccer-Shoes-\u2013-Carbon-Fiber-Anti-Torsion-Spike-Shoes-with-Advanced-Cushioning-4-1-1166x2048.jpg 1166w, https:\/\/www.carbonfiberinsoles.shop\/wp-content\/uploads\/2025\/05\/TLSS-STRIKER-TF-Soccer-Shoes-\u2013-Carbon-Fiber-Anti-Torsion-Spike-Shoes-with-Advanced-Cushioning-4-1-7x12.jpg 7w\" sizes=\"(max-width: 1458px) 100vw, 1458px\" \/><img decoding=\"async\" class=\"aligncenter wp-image-20318 size-full\" src=\"http:\/\/www.carbonfiberinsoles.shop\/wp-content\/uploads\/2025\/05\/TLSS-STRIKER-TF-Soccer-Shoes-\u2013-Carbon-Fiber-Anti-Torsion-Spike-Shoes-with-Advanced-Cushioning-5-1.jpg\" alt=\"\" width=\"1500\" height=\"2455\" srcset=\"https:\/\/www.carbonfiberinsoles.shop\/wp-content\/uploads\/2025\/05\/TLSS-STRIKER-TF-Soccer-Shoes-\u2013-Carbon-Fiber-Anti-Torsion-Spike-Shoes-with-Advanced-Cushioning-5-1.jpg 1500w, https:\/\/www.carbonfiberinsoles.shop\/wp-content\/uploads\/2025\/05\/TLSS-STRIKER-TF-Soccer-Shoes-\u2013-Carbon-Fiber-Anti-Torsion-Spike-Shoes-with-Advanced-Cushioning-5-1-430x704.jpg 430w, https:\/\/www.carbonfiberinsoles.shop\/wp-content\/uploads\/2025\/05\/TLSS-STRIKER-TF-Soccer-Shoes-\u2013-Carbon-Fiber-Anti-Torsion-Spike-Shoes-with-Advanced-Cushioning-5-1-700x1146.jpg 700w, https:\/\/www.carbonfiberinsoles.shop\/wp-content\/uploads\/2025\/05\/TLSS-STRIKER-TF-Soccer-Shoes-\u2013-Carbon-Fiber-Anti-Torsion-Spike-Shoes-with-Advanced-Cushioning-5-1-183x300.jpg 183w, https:\/\/www.carbonfiberinsoles.shop\/wp-content\/uploads\/2025\/05\/TLSS-STRIKER-TF-Soccer-Shoes-\u2013-Carbon-Fiber-Anti-Torsion-Spike-Shoes-with-Advanced-Cushioning-5-1-489x800.jpg 489w, https:\/\/www.carbonfiberinsoles.shop\/wp-content\/uploads\/2025\/05\/TLSS-STRIKER-TF-Soccer-Shoes-\u2013-Carbon-Fiber-Anti-Torsion-Spike-Shoes-with-Advanced-Cushioning-5-1-768x1257.jpg 768w, https:\/\/www.carbonfiberinsoles.shop\/wp-content\/uploads\/2025\/05\/TLSS-STRIKER-TF-Soccer-Shoes-\u2013-Carbon-Fiber-Anti-Torsion-Spike-Shoes-with-Advanced-Cushioning-5-1-938x1536.jpg 938w, https:\/\/www.carbonfiberinsoles.shop\/wp-content\/uploads\/2025\/05\/TLSS-STRIKER-TF-Soccer-Shoes-\u2013-Carbon-Fiber-Anti-Torsion-Spike-Shoes-with-Advanced-Cushioning-5-1-1251x2048.jpg 1251w, https:\/\/www.carbonfiberinsoles.shop\/wp-content\/uploads\/2025\/05\/TLSS-STRIKER-TF-Soccer-Shoes-\u2013-Carbon-Fiber-Anti-Torsion-Spike-Shoes-with-Advanced-Cushioning-5-1-7x12.jpg 7w\" sizes=\"(max-width: 1500px) 100vw, 1500px\" \/><img loading=\"lazy\" decoding=\"async\" class=\"aligncenter wp-image-20319 size-full\" src=\"http:\/\/www.carbonfiberinsoles.shop\/wp-content\/uploads\/2025\/05\/TLSS-STRIKER-TF-Soccer-Shoes-\u2013-Carbon-Fiber-Anti-Torsion-Spike-Shoes-with-Advanced-Cushioning-6-1.jpg\" alt=\"\" width=\"750\" height=\"1108\" srcset=\"https:\/\/www.carbonfiberinsoles.shop\/wp-content\/uploads\/2025\/05\/TLSS-STRIKER-TF-Soccer-Shoes-\u2013-Carbon-Fiber-Anti-Torsion-Spike-Shoes-with-Advanced-Cushioning-6-1.jpg 750w, https:\/\/www.carbonfiberinsoles.shop\/wp-content\/uploads\/2025\/05\/TLSS-STRIKER-TF-Soccer-Shoes-\u2013-Carbon-Fiber-Anti-Torsion-Spike-Shoes-with-Advanced-Cushioning-6-1-430x635.jpg 430w, https:\/\/www.carbonfiberinsoles.shop\/wp-content\/uploads\/2025\/05\/TLSS-STRIKER-TF-Soccer-Shoes-\u2013-Carbon-Fiber-Anti-Torsion-Spike-Shoes-with-Advanced-Cushioning-6-1-700x1034.jpg 700w, https:\/\/www.carbonfiberinsoles.shop\/wp-content\/uploads\/2025\/05\/TLSS-STRIKER-TF-Soccer-Shoes-\u2013-Carbon-Fiber-Anti-Torsion-Spike-Shoes-with-Advanced-Cushioning-6-1-203x300.jpg 203w, https:\/\/www.carbonfiberinsoles.shop\/wp-content\/uploads\/2025\/05\/TLSS-STRIKER-TF-Soccer-Shoes-\u2013-Carbon-Fiber-Anti-Torsion-Spike-Shoes-with-Advanced-Cushioning-6-1-542x800.jpg 542w, https:\/\/www.carbonfiberinsoles.shop\/wp-content\/uploads\/2025\/05\/TLSS-STRIKER-TF-Soccer-Shoes-\u2013-Carbon-Fiber-Anti-Torsion-Spike-Shoes-with-Advanced-Cushioning-6-1-8x12.jpg 8w\" sizes=\"(max-width: 750px) 100vw, 750px\" \/> <img loading=\"lazy\" decoding=\"async\" class=\"aligncenter wp-image-20320 size-full\" src=\"http:\/\/www.carbonfiberinsoles.shop\/wp-content\/uploads\/2025\/05\/TLSS-STRIKER-TF-Soccer-Shoes-\u2013-Carbon-Fiber-Anti-Torsion-Spike-Shoes-with-Advanced-Cushioning-7-1.jpg\" alt=\"\" width=\"1500\" height=\"2550\" srcset=\"https:\/\/www.carbonfiberinsoles.shop\/wp-content\/uploads\/2025\/05\/TLSS-STRIKER-TF-Soccer-Shoes-\u2013-Carbon-Fiber-Anti-Torsion-Spike-Shoes-with-Advanced-Cushioning-7-1.jpg 1500w, https:\/\/www.carbonfiberinsoles.shop\/wp-content\/uploads\/2025\/05\/TLSS-STRIKER-TF-Soccer-Shoes-\u2013-Carbon-Fiber-Anti-Torsion-Spike-Shoes-with-Advanced-Cushioning-7-1-430x731.jpg 430w, https:\/\/www.carbonfiberinsoles.shop\/wp-content\/uploads\/2025\/05\/TLSS-STRIKER-TF-Soccer-Shoes-\u2013-Carbon-Fiber-Anti-Torsion-Spike-Shoes-with-Advanced-Cushioning-7-1-700x1190.jpg 700w, https:\/\/www.carbonfiberinsoles.shop\/wp-content\/uploads\/2025\/05\/TLSS-STRIKER-TF-Soccer-Shoes-\u2013-Carbon-Fiber-Anti-Torsion-Spike-Shoes-with-Advanced-Cushioning-7-1-176x300.jpg 176w, https:\/\/www.carbonfiberinsoles.shop\/wp-content\/uploads\/2025\/05\/TLSS-STRIKER-TF-Soccer-Shoes-\u2013-Carbon-Fiber-Anti-Torsion-Spike-Shoes-with-Advanced-Cushioning-7-1-471x800.jpg 471w, https:\/\/www.carbonfiberinsoles.shop\/wp-content\/uploads\/2025\/05\/TLSS-STRIKER-TF-Soccer-Shoes-\u2013-Carbon-Fiber-Anti-Torsion-Spike-Shoes-with-Advanced-Cushioning-7-1-768x1306.jpg 768w, https:\/\/www.carbonfiberinsoles.shop\/wp-content\/uploads\/2025\/05\/TLSS-STRIKER-TF-Soccer-Shoes-\u2013-Carbon-Fiber-Anti-Torsion-Spike-Shoes-with-Advanced-Cushioning-7-1-904x1536.jpg 904w, https:\/\/www.carbonfiberinsoles.shop\/wp-content\/uploads\/2025\/05\/TLSS-STRIKER-TF-Soccer-Shoes-\u2013-Carbon-Fiber-Anti-Torsion-Spike-Shoes-with-Advanced-Cushioning-7-1-1205x2048.jpg 1205w, https:\/\/www.carbonfiberinsoles.shop\/wp-content\/uploads\/2025\/05\/TLSS-STRIKER-TF-Soccer-Shoes-\u2013-Carbon-Fiber-Anti-Torsion-Spike-Shoes-with-Advanced-Cushioning-7-1-7x12.jpg 7w\" sizes=\"(max-width: 1500px) 100vw, 1500px\" \/><img loading=\"lazy\" decoding=\"async\" class=\"alignnone size-medium wp-image-20321\" src=\"http:\/\/www.carbonfiberinsoles.shop\/wp-content\/uploads\/2025\/05\/TLSS-STRIKER-TF-Soccer-Shoes-\u2013-Carbon-Fiber-Anti-Torsion-Spike-Shoes-with-Advanced-Cushioning-8-400x276.jpg\" alt=\"\" width=\"400\" height=\"276\" srcset=\"https:\/\/www.carbonfiberinsoles.shop\/wp-content\/uploads\/2025\/05\/TLSS-STRIKER-TF-Soccer-Shoes-\u2013-Carbon-Fiber-Anti-Torsion-Spike-Shoes-with-Advanced-Cushioning-8-400x276.jpg 400w, https:\/\/www.carbonfiberinsoles.shop\/wp-content\/uploads\/2025\/05\/TLSS-STRIKER-TF-Soccer-Shoes-\u2013-Carbon-Fiber-Anti-Torsion-Spike-Shoes-with-Advanced-Cushioning-8-430x297.jpg 430w, https:\/\/www.carbonfiberinsoles.shop\/wp-content\/uploads\/2025\/05\/TLSS-STRIKER-TF-Soccer-Shoes-\u2013-Carbon-Fiber-Anti-Torsion-Spike-Shoes-with-Advanced-Cushioning-8-700x483.jpg 700w, https:\/\/www.carbonfiberinsoles.shop\/wp-content\/uploads\/2025\/05\/TLSS-STRIKER-TF-Soccer-Shoes-\u2013-Carbon-Fiber-Anti-Torsion-Spike-Shoes-with-Advanced-Cushioning-8-18x12.jpg 18w, https:\/\/www.carbonfiberinsoles.shop\/wp-content\/uploads\/2025\/05\/TLSS-STRIKER-TF-Soccer-Shoes-\u2013-Carbon-Fiber-Anti-Torsion-Spike-Shoes-with-Advanced-Cushioning-8.jpg 750w\" sizes=\"(max-width: 400px) 100vw, 400px\" \/><img loading=\"lazy\" decoding=\"async\" class=\"alignnone size-medium wp-image-20322\" src=\"http:\/\/www.carbonfiberinsoles.shop\/wp-content\/uploads\/2025\/05\/TLSS-STRIKER-TF-Soccer-Shoes-\u2013-Carbon-Fiber-Anti-Torsion-Spike-Shoes-with-Advanced-Cushioning-9-379x300.jpg\" alt=\"\" width=\"379\" height=\"300\" srcset=\"https:\/\/www.carbonfiberinsoles.shop\/wp-content\/uploads\/2025\/05\/TLSS-STRIKER-TF-Soccer-Shoes-\u2013-Carbon-Fiber-Anti-Torsion-Spike-Shoes-with-Advanced-Cushioning-9-379x300.jpg 379w, https:\/\/www.carbonfiberinsoles.shop\/wp-content\/uploads\/2025\/05\/TLSS-STRIKER-TF-Soccer-Shoes-\u2013-Carbon-Fiber-Anti-Torsion-Spike-Shoes-with-Advanced-Cushioning-9-430x340.jpg 430w, https:\/\/www.carbonfiberinsoles.shop\/wp-content\/uploads\/2025\/05\/TLSS-STRIKER-TF-Soccer-Shoes-\u2013-Carbon-Fiber-Anti-Torsion-Spike-Shoes-with-Advanced-Cushioning-9-700x553.jpg 700w, https:\/\/www.carbonfiberinsoles.shop\/wp-content\/uploads\/2025\/05\/TLSS-STRIKER-TF-Soccer-Shoes-\u2013-Carbon-Fiber-Anti-Torsion-Spike-Shoes-with-Advanced-Cushioning-9-15x12.jpg 15w, https:\/\/www.carbonfiberinsoles.shop\/wp-content\/uploads\/2025\/05\/TLSS-STRIKER-TF-Soccer-Shoes-\u2013-Carbon-Fiber-Anti-Torsion-Spike-Shoes-with-Advanced-Cushioning-9.jpg 750w\" sizes=\"(max-width: 379px) 100vw, 379px\" \/><img loading=\"lazy\" decoding=\"async\" class=\"aligncenter wp-image-20315 size-full\" src=\"http:\/\/www.carbonfiberinsoles.shop\/wp-content\/uploads\/2025\/05\/TLSS-STRIKER-TF-Soccer-Shoes-\u2013-Carbon-Fiber-Anti-Torsion-Spike-Shoes-with-Advanced-Cushioning-2-1.jpg\" alt=\"\" width=\"1500\" height=\"1458\" srcset=\"https:\/\/www.carbonfiberinsoles.shop\/wp-content\/uploads\/2025\/05\/TLSS-STRIKER-TF-Soccer-Shoes-\u2013-Carbon-Fiber-Anti-Torsion-Spike-Shoes-with-Advanced-Cushioning-2-1.jpg 1500w, https:\/\/www.carbonfiberinsoles.shop\/wp-content\/uploads\/2025\/05\/TLSS-STRIKER-TF-Soccer-Shoes-\u2013-Carbon-Fiber-Anti-Torsion-Spike-Shoes-with-Advanced-Cushioning-2-1-430x418.jpg 430w, https:\/\/www.carbonfiberinsoles.shop\/wp-content\/uploads\/2025\/05\/TLSS-STRIKER-TF-Soccer-Shoes-\u2013-Carbon-Fiber-Anti-Torsion-Spike-Shoes-with-Advanced-Cushioning-2-1-700x680.jpg 700w, https:\/\/www.carbonfiberinsoles.shop\/wp-content\/uploads\/2025\/05\/TLSS-STRIKER-TF-Soccer-Shoes-\u2013-Carbon-Fiber-Anti-Torsion-Spike-Shoes-with-Advanced-Cushioning-2-1-309x300.jpg 309w, https:\/\/www.carbonfiberinsoles.shop\/wp-content\/uploads\/2025\/05\/TLSS-STRIKER-TF-Soccer-Shoes-\u2013-Carbon-Fiber-Anti-Torsion-Spike-Shoes-with-Advanced-Cushioning-2-1-823x800.jpg 823w, https:\/\/www.carbonfiberinsoles.shop\/wp-content\/uploads\/2025\/05\/TLSS-STRIKER-TF-Soccer-Shoes-\u2013-Carbon-Fiber-Anti-Torsion-Spike-Shoes-with-Advanced-Cushioning-2-1-768x746.jpg 768w, https:\/\/www.carbonfiberinsoles.shop\/wp-content\/uploads\/2025\/05\/TLSS-STRIKER-TF-Soccer-Shoes-\u2013-Carbon-Fiber-Anti-Torsion-Spike-Shoes-with-Advanced-Cushioning-2-1-12x12.jpg 12w\" sizes=\"(max-width: 1500px) 100vw, 1500px\" \/><\/p>\n<h4 data-start=\"2284\" data-end=\"2318\"><strong data-start=\"2289\" data-end=\"2318\">Warum diesen Fu\u00dfballschuh kaufen?<\/strong><\/h4>\n<p data-start=\"2319\" data-end=\"2401\">Wenn Sie Wert auf Leistung legen, ist die <strong data-start=\"2360\" data-end=\"2379\">TLSS ST\u00dcRMER TF<\/strong> ist Ihre erste Wahl:<\/p>\n<ul data-start=\"2402\" data-end=\"2712\">\n<li data-start=\"2402\" data-end=\"2459\">\n<p data-start=\"2404\" data-end=\"2459\">Sie ben\u00f6tigen <strong data-start=\"2413\" data-end=\"2440\">Verdrehsicherung<\/strong> um Verletzungen zu vermeiden.<\/p>\n<\/li>\n<li data-start=\"2460\" data-end=\"2524\">\n<p data-start=\"2462\" data-end=\"2524\">Sie fordern <strong data-start=\"2473\" data-end=\"2498\">reaktionsschnelle D\u00e4mpfung<\/strong> f\u00fcr erm\u00fcdungsfreie Spiele.<\/p>\n<\/li>\n<li data-start=\"2525\" data-end=\"2580\">\n<p data-start=\"2527\" data-end=\"2580\">Sie wollen aggressive Traktion mit <strong data-start=\"2561\" data-end=\"2579\">TF-Spike-Schuhe<\/strong>.<\/p>\n<\/li>\n<li data-start=\"2581\" data-end=\"2647\">\n<p data-start=\"2583\" data-end=\"2647\">Sie sch\u00e4tzen technisch verbesserte Komponenten wie <strong data-start=\"2623\" data-end=\"2646\">Kohlefaserplatten<\/strong>.<\/p>\n<\/li>\n<li data-start=\"2648\" data-end=\"2712\">\n<p data-start=\"2650\" data-end=\"2712\">Sie suchen eine dauerhafte Leistung unter allen Bedingungen.<\/p>\n<\/li>\n<\/ul>\n<h4 data-start=\"2714\" data-end=\"2727\"><strong data-start=\"2719\" data-end=\"2727\">FAQs<\/strong><\/h4>\n<p data-start=\"2729\" data-end=\"2874\"><strong data-start=\"2729\" data-end=\"2773\">F1: Sind diese f\u00fcr Rasenfl\u00e4chen geeignet?<\/strong><br data-start=\"2773\" data-end=\"2776\" \/>A: Diese sind speziell f\u00fcr folgende Zwecke konzipiert <strong data-start=\"2815\" data-end=\"2839\">Kunstrasen (TF)<\/strong>. F\u00fcr Naturrasen sind FG-Stollen zu verwenden.<\/p>\n<p data-start=\"2876\" data-end=\"3064\"><strong data-start=\"2876\" data-end=\"2927\">F2: Was macht TLSS-D\u00e4mpfungsschuhe anders?<\/strong><br data-start=\"2927\" data-end=\"2930\" \/>A: TLSS integriert <strong data-start=\"2949\" data-end=\"2973\">mehrschichtiger EVA-Schaum<\/strong> mit einer <strong data-start=\"2981\" data-end=\"3003\">Kohlefaserplatte<\/strong> um sowohl weichen Aufprallschutz als auch Torsionssteifigkeit zu bieten.<\/p>\n<p data-start=\"3066\" data-end=\"3199\"><strong data-start=\"3066\" data-end=\"3109\">F3: Kann ich sie f\u00fcr das t\u00e4gliche Training verwenden?<\/strong><br data-start=\"3109\" data-end=\"3112\" \/>A: Auf jeden Fall. Diese Schuhe sind sowohl f\u00fcr das Training als auch f\u00fcr Wettk\u00e4mpfe auf Rasen geeignet.<\/p>\n<p data-start=\"3201\" data-end=\"3337\"><strong data-start=\"3201\" data-end=\"3233\">F4: Wie sollte ich sie reinigen?<\/strong><br data-start=\"3233\" data-end=\"3236\" \/>A: Verwenden Sie eine weiche B\u00fcrste und ein mildes Reinigungsmittel. Vermeiden Sie das Einweichen oder Waschen in der Maschine, um die Kohlenstoffplatte zu sch\u00fctzen.<\/p>","protected":false},"excerpt":{"rendered":"<p>Diese auf Geschwindigkeit ausgelegten <strong data-start=\"511\" data-end=\"540\">Carbonplatten-Rennschuhe<\/strong> bieten verbesserten Vortrieb, hervorragenden Grip und Sto\u00dfd\u00e4mpfung. Perfekt f\u00fcr <strong data-start=\"619\" data-end=\"677\">Leichtathletik, Marathonlauf und Training<\/strong>Sie bieten ein atmungsaktives Design, ein leichtes Tragegef\u00fchl und eine hohe Energier\u00fcckgabe f\u00fcr ultimative Leistung.<\/p>","protected":false},"featured_media":20299,"comment_status":"open","ping_status":"closed","template":"","meta":{"_kadence_starter_templates_imported_post":false,"_kad_post_transparent":"","_kad_post_title":"","_kad_post_layout":"","_kad_post_sidebar_id":"","_kad_post_content_style":"","_kad_post_vertical_padding":"","_kad_post_feature":"","_kad_post_feature_position":"","_kad_post_header":false,"_kad_post_footer":false},"product_brand":[479],"product_cat":[253,252,477,478],"product_tag":[483,484,349,258,327,482,343,480,481,344,326],"class_list":{"0":"post-20276","1":"product","2":"type-product","3":"status-publish","4":"has-post-thumbnail","6":"product_brand-tlss","7":"product_cat-carbon-plate-running-shoes","8":"product_cat-carbon-shoes","9":"product_cat-tlss","10":"product_cat-tlss-shoes","11":"product_tag-anti-torsion-shoes","12":"product_tag-cushioning-shoes","13":"product_tag-racing-shoes","14":"product_tag-running-shoes-with-carbon-plate","15":"product_tag-shock-absorption-shoes","16":"product_tag-soccer-shoes","17":"product_tag-spike-shoes","18":"product_tag-tlss","19":"product_tag-tlss-shoes","20":"product_tag-track-and-field-shoes","21":"product_tag-training-shoes","23":"first","24":"instock","25":"shipping-taxable","26":"purchasable","27":"product-type-variable","28":"entry","29":"content-bg","30":"loop-entry"},"aioseo_notices":[],"_links":{"self":[{"href":"https:\/\/www.carbonfiberinsoles.shop\/de\/wp-json\/wp\/v2\/product\/20276","targetHints":{"allow":["GET"]}}],"collection":[{"href":"https:\/\/www.carbonfiberinsoles.shop\/de\/wp-json\/wp\/v2\/product"}],"about":[{"href":"https:\/\/www.carbonfiberinsoles.shop\/de\/wp-json\/wp\/v2\/types\/product"}],"replies":[{"embeddable":true,"href":"https:\/\/www.carbonfiberinsoles.shop\/de\/wp-json\/wp\/v2\/comments?post=20276"}],"version-history":[{"count":1,"href":"https:\/\/www.carbonfiberinsoles.shop\/de\/wp-json\/wp\/v2\/product\/20276\/revisions"}],"predecessor-version":[{"id":21578,"href":"https:\/\/www.carbonfiberinsoles.shop\/de\/wp-json\/wp\/v2\/product\/20276\/revisions\/21578"}],"wp:featuredmedia":[{"embeddable":true,"href":"https:\/\/www.carbonfiberinsoles.shop\/de\/wp-json\/wp\/v2\/media\/20299"}],"wp:attachment":[{"href":"https:\/\/www.carbonfiberinsoles.shop\/de\/wp-json\/wp\/v2\/media?parent=20276"}],"wp:term":[{"taxonomy":"product_brand","embeddable":true,"href":"https:\/\/www.carbonfiberinsoles.shop\/de\/wp-json\/wp\/v2\/product_brand?post=20276"},{"taxonomy":"product_cat","embeddable":true,"href":"https:\/\/www.carbonfiberinsoles.shop\/de\/wp-json\/wp\/v2\/product_cat?post=20276"},{"taxonomy":"product_tag","embeddable":true,"href":"https:\/\/www.carbonfiberinsoles.shop\/de\/wp-json\/wp\/v2\/product_tag?post=20276"}],"curies":[{"name":"wp","href":"https:\/\/api.w.org\/{rel}","templated":true}]}}