{"id":20964,"date":"2025-08-25T13:16:26","date_gmt":"2025-08-25T13:16:26","guid":{"rendered":"https:\/\/www.carbonfiberinsoles.shop\/?post_type=product&#038;p=20964"},"modified":"2026-03-30T07:57:47","modified_gmt":"2026-03-30T07:57:47","slug":"mens-diabetic-edema-shoes-lightweight-walking-wide-sneakers-plantar-fasciitis-shoes","status":"publish","type":"product","link":"https:\/\/www.carbonfiberinsoles.shop\/de\/produkt\/mens-diabetic-edema-shoes-lightweight-walking-wide-sneakers-plantar-fasciitis-shoes\/","title":{"rendered":"Herren-Diabetes-\u00d6dem-Schuhe - Leichte breite Walking-Schuhe"},"content":{"rendered":"<p>EINFACHES AN- &amp; AUSZIEHEN - Die Vorfu\u00dfriemen sind dank der Verschl\u00fcsse hochgradig verstellbar, der Verstellbereich ist ideal f\u00fcr Ver\u00e4nderungen des Schwellungsgrades. Das Tragen der extrabreiten Rundzehenschuhe kann helfen, den Druck auf geschwollene F\u00fc\u00dfe, Ballenzehen, \u00d6deme, Diabetes oder Hammerzehen zu lindern.<br \/>\nLEICHT &amp; KOMFORTABEL - Diese Diabetikerschuhe sind leicht genug und robust genug. Ober sind aus atmungsaktivem Material, perfekt f\u00fcr alle Jahreszeiten und Outdoor-Aktivit\u00e4ten gemacht. Stretch Mesh oberen erweitern mit Ihrem Fu\u00df, wenn Sie gehen. Bequemer eng anliegen, um Ihnen zu helfen, Irritationen zu reduzieren.<br \/>\nULTIMATE COMFORT FEELING - Ein sichtbares Luftkissen-Design absorbiert St\u00f6\u00dfe und sorgt f\u00fcr ein fehlerverzeihendes, leichtes Gef\u00fchl bei jedem Fu\u00dfauftritt. Die herausnehmbare Einlegesohle ist f\u00fcr zus\u00e4tzlichen Komfort gepolstert und kann individuelle Orthesen oder diabetische Einlagen aufnehmen. Die leichte und robuste Sohle bietet Grip sowohl f\u00fcr den Innen- als auch f\u00fcr den Au\u00dfenbereich.<br \/>\nZIELBENUTZER &amp; ANLASS - Ideal f\u00fcr alle, die zus\u00e4tzliche Dehnbarkeit, Komfort und Weichheit f\u00fcr geschwollene F\u00fc\u00dfe, Hammerzehen, Kn\u00f6chel, Plantarfasziitis, H\u00fchneraugen, Schwielen, Osteoarthritis, rheumatoide Arthritis, Hammerzehen, Morton-Neurom, \u00d6deme, Demenz, Verletzungen von Sehnen, Muskeln und Knochen oder einen postoperativen Schuh ben\u00f6tigen.<br \/>\n\u00dcber uns - Unsere Schuhe sind nach biomechanischen Gesichtspunkten entwickelt und verf\u00fcgen \u00fcber einzigartige Komforteigenschaften, um die beste L\u00f6sung f\u00fcr empfindliche F\u00fc\u00dfe und andere k\u00f6rperliche Beschwerden zu bieten, die durch Fu\u00dfprobleme oder schlechte K\u00f6rperhaltung verursacht werden. Unser Ziel ist es, das Leben von Menschen mit Diabetes und anderen Fu\u00dfproblemen zu erleichtern.<\/p>\n<p><img fetchpriority=\"high\" decoding=\"async\" class=\"aligncenter wp-image-20982 size-full\" src=\"http:\/\/www.carbonfiberinsoles.shop\/wp-content\/uploads\/2025\/08\/Mens-Diabetic-Edema-Shoes-Lightweight-Walking-Wide-Sneakers-Plantar-Fasciitis-Shoes-11.jpg\" alt=\"Herren Diabetiker \u00d6deme Schuhe leichtes Gehen breite Turnschuhe Plantar Fasciitis Schuhe\" width=\"970\" height=\"600\" srcset=\"https:\/\/www.carbonfiberinsoles.shop\/wp-content\/uploads\/2025\/08\/Mens-Diabetic-Edema-Shoes-Lightweight-Walking-Wide-Sneakers-Plantar-Fasciitis-Shoes-11.jpg 970w, https:\/\/www.carbonfiberinsoles.shop\/wp-content\/uploads\/2025\/08\/Mens-Diabetic-Edema-Shoes-Lightweight-Walking-Wide-Sneakers-Plantar-Fasciitis-Shoes-11-430x266.jpg 430w, https:\/\/www.carbonfiberinsoles.shop\/wp-content\/uploads\/2025\/08\/Mens-Diabetic-Edema-Shoes-Lightweight-Walking-Wide-Sneakers-Plantar-Fasciitis-Shoes-11-700x433.jpg 700w, https:\/\/www.carbonfiberinsoles.shop\/wp-content\/uploads\/2025\/08\/Mens-Diabetic-Edema-Shoes-Lightweight-Walking-Wide-Sneakers-Plantar-Fasciitis-Shoes-11-400x247.jpg 400w, https:\/\/www.carbonfiberinsoles.shop\/wp-content\/uploads\/2025\/08\/Mens-Diabetic-Edema-Shoes-Lightweight-Walking-Wide-Sneakers-Plantar-Fasciitis-Shoes-11-768x475.jpg 768w, https:\/\/www.carbonfiberinsoles.shop\/wp-content\/uploads\/2025\/08\/Mens-Diabetic-Edema-Shoes-Lightweight-Walking-Wide-Sneakers-Plantar-Fasciitis-Shoes-11-18x12.jpg 18w\" sizes=\"(max-width: 970px) 100vw, 970px\" \/> <img decoding=\"async\" class=\"aligncenter wp-image-20981 size-full\" src=\"http:\/\/www.carbonfiberinsoles.shop\/wp-content\/uploads\/2025\/08\/Mens-Diabetic-Edema-Shoes-Lightweight-Walking-Wide-Sneakers-Plantar-Fasciitis-Shoes-10.jpg\" alt=\"Herren Diabetiker \u00d6deme Schuhe leichtes Gehen breite Turnschuhe Plantar Fasciitis Schuhe\" width=\"970\" height=\"600\" srcset=\"https:\/\/www.carbonfiberinsoles.shop\/wp-content\/uploads\/2025\/08\/Mens-Diabetic-Edema-Shoes-Lightweight-Walking-Wide-Sneakers-Plantar-Fasciitis-Shoes-10.jpg 970w, https:\/\/www.carbonfiberinsoles.shop\/wp-content\/uploads\/2025\/08\/Mens-Diabetic-Edema-Shoes-Lightweight-Walking-Wide-Sneakers-Plantar-Fasciitis-Shoes-10-430x266.jpg 430w, https:\/\/www.carbonfiberinsoles.shop\/wp-content\/uploads\/2025\/08\/Mens-Diabetic-Edema-Shoes-Lightweight-Walking-Wide-Sneakers-Plantar-Fasciitis-Shoes-10-700x433.jpg 700w, https:\/\/www.carbonfiberinsoles.shop\/wp-content\/uploads\/2025\/08\/Mens-Diabetic-Edema-Shoes-Lightweight-Walking-Wide-Sneakers-Plantar-Fasciitis-Shoes-10-400x247.jpg 400w, https:\/\/www.carbonfiberinsoles.shop\/wp-content\/uploads\/2025\/08\/Mens-Diabetic-Edema-Shoes-Lightweight-Walking-Wide-Sneakers-Plantar-Fasciitis-Shoes-10-768x475.jpg 768w, https:\/\/www.carbonfiberinsoles.shop\/wp-content\/uploads\/2025\/08\/Mens-Diabetic-Edema-Shoes-Lightweight-Walking-Wide-Sneakers-Plantar-Fasciitis-Shoes-10-18x12.jpg 18w\" sizes=\"(max-width: 970px) 100vw, 970px\" \/> <img decoding=\"async\" class=\"aligncenter wp-image-20983 size-full\" src=\"http:\/\/www.carbonfiberinsoles.shop\/wp-content\/uploads\/2025\/08\/Mens-Diabetic-Edema-Shoes-Lightweight-Walking-Wide-Sneakers-Plantar-Fasciitis-Shoes-12.jpg\" alt=\"Herren Diabetiker \u00d6deme Schuhe leichtes Gehen breite Turnschuhe Plantar Fasciitis Schuhe\" width=\"970\" height=\"600\" srcset=\"https:\/\/www.carbonfiberinsoles.shop\/wp-content\/uploads\/2025\/08\/Mens-Diabetic-Edema-Shoes-Lightweight-Walking-Wide-Sneakers-Plantar-Fasciitis-Shoes-12.jpg 970w, https:\/\/www.carbonfiberinsoles.shop\/wp-content\/uploads\/2025\/08\/Mens-Diabetic-Edema-Shoes-Lightweight-Walking-Wide-Sneakers-Plantar-Fasciitis-Shoes-12-430x266.jpg 430w, https:\/\/www.carbonfiberinsoles.shop\/wp-content\/uploads\/2025\/08\/Mens-Diabetic-Edema-Shoes-Lightweight-Walking-Wide-Sneakers-Plantar-Fasciitis-Shoes-12-700x433.jpg 700w, https:\/\/www.carbonfiberinsoles.shop\/wp-content\/uploads\/2025\/08\/Mens-Diabetic-Edema-Shoes-Lightweight-Walking-Wide-Sneakers-Plantar-Fasciitis-Shoes-12-400x247.jpg 400w, https:\/\/www.carbonfiberinsoles.shop\/wp-content\/uploads\/2025\/08\/Mens-Diabetic-Edema-Shoes-Lightweight-Walking-Wide-Sneakers-Plantar-Fasciitis-Shoes-12-768x475.jpg 768w, https:\/\/www.carbonfiberinsoles.shop\/wp-content\/uploads\/2025\/08\/Mens-Diabetic-Edema-Shoes-Lightweight-Walking-Wide-Sneakers-Plantar-Fasciitis-Shoes-12-18x12.jpg 18w\" sizes=\"(max-width: 970px) 100vw, 970px\" \/> <img loading=\"lazy\" decoding=\"async\" class=\"aligncenter wp-image-20978 size-full\" src=\"http:\/\/www.carbonfiberinsoles.shop\/wp-content\/uploads\/2025\/08\/Mens-Diabetic-Edema-Shoes-Lightweight-Walking-Wide-Sneakers-Plantar-Fasciitis-Shoes-7.jpg\" alt=\"Herren Diabetiker \u00d6deme Schuhe leichtes Gehen breite Turnschuhe Plantar Fasciitis Schuhe\" width=\"970\" height=\"600\" srcset=\"https:\/\/www.carbonfiberinsoles.shop\/wp-content\/uploads\/2025\/08\/Mens-Diabetic-Edema-Shoes-Lightweight-Walking-Wide-Sneakers-Plantar-Fasciitis-Shoes-7.jpg 970w, https:\/\/www.carbonfiberinsoles.shop\/wp-content\/uploads\/2025\/08\/Mens-Diabetic-Edema-Shoes-Lightweight-Walking-Wide-Sneakers-Plantar-Fasciitis-Shoes-7-430x266.jpg 430w, https:\/\/www.carbonfiberinsoles.shop\/wp-content\/uploads\/2025\/08\/Mens-Diabetic-Edema-Shoes-Lightweight-Walking-Wide-Sneakers-Plantar-Fasciitis-Shoes-7-700x433.jpg 700w, https:\/\/www.carbonfiberinsoles.shop\/wp-content\/uploads\/2025\/08\/Mens-Diabetic-Edema-Shoes-Lightweight-Walking-Wide-Sneakers-Plantar-Fasciitis-Shoes-7-400x247.jpg 400w, https:\/\/www.carbonfiberinsoles.shop\/wp-content\/uploads\/2025\/08\/Mens-Diabetic-Edema-Shoes-Lightweight-Walking-Wide-Sneakers-Plantar-Fasciitis-Shoes-7-768x475.jpg 768w, https:\/\/www.carbonfiberinsoles.shop\/wp-content\/uploads\/2025\/08\/Mens-Diabetic-Edema-Shoes-Lightweight-Walking-Wide-Sneakers-Plantar-Fasciitis-Shoes-7-18x12.jpg 18w\" sizes=\"(max-width: 970px) 100vw, 970px\" \/><\/p>","protected":false},"excerpt":{"rendered":"<p><strong>Einzelheiten zum Produkt<\/strong><br \/>\nStoffart: 100% Baumwolle<br \/>\nMaterial der Sohle: Gummi<br \/>\n\u00c4u\u00dferes Material: Mesh<br \/>\nVerschlussart: Klettverschluss<\/p>","protected":false},"featured_media":20988,"comment_status":"open","ping_status":"closed","template":"","meta":{"_kadence_starter_templates_imported_post":false,"_kad_post_transparent":"default","_kad_post_title":"","_kad_post_layout":"default","_kad_post_sidebar_id":"","_kad_post_content_style":"default","_kad_post_vertical_padding":"default","_kad_post_feature":"","_kad_post_feature_position":"","_kad_post_header":false,"_kad_post_footer":false},"product_brand":[],"product_cat":[533,530,532,586],"product_tag":[373,539,538,542,540,541],"class_list":{"0":"post-20964","1":"product","2":"type-product","3":"status-publish","4":"has-post-thumbnail","6":"product_cat-men-diabetic-shoes","7":"product_cat-men-shoes","8":"product_cat-men-walking-shoes","9":"product_cat-recovery-shoes","10":"product_tag-anti-slip-shoes","11":"product_tag-diabetic-edema-shoes","12":"product_tag-plantar-fasciitis-shoes","13":"product_tag-slip-on-shoes","14":"product_tag-walking-shoes","15":"product_tag-wide-shoes","17":"first","18":"instock","19":"shipping-taxable","20":"purchasable","21":"product-type-variable","22":"has-default-attributes","23":"entry","24":"content-bg","25":"loop-entry"},"aioseo_notices":[],"_links":{"self":[{"href":"https:\/\/www.carbonfiberinsoles.shop\/de\/wp-json\/wp\/v2\/product\/20964","targetHints":{"allow":["GET"]}}],"collection":[{"href":"https:\/\/www.carbonfiberinsoles.shop\/de\/wp-json\/wp\/v2\/product"}],"about":[{"href":"https:\/\/www.carbonfiberinsoles.shop\/de\/wp-json\/wp\/v2\/types\/product"}],"replies":[{"embeddable":true,"href":"https:\/\/www.carbonfiberinsoles.shop\/de\/wp-json\/wp\/v2\/comments?post=20964"}],"version-history":[{"count":5,"href":"https:\/\/www.carbonfiberinsoles.shop\/de\/wp-json\/wp\/v2\/product\/20964\/revisions"}],"predecessor-version":[{"id":21576,"href":"https:\/\/www.carbonfiberinsoles.shop\/de\/wp-json\/wp\/v2\/product\/20964\/revisions\/21576"}],"wp:featuredmedia":[{"embeddable":true,"href":"https:\/\/www.carbonfiberinsoles.shop\/de\/wp-json\/wp\/v2\/media\/20988"}],"wp:attachment":[{"href":"https:\/\/www.carbonfiberinsoles.shop\/de\/wp-json\/wp\/v2\/media?parent=20964"}],"wp:term":[{"taxonomy":"product_brand","embeddable":true,"href":"https:\/\/www.carbonfiberinsoles.shop\/de\/wp-json\/wp\/v2\/product_brand?post=20964"},{"taxonomy":"product_cat","embeddable":true,"href":"https:\/\/www.carbonfiberinsoles.shop\/de\/wp-json\/wp\/v2\/product_cat?post=20964"},{"taxonomy":"product_tag","embeddable":true,"href":"https:\/\/www.carbonfiberinsoles.shop\/de\/wp-json\/wp\/v2\/product_tag?post=20964"}],"curies":[{"name":"wp","href":"https:\/\/api.w.org\/{rel}","templated":true}]}}