{"id":21166,"date":"2025-09-01T20:29:58","date_gmt":"2025-09-01T20:29:58","guid":{"rendered":"https:\/\/www.carbonfiberinsoles.shop\/?post_type=product&#038;p=21166"},"modified":"2026-03-30T07:57:35","modified_gmt":"2026-03-30T07:57:35","slug":"womens-diabetic-shoes-extra-wide-edema-shoes-outdoor-walking-sneakers-plantar-fasciitis-shoes","status":"publish","type":"product","link":"https:\/\/www.carbonfiberinsoles.shop\/de\/produkt\/womens-diabetic-shoes-extra-wide-edema-shoes-outdoor-walking-sneakers-plantar-fasciitis-shoes\/","title":{"rendered":"Damen Diabetiker \u00d6deme Schuhe - Extra Wide Walking Sneakers"},"content":{"rendered":"<ul class=\"a-unordered-list a-vertical a-spacing-small\">\n<li><span class=\"a-list-item a-size-base a-color-base\">\u3010Komfortable Wide Toe Box Shoes\u3011Our's women wide feet shoes customized soft knit material provides the ultimate flexibility and breathability. Dehnbares und atmungsaktives Obermaterial h\u00e4lt Ihre F\u00fc\u00dfe frisch und verhindert Ger\u00fcche. Breites Zehenbox-Design reduziert Druck und Schock von au\u00dfen, um extremen Komfort zu gew\u00e4hrleisten, wenn Sie diese sportlichen Schuhe tragen. Geeignet f\u00fcr geschwollene F\u00fc\u00dfe, breite F\u00fc\u00dfe, Hammerzehen, Bunionen, H\u00fchneraugen, Arthritis \u00d6deme, breite Fu\u00dfballen, Lymph\u00f6dem, Charcot-Fu\u00df etc.<\/span><\/li>\n<li><span class=\"a-list-item a-size-base a-color-base\">\u3010Easy Slip On and Take Off\u3011Diabetische Schuhe Funktion mit Klettverschluss machen diese Frauen Klettverschluss Schuhe ist bequem f\u00fcr anziehen und ausziehen leicht, die Frauen einfach Slip auf Schuhe k\u00f6nnen eingestellt und in die richtige Position angezogen werden, um den Spann f\u00fcr stabiles und bequemes Gehen zu sichern. Wide Width Design verbessern Ihren Komfort beim Gehen geh\u00f6ren eine ger\u00e4umige Zehenbox, um Ihre F\u00fc\u00dfe vor St\u00f6\u00dfen zu sch\u00fctzen. Sehr perfekt f\u00fcr Plantarfasziitis, Fu\u00df Schmerzlinderung, diabetische, orthop\u00e4dische, Neuropathie etc.<\/span><\/li>\n<li><span class=\"a-list-item a-size-base a-color-base\">\u3010Arch Supportive Walking Sneakers\u3011 Die Damen-Komfort-Walking-Schuhe mit Luftkissen-Design bieten stabile Unterst\u00fctzung und Sto\u00dfd\u00e4mpfung. Diese Bogen Unterst\u00fctzung Turnschuhe sind perfekt f\u00fcr diejenigen, die f\u00fcr lange Zeit stehen oder gehen muss. 3 Paare Luft-Mittelsohle kombiniert mit Memory-Schaum-Einlegesohle f\u00fcr Sto\u00dfd\u00e4mpfung und kann nach Belieben ersetzt werden. Sie werden Ihre F\u00fc\u00dfe auf eine bequeme Reise von Tag zu Nacht mitnehmen. Perfekt zum Gehen, sportliche Freizeitkleidung, Training, Laufen oder Fitness.<\/span><\/li>\n<li><span class=\"a-list-item a-size-base a-color-base\">\u3010All-Day Comfortable Walking Shoes\u3011Lightweight Non-slip Rubber sole with air cushion which offer for stability and provide cushioning and support effect for the feet. Gro\u00dfe Traktion und griffige Sohle bieten eine gute Traktion in Ihrem Schritt. Geeignet f\u00fcr lange Zeit stehen Arbeit, Wandern, Yoga, Krankenpflege, l\u00e4ssige Aktivit\u00e4ten, Einkaufen, Reisen, langes Stehen, Fahren.<\/span><\/li>\n<li><span class=\"a-list-item a-size-base a-color-base\">\u3010Verf\u00fcgbare Farbe &amp; Pflegetipps\u3011Diese Schuhe k\u00f6nnen allen Standardf\u00fc\u00dfen passen. Wenn Sie zwischen den Gr\u00f6\u00dfen liegen (z.B. Gr\u00f6\u00dfe 7.5, 8.5 usw.) oder Socken tragen, nehmen Sie bitte die n\u00e4chsth\u00f6here Gr\u00f6\u00dfe. Wenn Sie starke Schwellungen haben, empfehlen wir Ihnen, 1 Gr\u00f6\u00dfe gr\u00f6\u00dfer zu nehmen, je nach der Schwellungssituation Ihrer F\u00fc\u00dfe. Diese sind speziell entwickelt, um extra ger\u00e4umig zu sein und geschwollene F\u00fc\u00dfe zu versorgen. Weiches Strickmaterial wird empfohlen, in der Hand oder in der Maschine zu waschen, sehr einfach zu t\u00e4glichen Reinigung und Wartung.<\/span><\/li>\n<\/ul>\n<p><img fetchpriority=\"high\" decoding=\"async\" class=\"aligncenter wp-image-21304 size-full\" src=\"http:\/\/www.carbonfiberinsoles.shop\/wp-content\/uploads\/2025\/08\/Diabetic-Shoes-Extra-Wide-Edema-Shoes-11.jpg\" alt=\"Frauen M\u00e4nner Diabetiker Schuhe Extra Wide \u00d6deme Schuhe Outdoor Walking Sneakers Plantar Fasciitis Schuhe\" width=\"1464\" height=\"600\" srcset=\"https:\/\/www.carbonfiberinsoles.shop\/wp-content\/uploads\/2025\/08\/Diabetic-Shoes-Extra-Wide-Edema-Shoes-11.jpg 1464w, https:\/\/www.carbonfiberinsoles.shop\/wp-content\/uploads\/2025\/08\/Diabetic-Shoes-Extra-Wide-Edema-Shoes-11-400x164.jpg 400w, https:\/\/www.carbonfiberinsoles.shop\/wp-content\/uploads\/2025\/08\/Diabetic-Shoes-Extra-Wide-Edema-Shoes-11-1300x533.jpg 1300w, https:\/\/www.carbonfiberinsoles.shop\/wp-content\/uploads\/2025\/08\/Diabetic-Shoes-Extra-Wide-Edema-Shoes-11-768x315.jpg 768w, https:\/\/www.carbonfiberinsoles.shop\/wp-content\/uploads\/2025\/08\/Diabetic-Shoes-Extra-Wide-Edema-Shoes-11-18x7.jpg 18w, https:\/\/www.carbonfiberinsoles.shop\/wp-content\/uploads\/2025\/08\/Diabetic-Shoes-Extra-Wide-Edema-Shoes-11-430x176.jpg 430w, https:\/\/www.carbonfiberinsoles.shop\/wp-content\/uploads\/2025\/08\/Diabetic-Shoes-Extra-Wide-Edema-Shoes-11-700x287.jpg 700w\" sizes=\"(max-width: 1464px) 100vw, 1464px\" \/> <img decoding=\"async\" class=\"aligncenter wp-image-21302 size-full\" src=\"http:\/\/www.carbonfiberinsoles.shop\/wp-content\/uploads\/2025\/08\/Diabetic-Shoes-Extra-Wide-Edema-Shoes-7.jpg\" alt=\"Frauen M\u00e4nner Diabetiker Schuhe Extra Wide \u00d6deme Schuhe Outdoor Walking Sneakers Plantar Fasciitis Schuhe\" width=\"1464\" height=\"600\" srcset=\"https:\/\/www.carbonfiberinsoles.shop\/wp-content\/uploads\/2025\/08\/Diabetic-Shoes-Extra-Wide-Edema-Shoes-7.jpg 1464w, https:\/\/www.carbonfiberinsoles.shop\/wp-content\/uploads\/2025\/08\/Diabetic-Shoes-Extra-Wide-Edema-Shoes-7-400x164.jpg 400w, https:\/\/www.carbonfiberinsoles.shop\/wp-content\/uploads\/2025\/08\/Diabetic-Shoes-Extra-Wide-Edema-Shoes-7-1300x533.jpg 1300w, https:\/\/www.carbonfiberinsoles.shop\/wp-content\/uploads\/2025\/08\/Diabetic-Shoes-Extra-Wide-Edema-Shoes-7-768x315.jpg 768w, https:\/\/www.carbonfiberinsoles.shop\/wp-content\/uploads\/2025\/08\/Diabetic-Shoes-Extra-Wide-Edema-Shoes-7-18x7.jpg 18w, https:\/\/www.carbonfiberinsoles.shop\/wp-content\/uploads\/2025\/08\/Diabetic-Shoes-Extra-Wide-Edema-Shoes-7-430x176.jpg 430w, https:\/\/www.carbonfiberinsoles.shop\/wp-content\/uploads\/2025\/08\/Diabetic-Shoes-Extra-Wide-Edema-Shoes-7-700x287.jpg 700w\" sizes=\"(max-width: 1464px) 100vw, 1464px\" \/> <img decoding=\"async\" class=\"aligncenter wp-image-21300 size-full\" src=\"http:\/\/www.carbonfiberinsoles.shop\/wp-content\/uploads\/2025\/08\/Diabetic-Shoes-Extra-Wide-Edema-Shoes-5.jpg\" alt=\"Frauen M\u00e4nner Diabetiker Schuhe Extra Wide \u00d6deme Schuhe Outdoor Walking Sneakers Plantar Fasciitis Schuhe\" width=\"1464\" height=\"600\" srcset=\"https:\/\/www.carbonfiberinsoles.shop\/wp-content\/uploads\/2025\/08\/Diabetic-Shoes-Extra-Wide-Edema-Shoes-5.jpg 1464w, https:\/\/www.carbonfiberinsoles.shop\/wp-content\/uploads\/2025\/08\/Diabetic-Shoes-Extra-Wide-Edema-Shoes-5-400x164.jpg 400w, https:\/\/www.carbonfiberinsoles.shop\/wp-content\/uploads\/2025\/08\/Diabetic-Shoes-Extra-Wide-Edema-Shoes-5-1300x533.jpg 1300w, https:\/\/www.carbonfiberinsoles.shop\/wp-content\/uploads\/2025\/08\/Diabetic-Shoes-Extra-Wide-Edema-Shoes-5-768x315.jpg 768w, https:\/\/www.carbonfiberinsoles.shop\/wp-content\/uploads\/2025\/08\/Diabetic-Shoes-Extra-Wide-Edema-Shoes-5-18x7.jpg 18w, https:\/\/www.carbonfiberinsoles.shop\/wp-content\/uploads\/2025\/08\/Diabetic-Shoes-Extra-Wide-Edema-Shoes-5-430x176.jpg 430w, https:\/\/www.carbonfiberinsoles.shop\/wp-content\/uploads\/2025\/08\/Diabetic-Shoes-Extra-Wide-Edema-Shoes-5-700x287.jpg 700w\" sizes=\"(max-width: 1464px) 100vw, 1464px\" \/><img loading=\"lazy\" decoding=\"async\" class=\"aligncenter wp-image-21303 size-full\" src=\"http:\/\/www.carbonfiberinsoles.shop\/wp-content\/uploads\/2025\/08\/Diabetic-Shoes-Extra-Wide-Edema-Shoes-10.jpg\" alt=\"Frauen M\u00e4nner Diabetiker Schuhe Extra Wide \u00d6deme Schuhe Outdoor Walking Sneakers Plantar Fasciitis Schuhe\" width=\"1464\" height=\"600\" srcset=\"https:\/\/www.carbonfiberinsoles.shop\/wp-content\/uploads\/2025\/08\/Diabetic-Shoes-Extra-Wide-Edema-Shoes-10.jpg 1464w, https:\/\/www.carbonfiberinsoles.shop\/wp-content\/uploads\/2025\/08\/Diabetic-Shoes-Extra-Wide-Edema-Shoes-10-400x164.jpg 400w, https:\/\/www.carbonfiberinsoles.shop\/wp-content\/uploads\/2025\/08\/Diabetic-Shoes-Extra-Wide-Edema-Shoes-10-1300x533.jpg 1300w, https:\/\/www.carbonfiberinsoles.shop\/wp-content\/uploads\/2025\/08\/Diabetic-Shoes-Extra-Wide-Edema-Shoes-10-768x315.jpg 768w, https:\/\/www.carbonfiberinsoles.shop\/wp-content\/uploads\/2025\/08\/Diabetic-Shoes-Extra-Wide-Edema-Shoes-10-18x7.jpg 18w, https:\/\/www.carbonfiberinsoles.shop\/wp-content\/uploads\/2025\/08\/Diabetic-Shoes-Extra-Wide-Edema-Shoes-10-430x176.jpg 430w, https:\/\/www.carbonfiberinsoles.shop\/wp-content\/uploads\/2025\/08\/Diabetic-Shoes-Extra-Wide-Edema-Shoes-10-700x287.jpg 700w\" sizes=\"(max-width: 1464px) 100vw, 1464px\" \/><img loading=\"lazy\" decoding=\"async\" class=\"aligncenter wp-image-21321 size-full\" src=\"http:\/\/www.carbonfiberinsoles.shop\/wp-content\/uploads\/2025\/08\/Diabetic-Shoes-Extra-Wide-Edema-Shoes-30.jpg\" alt=\"Frauen M\u00e4nner Diabetiker Schuhe Extra Wide \u00d6deme Schuhe Outdoor Walking Sneakers Plantar Fasciitis Schuhe\" width=\"1464\" height=\"600\" srcset=\"https:\/\/www.carbonfiberinsoles.shop\/wp-content\/uploads\/2025\/08\/Diabetic-Shoes-Extra-Wide-Edema-Shoes-30.jpg 1464w, https:\/\/www.carbonfiberinsoles.shop\/wp-content\/uploads\/2025\/08\/Diabetic-Shoes-Extra-Wide-Edema-Shoes-30-400x164.jpg 400w, https:\/\/www.carbonfiberinsoles.shop\/wp-content\/uploads\/2025\/08\/Diabetic-Shoes-Extra-Wide-Edema-Shoes-30-1300x533.jpg 1300w, https:\/\/www.carbonfiberinsoles.shop\/wp-content\/uploads\/2025\/08\/Diabetic-Shoes-Extra-Wide-Edema-Shoes-30-768x315.jpg 768w, https:\/\/www.carbonfiberinsoles.shop\/wp-content\/uploads\/2025\/08\/Diabetic-Shoes-Extra-Wide-Edema-Shoes-30-18x7.jpg 18w, https:\/\/www.carbonfiberinsoles.shop\/wp-content\/uploads\/2025\/08\/Diabetic-Shoes-Extra-Wide-Edema-Shoes-30-430x176.jpg 430w, https:\/\/www.carbonfiberinsoles.shop\/wp-content\/uploads\/2025\/08\/Diabetic-Shoes-Extra-Wide-Edema-Shoes-30-700x287.jpg 700w\" sizes=\"(max-width: 1464px) 100vw, 1464px\" \/><\/p>","protected":false},"excerpt":{"rendered":"<p>\u3010Komfortable Wide Toe Box Shoes\u3011Our's women wide feet shoes customized soft knit material provides the ultimate flexibility and breathability. Dehnbares und atmungsaktives Obermaterial h\u00e4lt Ihre F\u00fc\u00dfe frisch und verhindert Ger\u00fcche. Breites Zehenbox-Design reduziert Druck und Schock von au\u00dfen und sorgt f\u00fcr extremen Komfort, wenn Sie diese Sportschuhe tragen. Geeignet f\u00fcr geschwollene...<\/p>","protected":false},"featured_media":21308,"comment_status":"open","ping_status":"closed","template":"","meta":{"_kadence_starter_templates_imported_post":false,"_kad_post_transparent":"default","_kad_post_title":"","_kad_post_layout":"default","_kad_post_sidebar_id":"","_kad_post_content_style":"default","_kad_post_vertical_padding":"default","_kad_post_feature":"","_kad_post_feature_position":"","_kad_post_header":false,"_kad_post_footer":false},"product_brand":[],"product_cat":[570,183,236,549,527,529,531],"product_tag":[535,585,582],"class_list":{"0":"post-21166","1":"product","2":"type-product","3":"status-publish","4":"has-post-thumbnail","6":"product_cat-diabetic-shoes","7":"product_cat-insoles","8":"product_cat-carbon-fiber-insoles-running","9":"product_cat-shoes","10":"product_cat-women-orthopedic-shoes","11":"product_cat-women-shoes","12":"product_cat-women-walking-shoes","13":"product_tag-diabetic-shoes","14":"product_tag-women-orthopedic-shoes","15":"product_tag-women-shoes","17":"first","18":"instock","19":"sale","20":"shipping-taxable","21":"purchasable","22":"product-type-variable","23":"has-default-attributes","24":"entry","25":"content-bg","26":"loop-entry"},"aioseo_notices":[],"_links":{"self":[{"href":"https:\/\/www.carbonfiberinsoles.shop\/de\/wp-json\/wp\/v2\/product\/21166","targetHints":{"allow":["GET"]}}],"collection":[{"href":"https:\/\/www.carbonfiberinsoles.shop\/de\/wp-json\/wp\/v2\/product"}],"about":[{"href":"https:\/\/www.carbonfiberinsoles.shop\/de\/wp-json\/wp\/v2\/types\/product"}],"replies":[{"embeddable":true,"href":"https:\/\/www.carbonfiberinsoles.shop\/de\/wp-json\/wp\/v2\/comments?post=21166"}],"version-history":[{"count":4,"href":"https:\/\/www.carbonfiberinsoles.shop\/de\/wp-json\/wp\/v2\/product\/21166\/revisions"}],"predecessor-version":[{"id":21575,"href":"https:\/\/www.carbonfiberinsoles.shop\/de\/wp-json\/wp\/v2\/product\/21166\/revisions\/21575"}],"wp:featuredmedia":[{"embeddable":true,"href":"https:\/\/www.carbonfiberinsoles.shop\/de\/wp-json\/wp\/v2\/media\/21308"}],"wp:attachment":[{"href":"https:\/\/www.carbonfiberinsoles.shop\/de\/wp-json\/wp\/v2\/media?parent=21166"}],"wp:term":[{"taxonomy":"product_brand","embeddable":true,"href":"https:\/\/www.carbonfiberinsoles.shop\/de\/wp-json\/wp\/v2\/product_brand?post=21166"},{"taxonomy":"product_cat","embeddable":true,"href":"https:\/\/www.carbonfiberinsoles.shop\/de\/wp-json\/wp\/v2\/product_cat?post=21166"},{"taxonomy":"product_tag","embeddable":true,"href":"https:\/\/www.carbonfiberinsoles.shop\/de\/wp-json\/wp\/v2\/product_tag?post=21166"}],"curies":[{"name":"wp","href":"https:\/\/api.w.org\/{rel}","templated":true}]}}