{"id":21326,"date":"2025-09-01T20:59:17","date_gmt":"2025-09-01T20:59:17","guid":{"rendered":"https:\/\/www.carbonfiberinsoles.shop\/?post_type=product&#038;p=21326"},"modified":"2026-03-30T07:57:16","modified_gmt":"2026-03-30T07:57:16","slug":"womens-proven-foot-pain-relief-diabetic-shoes-wide-width-walking-shoes-indoor-outdoor","status":"publish","type":"product","link":"https:\/\/www.carbonfiberinsoles.shop\/de\/produkt\/womens-proven-foot-pain-relief-diabetic-shoes-wide-width-walking-shoes-indoor-outdoor\/","title":{"rendered":"Diabetiker-Wanderschuhe f\u00fcr Frauen - Weite Indoor\/Outdoor"},"content":{"rendered":"<p>EINFACHES AN- UND AUSZIEHEN - Die Vorfu\u00dfriemen sind dank der Verschl\u00fcsse hochgradig verstellbar, der Verstellbereich ist ideal f\u00fcr Ver\u00e4nderungen des Schwellungsgrades. Das Tragen des leichten Diabetikerschuhs kann helfen, den Druck auf geschwollene F\u00fc\u00dfe, Ballenzehen, \u00d6deme, Diabetes oder Hammerzehen zu lindern.<br \/>\nEXTENDED WIDTHS - Die breite Zehenbox bietet eine bequeme, nicht bindende Passform und entlastet empfindliche F\u00fc\u00dfe. Atmungsaktives Mesh-Obermaterial dehnt sich beim Gehen mit dem Fu\u00df aus, perfekt f\u00fcr alle Jahreszeiten und Outdoor-Aktivit\u00e4ten. Bequemere, eng anliegende Passform, um Irritationen zu vermeiden.<br \/>\n3 PAARE EXTRA SCHAUMEINLAGEN - Das extra tiefe Design mit 3 Paaren herausnehmbarer Memory Foam-Einlagen bietet reichlich Platz f\u00fcr individuell angefertigte Orthesen. Diese komfortablen Polsterungen bieten moderate Kontrolle und Unterst\u00fctzung und Schutz f\u00fcr geschwollene F\u00fc\u00dfe, bietet die beste L\u00f6sung und ma\u00dfgeschneiderte Passform f\u00fcr Frauen diabetische Schuhe, Problemf\u00fc\u00dfe.<br \/>\nZIELBENUTZER &amp; ANLASS - Ideal f\u00fcr alle, die zus\u00e4tzliche Dehnbarkeit, Komfort und Weichheit f\u00fcr geschwollene F\u00fc\u00dfe, Hammerzehen, Kn\u00f6chel, Plantarfasziitis, H\u00fchneraugen, Schwielen, Osteoarthritis, rheumatoide Arthritis, Hammerzehen, Morton-Neurom, \u00d6deme, Demenz, Verletzungen von Sehnen, Muskeln und Knochen oder einen postoperativen Schuh ben\u00f6tigen.<\/p>\n<p><img fetchpriority=\"high\" decoding=\"async\" class=\"aligncenter wp-image-21344 size-full\" src=\"http:\/\/www.carbonfiberinsoles.shop\/wp-content\/uploads\/2025\/08\/Womens-Diabetic-Shoes-Wide-Width-Walking-Shoes-IndoorOutdoor-31_1.jpg\" alt=\"Bew\u00e4hrte Fu\u00dfschmerzen Relief Diabetiker Schuhe Breite Walking Schuhe Indoor \/ Outdoor\" width=\"970\" height=\"600\" srcset=\"https:\/\/www.carbonfiberinsoles.shop\/wp-content\/uploads\/2025\/08\/Womens-Diabetic-Shoes-Wide-Width-Walking-Shoes-IndoorOutdoor-31_1.jpg 970w, https:\/\/www.carbonfiberinsoles.shop\/wp-content\/uploads\/2025\/08\/Womens-Diabetic-Shoes-Wide-Width-Walking-Shoes-IndoorOutdoor-31_1-400x247.jpg 400w, https:\/\/www.carbonfiberinsoles.shop\/wp-content\/uploads\/2025\/08\/Womens-Diabetic-Shoes-Wide-Width-Walking-Shoes-IndoorOutdoor-31_1-768x475.jpg 768w, https:\/\/www.carbonfiberinsoles.shop\/wp-content\/uploads\/2025\/08\/Womens-Diabetic-Shoes-Wide-Width-Walking-Shoes-IndoorOutdoor-31_1-18x12.jpg 18w, https:\/\/www.carbonfiberinsoles.shop\/wp-content\/uploads\/2025\/08\/Womens-Diabetic-Shoes-Wide-Width-Walking-Shoes-IndoorOutdoor-31_1-430x266.jpg 430w, https:\/\/www.carbonfiberinsoles.shop\/wp-content\/uploads\/2025\/08\/Womens-Diabetic-Shoes-Wide-Width-Walking-Shoes-IndoorOutdoor-31_1-700x433.jpg 700w\" sizes=\"(max-width: 970px) 100vw, 970px\" \/> <img decoding=\"async\" class=\"aligncenter wp-image-21348 size-full\" src=\"http:\/\/www.carbonfiberinsoles.shop\/wp-content\/uploads\/2025\/08\/Womens-Diabetic-Shoes-Wide-Width-Walking-Shoes-IndoorOutdoor-35.jpg\" alt=\"Bew\u00e4hrte Fu\u00dfschmerzen Relief Diabetiker Schuhe Breite Walking Schuhe Indoor \/ Outdoor\" width=\"970\" height=\"600\" srcset=\"https:\/\/www.carbonfiberinsoles.shop\/wp-content\/uploads\/2025\/08\/Womens-Diabetic-Shoes-Wide-Width-Walking-Shoes-IndoorOutdoor-35.jpg 970w, https:\/\/www.carbonfiberinsoles.shop\/wp-content\/uploads\/2025\/08\/Womens-Diabetic-Shoes-Wide-Width-Walking-Shoes-IndoorOutdoor-35-400x247.jpg 400w, https:\/\/www.carbonfiberinsoles.shop\/wp-content\/uploads\/2025\/08\/Womens-Diabetic-Shoes-Wide-Width-Walking-Shoes-IndoorOutdoor-35-768x475.jpg 768w, https:\/\/www.carbonfiberinsoles.shop\/wp-content\/uploads\/2025\/08\/Womens-Diabetic-Shoes-Wide-Width-Walking-Shoes-IndoorOutdoor-35-18x12.jpg 18w, https:\/\/www.carbonfiberinsoles.shop\/wp-content\/uploads\/2025\/08\/Womens-Diabetic-Shoes-Wide-Width-Walking-Shoes-IndoorOutdoor-35-430x266.jpg 430w, https:\/\/www.carbonfiberinsoles.shop\/wp-content\/uploads\/2025\/08\/Womens-Diabetic-Shoes-Wide-Width-Walking-Shoes-IndoorOutdoor-35-700x433.jpg 700w\" sizes=\"(max-width: 970px) 100vw, 970px\" \/> <img decoding=\"async\" class=\"aligncenter wp-image-21334 size-full\" src=\"http:\/\/www.carbonfiberinsoles.shop\/wp-content\/uploads\/2025\/08\/Womens-Diabetic-Shoes-Wide-Width-Walking-Shoes-IndoorOutdoor-21.jpg\" alt=\"Bew\u00e4hrte Fu\u00dfschmerzen Relief Diabetiker Schuhe Breite Walking Schuhe Indoor \/ Outdoor\" width=\"970\" height=\"600\" srcset=\"https:\/\/www.carbonfiberinsoles.shop\/wp-content\/uploads\/2025\/08\/Womens-Diabetic-Shoes-Wide-Width-Walking-Shoes-IndoorOutdoor-21.jpg 970w, https:\/\/www.carbonfiberinsoles.shop\/wp-content\/uploads\/2025\/08\/Womens-Diabetic-Shoes-Wide-Width-Walking-Shoes-IndoorOutdoor-21-400x247.jpg 400w, https:\/\/www.carbonfiberinsoles.shop\/wp-content\/uploads\/2025\/08\/Womens-Diabetic-Shoes-Wide-Width-Walking-Shoes-IndoorOutdoor-21-768x475.jpg 768w, https:\/\/www.carbonfiberinsoles.shop\/wp-content\/uploads\/2025\/08\/Womens-Diabetic-Shoes-Wide-Width-Walking-Shoes-IndoorOutdoor-21-18x12.jpg 18w, https:\/\/www.carbonfiberinsoles.shop\/wp-content\/uploads\/2025\/08\/Womens-Diabetic-Shoes-Wide-Width-Walking-Shoes-IndoorOutdoor-21-430x266.jpg 430w, https:\/\/www.carbonfiberinsoles.shop\/wp-content\/uploads\/2025\/08\/Womens-Diabetic-Shoes-Wide-Width-Walking-Shoes-IndoorOutdoor-21-700x433.jpg 700w\" sizes=\"(max-width: 970px) 100vw, 970px\" \/> <img loading=\"lazy\" decoding=\"async\" class=\"aligncenter wp-image-21333 size-full\" src=\"http:\/\/www.carbonfiberinsoles.shop\/wp-content\/uploads\/2025\/08\/Womens-Diabetic-Shoes-Wide-Width-Walking-Shoes-IndoorOutdoor-20.jpg\" alt=\"Bew\u00e4hrte Fu\u00dfschmerzen Relief Diabetiker Schuhe Breite Walking Schuhe Indoor \/ Outdoor\" width=\"970\" height=\"600\" srcset=\"https:\/\/www.carbonfiberinsoles.shop\/wp-content\/uploads\/2025\/08\/Womens-Diabetic-Shoes-Wide-Width-Walking-Shoes-IndoorOutdoor-20.jpg 970w, https:\/\/www.carbonfiberinsoles.shop\/wp-content\/uploads\/2025\/08\/Womens-Diabetic-Shoes-Wide-Width-Walking-Shoes-IndoorOutdoor-20-400x247.jpg 400w, https:\/\/www.carbonfiberinsoles.shop\/wp-content\/uploads\/2025\/08\/Womens-Diabetic-Shoes-Wide-Width-Walking-Shoes-IndoorOutdoor-20-768x475.jpg 768w, https:\/\/www.carbonfiberinsoles.shop\/wp-content\/uploads\/2025\/08\/Womens-Diabetic-Shoes-Wide-Width-Walking-Shoes-IndoorOutdoor-20-18x12.jpg 18w, https:\/\/www.carbonfiberinsoles.shop\/wp-content\/uploads\/2025\/08\/Womens-Diabetic-Shoes-Wide-Width-Walking-Shoes-IndoorOutdoor-20-430x266.jpg 430w, https:\/\/www.carbonfiberinsoles.shop\/wp-content\/uploads\/2025\/08\/Womens-Diabetic-Shoes-Wide-Width-Walking-Shoes-IndoorOutdoor-20-700x433.jpg 700w\" sizes=\"(max-width: 970px) 100vw, 970px\" \/><\/p>","protected":false},"excerpt":{"rendered":"<p>EINFACHES AN- UND AUSZIEHEN - Die Vorfu\u00dfriemen sind dank der Verschl\u00fcsse hochgradig verstellbar, der Verstellbereich ist ideal f\u00fcr Ver\u00e4nderungen des Schwellungsgrades. Das Tragen des leichten Diabetikerschuhs kann helfen, den Druck auf geschwollene F\u00fc\u00dfe, Ballenzehen, \u00d6deme, Diabetes oder Hammerzehen zu lindern. EXTENDED WIDTHS - Die breite Zehenbox bietet...<\/p>","protected":false},"featured_media":21332,"comment_status":"open","ping_status":"closed","template":"","meta":{"_kadence_starter_templates_imported_post":false,"_kad_post_transparent":"default","_kad_post_title":"","_kad_post_layout":"default","_kad_post_sidebar_id":"","_kad_post_content_style":"default","_kad_post_vertical_padding":"default","_kad_post_feature":"","_kad_post_feature_position":"","_kad_post_header":false,"_kad_post_footer":false},"product_brand":[],"product_cat":[570,533,586,528,529,531],"product_tag":[332,535],"class_list":{"0":"post-21326","1":"product","2":"type-product","3":"status-publish","4":"has-post-thumbnail","6":"product_cat-diabetic-shoes","7":"product_cat-men-diabetic-shoes","8":"product_cat-recovery-shoes","9":"product_cat-women-diabetic-shoes","10":"product_cat-women-shoes","11":"product_cat-women-walking-shoes","12":"product_tag-casual-shoes","13":"product_tag-diabetic-shoes","15":"first","16":"instock","17":"sale","18":"shipping-taxable","19":"purchasable","20":"product-type-variable","21":"has-default-attributes","22":"entry","23":"content-bg","24":"loop-entry"},"aioseo_notices":[],"_links":{"self":[{"href":"https:\/\/www.carbonfiberinsoles.shop\/de\/wp-json\/wp\/v2\/product\/21326","targetHints":{"allow":["GET"]}}],"collection":[{"href":"https:\/\/www.carbonfiberinsoles.shop\/de\/wp-json\/wp\/v2\/product"}],"about":[{"href":"https:\/\/www.carbonfiberinsoles.shop\/de\/wp-json\/wp\/v2\/types\/product"}],"replies":[{"embeddable":true,"href":"https:\/\/www.carbonfiberinsoles.shop\/de\/wp-json\/wp\/v2\/comments?post=21326"}],"version-history":[{"count":3,"href":"https:\/\/www.carbonfiberinsoles.shop\/de\/wp-json\/wp\/v2\/product\/21326\/revisions"}],"predecessor-version":[{"id":21574,"href":"https:\/\/www.carbonfiberinsoles.shop\/de\/wp-json\/wp\/v2\/product\/21326\/revisions\/21574"}],"wp:featuredmedia":[{"embeddable":true,"href":"https:\/\/www.carbonfiberinsoles.shop\/de\/wp-json\/wp\/v2\/media\/21332"}],"wp:attachment":[{"href":"https:\/\/www.carbonfiberinsoles.shop\/de\/wp-json\/wp\/v2\/media?parent=21326"}],"wp:term":[{"taxonomy":"product_brand","embeddable":true,"href":"https:\/\/www.carbonfiberinsoles.shop\/de\/wp-json\/wp\/v2\/product_brand?post=21326"},{"taxonomy":"product_cat","embeddable":true,"href":"https:\/\/www.carbonfiberinsoles.shop\/de\/wp-json\/wp\/v2\/product_cat?post=21326"},{"taxonomy":"product_tag","embeddable":true,"href":"https:\/\/www.carbonfiberinsoles.shop\/de\/wp-json\/wp\/v2\/product_tag?post=21326"}],"curies":[{"name":"wp","href":"https:\/\/api.w.org\/{rel}","templated":true}]}}