{"id":593,"date":"2024-10-07T10:12:13","date_gmt":"2024-10-07T10:12:13","guid":{"rendered":"https:\/\/www.carbonfiberinsoles.shop\/?post_type=product&#038;p=593"},"modified":"2026-03-30T08:02:49","modified_gmt":"2026-03-30T08:02:49","slug":"carbon-fiber-insoles-boost-explosive-power-and-bounce-arch-support-shock-absorption-injury-prevention-alleviate-foot-pain","status":"publish","type":"product","link":"https:\/\/www.carbonfiberinsoles.shop\/de\/produkt\/carbon-fiber-insoles-boost-explosive-power-and-bounce-arch-support-shock-absorption-injury-prevention-alleviate-foot-pain\/","title":{"rendered":"Carbon Fiber Basketball Einlegesohlen - Steigerung der Explosivkraft"},"content":{"rendered":"<p><strong>Beschreibung des Produkts:<\/strong><br \/>\nEntfalten Sie Ihr volles sportliches Potenzial mit unseren Hochleistungs <strong>Kohlefaser-Einlagen<\/strong>Dieser Schuh wurde entwickelt, um die Explosivkraft zu steigern, die Sprungkraft zu verbessern und das Fu\u00dfgew\u00f6lbe optimal zu st\u00fctzen. Diese <strong>Kohlefaser-Einlagen<\/strong> wurden f\u00fcr Sportler und aktive Menschen entwickelt, die ihre Leistung maximieren und gleichzeitig Verletzungen vorbeugen und Fu\u00dfschmerzen lindern wollen.<\/p>\n<p>Diese Einlegesohlen aus hochwertiger Karbonfaser bieten eine au\u00dfergew\u00f6hnliche Sto\u00dfd\u00e4mpfung und helfen, die Auswirkungen auf Ihre F\u00fc\u00dfe bei intensiven Aktivit\u00e4ten zu reduzieren. Ob Sie springen, sprinten oder Sportarten mit hoher Belastung betreiben, die leichte und langlebige Konstruktion dieser <strong>Kohlefaser-Einlagen<\/strong> sorgt f\u00fcr lang anhaltenden Komfort und Fu\u00dfstabilit\u00e4t. Die Fu\u00dfgew\u00f6lbest\u00fctze der Einlegesohlen verbessert die Fu\u00dfausrichtung, verringert die Belastung und f\u00f6rdert die allgemeine Fu\u00dfgesundheit.<\/p>\n<p>Perfekt f\u00fcr den t\u00e4glichen Gebrauch oder Hochleistungssport, diese <strong>Kohlefaser-Einlagen<\/strong> helfen Ihnen, aktiv zu bleiben, Verletzungen vorzubeugen und sich schneller von Fu\u00dfschmerzen zu erholen, w\u00e4hrend Sie gleichzeitig Ihre sportliche Leistung steigern.<\/p>\n<p>&nbsp;<\/p>\n<p>&nbsp;<\/p>\n<p><img fetchpriority=\"high\" decoding=\"async\" class=\"wp-image-596 size-full aligncenter\" src=\"https:\/\/www.carbonfiberinsoles.shop\/wp-content\/uploads\/2024\/10\/Carbon-Fiber-Insoles-Boost-Explosive-Power-and-Bounce-Arch-Support-Shock-Absorption-Injury-Prevention-Alleviate-Foot-Pain-1-3.png\" alt=\"Carbon Fiber Einlegesohlen - Steigerung der Explosivkraft und Sprungkraft, Fu\u00dfgew\u00f6lbest\u00fctze, Sto\u00dfd\u00e4mpfung, Verletzungsprophylaxe, Linderung von Fu\u00dfschmerzen (1\" width=\"720\" height=\"720\" srcset=\"https:\/\/www.carbonfiberinsoles.shop\/wp-content\/uploads\/2024\/10\/Carbon-Fiber-Insoles-Boost-Explosive-Power-and-Bounce-Arch-Support-Shock-Absorption-Injury-Prevention-Alleviate-Foot-Pain-1-3.png 720w, https:\/\/www.carbonfiberinsoles.shop\/wp-content\/uploads\/2024\/10\/Carbon-Fiber-Insoles-Boost-Explosive-Power-and-Bounce-Arch-Support-Shock-Absorption-Injury-Prevention-Alleviate-Foot-Pain-1-3-430x430.png 430w, https:\/\/www.carbonfiberinsoles.shop\/wp-content\/uploads\/2024\/10\/Carbon-Fiber-Insoles-Boost-Explosive-Power-and-Bounce-Arch-Support-Shock-Absorption-Injury-Prevention-Alleviate-Foot-Pain-1-3-100x100.png 100w, https:\/\/www.carbonfiberinsoles.shop\/wp-content\/uploads\/2024\/10\/Carbon-Fiber-Insoles-Boost-Explosive-Power-and-Bounce-Arch-Support-Shock-Absorption-Injury-Prevention-Alleviate-Foot-Pain-1-3-700x700.png 700w, https:\/\/www.carbonfiberinsoles.shop\/wp-content\/uploads\/2024\/10\/Carbon-Fiber-Insoles-Boost-Explosive-Power-and-Bounce-Arch-Support-Shock-Absorption-Injury-Prevention-Alleviate-Foot-Pain-1-3-300x300.png 300w, https:\/\/www.carbonfiberinsoles.shop\/wp-content\/uploads\/2024\/10\/Carbon-Fiber-Insoles-Boost-Explosive-Power-and-Bounce-Arch-Support-Shock-Absorption-Injury-Prevention-Alleviate-Foot-Pain-1-3-150x150.png 150w\" sizes=\"(max-width: 720px) 100vw, 720px\" \/> <img decoding=\"async\" class=\"wp-image-599 size-full aligncenter\" src=\"https:\/\/www.carbonfiberinsoles.shop\/wp-content\/uploads\/2024\/10\/Carbon-Fiber-Insoles-Boost-Explosive-Power-and-Bounce-Arch-Support-Shock-Absorption-Injury-Prevention-Alleviate-Foot-Pain-1-7.png\" alt=\"Carbon Fiber Einlegesohlen - Steigerung der Explosivkraft und Sprungkraft, Fu\u00dfgew\u00f6lbest\u00fctze, Sto\u00dfd\u00e4mpfung, Verletzungsprophylaxe, Linderung von Fu\u00dfschmerzen (1\" width=\"750\" height=\"1000\" srcset=\"https:\/\/www.carbonfiberinsoles.shop\/wp-content\/uploads\/2024\/10\/Carbon-Fiber-Insoles-Boost-Explosive-Power-and-Bounce-Arch-Support-Shock-Absorption-Injury-Prevention-Alleviate-Foot-Pain-1-7.png 750w, https:\/\/www.carbonfiberinsoles.shop\/wp-content\/uploads\/2024\/10\/Carbon-Fiber-Insoles-Boost-Explosive-Power-and-Bounce-Arch-Support-Shock-Absorption-Injury-Prevention-Alleviate-Foot-Pain-1-7-430x573.png 430w, https:\/\/www.carbonfiberinsoles.shop\/wp-content\/uploads\/2024\/10\/Carbon-Fiber-Insoles-Boost-Explosive-Power-and-Bounce-Arch-Support-Shock-Absorption-Injury-Prevention-Alleviate-Foot-Pain-1-7-700x933.png 700w, https:\/\/www.carbonfiberinsoles.shop\/wp-content\/uploads\/2024\/10\/Carbon-Fiber-Insoles-Boost-Explosive-Power-and-Bounce-Arch-Support-Shock-Absorption-Injury-Prevention-Alleviate-Foot-Pain-1-7-225x300.png 225w\" sizes=\"(max-width: 750px) 100vw, 750px\" \/><\/p>\n<p><img decoding=\"async\" class=\"aligncenter wp-image-602 size-full\" src=\"https:\/\/www.carbonfiberinsoles.shop\/wp-content\/uploads\/2024\/10\/Carbon-Fiber-Insoles-Boost-Explosive-Power-and-Bounce-Arch-Support-Shock-Absorption-Injury-Prevention-Alleviate-Foot-Pain-1-1.png\" alt=\"Carbon Fiber Einlegesohlen - Steigerung der Explosivkraft und Sprungkraft, Fu\u00dfgew\u00f6lbest\u00fctze, Sto\u00dfd\u00e4mpfung, Verletzungsprophylaxe, Linderung von Fu\u00dfschmerzen (1\" width=\"720\" height=\"720\" srcset=\"https:\/\/www.carbonfiberinsoles.shop\/wp-content\/uploads\/2024\/10\/Carbon-Fiber-Insoles-Boost-Explosive-Power-and-Bounce-Arch-Support-Shock-Absorption-Injury-Prevention-Alleviate-Foot-Pain-1-1.png 720w, https:\/\/www.carbonfiberinsoles.shop\/wp-content\/uploads\/2024\/10\/Carbon-Fiber-Insoles-Boost-Explosive-Power-and-Bounce-Arch-Support-Shock-Absorption-Injury-Prevention-Alleviate-Foot-Pain-1-1-430x430.png 430w, https:\/\/www.carbonfiberinsoles.shop\/wp-content\/uploads\/2024\/10\/Carbon-Fiber-Insoles-Boost-Explosive-Power-and-Bounce-Arch-Support-Shock-Absorption-Injury-Prevention-Alleviate-Foot-Pain-1-1-100x100.png 100w, https:\/\/www.carbonfiberinsoles.shop\/wp-content\/uploads\/2024\/10\/Carbon-Fiber-Insoles-Boost-Explosive-Power-and-Bounce-Arch-Support-Shock-Absorption-Injury-Prevention-Alleviate-Foot-Pain-1-1-700x700.png 700w, https:\/\/www.carbonfiberinsoles.shop\/wp-content\/uploads\/2024\/10\/Carbon-Fiber-Insoles-Boost-Explosive-Power-and-Bounce-Arch-Support-Shock-Absorption-Injury-Prevention-Alleviate-Foot-Pain-1-1-300x300.png 300w, https:\/\/www.carbonfiberinsoles.shop\/wp-content\/uploads\/2024\/10\/Carbon-Fiber-Insoles-Boost-Explosive-Power-and-Bounce-Arch-Support-Shock-Absorption-Injury-Prevention-Alleviate-Foot-Pain-1-1-150x150.png 150w\" sizes=\"(max-width: 720px) 100vw, 720px\" \/><\/p>\n<p>&nbsp;<\/p>\n<p><img loading=\"lazy\" decoding=\"async\" class=\"wp-image-519 size-full aligncenter\" src=\"https:\/\/www.carbonfiberinsoles.shop\/wp-content\/uploads\/2024\/09\/Carbon-Fiber-Insoles-for-Men-Women-Shock-Absorbing-Sport-Shoe-Insoles-for-Basketball-Voll-.jpg\" alt=\"Carbon Fiber Einlegesohlen f\u00fcr M\u00e4nner Frauen, schockabsorbierende Sportschuh Einlegesohlen f\u00fcr Basketball Voll ( (3)\" width=\"970\" height=\"600\" srcset=\"https:\/\/www.carbonfiberinsoles.shop\/wp-content\/uploads\/2024\/09\/Carbon-Fiber-Insoles-for-Men-Women-Shock-Absorbing-Sport-Shoe-Insoles-for-Basketball-Voll-.jpg 970w, https:\/\/www.carbonfiberinsoles.shop\/wp-content\/uploads\/2024\/09\/Carbon-Fiber-Insoles-for-Men-Women-Shock-Absorbing-Sport-Shoe-Insoles-for-Basketball-Voll--430x266.jpg 430w, https:\/\/www.carbonfiberinsoles.shop\/wp-content\/uploads\/2024\/09\/Carbon-Fiber-Insoles-for-Men-Women-Shock-Absorbing-Sport-Shoe-Insoles-for-Basketball-Voll--700x433.jpg 700w, https:\/\/www.carbonfiberinsoles.shop\/wp-content\/uploads\/2024\/09\/Carbon-Fiber-Insoles-for-Men-Women-Shock-Absorbing-Sport-Shoe-Insoles-for-Basketball-Voll--300x186.jpg 300w, https:\/\/www.carbonfiberinsoles.shop\/wp-content\/uploads\/2024\/09\/Carbon-Fiber-Insoles-for-Men-Women-Shock-Absorbing-Sport-Shoe-Insoles-for-Basketball-Voll--768x475.jpg 768w\" sizes=\"(max-width: 970px) 100vw, 970px\" \/><\/p>\n<p>&nbsp;<\/p>\n<p><img loading=\"lazy\" decoding=\"async\" class=\"wp-image-517 size-full aligncenter\" src=\"https:\/\/www.carbonfiberinsoles.shop\/wp-content\/uploads\/2024\/09\/Carbon-Fiber-Insoles-for-Men-Women-Shock-Absorbing-Sport-Shoe-Insoles-for-Basketball-Voll-3.jpg\" alt=\"Carbon Fiber Einlegesohlen f\u00fcr M\u00e4nner Frauen, schockabsorbierende Sportschuh Einlegesohlen f\u00fcr Basketball Voll ( (3)\" width=\"970\" height=\"600\" srcset=\"https:\/\/www.carbonfiberinsoles.shop\/wp-content\/uploads\/2024\/09\/Carbon-Fiber-Insoles-for-Men-Women-Shock-Absorbing-Sport-Shoe-Insoles-for-Basketball-Voll-3.jpg 970w, https:\/\/www.carbonfiberinsoles.shop\/wp-content\/uploads\/2024\/09\/Carbon-Fiber-Insoles-for-Men-Women-Shock-Absorbing-Sport-Shoe-Insoles-for-Basketball-Voll-3-430x266.jpg 430w, https:\/\/www.carbonfiberinsoles.shop\/wp-content\/uploads\/2024\/09\/Carbon-Fiber-Insoles-for-Men-Women-Shock-Absorbing-Sport-Shoe-Insoles-for-Basketball-Voll-3-700x433.jpg 700w, https:\/\/www.carbonfiberinsoles.shop\/wp-content\/uploads\/2024\/09\/Carbon-Fiber-Insoles-for-Men-Women-Shock-Absorbing-Sport-Shoe-Insoles-for-Basketball-Voll-3-300x186.jpg 300w, https:\/\/www.carbonfiberinsoles.shop\/wp-content\/uploads\/2024\/09\/Carbon-Fiber-Insoles-for-Men-Women-Shock-Absorbing-Sport-Shoe-Insoles-for-Basketball-Voll-3-768x475.jpg 768w\" sizes=\"(max-width: 970px) 100vw, 970px\" \/><\/p>\n<p><img loading=\"lazy\" decoding=\"async\" class=\"wp-image-512 size-large aligncenter\" src=\"https:\/\/www.carbonfiberinsoles.shop\/wp-content\/uploads\/2024\/09\/Gold-Performance-Insoles\u2013Customized-Carbon-Fiber-Inserts-Non-Cleated-Shoes\u2013Basketball-Volleyball-Racquet-Sports-Ru1-1024x239.png\" alt=\"Gold Performance Einlegesohlen - Ma\u00dfgeschneiderte Carbonfaser-Einlagen, Schuhe ohne Sohle - Basketball, Volleyball, Racketsport, Ru(1)\" width=\"1024\" height=\"239\" srcset=\"https:\/\/www.carbonfiberinsoles.shop\/wp-content\/uploads\/2024\/09\/Gold-Performance-Insoles\u2013Customized-Carbon-Fiber-Inserts-Non-Cleated-Shoes\u2013Basketball-Volleyball-Racquet-Sports-Ru1-1024x239.png 1024w, https:\/\/www.carbonfiberinsoles.shop\/wp-content\/uploads\/2024\/09\/Gold-Performance-Insoles\u2013Customized-Carbon-Fiber-Inserts-Non-Cleated-Shoes\u2013Basketball-Volleyball-Racquet-Sports-Ru1-430x100.png 430w, https:\/\/www.carbonfiberinsoles.shop\/wp-content\/uploads\/2024\/09\/Gold-Performance-Insoles\u2013Customized-Carbon-Fiber-Inserts-Non-Cleated-Shoes\u2013Basketball-Volleyball-Racquet-Sports-Ru1-700x164.png 700w, https:\/\/www.carbonfiberinsoles.shop\/wp-content\/uploads\/2024\/09\/Gold-Performance-Insoles\u2013Customized-Carbon-Fiber-Inserts-Non-Cleated-Shoes\u2013Basketball-Volleyball-Racquet-Sports-Ru1-300x70.png 300w, https:\/\/www.carbonfiberinsoles.shop\/wp-content\/uploads\/2024\/09\/Gold-Performance-Insoles\u2013Customized-Carbon-Fiber-Inserts-Non-Cleated-Shoes\u2013Basketball-Volleyball-Racquet-Sports-Ru1-768x179.png 768w, https:\/\/www.carbonfiberinsoles.shop\/wp-content\/uploads\/2024\/09\/Gold-Performance-Insoles\u2013Customized-Carbon-Fiber-Inserts-Non-Cleated-Shoes\u2013Basketball-Volleyball-Racquet-Sports-Ru1-1536x359.png 1536w, https:\/\/www.carbonfiberinsoles.shop\/wp-content\/uploads\/2024\/09\/Gold-Performance-Insoles\u2013Customized-Carbon-Fiber-Inserts-Non-Cleated-Shoes\u2013Basketball-Volleyball-Racquet-Sports-Ru1.png 1721w\" sizes=\"(max-width: 1024px) 100vw, 1024px\" \/><\/p>\n<p>&nbsp;<\/p>\n<p data-start=\"479\" data-end=\"853\"><em data-start=\"479\" data-end=\"490\">\u00dcberblick:<\/em> Steigern Sie Ihre sportliche Leistung mit unseren Carbonfaser-Einlegesohlen, die sorgf\u00e4ltig entwickelt wurden, um explosive Kraft und Sprungkraft zu verbessern. Diese Einlegesohlen bieten eine au\u00dfergew\u00f6hnliche Unterst\u00fctzung des Fu\u00dfgew\u00f6lbes und Sto\u00dfd\u00e4mpfung, was zur Vorbeugung von Verletzungen und zur Linderung von Fu\u00dfschmerzen beitr\u00e4gt. Sie sind ideal f\u00fcr Sportler, die ihre Leistung und ihren Komfort bei hochintensiven Aktivit\u00e4ten verbessern m\u00f6chten.<\/p>\n<p data-start=\"855\" data-end=\"866\"><em data-start=\"855\" data-end=\"866\">Merkmale:<\/em><\/p>\n<ul data-start=\"867\" data-end=\"1538\">\n<li data-start=\"867\" data-end=\"1025\"><strong data-start=\"869\" data-end=\"900\">Karbonfaser-Federteller:<\/strong> Optimierung der Biomechanik zur Steigerung der Explosivkraft und Sprungkraft bei sportlichen Aktivit\u00e4ten.\n<div class=\"relative inline-flex items-center\"><a class=\"ml-1 inline-flex h-[22px] items-center rounded-xl bg-[#f4f4f4] px-2 text-[0.5em] font-medium text-token-text-secondary dark:bg-token-main-surface-secondary !text-token-text-secondary uppercase hover:bg-token-text-primary hover:!text-token-main-surface-secondary dark:hover:bg-token-text-primary group\" href=\"https:\/\/www.insolesus.com\/product\/carbon-fiber-insoles-boost-explosive-power-and-bounce-arch-support-shock-absorption-injury-prevention-alleviate-foot-pain\/?utm_source=chatgpt.com\" target=\"_blank\" rel=\"noopener\"><span class=\"truncate\">insolesus.com<\/span><\/a><\/div>\n<\/li>\n<li data-start=\"1026\" data-end=\"1187\"><strong data-start=\"1028\" data-end=\"1055\">Ergonomische Fu\u00dfgew\u00f6lbest\u00fctze:<\/strong> Bietet eine perfekte Unterst\u00fctzung des Fu\u00dfgew\u00f6lbes auf der Grundlage der Fu\u00dfergonomie, wodurch Erm\u00fcdungserscheinungen und Unbehagen reduziert werden.\n<div class=\"relative inline-flex items-center\"><a class=\"ml-1 inline-flex h-[22px] items-center rounded-xl bg-[#f4f4f4] px-2 text-[0.5em] font-medium text-token-text-secondary dark:bg-token-main-surface-secondary !text-token-text-secondary uppercase hover:bg-token-text-primary hover:!text-token-main-surface-secondary dark:hover:bg-token-text-primary group\" href=\"https:\/\/www.insolesus.com\/product\/carbon-fiber-insoles-boost-explosive-power-and-bounce-arch-support-shock-absorption-injury-prevention-alleviate-foot-pain\/?utm_source=chatgpt.com\" target=\"_blank\" rel=\"noopener\"><span class=\"truncate\">insolesus.com<\/span><\/a><\/div>\n<\/li>\n<li data-start=\"1188\" data-end=\"1306\"><strong data-start=\"1190\" data-end=\"1211\">Schockabsorption:<\/strong> Mildert den Aufprall bei hochintensiven Aktivit\u00e4ten, erh\u00f6ht den Komfort und verringert das Verletzungsrisiko.<\/li>\n<li data-start=\"1307\" data-end=\"1413\"><strong data-start=\"1309\" data-end=\"1331\">Verletzungspr\u00e4vention:<\/strong> Unterst\u00fctzt die Ausrichtung und Stabilit\u00e4t des Fu\u00dfes und hilft, h\u00e4ufige Sportverletzungen zu vermeiden.<\/li>\n<li data-start=\"1414\" data-end=\"1538\"><strong data-start=\"1416\" data-end=\"1437\">Schmerzlinderung:<\/strong> Entwickelt, um Fu\u00dfschmerzen zu lindern, die bei Erkrankungen wie Plantarfasziitis und \u00dcberpronation auftreten.<\/li>\n<\/ul>\n<p data-start=\"1540\" data-end=\"1574\"><em data-start=\"1540\" data-end=\"1574\">Warum Sie dieses Produkt kaufen sollten:<\/em><\/p>\n<ul data-start=\"1575\" data-end=\"1934\">\n<li data-start=\"1575\" data-end=\"1699\"><strong data-start=\"1577\" data-end=\"1602\">Verbesserte Leistung:<\/strong> Die Karbonfaserkonstruktion erh\u00f6ht die Explosivkraft und Sprungkraft und verbessert die sportliche Leistung.<\/li>\n<li data-start=\"1700\" data-end=\"1819\"><strong data-start=\"1702\" data-end=\"1723\">\u00dcberlegener Komfort:<\/strong> Ergonomisches Design und Sto\u00dfd\u00e4mpfung bieten dauerhaften Komfort bei hochintensiven Aktivit\u00e4ten.<\/li>\n<li data-start=\"1820\" data-end=\"1934\"><strong data-start=\"1822\" data-end=\"1840\">Vielseitig einsetzbar:<\/strong> Geeignet f\u00fcr verschiedene Sportarten, einschlie\u00dflich Laufen, Basketball und andere anstrengende Aktivit\u00e4ten.<\/li>\n<\/ul>\n<p data-start=\"1936\" data-end=\"1943\"><em data-start=\"1936\" data-end=\"1943\">FAQs:<\/em><\/p>\n<ol data-start=\"1945\" data-end=\"2411\">\n<li data-start=\"1945\" data-end=\"2092\">\n<p data-start=\"1948\" data-end=\"1998\"><strong data-start=\"1948\" data-end=\"1998\">Sind diese Einlagen f\u00fcr alle Schuhtypen geeignet?<\/strong><\/p>\n<ul data-start=\"2002\" data-end=\"2092\">\n<li data-start=\"2002\" data-end=\"2092\">Ja, dank ihres schlanken Designs passen sie bequem in die meisten Sport- und Freizeitschuhe.<\/li>\n<\/ul>\n<\/li>\n<li data-start=\"2094\" data-end=\"2266\">\n<p data-start=\"2097\" data-end=\"2138\"><strong data-start=\"2097\" data-end=\"2138\">K\u00f6nnen sie bei Plantarfasziitis helfen?<\/strong><\/p>\n<ul data-start=\"2142\" data-end=\"2266\">\n<li data-start=\"2142\" data-end=\"2266\">Ja, die Fu\u00dfgew\u00f6lbest\u00fctzung und die D\u00e4mpfungseigenschaften sind so konzipiert, dass sie Fu\u00dfschmerzen im Zusammenhang mit Plantarfasziitis lindern.<\/li>\n<\/ul>\n<\/li>\n<li data-start=\"2268\" data-end=\"2411\">\n<p data-start=\"2271\" data-end=\"2304\"><strong data-start=\"2271\" data-end=\"2304\">Wie reinige ich diese Einlegesohlen?<\/strong><\/p>\n<ul data-start=\"2308\" data-end=\"2411\">\n<li data-start=\"2308\" data-end=\"2411\">Wischen Sie sie sanft mit einem feuchten Tuch und milder Seife ab. Vermeiden Sie es, sie in Wasser zu tauchen oder scharfe Chemikalien zu verwenden.<\/li>\n<\/ul>\n<\/li>\n<\/ol>","protected":false},"excerpt":{"rendered":"<ul class=\"a-unordered-list a-vertical a-spacing-mini\">\n<li class=\"a-spacing-mini\"><strong>Wesentliche Merkmale:<\/strong>\n<ul>\n<li><strong>Steigerung der Explosivkraft<\/strong>: Verbessern Sie Ihre Sprungh\u00f6he und Kraft mit reaktionsschnellen <strong>Kohlefaser-Einlagen<\/strong>.<\/li>\n<li><strong>Hervorragende Fu\u00dfgew\u00f6lbest\u00fctze<\/strong>: Sorgt f\u00fcr eine optimale Fu\u00dfausrichtung und reduziert die Belastung bei anstrengenden Aktivit\u00e4ten.<\/li>\n<li><strong>Schockabsorption<\/strong>: Minimiert den Aufprall des Fu\u00dfes, verringert das Verletzungsrisiko und lindert Fu\u00dfschmerzen.<\/li>\n<li><strong>Verletzungspr\u00e4vention<\/strong>: Entwickelt, um das Risiko h\u00e4ufiger Sportverletzungen zu verringern und den Fu\u00df zu sch\u00fctzen.<\/li>\n<li><strong>Langlebig und leicht<\/strong>: Die Karbonfaserkonstruktion ist sowohl stabil als auch leicht und sorgt f\u00fcr ganzt\u00e4gigen Komfort und Halt.<\/li>\n<\/ul>\n<p>Bringen Sie Ihr Spiel auf die n\u00e4chste Stufe mit <strong>Kohlefaser-Einlagen<\/strong> die den n\u00f6tigen Halt und Leistungsschub bieten. Egal, ob Sie ein Sportler sind oder einfach nur zus\u00e4tzlichen Komfort suchen, diese Einlegesohlen bieten un\u00fcbertroffenen Schutz und Leistung!<\/li>\n<\/ul>","protected":false},"featured_media":596,"comment_status":"open","ping_status":"closed","template":"","meta":{"_kadence_starter_templates_imported_post":false,"_kad_post_transparent":"default","_kad_post_title":"","_kad_post_layout":"default","_kad_post_sidebar_id":"","_kad_post_content_style":"default","_kad_post_vertical_padding":"default","_kad_post_feature":"","_kad_post_feature_position":"","_kad_post_header":false,"_kad_post_footer":false},"product_brand":[],"product_cat":[234,22],"product_tag":[51,49,47,50],"class_list":{"0":"post-593","1":"product","2":"type-product","3":"status-publish","4":"has-post-thumbnail","6":"product_cat-carbon-fibre-insoles-basketball","7":"product_cat-carbon-fiber-insoles","8":"product_tag-carbon-fiber-foot-insoles","9":"product_tag-carbon-fiber-insole","10":"product_tag-carbon-fiber-insoles","11":"product_tag-carbon-fiber-shoe-insoles","12":"pa_us-ca-size-m10-w12","13":"pa_us-ca-size-m5-5-w7-5-245mm","14":"pa_us-ca-size-m6-w8","15":"pa_us-ca-size-m7-5-w9-5-260mm","16":"pa_us-ca-size-m7-w9","17":"pa_us-ca-size-m8-5-w10-5-270mm","18":"pa_us-ca-size-m9-w11","20":"first","21":"instock","22":"shipping-taxable","23":"purchasable","24":"product-type-variable","25":"entry","26":"content-bg","27":"loop-entry"},"aioseo_notices":[],"_links":{"self":[{"href":"https:\/\/www.carbonfiberinsoles.shop\/de\/wp-json\/wp\/v2\/product\/593","targetHints":{"allow":["GET"]}}],"collection":[{"href":"https:\/\/www.carbonfiberinsoles.shop\/de\/wp-json\/wp\/v2\/product"}],"about":[{"href":"https:\/\/www.carbonfiberinsoles.shop\/de\/wp-json\/wp\/v2\/types\/product"}],"replies":[{"embeddable":true,"href":"https:\/\/www.carbonfiberinsoles.shop\/de\/wp-json\/wp\/v2\/comments?post=593"}],"version-history":[{"count":1,"href":"https:\/\/www.carbonfiberinsoles.shop\/de\/wp-json\/wp\/v2\/product\/593\/revisions"}],"predecessor-version":[{"id":21593,"href":"https:\/\/www.carbonfiberinsoles.shop\/de\/wp-json\/wp\/v2\/product\/593\/revisions\/21593"}],"wp:featuredmedia":[{"embeddable":true,"href":"https:\/\/www.carbonfiberinsoles.shop\/de\/wp-json\/wp\/v2\/media\/596"}],"wp:attachment":[{"href":"https:\/\/www.carbonfiberinsoles.shop\/de\/wp-json\/wp\/v2\/media?parent=593"}],"wp:term":[{"taxonomy":"product_brand","embeddable":true,"href":"https:\/\/www.carbonfiberinsoles.shop\/de\/wp-json\/wp\/v2\/product_brand?post=593"},{"taxonomy":"product_cat","embeddable":true,"href":"https:\/\/www.carbonfiberinsoles.shop\/de\/wp-json\/wp\/v2\/product_cat?post=593"},{"taxonomy":"product_tag","embeddable":true,"href":"https:\/\/www.carbonfiberinsoles.shop\/de\/wp-json\/wp\/v2\/product_tag?post=593"}],"curies":[{"name":"wp","href":"https:\/\/api.w.org\/{rel}","templated":true}]}}