{"id":609,"date":"2024-10-07T13:00:16","date_gmt":"2024-10-07T13:00:16","guid":{"rendered":"https:\/\/www.carbonfiberinsoles.shop\/?post_type=product&#038;p=609"},"modified":"2025-06-07T03:32:25","modified_gmt":"2025-06-07T03:32:25","slug":"mortons-extension-orthoticcarbon-fiber-insolerigid-foot-support-insert-for-mortons-toeturf-toehallux-rigidusarthritis1-piece-27-5cm","status":"publish","type":"product","link":"https:\/\/www.carbonfiberinsoles.shop\/de\/produkt\/mortons-extension-orthoticcarbon-fiber-insolerigid-foot-support-insert-for-mortons-toeturf-toehallux-rigidusarthritis1-piece-27-5cm\/","title":{"rendered":"Morton's Extension Ortheseneinlage aus Kohlefaser"},"content":{"rendered":"<p>Erleben Sie un\u00fcbertroffene Unterst\u00fctzung und Schmerzlinderung mit diesen <strong>Kohlefaser-Einlagen<\/strong> mit einem Morton-Extension-Orthesen-Design. Speziell f\u00fcr Personen, die an Erkrankungen wie Morton's Toe, Turf Toe, Hallux Rigidus und Arthritis leiden, bieten diese starren Fu\u00dfeinlagen die n\u00f6tige Stabilit\u00e4t und Ausrichtung, um Beschwerden zu lindern und die Mobilit\u00e4t zu verbessern.<\/p>\n<p>Diese Einlegesohlen aus hochwertiger Kohlefaser sind sowohl leicht als auch au\u00dfergew\u00f6hnlich stabil und bieten eine lange Lebensdauer, ohne Ihre Schuhe unn\u00f6tig zu belasten. Die <strong>Kohlefaser-Einlagen<\/strong> wurden entwickelt, um den Druck auf den Vorfu\u00df zu verringern, insbesondere bei Schmerzen aufgrund von Morton's Toe oder \u00e4hnlichen Erkrankungen, um die Belastung zu verringern und die Fu\u00dffunktion zu verbessern.<\/p>\n<p>Perfekt f\u00fcr das t\u00e4gliche Tragen von Freizeit- und Sportschuhen, diese <strong>Kohlefaser-Einlagen<\/strong> bieten einen festen Halt, der die richtige Ausrichtung des Fu\u00dfes f\u00f6rdert und weiteren Verletzungen vorbeugt. Ob Sie gehen, laufen oder einfach nur Ihren Tag verbringen, diese Einlegesohlen helfen Ihnen, sich bequem und schmerzfrei zu f\u00fchlen.<\/p>\n<p>&nbsp;<\/p>\n<p>&nbsp;<\/p>\n<p><img fetchpriority=\"high\" decoding=\"async\" class=\"wp-image-617 size-large\" src=\"https:\/\/www.carbonfiberinsoles.shop\/wp-content\/uploads\/2024\/10\/Mortons-Extension-OrthoticCarbon-Fiber-InsoleRigid-Foot-Support-Insert-for-Mortons-ToeTurf-Toe-8-1024x1024.jpg\" alt=\"Morton&#039;s Extension Orthese, Carbon Fiber Einlegesohle, starre Fu\u00dfst\u00fctze f\u00fcr Morton&#039;s Toe, Turf Toe (8)\" width=\"1024\" height=\"1024\" srcset=\"https:\/\/www.carbonfiberinsoles.shop\/wp-content\/uploads\/2024\/10\/Mortons-Extension-OrthoticCarbon-Fiber-InsoleRigid-Foot-Support-Insert-for-Mortons-ToeTurf-Toe-8-1024x1024.jpg 1024w, https:\/\/www.carbonfiberinsoles.shop\/wp-content\/uploads\/2024\/10\/Mortons-Extension-OrthoticCarbon-Fiber-InsoleRigid-Foot-Support-Insert-for-Mortons-ToeTurf-Toe-8-430x430.jpg 430w, https:\/\/www.carbonfiberinsoles.shop\/wp-content\/uploads\/2024\/10\/Mortons-Extension-OrthoticCarbon-Fiber-InsoleRigid-Foot-Support-Insert-for-Mortons-ToeTurf-Toe-8-100x100.jpg 100w, https:\/\/www.carbonfiberinsoles.shop\/wp-content\/uploads\/2024\/10\/Mortons-Extension-OrthoticCarbon-Fiber-InsoleRigid-Foot-Support-Insert-for-Mortons-ToeTurf-Toe-8-700x700.jpg 700w, https:\/\/www.carbonfiberinsoles.shop\/wp-content\/uploads\/2024\/10\/Mortons-Extension-OrthoticCarbon-Fiber-InsoleRigid-Foot-Support-Insert-for-Mortons-ToeTurf-Toe-8-300x300.jpg 300w, https:\/\/www.carbonfiberinsoles.shop\/wp-content\/uploads\/2024\/10\/Mortons-Extension-OrthoticCarbon-Fiber-InsoleRigid-Foot-Support-Insert-for-Mortons-ToeTurf-Toe-8-150x150.jpg 150w, https:\/\/www.carbonfiberinsoles.shop\/wp-content\/uploads\/2024\/10\/Mortons-Extension-OrthoticCarbon-Fiber-InsoleRigid-Foot-Support-Insert-for-Mortons-ToeTurf-Toe-8-768x768.jpg 768w, https:\/\/www.carbonfiberinsoles.shop\/wp-content\/uploads\/2024\/10\/Mortons-Extension-OrthoticCarbon-Fiber-InsoleRigid-Foot-Support-Insert-for-Mortons-ToeTurf-Toe-8.jpg 1329w\" sizes=\"(max-width: 1024px) 100vw, 1024px\" \/><\/p>\n<p><img decoding=\"async\" class=\"wp-image-610 size-large\" src=\"https:\/\/www.carbonfiberinsoles.shop\/wp-content\/uploads\/2024\/10\/Mortons-Extension-OrthoticCarbon-Fiber-InsoleRigid-Foot-Support-Insert-for-Mortons-ToeTurf-Toe-1-1024x982.jpg\" alt=\"Morton&#039;s Extension Orthese, Carbon Fiber Einlegesohle, starre Fu\u00dfst\u00fctze f\u00fcr Morton&#039;s Toe, Turf Toe (8)\" width=\"1024\" height=\"982\" srcset=\"https:\/\/www.carbonfiberinsoles.shop\/wp-content\/uploads\/2024\/10\/Mortons-Extension-OrthoticCarbon-Fiber-InsoleRigid-Foot-Support-Insert-for-Mortons-ToeTurf-Toe-1-1024x982.jpg 1024w, https:\/\/www.carbonfiberinsoles.shop\/wp-content\/uploads\/2024\/10\/Mortons-Extension-OrthoticCarbon-Fiber-InsoleRigid-Foot-Support-Insert-for-Mortons-ToeTurf-Toe-1-430x413.jpg 430w, https:\/\/www.carbonfiberinsoles.shop\/wp-content\/uploads\/2024\/10\/Mortons-Extension-OrthoticCarbon-Fiber-InsoleRigid-Foot-Support-Insert-for-Mortons-ToeTurf-Toe-1-700x672.jpg 700w, https:\/\/www.carbonfiberinsoles.shop\/wp-content\/uploads\/2024\/10\/Mortons-Extension-OrthoticCarbon-Fiber-InsoleRigid-Foot-Support-Insert-for-Mortons-ToeTurf-Toe-1-300x288.jpg 300w, https:\/\/www.carbonfiberinsoles.shop\/wp-content\/uploads\/2024\/10\/Mortons-Extension-OrthoticCarbon-Fiber-InsoleRigid-Foot-Support-Insert-for-Mortons-ToeTurf-Toe-1-768x737.jpg 768w, https:\/\/www.carbonfiberinsoles.shop\/wp-content\/uploads\/2024\/10\/Mortons-Extension-OrthoticCarbon-Fiber-InsoleRigid-Foot-Support-Insert-for-Mortons-ToeTurf-Toe-1.jpg 1500w\" sizes=\"(max-width: 1024px) 100vw, 1024px\" \/><\/p>\n<p><img decoding=\"async\" class=\"wp-image-611 size-large\" src=\"https:\/\/www.carbonfiberinsoles.shop\/wp-content\/uploads\/2024\/10\/Mortons-Extension-OrthoticCarbon-Fiber-InsoleRigid-Foot-Support-Insert-for-Mortons-ToeTurf-Toe-2-806x1024.jpg\" alt=\"Morton&#039;s Extension Orthese, Carbon Fiber Einlegesohle, starre Fu\u00dfst\u00fctze f\u00fcr Morton&#039;s Toe, Turf Toe (8)\" width=\"806\" height=\"1024\" srcset=\"https:\/\/www.carbonfiberinsoles.shop\/wp-content\/uploads\/2024\/10\/Mortons-Extension-OrthoticCarbon-Fiber-InsoleRigid-Foot-Support-Insert-for-Mortons-ToeTurf-Toe-2-806x1024.jpg 806w, https:\/\/www.carbonfiberinsoles.shop\/wp-content\/uploads\/2024\/10\/Mortons-Extension-OrthoticCarbon-Fiber-InsoleRigid-Foot-Support-Insert-for-Mortons-ToeTurf-Toe-2-430x546.jpg 430w, https:\/\/www.carbonfiberinsoles.shop\/wp-content\/uploads\/2024\/10\/Mortons-Extension-OrthoticCarbon-Fiber-InsoleRigid-Foot-Support-Insert-for-Mortons-ToeTurf-Toe-2-700x889.jpg 700w, https:\/\/www.carbonfiberinsoles.shop\/wp-content\/uploads\/2024\/10\/Mortons-Extension-OrthoticCarbon-Fiber-InsoleRigid-Foot-Support-Insert-for-Mortons-ToeTurf-Toe-2-236x300.jpg 236w, https:\/\/www.carbonfiberinsoles.shop\/wp-content\/uploads\/2024\/10\/Mortons-Extension-OrthoticCarbon-Fiber-InsoleRigid-Foot-Support-Insert-for-Mortons-ToeTurf-Toe-2-768x975.jpg 768w, https:\/\/www.carbonfiberinsoles.shop\/wp-content\/uploads\/2024\/10\/Mortons-Extension-OrthoticCarbon-Fiber-InsoleRigid-Foot-Support-Insert-for-Mortons-ToeTurf-Toe-2.jpg 1175w\" sizes=\"(max-width: 806px) 100vw, 806px\" \/><\/p>\n<p><img loading=\"lazy\" decoding=\"async\" class=\"wp-image-613 size-full\" src=\"https:\/\/www.carbonfiberinsoles.shop\/wp-content\/uploads\/2024\/10\/Mortons-Extension-OrthoticCarbon-Fiber-InsoleRigid-Foot-Support-Insert-for-Mortons-ToeTurf-Toe-4.jpg\" alt=\"Morton&#039;s Extension Orthese, Carbon Fiber Einlegesohle, starre Fu\u00dfst\u00fctze f\u00fcr Morton&#039;s Toe, Turf Toe (8)\" width=\"970\" height=\"300\" srcset=\"https:\/\/www.carbonfiberinsoles.shop\/wp-content\/uploads\/2024\/10\/Mortons-Extension-OrthoticCarbon-Fiber-InsoleRigid-Foot-Support-Insert-for-Mortons-ToeTurf-Toe-4.jpg 970w, https:\/\/www.carbonfiberinsoles.shop\/wp-content\/uploads\/2024\/10\/Mortons-Extension-OrthoticCarbon-Fiber-InsoleRigid-Foot-Support-Insert-for-Mortons-ToeTurf-Toe-4-430x133.jpg 430w, https:\/\/www.carbonfiberinsoles.shop\/wp-content\/uploads\/2024\/10\/Mortons-Extension-OrthoticCarbon-Fiber-InsoleRigid-Foot-Support-Insert-for-Mortons-ToeTurf-Toe-4-700x216.jpg 700w, https:\/\/www.carbonfiberinsoles.shop\/wp-content\/uploads\/2024\/10\/Mortons-Extension-OrthoticCarbon-Fiber-InsoleRigid-Foot-Support-Insert-for-Mortons-ToeTurf-Toe-4-300x93.jpg 300w, https:\/\/www.carbonfiberinsoles.shop\/wp-content\/uploads\/2024\/10\/Mortons-Extension-OrthoticCarbon-Fiber-InsoleRigid-Foot-Support-Insert-for-Mortons-ToeTurf-Toe-4-768x238.jpg 768w\" sizes=\"(max-width: 970px) 100vw, 970px\" \/> <img loading=\"lazy\" decoding=\"async\" class=\"wp-image-618 size-large\" src=\"https:\/\/www.carbonfiberinsoles.shop\/wp-content\/uploads\/2024\/10\/Mortons-Extension-OrthoticCarbon-Fiber-InsoleRigid-Foot-Support-Insert-for-Mortons-ToeTurf-Toe-9-1022x1024.jpg\" alt=\"Morton&#039;s Extension Orthese, Carbon Fiber Einlegesohle, starre Fu\u00dfst\u00fctze f\u00fcr Morton&#039;s Toe, Turf Toe (8)\" width=\"1022\" height=\"1024\" srcset=\"https:\/\/www.carbonfiberinsoles.shop\/wp-content\/uploads\/2024\/10\/Mortons-Extension-OrthoticCarbon-Fiber-InsoleRigid-Foot-Support-Insert-for-Mortons-ToeTurf-Toe-9-1022x1024.jpg 1022w, https:\/\/www.carbonfiberinsoles.shop\/wp-content\/uploads\/2024\/10\/Mortons-Extension-OrthoticCarbon-Fiber-InsoleRigid-Foot-Support-Insert-for-Mortons-ToeTurf-Toe-9-430x431.jpg 430w, https:\/\/www.carbonfiberinsoles.shop\/wp-content\/uploads\/2024\/10\/Mortons-Extension-OrthoticCarbon-Fiber-InsoleRigid-Foot-Support-Insert-for-Mortons-ToeTurf-Toe-9-100x100.jpg 100w, https:\/\/www.carbonfiberinsoles.shop\/wp-content\/uploads\/2024\/10\/Mortons-Extension-OrthoticCarbon-Fiber-InsoleRigid-Foot-Support-Insert-for-Mortons-ToeTurf-Toe-9-700x701.jpg 700w, https:\/\/www.carbonfiberinsoles.shop\/wp-content\/uploads\/2024\/10\/Mortons-Extension-OrthoticCarbon-Fiber-InsoleRigid-Foot-Support-Insert-for-Mortons-ToeTurf-Toe-9-300x300.jpg 300w, https:\/\/www.carbonfiberinsoles.shop\/wp-content\/uploads\/2024\/10\/Mortons-Extension-OrthoticCarbon-Fiber-InsoleRigid-Foot-Support-Insert-for-Mortons-ToeTurf-Toe-9-150x150.jpg 150w, https:\/\/www.carbonfiberinsoles.shop\/wp-content\/uploads\/2024\/10\/Mortons-Extension-OrthoticCarbon-Fiber-InsoleRigid-Foot-Support-Insert-for-Mortons-ToeTurf-Toe-9-768x770.jpg 768w, https:\/\/www.carbonfiberinsoles.shop\/wp-content\/uploads\/2024\/10\/Mortons-Extension-OrthoticCarbon-Fiber-InsoleRigid-Foot-Support-Insert-for-Mortons-ToeTurf-Toe-9.jpg 1471w\" sizes=\"(max-width: 1022px) 100vw, 1022px\" \/> <img loading=\"lazy\" decoding=\"async\" class=\"wp-image-619 size-large\" src=\"https:\/\/www.carbonfiberinsoles.shop\/wp-content\/uploads\/2024\/10\/Mortons-Extension-OrthoticCarbon-Fiber-InsoleRigid-Foot-Support-Insert-for-Mortons-ToeTurf-Toe-10-1024x997.jpg\" alt=\"Morton&#039;s Extension Orthese, Carbon Fiber Einlegesohle, starre Fu\u00dfst\u00fctze f\u00fcr Morton&#039;s Toe, Turf Toe (8)\" width=\"1024\" height=\"997\" srcset=\"https:\/\/www.carbonfiberinsoles.shop\/wp-content\/uploads\/2024\/10\/Mortons-Extension-OrthoticCarbon-Fiber-InsoleRigid-Foot-Support-Insert-for-Mortons-ToeTurf-Toe-10-1024x997.jpg 1024w, https:\/\/www.carbonfiberinsoles.shop\/wp-content\/uploads\/2024\/10\/Mortons-Extension-OrthoticCarbon-Fiber-InsoleRigid-Foot-Support-Insert-for-Mortons-ToeTurf-Toe-10-430x419.jpg 430w, https:\/\/www.carbonfiberinsoles.shop\/wp-content\/uploads\/2024\/10\/Mortons-Extension-OrthoticCarbon-Fiber-InsoleRigid-Foot-Support-Insert-for-Mortons-ToeTurf-Toe-10-700x682.jpg 700w, https:\/\/www.carbonfiberinsoles.shop\/wp-content\/uploads\/2024\/10\/Mortons-Extension-OrthoticCarbon-Fiber-InsoleRigid-Foot-Support-Insert-for-Mortons-ToeTurf-Toe-10-300x292.jpg 300w, https:\/\/www.carbonfiberinsoles.shop\/wp-content\/uploads\/2024\/10\/Mortons-Extension-OrthoticCarbon-Fiber-InsoleRigid-Foot-Support-Insert-for-Mortons-ToeTurf-Toe-10-768x748.jpg 768w, https:\/\/www.carbonfiberinsoles.shop\/wp-content\/uploads\/2024\/10\/Mortons-Extension-OrthoticCarbon-Fiber-InsoleRigid-Foot-Support-Insert-for-Mortons-ToeTurf-Toe-10.jpg 1500w\" sizes=\"(max-width: 1024px) 100vw, 1024px\" \/><\/p>\n<p>&nbsp;<\/p>\n<p>&nbsp;<\/p>\n<p><img loading=\"lazy\" decoding=\"async\" class=\"aligncenter wp-image-612 size-full\" src=\"https:\/\/www.carbonfiberinsoles.shop\/wp-content\/uploads\/2024\/10\/Mortons-Extension-OrthoticCarbon-Fiber-InsoleRigid-Foot-Support-Insert-for-Mortons-ToeTurf-Toe-3.jpg\" alt=\"Morton&#039;s Extension Orthese, Carbon Fiber Einlegesohle, starre Fu\u00dfst\u00fctze f\u00fcr Morton&#039;s Toe, Turf Toe (8)\" width=\"970\" height=\"600\" srcset=\"https:\/\/www.carbonfiberinsoles.shop\/wp-content\/uploads\/2024\/10\/Mortons-Extension-OrthoticCarbon-Fiber-InsoleRigid-Foot-Support-Insert-for-Mortons-ToeTurf-Toe-3.jpg 970w, https:\/\/www.carbonfiberinsoles.shop\/wp-content\/uploads\/2024\/10\/Mortons-Extension-OrthoticCarbon-Fiber-InsoleRigid-Foot-Support-Insert-for-Mortons-ToeTurf-Toe-3-430x266.jpg 430w, https:\/\/www.carbonfiberinsoles.shop\/wp-content\/uploads\/2024\/10\/Mortons-Extension-OrthoticCarbon-Fiber-InsoleRigid-Foot-Support-Insert-for-Mortons-ToeTurf-Toe-3-700x433.jpg 700w, https:\/\/www.carbonfiberinsoles.shop\/wp-content\/uploads\/2024\/10\/Mortons-Extension-OrthoticCarbon-Fiber-InsoleRigid-Foot-Support-Insert-for-Mortons-ToeTurf-Toe-3-300x186.jpg 300w, https:\/\/www.carbonfiberinsoles.shop\/wp-content\/uploads\/2024\/10\/Mortons-Extension-OrthoticCarbon-Fiber-InsoleRigid-Foot-Support-Insert-for-Mortons-ToeTurf-Toe-3-768x475.jpg 768w\" sizes=\"(max-width: 970px) 100vw, 970px\" \/><\/p>\n<p>&nbsp;<\/p>\n<p data-start=\"443\" data-end=\"804\"><em data-start=\"443\" data-end=\"454\">\u00dcberblick:<\/em> Unsere Morton's Extension Orthotic Carbon Fiber Einlegesohle wurde sorgf\u00e4ltig entwickelt, um Personen, die mit Morton's Toe, Turf Toe, Hallux Rigidus und Arthritis zu k\u00e4mpfen haben, festen Halt zu bieten. Mit einer L\u00e4nge von 27,5 cm bietet diese Einlage gezielte Entlastung, indem sie die Bewegung der Gro\u00dfzehe einschr\u00e4nkt und so die Beschwerden reduziert und die allgemeine Fu\u00dffunktion verbessert.<\/p>\n<p data-start=\"806\" data-end=\"817\"><em data-start=\"806\" data-end=\"817\">Merkmale:<\/em><\/p>\n<ul data-start=\"818\" data-end=\"1303\">\n<li data-start=\"818\" data-end=\"944\"><strong data-start=\"820\" data-end=\"850\">Kohlefaser-Konstruktion:<\/strong> Die aus hochwertiger Karbonfaser gefertigte Einlegesohle garantiert Langlebigkeit und effektiven Halt.<\/li>\n<li data-start=\"945\" data-end=\"1103\"><strong data-start=\"947\" data-end=\"977\">Morton's Extension Design:<\/strong> Speziell entwickelt, um die Bewegung des gro\u00dfen Zehs einzuschr\u00e4nken und so Erkrankungen wie Hallux Rigidus und Turf Toe zu lindern.<\/li>\n<li data-start=\"1104\" data-end=\"1220\"><strong data-start=\"1106\" data-end=\"1129\">Starre Fu\u00dfst\u00fctze:<\/strong> Bietet festen Halt zur Linderung von Schmerzen im Zusammenhang mit Arthritis und anderen Fu\u00dferkrankungen.<\/li>\n<li data-start=\"1221\" data-end=\"1303\"><strong data-start=\"1223\" data-end=\"1241\">Vielseitige Passform:<\/strong> Geeignet f\u00fcr Herrenschuhe der Gr\u00f6\u00dfe 11 und Damenschuhe der Gr\u00f6\u00dfe 12.<\/li>\n<\/ul>\n<p data-start=\"1305\" data-end=\"1339\"><em data-start=\"1305\" data-end=\"1339\">Warum Sie dieses Produkt kaufen sollten:<\/em><\/p>\n<ul data-start=\"1340\" data-end=\"1712\">\n<li data-start=\"1340\" data-end=\"1453\"><strong data-start=\"1342\" data-end=\"1362\">Gezieltes Relief:<\/strong> Bietet eine spezielle Unterst\u00fctzung f\u00fcr bestimmte Fu\u00dfbedingungen und verbessert den Komfort und die Mobilit\u00e4t.<\/li>\n<li data-start=\"1454\" data-end=\"1587\"><strong data-start=\"1456\" data-end=\"1484\">Langlebig und leicht:<\/strong> Das Karbonfasermaterial sorgt f\u00fcr eine lange Lebensdauer, ohne den Schuh unn\u00f6tig zu beschweren.<\/li>\n<li data-start=\"1588\" data-end=\"1712\"><strong data-start=\"1590\" data-end=\"1611\">Einfache Integration:<\/strong> Passt nahtlos zu verschiedenen Schuhtypen und ist somit eine vielseitige Erg\u00e4nzung Ihrer Schuhsammlung.<\/li>\n<\/ul>\n<p data-start=\"1714\" data-end=\"1721\"><em data-start=\"1714\" data-end=\"1721\">FAQs:<\/em><\/p>\n<ol data-start=\"1723\" data-end=\"2079\">\n<li data-start=\"1723\" data-end=\"1849\">\n<p data-start=\"1726\" data-end=\"1768\"><strong data-start=\"1726\" data-end=\"1768\">Ist diese Einlegesohle f\u00fcr den t\u00e4glichen Gebrauch geeignet?<\/strong><\/p>\n<ul data-start=\"1772\" data-end=\"1849\">\n<li data-start=\"1772\" data-end=\"1849\">Ja, sie ist f\u00fcr das t\u00e4gliche Tragen konzipiert und bietet kontinuierliche Unterst\u00fctzung und Entlastung.<\/li>\n<\/ul>\n<\/li>\n<li data-start=\"1851\" data-end=\"1968\">\n<p data-start=\"1854\" data-end=\"1898\"><strong data-start=\"1854\" data-end=\"1898\">Kann ich diese Einlegesohle in Sportschuhen verwenden?<\/strong><\/p>\n<ul data-start=\"1902\" data-end=\"1968\">\n<li data-start=\"1902\" data-end=\"1968\">Auf jeden Fall ist er sowohl f\u00fcr Freizeit- als auch f\u00fcr Sportschuhe geeignet.<\/li>\n<\/ul>\n<\/li>\n<li data-start=\"1970\" data-end=\"2079\">\n<p data-start=\"1973\" data-end=\"2003\"><strong data-start=\"1973\" data-end=\"2003\">Wie reinige ich die Einlegesohle?<\/strong><\/p>\n<ul data-start=\"2007\" data-end=\"2079\">\n<li data-start=\"2007\" data-end=\"2079\">Wischen Sie es mit einem feuchten Tuch und milder Seife ab; tauchen Sie es nicht in Wasser ein.<\/li>\n<\/ul>\n<\/li>\n<\/ol>","protected":false},"excerpt":{"rendered":"<ul class=\"a-unordered-list a-vertical a-spacing-mini\">\n<li class=\"a-spacing-mini\"><strong>Wesentliche Merkmale:<\/strong>\n<ul>\n<li><strong>Morton's Erweiterung Design<\/strong>: Bietet gezielte Unterst\u00fctzung bei Morton's Toe, Turf Toe, Hallux Rigidus und Arthritis.<\/li>\n<li><strong>Starre Kohlefaser-Konstruktion<\/strong>: Leicht und strapazierf\u00e4hig, f\u00fcr maximale Unterst\u00fctzung des Fu\u00dfes ohne zus\u00e4tzliche Masse.<\/li>\n<li><strong>Schmerzlinderung &amp; Stabilit\u00e4t<\/strong>: Reduziert den Druck auf den Vorfu\u00df und unterst\u00fctzt die Fu\u00dfausrichtung f\u00fcr mehr Komfort.<\/li>\n<li><strong>Vielseitiger Einsatz<\/strong>: Ideal f\u00fcr das t\u00e4gliche Tragen in Freizeitschuhen, Sportschuhen oder Arbeitsstiefeln.<\/li>\n<li><strong>Langfristige Haltbarkeit<\/strong>: Hochwertige Karbonfasern sorgen daf\u00fcr, dass diese Einlegesohlen dem t\u00e4glichen Verschlei\u00df standhalten und ihre st\u00fctzende Struktur beibehalten.<\/li>\n<\/ul>\n<p>Lindern Sie Fu\u00dfschmerzen und verbessern Sie Ihre Mobilit\u00e4t mit diesen <strong>Kohlefaser-Einlagen<\/strong> Gebrauch: F\u00fcr Menschen mit Morton's Toe und anderen Fu\u00dferkrankungen. Genie\u00dfen Sie die Vorteile der starren, leichten Unterst\u00fctzung, damit Sie den ganzen Tag \u00fcber aktiv und bequem bleiben.<\/li>\n<\/ul>","protected":false},"featured_media":617,"comment_status":"open","ping_status":"closed","template":"","meta":{"_kadence_starter_templates_imported_post":false,"_kad_post_transparent":"default","_kad_post_title":"","_kad_post_layout":"default","_kad_post_sidebar_id":"","_kad_post_content_style":"default","_kad_post_vertical_padding":"default","_kad_post_feature":"","_kad_post_feature_position":"","_kad_post_header":false,"_kad_post_footer":false},"product_brand":[],"product_cat":[22,241,237],"product_tag":[51,49,47,50],"class_list":{"0":"post-609","1":"product","2":"type-product","3":"status-publish","4":"has-post-thumbnail","6":"product_cat-carbon-fiber-insoles","7":"product_cat-carbon-fiber-insoles-golf","8":"product_cat-carbon-fiber-medical-insoles","9":"product_tag-carbon-fiber-foot-insoles","10":"product_tag-carbon-fiber-insole","11":"product_tag-carbon-fiber-insoles","12":"product_tag-carbon-fiber-shoe-insoles","13":"pa_us-ca-size-m10-5-w12-5-285mm","14":"pa_us-ca-size-m10-w12","15":"pa_us-ca-size-m11-5-w13-5-295mm","16":"pa_us-ca-size-m11-w13","17":"pa_us-ca-size-m3-5-w5-5-225mm","18":"pa_us-ca-size-m3-w5","19":"pa_us-ca-size-m4-5-w6-5-235mm","20":"pa_us-ca-size-m4-w6","21":"pa_us-ca-size-m5-5-w7-5-245mm","22":"pa_us-ca-size-m5-w7","23":"pa_us-ca-size-m6-w8","24":"pa_us-ca-size-m7-5-w9-5-260mm","25":"pa_us-ca-size-m7-w9","26":"pa_us-ca-size-m8-5-w10-5-270mm","27":"pa_us-ca-size-m8-w10","28":"pa_us-ca-size-m9-w11","30":"first","31":"instock","32":"shipping-taxable","33":"purchasable","34":"product-type-variable","35":"entry","36":"content-bg","37":"loop-entry"},"aioseo_notices":[],"_links":{"self":[{"href":"https:\/\/www.carbonfiberinsoles.shop\/de\/wp-json\/wp\/v2\/product\/609","targetHints":{"allow":["GET"]}}],"collection":[{"href":"https:\/\/www.carbonfiberinsoles.shop\/de\/wp-json\/wp\/v2\/product"}],"about":[{"href":"https:\/\/www.carbonfiberinsoles.shop\/de\/wp-json\/wp\/v2\/types\/product"}],"replies":[{"embeddable":true,"href":"https:\/\/www.carbonfiberinsoles.shop\/de\/wp-json\/wp\/v2\/comments?post=609"}],"version-history":[{"count":0,"href":"https:\/\/www.carbonfiberinsoles.shop\/de\/wp-json\/wp\/v2\/product\/609\/revisions"}],"wp:featuredmedia":[{"embeddable":true,"href":"https:\/\/www.carbonfiberinsoles.shop\/de\/wp-json\/wp\/v2\/media\/617"}],"wp:attachment":[{"href":"https:\/\/www.carbonfiberinsoles.shop\/de\/wp-json\/wp\/v2\/media?parent=609"}],"wp:term":[{"taxonomy":"product_brand","embeddable":true,"href":"https:\/\/www.carbonfiberinsoles.shop\/de\/wp-json\/wp\/v2\/product_brand?post=609"},{"taxonomy":"product_cat","embeddable":true,"href":"https:\/\/www.carbonfiberinsoles.shop\/de\/wp-json\/wp\/v2\/product_cat?post=609"},{"taxonomy":"product_tag","embeddable":true,"href":"https:\/\/www.carbonfiberinsoles.shop\/de\/wp-json\/wp\/v2\/product_tag?post=609"}],"curies":[{"name":"wp","href":"https:\/\/api.w.org\/{rel}","templated":true}]}}