{"id":66,"date":"2024-09-25T14:35:20","date_gmt":"2024-09-25T14:35:20","guid":{"rendered":"https:\/\/carbonfiberinsoles.shop\/?post_type=product&#038;p=66"},"modified":"2025-06-07T03:21:18","modified_gmt":"2025-06-07T03:21:18","slug":"carbon-fiber-insoles-1-pair-rigid-insole-insert-for-pain-relief-recovery-of-arthritic-toe-turf-toe-hallux-rigidus-mortons-toe-rigid-foot-support","status":"publish","type":"product","link":"https:\/\/www.carbonfiberinsoles.shop\/de\/produkt\/carbon-fiber-insoles-1-pair-rigid-insole-insert-for-pain-relief-recovery-of-arthritic-toe-turf-toe-hallux-rigidus-mortons-toe-rigid-foot-support\/","title":{"rendered":"Carbon Fiber Einlegesohlen Bogen Unterst\u00fctzung f\u00fcr Schmerzlinderung &amp; Erholung"},"content":{"rendered":"<div id=\"detailBullets_feature_div\">\n<p>&nbsp;<\/p>\n<div id=\"detailBullets_feature_div\">\n<p>Die ultimative Unterst\u00fctzung und Erleichterung erhalten Sie mit unserem <strong>Kohlefaser-Schuheinsatz<\/strong>Diese Schuhe wurden entwickelt, um Personen, die unter arthritischen Zehen, Rasenzehen, Hallux Rigidus und Mortonzehen leiden, einen festen Halt zu bieten. Diese hochwertigen <strong>Kohlefaser-Einlagen<\/strong> wurden entwickelt, um Schmerzen zu lindern und die Genesung zu f\u00f6rdern, indem sie den Fu\u00df stabilisieren, den Druck auf empfindliche Bereiche verringern und die Ausrichtung verbessern.<\/p>\n<p>Diese Einlegesohlen aus strapazierf\u00e4higem und leichtem Karbonfasergewebe bieten un\u00fcbertroffene Steifigkeit bei gleichzeitigem Komfort f\u00fcr den t\u00e4glichen Gebrauch. Egal, ob Sie sich von einer Verletzung erholen oder chronische Fu\u00dfprobleme haben, die <strong>Kohlefaser-Einlagen<\/strong> wirken schmerzlindernd und geben Ihren F\u00fc\u00dfen die n\u00f6tige langfristige Unterst\u00fctzung.<\/p>\n<p>Perfekt f\u00fcr Sportschuhe, Arbeitsstiefel oder Alltagsschuhe, diese <strong>Kohlefaser-Einlagen<\/strong> sind so vielseitig, dass sie nahtlos in jeden Schuh passen, ohne unn\u00f6tig aufzutragen. \u00dcbernehmen Sie die Kontrolle \u00fcber Ihre Fu\u00dfgesundheit und genie\u00dfen Sie eine verbesserte Mobilit\u00e4t mit Einlagen, die speziell entwickelt wurden, um Schmerzen zu reduzieren und die Genesung zu f\u00f6rdern.<\/p>\n<\/div>\n<p>&nbsp;<\/p>\n<p><img fetchpriority=\"high\" decoding=\"async\" class=\"wp-image-493 size-full aligncenter\" title=\"Carbon Einlegesohle\" src=\"https:\/\/www.carbonfiberinsoles.shop\/wp-content\/uploads\/2024\/10\/Carbon-Fiber-Insoles-1-Pair-Rigid-Insole-Insert-for-Pain-Relief-Recovery-of-Ar-9.jpg\" alt=\"Carbon Fiber Einlegesohlen, 1 Paar starre Einlegesohle f\u00fcr Schmerzlinderung Erholung von Ar ( (2)\" width=\"970\" height=\"600\" srcset=\"https:\/\/www.carbonfiberinsoles.shop\/wp-content\/uploads\/2024\/10\/Carbon-Fiber-Insoles-1-Pair-Rigid-Insole-Insert-for-Pain-Relief-Recovery-of-Ar-9.jpg 970w, https:\/\/www.carbonfiberinsoles.shop\/wp-content\/uploads\/2024\/10\/Carbon-Fiber-Insoles-1-Pair-Rigid-Insole-Insert-for-Pain-Relief-Recovery-of-Ar-9-430x266.jpg 430w, https:\/\/www.carbonfiberinsoles.shop\/wp-content\/uploads\/2024\/10\/Carbon-Fiber-Insoles-1-Pair-Rigid-Insole-Insert-for-Pain-Relief-Recovery-of-Ar-9-700x433.jpg 700w, https:\/\/www.carbonfiberinsoles.shop\/wp-content\/uploads\/2024\/10\/Carbon-Fiber-Insoles-1-Pair-Rigid-Insole-Insert-for-Pain-Relief-Recovery-of-Ar-9-300x186.jpg 300w, https:\/\/www.carbonfiberinsoles.shop\/wp-content\/uploads\/2024\/10\/Carbon-Fiber-Insoles-1-Pair-Rigid-Insole-Insert-for-Pain-Relief-Recovery-of-Ar-9-768x475.jpg 768w\" sizes=\"(max-width: 970px) 100vw, 970px\" \/><\/p>\n<p><img decoding=\"async\" class=\"aligncenter wp-image-494 size-full\" title=\"Carbon Fiber Einlegesohlen, 1 Paar starre Einlegesohle f\u00fcr Schmerzlinderung Erholung von Ar ( (2)\" src=\"https:\/\/www.carbonfiberinsoles.shop\/wp-content\/uploads\/2024\/10\/Carbon-Fiber-Insoles-1-Pair-Rigid-Insole-Insert-for-Pain-Relief-Recovery-of-Ar-10.jpg\" alt=\"Carbon Fiber Einlegesohlen, 1 Paar starre Einlegesohle f\u00fcr Schmerzlinderung Erholung von Ar ( (2)\" width=\"970\" height=\"600\" srcset=\"https:\/\/www.carbonfiberinsoles.shop\/wp-content\/uploads\/2024\/10\/Carbon-Fiber-Insoles-1-Pair-Rigid-Insole-Insert-for-Pain-Relief-Recovery-of-Ar-10.jpg 970w, https:\/\/www.carbonfiberinsoles.shop\/wp-content\/uploads\/2024\/10\/Carbon-Fiber-Insoles-1-Pair-Rigid-Insole-Insert-for-Pain-Relief-Recovery-of-Ar-10-430x266.jpg 430w, https:\/\/www.carbonfiberinsoles.shop\/wp-content\/uploads\/2024\/10\/Carbon-Fiber-Insoles-1-Pair-Rigid-Insole-Insert-for-Pain-Relief-Recovery-of-Ar-10-700x433.jpg 700w, https:\/\/www.carbonfiberinsoles.shop\/wp-content\/uploads\/2024\/10\/Carbon-Fiber-Insoles-1-Pair-Rigid-Insole-Insert-for-Pain-Relief-Recovery-of-Ar-10-300x186.jpg 300w, https:\/\/www.carbonfiberinsoles.shop\/wp-content\/uploads\/2024\/10\/Carbon-Fiber-Insoles-1-Pair-Rigid-Insole-Insert-for-Pain-Relief-Recovery-of-Ar-10-768x475.jpg 768w\" sizes=\"(max-width: 970px) 100vw, 970px\" \/><\/p>\n<p><img decoding=\"async\" class=\"wp-image-606 size-full aligncenter\" src=\"https:\/\/www.carbonfiberinsoles.shop\/wp-content\/uploads\/2024\/09\/Carbon-Fiber-Insoles-1-Pair-Rigid-Insole-Insert-for-Pain-Relief-Recovery-of-Arthritic-Toe-Turf-Toe-Hallux-rigidus2-4.jpg\" alt=\"Carbon Fiber Einlegesohlen, 1 Paar starre Einlegesohle f\u00fcr Schmerzlinderung Erholung von arthritischen Zehe Turf Toe, Hallux rigidus2 (7)\" width=\"970\" height=\"600\" srcset=\"https:\/\/www.carbonfiberinsoles.shop\/wp-content\/uploads\/2024\/09\/Carbon-Fiber-Insoles-1-Pair-Rigid-Insole-Insert-for-Pain-Relief-Recovery-of-Arthritic-Toe-Turf-Toe-Hallux-rigidus2-4.jpg 970w, https:\/\/www.carbonfiberinsoles.shop\/wp-content\/uploads\/2024\/09\/Carbon-Fiber-Insoles-1-Pair-Rigid-Insole-Insert-for-Pain-Relief-Recovery-of-Arthritic-Toe-Turf-Toe-Hallux-rigidus2-4-430x266.jpg 430w, https:\/\/www.carbonfiberinsoles.shop\/wp-content\/uploads\/2024\/09\/Carbon-Fiber-Insoles-1-Pair-Rigid-Insole-Insert-for-Pain-Relief-Recovery-of-Arthritic-Toe-Turf-Toe-Hallux-rigidus2-4-700x433.jpg 700w, https:\/\/www.carbonfiberinsoles.shop\/wp-content\/uploads\/2024\/09\/Carbon-Fiber-Insoles-1-Pair-Rigid-Insole-Insert-for-Pain-Relief-Recovery-of-Arthritic-Toe-Turf-Toe-Hallux-rigidus2-4-300x186.jpg 300w, https:\/\/www.carbonfiberinsoles.shop\/wp-content\/uploads\/2024\/09\/Carbon-Fiber-Insoles-1-Pair-Rigid-Insole-Insert-for-Pain-Relief-Recovery-of-Arthritic-Toe-Turf-Toe-Hallux-rigidus2-4-768x475.jpg 768w\" sizes=\"(max-width: 970px) 100vw, 970px\" \/> <img loading=\"lazy\" decoding=\"async\" class=\"wp-image-608 size-full aligncenter\" src=\"https:\/\/www.carbonfiberinsoles.shop\/wp-content\/uploads\/2024\/09\/Carbon-Fiber-Insoles-1-Pair-Rigid-Insole-Insert-for-Pain-Relief-Recovery-of-Arthritic-Toe-Turf-Toe-Hallux-rigidus2-7.jpg\" alt=\"Carbon Fiber Einlegesohlen, 1 Paar starre Einlegesohle f\u00fcr Schmerzlinderung Erholung von arthritischen Zehe Turf Toe, Hallux rigidus2 (7)\" width=\"970\" height=\"600\" srcset=\"https:\/\/www.carbonfiberinsoles.shop\/wp-content\/uploads\/2024\/09\/Carbon-Fiber-Insoles-1-Pair-Rigid-Insole-Insert-for-Pain-Relief-Recovery-of-Arthritic-Toe-Turf-Toe-Hallux-rigidus2-7.jpg 970w, https:\/\/www.carbonfiberinsoles.shop\/wp-content\/uploads\/2024\/09\/Carbon-Fiber-Insoles-1-Pair-Rigid-Insole-Insert-for-Pain-Relief-Recovery-of-Arthritic-Toe-Turf-Toe-Hallux-rigidus2-7-430x266.jpg 430w, https:\/\/www.carbonfiberinsoles.shop\/wp-content\/uploads\/2024\/09\/Carbon-Fiber-Insoles-1-Pair-Rigid-Insole-Insert-for-Pain-Relief-Recovery-of-Arthritic-Toe-Turf-Toe-Hallux-rigidus2-7-700x433.jpg 700w, https:\/\/www.carbonfiberinsoles.shop\/wp-content\/uploads\/2024\/09\/Carbon-Fiber-Insoles-1-Pair-Rigid-Insole-Insert-for-Pain-Relief-Recovery-of-Arthritic-Toe-Turf-Toe-Hallux-rigidus2-7-300x186.jpg 300w, https:\/\/www.carbonfiberinsoles.shop\/wp-content\/uploads\/2024\/09\/Carbon-Fiber-Insoles-1-Pair-Rigid-Insole-Insert-for-Pain-Relief-Recovery-of-Arthritic-Toe-Turf-Toe-Hallux-rigidus2-7-768x475.jpg 768w\" sizes=\"(max-width: 970px) 100vw, 970px\" \/> <img loading=\"lazy\" decoding=\"async\" class=\"wp-image-607 size-full aligncenter\" src=\"https:\/\/www.carbonfiberinsoles.shop\/wp-content\/uploads\/2024\/09\/Carbon-Fiber-Insoles-1-Pair-Rigid-Insole-Insert-for-Pain-Relief-Recovery-of-Arthritic-Toe-Turf-Toe-Hallux-rigidus2-6.jpg\" alt=\"Carbon Fiber Einlegesohlen, 1 Paar starre Einlegesohle f\u00fcr Schmerzlinderung Erholung von arthritischen Zehe Turf Toe, Hallux rigidus2 (7)\" width=\"970\" height=\"600\" srcset=\"https:\/\/www.carbonfiberinsoles.shop\/wp-content\/uploads\/2024\/09\/Carbon-Fiber-Insoles-1-Pair-Rigid-Insole-Insert-for-Pain-Relief-Recovery-of-Arthritic-Toe-Turf-Toe-Hallux-rigidus2-6.jpg 970w, https:\/\/www.carbonfiberinsoles.shop\/wp-content\/uploads\/2024\/09\/Carbon-Fiber-Insoles-1-Pair-Rigid-Insole-Insert-for-Pain-Relief-Recovery-of-Arthritic-Toe-Turf-Toe-Hallux-rigidus2-6-430x266.jpg 430w, https:\/\/www.carbonfiberinsoles.shop\/wp-content\/uploads\/2024\/09\/Carbon-Fiber-Insoles-1-Pair-Rigid-Insole-Insert-for-Pain-Relief-Recovery-of-Arthritic-Toe-Turf-Toe-Hallux-rigidus2-6-700x433.jpg 700w, https:\/\/www.carbonfiberinsoles.shop\/wp-content\/uploads\/2024\/09\/Carbon-Fiber-Insoles-1-Pair-Rigid-Insole-Insert-for-Pain-Relief-Recovery-of-Arthritic-Toe-Turf-Toe-Hallux-rigidus2-6-300x186.jpg 300w, https:\/\/www.carbonfiberinsoles.shop\/wp-content\/uploads\/2024\/09\/Carbon-Fiber-Insoles-1-Pair-Rigid-Insole-Insert-for-Pain-Relief-Recovery-of-Arthritic-Toe-Turf-Toe-Hallux-rigidus2-6-768x475.jpg 768w\" sizes=\"(max-width: 970px) 100vw, 970px\" \/><img loading=\"lazy\" decoding=\"async\" class=\"wp-image-492 size-full aligncenter\" src=\"https:\/\/www.carbonfiberinsoles.shop\/wp-content\/uploads\/2024\/10\/Carbon-Fiber-Insoles-1-Pair-Rigid-Insole-Insert-for-Pain-Relief-Recovery-of-Ar-8.jpg\" alt=\"Carbon Fiber Einlegesohlen, 1 Paar starre Einlegesohle f\u00fcr Schmerzlinderung Erholung von Ar ( (2)\" width=\"970\" height=\"600\" srcset=\"https:\/\/www.carbonfiberinsoles.shop\/wp-content\/uploads\/2024\/10\/Carbon-Fiber-Insoles-1-Pair-Rigid-Insole-Insert-for-Pain-Relief-Recovery-of-Ar-8.jpg 970w, https:\/\/www.carbonfiberinsoles.shop\/wp-content\/uploads\/2024\/10\/Carbon-Fiber-Insoles-1-Pair-Rigid-Insole-Insert-for-Pain-Relief-Recovery-of-Ar-8-430x266.jpg 430w, https:\/\/www.carbonfiberinsoles.shop\/wp-content\/uploads\/2024\/10\/Carbon-Fiber-Insoles-1-Pair-Rigid-Insole-Insert-for-Pain-Relief-Recovery-of-Ar-8-700x433.jpg 700w, https:\/\/www.carbonfiberinsoles.shop\/wp-content\/uploads\/2024\/10\/Carbon-Fiber-Insoles-1-Pair-Rigid-Insole-Insert-for-Pain-Relief-Recovery-of-Ar-8-300x186.jpg 300w, https:\/\/www.carbonfiberinsoles.shop\/wp-content\/uploads\/2024\/10\/Carbon-Fiber-Insoles-1-Pair-Rigid-Insole-Insert-for-Pain-Relief-Recovery-of-Ar-8-768x475.jpg 768w\" sizes=\"(max-width: 970px) 100vw, 970px\" \/> <img loading=\"lazy\" decoding=\"async\" class=\"wp-image-486 size-full aligncenter\" src=\"https:\/\/www.carbonfiberinsoles.shop\/wp-content\/uploads\/2024\/10\/Carbon-Fiber-Insoles-1-Pair-Rigid-Insole-Insert-for-Pain-Relief-Recovery-of-Ar-2.jpg\" alt=\"Carbon Fiber Einlegesohlen, 1 Paar starre Einlegesohle f\u00fcr Schmerzlinderung Erholung von Ar ( (2)\" width=\"970\" height=\"600\" srcset=\"https:\/\/www.carbonfiberinsoles.shop\/wp-content\/uploads\/2024\/10\/Carbon-Fiber-Insoles-1-Pair-Rigid-Insole-Insert-for-Pain-Relief-Recovery-of-Ar-2.jpg 970w, https:\/\/www.carbonfiberinsoles.shop\/wp-content\/uploads\/2024\/10\/Carbon-Fiber-Insoles-1-Pair-Rigid-Insole-Insert-for-Pain-Relief-Recovery-of-Ar-2-430x266.jpg 430w, https:\/\/www.carbonfiberinsoles.shop\/wp-content\/uploads\/2024\/10\/Carbon-Fiber-Insoles-1-Pair-Rigid-Insole-Insert-for-Pain-Relief-Recovery-of-Ar-2-700x433.jpg 700w, https:\/\/www.carbonfiberinsoles.shop\/wp-content\/uploads\/2024\/10\/Carbon-Fiber-Insoles-1-Pair-Rigid-Insole-Insert-for-Pain-Relief-Recovery-of-Ar-2-300x186.jpg 300w, https:\/\/www.carbonfiberinsoles.shop\/wp-content\/uploads\/2024\/10\/Carbon-Fiber-Insoles-1-Pair-Rigid-Insole-Insert-for-Pain-Relief-Recovery-of-Ar-2-768x475.jpg 768w\" sizes=\"(max-width: 970px) 100vw, 970px\" \/><\/p>\n<\/div>\n<p>&nbsp;<\/p>\n<p data-start=\"359\" data-end=\"682\"><em data-start=\"359\" data-end=\"370\">\u00dcberblick:<\/em> Unsere Carbonfaser-Einlegesohlen wurden sorgf\u00e4ltig entwickelt, um au\u00dfergew\u00f6hnliche Unterst\u00fctzung zu bieten und Fu\u00dfschmerzen zu lindern, die mit Erkrankungen wie arthritischen Zehen, Rasenzehen, Hallux rigidus und Mortonzehen verbunden sind. Das starre Design sorgt f\u00fcr eine minimale Bewegung des Fu\u00dfes im Schuh und f\u00f6rdert so eine schnellere Genesung und einen h\u00f6heren Komfort.<\/p>\n<p data-start=\"684\" data-end=\"695\"><em data-start=\"684\" data-end=\"695\">Merkmale:<\/em><\/p>\n<ul data-start=\"696\" data-end=\"1193\">\n<li data-start=\"696\" data-end=\"855\"><strong data-start=\"698\" data-end=\"711\">Material:<\/strong> Gefertigt aus hochwertiger Kohlefaser, die f\u00fcr ihr geringes Gewicht und ihre Robustheit bekannt ist und f\u00fcr Langlebigkeit sorgt, ohne unn\u00f6tiges Gewicht zu verursachen.<\/li>\n<li data-start=\"856\" data-end=\"968\"><strong data-start=\"858\" data-end=\"869\">Entwurf:<\/strong> Die starre Struktur minimiert die Beugung des Fu\u00dfes, sorgt f\u00fcr Stabilit\u00e4t und reduziert die Belastung der betroffenen Bereiche.<\/li>\n<li data-start=\"969\" data-end=\"1104\"><strong data-start=\"971\" data-end=\"989\">Kompatibilit\u00e4t:<\/strong> Sie eignen sich f\u00fcr verschiedene Schuhtypen, einschlie\u00dflich Sport-, Freizeit- und Bekleidungsschuhen, und sind somit vielseitig f\u00fcr den t\u00e4glichen Gebrauch einsetzbar.<\/li>\n<li data-start=\"1105\" data-end=\"1193\"><strong data-start=\"1107\" data-end=\"1117\">Gr\u00f6\u00dfen:<\/strong> Erh\u00e4ltlich in mehreren Gr\u00f6\u00dfen f\u00fcr M\u00e4nner- und Frauenschuhe.<\/li>\n<\/ul>\n<p data-start=\"1195\" data-end=\"1229\"><em data-start=\"1195\" data-end=\"1229\">Warum Sie dieses Produkt kaufen sollten:<\/em><\/p>\n<ul data-start=\"1230\" data-end=\"1760\">\n<li data-start=\"1230\" data-end=\"1368\"><strong data-start=\"1232\" data-end=\"1248\">Schmerzlinderung:<\/strong> Lindert wirksam die Beschwerden bei h\u00e4ufigen Fu\u00dfbeschwerden, indem es sch\u00e4dliche Bewegungen einschr\u00e4nkt und die notwendige Unterst\u00fctzung bietet.<\/li>\n<li data-start=\"1369\" data-end=\"1506\"><strong data-start=\"1371\" data-end=\"1396\">Verbesserte Leistung:<\/strong> Ideal f\u00fcr Sportler und aktive Menschen, die ihr Aktivit\u00e4tsniveau aufrechterhalten und gleichzeitig ihre Fu\u00dfprobleme in den Griff bekommen wollen.<\/li>\n<li data-start=\"1507\" data-end=\"1632\"><strong data-start=\"1509\" data-end=\"1534\">Langlebige Konstruktion:<\/strong> Kohlefaser sorgt f\u00fcr Langlebigkeit und macht diese Einlegesohlen zu einer kosteneffizienten L\u00f6sung f\u00fcr den langfristigen Einsatz.<\/li>\n<li data-start=\"1633\" data-end=\"1760\"><strong data-start=\"1635\" data-end=\"1659\">Leichter Komfort:<\/strong> Trotz ihrer Steifigkeit sind die Einlegesohlen leicht, so dass sie Ihr Schuhwerk nicht aufbl\u00e4hen.<\/li>\n<\/ul>\n<p data-start=\"1762\" data-end=\"1769\"><em data-start=\"1762\" data-end=\"1769\">FAQs:<\/em><\/p>\n<ol data-start=\"1771\" data-end=\"2420\">\n<li data-start=\"1771\" data-end=\"1902\">\n<p data-start=\"1774\" data-end=\"1820\"><strong data-start=\"1774\" data-end=\"1820\">Sind diese Einlegesohlen f\u00fcr das t\u00e4gliche Tragen geeignet?<\/strong><\/p>\n<ul data-start=\"1824\" data-end=\"1902\">\n<li data-start=\"1824\" data-end=\"1902\">Ja, sie sind f\u00fcr den t\u00e4glichen Gebrauch konzipiert und passen bequem in die meisten Schuhtypen.<\/li>\n<\/ul>\n<\/li>\n<li data-start=\"1904\" data-end=\"2107\">\n<p data-start=\"1907\" data-end=\"1957\"><strong data-start=\"1907\" data-end=\"1957\">K\u00f6nnen diese Einlagen bei Plantarfasziitis helfen?<\/strong><\/p>\n<ul data-start=\"1961\" data-end=\"2107\">\n<li data-start=\"1961\" data-end=\"2107\">Obwohl sie in erster Linie f\u00fcr Erkrankungen wie Rasenzehen und Hallux rigidus entwickelt wurde, kann die starre St\u00fctze auch Personen mit Plantarfasziitis zugute kommen.<\/li>\n<\/ul>\n<\/li>\n<li data-start=\"2109\" data-end=\"2256\">\n<p data-start=\"2112\" data-end=\"2156\"><strong data-start=\"2112\" data-end=\"2156\">Wie kann ich die Einlegesohlen reinigen und pflegen?<\/strong><\/p>\n<ul data-start=\"2160\" data-end=\"2256\">\n<li data-start=\"2160\" data-end=\"2256\">Wischen Sie sie mit einem feuchten Tuch und milder Seife ab. Vermeiden Sie es, sie in Wasser zu tauchen oder scharfe Chemikalien zu verwenden.<\/li>\n<\/ul>\n<\/li>\n<li data-start=\"2258\" data-end=\"2420\">\n<p data-start=\"2261\" data-end=\"2311\"><strong data-start=\"2261\" data-end=\"2311\">Muss ich die Einlegesohlen auf meine Schuhe zuschneiden?<\/strong><\/p>\n<ul data-start=\"2315\" data-end=\"2420\">\n<li data-start=\"2315\" data-end=\"2420\">Sie werden in bestimmten Gr\u00f6\u00dfen geliefert, k\u00f6nnen jedoch bei Bedarf geringf\u00fcgig gek\u00fcrzt werden, um eine perfekte Passform zu erreichen.<\/li>\n<\/ul>\n<\/li>\n<\/ol>","protected":false},"excerpt":{"rendered":"<ul class=\"a-unordered-list a-vertical a-spacing-mini\">\n<li class=\"a-spacing-mini\"><strong>Wesentliche Merkmale:<\/strong>\n<ul>\n<li><strong>Starrer Kohlefasertr\u00e4ger<\/strong>: Stabilisiert den Fu\u00df und mindert den Druck zur Schmerzlinderung und schnelleren Genesung.<\/li>\n<li><strong>Schmerzlinderung bei Fu\u00dferkrankungen<\/strong>: Ideal zur Behandlung von arthritischen Zehen, Rasenzehen, Hallux Rigidus und Mortonzehen.<\/li>\n<li><strong>Langlebig und leicht<\/strong>: Hochwertige Kohlefaserkonstruktion sorgt f\u00fcr eine starke, aber leichte Unterst\u00fctzung.<\/li>\n<li><strong>Vielseitiger Einsatz<\/strong>: Geeignet f\u00fcr Sportschuhe, Arbeitsschuhe und Alltagsschuhe.<\/li>\n<li><strong>Verbessert die Mobilit\u00e4t<\/strong>: Hilft Ihnen, sich bequemer zu bewegen, indem es die Fu\u00dfausrichtung unterst\u00fctzt und Beschwerden reduziert.<\/li>\n<\/ul>\n<p>Machen Sie noch heute den ersten Schritt zum schmerzfreien Gehen mit unserem\u00a0<strong>Kohlefaser-Einlagen<\/strong>\u00a0entwickelt f\u00fcr maximalen Komfort und Entlastung!<\/li>\n<\/ul>","protected":false},"featured_media":605,"comment_status":"open","ping_status":"closed","template":"","meta":{"_kadence_starter_templates_imported_post":false,"_kad_post_transparent":"default","_kad_post_title":"","_kad_post_layout":"default","_kad_post_sidebar_id":"","_kad_post_content_style":"default","_kad_post_vertical_padding":"default","_kad_post_feature":"","_kad_post_feature_position":"","_kad_post_header":false,"_kad_post_footer":false},"product_brand":[],"product_cat":[234,22,237,236,238],"product_tag":[51,47,50,48],"class_list":{"0":"post-66","1":"product","2":"type-product","3":"status-publish","4":"has-post-thumbnail","6":"product_cat-carbon-fibre-insoles-basketball","7":"product_cat-carbon-fiber-insoles","8":"product_cat-carbon-fiber-medical-insoles","9":"product_cat-carbon-fiber-insoles-running","10":"product_cat-carbon-fiber-insoles-walking-and-hiking","11":"product_tag-carbon-fiber-foot-insoles","12":"product_tag-carbon-fiber-insoles","13":"product_tag-carbon-fiber-shoe-insoles","14":"product_tag-insoles","15":"pa_us-ca-size-m1-w3-200mm","16":"pa_us-ca-size-m2-w4-210mm","17":"pa_us-ca-size-m3-w5","18":"pa_us-ca-size-m3-5-w5-5-225mm","19":"pa_us-ca-size-m4-w6","20":"pa_us-ca-size-m4-5-w6-5-235mm","21":"pa_us-ca-size-m5-w7","22":"pa_us-ca-size-m5-5-w7-5-245mm","23":"pa_us-ca-size-m6-w8","24":"pa_us-ca-size-m7-w9","25":"pa_us-ca-size-m7-5-w9-5-260mm","26":"pa_us-ca-size-m8-5-w10-5-270mm","27":"pa_us-ca-size-m8-w10","29":"first","30":"instock","31":"sale","32":"shipping-taxable","33":"purchasable","34":"product-type-variable","35":"entry","36":"content-bg","37":"loop-entry"},"aioseo_notices":[],"_links":{"self":[{"href":"https:\/\/www.carbonfiberinsoles.shop\/de\/wp-json\/wp\/v2\/product\/66","targetHints":{"allow":["GET"]}}],"collection":[{"href":"https:\/\/www.carbonfiberinsoles.shop\/de\/wp-json\/wp\/v2\/product"}],"about":[{"href":"https:\/\/www.carbonfiberinsoles.shop\/de\/wp-json\/wp\/v2\/types\/product"}],"replies":[{"embeddable":true,"href":"https:\/\/www.carbonfiberinsoles.shop\/de\/wp-json\/wp\/v2\/comments?post=66"}],"version-history":[{"count":0,"href":"https:\/\/www.carbonfiberinsoles.shop\/de\/wp-json\/wp\/v2\/product\/66\/revisions"}],"wp:featuredmedia":[{"embeddable":true,"href":"https:\/\/www.carbonfiberinsoles.shop\/de\/wp-json\/wp\/v2\/media\/605"}],"wp:attachment":[{"href":"https:\/\/www.carbonfiberinsoles.shop\/de\/wp-json\/wp\/v2\/media?parent=66"}],"wp:term":[{"taxonomy":"product_brand","embeddable":true,"href":"https:\/\/www.carbonfiberinsoles.shop\/de\/wp-json\/wp\/v2\/product_brand?post=66"},{"taxonomy":"product_cat","embeddable":true,"href":"https:\/\/www.carbonfiberinsoles.shop\/de\/wp-json\/wp\/v2\/product_cat?post=66"},{"taxonomy":"product_tag","embeddable":true,"href":"https:\/\/www.carbonfiberinsoles.shop\/de\/wp-json\/wp\/v2\/product_tag?post=66"}],"curies":[{"name":"wp","href":"https:\/\/api.w.org\/{rel}","templated":true}]}}