{"id":16020,"date":"2024-12-28T10:01:15","date_gmt":"2024-12-28T10:01:15","guid":{"rendered":"https:\/\/www.carbonfiberinsoles.shop\/?page_id=16020"},"modified":"2024-12-28T10:15:15","modified_gmt":"2024-12-28T10:15:15","slug":"shipping-delivery","status":"publish","type":"page","link":"https:\/\/www.carbonfiberinsoles.shop\/es\/shipping-delivery\/","title":{"rendered":"Env\u00edo y entrega"},"content":{"rendered":"<div data-elementor-type=\"wp-page\" data-elementor-id=\"16020\" class=\"elementor elementor-16020\" data-elementor-post-type=\"page\">\n\t\t\t\t<div class=\"elementor-element elementor-element-7f9f4067 e-flex e-con-boxed e-con e-parent\" data-id=\"7f9f4067\" data-element_type=\"container\" data-e-type=\"container\">\n\t\t\t\t\t<div class=\"e-con-inner\">\n\t\t\t\t<div class=\"elementor-element elementor-element-2a5d9c4b elementor-widget elementor-widget-text-editor\" data-id=\"2a5d9c4b\" data-element_type=\"widget\" data-e-type=\"widget\" data-widget_type=\"text-editor.default\">\n\t\t\t\t<div class=\"elementor-widget-container\">\n\t\t\t\t\t\t\t\t\t<h2 class=\"font-600 text-xl font-bold\">Env\u00edos internacionales<\/h2><p class=\"whitespace-pre-wrap break-words\">Estamos orgullosos de ofrecer env\u00edos a clientes de todo el mundo. Est\u00e9 donde est\u00e9, le entregaremos nuestras plantillas de fibra de carbono de primera calidad en la puerta de su casa.<\/p><h2 class=\"font-600 text-xl font-bold\">Plazo de entrega<\/h2><ul class=\"-mt-1 [li&gt;&amp;]:mt-2 list-disc space-y-2 pl-8\"><li class=\"whitespace-normal break-words\">Env\u00edo internacional est\u00e1ndar: 7-15 d\u00edas laborables<\/li><li class=\"whitespace-normal break-words\">Los plazos de env\u00edo pueden variar ligeramente en funci\u00f3n de su ubicaci\u00f3n y de la tramitaci\u00f3n aduanera local<\/li><\/ul><h2 class=\"font-600 text-xl font-bold\">Tramitaci\u00f3n de pedidos<\/h2><ul class=\"-mt-1 [li&gt;&amp;]:mt-2 list-disc space-y-2 pl-8\"><li class=\"whitespace-normal break-words\">Todos los pedidos se tramitan en 1-2 d\u00edas laborables<\/li><li class=\"whitespace-normal break-words\">Recibir\u00e1 un n\u00famero de seguimiento por correo electr\u00f3nico cuando se env\u00ede su pedido.<\/li><li class=\"whitespace-normal break-words\">Rastree su paquete f\u00e1cilmente a trav\u00e9s de nuestro sitio web utilizando su n\u00famero de pedido<\/li><\/ul><h2 class=\"font-600 text-xl font-bold\">Gastos de env\u00edo<\/h2><ul class=\"-mt-1 [li&gt;&amp;]:mt-2 list-disc space-y-2 pl-8\"><li class=\"whitespace-normal break-words\">Env\u00edo gratuito en pedidos superiores a $50<\/li><li class=\"whitespace-normal break-words\">Los gastos de env\u00edo est\u00e1ndar se calculan en el momento de pagar en funci\u00f3n de su ubicaci\u00f3n.<\/li><li class=\"whitespace-normal break-words\">Todos los gastos de env\u00edo se mostrar\u00e1n antes de completar el pago<\/li><\/ul><h2 class=\"font-600 text-xl font-bold\">Cobertura mundial<\/h2><p class=\"whitespace-pre-wrap break-words\">Enviamos a todos los pa\u00edses del mundo. Nuestros fiables socios de env\u00edos internacionales garantizan que tus plantillas de fibra de carbono lleguen seguras y a tiempo.<\/p><h2 class=\"font-600 text-xl font-bold\">Aduanas y derechos de importaci\u00f3n<\/h2><ul class=\"-mt-1 [li&gt;&amp;]:mt-2 list-disc space-y-2 pl-8\"><li class=\"whitespace-normal break-words\">Los pedidos internacionales pueden estar sujetos a derechos de aduana e impuestos de importaci\u00f3n.<\/li><li class=\"whitespace-normal break-words\">Estos gastos corren a cargo del cliente y no est\u00e1n incluidos en los gastos de env\u00edo.<\/li><li class=\"whitespace-normal break-words\">Para m\u00e1s informaci\u00f3n, consulte la normativa aduanera de su pa\u00eds<\/li><\/ul><h2 class=\"font-600 text-xl font-bold\">Seguimiento de paquetes<\/h2><ul class=\"-mt-1 [li&gt;&amp;]:mt-2 list-disc space-y-2 pl-8\"><li class=\"whitespace-normal break-words\">Todos los pedidos incluyen un seguimiento exhaustivo<\/li><li class=\"whitespace-normal break-words\">Rastree su env\u00edo 24 horas al d\u00eda, 7 d\u00edas a la semana, a trav\u00e9s de nuestro sitio web<\/li><li class=\"whitespace-normal break-words\">Actualizaciones peri\u00f3dicas de la situaci\u00f3n por correo electr\u00f3nico<\/li><\/ul><h2 class=\"font-600 text-xl font-bold\">Protecci\u00f3n de env\u00edos<\/h2><ul class=\"-mt-1 [li&gt;&amp;]:mt-2 list-disc space-y-2 pl-8\"><li class=\"whitespace-normal break-words\">Todos los paquetes se embalan cuidadosamente para garantizar una entrega segura<\/li><li class=\"whitespace-normal break-words\">El seguro est\u00e1 incluido en todos los env\u00edos<\/li><li class=\"whitespace-normal break-words\">Los paquetes da\u00f1ados o perdidos se repondr\u00e1n sin coste adicional.<\/li><\/ul><h2 class=\"font-600 text-xl font-bold\">\u00bfPreguntas?<\/h2><p class=\"whitespace-pre-wrap break-words\">Si tiene alguna pregunta sobre el env\u00edo o la entrega, p\u00f3ngase en contacto con nuestro equipo de atenci\u00f3n al cliente:<\/p><ul class=\"-mt-1 [li&gt;&amp;]:mt-2 list-disc space-y-2 pl-8\"><li class=\"whitespace-normal break-words\">Correo electr\u00f3nico: service@Insolesus.com<\/li><li class=\"whitespace-normal break-words\">Formulario de contacto: Disponible en nuestra <a href=\"https:\/\/www.carbonfiberinsoles.shop\/es\/contact-us\/\">P\u00e1gina de contacto<\/a><\/li><li class=\"whitespace-normal break-words\">Tiempo de respuesta: En 24 horas<\/li><\/ul><h2 class=\"font-600 text-xl font-bold\">Notas importantes<\/h2><ul class=\"-mt-1 [li&gt;&amp;]:mt-2 list-disc space-y-2 pl-8\"><li class=\"whitespace-normal break-words\">Los d\u00edas laborables no incluyen fines de semana ni festivos<\/li><li class=\"whitespace-normal break-words\">Los plazos de entrega son estimativos y pueden variar en temporada alta o en circunstancias excepcionales.<\/li><li class=\"whitespace-normal break-words\">Le notificaremos cualquier retraso significativo o problema de env\u00edo<\/li><\/ul><p class=\"whitespace-pre-wrap break-words\">Nos esforzamos por ofrecer la mejor experiencia de env\u00edo posible a nuestros clientes. Nuestro equipo supervisa cada env\u00edo para garantizar que sus plantillas de fibra de carbono lleguen seguras y a tiempo.<\/p><p class=\"whitespace-pre-wrap break-words\">Este contenido proporciona informaci\u00f3n exhaustiva manteniendo un tono profesional y de confianza. \u00bfDesea que modifique alguna secci\u00f3n o a\u00f1ada informaci\u00f3n adicional?<\/p>\t\t\t\t\t\t\t\t<\/div>\n\t\t\t\t<\/div>\n\t\t\t\t\t<\/div>\n\t\t\t\t<\/div>\n\t\t<div class=\"elementor-element elementor-element-1961d74 e-flex e-con-boxed e-con e-parent\" data-id=\"1961d74\" data-element_type=\"container\" data-e-type=\"container\">\n\t\t\t\t\t<div class=\"e-con-inner\">\n\t\t\t\t<div class=\"elementor-element elementor-element-3d1c4c7 elementor-widget elementor-widget-text-editor\" data-id=\"3d1c4c7\" data-element_type=\"widget\" data-e-type=\"widget\" data-widget_type=\"text-editor.default\">\n\t\t\t\t<div class=\"elementor-widget-container\">\n\t\t\t\t\t\t\t\t\t<p><strong>correo:<a href=\"mailto:service@insolesus.com\">service@insolesus.com<\/a><\/strong><\/p><p><strong>tel:<a href=\"tel:8613725483134\">8613725483134<\/a><\/strong><\/p>\t\t\t\t\t\t\t\t<\/div>\n\t\t\t\t<\/div>\n\t\t\t\t\t<\/div>\n\t\t\t\t<\/div>\n\t\t<div class=\"elementor-element elementor-element-0061690 e-flex e-con-boxed e-con e-parent\" data-id=\"0061690\" data-element_type=\"container\" data-e-type=\"container\">\n\t\t\t\t\t<div class=\"e-con-inner\">\n\t\t\t\t<div class=\"elementor-element elementor-element-07ca945 elementor-widget__width-initial elementor-widget elementor-widget-wpforms\" data-id=\"07ca945\" data-element_type=\"widget\" data-e-type=\"widget\" data-widget_type=\"wpforms.default\">\n\t\t\t\t<div class=\"elementor-widget-container\">\n\t\t\t\t\t<style id=\"wpforms-css-vars-root\">\n\t\t\t\t:root {\n\t\t\t\t\t--wpforms-field-border-radius: 3px;\n--wpforms-field-border-style: solid;\n--wpforms-field-border-size: 1px;\n--wpforms-field-background-color: #ffffff;\n--wpforms-field-border-color: rgba( 0, 0, 0, 0.25 );\n--wpforms-field-border-color-spare: rgba( 0, 0, 0, 0.25 );\n--wpforms-field-text-color: rgba( 0, 0, 0, 0.7 );\n--wpforms-field-menu-color: #ffffff;\n--wpforms-label-color: rgba( 0, 0, 0, 0.85 );\n--wpforms-label-sublabel-color: rgba( 0, 0, 0, 0.55 );\n--wpforms-label-error-color: #d63637;\n--wpforms-button-border-radius: 3px;\n--wpforms-button-border-style: none;\n--wpforms-button-border-size: 1px;\n--wpforms-button-background-color: #066aab;\n--wpforms-button-border-color: #066aab;\n--wpforms-button-text-color: #ffffff;\n--wpforms-page-break-color: #066aab;\n--wpforms-background-image: none;\n--wpforms-background-position: center center;\n--wpforms-background-repeat: no-repeat;\n--wpforms-background-size: cover;\n--wpforms-background-width: 100px;\n--wpforms-background-height: 100px;\n--wpforms-background-color: rgba( 0, 0, 0, 0 );\n--wpforms-background-url: none;\n--wpforms-container-padding: 0px;\n--wpforms-container-border-style: none;\n--wpforms-container-border-width: 1px;\n--wpforms-container-border-color: #000000;\n--wpforms-container-border-radius: 3px;\n--wpforms-field-size-input-height: 43px;\n--wpforms-field-size-input-spacing: 15px;\n--wpforms-field-size-font-size: 16px;\n--wpforms-field-size-line-height: 19px;\n--wpforms-field-size-padding-h: 14px;\n--wpforms-field-size-checkbox-size: 16px;\n--wpforms-field-size-sublabel-spacing: 5px;\n--wpforms-field-size-icon-size: 1;\n--wpforms-label-size-font-size: 16px;\n--wpforms-label-size-line-height: 19px;\n--wpforms-label-size-sublabel-font-size: 14px;\n--wpforms-label-size-sublabel-line-height: 17px;\n--wpforms-button-size-font-size: 17px;\n--wpforms-button-size-height: 41px;\n--wpforms-button-size-padding-h: 15px;\n--wpforms-button-size-margin-top: 10px;\n--wpforms-container-shadow-size-box-shadow: none;\n\n\t\t\t\t}\n\t\t\t<\/style><style id=\"wpforms-css-vars-elementor-widget-07ca945\">\n\t\t\t\t.elementor-widget-wpforms.elementor-element-07ca945 {\n\t\t\t\t\t--wpforms-field-size-input-height: 43px;\n--wpforms-field-size-input-spacing: 15px;\n--wpforms-field-size-font-size: 16px;\n--wpforms-field-size-line-height: 19px;\n--wpforms-field-size-padding-h: 14px;\n--wpforms-field-size-checkbox-size: 16px;\n--wpforms-field-size-sublabel-spacing: 5px;\n--wpforms-field-size-icon-size: 1;\n--wpforms-label-size-font-size: 16px;\n--wpforms-label-size-line-height: 19px;\n--wpforms-label-size-sublabel-font-size: 14px;\n--wpforms-label-size-sublabel-line-height: 17px;\n--wpforms-button-size-font-size: 17px;\n--wpforms-button-size-height: 41px;\n--wpforms-button-size-padding-h: 15px;\n--wpforms-button-size-margin-top: 10px;\n\n\t\t\t\t}\n\t\t\t<\/style><div class=\"wpforms-container wpforms-container-full wpforms-render-modern\" id=\"wpforms-16013\"><form id=\"wpforms-form-16013\" class=\"wpforms-validate wpforms-form wpforms-ajax-form\" data-formid=\"16013\" method=\"post\" enctype=\"multipart\/form-data\" action=\"\/es\/wp-json\/wp\/v2\/pages\/16020\" data-token=\"ecdd2973fdbc5e3d87b84d160c11d03c\" data-token-time=\"1777631623\" data-trp-original-action=\"\/es\/wp-json\/wp\/v2\/pages\/16020\"><noscript class=\"wpforms-error-noscript\">Por favor, active JavaScript en su navegador para completar este formulario.<\/noscript><div class=\"wpforms-hidden\" id=\"wpforms-error-noscript\">Por favor, active JavaScript en su navegador para completar este formulario.<\/div><div class=\"wpforms-field-container\"><div id=\"wpforms-16013-field_4-container\" class=\"wpforms-field wpforms-field-phone\" data-field-id=\"4\"><label class=\"wpforms-field-label\" for=\"wpforms-16013-field_4\">Tel\u00e9fono<\/label><input type=\"tel\" id=\"wpforms-16013-field_4\" class=\"wpforms-field-large\" data-rule-int-phone-field=\"true\" name=\"wpforms[fields][4]\" placeholder=\"Su n\u00famero de tel\u00e9fono\" aria-label=\"Tel\u00e9fono\" aria-errormessage=\"wpforms-16013-field_4-error\" ><\/div><div id=\"wpforms-16013-field_2-container\" class=\"wpforms-field wpforms-field-email\" data-field-id=\"2\"><label class=\"wpforms-field-label\" for=\"wpforms-16013-field_2\">Correo electr\u00f3nico <span class=\"wpforms-required-label\" aria-hidden=\"true\">*<\/span><\/label><input type=\"email\" id=\"wpforms-16013-field_2\" class=\"wpforms-field-large wpforms-field-required\" name=\"wpforms[fields][2]\" placeholder=\"Su correo electr\u00f3nico\" spellcheck=\"false\" aria-errormessage=\"wpforms-16013-field_2-error\" required><\/div><div id=\"wpforms-16013-field_3-container\" class=\"wpforms-field wpforms-field-textarea\" data-field-id=\"3\"><label class=\"wpforms-field-label\" for=\"wpforms-16013-field_3\">Comentario o mensaje <span class=\"wpforms-required-label\" aria-hidden=\"true\">*<\/span><\/label><textarea id=\"wpforms-16013-field_3\" class=\"wpforms-field-medium wpforms-field-required\" name=\"wpforms[fields][3]\" aria-errormessage=\"wpforms-16013-field_3-error\" required><\/textarea><\/div><div id=\"wpforms-16013-field_5-container\" class=\"wpforms-field wpforms-field-captcha\" data-field-id=\"5\"><label class=\"wpforms-field-label\" for=\"wpforms-16013-field_5\">Captcha personalizado <span class=\"wpforms-required-label\" aria-hidden=\"true\">*<\/span><\/label>\t\t\t<div class=\"wpforms-captcha-math\">\n\t\t\t\t<span id=\"wpforms-16013-field_5-question\" class=\"wpforms-captcha-equation\">\n\t\t\t\t\t<span class=\"n1\">14<\/span>\n\t\t\t\t\t\t\t<span class=\"cal\">+<\/span>\n\t\t\t\t\t\t\t<span class=\"n2\">14<\/span>\t\t\t\t\t<span class=\"e\">=<\/span>\n\t\t\t\t<\/span>\n\t\t\t\t<input type=\"text\" id=\"wpforms-16013-field_5\" class=\"wpforms-field-medium wpforms-field-required a\" data-rule-wpf-captcha=\"math\" data-is-wrapped-field=\"1\" name=\"wpforms[fields][5][a]\" aria-errormessage=\"wpforms-16013-field_5-error\" aria-describedby=\"wpforms-16013-field_5-question\" required>\t\t\t\t<input type=\"hidden\" name=\"wpforms[fields][5][cal]\" class=\"cal\">\n\t\t\t\t<input type=\"hidden\" name=\"wpforms[fields][5][n2]\" class=\"n2\">\n\t\t\t\t<input type=\"hidden\" name=\"wpforms[fields][5][n1]\" class=\"n1\">\n\t\t\t<\/div>\n\t\t\t<\/div><\/div><!-- .wpforms-field-container --><div class=\"wpforms-submit-container\" ><input type=\"hidden\" name=\"wpforms[id]\" value=\"16013\"><input type=\"hidden\" name=\"page_title\" value=\"\"><input type=\"hidden\" name=\"page_url\" value=\"https:\/\/www.carbonfiberinsoles.shop\/es\/wp-json\/wp\/v2\/pages\/16020\"><button type=\"submit\" name=\"wpforms[submit]\" id=\"wpforms-submit-16013\" class=\"wpforms-submit\" data-alt-text=\"Sending...\" data-submit-text=\"Submit Inquiry\" aria-live=\"assertive\" value=\"wpforms-submit\">Enviar consulta<\/button><img decoding=\"async\" src=\"https:\/\/www.carbonfiberinsoles.shop\/wp-content\/plugins\/wpforms\/assets\/images\/submit-spin.svg\" class=\"wpforms-submit-spinner\" style=\"display: none;\" width=\"26\" height=\"26\" alt=\"Cargando\"><\/div><input type=\"hidden\" name=\"trp-form-language\" value=\"es\"\/><\/form><\/div>  <!-- .wpforms-container -->\t\t\t\t<\/div>\n\t\t\t\t<\/div>\n\t\t\t\t\t<\/div>\n\t\t\t\t<\/div>\n\t\t\t\t<\/div>","protected":false},"excerpt":{"rendered":"<p>Env\u00edos internacionales Estamos orgullosos de ofrecer env\u00edos a clientes de todo el mundo. Est\u00e9 donde est\u00e9, le entregaremos nuestras plantillas de fibra de carbono de primera calidad en la puerta de su casa. Plazo de entrega Env\u00edo internacional est\u00e1ndar: 7-15 d\u00edas laborables Los plazos de env\u00edo pueden variar ligeramente en funci\u00f3n de su ubicaci\u00f3n y de la tramitaci\u00f3n aduanera local Tramitaci\u00f3n de pedidos Todos los pedidos se...<\/p>","protected":false},"author":1,"featured_media":0,"parent":0,"menu_order":0,"comment_status":"closed","ping_status":"closed","template":"","meta":{"_kadence_starter_templates_imported_post":false,"_kad_post_transparent":"","_kad_post_title":"","_kad_post_layout":"","_kad_post_sidebar_id":"","_kad_post_content_style":"","_kad_post_vertical_padding":"","_kad_post_feature":"","_kad_post_feature_position":"","_kad_post_header":false,"_kad_post_footer":false,"footnotes":""},"class_list":["post-16020","page","type-page","status-publish","hentry"],"aioseo_notices":[],"_links":{"self":[{"href":"https:\/\/www.carbonfiberinsoles.shop\/es\/wp-json\/wp\/v2\/pages\/16020","targetHints":{"allow":["GET"]}}],"collection":[{"href":"https:\/\/www.carbonfiberinsoles.shop\/es\/wp-json\/wp\/v2\/pages"}],"about":[{"href":"https:\/\/www.carbonfiberinsoles.shop\/es\/wp-json\/wp\/v2\/types\/page"}],"author":[{"embeddable":true,"href":"https:\/\/www.carbonfiberinsoles.shop\/es\/wp-json\/wp\/v2\/users\/1"}],"replies":[{"embeddable":true,"href":"https:\/\/www.carbonfiberinsoles.shop\/es\/wp-json\/wp\/v2\/comments?post=16020"}],"version-history":[{"count":0,"href":"https:\/\/www.carbonfiberinsoles.shop\/es\/wp-json\/wp\/v2\/pages\/16020\/revisions"}],"wp:attachment":[{"href":"https:\/\/www.carbonfiberinsoles.shop\/es\/wp-json\/wp\/v2\/media?parent=16020"}],"curies":[{"name":"wp","href":"https:\/\/api.w.org\/{rel}","templated":true}]}}