{"id":15938,"date":"2024-12-21T21:53:21","date_gmt":"2024-12-21T21:53:21","guid":{"rendered":"https:\/\/www.carbonfiberinsoles.shop\/?post_type=product&#038;p=15938"},"modified":"2025-06-07T02:29:50","modified_gmt":"2025-06-07T02:29:50","slug":"carbon-fiber-insoles-meticulously-engineered-to-enhance-athletic-performance-for-basketball-players-and-athletes-across-various-sports","status":"publish","type":"product","link":"https:\/\/www.carbonfiberinsoles.shop\/es\/producto\/carbon-fiber-insoles-meticulously-engineered-to-enhance-athletic-performance-for-basketball-players-and-athletes-across-various-sports\/","title":{"rendered":"Plantillas de fibra de carbono Plantillas de baloncesto que te hacen saltar m\u00e1s alto"},"content":{"rendered":"<p><strong>Por qu\u00e9 elegir nuestras plantillas:<\/strong><\/p>\n<ol>\n<li><strong>Rendimiento mejorado:<\/strong> La placa de fibra de carbono aumenta la propulsi\u00f3n, ayudando en sprints m\u00e1s r\u00e1pidos y saltos m\u00e1s altos.<\/li>\n<li><strong>Confort superior:<\/strong> Los materiales PU y GEL de alta calidad proporcionan una amortiguaci\u00f3n excepcional, reduciendo la tensi\u00f3n del pie.<\/li>\n<li><strong>Prevenci\u00f3n de lesiones:<\/strong> Dise\u00f1ado para ofrecer estabilidad y apoyo, minimizando el riesgo de esguinces y otras lesiones en los pies.<\/li>\n<li><strong>Construcci\u00f3n duradera:<\/strong> Fabricado con materiales de primera calidad para resistir actividades atl\u00e9ticas rigurosas.<\/li>\n<\/ol>\n<p><strong>Especificaciones:<\/strong><\/p>\n<ul>\n<li><strong>Materiales:<\/strong> Placa de fibra de carbono, PU, GEL, malla transpirable BK<\/li>\n<li><strong>Tallas disponibles:<\/strong> M\u00faltiples tallas para adaptarse a distintas dimensiones de calzado<\/li>\n<li><strong>Color:<\/strong> Negro con detalles de malla<\/li>\n<li><strong>Peso:<\/strong> Aproximadamente 220 gramos por par<\/li>\n<\/ul>\n<p>Mejore su juego con nuestro <strong>Plantillas de fibra de carbono<\/strong>Dise\u00f1adas para proporcionar la sujeci\u00f3n, el confort y la durabilidad que los atletas necesitan para rendir al m\u00e1ximo.<\/p>\n<p>&nbsp;<\/p>\n<p><img fetchpriority=\"high\" decoding=\"async\" class=\"alignnone wp-image-15945\" src=\"https:\/\/www.carbonfiberinsoles.shop\/wp-content\/uploads\/2024\/12\/Carbon-Fiber-Insoles-meticulously-engineered-to-enhance-athletic-performance-for-basketball-players-and-athletes-across-various-9-400x217.jpg\" alt=\"Plantillas de fibra de carbono: cosm\u00e9ticamente dise\u00f1adas para mejorar el rendimiento atl\u00e9tico de jugadores de baloncesto y atletas de ( (5)\" width=\"800\" height=\"433\" srcset=\"https:\/\/www.carbonfiberinsoles.shop\/wp-content\/uploads\/2024\/12\/Carbon-Fiber-Insoles-meticulously-engineered-to-enhance-athletic-performance-for-basketball-players-and-athletes-across-various-9-400x217.jpg 400w, https:\/\/www.carbonfiberinsoles.shop\/wp-content\/uploads\/2024\/12\/Carbon-Fiber-Insoles-meticulously-engineered-to-enhance-athletic-performance-for-basketball-players-and-athletes-across-various-9-430x233.jpg 430w, https:\/\/www.carbonfiberinsoles.shop\/wp-content\/uploads\/2024\/12\/Carbon-Fiber-Insoles-meticulously-engineered-to-enhance-athletic-performance-for-basketball-players-and-athletes-across-various-9-700x379.jpg 700w, https:\/\/www.carbonfiberinsoles.shop\/wp-content\/uploads\/2024\/12\/Carbon-Fiber-Insoles-meticulously-engineered-to-enhance-athletic-performance-for-basketball-players-and-athletes-across-various-9-768x416.jpg 768w, https:\/\/www.carbonfiberinsoles.shop\/wp-content\/uploads\/2024\/12\/Carbon-Fiber-Insoles-meticulously-engineered-to-enhance-athletic-performance-for-basketball-players-and-athletes-across-various-9.jpg 790w\" sizes=\"(max-width: 800px) 100vw, 800px\" \/><img decoding=\"async\" class=\"alignnone wp-image-15944\" src=\"https:\/\/www.carbonfiberinsoles.shop\/wp-content\/uploads\/2024\/12\/Carbon-Fiber-Insoles-meticulously-engineered-to-enhance-athletic-performance-for-basketball-players-and-athletes-across-various-8-178x300.jpg\" alt=\"Plantillas de fibra de carbono: cosm\u00e9ticamente dise\u00f1adas para mejorar el rendimiento atl\u00e9tico de jugadores de baloncesto y atletas de ( (5)\" width=\"800\" height=\"1351\" srcset=\"https:\/\/www.carbonfiberinsoles.shop\/wp-content\/uploads\/2024\/12\/Carbon-Fiber-Insoles-meticulously-engineered-to-enhance-athletic-performance-for-basketball-players-and-athletes-across-various-8-178x300.jpg 178w, https:\/\/www.carbonfiberinsoles.shop\/wp-content\/uploads\/2024\/12\/Carbon-Fiber-Insoles-meticulously-engineered-to-enhance-athletic-performance-for-basketball-players-and-athletes-across-various-8-430x726.jpg 430w, https:\/\/www.carbonfiberinsoles.shop\/wp-content\/uploads\/2024\/12\/Carbon-Fiber-Insoles-meticulously-engineered-to-enhance-athletic-performance-for-basketball-players-and-athletes-across-various-8-700x1182.jpg 700w, https:\/\/www.carbonfiberinsoles.shop\/wp-content\/uploads\/2024\/12\/Carbon-Fiber-Insoles-meticulously-engineered-to-enhance-athletic-performance-for-basketball-players-and-athletes-across-various-8-474x800.jpg 474w, https:\/\/www.carbonfiberinsoles.shop\/wp-content\/uploads\/2024\/12\/Carbon-Fiber-Insoles-meticulously-engineered-to-enhance-athletic-performance-for-basketball-players-and-athletes-across-various-8-768x1297.jpg 768w, https:\/\/www.carbonfiberinsoles.shop\/wp-content\/uploads\/2024\/12\/Carbon-Fiber-Insoles-meticulously-engineered-to-enhance-athletic-performance-for-basketball-players-and-athletes-across-various-8-909x1536.jpg 909w, https:\/\/www.carbonfiberinsoles.shop\/wp-content\/uploads\/2024\/12\/Carbon-Fiber-Insoles-meticulously-engineered-to-enhance-athletic-performance-for-basketball-players-and-athletes-across-various-8-1213x2048.jpg 1213w, https:\/\/www.carbonfiberinsoles.shop\/wp-content\/uploads\/2024\/12\/Carbon-Fiber-Insoles-meticulously-engineered-to-enhance-athletic-performance-for-basketball-players-and-athletes-across-various-8.jpg 1498w\" sizes=\"(max-width: 800px) 100vw, 800px\" \/><img decoding=\"async\" class=\"alignnone wp-image-15946\" src=\"https:\/\/www.carbonfiberinsoles.shop\/wp-content\/uploads\/2024\/12\/Carbon-Fiber-Insoles-meticulously-engineered-to-enhance-athletic-performance-for-basketball-players-and-athletes-across-various-10-178x300.jpg\" alt=\"Plantillas de fibra de carbono: cosm\u00e9ticamente dise\u00f1adas para mejorar el rendimiento atl\u00e9tico de jugadores de baloncesto y atletas de ( (5)\" width=\"800\" height=\"1351\" srcset=\"https:\/\/www.carbonfiberinsoles.shop\/wp-content\/uploads\/2024\/12\/Carbon-Fiber-Insoles-meticulously-engineered-to-enhance-athletic-performance-for-basketball-players-and-athletes-across-various-10-178x300.jpg 178w, https:\/\/www.carbonfiberinsoles.shop\/wp-content\/uploads\/2024\/12\/Carbon-Fiber-Insoles-meticulously-engineered-to-enhance-athletic-performance-for-basketball-players-and-athletes-across-various-10-430x726.jpg 430w, https:\/\/www.carbonfiberinsoles.shop\/wp-content\/uploads\/2024\/12\/Carbon-Fiber-Insoles-meticulously-engineered-to-enhance-athletic-performance-for-basketball-players-and-athletes-across-various-10-700x1182.jpg 700w, https:\/\/www.carbonfiberinsoles.shop\/wp-content\/uploads\/2024\/12\/Carbon-Fiber-Insoles-meticulously-engineered-to-enhance-athletic-performance-for-basketball-players-and-athletes-across-various-10-474x800.jpg 474w, https:\/\/www.carbonfiberinsoles.shop\/wp-content\/uploads\/2024\/12\/Carbon-Fiber-Insoles-meticulously-engineered-to-enhance-athletic-performance-for-basketball-players-and-athletes-across-various-10-768x1297.jpg 768w, https:\/\/www.carbonfiberinsoles.shop\/wp-content\/uploads\/2024\/12\/Carbon-Fiber-Insoles-meticulously-engineered-to-enhance-athletic-performance-for-basketball-players-and-athletes-across-various-10-909x1536.jpg 909w, https:\/\/www.carbonfiberinsoles.shop\/wp-content\/uploads\/2024\/12\/Carbon-Fiber-Insoles-meticulously-engineered-to-enhance-athletic-performance-for-basketball-players-and-athletes-across-various-10-1213x2048.jpg 1213w, https:\/\/www.carbonfiberinsoles.shop\/wp-content\/uploads\/2024\/12\/Carbon-Fiber-Insoles-meticulously-engineered-to-enhance-athletic-performance-for-basketball-players-and-athletes-across-various-10.jpg 1498w\" sizes=\"(max-width: 800px) 100vw, 800px\" \/> <img loading=\"lazy\" decoding=\"async\" class=\"alignnone wp-image-15947\" src=\"https:\/\/www.carbonfiberinsoles.shop\/wp-content\/uploads\/2024\/12\/Carbon-Fiber-Insoles-meticulously-engineered-to-enhance-athletic-performance-for-basketball-players-and-athletes-across-various-11-400x256.jpg\" alt=\"Plantillas de fibra de carbono: cosm\u00e9ticamente dise\u00f1adas para mejorar el rendimiento atl\u00e9tico de jugadores de baloncesto y atletas de ( (5)\" width=\"800\" height=\"511\" srcset=\"https:\/\/www.carbonfiberinsoles.shop\/wp-content\/uploads\/2024\/12\/Carbon-Fiber-Insoles-meticulously-engineered-to-enhance-athletic-performance-for-basketball-players-and-athletes-across-various-11-400x256.jpg 400w, https:\/\/www.carbonfiberinsoles.shop\/wp-content\/uploads\/2024\/12\/Carbon-Fiber-Insoles-meticulously-engineered-to-enhance-athletic-performance-for-basketball-players-and-athletes-across-various-11-430x275.jpg 430w, https:\/\/www.carbonfiberinsoles.shop\/wp-content\/uploads\/2024\/12\/Carbon-Fiber-Insoles-meticulously-engineered-to-enhance-athletic-performance-for-basketball-players-and-athletes-across-various-11-700x447.jpg 700w, https:\/\/www.carbonfiberinsoles.shop\/wp-content\/uploads\/2024\/12\/Carbon-Fiber-Insoles-meticulously-engineered-to-enhance-athletic-performance-for-basketball-players-and-athletes-across-various-11-768x491.jpg 768w, https:\/\/www.carbonfiberinsoles.shop\/wp-content\/uploads\/2024\/12\/Carbon-Fiber-Insoles-meticulously-engineered-to-enhance-athletic-performance-for-basketball-players-and-athletes-across-various-11.jpg 790w\" sizes=\"(max-width: 800px) 100vw, 800px\" \/> <img loading=\"lazy\" decoding=\"async\" class=\"alignnone wp-image-15948\" src=\"https:\/\/www.carbonfiberinsoles.shop\/wp-content\/uploads\/2024\/12\/Carbon-Fiber-Insoles-meticulously-engineered-to-enhance-athletic-performance-for-basketball-players-and-athletes-across-various-12-194x300.jpg\" alt=\"Plantillas de fibra de carbono: cosm\u00e9ticamente dise\u00f1adas para mejorar el rendimiento atl\u00e9tico de jugadores de baloncesto y atletas de ( (5)\" width=\"800\" height=\"1238\" srcset=\"https:\/\/www.carbonfiberinsoles.shop\/wp-content\/uploads\/2024\/12\/Carbon-Fiber-Insoles-meticulously-engineered-to-enhance-athletic-performance-for-basketball-players-and-athletes-across-various-12-194x300.jpg 194w, https:\/\/www.carbonfiberinsoles.shop\/wp-content\/uploads\/2024\/12\/Carbon-Fiber-Insoles-meticulously-engineered-to-enhance-athletic-performance-for-basketball-players-and-athletes-across-various-12-430x666.jpg 430w, https:\/\/www.carbonfiberinsoles.shop\/wp-content\/uploads\/2024\/12\/Carbon-Fiber-Insoles-meticulously-engineered-to-enhance-athletic-performance-for-basketball-players-and-athletes-across-various-12-700x1084.jpg 700w, https:\/\/www.carbonfiberinsoles.shop\/wp-content\/uploads\/2024\/12\/Carbon-Fiber-Insoles-meticulously-engineered-to-enhance-athletic-performance-for-basketball-players-and-athletes-across-various-12-517x800.jpg 517w, https:\/\/www.carbonfiberinsoles.shop\/wp-content\/uploads\/2024\/12\/Carbon-Fiber-Insoles-meticulously-engineered-to-enhance-athletic-performance-for-basketball-players-and-athletes-across-various-12-768x1189.jpg 768w, https:\/\/www.carbonfiberinsoles.shop\/wp-content\/uploads\/2024\/12\/Carbon-Fiber-Insoles-meticulously-engineered-to-enhance-athletic-performance-for-basketball-players-and-athletes-across-various-12-992x1536.jpg 992w, https:\/\/www.carbonfiberinsoles.shop\/wp-content\/uploads\/2024\/12\/Carbon-Fiber-Insoles-meticulously-engineered-to-enhance-athletic-performance-for-basketball-players-and-athletes-across-various-12-1323x2048.jpg 1323w, https:\/\/www.carbonfiberinsoles.shop\/wp-content\/uploads\/2024\/12\/Carbon-Fiber-Insoles-meticulously-engineered-to-enhance-athletic-performance-for-basketball-players-and-athletes-across-various-12.jpg 1498w\" sizes=\"(max-width: 800px) 100vw, 800px\" \/> <img loading=\"lazy\" decoding=\"async\" class=\"alignnone wp-image-15949\" src=\"https:\/\/www.carbonfiberinsoles.shop\/wp-content\/uploads\/2024\/12\/Carbon-Fiber-Insoles-meticulously-engineered-to-enhance-athletic-performance-for-basketball-players-and-athletes-across-various-13-177x300.jpg\" alt=\"Plantillas de fibra de carbono: cosm\u00e9ticamente dise\u00f1adas para mejorar el rendimiento atl\u00e9tico de jugadores de baloncesto y atletas de ( (5)\" width=\"800\" height=\"1359\" srcset=\"https:\/\/www.carbonfiberinsoles.shop\/wp-content\/uploads\/2024\/12\/Carbon-Fiber-Insoles-meticulously-engineered-to-enhance-athletic-performance-for-basketball-players-and-athletes-across-various-13-177x300.jpg 177w, https:\/\/www.carbonfiberinsoles.shop\/wp-content\/uploads\/2024\/12\/Carbon-Fiber-Insoles-meticulously-engineered-to-enhance-athletic-performance-for-basketball-players-and-athletes-across-various-13-430x730.jpg 430w, https:\/\/www.carbonfiberinsoles.shop\/wp-content\/uploads\/2024\/12\/Carbon-Fiber-Insoles-meticulously-engineered-to-enhance-athletic-performance-for-basketball-players-and-athletes-across-various-13-700x1189.jpg 700w, https:\/\/www.carbonfiberinsoles.shop\/wp-content\/uploads\/2024\/12\/Carbon-Fiber-Insoles-meticulously-engineered-to-enhance-athletic-performance-for-basketball-players-and-athletes-across-various-13-471x800.jpg 471w, https:\/\/www.carbonfiberinsoles.shop\/wp-content\/uploads\/2024\/12\/Carbon-Fiber-Insoles-meticulously-engineered-to-enhance-athletic-performance-for-basketball-players-and-athletes-across-various-13-768x1304.jpg 768w, https:\/\/www.carbonfiberinsoles.shop\/wp-content\/uploads\/2024\/12\/Carbon-Fiber-Insoles-meticulously-engineered-to-enhance-athletic-performance-for-basketball-players-and-athletes-across-various-13-904x1536.jpg 904w, https:\/\/www.carbonfiberinsoles.shop\/wp-content\/uploads\/2024\/12\/Carbon-Fiber-Insoles-meticulously-engineered-to-enhance-athletic-performance-for-basketball-players-and-athletes-across-various-13-1206x2048.jpg 1206w, https:\/\/www.carbonfiberinsoles.shop\/wp-content\/uploads\/2024\/12\/Carbon-Fiber-Insoles-meticulously-engineered-to-enhance-athletic-performance-for-basketball-players-and-athletes-across-various-13.jpg 1498w\" sizes=\"(max-width: 800px) 100vw, 800px\" \/> <img loading=\"lazy\" decoding=\"async\" class=\"alignnone wp-image-15950\" src=\"https:\/\/www.carbonfiberinsoles.shop\/wp-content\/uploads\/2024\/12\/Carbon-Fiber-Insoles-meticulously-engineered-to-enhance-athletic-performance-for-basketball-players-and-athletes-across-various-14-178x300.jpg\" alt=\"Plantillas de fibra de carbono: cosm\u00e9ticamente dise\u00f1adas para mejorar el rendimiento atl\u00e9tico de jugadores de baloncesto y atletas de ( (5)\" width=\"800\" height=\"1347\" \/> <img loading=\"lazy\" decoding=\"async\" class=\"alignnone wp-image-15952\" src=\"https:\/\/www.carbonfiberinsoles.shop\/wp-content\/uploads\/2024\/12\/Carbon-Fiber-Insoles-meticulously-engineered-to-enhance-athletic-performance-for-basketball-players-and-athletes-across-various-1-179x300.jpg\" alt=\"Plantillas de fibra de carbono: cosm\u00e9ticamente dise\u00f1adas para mejorar el rendimiento atl\u00e9tico de jugadores de baloncesto y atletas de ( (5)\" width=\"800\" height=\"1343\" srcset=\"https:\/\/www.carbonfiberinsoles.shop\/wp-content\/uploads\/2024\/12\/Carbon-Fiber-Insoles-meticulously-engineered-to-enhance-athletic-performance-for-basketball-players-and-athletes-across-various-1-179x300.jpg 179w, https:\/\/www.carbonfiberinsoles.shop\/wp-content\/uploads\/2024\/12\/Carbon-Fiber-Insoles-meticulously-engineered-to-enhance-athletic-performance-for-basketball-players-and-athletes-across-various-1-430x722.jpg 430w, https:\/\/www.carbonfiberinsoles.shop\/wp-content\/uploads\/2024\/12\/Carbon-Fiber-Insoles-meticulously-engineered-to-enhance-athletic-performance-for-basketball-players-and-athletes-across-various-1-700x1175.jpg 700w, https:\/\/www.carbonfiberinsoles.shop\/wp-content\/uploads\/2024\/12\/Carbon-Fiber-Insoles-meticulously-engineered-to-enhance-athletic-performance-for-basketball-players-and-athletes-across-various-1-477x800.jpg 477w, https:\/\/www.carbonfiberinsoles.shop\/wp-content\/uploads\/2024\/12\/Carbon-Fiber-Insoles-meticulously-engineered-to-enhance-athletic-performance-for-basketball-players-and-athletes-across-various-1-768x1289.jpg 768w, https:\/\/www.carbonfiberinsoles.shop\/wp-content\/uploads\/2024\/12\/Carbon-Fiber-Insoles-meticulously-engineered-to-enhance-athletic-performance-for-basketball-players-and-athletes-across-various-1-915x1536.jpg 915w, https:\/\/www.carbonfiberinsoles.shop\/wp-content\/uploads\/2024\/12\/Carbon-Fiber-Insoles-meticulously-engineered-to-enhance-athletic-performance-for-basketball-players-and-athletes-across-various-1-1220x2048.jpg 1220w, https:\/\/www.carbonfiberinsoles.shop\/wp-content\/uploads\/2024\/12\/Carbon-Fiber-Insoles-meticulously-engineered-to-enhance-athletic-performance-for-basketball-players-and-athletes-across-various-1.jpg 1498w\" sizes=\"(max-width: 800px) 100vw, 800px\" \/><\/p>\n<p>&nbsp;<\/p>\n<p data-start=\"452\" data-end=\"688\">Mejora tu juego con nuestras plantillas premium de fibra de carbono, dise\u00f1adas para aumentar el rendimiento atl\u00e9tico en diversas disciplinas deportivas. Estas plantillas proporcionan una sujeci\u00f3n y estabilidad excepcionales, ayud\u00e1ndote a dar lo mejor de ti en cada actividad.<\/p>\n<p data-start=\"690\" data-end=\"703\"><strong data-start=\"690\" data-end=\"703\">Caracter\u00edsticas:<\/strong><\/p>\n<ul data-start=\"705\" data-end=\"1065\">\n<li data-start=\"705\" data-end=\"800\"><strong data-start=\"707\" data-end=\"750\">Construcci\u00f3n de fibra de carbono de alta calidad:<\/strong>\n<ul data-start=\"753\" data-end=\"800\">\n<li data-start=\"753\" data-end=\"800\">Ofrece durabilidad y resistencia ligeras.<\/li>\n<\/ul>\n<\/li>\n<li data-start=\"801\" data-end=\"884\"><strong data-start=\"803\" data-end=\"829\">Arco de soporte mejorado:<\/strong>\n<ul data-start=\"832\" data-end=\"884\">\n<li data-start=\"832\" data-end=\"884\">Favorece la correcta alineaci\u00f3n del pie y reduce la tensi\u00f3n.<\/li>\n<\/ul>\n<\/li>\n<li data-start=\"885\" data-end=\"972\"><strong data-start=\"887\" data-end=\"908\">Absorci\u00f3n de impactos:<\/strong>\n<ul data-start=\"911\" data-end=\"972\">\n<li data-start=\"911\" data-end=\"972\">Minimiza el impacto en las articulaciones durante los movimientos de alta intensidad.<\/li>\n<\/ul>\n<\/li>\n<li data-start=\"973\" data-end=\"1065\"><strong data-start=\"975\" data-end=\"996\">Dise\u00f1o vers\u00e1til:<\/strong>\n<ul data-start=\"999\" data-end=\"1065\">\n<li data-start=\"999\" data-end=\"1065\">Adecuado para baloncesto, correr y diversas actividades deportivas.<\/li>\n<\/ul>\n<\/li>\n<\/ul>\n<p data-start=\"1067\" data-end=\"1090\"><strong data-start=\"1067\" data-end=\"1090\">Por qu\u00e9 deber\u00edas comprarlo:<\/strong><\/p>\n<p data-start=\"1092\" data-end=\"1339\">Invertir en estas plantillas de fibra de carbono significa priorizar tu rendimiento deportivo y la salud de tus pies. Su avanzado dise\u00f1o no solo mejora la agilidad y la velocidad, sino que tambi\u00e9n ayuda a reducir la fatiga, lo que permite sesiones de entrenamiento m\u00e1s largas y eficaces.<\/p>\n<p data-start=\"1341\" data-end=\"1350\"><strong data-start=\"1341\" data-end=\"1350\">Preguntas frecuentes:<\/strong><\/p>\n<ul data-start=\"1352\" data-end=\"1858\">\n<li data-start=\"1352\" data-end=\"1502\"><strong data-start=\"1354\" data-end=\"1404\">\u00bfSon estas plantillas adecuadas para todo tipo de calzado?<\/strong>\n<ul data-start=\"1407\" data-end=\"1502\">\n<li data-start=\"1407\" data-end=\"1502\">S\u00ed, est\u00e1n dise\u00f1adas para adaptarse a la mayor\u00eda del calzado deportivo, incluidas las zapatillas de baloncesto y de correr.<\/li>\n<\/ul>\n<\/li>\n<li data-start=\"1503\" data-end=\"1696\"><strong data-start=\"1505\" data-end=\"1538\">\u00bfPueden aliviar el dolor de pies?<\/strong>\n<ul data-start=\"1541\" data-end=\"1696\">\n<li data-start=\"1541\" data-end=\"1696\">Las plantillas proporcionan un excelente soporte del arco y absorci\u00f3n de impactos, lo que puede aliviar las molestias comunes de los pies asociadas a las actividades f\u00edsicas intensas.<\/li>\n<\/ul>\n<\/li>\n<li data-start=\"1697\" data-end=\"1858\"><strong data-start=\"1699\" data-end=\"1745\">\u00bfC\u00f3mo se limpian y mantienen estas plantillas?<\/strong>\n<ul data-start=\"1748\" data-end=\"1858\">\n<li data-start=\"1748\" data-end=\"1858\">L\u00edmpielos suavemente con un pa\u00f1o h\u00famedo y d\u00e9jelos secar al aire. Evite sumergirlos en agua o utilizar productos qu\u00edmicos agresivos.<\/li>\n<\/ul>\n<\/li>\n<\/ul>\n<p data-start=\"1860\" data-end=\"1977\">Para obtener un rendimiento y un confort \u00f3ptimos, considere la posibilidad de sustituir las plantillas cada 6-12 meses, en funci\u00f3n de la intensidad de uso.<\/p>","protected":false},"excerpt":{"rendered":"<p><strong>Caracter\u00edsticas principales:<\/strong><\/p>\n<ul>\n<li><strong>Placa de fibra de carbono:<\/strong> Proporciona rigidez y retorno de energ\u00eda para movimientos explosivos.<\/li>\n<li><strong>PU y GEL de alto rebote:<\/strong> Ofrece una amortiguaci\u00f3n y absorci\u00f3n de impactos superiores.<\/li>\n<li><strong>Capa de malla transpirable:<\/strong> Garantiza un flujo de aire \u00f3ptimo para mantener los pies frescos y secos.<\/li>\n<li><strong>Dise\u00f1o de cuerpo entero:<\/strong> Ofrece una sujeci\u00f3n completa desde el tal\u00f3n hasta los dedos.<\/li>\n<li><strong>Uso vers\u00e1til:<\/strong> Adecuado para varios deportes, incluyendo baloncesto, correr, f\u00fatbol y f\u00fatbol.<\/li>\n<li><strong>Soporte antidesgarro:<\/strong> Mejora la estabilidad para evitar lesiones durante actividades intensas.<\/li>\n<\/ul>","protected":false},"featured_media":15941,"comment_status":"open","ping_status":"closed","template":"","meta":{"_kadence_starter_templates_imported_post":false,"_kad_post_transparent":"default","_kad_post_title":"","_kad_post_layout":"default","_kad_post_sidebar_id":"","_kad_post_content_style":"default","_kad_post_vertical_padding":"default","_kad_post_feature":"","_kad_post_feature_position":"","_kad_post_header":false,"_kad_post_footer":false},"product_brand":[],"product_cat":[234,22,236,238],"product_tag":[51,49,47,243,50],"class_list":{"0":"post-15938","1":"product","2":"type-product","3":"status-publish","4":"has-post-thumbnail","6":"product_cat-carbon-fibre-insoles-basketball","7":"product_cat-carbon-fiber-insoles","8":"product_cat-carbon-fiber-insoles-running","9":"product_cat-carbon-fiber-insoles-walking-and-hiking","10":"product_tag-carbon-fiber-foot-insoles","11":"product_tag-carbon-fiber-insole","12":"product_tag-carbon-fiber-insoles","13":"product_tag-carbon-fiber-insoles-for-basketball","14":"product_tag-carbon-fiber-shoe-insoles","16":"first","17":"instock","18":"sale","19":"shipping-taxable","20":"purchasable","21":"product-type-variable","22":"entry","23":"content-bg","24":"loop-entry"},"aioseo_notices":[],"_links":{"self":[{"href":"https:\/\/www.carbonfiberinsoles.shop\/es\/wp-json\/wp\/v2\/product\/15938","targetHints":{"allow":["GET"]}}],"collection":[{"href":"https:\/\/www.carbonfiberinsoles.shop\/es\/wp-json\/wp\/v2\/product"}],"about":[{"href":"https:\/\/www.carbonfiberinsoles.shop\/es\/wp-json\/wp\/v2\/types\/product"}],"replies":[{"embeddable":true,"href":"https:\/\/www.carbonfiberinsoles.shop\/es\/wp-json\/wp\/v2\/comments?post=15938"}],"version-history":[{"count":0,"href":"https:\/\/www.carbonfiberinsoles.shop\/es\/wp-json\/wp\/v2\/product\/15938\/revisions"}],"wp:featuredmedia":[{"embeddable":true,"href":"https:\/\/www.carbonfiberinsoles.shop\/es\/wp-json\/wp\/v2\/media\/15941"}],"wp:attachment":[{"href":"https:\/\/www.carbonfiberinsoles.shop\/es\/wp-json\/wp\/v2\/media?parent=15938"}],"wp:term":[{"taxonomy":"product_brand","embeddable":true,"href":"https:\/\/www.carbonfiberinsoles.shop\/es\/wp-json\/wp\/v2\/product_brand?post=15938"},{"taxonomy":"product_cat","embeddable":true,"href":"https:\/\/www.carbonfiberinsoles.shop\/es\/wp-json\/wp\/v2\/product_cat?post=15938"},{"taxonomy":"product_tag","embeddable":true,"href":"https:\/\/www.carbonfiberinsoles.shop\/es\/wp-json\/wp\/v2\/product_tag?post=15938"}],"curies":[{"name":"wp","href":"https:\/\/api.w.org\/{rel}","templated":true}]}}