{"id":17896,"date":"2025-03-28T14:02:47","date_gmt":"2025-03-28T14:02:47","guid":{"rendered":"https:\/\/www.carbonfiberinsoles.shop\/?post_type=product&#038;p=17896"},"modified":"2025-06-07T03:50:45","modified_gmt":"2025-06-07T03:50:45","slug":"carbon-plate-marathon-running-shoes-sports-shoes-men-women-sneakers","status":"publish","type":"product","link":"https:\/\/www.carbonfiberinsoles.shop\/es\/producto\/carbon-plate-marathon-running-shoes-sports-shoes-men-women-sneakers\/","title":{"rendered":"Carbon Plate Marathon Running Shoes Zapatillas Deportivas Hombre Mujer"},"content":{"rendered":"<div data-elementor-type=\"product-post\" data-elementor-id=\"17896\" class=\"elementor elementor-17896\" data-elementor-post-type=\"product\">\n\t\t\t\t<div class=\"elementor-element elementor-element-0d04ecd e-flex e-con-boxed e-con e-parent\" data-id=\"0d04ecd\" data-element_type=\"container\" data-e-type=\"container\">\n\t\t\t\t\t<div class=\"e-con-inner\">\n\t\t\t\t<div class=\"elementor-element elementor-element-62f4015 elementor-widget elementor-widget-video\" data-id=\"62f4015\" data-element_type=\"widget\" data-e-type=\"widget\" data-settings=\"{&quot;youtube_url&quot;:&quot;https:\\\/\\\/www.youtube.com\\\/watch?v=9leYXZ5AwwY&quot;,&quot;loop&quot;:&quot;yes&quot;,&quot;video_type&quot;:&quot;youtube&quot;,&quot;controls&quot;:&quot;yes&quot;}\" data-widget_type=\"video.default\">\n\t\t\t\t<div class=\"elementor-widget-container\">\n\t\t\t\t\t\t\t<div class=\"elementor-wrapper elementor-open-inline\">\n\t\t\t<div class=\"elementor-video\"><\/div>\t\t<\/div>\n\t\t\t\t\t\t<\/div>\n\t\t\t\t<\/div>\n\t\t\t\t\t<\/div>\n\t\t\t\t<\/div>\n\t\t<div class=\"elementor-element elementor-element-2fdd36d4 e-flex e-con-boxed e-con e-parent\" data-id=\"2fdd36d4\" data-element_type=\"container\" data-e-type=\"container\">\n\t\t\t\t\t<div class=\"e-con-inner\">\n\t\t\t\t<div class=\"elementor-element elementor-element-1c50de7f elementor-widget elementor-widget-text-editor\" data-id=\"1c50de7f\" data-element_type=\"widget\" data-e-type=\"widget\" data-widget_type=\"text-editor.default\">\n\t\t\t\t<div class=\"elementor-widget-container\">\n\t\t\t\t\t\t\t\t\t<h3 class=\"\" data-start=\"875\" data-end=\"891\"><strong data-start=\"879\" data-end=\"891\">Visi\u00f3n general<\/strong><\/h3><p class=\"\" data-start=\"892\" data-end=\"1241\">Dise\u00f1adas para corredores serios y entusiastas del fitness, estas <strong data-start=\"952\" data-end=\"982\">zapatillas de correr con placa de carbono<\/strong> proporcionan la combinaci\u00f3n definitiva de velocidad, estabilidad y comodidad. Con un <strong data-start=\"1056\" data-end=\"1083\">entresuela amortiguadora<\/strong>de malla transpirable y un <strong data-start=\"1114\" data-end=\"1149\">suela antideslizante de alta tracci\u00f3n<\/strong>Son perfectas para maratones, entrenamientos intensos y actividades deportivas cotidianas.<\/p><h3 class=\"\" data-start=\"1243\" data-end=\"1265\"><strong data-start=\"1247\" data-end=\"1265\">Especificaciones<\/strong><\/h3><ul data-start=\"1266\" data-end=\"1668\"><li class=\"\" data-start=\"1266\" data-end=\"1349\"><p class=\"\" data-start=\"1268\" data-end=\"1349\"><strong data-start=\"1268\" data-end=\"1281\">Material:<\/strong> Parte superior de malla transpirable, entresuela de placa de fibra de carbono, suela de caucho<\/p><\/li><li class=\"\" data-start=\"1350\" data-end=\"1432\"><p class=\"\" data-start=\"1352\" data-end=\"1432\"><strong data-start=\"1352\" data-end=\"1372\">Tecnolog\u00eda \u00fanica:<\/strong> Placa completa de carbono para propulsi\u00f3n y retorno de energ\u00eda<\/p><\/li><li class=\"\" data-start=\"1433\" data-end=\"1491\"><p class=\"\" data-start=\"1435\" data-end=\"1491\"><strong data-start=\"1435\" data-end=\"1446\">Peso:<\/strong> Dise\u00f1o ultraligero para la m\u00e1xima velocidad<\/p><\/li><li class=\"\" data-start=\"1492\" data-end=\"1551\"><p class=\"\" data-start=\"1494\" data-end=\"1551\"><strong data-start=\"1494\" data-end=\"1502\">En forma:<\/strong> Fiel a la talla con un ajuste seguro y c\u00f3modo<\/p><\/li><li class=\"\" data-start=\"1552\" data-end=\"1605\"><p class=\"\" data-start=\"1554\" data-end=\"1605\"><strong data-start=\"1554\" data-end=\"1572\">Opciones de color:<\/strong> Blanco, Negro, Verde, Rosa, Rojo<\/p><\/li><li class=\"\" data-start=\"1606\" data-end=\"1668\"><p class=\"\" data-start=\"1608\" data-end=\"1668\"><strong data-start=\"1608\" data-end=\"1618\">Uso:<\/strong> Marat\u00f3n, Correr, Entrenamiento en gimnasio, Deportes al aire libre<\/p><\/li><\/ul><h3 data-start=\"1670\" data-end=\"1690\"><img fetchpriority=\"high\" decoding=\"async\" class=\"aligncenter wp-image-19996 size-full\" src=\"http:\/\/www.carbonfiberinsoles.shop\/wp-content\/uploads\/2025\/03\/Carbon-Plate-Marathon-Running-Shoes-Sports-Shoes-Men-Women-Sneakers-2-4_1.jpg\" alt=\"\" width=\"790\" height=\"1424\" srcset=\"https:\/\/www.carbonfiberinsoles.shop\/wp-content\/uploads\/2025\/03\/Carbon-Plate-Marathon-Running-Shoes-Sports-Shoes-Men-Women-Sneakers-2-4_1.jpg 790w, https:\/\/www.carbonfiberinsoles.shop\/wp-content\/uploads\/2025\/03\/Carbon-Plate-Marathon-Running-Shoes-Sports-Shoes-Men-Women-Sneakers-2-4_1-430x775.jpg 430w, https:\/\/www.carbonfiberinsoles.shop\/wp-content\/uploads\/2025\/03\/Carbon-Plate-Marathon-Running-Shoes-Sports-Shoes-Men-Women-Sneakers-2-4_1-700x1262.jpg 700w, https:\/\/www.carbonfiberinsoles.shop\/wp-content\/uploads\/2025\/03\/Carbon-Plate-Marathon-Running-Shoes-Sports-Shoes-Men-Women-Sneakers-2-4_1-166x300.jpg 166w, https:\/\/www.carbonfiberinsoles.shop\/wp-content\/uploads\/2025\/03\/Carbon-Plate-Marathon-Running-Shoes-Sports-Shoes-Men-Women-Sneakers-2-4_1-444x800.jpg 444w, https:\/\/www.carbonfiberinsoles.shop\/wp-content\/uploads\/2025\/03\/Carbon-Plate-Marathon-Running-Shoes-Sports-Shoes-Men-Women-Sneakers-2-4_1-768x1384.jpg 768w, https:\/\/www.carbonfiberinsoles.shop\/wp-content\/uploads\/2025\/03\/Carbon-Plate-Marathon-Running-Shoes-Sports-Shoes-Men-Women-Sneakers-2-4_1-7x12.jpg 7w\" sizes=\"(max-width: 790px) 100vw, 790px\" \/> <img decoding=\"async\" class=\"aligncenter wp-image-19994 size-full\" src=\"http:\/\/www.carbonfiberinsoles.shop\/wp-content\/uploads\/2025\/03\/Carbon-Plate-Marathon-Running-Shoes-Sports-Shoes-Men-Women-Sneakers-2-2_1.jpg\" alt=\"\" width=\"790\" height=\"1074\" srcset=\"https:\/\/www.carbonfiberinsoles.shop\/wp-content\/uploads\/2025\/03\/Carbon-Plate-Marathon-Running-Shoes-Sports-Shoes-Men-Women-Sneakers-2-2_1.jpg 790w, https:\/\/www.carbonfiberinsoles.shop\/wp-content\/uploads\/2025\/03\/Carbon-Plate-Marathon-Running-Shoes-Sports-Shoes-Men-Women-Sneakers-2-2_1-430x585.jpg 430w, https:\/\/www.carbonfiberinsoles.shop\/wp-content\/uploads\/2025\/03\/Carbon-Plate-Marathon-Running-Shoes-Sports-Shoes-Men-Women-Sneakers-2-2_1-700x952.jpg 700w, https:\/\/www.carbonfiberinsoles.shop\/wp-content\/uploads\/2025\/03\/Carbon-Plate-Marathon-Running-Shoes-Sports-Shoes-Men-Women-Sneakers-2-2_1-221x300.jpg 221w, https:\/\/www.carbonfiberinsoles.shop\/wp-content\/uploads\/2025\/03\/Carbon-Plate-Marathon-Running-Shoes-Sports-Shoes-Men-Women-Sneakers-2-2_1-588x800.jpg 588w, https:\/\/www.carbonfiberinsoles.shop\/wp-content\/uploads\/2025\/03\/Carbon-Plate-Marathon-Running-Shoes-Sports-Shoes-Men-Women-Sneakers-2-2_1-768x1044.jpg 768w, https:\/\/www.carbonfiberinsoles.shop\/wp-content\/uploads\/2025\/03\/Carbon-Plate-Marathon-Running-Shoes-Sports-Shoes-Men-Women-Sneakers-2-2_1-9x12.jpg 9w\" sizes=\"(max-width: 790px) 100vw, 790px\" \/><\/h3><h3 data-start=\"1670\" data-end=\"1690\"><img decoding=\"async\" class=\"aligncenter wp-image-19995 size-full\" src=\"http:\/\/www.carbonfiberinsoles.shop\/wp-content\/uploads\/2025\/03\/Carbon-Plate-Marathon-Running-Shoes-Sports-Shoes-Men-Women-Sneakers-2-3_1.jpg\" alt=\"\" width=\"790\" height=\"1214\" srcset=\"https:\/\/www.carbonfiberinsoles.shop\/wp-content\/uploads\/2025\/03\/Carbon-Plate-Marathon-Running-Shoes-Sports-Shoes-Men-Women-Sneakers-2-3_1.jpg 790w, https:\/\/www.carbonfiberinsoles.shop\/wp-content\/uploads\/2025\/03\/Carbon-Plate-Marathon-Running-Shoes-Sports-Shoes-Men-Women-Sneakers-2-3_1-430x661.jpg 430w, https:\/\/www.carbonfiberinsoles.shop\/wp-content\/uploads\/2025\/03\/Carbon-Plate-Marathon-Running-Shoes-Sports-Shoes-Men-Women-Sneakers-2-3_1-700x1076.jpg 700w, https:\/\/www.carbonfiberinsoles.shop\/wp-content\/uploads\/2025\/03\/Carbon-Plate-Marathon-Running-Shoes-Sports-Shoes-Men-Women-Sneakers-2-3_1-195x300.jpg 195w, https:\/\/www.carbonfiberinsoles.shop\/wp-content\/uploads\/2025\/03\/Carbon-Plate-Marathon-Running-Shoes-Sports-Shoes-Men-Women-Sneakers-2-3_1-521x800.jpg 521w, https:\/\/www.carbonfiberinsoles.shop\/wp-content\/uploads\/2025\/03\/Carbon-Plate-Marathon-Running-Shoes-Sports-Shoes-Men-Women-Sneakers-2-3_1-768x1180.jpg 768w, https:\/\/www.carbonfiberinsoles.shop\/wp-content\/uploads\/2025\/03\/Carbon-Plate-Marathon-Running-Shoes-Sports-Shoes-Men-Women-Sneakers-2-3_1-8x12.jpg 8w\" sizes=\"(max-width: 790px) 100vw, 790px\" \/><\/h3><h3 data-start=\"1670\" data-end=\"1690\"><img loading=\"lazy\" decoding=\"async\" class=\"aligncenter wp-image-19997 size-full\" src=\"http:\/\/www.carbonfiberinsoles.shop\/wp-content\/uploads\/2025\/03\/Carbon-Plate-Marathon-Running-Shoes-Sports-Shoes-Men-Women-Sneakers-2-6_1.jpg\" alt=\"\" width=\"790\" height=\"1223\" srcset=\"https:\/\/www.carbonfiberinsoles.shop\/wp-content\/uploads\/2025\/03\/Carbon-Plate-Marathon-Running-Shoes-Sports-Shoes-Men-Women-Sneakers-2-6_1.jpg 790w, https:\/\/www.carbonfiberinsoles.shop\/wp-content\/uploads\/2025\/03\/Carbon-Plate-Marathon-Running-Shoes-Sports-Shoes-Men-Women-Sneakers-2-6_1-430x666.jpg 430w, https:\/\/www.carbonfiberinsoles.shop\/wp-content\/uploads\/2025\/03\/Carbon-Plate-Marathon-Running-Shoes-Sports-Shoes-Men-Women-Sneakers-2-6_1-700x1084.jpg 700w, https:\/\/www.carbonfiberinsoles.shop\/wp-content\/uploads\/2025\/03\/Carbon-Plate-Marathon-Running-Shoes-Sports-Shoes-Men-Women-Sneakers-2-6_1-194x300.jpg 194w, https:\/\/www.carbonfiberinsoles.shop\/wp-content\/uploads\/2025\/03\/Carbon-Plate-Marathon-Running-Shoes-Sports-Shoes-Men-Women-Sneakers-2-6_1-517x800.jpg 517w, https:\/\/www.carbonfiberinsoles.shop\/wp-content\/uploads\/2025\/03\/Carbon-Plate-Marathon-Running-Shoes-Sports-Shoes-Men-Women-Sneakers-2-6_1-768x1189.jpg 768w, https:\/\/www.carbonfiberinsoles.shop\/wp-content\/uploads\/2025\/03\/Carbon-Plate-Marathon-Running-Shoes-Sports-Shoes-Men-Women-Sneakers-2-6_1-8x12.jpg 8w\" sizes=\"(max-width: 790px) 100vw, 790px\" \/><br \/><img loading=\"lazy\" decoding=\"async\" class=\"aligncenter wp-image-19998 size-full\" src=\"http:\/\/www.carbonfiberinsoles.shop\/wp-content\/uploads\/2025\/05\/Carbon-Plate-Marathon-Running-Shoes-Sports-Shoes-Men-Women-Sneakers-2-5_1.jpg\" alt=\"\" width=\"790\" height=\"944\" srcset=\"https:\/\/www.carbonfiberinsoles.shop\/wp-content\/uploads\/2025\/05\/Carbon-Plate-Marathon-Running-Shoes-Sports-Shoes-Men-Women-Sneakers-2-5_1.jpg 790w, https:\/\/www.carbonfiberinsoles.shop\/wp-content\/uploads\/2025\/05\/Carbon-Plate-Marathon-Running-Shoes-Sports-Shoes-Men-Women-Sneakers-2-5_1-430x514.jpg 430w, https:\/\/www.carbonfiberinsoles.shop\/wp-content\/uploads\/2025\/05\/Carbon-Plate-Marathon-Running-Shoes-Sports-Shoes-Men-Women-Sneakers-2-5_1-700x836.jpg 700w, https:\/\/www.carbonfiberinsoles.shop\/wp-content\/uploads\/2025\/05\/Carbon-Plate-Marathon-Running-Shoes-Sports-Shoes-Men-Women-Sneakers-2-5_1-251x300.jpg 251w, https:\/\/www.carbonfiberinsoles.shop\/wp-content\/uploads\/2025\/05\/Carbon-Plate-Marathon-Running-Shoes-Sports-Shoes-Men-Women-Sneakers-2-5_1-669x800.jpg 669w, https:\/\/www.carbonfiberinsoles.shop\/wp-content\/uploads\/2025\/05\/Carbon-Plate-Marathon-Running-Shoes-Sports-Shoes-Men-Women-Sneakers-2-5_1-768x918.jpg 768w, https:\/\/www.carbonfiberinsoles.shop\/wp-content\/uploads\/2025\/05\/Carbon-Plate-Marathon-Running-Shoes-Sports-Shoes-Men-Women-Sneakers-2-5_1-10x12.jpg 10w\" sizes=\"(max-width: 790px) 100vw, 790px\" \/><\/h3><figure id=\"attachment_19589\" aria-describedby=\"caption-attachment-19589\" style=\"width: 754px\" class=\"wp-caption aligncenter\"><img loading=\"lazy\" decoding=\"async\" class=\"wp-image-19589 size-full\" src=\"http:\/\/www.carbonfiberinsoles.shop\/wp-content\/uploads\/2025\/05\/shoes-size-guide.png\" alt=\"gu\u00eda de tallas de zapatos\" width=\"754\" height=\"529\" srcset=\"https:\/\/www.carbonfiberinsoles.shop\/wp-content\/uploads\/2025\/05\/shoes-size-guide.png 754w, https:\/\/www.carbonfiberinsoles.shop\/wp-content\/uploads\/2025\/05\/shoes-size-guide-430x302.png 430w, https:\/\/www.carbonfiberinsoles.shop\/wp-content\/uploads\/2025\/05\/shoes-size-guide-700x491.png 700w, https:\/\/www.carbonfiberinsoles.shop\/wp-content\/uploads\/2025\/05\/shoes-size-guide-400x281.png 400w, https:\/\/www.carbonfiberinsoles.shop\/wp-content\/uploads\/2025\/05\/shoes-size-guide-18x12.png 18w\" sizes=\"(max-width: 754px) 100vw, 754px\" \/><figcaption id=\"caption-attachment-19589\" class=\"wp-caption-text\">\u00a0<\/figcaption><\/figure><h3 class=\"\" data-start=\"1670\" data-end=\"1690\"><strong data-start=\"1674\" data-end=\"1690\">Caracter\u00edsticas principales<\/strong><\/h3><ol data-start=\"1691\" data-end=\"2143\"><li class=\"\" data-start=\"1691\" data-end=\"1774\"><p class=\"\" data-start=\"1694\" data-end=\"1774\"><strong data-start=\"1694\" data-end=\"1723\">Entresuela de placa de carbono<\/strong> - Aumenta el retorno de energ\u00eda para un rendimiento m\u00e1s r\u00e1pido.<\/p><\/li><li class=\"\" data-start=\"1775\" data-end=\"1872\"><p class=\"\" data-start=\"1778\" data-end=\"1872\"><strong data-start=\"1778\" data-end=\"1808\">Amortiguaci\u00f3n de impactos<\/strong> - Reduce la tensi\u00f3n del impacto en las articulaciones, proporcionando comodidad durante todo el d\u00eda.<\/p><\/li><li class=\"\" data-start=\"1873\" data-end=\"1961\"><p class=\"\" data-start=\"1876\" data-end=\"1961\"><strong data-start=\"1876\" data-end=\"1904\">Suela de goma antideslizante<\/strong> - Garantiza un agarre y una estabilidad superiores en todas las superficies.<\/p><\/li><li class=\"\" data-start=\"1962\" data-end=\"2054\"><p class=\"\" data-start=\"1965\" data-end=\"2054\"><strong data-start=\"1965\" data-end=\"1990\">Parte superior de malla transpirable<\/strong> - Mantiene los pies frescos y secos, incluso durante entrenamientos intensos.<\/p><\/li><li class=\"\" data-start=\"2055\" data-end=\"2143\"><p class=\"\" data-start=\"2058\" data-end=\"2143\"><strong data-start=\"2058\" data-end=\"2096\">Ajuste ergon\u00f3mico y dise\u00f1o ligero<\/strong> - Reduce la fatiga del pie y mejora la agilidad.<\/p><\/li><\/ol><h3 class=\"\" data-start=\"2145\" data-end=\"2173\"><strong data-start=\"2149\" data-end=\"2173\">\u00bfPor qu\u00e9 comprar estos zapatos?<\/strong><\/h3><ul data-start=\"2174\" data-end=\"2524\"><li class=\"\" data-start=\"2174\" data-end=\"2260\"><p class=\"\" data-start=\"2176\" data-end=\"2260\"><strong data-start=\"2176\" data-end=\"2198\">Aumenta el rendimiento:<\/strong> Ideal para maratonianos que buscan velocidad y resistencia.<\/p><\/li><li class=\"\" data-start=\"2261\" data-end=\"2350\"><p class=\"\" data-start=\"2263\" data-end=\"2350\"><strong data-start=\"2263\" data-end=\"2281\">Uso vers\u00e1til:<\/strong> Adecuado para atletas profesionales y entusiastas del fitness ocasionales.<\/p><\/li><li class=\"\" data-start=\"2351\" data-end=\"2447\"><p class=\"\" data-start=\"2353\" data-end=\"2447\"><strong data-start=\"2353\" data-end=\"2378\">Durabilidad y comodidad:<\/strong> Fabricado para soportar carreras de larga distancia y entrenamientos de alto impacto.<\/p><\/li><li class=\"\" data-start=\"2448\" data-end=\"2524\"><p class=\"\" data-start=\"2450\" data-end=\"2524\"><strong data-start=\"2450\" data-end=\"2471\">Con estilo y a la moda:<\/strong> Dise\u00f1o moderno adecuado para ropa deportiva e informal.<\/p><\/li><\/ul><h3 class=\"\" data-start=\"2526\" data-end=\"2538\"><strong data-start=\"2530\" data-end=\"2538\">Preguntas frecuentes<\/strong><\/h3><p class=\"\" data-start=\"2539\" data-end=\"2725\"><strong data-start=\"2539\" data-end=\"2597\">1. \u00bfSon adecuadas estas zapatillas para correr largas distancias?<\/strong><br data-start=\"2597\" data-end=\"2600\" \/>S\u00ed. Est\u00e1n dise\u00f1ados espec\u00edficamente para maratones y entrenamientos de resistencia, garantizando comodidad y sujeci\u00f3n en largas distancias.<\/p><p class=\"\" data-start=\"2727\" data-end=\"2875\"><strong data-start=\"2727\" data-end=\"2766\">2. \u00bfPuedo utilizarlos para entrenar en el gimnasio?<\/strong><br data-start=\"2766\" data-end=\"2769\" \/>Sin duda. Sus caracter\u00edsticas de amortiguaci\u00f3n y antideslizamiento las hacen perfectas para diversas actividades de fitness.<\/p><p class=\"\" data-start=\"2877\" data-end=\"3028\"><strong data-start=\"2877\" data-end=\"2909\">3. \u00bfSe ajustan a la talla?<\/strong><br data-start=\"2909\" data-end=\"2912\" \/>S\u00ed, los zapatos est\u00e1n dise\u00f1ados para ajustarse a la talla, pero si prefieres un ajuste m\u00e1s holgado, considera pedir media talla m\u00e1s.<\/p><p class=\"\" data-start=\"3030\" data-end=\"3229\"><strong data-start=\"3030\" data-end=\"3064\">4. \u00bfSon impermeables estos zapatos?<\/strong><br data-start=\"3064\" data-end=\"3067\" \/>Aunque la parte superior de malla transpirable proporciona ventilaci\u00f3n, no son totalmente impermeables. Pueden soportar una lluvia ligera, pero no est\u00e1n dise\u00f1adas para condiciones de humedad extrema.<\/p><p class=\"\" data-start=\"3231\" data-end=\"3356\"><strong data-start=\"3231\" data-end=\"3263\">5. \u00bfC\u00f3mo se limpian los zapatos?<\/strong><br data-start=\"3263\" data-end=\"3266\" \/>Utilice un cepillo suave con agua y jab\u00f3n neutro. Evite el lavado a m\u00e1quina para mantener la durabilidad.<\/p><hr class=\"\" data-start=\"3358\" data-end=\"3361\" \/><p class=\"\" data-start=\"3382\" data-end=\"3647\">\u00a0<\/p>\t\t\t\t\t\t\t\t<\/div>\n\t\t\t\t<\/div>\n\t\t\t\t\t<\/div>\n\t\t\t\t<\/div>\n\t\t\t\t<\/div>","protected":false},"excerpt":{"rendered":"<p>Lleva tu rendimiento en carrera al siguiente nivel con estas zapatillas de marat\u00f3n con placa de carbono completa. Dise\u00f1adas para una sujeci\u00f3n ligera, absorci\u00f3n de impactos y estabilidad antideslizante, ofrecen el equilibrio perfecto entre comodidad y durabilidad. Tanto si est\u00e1s entrenando para una marat\u00f3n como si realizas entrenamientos diarios, estas zapatillas deportivas te proporcionan la experiencia definitiva.<\/p>","protected":false},"featured_media":17913,"comment_status":"open","ping_status":"closed","template":"","meta":{"_kadence_starter_templates_imported_post":false,"_kad_post_transparent":"","_kad_post_title":"","_kad_post_layout":"","_kad_post_sidebar_id":"","_kad_post_content_style":"","_kad_post_vertical_padding":"","_kad_post_feature":"","_kad_post_feature_position":"","_kad_post_header":false,"_kad_post_footer":false},"product_brand":[],"product_cat":[253,252],"product_tag":[373,254,257,350,333,372,344,326],"class_list":{"0":"post-17896","1":"product","2":"type-product","3":"status-publish","4":"has-post-thumbnail","6":"product_cat-carbon-plate-running-shoes","7":"product_cat-carbon-shoes","8":"product_tag-anti-slip-shoes","9":"product_tag-carbon-plate-running-shoes","10":"product_tag-carbon-plated-shoes","11":"product_tag-marathon-shoes","12":"product_tag-shock-absorbing-shoes","13":"product_tag-sports-shoes","14":"product_tag-track-and-field-shoes","15":"product_tag-training-shoes","17":"first","18":"instock","19":"shipping-taxable","20":"purchasable","21":"product-type-variable","22":"has-default-attributes","23":"entry","24":"content-bg","25":"loop-entry"},"aioseo_notices":[],"_links":{"self":[{"href":"https:\/\/www.carbonfiberinsoles.shop\/es\/wp-json\/wp\/v2\/product\/17896","targetHints":{"allow":["GET"]}}],"collection":[{"href":"https:\/\/www.carbonfiberinsoles.shop\/es\/wp-json\/wp\/v2\/product"}],"about":[{"href":"https:\/\/www.carbonfiberinsoles.shop\/es\/wp-json\/wp\/v2\/types\/product"}],"replies":[{"embeddable":true,"href":"https:\/\/www.carbonfiberinsoles.shop\/es\/wp-json\/wp\/v2\/comments?post=17896"}],"version-history":[{"count":0,"href":"https:\/\/www.carbonfiberinsoles.shop\/es\/wp-json\/wp\/v2\/product\/17896\/revisions"}],"wp:featuredmedia":[{"embeddable":true,"href":"https:\/\/www.carbonfiberinsoles.shop\/es\/wp-json\/wp\/v2\/media\/17913"}],"wp:attachment":[{"href":"https:\/\/www.carbonfiberinsoles.shop\/es\/wp-json\/wp\/v2\/media?parent=17896"}],"wp:term":[{"taxonomy":"product_brand","embeddable":true,"href":"https:\/\/www.carbonfiberinsoles.shop\/es\/wp-json\/wp\/v2\/product_brand?post=17896"},{"taxonomy":"product_cat","embeddable":true,"href":"https:\/\/www.carbonfiberinsoles.shop\/es\/wp-json\/wp\/v2\/product_cat?post=17896"},{"taxonomy":"product_tag","embeddable":true,"href":"https:\/\/www.carbonfiberinsoles.shop\/es\/wp-json\/wp\/v2\/product_tag?post=17896"}],"curies":[{"name":"wp","href":"https:\/\/api.w.org\/{rel}","templated":true}]}}