{"id":19544,"date":"2025-05-05T07:56:21","date_gmt":"2025-05-05T07:56:21","guid":{"rendered":"https:\/\/www.carbonfiberinsoles.shop\/?post_type=product&#038;p=19544"},"modified":"2026-03-30T08:02:36","modified_gmt":"2026-03-30T08:02:36","slug":"health-carbon-speed-km3-racing-shoes-professional-track-and-field-training-shoes","status":"publish","type":"product","link":"https:\/\/www.carbonfiberinsoles.shop\/es\/producto\/health-carbon-speed-km3-racing-shoes-professional-track-and-field-training-shoes\/","title":{"rendered":"Zapatillas HYPER KM3 Carbon Speed Racing - Atletismo"},"content":{"rendered":"<h4>1. Visi\u00f3n general<\/h4>\n<div class=\"auto-hide-last-sibling-br paragraph-qzbcQC paragraph-element br-paragraph-space\">Las zapatillas de competici\u00f3n HEALTH Carbon Speed KM3 son el resultado de la innovaci\u00f3n continua en calzado deportivo. Desde la creaci\u00f3n de la marca en 1984, especializada en el examen deportivo - zapatos centrado, el KM3 se basa en el legado de su predecesor, KM2. Est\u00e1 dise\u00f1ado para satisfacer las demandas de alta - velocidad de carreras y rigurosos entrenamientos de pista y campo.<\/div>\n<h4 class=\"header-jfw95c auto-hide-last-sibling-br\">2. Especificaciones<\/h4>\n<ul class=\"auto-hide-last-sibling-br\">\n<li><strong>Material superior<\/strong>: Tejido especial Hi - Knit de hilo de alta - resistencia, con materiales de dos - densidades para una cara - del zapato transpirable y duradera.<\/li>\n<li><strong>Suela intermedia<\/strong>: Entresuela de espuma supercr\u00edtica HiFoam con dise\u00f1o de doble densidad. La capa superior tiene una dureza de 40c para una amortiguaci\u00f3n suave y retroalimentaci\u00f3n de energ\u00eda, mientras que la capa inferior con una dureza de 50c ofrece estabilidad y soporte.<\/li>\n<li><strong>Suela<\/strong>: Suela con dibujo de neum\u00e1tico de competici\u00f3n con part\u00edculas antideslizantes de KPU para un agarre superior.<\/li>\n<li><strong>Placa de carbono<\/strong>: Placa de carbono reforzada en toda su longitud con un grosor de hasta 1,2 mm, que proporciona una resistencia a la torsi\u00f3n y una fuerza de avance extraordinarias.<\/li>\n<\/ul>\n<hr \/>\n<p><img fetchpriority=\"high\" decoding=\"async\" class=\"aligncenter wp-image-20100 size-full\" src=\"http:\/\/www.carbonfiberinsoles.shop\/wp-content\/uploads\/2025\/05\/carbon-plate-shoes-6_1_1_1.jpg\" alt=\"\" width=\"776\" height=\"1200\" srcset=\"https:\/\/www.carbonfiberinsoles.shop\/wp-content\/uploads\/2025\/05\/carbon-plate-shoes-6_1_1_1.jpg 776w, https:\/\/www.carbonfiberinsoles.shop\/wp-content\/uploads\/2025\/05\/carbon-plate-shoes-6_1_1_1-430x665.jpg 430w, https:\/\/www.carbonfiberinsoles.shop\/wp-content\/uploads\/2025\/05\/carbon-plate-shoes-6_1_1_1-700x1082.jpg 700w, https:\/\/www.carbonfiberinsoles.shop\/wp-content\/uploads\/2025\/05\/carbon-plate-shoes-6_1_1_1-194x300.jpg 194w, https:\/\/www.carbonfiberinsoles.shop\/wp-content\/uploads\/2025\/05\/carbon-plate-shoes-6_1_1_1-517x800.jpg 517w, https:\/\/www.carbonfiberinsoles.shop\/wp-content\/uploads\/2025\/05\/carbon-plate-shoes-6_1_1_1-768x1188.jpg 768w, https:\/\/www.carbonfiberinsoles.shop\/wp-content\/uploads\/2025\/05\/carbon-plate-shoes-6_1_1_1-8x12.jpg 8w\" sizes=\"(max-width: 776px) 100vw, 776px\" \/> <img decoding=\"async\" class=\"aligncenter wp-image-20103 size-full\" src=\"http:\/\/www.carbonfiberinsoles.shop\/wp-content\/uploads\/2025\/05\/carbon-plate-shoes-9_1_1_1.jpg\" alt=\"\" width=\"996\" height=\"1200\" srcset=\"https:\/\/www.carbonfiberinsoles.shop\/wp-content\/uploads\/2025\/05\/carbon-plate-shoes-9_1_1_1.jpg 996w, https:\/\/www.carbonfiberinsoles.shop\/wp-content\/uploads\/2025\/05\/carbon-plate-shoes-9_1_1_1-430x518.jpg 430w, https:\/\/www.carbonfiberinsoles.shop\/wp-content\/uploads\/2025\/05\/carbon-plate-shoes-9_1_1_1-700x843.jpg 700w, https:\/\/www.carbonfiberinsoles.shop\/wp-content\/uploads\/2025\/05\/carbon-plate-shoes-9_1_1_1-249x300.jpg 249w, https:\/\/www.carbonfiberinsoles.shop\/wp-content\/uploads\/2025\/05\/carbon-plate-shoes-9_1_1_1-664x800.jpg 664w, https:\/\/www.carbonfiberinsoles.shop\/wp-content\/uploads\/2025\/05\/carbon-plate-shoes-9_1_1_1-768x925.jpg 768w, https:\/\/www.carbonfiberinsoles.shop\/wp-content\/uploads\/2025\/05\/carbon-plate-shoes-9_1_1_1-10x12.jpg 10w\" sizes=\"(max-width: 996px) 100vw, 996px\" \/> <img decoding=\"async\" class=\"aligncenter wp-image-20096 size-full\" src=\"http:\/\/www.carbonfiberinsoles.shop\/wp-content\/uploads\/2025\/05\/carbon-plate-shoes-2_1_1_1.jpg\" alt=\"\" width=\"786\" height=\"1200\" srcset=\"https:\/\/www.carbonfiberinsoles.shop\/wp-content\/uploads\/2025\/05\/carbon-plate-shoes-2_1_1_1.jpg 786w, https:\/\/www.carbonfiberinsoles.shop\/wp-content\/uploads\/2025\/05\/carbon-plate-shoes-2_1_1_1-430x656.jpg 430w, https:\/\/www.carbonfiberinsoles.shop\/wp-content\/uploads\/2025\/05\/carbon-plate-shoes-2_1_1_1-700x1069.jpg 700w, https:\/\/www.carbonfiberinsoles.shop\/wp-content\/uploads\/2025\/05\/carbon-plate-shoes-2_1_1_1-197x300.jpg 197w, https:\/\/www.carbonfiberinsoles.shop\/wp-content\/uploads\/2025\/05\/carbon-plate-shoes-2_1_1_1-524x800.jpg 524w, https:\/\/www.carbonfiberinsoles.shop\/wp-content\/uploads\/2025\/05\/carbon-plate-shoes-2_1_1_1-768x1173.jpg 768w, https:\/\/www.carbonfiberinsoles.shop\/wp-content\/uploads\/2025\/05\/carbon-plate-shoes-2_1_1_1-8x12.jpg 8w\" sizes=\"(max-width: 786px) 100vw, 786px\" \/> <img loading=\"lazy\" decoding=\"async\" class=\"aligncenter wp-image-20104 size-full\" src=\"http:\/\/www.carbonfiberinsoles.shop\/wp-content\/uploads\/2025\/05\/carbon-plate-shoes-10_1_1_1.jpg\" alt=\"\" width=\"776\" height=\"1200\" srcset=\"https:\/\/www.carbonfiberinsoles.shop\/wp-content\/uploads\/2025\/05\/carbon-plate-shoes-10_1_1_1.jpg 776w, https:\/\/www.carbonfiberinsoles.shop\/wp-content\/uploads\/2025\/05\/carbon-plate-shoes-10_1_1_1-430x665.jpg 430w, https:\/\/www.carbonfiberinsoles.shop\/wp-content\/uploads\/2025\/05\/carbon-plate-shoes-10_1_1_1-700x1082.jpg 700w, https:\/\/www.carbonfiberinsoles.shop\/wp-content\/uploads\/2025\/05\/carbon-plate-shoes-10_1_1_1-194x300.jpg 194w, https:\/\/www.carbonfiberinsoles.shop\/wp-content\/uploads\/2025\/05\/carbon-plate-shoes-10_1_1_1-517x800.jpg 517w, https:\/\/www.carbonfiberinsoles.shop\/wp-content\/uploads\/2025\/05\/carbon-plate-shoes-10_1_1_1-768x1188.jpg 768w, https:\/\/www.carbonfiberinsoles.shop\/wp-content\/uploads\/2025\/05\/carbon-plate-shoes-10_1_1_1-8x12.jpg 8w\" sizes=\"(max-width: 776px) 100vw, 776px\" \/> <img loading=\"lazy\" decoding=\"async\" class=\"aligncenter wp-image-20102 size-full\" src=\"http:\/\/www.carbonfiberinsoles.shop\/wp-content\/uploads\/2025\/05\/carbon-plate-shoes-8_1_1_1.jpg\" alt=\"\" width=\"790\" height=\"1160\" srcset=\"https:\/\/www.carbonfiberinsoles.shop\/wp-content\/uploads\/2025\/05\/carbon-plate-shoes-8_1_1_1.jpg 790w, https:\/\/www.carbonfiberinsoles.shop\/wp-content\/uploads\/2025\/05\/carbon-plate-shoes-8_1_1_1-430x631.jpg 430w, https:\/\/www.carbonfiberinsoles.shop\/wp-content\/uploads\/2025\/05\/carbon-plate-shoes-8_1_1_1-700x1028.jpg 700w, https:\/\/www.carbonfiberinsoles.shop\/wp-content\/uploads\/2025\/05\/carbon-plate-shoes-8_1_1_1-204x300.jpg 204w, https:\/\/www.carbonfiberinsoles.shop\/wp-content\/uploads\/2025\/05\/carbon-plate-shoes-8_1_1_1-545x800.jpg 545w, https:\/\/www.carbonfiberinsoles.shop\/wp-content\/uploads\/2025\/05\/carbon-plate-shoes-8_1_1_1-768x1128.jpg 768w, https:\/\/www.carbonfiberinsoles.shop\/wp-content\/uploads\/2025\/05\/carbon-plate-shoes-8_1_1_1-8x12.jpg 8w\" sizes=\"(max-width: 790px) 100vw, 790px\" \/> <img loading=\"lazy\" decoding=\"async\" class=\"aligncenter wp-image-20099 size-full\" src=\"http:\/\/www.carbonfiberinsoles.shop\/wp-content\/uploads\/2025\/05\/carbon-plate-shoes-5_1_1_1.jpg\" alt=\"\" width=\"776\" height=\"1200\" srcset=\"https:\/\/www.carbonfiberinsoles.shop\/wp-content\/uploads\/2025\/05\/carbon-plate-shoes-5_1_1_1.jpg 776w, https:\/\/www.carbonfiberinsoles.shop\/wp-content\/uploads\/2025\/05\/carbon-plate-shoes-5_1_1_1-430x665.jpg 430w, https:\/\/www.carbonfiberinsoles.shop\/wp-content\/uploads\/2025\/05\/carbon-plate-shoes-5_1_1_1-700x1082.jpg 700w, https:\/\/www.carbonfiberinsoles.shop\/wp-content\/uploads\/2025\/05\/carbon-plate-shoes-5_1_1_1-194x300.jpg 194w, https:\/\/www.carbonfiberinsoles.shop\/wp-content\/uploads\/2025\/05\/carbon-plate-shoes-5_1_1_1-517x800.jpg 517w, https:\/\/www.carbonfiberinsoles.shop\/wp-content\/uploads\/2025\/05\/carbon-plate-shoes-5_1_1_1-768x1188.jpg 768w, https:\/\/www.carbonfiberinsoles.shop\/wp-content\/uploads\/2025\/05\/carbon-plate-shoes-5_1_1_1-8x12.jpg 8w\" sizes=\"(max-width: 776px) 100vw, 776px\" \/> <img loading=\"lazy\" decoding=\"async\" class=\"aligncenter wp-image-20107 size-full\" src=\"http:\/\/www.carbonfiberinsoles.shop\/wp-content\/uploads\/2025\/05\/carbon-plate-shoes-13_1_1_1.jpg\" alt=\"\" width=\"776\" height=\"1691\" srcset=\"https:\/\/www.carbonfiberinsoles.shop\/wp-content\/uploads\/2025\/05\/carbon-plate-shoes-13_1_1_1.jpg 776w, https:\/\/www.carbonfiberinsoles.shop\/wp-content\/uploads\/2025\/05\/carbon-plate-shoes-13_1_1_1-430x937.jpg 430w, https:\/\/www.carbonfiberinsoles.shop\/wp-content\/uploads\/2025\/05\/carbon-plate-shoes-13_1_1_1-700x1525.jpg 700w, https:\/\/www.carbonfiberinsoles.shop\/wp-content\/uploads\/2025\/05\/carbon-plate-shoes-13_1_1_1-138x300.jpg 138w, https:\/\/www.carbonfiberinsoles.shop\/wp-content\/uploads\/2025\/05\/carbon-plate-shoes-13_1_1_1-367x800.jpg 367w, https:\/\/www.carbonfiberinsoles.shop\/wp-content\/uploads\/2025\/05\/carbon-plate-shoes-13_1_1_1-768x1674.jpg 768w, https:\/\/www.carbonfiberinsoles.shop\/wp-content\/uploads\/2025\/05\/carbon-plate-shoes-13_1_1_1-705x1536.jpg 705w, https:\/\/www.carbonfiberinsoles.shop\/wp-content\/uploads\/2025\/05\/carbon-plate-shoes-13_1_1_1-6x12.jpg 6w\" sizes=\"(max-width: 776px) 100vw, 776px\" \/> <img loading=\"lazy\" decoding=\"async\" class=\"aligncenter wp-image-20101 size-full\" src=\"http:\/\/www.carbonfiberinsoles.shop\/wp-content\/uploads\/2025\/05\/carbon-plate-shoes-7_1_1_1.jpg\" alt=\"\" width=\"776\" height=\"1475\" srcset=\"https:\/\/www.carbonfiberinsoles.shop\/wp-content\/uploads\/2025\/05\/carbon-plate-shoes-7_1_1_1.jpg 776w, https:\/\/www.carbonfiberinsoles.shop\/wp-content\/uploads\/2025\/05\/carbon-plate-shoes-7_1_1_1-430x817.jpg 430w, https:\/\/www.carbonfiberinsoles.shop\/wp-content\/uploads\/2025\/05\/carbon-plate-shoes-7_1_1_1-700x1331.jpg 700w, https:\/\/www.carbonfiberinsoles.shop\/wp-content\/uploads\/2025\/05\/carbon-plate-shoes-7_1_1_1-158x300.jpg 158w, https:\/\/www.carbonfiberinsoles.shop\/wp-content\/uploads\/2025\/05\/carbon-plate-shoes-7_1_1_1-421x800.jpg 421w, https:\/\/www.carbonfiberinsoles.shop\/wp-content\/uploads\/2025\/05\/carbon-plate-shoes-7_1_1_1-768x1460.jpg 768w, https:\/\/www.carbonfiberinsoles.shop\/wp-content\/uploads\/2025\/05\/carbon-plate-shoes-7_1_1_1-6x12.jpg 6w\" sizes=\"(max-width: 776px) 100vw, 776px\" \/> <img loading=\"lazy\" decoding=\"async\" class=\"aligncenter wp-image-20097 size-full\" src=\"http:\/\/www.carbonfiberinsoles.shop\/wp-content\/uploads\/2025\/05\/carbon-plate-shoes-3_1_1_1.jpg\" alt=\"\" width=\"776\" height=\"1200\" srcset=\"https:\/\/www.carbonfiberinsoles.shop\/wp-content\/uploads\/2025\/05\/carbon-plate-shoes-3_1_1_1.jpg 776w, https:\/\/www.carbonfiberinsoles.shop\/wp-content\/uploads\/2025\/05\/carbon-plate-shoes-3_1_1_1-430x665.jpg 430w, https:\/\/www.carbonfiberinsoles.shop\/wp-content\/uploads\/2025\/05\/carbon-plate-shoes-3_1_1_1-700x1082.jpg 700w, https:\/\/www.carbonfiberinsoles.shop\/wp-content\/uploads\/2025\/05\/carbon-plate-shoes-3_1_1_1-194x300.jpg 194w, https:\/\/www.carbonfiberinsoles.shop\/wp-content\/uploads\/2025\/05\/carbon-plate-shoes-3_1_1_1-517x800.jpg 517w, https:\/\/www.carbonfiberinsoles.shop\/wp-content\/uploads\/2025\/05\/carbon-plate-shoes-3_1_1_1-768x1188.jpg 768w, https:\/\/www.carbonfiberinsoles.shop\/wp-content\/uploads\/2025\/05\/carbon-plate-shoes-3_1_1_1-8x12.jpg 8w\" sizes=\"(max-width: 776px) 100vw, 776px\" \/> <img loading=\"lazy\" decoding=\"async\" class=\"aligncenter wp-image-20106 size-full\" src=\"http:\/\/www.carbonfiberinsoles.shop\/wp-content\/uploads\/2025\/05\/carbon-plate-shoes-12_1_1_1.jpg\" alt=\"\" width=\"776\" height=\"1200\" srcset=\"https:\/\/www.carbonfiberinsoles.shop\/wp-content\/uploads\/2025\/05\/carbon-plate-shoes-12_1_1_1.jpg 776w, https:\/\/www.carbonfiberinsoles.shop\/wp-content\/uploads\/2025\/05\/carbon-plate-shoes-12_1_1_1-430x665.jpg 430w, https:\/\/www.carbonfiberinsoles.shop\/wp-content\/uploads\/2025\/05\/carbon-plate-shoes-12_1_1_1-700x1082.jpg 700w, https:\/\/www.carbonfiberinsoles.shop\/wp-content\/uploads\/2025\/05\/carbon-plate-shoes-12_1_1_1-194x300.jpg 194w, https:\/\/www.carbonfiberinsoles.shop\/wp-content\/uploads\/2025\/05\/carbon-plate-shoes-12_1_1_1-517x800.jpg 517w, https:\/\/www.carbonfiberinsoles.shop\/wp-content\/uploads\/2025\/05\/carbon-plate-shoes-12_1_1_1-768x1188.jpg 768w, https:\/\/www.carbonfiberinsoles.shop\/wp-content\/uploads\/2025\/05\/carbon-plate-shoes-12_1_1_1-8x12.jpg 8w\" sizes=\"(max-width: 776px) 100vw, 776px\" \/> <img loading=\"lazy\" decoding=\"async\" class=\"aligncenter wp-image-20098 size-full\" src=\"http:\/\/www.carbonfiberinsoles.shop\/wp-content\/uploads\/2025\/05\/carbon-plate-shoes-4_1_1_1.jpg\" alt=\"\" width=\"880\" height=\"2257\" srcset=\"https:\/\/www.carbonfiberinsoles.shop\/wp-content\/uploads\/2025\/05\/carbon-plate-shoes-4_1_1_1.jpg 880w, https:\/\/www.carbonfiberinsoles.shop\/wp-content\/uploads\/2025\/05\/carbon-plate-shoes-4_1_1_1-430x1103.jpg 430w, https:\/\/www.carbonfiberinsoles.shop\/wp-content\/uploads\/2025\/05\/carbon-plate-shoes-4_1_1_1-700x1795.jpg 700w, https:\/\/www.carbonfiberinsoles.shop\/wp-content\/uploads\/2025\/05\/carbon-plate-shoes-4_1_1_1-117x300.jpg 117w, https:\/\/www.carbonfiberinsoles.shop\/wp-content\/uploads\/2025\/05\/carbon-plate-shoes-4_1_1_1-312x800.jpg 312w, https:\/\/www.carbonfiberinsoles.shop\/wp-content\/uploads\/2025\/05\/carbon-plate-shoes-4_1_1_1-768x1970.jpg 768w, https:\/\/www.carbonfiberinsoles.shop\/wp-content\/uploads\/2025\/05\/carbon-plate-shoes-4_1_1_1-599x1536.jpg 599w, https:\/\/www.carbonfiberinsoles.shop\/wp-content\/uploads\/2025\/05\/carbon-plate-shoes-4_1_1_1-799x2048.jpg 799w, https:\/\/www.carbonfiberinsoles.shop\/wp-content\/uploads\/2025\/05\/carbon-plate-shoes-4_1_1_1-5x12.jpg 5w\" sizes=\"(max-width: 880px) 100vw, 880px\" \/> <img loading=\"lazy\" decoding=\"async\" class=\"aligncenter wp-image-20095 size-full\" src=\"http:\/\/www.carbonfiberinsoles.shop\/wp-content\/uploads\/2025\/05\/carbon-plate-shoes-1_1_1_1.jpg\" alt=\"\" width=\"776\" height=\"2291\" srcset=\"https:\/\/www.carbonfiberinsoles.shop\/wp-content\/uploads\/2025\/05\/carbon-plate-shoes-1_1_1_1.jpg 776w, https:\/\/www.carbonfiberinsoles.shop\/wp-content\/uploads\/2025\/05\/carbon-plate-shoes-1_1_1_1-430x1269.jpg 430w, https:\/\/www.carbonfiberinsoles.shop\/wp-content\/uploads\/2025\/05\/carbon-plate-shoes-1_1_1_1-700x2067.jpg 700w, https:\/\/www.carbonfiberinsoles.shop\/wp-content\/uploads\/2025\/05\/carbon-plate-shoes-1_1_1_1-102x300.jpg 102w, https:\/\/www.carbonfiberinsoles.shop\/wp-content\/uploads\/2025\/05\/carbon-plate-shoes-1_1_1_1-271x800.jpg 271w, https:\/\/www.carbonfiberinsoles.shop\/wp-content\/uploads\/2025\/05\/carbon-plate-shoes-1_1_1_1-768x2267.jpg 768w, https:\/\/www.carbonfiberinsoles.shop\/wp-content\/uploads\/2025\/05\/carbon-plate-shoes-1_1_1_1-520x1536.jpg 520w, https:\/\/www.carbonfiberinsoles.shop\/wp-content\/uploads\/2025\/05\/carbon-plate-shoes-1_1_1_1-694x2048.jpg 694w, https:\/\/www.carbonfiberinsoles.shop\/wp-content\/uploads\/2025\/05\/carbon-plate-shoes-1_1_1_1-4x12.jpg 4w\" sizes=\"(max-width: 776px) 100vw, 776px\" \/> <img loading=\"lazy\" decoding=\"async\" class=\"aligncenter wp-image-20108 size-full\" src=\"http:\/\/www.carbonfiberinsoles.shop\/wp-content\/uploads\/2025\/05\/carbon-plate-shoes-14_1_1_1.jpg\" alt=\"\" width=\"776\" height=\"1200\" srcset=\"https:\/\/www.carbonfiberinsoles.shop\/wp-content\/uploads\/2025\/05\/carbon-plate-shoes-14_1_1_1.jpg 776w, https:\/\/www.carbonfiberinsoles.shop\/wp-content\/uploads\/2025\/05\/carbon-plate-shoes-14_1_1_1-430x665.jpg 430w, https:\/\/www.carbonfiberinsoles.shop\/wp-content\/uploads\/2025\/05\/carbon-plate-shoes-14_1_1_1-700x1082.jpg 700w, https:\/\/www.carbonfiberinsoles.shop\/wp-content\/uploads\/2025\/05\/carbon-plate-shoes-14_1_1_1-194x300.jpg 194w, https:\/\/www.carbonfiberinsoles.shop\/wp-content\/uploads\/2025\/05\/carbon-plate-shoes-14_1_1_1-517x800.jpg 517w, https:\/\/www.carbonfiberinsoles.shop\/wp-content\/uploads\/2025\/05\/carbon-plate-shoes-14_1_1_1-768x1188.jpg 768w, https:\/\/www.carbonfiberinsoles.shop\/wp-content\/uploads\/2025\/05\/carbon-plate-shoes-14_1_1_1-8x12.jpg 8w\" sizes=\"(max-width: 776px) 100vw, 776px\" \/> <img loading=\"lazy\" decoding=\"async\" class=\"aligncenter wp-image-20105 size-full\" src=\"http:\/\/www.carbonfiberinsoles.shop\/wp-content\/uploads\/2025\/05\/carbon-plate-shoes-11_1_1_1.jpg\" alt=\"\" width=\"776\" height=\"764\" srcset=\"https:\/\/www.carbonfiberinsoles.shop\/wp-content\/uploads\/2025\/05\/carbon-plate-shoes-11_1_1_1.jpg 776w, https:\/\/www.carbonfiberinsoles.shop\/wp-content\/uploads\/2025\/05\/carbon-plate-shoes-11_1_1_1-430x423.jpg 430w, https:\/\/www.carbonfiberinsoles.shop\/wp-content\/uploads\/2025\/05\/carbon-plate-shoes-11_1_1_1-150x148.jpg 150w, https:\/\/www.carbonfiberinsoles.shop\/wp-content\/uploads\/2025\/05\/carbon-plate-shoes-11_1_1_1-700x689.jpg 700w, https:\/\/www.carbonfiberinsoles.shop\/wp-content\/uploads\/2025\/05\/carbon-plate-shoes-11_1_1_1-305x300.jpg 305w, https:\/\/www.carbonfiberinsoles.shop\/wp-content\/uploads\/2025\/05\/carbon-plate-shoes-11_1_1_1-768x756.jpg 768w, https:\/\/www.carbonfiberinsoles.shop\/wp-content\/uploads\/2025\/05\/carbon-plate-shoes-11_1_1_1-12x12.jpg 12w\" sizes=\"(max-width: 776px) 100vw, 776px\" \/><\/p>\n<p><img loading=\"lazy\" decoding=\"async\" class=\"wp-image-19589 size-full aligncenter\" src=\"http:\/\/www.carbonfiberinsoles.shop\/wp-content\/uploads\/2025\/05\/shoes-size-guide.png\" alt=\"gu\u00eda de tallas de zapatos\" width=\"754\" height=\"529\" srcset=\"https:\/\/www.carbonfiberinsoles.shop\/wp-content\/uploads\/2025\/05\/shoes-size-guide.png 754w, https:\/\/www.carbonfiberinsoles.shop\/wp-content\/uploads\/2025\/05\/shoes-size-guide-430x302.png 430w, https:\/\/www.carbonfiberinsoles.shop\/wp-content\/uploads\/2025\/05\/shoes-size-guide-700x491.png 700w, https:\/\/www.carbonfiberinsoles.shop\/wp-content\/uploads\/2025\/05\/shoes-size-guide-400x281.png 400w, https:\/\/www.carbonfiberinsoles.shop\/wp-content\/uploads\/2025\/05\/shoes-size-guide-18x12.png 18w\" sizes=\"(max-width: 754px) 100vw, 754px\" \/><\/p>\n<p>&nbsp;<\/p>\n<hr \/>\n<h4 class=\"header-jfw95c auto-hide-last-sibling-br\">3. Caracter\u00edsticas<\/h4>\n<ul class=\"auto-hide-last-sibling-br\">\n<li><strong>Rebote y propulsi\u00f3n<\/strong>: En comparaci\u00f3n con KM2, el rendimiento de rebote se ha mejorado en 20,0%, y el rendimiento de propulsi\u00f3n se ha mejorado en 58%. La placa de carbono de longitud completa y la entresuela de espuma supercr\u00edtica trabajan en t\u00e1ndem para ofrecer un excelente retorno de energ\u00eda.<\/li>\n<li><strong>Ligero y transpirable<\/strong>: La parte superior Hi - Knit garantiza la transpirabilidad, y el dise\u00f1o general de la zapatilla reduce el peso, facilitando los movimientos r\u00e1pidos.<\/li>\n<li><strong>Estabilidad y agarre<\/strong>: La entresuela de doble densidad proporciona estabilidad, y la suela de neum\u00e1ticos de competici\u00f3n con part\u00edculas de KPU ofrece una gran tracci\u00f3n, incluso en superficies mojadas.<\/li>\n<li><strong>Propulsi\u00f3n rodante<\/strong>: El punto de inflexi\u00f3n del antepi\u00e9 se sit\u00faa en 65% de la entresuela, mejorando la inercia hacia delante y la propulsi\u00f3n en carrera.<\/li>\n<\/ul>\n<h4 class=\"header-jfw95c auto-hide-last-sibling-br\">4. Razones para comprar<\/h4>\n<ul class=\"auto-hide-last-sibling-br\">\n<li><strong>Dise\u00f1o orientado al rendimiento<\/strong>: Tanto si eres un atleta profesional que se entrena para pruebas de atletismo como un estudiante que se prepara para ex\u00e1menes deportivos, estas zapatillas est\u00e1n dise\u00f1adas para mejorar tu velocidad y rendimiento.<\/li>\n<li><strong>Garant\u00eda de calidad<\/strong>: Con una historia de marca que se remonta a 1984, HEALTH tiene un historial probado en la producci\u00f3n de calzado deportivo fiable.<\/li>\n<li><strong>Tecnolog\u00eda avanzada<\/strong>: La combinaci\u00f3n de la tecnolog\u00eda de placas de carbono, la entresuela de espuma supercr\u00edtica y la parte superior de hilo de alta resistencia representa lo \u00faltimo en innovaci\u00f3n en calzado deportivo.<\/li>\n<\/ul>\n<h4 class=\"header-jfw95c auto-hide-last-sibling-br\">5. Preguntas frecuentes<\/h4>\n<ul class=\"auto-hide-last-sibling-br\">\n<li><strong>P: \u00bfSon adecuadas estas zapatillas para correr largas distancias?<\/strong>\n<ul class=\"auto-hide-last-sibling-br\">\n<li><strong>A:<\/strong>\u00a0Absolutamente. La entresuela de espuma supercr\u00edtica proporciona una amortiguaci\u00f3n y un retorno de energ\u00eda excelentes, por lo que son ideales para correr largas distancias.<\/li>\n<\/ul>\n<\/li>\n<li><strong>P: \u00bfQu\u00e9 tallas hay disponibles?<\/strong>\n<ul class=\"auto-hide-last-sibling-br\">\n<li><strong>A:<\/strong>\u00a0Las tallas van de la 38 a la 46, por lo que se adaptan a una amplia gama de tama\u00f1os de pie.<\/li>\n<\/ul>\n<\/li>\n<li><strong>P: \u00bfSon duraderas estas zapatillas?<\/strong>\n<ul class=\"auto-hide-last-sibling-br\">\n<li><strong>A:<\/strong>\u00a0La parte superior Hi - Knit de alta resistencia y la suela exterior resistente al desgaste con part\u00edculas de KPU garantizan que estas zapatillas est\u00e9n dise\u00f1adas para durar durante intensas sesiones de entrenamiento y competici\u00f3n.<\/li>\n<\/ul>\n<\/li>\n<\/ul>\n<hr class=\"\" data-start=\"3358\" data-end=\"3361\" \/>\n<p class=\"\" data-start=\"3382\" data-end=\"3647\">","protected":false},"excerpt":{"rendered":"<p>Las zapatillas de carreras HEALTH Carbon Speed KM3 son un calzado atl\u00e9tico de primer nivel dise\u00f1ado para entrenamientos y carreras serias de atletismo. Con una avanzada tecnolog\u00eda de placas de carbono, proporcionan una propulsi\u00f3n y estabilidad inigualables.<\/p>","protected":false},"featured_media":19548,"comment_status":"open","ping_status":"closed","template":"","meta":{"_kadence_starter_templates_imported_post":false,"_kad_post_transparent":"","_kad_post_title":"","_kad_post_layout":"","_kad_post_sidebar_id":"","_kad_post_content_style":"","_kad_post_vertical_padding":"","_kad_post_feature":"","_kad_post_feature_position":"","_kad_post_header":false,"_kad_post_footer":false},"product_brand":[486],"product_cat":[253,252,485],"product_tag":[373,254,257,349,333,372,344,326],"class_list":{"0":"post-19544","1":"product","2":"type-product","3":"status-publish","4":"has-post-thumbnail","6":"product_brand-health","7":"product_cat-carbon-plate-running-shoes","8":"product_cat-carbon-shoes","9":"product_cat-health-shoes","10":"product_tag-anti-slip-shoes","11":"product_tag-carbon-plate-running-shoes","12":"product_tag-carbon-plated-shoes","13":"product_tag-racing-shoes","14":"product_tag-shock-absorbing-shoes","15":"product_tag-sports-shoes","16":"product_tag-track-and-field-shoes","17":"product_tag-training-shoes","19":"first","20":"instock","21":"shipping-taxable","22":"purchasable","23":"product-type-variable","24":"entry","25":"content-bg","26":"loop-entry"},"aioseo_notices":[],"_links":{"self":[{"href":"https:\/\/www.carbonfiberinsoles.shop\/es\/wp-json\/wp\/v2\/product\/19544","targetHints":{"allow":["GET"]}}],"collection":[{"href":"https:\/\/www.carbonfiberinsoles.shop\/es\/wp-json\/wp\/v2\/product"}],"about":[{"href":"https:\/\/www.carbonfiberinsoles.shop\/es\/wp-json\/wp\/v2\/types\/product"}],"replies":[{"embeddable":true,"href":"https:\/\/www.carbonfiberinsoles.shop\/es\/wp-json\/wp\/v2\/comments?post=19544"}],"version-history":[{"count":1,"href":"https:\/\/www.carbonfiberinsoles.shop\/es\/wp-json\/wp\/v2\/product\/19544\/revisions"}],"predecessor-version":[{"id":21586,"href":"https:\/\/www.carbonfiberinsoles.shop\/es\/wp-json\/wp\/v2\/product\/19544\/revisions\/21586"}],"wp:featuredmedia":[{"embeddable":true,"href":"https:\/\/www.carbonfiberinsoles.shop\/es\/wp-json\/wp\/v2\/media\/19548"}],"wp:attachment":[{"href":"https:\/\/www.carbonfiberinsoles.shop\/es\/wp-json\/wp\/v2\/media?parent=19544"}],"wp:term":[{"taxonomy":"product_brand","embeddable":true,"href":"https:\/\/www.carbonfiberinsoles.shop\/es\/wp-json\/wp\/v2\/product_brand?post=19544"},{"taxonomy":"product_cat","embeddable":true,"href":"https:\/\/www.carbonfiberinsoles.shop\/es\/wp-json\/wp\/v2\/product_cat?post=19544"},{"taxonomy":"product_tag","embeddable":true,"href":"https:\/\/www.carbonfiberinsoles.shop\/es\/wp-json\/wp\/v2\/product_tag?post=19544"}],"curies":[{"name":"wp","href":"https:\/\/api.w.org\/{rel}","templated":true}]}}