{"id":20182,"date":"2025-05-21T15:48:38","date_gmt":"2025-05-21T15:48:38","guid":{"rendered":"https:\/\/www.carbonfiberinsoles.shop\/?post_type=product&#038;p=20182"},"modified":"2026-03-30T07:58:31","modified_gmt":"2026-03-30T07:58:31","slug":"tlss-full-length-carbon-fiber-insoles-shock-absorbing-breathable-performance-insoles-for-soccer-sports","status":"publish","type":"product","link":"https:\/\/www.carbonfiberinsoles.shop\/es\/producto\/tlss-full-length-carbon-fiber-insoles-shock-absorbing-breathable-performance-insoles-for-soccer-sports\/","title":{"rendered":"TLSS Plantillas completas de fibra de carbono - Plantillas de f\u00fatbol amortiguadoras"},"content":{"rendered":"<h3 class=\"\" data-start=\"878\" data-end=\"898\"><strong data-start=\"882\" data-end=\"898\">\ud83d\udd0e Visi\u00f3n general:<\/strong><\/h3>\n<p class=\"\" data-start=\"899\" data-end=\"1353\">En <strong data-start=\"903\" data-end=\"944\">Plantillas de fibra de carbono Tlss Full-Length<\/strong> son una soluci\u00f3n de plantillas de primera calidad para atletas que exigen una sujeci\u00f3n precisa desde el tal\u00f3n hasta los dedos. Dise\u00f1adas con tecnolog\u00eda <strong data-start=\"1058\" data-end=\"1085\">tecnolog\u00eda de fibra de carbono<\/strong>Estas plantillas proporcionan amortiguaci\u00f3n completa, estabilizaci\u00f3n del tal\u00f3n y mayor transpirabilidad. Ideales para futbolistas y corredores, aumentan el rendimiento manteniendo la alineaci\u00f3n del pie, reduciendo la fatiga y minimizando las fuerzas de impacto durante la actividad a alta velocidad.<\/p>\n<hr class=\"\" data-start=\"1355\" data-end=\"1358\" \/>\n<h3 class=\"\" data-start=\"1360\" data-end=\"1386\"><strong data-start=\"1364\" data-end=\"1386\">Especificaciones:<\/strong><\/h3>\n<ul data-start=\"1387\" data-end=\"1759\">\n<li class=\"\" data-start=\"1387\" data-end=\"1472\">\n<p class=\"\" data-start=\"1389\" data-end=\"1472\"><strong data-start=\"1389\" data-end=\"1402\">Material:<\/strong> Placa completa de fibra de carbono, espuma EVA, amortiguaci\u00f3n de gel, tejido de malla<\/p>\n<\/li>\n<li class=\"\" data-start=\"1473\" data-end=\"1539\">\n<p class=\"\" data-start=\"1475\" data-end=\"1539\"><strong data-start=\"1475\" data-end=\"1495\">Tallas disponibles:<\/strong> S (36-38), M (39-41), L (42-44), XL (45-47)<\/p>\n<\/li>\n<li class=\"\" data-start=\"1540\" data-end=\"1595\">\n<p class=\"\" data-start=\"1542\" data-end=\"1595\"><strong data-start=\"1542\" data-end=\"1553\">Peso:<\/strong> Ultraligera, aproximadamente 60 g por plantilla<\/p>\n<\/li>\n<li class=\"\" data-start=\"1596\" data-end=\"1632\">\n<p class=\"\" data-start=\"1598\" data-end=\"1632\"><strong data-start=\"1598\" data-end=\"1608\">Color:<\/strong> Gris\/Negro\/Azul<\/p>\n<\/li>\n<li class=\"\" data-start=\"1633\" data-end=\"1689\">\n<p class=\"\" data-start=\"1635\" data-end=\"1689\"><strong data-start=\"1635\" data-end=\"1643\">\u00dasalo:<\/strong> F\u00fatbol, Running, Cross-Training, Calzado deportivo<\/p>\n<\/li>\n<li class=\"\" data-start=\"1690\" data-end=\"1759\">\n<p class=\"\" data-start=\"1692\" data-end=\"1759\"><strong data-start=\"1692\" data-end=\"1703\">Dise\u00f1o:<\/strong> Cobertura total de la planta del pie con enfoque en el arco y el tal\u00f3n<\/p>\n<\/li>\n<\/ul>\n<hr class=\"\" data-start=\"1761\" data-end=\"1764\" \/>\n<h3 class=\"\" data-start=\"1766\" data-end=\"1785\"><strong data-start=\"1770\" data-end=\"1785\">\u2728 Caracter\u00edsticas:<\/strong><\/h3>\n<ul data-start=\"1786\" data-end=\"2223\">\n<li class=\"\" data-start=\"1786\" data-end=\"1874\">\n<p class=\"\" data-start=\"1788\" data-end=\"1874\">\u2705 <strong data-start=\"1790\" data-end=\"1825\">Placa completa de fibra de carbono:<\/strong> Favorece el retorno de energ\u00eda y la integridad estructural.<\/p>\n<\/li>\n<li class=\"\" data-start=\"1875\" data-end=\"1968\">\n<p class=\"\" data-start=\"1877\" data-end=\"1968\">\u2705 <strong data-start=\"1879\" data-end=\"1911\">Absorci\u00f3n de impactos multizona:<\/strong> Amortiguaci\u00f3n de gel y EVA en las zonas del tal\u00f3n y el antepi\u00e9.<\/p>\n<\/li>\n<li class=\"\" data-start=\"1969\" data-end=\"2049\">\n<p class=\"\" data-start=\"1971\" data-end=\"2049\">\u2705 <strong data-start=\"1973\" data-end=\"2003\">Capa superior de malla transpirable:<\/strong> Mejora la circulaci\u00f3n del aire y mantiene los pies frescos y secos.<\/p>\n<\/li>\n<li class=\"\" data-start=\"2050\" data-end=\"2137\">\n<p class=\"\" data-start=\"2052\" data-end=\"2137\">\u2705 <strong data-start=\"2054\" data-end=\"2082\">Tecnolog\u00eda Arch Support:<\/strong> Reduce la tensi\u00f3n plantar y ayuda a corregir la postura del pie.<\/p>\n<\/li>\n<li class=\"\" data-start=\"2138\" data-end=\"2223\">\n<p class=\"\" data-start=\"2140\" data-end=\"2223\">\u2705 <strong data-start=\"2142\" data-end=\"2165\">Dise\u00f1o de la cuna del tal\u00f3n:<\/strong> Mejora el equilibrio y evita el balanceo del pie hacia dentro.<\/p>\n<\/li>\n<\/ul>\n<p>&nbsp;<\/p>\n<p><img fetchpriority=\"high\" decoding=\"async\" class=\"wp-image-20202 size-full aligncenter\" src=\"http:\/\/www.carbonfiberinsoles.shop\/wp-content\/uploads\/2025\/05\/TLSS-Full-Length-Carbon-Fiber-Insoles-2.jpg\" alt=\"Plantillas TLSS completas de fibra de carbono\" width=\"753\" height=\"772\" srcset=\"https:\/\/www.carbonfiberinsoles.shop\/wp-content\/uploads\/2025\/05\/TLSS-Full-Length-Carbon-Fiber-Insoles-2.jpg 753w, https:\/\/www.carbonfiberinsoles.shop\/wp-content\/uploads\/2025\/05\/TLSS-Full-Length-Carbon-Fiber-Insoles-2-430x441.jpg 430w, https:\/\/www.carbonfiberinsoles.shop\/wp-content\/uploads\/2025\/05\/TLSS-Full-Length-Carbon-Fiber-Insoles-2-700x718.jpg 700w, https:\/\/www.carbonfiberinsoles.shop\/wp-content\/uploads\/2025\/05\/TLSS-Full-Length-Carbon-Fiber-Insoles-2-293x300.jpg 293w, https:\/\/www.carbonfiberinsoles.shop\/wp-content\/uploads\/2025\/05\/TLSS-Full-Length-Carbon-Fiber-Insoles-2-12x12.jpg 12w\" sizes=\"(max-width: 753px) 100vw, 753px\" \/> <img decoding=\"async\" class=\"wp-image-20203 size-full aligncenter\" src=\"http:\/\/www.carbonfiberinsoles.shop\/wp-content\/uploads\/2025\/05\/TLSS-Full-Length-Carbon-Fiber-Insoles-3.jpg\" alt=\"Plantillas TLSS completas de fibra de carbono\" width=\"800\" height=\"800\" srcset=\"https:\/\/www.carbonfiberinsoles.shop\/wp-content\/uploads\/2025\/05\/TLSS-Full-Length-Carbon-Fiber-Insoles-3.jpg 800w, https:\/\/www.carbonfiberinsoles.shop\/wp-content\/uploads\/2025\/05\/TLSS-Full-Length-Carbon-Fiber-Insoles-3-430x430.jpg 430w, https:\/\/www.carbonfiberinsoles.shop\/wp-content\/uploads\/2025\/05\/TLSS-Full-Length-Carbon-Fiber-Insoles-3-150x150.jpg 150w, https:\/\/www.carbonfiberinsoles.shop\/wp-content\/uploads\/2025\/05\/TLSS-Full-Length-Carbon-Fiber-Insoles-3-700x700.jpg 700w, https:\/\/www.carbonfiberinsoles.shop\/wp-content\/uploads\/2025\/05\/TLSS-Full-Length-Carbon-Fiber-Insoles-3-300x300.jpg 300w, https:\/\/www.carbonfiberinsoles.shop\/wp-content\/uploads\/2025\/05\/TLSS-Full-Length-Carbon-Fiber-Insoles-3-768x768.jpg 768w, https:\/\/www.carbonfiberinsoles.shop\/wp-content\/uploads\/2025\/05\/TLSS-Full-Length-Carbon-Fiber-Insoles-3-12x12.jpg 12w\" sizes=\"(max-width: 800px) 100vw, 800px\" \/><\/p>\n<p><img decoding=\"async\" class=\"wp-image-20204 size-full aligncenter\" src=\"http:\/\/www.carbonfiberinsoles.shop\/wp-content\/uploads\/2025\/05\/TLSS-Full-Length-Carbon-Fiber-Insoles-4.jpg\" alt=\"Plantillas TLSS completas de fibra de carbono\" width=\"800\" height=\"800\" srcset=\"https:\/\/www.carbonfiberinsoles.shop\/wp-content\/uploads\/2025\/05\/TLSS-Full-Length-Carbon-Fiber-Insoles-4.jpg 800w, https:\/\/www.carbonfiberinsoles.shop\/wp-content\/uploads\/2025\/05\/TLSS-Full-Length-Carbon-Fiber-Insoles-4-430x430.jpg 430w, https:\/\/www.carbonfiberinsoles.shop\/wp-content\/uploads\/2025\/05\/TLSS-Full-Length-Carbon-Fiber-Insoles-4-150x150.jpg 150w, https:\/\/www.carbonfiberinsoles.shop\/wp-content\/uploads\/2025\/05\/TLSS-Full-Length-Carbon-Fiber-Insoles-4-700x700.jpg 700w, https:\/\/www.carbonfiberinsoles.shop\/wp-content\/uploads\/2025\/05\/TLSS-Full-Length-Carbon-Fiber-Insoles-4-300x300.jpg 300w, https:\/\/www.carbonfiberinsoles.shop\/wp-content\/uploads\/2025\/05\/TLSS-Full-Length-Carbon-Fiber-Insoles-4-768x768.jpg 768w, https:\/\/www.carbonfiberinsoles.shop\/wp-content\/uploads\/2025\/05\/TLSS-Full-Length-Carbon-Fiber-Insoles-4-12x12.jpg 12w\" sizes=\"(max-width: 800px) 100vw, 800px\" \/><\/p>\n<p><img loading=\"lazy\" decoding=\"async\" class=\"wp-image-20206 size-full aligncenter\" src=\"http:\/\/www.carbonfiberinsoles.shop\/wp-content\/uploads\/2025\/05\/TLSS-Full-Length-Carbon-Fiber-Insoles-6.jpg\" alt=\"Plantillas TLSS completas de fibra de carbono\" width=\"800\" height=\"800\" srcset=\"https:\/\/www.carbonfiberinsoles.shop\/wp-content\/uploads\/2025\/05\/TLSS-Full-Length-Carbon-Fiber-Insoles-6.jpg 800w, https:\/\/www.carbonfiberinsoles.shop\/wp-content\/uploads\/2025\/05\/TLSS-Full-Length-Carbon-Fiber-Insoles-6-430x430.jpg 430w, https:\/\/www.carbonfiberinsoles.shop\/wp-content\/uploads\/2025\/05\/TLSS-Full-Length-Carbon-Fiber-Insoles-6-150x150.jpg 150w, https:\/\/www.carbonfiberinsoles.shop\/wp-content\/uploads\/2025\/05\/TLSS-Full-Length-Carbon-Fiber-Insoles-6-700x700.jpg 700w, https:\/\/www.carbonfiberinsoles.shop\/wp-content\/uploads\/2025\/05\/TLSS-Full-Length-Carbon-Fiber-Insoles-6-300x300.jpg 300w, https:\/\/www.carbonfiberinsoles.shop\/wp-content\/uploads\/2025\/05\/TLSS-Full-Length-Carbon-Fiber-Insoles-6-768x768.jpg 768w, https:\/\/www.carbonfiberinsoles.shop\/wp-content\/uploads\/2025\/05\/TLSS-Full-Length-Carbon-Fiber-Insoles-6-12x12.jpg 12w\" sizes=\"(max-width: 800px) 100vw, 800px\" \/><\/p>\n<p>&nbsp;<\/p>\n<hr class=\"\" data-start=\"2225\" data-end=\"2228\" \/>\n<h3 class=\"\" data-start=\"2230\" data-end=\"2287\"><strong data-start=\"2234\" data-end=\"2287\">\ud83d\udca1 \u00bfPor qu\u00e9 comprar las plantillas de fibra de carbono Tlss Full-Length?<\/strong><\/h3>\n<ul data-start=\"2288\" data-end=\"2733\">\n<li class=\"\" data-start=\"2288\" data-end=\"2382\">\n<p class=\"\" data-start=\"2290\" data-end=\"2382\">Dise\u00f1ado para <strong data-start=\"2303\" data-end=\"2313\">f\u00fatbol<\/strong> y otros deportes exigentes en los que el equilibrio y la capacidad de respuesta son fundamentales.<\/p>\n<\/li>\n<li class=\"\" data-start=\"2383\" data-end=\"2473\">\n<p class=\"\" data-start=\"2385\" data-end=\"2473\">Ofertas <strong data-start=\"2392\" data-end=\"2423\">amortiguaci\u00f3n de impactos<\/strong> en todo el pie, no s\u00f3lo en el tal\u00f3n o el antepi\u00e9.<\/p>\n<\/li>\n<li class=\"\" data-start=\"2474\" data-end=\"2557\">\n<p class=\"\" data-start=\"2476\" data-end=\"2557\">En <strong data-start=\"2480\" data-end=\"2507\">construcci\u00f3n transpirable<\/strong> mantiene los pies frescos y minimiza el sudor durante el juego.<\/p>\n<\/li>\n<li class=\"\" data-start=\"2558\" data-end=\"2639\">\n<p class=\"\" data-start=\"2560\" data-end=\"2639\">De larga duraci\u00f3n <strong data-start=\"2573\" data-end=\"2597\">soporte de fibra de carbono<\/strong> garantiza la durabilidad sin a\u00f1adir peso.<\/p>\n<\/li>\n<li class=\"\" data-start=\"2640\" data-end=\"2733\">\n<p class=\"\" data-start=\"2642\" data-end=\"2733\">Potencia <strong data-start=\"2649\" data-end=\"2686\">rendimiento y prevenci\u00f3n de lesiones<\/strong>por lo que es perfecto para atletas de todos los niveles.<\/p>\n<\/li>\n<\/ul>\n<hr class=\"\" data-start=\"2735\" data-end=\"2738\" \/>\n<h3 class=\"\" data-start=\"2740\" data-end=\"2754\"><strong data-start=\"2744\" data-end=\"2754\">\u2753 Preguntas frecuentes<\/strong><\/h3>\n<p class=\"\" data-start=\"2756\" data-end=\"2890\"><strong data-start=\"2756\" data-end=\"2810\">P1: \u00bfPuedo utilizar estas plantillas en todo tipo de calzado?<\/strong><br data-start=\"2810\" data-end=\"2813\" \/>S\u00ed, se ajustan y son compatibles con la mayor\u00eda de las zapatillas de atletismo y deportivas.<\/p>\n<p class=\"\" data-start=\"2892\" data-end=\"3053\"><strong data-start=\"2892\" data-end=\"2949\">P2: \u00bfAyudan con el dolor de pies o la fascitis plantar?<\/strong><br data-start=\"2949\" data-end=\"2952\" \/>S\u00ed, el soporte del arco y la amortiguaci\u00f3n del tal\u00f3n ayudan a aliviar el estr\u00e9s y el dolor durante largas sesiones de actividad.<\/p>\n<p class=\"\" data-start=\"3055\" data-end=\"3196\"><strong data-start=\"3055\" data-end=\"3089\">P3: \u00bfSon s\u00f3lo para f\u00fatbol?<\/strong><br data-start=\"3089\" data-end=\"3092\" \/>No. Aunque est\u00e1n optimizadas para el f\u00fatbol, tambi\u00e9n son perfectas para correr, hacer senderismo, baloncesto y otros deportes.<\/p>\n<p class=\"\" data-start=\"3198\" data-end=\"3333\"><strong data-start=\"3198\" data-end=\"3238\">P4: \u00bfMe apretar\u00e1n m\u00e1s los zapatos?<\/strong><br data-start=\"3238\" data-end=\"3241\" \/>Son ultrafinas y est\u00e1n dise\u00f1adas para sustituir a sus plantillas originales, manteniendo el mismo ajuste.<\/p>\n<p class=\"\" data-start=\"3335\" data-end=\"3447\"><strong data-start=\"3335\" data-end=\"3363\">P5: \u00bfC\u00f3mo se limpian?<\/strong><br data-start=\"3363\" data-end=\"3366\" \/>Limpiar con un pa\u00f1o h\u00famedo o lavar a mano suavemente. Evitar el lavado a m\u00e1quina o el secado al calor.<\/p>","protected":false},"excerpt":{"rendered":"<p class=\"\" data-start=\"586\" data-end=\"834\">Las plantillas Tlss Full-Length Carbon Fiber ofrecen una sujeci\u00f3n completa del pie para atletas de alto rendimiento. Construidas con capas de malla transpirable, soporte del arco de fibra de carbono y absorci\u00f3n de impactos de alto impacto, son ideales para f\u00fatbol, correr y entrenar.<\/p>","protected":false},"featured_media":20201,"comment_status":"open","ping_status":"closed","template":"","meta":{"_kadence_starter_templates_imported_post":false,"_kad_post_transparent":"","_kad_post_title":"","_kad_post_layout":"","_kad_post_sidebar_id":"","_kad_post_content_style":"","_kad_post_vertical_padding":"","_kad_post_feature":"","_kad_post_feature_position":"","_kad_post_header":false,"_kad_post_footer":false},"product_brand":[],"product_cat":[22,183,477,469],"product_tag":[51,471,470],"class_list":{"0":"post-20182","1":"product","2":"type-product","3":"status-publish","4":"has-post-thumbnail","6":"product_cat-carbon-fiber-insoles","7":"product_cat-insoles","8":"product_cat-tlss","9":"product_cat-tlss-insoles","10":"product_tag-carbon-fiber-foot-insoles","11":"product_tag-soccer-insoles","12":"product_tag-tlss-insoles","13":"pa_us-ca-size-m10-w12","14":"pa_us-ca-size-m7-5-w9-5-260mm","15":"pa_us-ca-size-m7-w9","16":"pa_us-ca-size-m8-w10-265mm","17":"pa_us-ca-size-m9-w11-275mm","19":"first","20":"instock","21":"shipping-taxable","22":"purchasable","23":"product-type-variable","24":"entry","25":"content-bg","26":"loop-entry"},"aioseo_notices":[],"_links":{"self":[{"href":"https:\/\/www.carbonfiberinsoles.shop\/es\/wp-json\/wp\/v2\/product\/20182","targetHints":{"allow":["GET"]}}],"collection":[{"href":"https:\/\/www.carbonfiberinsoles.shop\/es\/wp-json\/wp\/v2\/product"}],"about":[{"href":"https:\/\/www.carbonfiberinsoles.shop\/es\/wp-json\/wp\/v2\/types\/product"}],"replies":[{"embeddable":true,"href":"https:\/\/www.carbonfiberinsoles.shop\/es\/wp-json\/wp\/v2\/comments?post=20182"}],"version-history":[{"count":1,"href":"https:\/\/www.carbonfiberinsoles.shop\/es\/wp-json\/wp\/v2\/product\/20182\/revisions"}],"predecessor-version":[{"id":21580,"href":"https:\/\/www.carbonfiberinsoles.shop\/es\/wp-json\/wp\/v2\/product\/20182\/revisions\/21580"}],"wp:featuredmedia":[{"embeddable":true,"href":"https:\/\/www.carbonfiberinsoles.shop\/es\/wp-json\/wp\/v2\/media\/20201"}],"wp:attachment":[{"href":"https:\/\/www.carbonfiberinsoles.shop\/es\/wp-json\/wp\/v2\/media?parent=20182"}],"wp:term":[{"taxonomy":"product_brand","embeddable":true,"href":"https:\/\/www.carbonfiberinsoles.shop\/es\/wp-json\/wp\/v2\/product_brand?post=20182"},{"taxonomy":"product_cat","embeddable":true,"href":"https:\/\/www.carbonfiberinsoles.shop\/es\/wp-json\/wp\/v2\/product_cat?post=20182"},{"taxonomy":"product_tag","embeddable":true,"href":"https:\/\/www.carbonfiberinsoles.shop\/es\/wp-json\/wp\/v2\/product_tag?post=20182"}],"curies":[{"name":"wp","href":"https:\/\/api.w.org\/{rel}","templated":true}]}}