{"id":20340,"date":"2025-05-25T15:14:45","date_gmt":"2025-05-25T15:14:45","guid":{"rendered":"https:\/\/www.carbonfiberinsoles.shop\/?post_type=product&#038;p=20340"},"modified":"2025-06-28T11:26:48","modified_gmt":"2025-06-28T11:26:48","slug":"tlss-professional-sports-running-football-shin-guard-socks-2-pairs","status":"publish","type":"product","link":"https:\/\/www.carbonfiberinsoles.shop\/es\/producto\/tlss-professional-sports-running-football-shin-guard-socks-2-pairs\/","title":{"rendered":"TLSS Calcetines Protectores de Espinilla para F\u00fatbol Profesional (2 Pares)"},"content":{"rendered":"<div class=\"paragraph\"><strong>Visi\u00f3n general:<\/strong> TLSS presenta una l\u00ednea premium de calcetines deportivos dise\u00f1ados para atletas que exigen excelencia. Nuestros calcetines con espinilleras profesionales est\u00e1n dise\u00f1ados para mejorar el rendimiento durante la pr\u00e1ctica de f\u00fatbol, running y otros deportes exigentes. Fabricados con tecnolog\u00eda de compresi\u00f3n avanzada y materiales de alta calidad, estos calcetines de tubo largo ofrecen una sujeci\u00f3n, transpirabilidad y comodidad excepcionales. Con un dise\u00f1o elegante y m\u00faltiples opciones de color, son perfectos tanto para las sesiones de entrenamiento como para los partidos de competici\u00f3n.<\/div>\n<div class=\"paragraph\"><strong>Especificaciones:<\/strong><\/div>\n<ul>\n<li>\n<div class=\"paragraph\"><strong>Marca:<\/strong> TLSS<\/div>\n<\/li>\n<li>\n<div class=\"paragraph\"><strong>Nombre del producto:<\/strong> Medias espinilleras profesionales TLSS<\/div>\n<\/li>\n<li>\n<div class=\"paragraph\"><strong>Opciones de color:<\/strong> M\u00faltiples colores disponibles (por ejemplo, negro, blanco, rojo, amarillo, morado)<\/div>\n<\/li>\n<li>\n<div class=\"paragraph\"><strong>Material:<\/strong> Fibra de poli\u00e9ster, nailon, elastano<\/div>\n<\/li>\n<li>\n<div class=\"paragraph\"><strong class=\"\">Longitud:<\/strong> Aproximadamente 46 cm (el tama\u00f1o real puede variar debido a su excelente elasticidad)<\/div>\n<\/li>\n<li>\n<div class=\"paragraph\"><strong>Elasticidad:<\/strong> Gran elasticidad<\/div>\n<\/li>\n<li>\n<div class=\"paragraph\"><strong>Grosor:<\/strong> Grosor moderado<\/div>\n<\/li>\n<li>\n<div class=\"paragraph\"><strong>En forma:<\/strong> Tubo largo, dise\u00f1o por encima de la rodilla<\/div>\n<\/li>\n<li>\n<div class=\"paragraph\"><strong>Embalaje:<\/strong> Embalaje personalizado y exquisito<\/div>\n<\/li>\n<\/ul>\n<div class=\"paragraph\"><strong>Caracter\u00edsticas:<\/strong><\/div>\n<ul>\n<li>\n<div class=\"paragraph\"><strong>Tejido de alta elasticidad:<\/strong> Garantiza una excelente elasticidad y un ajuste c\u00f3modo durante el movimiento.<\/div>\n<\/li>\n<li>\n<div class=\"paragraph\"><strong>Transpirable y que absorbe la humedad:<\/strong> Mantiene las piernas secas y c\u00f3modas incluso durante entrenamientos intensos.<\/div>\n<\/li>\n<li>\n<div class=\"paragraph\"><strong>Protecci\u00f3n reforzada para la espinilla:<\/strong> Proporciona apoyo y protecci\u00f3n adicionales para la zona de la espinilla.<\/div>\n<\/li>\n<li>\n<div class=\"paragraph\"><strong>Pu\u00f1o antideslizante:<\/strong> Evita que los calcetines se deslicen hacia abajo durante la actividad.<\/div>\n<\/li>\n<li>\n<div class=\"paragraph\"><strong>Construcci\u00f3n duradera:<\/strong> Construido para soportar un uso riguroso y mantener la forma con el paso del tiempo.<\/div>\n<\/li>\n<li>\n<div class=\"paragraph\"><strong>M\u00faltiples opciones de color:<\/strong> Permite personalizar el estilo y coordinar el equipo.<\/div>\n<\/li>\n<\/ul>\n<div class=\"paragraph\"><strong>Razones para comprar:<\/strong><\/div>\n<ol start=\"1\">\n<li>\n<div class=\"paragraph\"><strong>Rendimiento mejorado:<\/strong> La tecnolog\u00eda de compresi\u00f3n mejora la circulaci\u00f3n sangu\u00ednea y reduce la fatiga muscular, ayud\u00e1ndote a rendir al m\u00e1ximo.<\/div>\n<\/li>\n<li>\n<div class=\"paragraph\"><strong class=\"\">Confort superior:<\/strong> El tejido transpirable y la construcci\u00f3n sin costuras evitan las ampollas y las irritaciones, garantizando la comodidad durante todo el d\u00eda.<\/div>\n<\/li>\n<li>\n<div class=\"paragraph\"><strong>Uso vers\u00e1til:<\/strong> Adecuados para f\u00fatbol, running, baloncesto y otros deportes, lo que los convierte en un complemento vers\u00e1til para tu equipaci\u00f3n de atletismo.<\/div>\n<\/li>\n<li>\n<div class=\"paragraph\"><strong>Grado profesional:<\/strong> Con la confianza de atletas de todo el mundo, estos calcetines cumplen los m\u00e1s altos est\u00e1ndares de calidad y durabilidad.<\/div>\n<\/li>\n<li>\n<div class=\"paragraph\"><strong>Gran valor:<\/strong> Con dos pares incluidos, obtendr\u00e1 una excelente relaci\u00f3n calidad-precio y podr\u00e1 tener siempre a mano un par de repuesto.<\/div>\n<\/li>\n<\/ol>\n<div class=\"paragraph\"><strong>Preguntas frecuentes:<\/strong><\/div>\n<div class=\"paragraph\"><strong class=\"\">P1: \u00bfCu\u00e1l es la principal diferencia entre los calcetines con espinillera TLSS y los calcetines deportivos normales?<\/strong><\/div>\n<div class=\"paragraph\">A1: Los calcetines con espinillera TLSS incorporan una avanzada tecnolog\u00eda de compresi\u00f3n y una protecci\u00f3n reforzada de la espinilla, ofreciendo una sujeci\u00f3n y una resistencia a los impactos superiores a las de los calcetines deportivos normales. Est\u00e1n dise\u00f1ados espec\u00edficamente para mejorar el rendimiento y proteger a los deportistas durante la pr\u00e1ctica de deportes de alta intensidad, como el f\u00fatbol o el atletismo.<\/div>\n<div><\/div>\n<div class=\"paragraph\"><strong>P2: \u00bfEstos calcetines son adecuados tanto para hombres como para mujeres?<\/strong><\/div>\n<div class=\"paragraph\">A2: S\u00ed, las espinilleras profesionales TLSS son unisex y est\u00e1n dise\u00f1adas para adaptarse c\u00f3modamente tanto a hombres como a mujeres. El tejido de alta elasticidad garantiza un ajuste flexible que se adapta a varios tama\u00f1os de pierna.<\/div>\n<div><\/div>\n<div class=\"paragraph\"><strong>P3: \u00bfPuedo lavar estos calcetines a m\u00e1quina o requieren cuidados especiales?<\/strong><\/div>\n<div class=\"paragraph\">A3: Para tu comodidad, los calcetines TLSS se pueden lavar a m\u00e1quina. Sin embargo, recomendamos lavarlos del rev\u00e9s y evitar el uso de suavizantes para mantener su elasticidad y sus prestaciones.<\/div>\n<div><\/div>\n<div class=\"paragraph\"><strong>P4: \u00bfY si los calcetines no me quedan bien o no estoy satisfecho con ellos?<\/strong><\/div>\n<div class=\"paragraph\">A4: La satisfacci\u00f3n del cliente es nuestra prioridad. Si los calcetines no te quedan bien o no est\u00e1s plenamente satisfecho con tu compra, ponte en contacto con nuestro equipo de atenci\u00f3n al cliente en un plazo de 7 d\u00edas desde la recepci\u00f3n para que te los cambiemos o te devolvamos el dinero.<\/div>\n<div><\/div>\n<div class=\"paragraph\"><strong>P5: \u00bfC\u00f3mo elijo la talla adecuada?<\/strong><\/div>\n<div class=\"paragraph\">A5: Nuestros calcetines est\u00e1n dise\u00f1ados con una excelente elasticidad para adaptarse a una amplia gama de tama\u00f1os de pierna. El dise\u00f1o de tubo largo (aproximadamente 46 cm de longitud) garantiza que permanezcan en su sitio y proporcionen una cobertura completa. Si tiene dudas sobre el tallaje, no dude en ponerse en contacto con nuestro servicio de atenci\u00f3n al cliente para recibir asesoramiento personalizado.<\/div>","protected":false},"excerpt":{"rendered":"<p>Eleva tu juego con los calcetines deportivos TLSS. Estas espinilleras de f\u00fatbol de tubo largo est\u00e1n confeccionadas con tejido de alta elasticidad para ofrecer una sujeci\u00f3n y transpirabilidad superiores. Ideales para correr, jugar al f\u00fatbol y otros deportes, proporcionan comodidad y protecci\u00f3n durante los entrenamientos y partidos intensos.<\/p>","protected":false},"featured_media":20372,"comment_status":"open","ping_status":"closed","template":"","meta":{"_kadence_starter_templates_imported_post":false,"_kad_post_transparent":"","_kad_post_title":"","_kad_post_layout":"","_kad_post_sidebar_id":"","_kad_post_content_style":"","_kad_post_vertical_padding":"","_kad_post_feature":"","_kad_post_feature_position":"","_kad_post_header":false,"_kad_post_footer":false},"product_brand":[],"product_cat":[477,490],"product_tag":[492,480,491],"class_list":{"0":"post-20340","1":"product","2":"type-product","3":"status-publish","4":"has-post-thumbnail","6":"product_cat-tlss","7":"product_cat-tlss-socks","8":"product_tag-socks","9":"product_tag-tlss","10":"product_tag-tlss-socks","12":"first","13":"instock","14":"shipping-taxable","15":"purchasable","16":"product-type-variable","17":"has-default-attributes","18":"entry","19":"content-bg","20":"loop-entry"},"aioseo_notices":[],"_links":{"self":[{"href":"https:\/\/www.carbonfiberinsoles.shop\/es\/wp-json\/wp\/v2\/product\/20340","targetHints":{"allow":["GET"]}}],"collection":[{"href":"https:\/\/www.carbonfiberinsoles.shop\/es\/wp-json\/wp\/v2\/product"}],"about":[{"href":"https:\/\/www.carbonfiberinsoles.shop\/es\/wp-json\/wp\/v2\/types\/product"}],"replies":[{"embeddable":true,"href":"https:\/\/www.carbonfiberinsoles.shop\/es\/wp-json\/wp\/v2\/comments?post=20340"}],"version-history":[{"count":0,"href":"https:\/\/www.carbonfiberinsoles.shop\/es\/wp-json\/wp\/v2\/product\/20340\/revisions"}],"wp:featuredmedia":[{"embeddable":true,"href":"https:\/\/www.carbonfiberinsoles.shop\/es\/wp-json\/wp\/v2\/media\/20372"}],"wp:attachment":[{"href":"https:\/\/www.carbonfiberinsoles.shop\/es\/wp-json\/wp\/v2\/media?parent=20340"}],"wp:term":[{"taxonomy":"product_brand","embeddable":true,"href":"https:\/\/www.carbonfiberinsoles.shop\/es\/wp-json\/wp\/v2\/product_brand?post=20340"},{"taxonomy":"product_cat","embeddable":true,"href":"https:\/\/www.carbonfiberinsoles.shop\/es\/wp-json\/wp\/v2\/product_cat?post=20340"},{"taxonomy":"product_tag","embeddable":true,"href":"https:\/\/www.carbonfiberinsoles.shop\/es\/wp-json\/wp\/v2\/product_tag?post=20340"}],"curies":[{"name":"wp","href":"https:\/\/api.w.org\/{rel}","templated":true}]}}