{"id":20964,"date":"2025-08-25T13:16:26","date_gmt":"2025-08-25T13:16:26","guid":{"rendered":"https:\/\/www.carbonfiberinsoles.shop\/?post_type=product&#038;p=20964"},"modified":"2026-03-30T07:57:47","modified_gmt":"2026-03-30T07:57:47","slug":"mens-diabetic-edema-shoes-lightweight-walking-wide-sneakers-plantar-fasciitis-shoes","status":"publish","type":"product","link":"https:\/\/www.carbonfiberinsoles.shop\/es\/producto\/mens-diabetic-edema-shoes-lightweight-walking-wide-sneakers-plantar-fasciitis-shoes\/","title":{"rendered":"Calzado para hombres con edema diab\u00e9tico - Zapatillas anchas y ligeras para caminar"},"content":{"rendered":"<p>F\u00c1CIL DE PONER Y QUITAR - Las correas del antepi\u00e9 son muy ajustables gracias a los cierres, el rango de ajuste es ideal para los cambios en el grado de hinchaz\u00f3n. El uso de los zapatos de dedos redondos de anchura extra puede ayudar a aliviar la presi\u00f3n en pies hinchados, juanetes, edemas, diabetes o dedos en martillo.<br \/>\nLIGHTWEIGHT &amp; COMFORTABLE - Estos zapatos para diab\u00e9ticos son lo suficientemente ligeros y resistentes. La parte superior est\u00e1 hecha de material transpirable, perfecto para todas las estaciones y actividades al aire libre. La parte superior de malla el\u00e1stica se expande con su pie cuando camina. M\u00e1s c\u00f3modo estrechamente ajuste para ayudarle a reducir la irritaci\u00f3n.<br \/>\nSENSACI\u00d3N DE CONFORT ULTIMA - Un dise\u00f1o de colch\u00f3n de aire visible para absorber el impacto, para proporcionar una sensaci\u00f3n indulgente y f\u00e1cil en cada golpe de pie. La plantilla extra\u00edble est\u00e1 acolchada para mayor comodidad y puede acomodar plantillas ortop\u00e9dicas personalizadas o plantillas para diab\u00e9ticos. La suela ligera y resistente proporciona agarre tanto en interiores como en exteriores.<br \/>\nUSUARIO OBJETIVO Y OCASI\u00d3N - Ideal para aquellos que necesitan un estiramiento extra, comodidad y suavidad para acomodar pies hinchados, dedos en martillo, juanetes, fascitis plantar, callos, durezas, osteoartritis, artritis reumatoide, dedos en martillo, neuroma de Morton, edema, demencia, lesiones que involucran tendones, m\u00fasculos y huesos o necesitan un zapato postoperatorio.<br \/>\nACERCA DE NOSOTROS - Nuestros zapatos est\u00e1n dise\u00f1ados biomec\u00e1nicamente con caracter\u00edsticas de comodidad \u00fanicas para ofrecer la mejor soluci\u00f3n para pies sensibles y otras dolencias f\u00edsicas afectadas por problemas en los pies o malas posturas. Nuestra misi\u00f3n es ayudar a hacer la vida m\u00e1s f\u00e1cil para las personas que viven con diabetes y otras enfermedades que afectan a los pies.<\/p>\n<p><img fetchpriority=\"high\" decoding=\"async\" class=\"aligncenter wp-image-20982 size-full\" src=\"http:\/\/www.carbonfiberinsoles.shop\/wp-content\/uploads\/2025\/08\/Mens-Diabetic-Edema-Shoes-Lightweight-Walking-Wide-Sneakers-Plantar-Fasciitis-Shoes-11.jpg\" alt=\"Mens Diabetic Edema Shoes Lightweight Walking Wide Sneakers Plantar Fasciitis Shoes\" width=\"970\" height=\"600\" srcset=\"https:\/\/www.carbonfiberinsoles.shop\/wp-content\/uploads\/2025\/08\/Mens-Diabetic-Edema-Shoes-Lightweight-Walking-Wide-Sneakers-Plantar-Fasciitis-Shoes-11.jpg 970w, https:\/\/www.carbonfiberinsoles.shop\/wp-content\/uploads\/2025\/08\/Mens-Diabetic-Edema-Shoes-Lightweight-Walking-Wide-Sneakers-Plantar-Fasciitis-Shoes-11-430x266.jpg 430w, https:\/\/www.carbonfiberinsoles.shop\/wp-content\/uploads\/2025\/08\/Mens-Diabetic-Edema-Shoes-Lightweight-Walking-Wide-Sneakers-Plantar-Fasciitis-Shoes-11-700x433.jpg 700w, https:\/\/www.carbonfiberinsoles.shop\/wp-content\/uploads\/2025\/08\/Mens-Diabetic-Edema-Shoes-Lightweight-Walking-Wide-Sneakers-Plantar-Fasciitis-Shoes-11-400x247.jpg 400w, https:\/\/www.carbonfiberinsoles.shop\/wp-content\/uploads\/2025\/08\/Mens-Diabetic-Edema-Shoes-Lightweight-Walking-Wide-Sneakers-Plantar-Fasciitis-Shoes-11-768x475.jpg 768w, https:\/\/www.carbonfiberinsoles.shop\/wp-content\/uploads\/2025\/08\/Mens-Diabetic-Edema-Shoes-Lightweight-Walking-Wide-Sneakers-Plantar-Fasciitis-Shoes-11-18x12.jpg 18w\" sizes=\"(max-width: 970px) 100vw, 970px\" \/> <img decoding=\"async\" class=\"aligncenter wp-image-20981 size-full\" src=\"http:\/\/www.carbonfiberinsoles.shop\/wp-content\/uploads\/2025\/08\/Mens-Diabetic-Edema-Shoes-Lightweight-Walking-Wide-Sneakers-Plantar-Fasciitis-Shoes-10.jpg\" alt=\"Mens Diabetic Edema Shoes Lightweight Walking Wide Sneakers Plantar Fasciitis Shoes\" width=\"970\" height=\"600\" srcset=\"https:\/\/www.carbonfiberinsoles.shop\/wp-content\/uploads\/2025\/08\/Mens-Diabetic-Edema-Shoes-Lightweight-Walking-Wide-Sneakers-Plantar-Fasciitis-Shoes-10.jpg 970w, https:\/\/www.carbonfiberinsoles.shop\/wp-content\/uploads\/2025\/08\/Mens-Diabetic-Edema-Shoes-Lightweight-Walking-Wide-Sneakers-Plantar-Fasciitis-Shoes-10-430x266.jpg 430w, https:\/\/www.carbonfiberinsoles.shop\/wp-content\/uploads\/2025\/08\/Mens-Diabetic-Edema-Shoes-Lightweight-Walking-Wide-Sneakers-Plantar-Fasciitis-Shoes-10-700x433.jpg 700w, https:\/\/www.carbonfiberinsoles.shop\/wp-content\/uploads\/2025\/08\/Mens-Diabetic-Edema-Shoes-Lightweight-Walking-Wide-Sneakers-Plantar-Fasciitis-Shoes-10-400x247.jpg 400w, https:\/\/www.carbonfiberinsoles.shop\/wp-content\/uploads\/2025\/08\/Mens-Diabetic-Edema-Shoes-Lightweight-Walking-Wide-Sneakers-Plantar-Fasciitis-Shoes-10-768x475.jpg 768w, https:\/\/www.carbonfiberinsoles.shop\/wp-content\/uploads\/2025\/08\/Mens-Diabetic-Edema-Shoes-Lightweight-Walking-Wide-Sneakers-Plantar-Fasciitis-Shoes-10-18x12.jpg 18w\" sizes=\"(max-width: 970px) 100vw, 970px\" \/> <img decoding=\"async\" class=\"aligncenter wp-image-20983 size-full\" src=\"http:\/\/www.carbonfiberinsoles.shop\/wp-content\/uploads\/2025\/08\/Mens-Diabetic-Edema-Shoes-Lightweight-Walking-Wide-Sneakers-Plantar-Fasciitis-Shoes-12.jpg\" alt=\"Mens Diabetic Edema Shoes Lightweight Walking Wide Sneakers Plantar Fasciitis Shoes\" width=\"970\" height=\"600\" srcset=\"https:\/\/www.carbonfiberinsoles.shop\/wp-content\/uploads\/2025\/08\/Mens-Diabetic-Edema-Shoes-Lightweight-Walking-Wide-Sneakers-Plantar-Fasciitis-Shoes-12.jpg 970w, https:\/\/www.carbonfiberinsoles.shop\/wp-content\/uploads\/2025\/08\/Mens-Diabetic-Edema-Shoes-Lightweight-Walking-Wide-Sneakers-Plantar-Fasciitis-Shoes-12-430x266.jpg 430w, https:\/\/www.carbonfiberinsoles.shop\/wp-content\/uploads\/2025\/08\/Mens-Diabetic-Edema-Shoes-Lightweight-Walking-Wide-Sneakers-Plantar-Fasciitis-Shoes-12-700x433.jpg 700w, https:\/\/www.carbonfiberinsoles.shop\/wp-content\/uploads\/2025\/08\/Mens-Diabetic-Edema-Shoes-Lightweight-Walking-Wide-Sneakers-Plantar-Fasciitis-Shoes-12-400x247.jpg 400w, https:\/\/www.carbonfiberinsoles.shop\/wp-content\/uploads\/2025\/08\/Mens-Diabetic-Edema-Shoes-Lightweight-Walking-Wide-Sneakers-Plantar-Fasciitis-Shoes-12-768x475.jpg 768w, https:\/\/www.carbonfiberinsoles.shop\/wp-content\/uploads\/2025\/08\/Mens-Diabetic-Edema-Shoes-Lightweight-Walking-Wide-Sneakers-Plantar-Fasciitis-Shoes-12-18x12.jpg 18w\" sizes=\"(max-width: 970px) 100vw, 970px\" \/> <img loading=\"lazy\" decoding=\"async\" class=\"aligncenter wp-image-20978 size-full\" src=\"http:\/\/www.carbonfiberinsoles.shop\/wp-content\/uploads\/2025\/08\/Mens-Diabetic-Edema-Shoes-Lightweight-Walking-Wide-Sneakers-Plantar-Fasciitis-Shoes-7.jpg\" alt=\"Mens Diabetic Edema Shoes Lightweight Walking Wide Sneakers Plantar Fasciitis Shoes\" width=\"970\" height=\"600\" srcset=\"https:\/\/www.carbonfiberinsoles.shop\/wp-content\/uploads\/2025\/08\/Mens-Diabetic-Edema-Shoes-Lightweight-Walking-Wide-Sneakers-Plantar-Fasciitis-Shoes-7.jpg 970w, https:\/\/www.carbonfiberinsoles.shop\/wp-content\/uploads\/2025\/08\/Mens-Diabetic-Edema-Shoes-Lightweight-Walking-Wide-Sneakers-Plantar-Fasciitis-Shoes-7-430x266.jpg 430w, https:\/\/www.carbonfiberinsoles.shop\/wp-content\/uploads\/2025\/08\/Mens-Diabetic-Edema-Shoes-Lightweight-Walking-Wide-Sneakers-Plantar-Fasciitis-Shoes-7-700x433.jpg 700w, https:\/\/www.carbonfiberinsoles.shop\/wp-content\/uploads\/2025\/08\/Mens-Diabetic-Edema-Shoes-Lightweight-Walking-Wide-Sneakers-Plantar-Fasciitis-Shoes-7-400x247.jpg 400w, https:\/\/www.carbonfiberinsoles.shop\/wp-content\/uploads\/2025\/08\/Mens-Diabetic-Edema-Shoes-Lightweight-Walking-Wide-Sneakers-Plantar-Fasciitis-Shoes-7-768x475.jpg 768w, https:\/\/www.carbonfiberinsoles.shop\/wp-content\/uploads\/2025\/08\/Mens-Diabetic-Edema-Shoes-Lightweight-Walking-Wide-Sneakers-Plantar-Fasciitis-Shoes-7-18x12.jpg 18w\" sizes=\"(max-width: 970px) 100vw, 970px\" \/><\/p>","protected":false},"excerpt":{"rendered":"<p><strong>Detalles del producto<\/strong><br \/>\nTipo de tejido: 100% Algod\u00f3n<br \/>\nMaterial de la suela: Goma<br \/>\nMaterial exterior: Malla<br \/>\nTipo de cierre: Gancho y bucle<\/p>","protected":false},"featured_media":20988,"comment_status":"open","ping_status":"closed","template":"","meta":{"_kadence_starter_templates_imported_post":false,"_kad_post_transparent":"default","_kad_post_title":"","_kad_post_layout":"default","_kad_post_sidebar_id":"","_kad_post_content_style":"default","_kad_post_vertical_padding":"default","_kad_post_feature":"","_kad_post_feature_position":"","_kad_post_header":false,"_kad_post_footer":false},"product_brand":[],"product_cat":[533,530,532,586],"product_tag":[373,539,538,542,540,541],"class_list":{"0":"post-20964","1":"product","2":"type-product","3":"status-publish","4":"has-post-thumbnail","6":"product_cat-men-diabetic-shoes","7":"product_cat-men-shoes","8":"product_cat-men-walking-shoes","9":"product_cat-recovery-shoes","10":"product_tag-anti-slip-shoes","11":"product_tag-diabetic-edema-shoes","12":"product_tag-plantar-fasciitis-shoes","13":"product_tag-slip-on-shoes","14":"product_tag-walking-shoes","15":"product_tag-wide-shoes","17":"first","18":"instock","19":"shipping-taxable","20":"purchasable","21":"product-type-variable","22":"has-default-attributes","23":"entry","24":"content-bg","25":"loop-entry"},"aioseo_notices":[],"_links":{"self":[{"href":"https:\/\/www.carbonfiberinsoles.shop\/es\/wp-json\/wp\/v2\/product\/20964","targetHints":{"allow":["GET"]}}],"collection":[{"href":"https:\/\/www.carbonfiberinsoles.shop\/es\/wp-json\/wp\/v2\/product"}],"about":[{"href":"https:\/\/www.carbonfiberinsoles.shop\/es\/wp-json\/wp\/v2\/types\/product"}],"replies":[{"embeddable":true,"href":"https:\/\/www.carbonfiberinsoles.shop\/es\/wp-json\/wp\/v2\/comments?post=20964"}],"version-history":[{"count":5,"href":"https:\/\/www.carbonfiberinsoles.shop\/es\/wp-json\/wp\/v2\/product\/20964\/revisions"}],"predecessor-version":[{"id":21576,"href":"https:\/\/www.carbonfiberinsoles.shop\/es\/wp-json\/wp\/v2\/product\/20964\/revisions\/21576"}],"wp:featuredmedia":[{"embeddable":true,"href":"https:\/\/www.carbonfiberinsoles.shop\/es\/wp-json\/wp\/v2\/media\/20988"}],"wp:attachment":[{"href":"https:\/\/www.carbonfiberinsoles.shop\/es\/wp-json\/wp\/v2\/media?parent=20964"}],"wp:term":[{"taxonomy":"product_brand","embeddable":true,"href":"https:\/\/www.carbonfiberinsoles.shop\/es\/wp-json\/wp\/v2\/product_brand?post=20964"},{"taxonomy":"product_cat","embeddable":true,"href":"https:\/\/www.carbonfiberinsoles.shop\/es\/wp-json\/wp\/v2\/product_cat?post=20964"},{"taxonomy":"product_tag","embeddable":true,"href":"https:\/\/www.carbonfiberinsoles.shop\/es\/wp-json\/wp\/v2\/product_tag?post=20964"}],"curies":[{"name":"wp","href":"https:\/\/api.w.org\/{rel}","templated":true}]}}