{"id":21166,"date":"2025-09-01T20:29:58","date_gmt":"2025-09-01T20:29:58","guid":{"rendered":"https:\/\/www.carbonfiberinsoles.shop\/?post_type=product&#038;p=21166"},"modified":"2026-03-30T07:57:35","modified_gmt":"2026-03-30T07:57:35","slug":"womens-diabetic-shoes-extra-wide-edema-shoes-outdoor-walking-sneakers-plantar-fasciitis-shoes","status":"publish","type":"product","link":"https:\/\/www.carbonfiberinsoles.shop\/es\/producto\/womens-diabetic-shoes-extra-wide-edema-shoes-outdoor-walking-sneakers-plantar-fasciitis-shoes\/","title":{"rendered":"Calzado para mujeres con edema diab\u00e9tico - Extra Wide Walking Sneakers"},"content":{"rendered":"<ul class=\"a-unordered-list a-vertical a-spacing-small\">\n<li><span class=\"a-list-item a-size-base a-color-base\">\u3010Comfortable Wide Toe Box Shoes\u3011Nuestros zapatos para mujeres de pies anchos personalizados de material de punto suave proporciona la m\u00e1xima flexibilidad y transpirabilidad. Tejido el\u00e1stico y transpirable superior mantener sus pies sensaci\u00f3n de frescura y prevenci\u00f3n de olores. El dise\u00f1o de la puntera ancha reduce la presi\u00f3n y el impacto del exterior asegurando una comodidad extrema cuando usted usa estos zapatos atl\u00e9ticos. Adecuadas para pies hinchados, pies anchos, dedos en martillo, juanetes, callos, artritis, edema, pie ancho, linfedema, pie de Charcot, etc.<\/span><\/li>\n<li><span class=\"a-list-item a-size-base a-color-base\">\u3010Easy Slip On and Take Off\u3011Diabetic zapatos cuentan con correa de velcro hacer estos zapatos de velcro para mujer es conveniente para poner y quitar f\u00e1cilmente, las mujeres f\u00e1cil deslizamiento en los zapatos se pueden ajustar y apretar a la posici\u00f3n adecuada para asegurar el empeine para caminar estable y c\u00f3modo. Dise\u00f1o de ancho ancho mejorar su comodidad al caminar incluyen una amplia caja de dedo del pie para proteger sus pies contra el impacto. Muy perfectas para la fascitis plantar, alivio del dolor de pies, diabetes, ortopedia, neuropat\u00eda, etc.<\/span><\/li>\n<li><span class=\"a-list-item a-size-base a-color-base\">\u3010Arch Zapatillas de senderismo de apoyo\u3011 Los zapatos para caminar c\u00f3modos para mujer con dise\u00f1o de coj\u00edn de aire proporcionan soporte estable y reducci\u00f3n de impactos. Estas zapatillas de deporte de soporte de arco son perfectas para aquellos que necesitan estar de pie o caminar durante mucho tiempo. Entresuela de aire de 3 pares combinada con plantilla de espuma de memoria para absorci\u00f3n de impactos y se puede reemplazar a voluntad. Llevar\u00e1 sus pies en un c\u00f3modo viaje del d\u00eda a la noche. Perfecto para caminar, ropa deportiva casual, entrenamiento, correr o fitness.<\/span><\/li>\n<li><span class=\"a-list-item a-size-base a-color-base\">\u3010All-Day Comfortable Walking Shoes\u3011Lightweight antideslizante suela de goma con colch\u00f3n de aire que ofrecen para la estabilidad y proporcionar amortiguaci\u00f3n y efecto de apoyo para los pies. Gran tracci\u00f3n y suela de agarre proporcionan una tracci\u00f3n bien en su paso. Adecuado para el trabajo de pie durante mucho tiempo, caminar, yoga, enfermer\u00eda, actividades casuales, ir de compras, viajes, mucho tiempo de pie, conducci\u00f3n.<\/span><\/li>\n<li><span class=\"a-list-item a-size-base a-color-base\">\u3010Color disponible y consejos de cuidado\u3011Estos zapatos podr\u00edan caber todos los pies est\u00e1ndar. Si usted est\u00e1 entre los tama\u00f1os (como el tama\u00f1o 7,5, 8,5, etc) o usar calcetines, por favor consiga el siguiente tama\u00f1o para arriba. Si usted tiene hinchaz\u00f3n grave, le sugerimos que obtenga 1 tama\u00f1o de acuerdo a su situaci\u00f3n pies hinchaz\u00f3n. Estos est\u00e1n dise\u00f1ados espec\u00edficamente para ser extra espacioso y acomodar los pies hinchados. Material de punto suave se recomienda lavar a mano oa m\u00e1quina, muy f\u00e1cil de limpieza diaria y mantenimiento.<\/span><\/li>\n<\/ul>\n<p><img fetchpriority=\"high\" decoding=\"async\" class=\"aligncenter wp-image-21304 size-full\" src=\"http:\/\/www.carbonfiberinsoles.shop\/wp-content\/uploads\/2025\/08\/Diabetic-Shoes-Extra-Wide-Edema-Shoes-11.jpg\" alt=\"Mujeres Hombres Zapatos Diab\u00e9ticos Extra Anchos Zapatos Para Edemas Zapatillas Para Caminar Al Aire Libre Zapatos Para Fascitis Plantar\" width=\"1464\" height=\"600\" srcset=\"https:\/\/www.carbonfiberinsoles.shop\/wp-content\/uploads\/2025\/08\/Diabetic-Shoes-Extra-Wide-Edema-Shoes-11.jpg 1464w, https:\/\/www.carbonfiberinsoles.shop\/wp-content\/uploads\/2025\/08\/Diabetic-Shoes-Extra-Wide-Edema-Shoes-11-400x164.jpg 400w, https:\/\/www.carbonfiberinsoles.shop\/wp-content\/uploads\/2025\/08\/Diabetic-Shoes-Extra-Wide-Edema-Shoes-11-1300x533.jpg 1300w, https:\/\/www.carbonfiberinsoles.shop\/wp-content\/uploads\/2025\/08\/Diabetic-Shoes-Extra-Wide-Edema-Shoes-11-768x315.jpg 768w, https:\/\/www.carbonfiberinsoles.shop\/wp-content\/uploads\/2025\/08\/Diabetic-Shoes-Extra-Wide-Edema-Shoes-11-18x7.jpg 18w, https:\/\/www.carbonfiberinsoles.shop\/wp-content\/uploads\/2025\/08\/Diabetic-Shoes-Extra-Wide-Edema-Shoes-11-430x176.jpg 430w, https:\/\/www.carbonfiberinsoles.shop\/wp-content\/uploads\/2025\/08\/Diabetic-Shoes-Extra-Wide-Edema-Shoes-11-700x287.jpg 700w\" sizes=\"(max-width: 1464px) 100vw, 1464px\" \/> <img decoding=\"async\" class=\"aligncenter wp-image-21302 size-full\" src=\"http:\/\/www.carbonfiberinsoles.shop\/wp-content\/uploads\/2025\/08\/Diabetic-Shoes-Extra-Wide-Edema-Shoes-7.jpg\" alt=\"Mujeres Hombres Zapatos Diab\u00e9ticos Extra Anchos Zapatos Para Edemas Zapatillas Para Caminar Al Aire Libre Zapatos Para Fascitis Plantar\" width=\"1464\" height=\"600\" srcset=\"https:\/\/www.carbonfiberinsoles.shop\/wp-content\/uploads\/2025\/08\/Diabetic-Shoes-Extra-Wide-Edema-Shoes-7.jpg 1464w, https:\/\/www.carbonfiberinsoles.shop\/wp-content\/uploads\/2025\/08\/Diabetic-Shoes-Extra-Wide-Edema-Shoes-7-400x164.jpg 400w, https:\/\/www.carbonfiberinsoles.shop\/wp-content\/uploads\/2025\/08\/Diabetic-Shoes-Extra-Wide-Edema-Shoes-7-1300x533.jpg 1300w, https:\/\/www.carbonfiberinsoles.shop\/wp-content\/uploads\/2025\/08\/Diabetic-Shoes-Extra-Wide-Edema-Shoes-7-768x315.jpg 768w, https:\/\/www.carbonfiberinsoles.shop\/wp-content\/uploads\/2025\/08\/Diabetic-Shoes-Extra-Wide-Edema-Shoes-7-18x7.jpg 18w, https:\/\/www.carbonfiberinsoles.shop\/wp-content\/uploads\/2025\/08\/Diabetic-Shoes-Extra-Wide-Edema-Shoes-7-430x176.jpg 430w, https:\/\/www.carbonfiberinsoles.shop\/wp-content\/uploads\/2025\/08\/Diabetic-Shoes-Extra-Wide-Edema-Shoes-7-700x287.jpg 700w\" sizes=\"(max-width: 1464px) 100vw, 1464px\" \/> <img decoding=\"async\" class=\"aligncenter wp-image-21300 size-full\" src=\"http:\/\/www.carbonfiberinsoles.shop\/wp-content\/uploads\/2025\/08\/Diabetic-Shoes-Extra-Wide-Edema-Shoes-5.jpg\" alt=\"Mujeres Hombres Zapatos Diab\u00e9ticos Extra Anchos Zapatos Para Edemas Zapatillas Para Caminar Al Aire Libre Zapatos Para Fascitis Plantar\" width=\"1464\" height=\"600\" srcset=\"https:\/\/www.carbonfiberinsoles.shop\/wp-content\/uploads\/2025\/08\/Diabetic-Shoes-Extra-Wide-Edema-Shoes-5.jpg 1464w, https:\/\/www.carbonfiberinsoles.shop\/wp-content\/uploads\/2025\/08\/Diabetic-Shoes-Extra-Wide-Edema-Shoes-5-400x164.jpg 400w, https:\/\/www.carbonfiberinsoles.shop\/wp-content\/uploads\/2025\/08\/Diabetic-Shoes-Extra-Wide-Edema-Shoes-5-1300x533.jpg 1300w, https:\/\/www.carbonfiberinsoles.shop\/wp-content\/uploads\/2025\/08\/Diabetic-Shoes-Extra-Wide-Edema-Shoes-5-768x315.jpg 768w, https:\/\/www.carbonfiberinsoles.shop\/wp-content\/uploads\/2025\/08\/Diabetic-Shoes-Extra-Wide-Edema-Shoes-5-18x7.jpg 18w, https:\/\/www.carbonfiberinsoles.shop\/wp-content\/uploads\/2025\/08\/Diabetic-Shoes-Extra-Wide-Edema-Shoes-5-430x176.jpg 430w, https:\/\/www.carbonfiberinsoles.shop\/wp-content\/uploads\/2025\/08\/Diabetic-Shoes-Extra-Wide-Edema-Shoes-5-700x287.jpg 700w\" sizes=\"(max-width: 1464px) 100vw, 1464px\" \/><img loading=\"lazy\" decoding=\"async\" class=\"aligncenter wp-image-21303 size-full\" src=\"http:\/\/www.carbonfiberinsoles.shop\/wp-content\/uploads\/2025\/08\/Diabetic-Shoes-Extra-Wide-Edema-Shoes-10.jpg\" alt=\"Mujeres Hombres Zapatos Diab\u00e9ticos Extra Anchos Zapatos Para Edemas Zapatillas Para Caminar Al Aire Libre Zapatos Para Fascitis Plantar\" width=\"1464\" height=\"600\" srcset=\"https:\/\/www.carbonfiberinsoles.shop\/wp-content\/uploads\/2025\/08\/Diabetic-Shoes-Extra-Wide-Edema-Shoes-10.jpg 1464w, https:\/\/www.carbonfiberinsoles.shop\/wp-content\/uploads\/2025\/08\/Diabetic-Shoes-Extra-Wide-Edema-Shoes-10-400x164.jpg 400w, https:\/\/www.carbonfiberinsoles.shop\/wp-content\/uploads\/2025\/08\/Diabetic-Shoes-Extra-Wide-Edema-Shoes-10-1300x533.jpg 1300w, https:\/\/www.carbonfiberinsoles.shop\/wp-content\/uploads\/2025\/08\/Diabetic-Shoes-Extra-Wide-Edema-Shoes-10-768x315.jpg 768w, https:\/\/www.carbonfiberinsoles.shop\/wp-content\/uploads\/2025\/08\/Diabetic-Shoes-Extra-Wide-Edema-Shoes-10-18x7.jpg 18w, https:\/\/www.carbonfiberinsoles.shop\/wp-content\/uploads\/2025\/08\/Diabetic-Shoes-Extra-Wide-Edema-Shoes-10-430x176.jpg 430w, https:\/\/www.carbonfiberinsoles.shop\/wp-content\/uploads\/2025\/08\/Diabetic-Shoes-Extra-Wide-Edema-Shoes-10-700x287.jpg 700w\" sizes=\"(max-width: 1464px) 100vw, 1464px\" \/><img loading=\"lazy\" decoding=\"async\" class=\"aligncenter wp-image-21321 size-full\" src=\"http:\/\/www.carbonfiberinsoles.shop\/wp-content\/uploads\/2025\/08\/Diabetic-Shoes-Extra-Wide-Edema-Shoes-30.jpg\" alt=\"Mujeres Hombres Zapatos Diab\u00e9ticos Extra Anchos Zapatos Para Edemas Zapatillas Para Caminar Al Aire Libre Zapatos Para Fascitis Plantar\" width=\"1464\" height=\"600\" srcset=\"https:\/\/www.carbonfiberinsoles.shop\/wp-content\/uploads\/2025\/08\/Diabetic-Shoes-Extra-Wide-Edema-Shoes-30.jpg 1464w, https:\/\/www.carbonfiberinsoles.shop\/wp-content\/uploads\/2025\/08\/Diabetic-Shoes-Extra-Wide-Edema-Shoes-30-400x164.jpg 400w, https:\/\/www.carbonfiberinsoles.shop\/wp-content\/uploads\/2025\/08\/Diabetic-Shoes-Extra-Wide-Edema-Shoes-30-1300x533.jpg 1300w, https:\/\/www.carbonfiberinsoles.shop\/wp-content\/uploads\/2025\/08\/Diabetic-Shoes-Extra-Wide-Edema-Shoes-30-768x315.jpg 768w, https:\/\/www.carbonfiberinsoles.shop\/wp-content\/uploads\/2025\/08\/Diabetic-Shoes-Extra-Wide-Edema-Shoes-30-18x7.jpg 18w, https:\/\/www.carbonfiberinsoles.shop\/wp-content\/uploads\/2025\/08\/Diabetic-Shoes-Extra-Wide-Edema-Shoes-30-430x176.jpg 430w, https:\/\/www.carbonfiberinsoles.shop\/wp-content\/uploads\/2025\/08\/Diabetic-Shoes-Extra-Wide-Edema-Shoes-30-700x287.jpg 700w\" sizes=\"(max-width: 1464px) 100vw, 1464px\" \/><\/p>","protected":false},"excerpt":{"rendered":"<p>\u3010Comfortable Wide Toe Box Shoes\u3011Nuestros zapatos para mujeres de pies anchos personalizados de material de punto suave proporciona la m\u00e1xima flexibilidad y transpirabilidad. Tejido el\u00e1stico y transpirable superior mantener sus pies sensaci\u00f3n de frescura y prevenci\u00f3n de olores. El dise\u00f1o de la puntera ancha reduce la presi\u00f3n y el impacto del exterior asegurando una comodidad extrema cuando usted usa estos zapatos atl\u00e9ticos. Adecuadas para...<\/p>","protected":false},"featured_media":21308,"comment_status":"open","ping_status":"closed","template":"","meta":{"_kadence_starter_templates_imported_post":false,"_kad_post_transparent":"default","_kad_post_title":"","_kad_post_layout":"default","_kad_post_sidebar_id":"","_kad_post_content_style":"default","_kad_post_vertical_padding":"default","_kad_post_feature":"","_kad_post_feature_position":"","_kad_post_header":false,"_kad_post_footer":false},"product_brand":[],"product_cat":[570,183,236,549,527,529,531],"product_tag":[535,585,582],"class_list":{"0":"post-21166","1":"product","2":"type-product","3":"status-publish","4":"has-post-thumbnail","6":"product_cat-diabetic-shoes","7":"product_cat-insoles","8":"product_cat-carbon-fiber-insoles-running","9":"product_cat-shoes","10":"product_cat-women-orthopedic-shoes","11":"product_cat-women-shoes","12":"product_cat-women-walking-shoes","13":"product_tag-diabetic-shoes","14":"product_tag-women-orthopedic-shoes","15":"product_tag-women-shoes","17":"first","18":"instock","19":"sale","20":"shipping-taxable","21":"purchasable","22":"product-type-variable","23":"has-default-attributes","24":"entry","25":"content-bg","26":"loop-entry"},"aioseo_notices":[],"_links":{"self":[{"href":"https:\/\/www.carbonfiberinsoles.shop\/es\/wp-json\/wp\/v2\/product\/21166","targetHints":{"allow":["GET"]}}],"collection":[{"href":"https:\/\/www.carbonfiberinsoles.shop\/es\/wp-json\/wp\/v2\/product"}],"about":[{"href":"https:\/\/www.carbonfiberinsoles.shop\/es\/wp-json\/wp\/v2\/types\/product"}],"replies":[{"embeddable":true,"href":"https:\/\/www.carbonfiberinsoles.shop\/es\/wp-json\/wp\/v2\/comments?post=21166"}],"version-history":[{"count":4,"href":"https:\/\/www.carbonfiberinsoles.shop\/es\/wp-json\/wp\/v2\/product\/21166\/revisions"}],"predecessor-version":[{"id":21575,"href":"https:\/\/www.carbonfiberinsoles.shop\/es\/wp-json\/wp\/v2\/product\/21166\/revisions\/21575"}],"wp:featuredmedia":[{"embeddable":true,"href":"https:\/\/www.carbonfiberinsoles.shop\/es\/wp-json\/wp\/v2\/media\/21308"}],"wp:attachment":[{"href":"https:\/\/www.carbonfiberinsoles.shop\/es\/wp-json\/wp\/v2\/media?parent=21166"}],"wp:term":[{"taxonomy":"product_brand","embeddable":true,"href":"https:\/\/www.carbonfiberinsoles.shop\/es\/wp-json\/wp\/v2\/product_brand?post=21166"},{"taxonomy":"product_cat","embeddable":true,"href":"https:\/\/www.carbonfiberinsoles.shop\/es\/wp-json\/wp\/v2\/product_cat?post=21166"},{"taxonomy":"product_tag","embeddable":true,"href":"https:\/\/www.carbonfiberinsoles.shop\/es\/wp-json\/wp\/v2\/product_tag?post=21166"}],"curies":[{"name":"wp","href":"https:\/\/api.w.org\/{rel}","templated":true}]}}