{"id":21326,"date":"2025-09-01T20:59:17","date_gmt":"2025-09-01T20:59:17","guid":{"rendered":"https:\/\/www.carbonfiberinsoles.shop\/?post_type=product&#038;p=21326"},"modified":"2026-03-30T07:57:16","modified_gmt":"2026-03-30T07:57:16","slug":"womens-proven-foot-pain-relief-diabetic-shoes-wide-width-walking-shoes-indoor-outdoor","status":"publish","type":"product","link":"https:\/\/www.carbonfiberinsoles.shop\/es\/producto\/womens-proven-foot-pain-relief-diabetic-shoes-wide-width-walking-shoes-indoor-outdoor\/","title":{"rendered":"Calzado para mujeres diab\u00e9ticas - Ancho ancho Interior\/Exterior"},"content":{"rendered":"<p>F\u00c1CIL DE PONER Y QUITAR - Las correas del antepi\u00e9 son muy ajustables gracias a los cierres, el rango de ajuste es ideal para los cambios en el grado de hinchaz\u00f3n. El uso de este calzado ligero para diab\u00e9ticos puede ayudar a aliviar la presi\u00f3n en pies hinchados, juanetes, edemas, diabetes o dedos en martillo.<br \/>\nANCHURA EXTENDIDA - La puntera ancha ofrece un ajuste c\u00f3modo y sin ataduras, y alivia la presi\u00f3n en los pies sensibles. La parte superior de malla el\u00e1stica transpirable se expande con el pie al caminar, perfecta para todas las estaciones y actividades al aire libre. Ajuste ce\u00f1ido m\u00e1s c\u00f3modo para ayudarte a reducir la irritaci\u00f3n.<br \/>\n3 PARES DE PLANTILLAS DE ESPUMA EXTRA - El dise\u00f1o de profundidad extra con 3 pares de plantillas extra\u00edbles de espuma con memoria proporciona un amplio espacio para plantillas ortop\u00e9dicas hechas a medida. Estas c\u00f3modas plantillas proporcionan un control moderado y apoyo y protecci\u00f3n para los pies hinchados, ofreciendo la mejor soluci\u00f3n y ajuste personalizado para los zapatos diab\u00e9ticos de las mujeres, los pies problem\u00e1ticos.<br \/>\nUSUARIO OBJETIVO Y OCASI\u00d3N - Ideal para aquellos que necesitan un estiramiento extra, comodidad y suavidad para acomodar pies hinchados, dedos en martillo, juanetes, fascitis plantar, callos, durezas, osteoartritis, artritis reumatoide, dedos en martillo, neuroma de Morton, edema, demencia, lesiones que involucran tendones, m\u00fasculos y huesos o necesitan un zapato postoperatorio.<\/p>\n<p><img fetchpriority=\"high\" decoding=\"async\" class=\"aligncenter wp-image-21344 size-full\" src=\"http:\/\/www.carbonfiberinsoles.shop\/wp-content\/uploads\/2025\/08\/Womens-Diabetic-Shoes-Wide-Width-Walking-Shoes-IndoorOutdoor-31_1.jpg\" alt=\"Calzado para diab\u00e9ticos de ancho ancho probado para aliviar el dolor de pies Calzado para caminar en interiores\/exteriores\" width=\"970\" height=\"600\" srcset=\"https:\/\/www.carbonfiberinsoles.shop\/wp-content\/uploads\/2025\/08\/Womens-Diabetic-Shoes-Wide-Width-Walking-Shoes-IndoorOutdoor-31_1.jpg 970w, https:\/\/www.carbonfiberinsoles.shop\/wp-content\/uploads\/2025\/08\/Womens-Diabetic-Shoes-Wide-Width-Walking-Shoes-IndoorOutdoor-31_1-400x247.jpg 400w, https:\/\/www.carbonfiberinsoles.shop\/wp-content\/uploads\/2025\/08\/Womens-Diabetic-Shoes-Wide-Width-Walking-Shoes-IndoorOutdoor-31_1-768x475.jpg 768w, https:\/\/www.carbonfiberinsoles.shop\/wp-content\/uploads\/2025\/08\/Womens-Diabetic-Shoes-Wide-Width-Walking-Shoes-IndoorOutdoor-31_1-18x12.jpg 18w, https:\/\/www.carbonfiberinsoles.shop\/wp-content\/uploads\/2025\/08\/Womens-Diabetic-Shoes-Wide-Width-Walking-Shoes-IndoorOutdoor-31_1-430x266.jpg 430w, https:\/\/www.carbonfiberinsoles.shop\/wp-content\/uploads\/2025\/08\/Womens-Diabetic-Shoes-Wide-Width-Walking-Shoes-IndoorOutdoor-31_1-700x433.jpg 700w\" sizes=\"(max-width: 970px) 100vw, 970px\" \/> <img decoding=\"async\" class=\"aligncenter wp-image-21348 size-full\" src=\"http:\/\/www.carbonfiberinsoles.shop\/wp-content\/uploads\/2025\/08\/Womens-Diabetic-Shoes-Wide-Width-Walking-Shoes-IndoorOutdoor-35.jpg\" alt=\"Calzado para diab\u00e9ticos de ancho ancho probado para aliviar el dolor de pies Calzado para caminar en interiores\/exteriores\" width=\"970\" height=\"600\" srcset=\"https:\/\/www.carbonfiberinsoles.shop\/wp-content\/uploads\/2025\/08\/Womens-Diabetic-Shoes-Wide-Width-Walking-Shoes-IndoorOutdoor-35.jpg 970w, https:\/\/www.carbonfiberinsoles.shop\/wp-content\/uploads\/2025\/08\/Womens-Diabetic-Shoes-Wide-Width-Walking-Shoes-IndoorOutdoor-35-400x247.jpg 400w, https:\/\/www.carbonfiberinsoles.shop\/wp-content\/uploads\/2025\/08\/Womens-Diabetic-Shoes-Wide-Width-Walking-Shoes-IndoorOutdoor-35-768x475.jpg 768w, https:\/\/www.carbonfiberinsoles.shop\/wp-content\/uploads\/2025\/08\/Womens-Diabetic-Shoes-Wide-Width-Walking-Shoes-IndoorOutdoor-35-18x12.jpg 18w, https:\/\/www.carbonfiberinsoles.shop\/wp-content\/uploads\/2025\/08\/Womens-Diabetic-Shoes-Wide-Width-Walking-Shoes-IndoorOutdoor-35-430x266.jpg 430w, https:\/\/www.carbonfiberinsoles.shop\/wp-content\/uploads\/2025\/08\/Womens-Diabetic-Shoes-Wide-Width-Walking-Shoes-IndoorOutdoor-35-700x433.jpg 700w\" sizes=\"(max-width: 970px) 100vw, 970px\" \/> <img decoding=\"async\" class=\"aligncenter wp-image-21334 size-full\" src=\"http:\/\/www.carbonfiberinsoles.shop\/wp-content\/uploads\/2025\/08\/Womens-Diabetic-Shoes-Wide-Width-Walking-Shoes-IndoorOutdoor-21.jpg\" alt=\"Calzado para diab\u00e9ticos de ancho ancho probado para aliviar el dolor de pies Calzado para caminar en interiores\/exteriores\" width=\"970\" height=\"600\" srcset=\"https:\/\/www.carbonfiberinsoles.shop\/wp-content\/uploads\/2025\/08\/Womens-Diabetic-Shoes-Wide-Width-Walking-Shoes-IndoorOutdoor-21.jpg 970w, https:\/\/www.carbonfiberinsoles.shop\/wp-content\/uploads\/2025\/08\/Womens-Diabetic-Shoes-Wide-Width-Walking-Shoes-IndoorOutdoor-21-400x247.jpg 400w, https:\/\/www.carbonfiberinsoles.shop\/wp-content\/uploads\/2025\/08\/Womens-Diabetic-Shoes-Wide-Width-Walking-Shoes-IndoorOutdoor-21-768x475.jpg 768w, https:\/\/www.carbonfiberinsoles.shop\/wp-content\/uploads\/2025\/08\/Womens-Diabetic-Shoes-Wide-Width-Walking-Shoes-IndoorOutdoor-21-18x12.jpg 18w, https:\/\/www.carbonfiberinsoles.shop\/wp-content\/uploads\/2025\/08\/Womens-Diabetic-Shoes-Wide-Width-Walking-Shoes-IndoorOutdoor-21-430x266.jpg 430w, https:\/\/www.carbonfiberinsoles.shop\/wp-content\/uploads\/2025\/08\/Womens-Diabetic-Shoes-Wide-Width-Walking-Shoes-IndoorOutdoor-21-700x433.jpg 700w\" sizes=\"(max-width: 970px) 100vw, 970px\" \/> <img loading=\"lazy\" decoding=\"async\" class=\"aligncenter wp-image-21333 size-full\" src=\"http:\/\/www.carbonfiberinsoles.shop\/wp-content\/uploads\/2025\/08\/Womens-Diabetic-Shoes-Wide-Width-Walking-Shoes-IndoorOutdoor-20.jpg\" alt=\"Calzado para diab\u00e9ticos de ancho ancho probado para aliviar el dolor de pies Calzado para caminar en interiores\/exteriores\" width=\"970\" height=\"600\" srcset=\"https:\/\/www.carbonfiberinsoles.shop\/wp-content\/uploads\/2025\/08\/Womens-Diabetic-Shoes-Wide-Width-Walking-Shoes-IndoorOutdoor-20.jpg 970w, https:\/\/www.carbonfiberinsoles.shop\/wp-content\/uploads\/2025\/08\/Womens-Diabetic-Shoes-Wide-Width-Walking-Shoes-IndoorOutdoor-20-400x247.jpg 400w, https:\/\/www.carbonfiberinsoles.shop\/wp-content\/uploads\/2025\/08\/Womens-Diabetic-Shoes-Wide-Width-Walking-Shoes-IndoorOutdoor-20-768x475.jpg 768w, https:\/\/www.carbonfiberinsoles.shop\/wp-content\/uploads\/2025\/08\/Womens-Diabetic-Shoes-Wide-Width-Walking-Shoes-IndoorOutdoor-20-18x12.jpg 18w, https:\/\/www.carbonfiberinsoles.shop\/wp-content\/uploads\/2025\/08\/Womens-Diabetic-Shoes-Wide-Width-Walking-Shoes-IndoorOutdoor-20-430x266.jpg 430w, https:\/\/www.carbonfiberinsoles.shop\/wp-content\/uploads\/2025\/08\/Womens-Diabetic-Shoes-Wide-Width-Walking-Shoes-IndoorOutdoor-20-700x433.jpg 700w\" sizes=\"(max-width: 970px) 100vw, 970px\" \/><\/p>","protected":false},"excerpt":{"rendered":"<p>F\u00c1CIL DE PONER Y QUITAR - Las correas del antepi\u00e9 son muy ajustables gracias a los cierres, el rango de ajuste es ideal para los cambios en el grado de hinchaz\u00f3n. El uso de este calzado ligero para diab\u00e9ticos puede ayudar a aliviar la presi\u00f3n en pies hinchados, juanetes, edemas, diabetes o dedos en martillo. ANCHURA EXTENDIDA - La amplia puntera ofrece...<\/p>","protected":false},"featured_media":21332,"comment_status":"open","ping_status":"closed","template":"","meta":{"_kadence_starter_templates_imported_post":false,"_kad_post_transparent":"default","_kad_post_title":"","_kad_post_layout":"default","_kad_post_sidebar_id":"","_kad_post_content_style":"default","_kad_post_vertical_padding":"default","_kad_post_feature":"","_kad_post_feature_position":"","_kad_post_header":false,"_kad_post_footer":false},"product_brand":[],"product_cat":[570,533,586,528,529,531],"product_tag":[332,535],"class_list":{"0":"post-21326","1":"product","2":"type-product","3":"status-publish","4":"has-post-thumbnail","6":"product_cat-diabetic-shoes","7":"product_cat-men-diabetic-shoes","8":"product_cat-recovery-shoes","9":"product_cat-women-diabetic-shoes","10":"product_cat-women-shoes","11":"product_cat-women-walking-shoes","12":"product_tag-casual-shoes","13":"product_tag-diabetic-shoes","15":"first","16":"instock","17":"sale","18":"shipping-taxable","19":"purchasable","20":"product-type-variable","21":"has-default-attributes","22":"entry","23":"content-bg","24":"loop-entry"},"aioseo_notices":[],"_links":{"self":[{"href":"https:\/\/www.carbonfiberinsoles.shop\/es\/wp-json\/wp\/v2\/product\/21326","targetHints":{"allow":["GET"]}}],"collection":[{"href":"https:\/\/www.carbonfiberinsoles.shop\/es\/wp-json\/wp\/v2\/product"}],"about":[{"href":"https:\/\/www.carbonfiberinsoles.shop\/es\/wp-json\/wp\/v2\/types\/product"}],"replies":[{"embeddable":true,"href":"https:\/\/www.carbonfiberinsoles.shop\/es\/wp-json\/wp\/v2\/comments?post=21326"}],"version-history":[{"count":3,"href":"https:\/\/www.carbonfiberinsoles.shop\/es\/wp-json\/wp\/v2\/product\/21326\/revisions"}],"predecessor-version":[{"id":21574,"href":"https:\/\/www.carbonfiberinsoles.shop\/es\/wp-json\/wp\/v2\/product\/21326\/revisions\/21574"}],"wp:featuredmedia":[{"embeddable":true,"href":"https:\/\/www.carbonfiberinsoles.shop\/es\/wp-json\/wp\/v2\/media\/21332"}],"wp:attachment":[{"href":"https:\/\/www.carbonfiberinsoles.shop\/es\/wp-json\/wp\/v2\/media?parent=21326"}],"wp:term":[{"taxonomy":"product_brand","embeddable":true,"href":"https:\/\/www.carbonfiberinsoles.shop\/es\/wp-json\/wp\/v2\/product_brand?post=21326"},{"taxonomy":"product_cat","embeddable":true,"href":"https:\/\/www.carbonfiberinsoles.shop\/es\/wp-json\/wp\/v2\/product_cat?post=21326"},{"taxonomy":"product_tag","embeddable":true,"href":"https:\/\/www.carbonfiberinsoles.shop\/es\/wp-json\/wp\/v2\/product_tag?post=21326"}],"curies":[{"name":"wp","href":"https:\/\/api.w.org\/{rel}","templated":true}]}}