{"id":593,"date":"2024-10-07T10:12:13","date_gmt":"2024-10-07T10:12:13","guid":{"rendered":"https:\/\/www.carbonfiberinsoles.shop\/?post_type=product&#038;p=593"},"modified":"2026-03-30T08:02:49","modified_gmt":"2026-03-30T08:02:49","slug":"carbon-fiber-insoles-boost-explosive-power-and-bounce-arch-support-shock-absorption-injury-prevention-alleviate-foot-pain","status":"publish","type":"product","link":"https:\/\/www.carbonfiberinsoles.shop\/es\/producto\/carbon-fiber-insoles-boost-explosive-power-and-bounce-arch-support-shock-absorption-injury-prevention-alleviate-foot-pain\/","title":{"rendered":"Plantillas de fibra de carbono para baloncesto - Aumenta la potencia explosiva"},"content":{"rendered":"<p><strong>Descripci\u00f3n del producto:<\/strong><br \/>\nLibera todo tu potencial atl\u00e9tico con nuestros productos de alto rendimiento <strong>plantillas de fibra de carbono<\/strong>dise\u00f1adas para aumentar la potencia explosiva, mejorar el rebote y proporcionar una sujeci\u00f3n superior del arco. Estos <strong>plantillas de fibra de carbono<\/strong> est\u00e1n dise\u00f1adas para atletas y personas activas que buscan maximizar su rendimiento a la vez que previenen lesiones y alivian el dolor de pies.<\/p>\n<p>Fabricadas con fibra de carbono de primera calidad, estas plantillas ofrecen una excepcional absorci\u00f3n de impactos, ayudando a reducir el impacto en tus pies durante actividades intensas. Ya sea saltando, esprintando o practicando deportes de alto impacto, la construcci\u00f3n ligera y duradera de estas <strong>plantillas de fibra de carbono<\/strong> garantiza un confort y una estabilidad del pie duraderos. El soporte del arco de las plantillas mejora la alineaci\u00f3n del pie, reduciendo la tensi\u00f3n y promoviendo una mejor salud general del pie.<\/p>\n<p>Perfectas para el uso diario o para deportes de alto rendimiento, estas <strong>plantillas de fibra de carbono<\/strong> le ayudan a mantenerse activo, a prevenir lesiones y a recuperarse m\u00e1s r\u00e1pidamente del dolor de pies, al tiempo que mejoran su rendimiento deportivo.<\/p>\n<p>&nbsp;<\/p>\n<p>&nbsp;<\/p>\n<p><img fetchpriority=\"high\" decoding=\"async\" class=\"wp-image-596 size-full aligncenter\" src=\"https:\/\/www.carbonfiberinsoles.shop\/wp-content\/uploads\/2024\/10\/Carbon-Fiber-Insoles-Boost-Explosive-Power-and-Bounce-Arch-Support-Shock-Absorption-Injury-Prevention-Alleviate-Foot-Pain-1-3.png\" alt=\"Plantillas de fibra de carbono - Aumentan la potencia explosiva y el rebote, soporte del arco, absorci\u00f3n de impactos, prevenci\u00f3n de lesiones, alivian el dolor de pies (1\" width=\"720\" height=\"720\" srcset=\"https:\/\/www.carbonfiberinsoles.shop\/wp-content\/uploads\/2024\/10\/Carbon-Fiber-Insoles-Boost-Explosive-Power-and-Bounce-Arch-Support-Shock-Absorption-Injury-Prevention-Alleviate-Foot-Pain-1-3.png 720w, https:\/\/www.carbonfiberinsoles.shop\/wp-content\/uploads\/2024\/10\/Carbon-Fiber-Insoles-Boost-Explosive-Power-and-Bounce-Arch-Support-Shock-Absorption-Injury-Prevention-Alleviate-Foot-Pain-1-3-430x430.png 430w, https:\/\/www.carbonfiberinsoles.shop\/wp-content\/uploads\/2024\/10\/Carbon-Fiber-Insoles-Boost-Explosive-Power-and-Bounce-Arch-Support-Shock-Absorption-Injury-Prevention-Alleviate-Foot-Pain-1-3-100x100.png 100w, https:\/\/www.carbonfiberinsoles.shop\/wp-content\/uploads\/2024\/10\/Carbon-Fiber-Insoles-Boost-Explosive-Power-and-Bounce-Arch-Support-Shock-Absorption-Injury-Prevention-Alleviate-Foot-Pain-1-3-700x700.png 700w, https:\/\/www.carbonfiberinsoles.shop\/wp-content\/uploads\/2024\/10\/Carbon-Fiber-Insoles-Boost-Explosive-Power-and-Bounce-Arch-Support-Shock-Absorption-Injury-Prevention-Alleviate-Foot-Pain-1-3-300x300.png 300w, https:\/\/www.carbonfiberinsoles.shop\/wp-content\/uploads\/2024\/10\/Carbon-Fiber-Insoles-Boost-Explosive-Power-and-Bounce-Arch-Support-Shock-Absorption-Injury-Prevention-Alleviate-Foot-Pain-1-3-150x150.png 150w\" sizes=\"(max-width: 720px) 100vw, 720px\" \/> <img decoding=\"async\" class=\"wp-image-599 size-full aligncenter\" src=\"https:\/\/www.carbonfiberinsoles.shop\/wp-content\/uploads\/2024\/10\/Carbon-Fiber-Insoles-Boost-Explosive-Power-and-Bounce-Arch-Support-Shock-Absorption-Injury-Prevention-Alleviate-Foot-Pain-1-7.png\" alt=\"Plantillas de fibra de carbono - Aumentan la potencia explosiva y el rebote, soporte del arco, absorci\u00f3n de impactos, prevenci\u00f3n de lesiones, alivian el dolor de pies (1\" width=\"750\" height=\"1000\" srcset=\"https:\/\/www.carbonfiberinsoles.shop\/wp-content\/uploads\/2024\/10\/Carbon-Fiber-Insoles-Boost-Explosive-Power-and-Bounce-Arch-Support-Shock-Absorption-Injury-Prevention-Alleviate-Foot-Pain-1-7.png 750w, https:\/\/www.carbonfiberinsoles.shop\/wp-content\/uploads\/2024\/10\/Carbon-Fiber-Insoles-Boost-Explosive-Power-and-Bounce-Arch-Support-Shock-Absorption-Injury-Prevention-Alleviate-Foot-Pain-1-7-430x573.png 430w, https:\/\/www.carbonfiberinsoles.shop\/wp-content\/uploads\/2024\/10\/Carbon-Fiber-Insoles-Boost-Explosive-Power-and-Bounce-Arch-Support-Shock-Absorption-Injury-Prevention-Alleviate-Foot-Pain-1-7-700x933.png 700w, https:\/\/www.carbonfiberinsoles.shop\/wp-content\/uploads\/2024\/10\/Carbon-Fiber-Insoles-Boost-Explosive-Power-and-Bounce-Arch-Support-Shock-Absorption-Injury-Prevention-Alleviate-Foot-Pain-1-7-225x300.png 225w\" sizes=\"(max-width: 750px) 100vw, 750px\" \/><\/p>\n<p><img decoding=\"async\" class=\"aligncenter wp-image-602 size-full\" src=\"https:\/\/www.carbonfiberinsoles.shop\/wp-content\/uploads\/2024\/10\/Carbon-Fiber-Insoles-Boost-Explosive-Power-and-Bounce-Arch-Support-Shock-Absorption-Injury-Prevention-Alleviate-Foot-Pain-1-1.png\" alt=\"Plantillas de fibra de carbono - Aumentan la potencia explosiva y el rebote, soporte del arco, absorci\u00f3n de impactos, prevenci\u00f3n de lesiones, alivian el dolor de pies (1\" width=\"720\" height=\"720\" srcset=\"https:\/\/www.carbonfiberinsoles.shop\/wp-content\/uploads\/2024\/10\/Carbon-Fiber-Insoles-Boost-Explosive-Power-and-Bounce-Arch-Support-Shock-Absorption-Injury-Prevention-Alleviate-Foot-Pain-1-1.png 720w, https:\/\/www.carbonfiberinsoles.shop\/wp-content\/uploads\/2024\/10\/Carbon-Fiber-Insoles-Boost-Explosive-Power-and-Bounce-Arch-Support-Shock-Absorption-Injury-Prevention-Alleviate-Foot-Pain-1-1-430x430.png 430w, https:\/\/www.carbonfiberinsoles.shop\/wp-content\/uploads\/2024\/10\/Carbon-Fiber-Insoles-Boost-Explosive-Power-and-Bounce-Arch-Support-Shock-Absorption-Injury-Prevention-Alleviate-Foot-Pain-1-1-100x100.png 100w, https:\/\/www.carbonfiberinsoles.shop\/wp-content\/uploads\/2024\/10\/Carbon-Fiber-Insoles-Boost-Explosive-Power-and-Bounce-Arch-Support-Shock-Absorption-Injury-Prevention-Alleviate-Foot-Pain-1-1-700x700.png 700w, https:\/\/www.carbonfiberinsoles.shop\/wp-content\/uploads\/2024\/10\/Carbon-Fiber-Insoles-Boost-Explosive-Power-and-Bounce-Arch-Support-Shock-Absorption-Injury-Prevention-Alleviate-Foot-Pain-1-1-300x300.png 300w, https:\/\/www.carbonfiberinsoles.shop\/wp-content\/uploads\/2024\/10\/Carbon-Fiber-Insoles-Boost-Explosive-Power-and-Bounce-Arch-Support-Shock-Absorption-Injury-Prevention-Alleviate-Foot-Pain-1-1-150x150.png 150w\" sizes=\"(max-width: 720px) 100vw, 720px\" \/><\/p>\n<p>&nbsp;<\/p>\n<p><img loading=\"lazy\" decoding=\"async\" class=\"wp-image-519 size-full aligncenter\" src=\"https:\/\/www.carbonfiberinsoles.shop\/wp-content\/uploads\/2024\/09\/Carbon-Fiber-Insoles-for-Men-Women-Shock-Absorbing-Sport-Shoe-Insoles-for-Basketball-Voll-.jpg\" alt=\"Plantillas de Fibra de Carbono para Hombre Mujer, Amortiguaci\u00f3n Plantillas Deportivas para Baloncesto Voll ( (3)\" width=\"970\" height=\"600\" srcset=\"https:\/\/www.carbonfiberinsoles.shop\/wp-content\/uploads\/2024\/09\/Carbon-Fiber-Insoles-for-Men-Women-Shock-Absorbing-Sport-Shoe-Insoles-for-Basketball-Voll-.jpg 970w, https:\/\/www.carbonfiberinsoles.shop\/wp-content\/uploads\/2024\/09\/Carbon-Fiber-Insoles-for-Men-Women-Shock-Absorbing-Sport-Shoe-Insoles-for-Basketball-Voll--430x266.jpg 430w, https:\/\/www.carbonfiberinsoles.shop\/wp-content\/uploads\/2024\/09\/Carbon-Fiber-Insoles-for-Men-Women-Shock-Absorbing-Sport-Shoe-Insoles-for-Basketball-Voll--700x433.jpg 700w, https:\/\/www.carbonfiberinsoles.shop\/wp-content\/uploads\/2024\/09\/Carbon-Fiber-Insoles-for-Men-Women-Shock-Absorbing-Sport-Shoe-Insoles-for-Basketball-Voll--300x186.jpg 300w, https:\/\/www.carbonfiberinsoles.shop\/wp-content\/uploads\/2024\/09\/Carbon-Fiber-Insoles-for-Men-Women-Shock-Absorbing-Sport-Shoe-Insoles-for-Basketball-Voll--768x475.jpg 768w\" sizes=\"(max-width: 970px) 100vw, 970px\" \/><\/p>\n<p>&nbsp;<\/p>\n<p><img loading=\"lazy\" decoding=\"async\" class=\"wp-image-517 size-full aligncenter\" src=\"https:\/\/www.carbonfiberinsoles.shop\/wp-content\/uploads\/2024\/09\/Carbon-Fiber-Insoles-for-Men-Women-Shock-Absorbing-Sport-Shoe-Insoles-for-Basketball-Voll-3.jpg\" alt=\"Plantillas de Fibra de Carbono para Hombre Mujer, Amortiguaci\u00f3n Plantillas Deportivas para Baloncesto Voll ( (3)\" width=\"970\" height=\"600\" srcset=\"https:\/\/www.carbonfiberinsoles.shop\/wp-content\/uploads\/2024\/09\/Carbon-Fiber-Insoles-for-Men-Women-Shock-Absorbing-Sport-Shoe-Insoles-for-Basketball-Voll-3.jpg 970w, https:\/\/www.carbonfiberinsoles.shop\/wp-content\/uploads\/2024\/09\/Carbon-Fiber-Insoles-for-Men-Women-Shock-Absorbing-Sport-Shoe-Insoles-for-Basketball-Voll-3-430x266.jpg 430w, https:\/\/www.carbonfiberinsoles.shop\/wp-content\/uploads\/2024\/09\/Carbon-Fiber-Insoles-for-Men-Women-Shock-Absorbing-Sport-Shoe-Insoles-for-Basketball-Voll-3-700x433.jpg 700w, https:\/\/www.carbonfiberinsoles.shop\/wp-content\/uploads\/2024\/09\/Carbon-Fiber-Insoles-for-Men-Women-Shock-Absorbing-Sport-Shoe-Insoles-for-Basketball-Voll-3-300x186.jpg 300w, https:\/\/www.carbonfiberinsoles.shop\/wp-content\/uploads\/2024\/09\/Carbon-Fiber-Insoles-for-Men-Women-Shock-Absorbing-Sport-Shoe-Insoles-for-Basketball-Voll-3-768x475.jpg 768w\" sizes=\"(max-width: 970px) 100vw, 970px\" \/><\/p>\n<p><img loading=\"lazy\" decoding=\"async\" class=\"wp-image-512 size-large aligncenter\" src=\"https:\/\/www.carbonfiberinsoles.shop\/wp-content\/uploads\/2024\/09\/Gold-Performance-Insoles\u2013Customized-Carbon-Fiber-Inserts-Non-Cleated-Shoes\u2013Basketball-Volleyball-Racquet-Sports-Ru1-1024x239.png\" alt=\"Plantillas Gold Performance-Plantillas personalizadas de fibra de carbono, zapatos sin tacos-Baloncesto, Voleibol, Deportes de raqueta, Ru(1)\" width=\"1024\" height=\"239\" srcset=\"https:\/\/www.carbonfiberinsoles.shop\/wp-content\/uploads\/2024\/09\/Gold-Performance-Insoles\u2013Customized-Carbon-Fiber-Inserts-Non-Cleated-Shoes\u2013Basketball-Volleyball-Racquet-Sports-Ru1-1024x239.png 1024w, https:\/\/www.carbonfiberinsoles.shop\/wp-content\/uploads\/2024\/09\/Gold-Performance-Insoles\u2013Customized-Carbon-Fiber-Inserts-Non-Cleated-Shoes\u2013Basketball-Volleyball-Racquet-Sports-Ru1-430x100.png 430w, https:\/\/www.carbonfiberinsoles.shop\/wp-content\/uploads\/2024\/09\/Gold-Performance-Insoles\u2013Customized-Carbon-Fiber-Inserts-Non-Cleated-Shoes\u2013Basketball-Volleyball-Racquet-Sports-Ru1-700x164.png 700w, https:\/\/www.carbonfiberinsoles.shop\/wp-content\/uploads\/2024\/09\/Gold-Performance-Insoles\u2013Customized-Carbon-Fiber-Inserts-Non-Cleated-Shoes\u2013Basketball-Volleyball-Racquet-Sports-Ru1-300x70.png 300w, https:\/\/www.carbonfiberinsoles.shop\/wp-content\/uploads\/2024\/09\/Gold-Performance-Insoles\u2013Customized-Carbon-Fiber-Inserts-Non-Cleated-Shoes\u2013Basketball-Volleyball-Racquet-Sports-Ru1-768x179.png 768w, https:\/\/www.carbonfiberinsoles.shop\/wp-content\/uploads\/2024\/09\/Gold-Performance-Insoles\u2013Customized-Carbon-Fiber-Inserts-Non-Cleated-Shoes\u2013Basketball-Volleyball-Racquet-Sports-Ru1-1536x359.png 1536w, https:\/\/www.carbonfiberinsoles.shop\/wp-content\/uploads\/2024\/09\/Gold-Performance-Insoles\u2013Customized-Carbon-Fiber-Inserts-Non-Cleated-Shoes\u2013Basketball-Volleyball-Racquet-Sports-Ru1.png 1721w\" sizes=\"(max-width: 1024px) 100vw, 1024px\" \/><\/p>\n<p>&nbsp;<\/p>\n<p data-start=\"479\" data-end=\"853\"><em data-start=\"479\" data-end=\"490\">Visi\u00f3n general:<\/em> Aumente su rendimiento deportivo con nuestras plantillas de fibra de carbono, meticulosamente dise\u00f1adas para mejorar la potencia explosiva y el rebote. Estas plantillas proporcionan un soporte excepcional del arco y absorci\u00f3n de impactos, ayudando en la prevenci\u00f3n de lesiones y aliviando el dolor de pies. Son ideales para atletas que buscan mejorar su rendimiento y comodidad durante actividades de alta intensidad.<\/p>\n<p data-start=\"855\" data-end=\"866\"><em data-start=\"855\" data-end=\"866\">Caracter\u00edsticas:<\/em><\/p>\n<ul data-start=\"867\" data-end=\"1538\">\n<li data-start=\"867\" data-end=\"1025\"><strong data-start=\"869\" data-end=\"900\">Placas de resorte de fibra de carbono:<\/strong> Optimizar la biomec\u00e1nica para aumentar la potencia explosiva y el rebote durante las actividades deportivas.\n<div class=\"relative inline-flex items-center\"><a class=\"ml-1 inline-flex h-[22px] items-center rounded-xl bg-[#f4f4f4] px-2 text-[0.5em] font-medium text-token-text-secondary dark:bg-token-main-surface-secondary !text-token-text-secondary uppercase hover:bg-token-text-primary hover:!text-token-main-surface-secondary dark:hover:bg-token-text-primary group\" href=\"https:\/\/www.insolesus.com\/product\/carbon-fiber-insoles-boost-explosive-power-and-bounce-arch-support-shock-absorption-injury-prevention-alleviate-foot-pain\/?utm_source=chatgpt.com\" target=\"_blank\" rel=\"noopener\"><span class=\"truncate\">plantillasus.com<\/span><\/a><\/div>\n<\/li>\n<li data-start=\"1026\" data-end=\"1187\"><strong data-start=\"1028\" data-end=\"1055\">Arco de soporte ergon\u00f3mico:<\/strong> Proporciona un soporte perfecto del arco basado en la ergonom\u00eda del pie, reduciendo la fatiga y las molestias.\n<div class=\"relative inline-flex items-center\"><a class=\"ml-1 inline-flex h-[22px] items-center rounded-xl bg-[#f4f4f4] px-2 text-[0.5em] font-medium text-token-text-secondary dark:bg-token-main-surface-secondary !text-token-text-secondary uppercase hover:bg-token-text-primary hover:!text-token-main-surface-secondary dark:hover:bg-token-text-primary group\" href=\"https:\/\/www.insolesus.com\/product\/carbon-fiber-insoles-boost-explosive-power-and-bounce-arch-support-shock-absorption-injury-prevention-alleviate-foot-pain\/?utm_source=chatgpt.com\" target=\"_blank\" rel=\"noopener\"><span class=\"truncate\">plantillasus.com<\/span><\/a><\/div>\n<\/li>\n<li data-start=\"1188\" data-end=\"1306\"><strong data-start=\"1190\" data-end=\"1211\">Absorci\u00f3n de impactos:<\/strong> Mitiga el impacto durante las actividades de alta intensidad, mejorando el confort y reduciendo el riesgo de lesiones.<\/li>\n<li data-start=\"1307\" data-end=\"1413\"><strong data-start=\"1309\" data-end=\"1331\">Prevenci\u00f3n de lesiones:<\/strong> Favorece la alineaci\u00f3n y estabilidad del pie, ayudando a prevenir lesiones deportivas comunes.<\/li>\n<li data-start=\"1414\" data-end=\"1538\"><strong data-start=\"1416\" data-end=\"1437\">Alivio del dolor:<\/strong> Dise\u00f1ado para aliviar el dolor de pies asociado a afecciones como la fascitis plantar y la sobrepronaci\u00f3n.<\/li>\n<\/ul>\n<p data-start=\"1540\" data-end=\"1574\"><em data-start=\"1540\" data-end=\"1574\">Por qu\u00e9 deber\u00eda comprar este producto:<\/em><\/p>\n<ul data-start=\"1575\" data-end=\"1934\">\n<li data-start=\"1575\" data-end=\"1699\"><strong data-start=\"1577\" data-end=\"1602\">Rendimiento mejorado:<\/strong> La construcci\u00f3n de fibra de carbono aumenta la potencia explosiva y el rebote, mejorando el rendimiento atl\u00e9tico.<\/li>\n<li data-start=\"1700\" data-end=\"1819\"><strong data-start=\"1702\" data-end=\"1723\">Confort superior:<\/strong> El dise\u00f1o ergon\u00f3mico y la absorci\u00f3n de impactos proporcionan un confort duradero durante las actividades de alta intensidad.<\/li>\n<li data-start=\"1820\" data-end=\"1934\"><strong data-start=\"1822\" data-end=\"1840\">Uso vers\u00e1til:<\/strong> Adecuado para varios deportes, incluyendo correr, baloncesto y otras actividades de alto impacto.<\/li>\n<\/ul>\n<p data-start=\"1936\" data-end=\"1943\"><em data-start=\"1936\" data-end=\"1943\">Preguntas frecuentes:<\/em><\/p>\n<ol data-start=\"1945\" data-end=\"2411\">\n<li data-start=\"1945\" data-end=\"2092\">\n<p data-start=\"1948\" data-end=\"1998\"><strong data-start=\"1948\" data-end=\"1998\">\u00bfSon estas plantillas adecuadas para todo tipo de calzado?<\/strong><\/p>\n<ul data-start=\"2002\" data-end=\"2092\">\n<li data-start=\"2002\" data-end=\"2092\">S\u00ed, su delgado dise\u00f1o permite que se adapten c\u00f3modamente a la mayor\u00eda del calzado deportivo e informal.<\/li>\n<\/ul>\n<\/li>\n<li data-start=\"2094\" data-end=\"2266\">\n<p data-start=\"2097\" data-end=\"2138\"><strong data-start=\"2097\" data-end=\"2138\">\u00bfPueden ayudar con la fascitis plantar?<\/strong><\/p>\n<ul data-start=\"2142\" data-end=\"2266\">\n<li data-start=\"2142\" data-end=\"2266\">S\u00ed, las caracter\u00edsticas de soporte del arco y amortiguaci\u00f3n est\u00e1n dise\u00f1adas para aliviar el dolor de pies asociado a la fascitis plantar.<\/li>\n<\/ul>\n<\/li>\n<li data-start=\"2268\" data-end=\"2411\">\n<p data-start=\"2271\" data-end=\"2304\"><strong data-start=\"2271\" data-end=\"2304\">\u00bfC\u00f3mo se limpian estas plantillas?<\/strong><\/p>\n<ul data-start=\"2308\" data-end=\"2411\">\n<li data-start=\"2308\" data-end=\"2411\">L\u00edmpielos suavemente con un pa\u00f1o h\u00famedo y jab\u00f3n suave. Evita sumergirlos en agua o utilizar productos qu\u00edmicos agresivos.<\/li>\n<\/ul>\n<\/li>\n<\/ol>","protected":false},"excerpt":{"rendered":"<ul class=\"a-unordered-list a-vertical a-spacing-mini\">\n<li class=\"a-spacing-mini\"><strong>Caracter\u00edsticas principales:<\/strong>\n<ul>\n<li><strong>Aumenta la potencia explosiva<\/strong>: Aumenta tu altura de salto y potencia con la respuesta <strong>plantillas de fibra de carbono<\/strong>.<\/li>\n<li><strong>Arco de soporte superior<\/strong>: Proporciona una alineaci\u00f3n \u00f3ptima del pie y reduce la tensi\u00f3n durante las actividades de alto impacto.<\/li>\n<li><strong>Absorci\u00f3n de impactos<\/strong>: Minimiza el impacto del pie, reduciendo el riesgo de lesiones y aliviando el dolor de pies.<\/li>\n<li><strong>Prevenci\u00f3n de lesiones<\/strong>: Dise\u00f1ado para reducir las posibilidades de lesiones deportivas comunes al tiempo que ofrece protecci\u00f3n para los pies.<\/li>\n<li><strong>Duradero y ligero<\/strong>: La estructura de fibra de carbono es resistente y ligera a la vez, lo que garantiza comodidad y sujeci\u00f3n durante todo el d\u00eda.<\/li>\n<\/ul>\n<p>Lleve su juego al siguiente nivel con <strong>plantillas de fibra de carbono<\/strong> que proporcionan la sujeci\u00f3n y el aumento de rendimiento que necesitas. Tanto si eres deportista como si solo buscas m\u00e1s comodidad, estas plantillas te ofrecen una protecci\u00f3n y una potencia inigualables.<\/li>\n<\/ul>","protected":false},"featured_media":596,"comment_status":"open","ping_status":"closed","template":"","meta":{"_kadence_starter_templates_imported_post":false,"_kad_post_transparent":"default","_kad_post_title":"","_kad_post_layout":"default","_kad_post_sidebar_id":"","_kad_post_content_style":"default","_kad_post_vertical_padding":"default","_kad_post_feature":"","_kad_post_feature_position":"","_kad_post_header":false,"_kad_post_footer":false},"product_brand":[],"product_cat":[234,22],"product_tag":[51,49,47,50],"class_list":{"0":"post-593","1":"product","2":"type-product","3":"status-publish","4":"has-post-thumbnail","6":"product_cat-carbon-fibre-insoles-basketball","7":"product_cat-carbon-fiber-insoles","8":"product_tag-carbon-fiber-foot-insoles","9":"product_tag-carbon-fiber-insole","10":"product_tag-carbon-fiber-insoles","11":"product_tag-carbon-fiber-shoe-insoles","12":"pa_us-ca-size-m10-w12","13":"pa_us-ca-size-m5-5-w7-5-245mm","14":"pa_us-ca-size-m6-w8","15":"pa_us-ca-size-m7-5-w9-5-260mm","16":"pa_us-ca-size-m7-w9","17":"pa_us-ca-size-m8-5-w10-5-270mm","18":"pa_us-ca-size-m9-w11","20":"first","21":"instock","22":"shipping-taxable","23":"purchasable","24":"product-type-variable","25":"entry","26":"content-bg","27":"loop-entry"},"aioseo_notices":[],"_links":{"self":[{"href":"https:\/\/www.carbonfiberinsoles.shop\/es\/wp-json\/wp\/v2\/product\/593","targetHints":{"allow":["GET"]}}],"collection":[{"href":"https:\/\/www.carbonfiberinsoles.shop\/es\/wp-json\/wp\/v2\/product"}],"about":[{"href":"https:\/\/www.carbonfiberinsoles.shop\/es\/wp-json\/wp\/v2\/types\/product"}],"replies":[{"embeddable":true,"href":"https:\/\/www.carbonfiberinsoles.shop\/es\/wp-json\/wp\/v2\/comments?post=593"}],"version-history":[{"count":1,"href":"https:\/\/www.carbonfiberinsoles.shop\/es\/wp-json\/wp\/v2\/product\/593\/revisions"}],"predecessor-version":[{"id":21593,"href":"https:\/\/www.carbonfiberinsoles.shop\/es\/wp-json\/wp\/v2\/product\/593\/revisions\/21593"}],"wp:featuredmedia":[{"embeddable":true,"href":"https:\/\/www.carbonfiberinsoles.shop\/es\/wp-json\/wp\/v2\/media\/596"}],"wp:attachment":[{"href":"https:\/\/www.carbonfiberinsoles.shop\/es\/wp-json\/wp\/v2\/media?parent=593"}],"wp:term":[{"taxonomy":"product_brand","embeddable":true,"href":"https:\/\/www.carbonfiberinsoles.shop\/es\/wp-json\/wp\/v2\/product_brand?post=593"},{"taxonomy":"product_cat","embeddable":true,"href":"https:\/\/www.carbonfiberinsoles.shop\/es\/wp-json\/wp\/v2\/product_cat?post=593"},{"taxonomy":"product_tag","embeddable":true,"href":"https:\/\/www.carbonfiberinsoles.shop\/es\/wp-json\/wp\/v2\/product_tag?post=593"}],"curies":[{"name":"wp","href":"https:\/\/api.w.org\/{rel}","templated":true}]}}