{"id":66,"date":"2024-09-25T14:35:20","date_gmt":"2024-09-25T14:35:20","guid":{"rendered":"https:\/\/carbonfiberinsoles.shop\/?post_type=product&#038;p=66"},"modified":"2025-06-07T03:21:18","modified_gmt":"2025-06-07T03:21:18","slug":"carbon-fiber-insoles-1-pair-rigid-insole-insert-for-pain-relief-recovery-of-arthritic-toe-turf-toe-hallux-rigidus-mortons-toe-rigid-foot-support","status":"publish","type":"product","link":"https:\/\/www.carbonfiberinsoles.shop\/es\/producto\/carbon-fiber-insoles-1-pair-rigid-insole-insert-for-pain-relief-recovery-of-arthritic-toe-turf-toe-hallux-rigidus-mortons-toe-rigid-foot-support\/","title":{"rendered":"Plantillas de fibra de carbono Soporte del arco para el alivio del dolor y la recuperaci\u00f3n"},"content":{"rendered":"<div id=\"detailBullets_feature_div\">\n<p>&nbsp;<\/p>\n<div id=\"detailBullets_feature_div\">\n<p>Obtenga el m\u00e1ximo apoyo y alivio con nuestro <strong>plantilla de fibra de carbono<\/strong>, dise\u00f1adas para proporcionar un soporte r\u00edgido del pie a las personas que sufren de dedos artr\u00edticos, dedos de c\u00e9sped, Hallux Rigidus y dedos de Morton. Estas plantillas de alta calidad <strong>plantillas de fibra de carbono<\/strong> est\u00e1n dise\u00f1adas para ayudar a aliviar el dolor y la recuperaci\u00f3n estabilizando el pie, reduciendo la presi\u00f3n en las zonas sensibles y mejorando la alineaci\u00f3n.<\/p>\n<p>Fabricadas con fibra de carbono duradera y ligera, estas plantillas ofrecen una rigidez inigualable, al tiempo que mantienen la comodidad para el uso diario. Tanto si te est\u00e1s recuperando de una lesi\u00f3n como si est\u00e1s tratando una dolencia cr\u00f3nica del pie, las <strong>plantillas de fibra de carbono<\/strong> alivian el dolor y proporcionan el apoyo a largo plazo que sus pies necesitan.<\/p>\n<p>Perfectas para calzado deportivo, botas de trabajo o calzado de diario, estas <strong>plantillas de fibra de carbono<\/strong> son lo suficientemente vers\u00e1tiles como para adaptarse perfectamente a cualquier calzado sin a\u00f1adir volumen innecesario. Tome el control de la salud de sus pies y disfrute de una mayor movilidad con plantillas dise\u00f1adas espec\u00edficamente para reducir el dolor y mejorar la recuperaci\u00f3n.<\/p>\n<\/div>\n<p>&nbsp;<\/p>\n<p><img fetchpriority=\"high\" decoding=\"async\" class=\"wp-image-493 size-full aligncenter\" title=\"Plantillas de fibra de carbono\" src=\"https:\/\/www.carbonfiberinsoles.shop\/wp-content\/uploads\/2024\/10\/Carbon-Fiber-Insoles-1-Pair-Rigid-Insole-Insert-for-Pain-Relief-Recovery-of-Ar-9.jpg\" alt=\"Plantillas de Fibra de Carbono, 1 Par Plantilla R\u00edgida para Alivio del Dolor Recuperaci\u00f3n de Ar ( (2)\" width=\"970\" height=\"600\" srcset=\"https:\/\/www.carbonfiberinsoles.shop\/wp-content\/uploads\/2024\/10\/Carbon-Fiber-Insoles-1-Pair-Rigid-Insole-Insert-for-Pain-Relief-Recovery-of-Ar-9.jpg 970w, https:\/\/www.carbonfiberinsoles.shop\/wp-content\/uploads\/2024\/10\/Carbon-Fiber-Insoles-1-Pair-Rigid-Insole-Insert-for-Pain-Relief-Recovery-of-Ar-9-430x266.jpg 430w, https:\/\/www.carbonfiberinsoles.shop\/wp-content\/uploads\/2024\/10\/Carbon-Fiber-Insoles-1-Pair-Rigid-Insole-Insert-for-Pain-Relief-Recovery-of-Ar-9-700x433.jpg 700w, https:\/\/www.carbonfiberinsoles.shop\/wp-content\/uploads\/2024\/10\/Carbon-Fiber-Insoles-1-Pair-Rigid-Insole-Insert-for-Pain-Relief-Recovery-of-Ar-9-300x186.jpg 300w, https:\/\/www.carbonfiberinsoles.shop\/wp-content\/uploads\/2024\/10\/Carbon-Fiber-Insoles-1-Pair-Rigid-Insole-Insert-for-Pain-Relief-Recovery-of-Ar-9-768x475.jpg 768w\" sizes=\"(max-width: 970px) 100vw, 970px\" \/><\/p>\n<p><img decoding=\"async\" class=\"aligncenter wp-image-494 size-full\" title=\"Plantillas de Fibra de Carbono, 1 Par Plantilla R\u00edgida para Alivio del Dolor Recuperaci\u00f3n de Ar ( (2)\" src=\"https:\/\/www.carbonfiberinsoles.shop\/wp-content\/uploads\/2024\/10\/Carbon-Fiber-Insoles-1-Pair-Rigid-Insole-Insert-for-Pain-Relief-Recovery-of-Ar-10.jpg\" alt=\"Plantillas de Fibra de Carbono, 1 Par Plantilla R\u00edgida para Alivio del Dolor Recuperaci\u00f3n de Ar ( (2)\" width=\"970\" height=\"600\" srcset=\"https:\/\/www.carbonfiberinsoles.shop\/wp-content\/uploads\/2024\/10\/Carbon-Fiber-Insoles-1-Pair-Rigid-Insole-Insert-for-Pain-Relief-Recovery-of-Ar-10.jpg 970w, https:\/\/www.carbonfiberinsoles.shop\/wp-content\/uploads\/2024\/10\/Carbon-Fiber-Insoles-1-Pair-Rigid-Insole-Insert-for-Pain-Relief-Recovery-of-Ar-10-430x266.jpg 430w, https:\/\/www.carbonfiberinsoles.shop\/wp-content\/uploads\/2024\/10\/Carbon-Fiber-Insoles-1-Pair-Rigid-Insole-Insert-for-Pain-Relief-Recovery-of-Ar-10-700x433.jpg 700w, https:\/\/www.carbonfiberinsoles.shop\/wp-content\/uploads\/2024\/10\/Carbon-Fiber-Insoles-1-Pair-Rigid-Insole-Insert-for-Pain-Relief-Recovery-of-Ar-10-300x186.jpg 300w, https:\/\/www.carbonfiberinsoles.shop\/wp-content\/uploads\/2024\/10\/Carbon-Fiber-Insoles-1-Pair-Rigid-Insole-Insert-for-Pain-Relief-Recovery-of-Ar-10-768x475.jpg 768w\" sizes=\"(max-width: 970px) 100vw, 970px\" \/><\/p>\n<p><img decoding=\"async\" class=\"wp-image-606 size-full aligncenter\" src=\"https:\/\/www.carbonfiberinsoles.shop\/wp-content\/uploads\/2024\/09\/Carbon-Fiber-Insoles-1-Pair-Rigid-Insole-Insert-for-Pain-Relief-Recovery-of-Arthritic-Toe-Turf-Toe-Hallux-rigidus2-4.jpg\" alt=\"Plantillas de fibra de carbono, 1 par de plantillas r\u00edgidas para el alivio del dolor y la recuperaci\u00f3n de la artritis del dedo gordo del pie, Hallux rigidus2 (7)\" width=\"970\" height=\"600\" srcset=\"https:\/\/www.carbonfiberinsoles.shop\/wp-content\/uploads\/2024\/09\/Carbon-Fiber-Insoles-1-Pair-Rigid-Insole-Insert-for-Pain-Relief-Recovery-of-Arthritic-Toe-Turf-Toe-Hallux-rigidus2-4.jpg 970w, https:\/\/www.carbonfiberinsoles.shop\/wp-content\/uploads\/2024\/09\/Carbon-Fiber-Insoles-1-Pair-Rigid-Insole-Insert-for-Pain-Relief-Recovery-of-Arthritic-Toe-Turf-Toe-Hallux-rigidus2-4-430x266.jpg 430w, https:\/\/www.carbonfiberinsoles.shop\/wp-content\/uploads\/2024\/09\/Carbon-Fiber-Insoles-1-Pair-Rigid-Insole-Insert-for-Pain-Relief-Recovery-of-Arthritic-Toe-Turf-Toe-Hallux-rigidus2-4-700x433.jpg 700w, https:\/\/www.carbonfiberinsoles.shop\/wp-content\/uploads\/2024\/09\/Carbon-Fiber-Insoles-1-Pair-Rigid-Insole-Insert-for-Pain-Relief-Recovery-of-Arthritic-Toe-Turf-Toe-Hallux-rigidus2-4-300x186.jpg 300w, https:\/\/www.carbonfiberinsoles.shop\/wp-content\/uploads\/2024\/09\/Carbon-Fiber-Insoles-1-Pair-Rigid-Insole-Insert-for-Pain-Relief-Recovery-of-Arthritic-Toe-Turf-Toe-Hallux-rigidus2-4-768x475.jpg 768w\" sizes=\"(max-width: 970px) 100vw, 970px\" \/> <img loading=\"lazy\" decoding=\"async\" class=\"wp-image-608 size-full aligncenter\" src=\"https:\/\/www.carbonfiberinsoles.shop\/wp-content\/uploads\/2024\/09\/Carbon-Fiber-Insoles-1-Pair-Rigid-Insole-Insert-for-Pain-Relief-Recovery-of-Arthritic-Toe-Turf-Toe-Hallux-rigidus2-7.jpg\" alt=\"Plantillas de fibra de carbono, 1 par de plantillas r\u00edgidas para el alivio del dolor y la recuperaci\u00f3n de la artritis del dedo gordo del pie, Hallux rigidus2 (7)\" width=\"970\" height=\"600\" srcset=\"https:\/\/www.carbonfiberinsoles.shop\/wp-content\/uploads\/2024\/09\/Carbon-Fiber-Insoles-1-Pair-Rigid-Insole-Insert-for-Pain-Relief-Recovery-of-Arthritic-Toe-Turf-Toe-Hallux-rigidus2-7.jpg 970w, https:\/\/www.carbonfiberinsoles.shop\/wp-content\/uploads\/2024\/09\/Carbon-Fiber-Insoles-1-Pair-Rigid-Insole-Insert-for-Pain-Relief-Recovery-of-Arthritic-Toe-Turf-Toe-Hallux-rigidus2-7-430x266.jpg 430w, https:\/\/www.carbonfiberinsoles.shop\/wp-content\/uploads\/2024\/09\/Carbon-Fiber-Insoles-1-Pair-Rigid-Insole-Insert-for-Pain-Relief-Recovery-of-Arthritic-Toe-Turf-Toe-Hallux-rigidus2-7-700x433.jpg 700w, https:\/\/www.carbonfiberinsoles.shop\/wp-content\/uploads\/2024\/09\/Carbon-Fiber-Insoles-1-Pair-Rigid-Insole-Insert-for-Pain-Relief-Recovery-of-Arthritic-Toe-Turf-Toe-Hallux-rigidus2-7-300x186.jpg 300w, https:\/\/www.carbonfiberinsoles.shop\/wp-content\/uploads\/2024\/09\/Carbon-Fiber-Insoles-1-Pair-Rigid-Insole-Insert-for-Pain-Relief-Recovery-of-Arthritic-Toe-Turf-Toe-Hallux-rigidus2-7-768x475.jpg 768w\" sizes=\"(max-width: 970px) 100vw, 970px\" \/> <img loading=\"lazy\" decoding=\"async\" class=\"wp-image-607 size-full aligncenter\" src=\"https:\/\/www.carbonfiberinsoles.shop\/wp-content\/uploads\/2024\/09\/Carbon-Fiber-Insoles-1-Pair-Rigid-Insole-Insert-for-Pain-Relief-Recovery-of-Arthritic-Toe-Turf-Toe-Hallux-rigidus2-6.jpg\" alt=\"Plantillas de fibra de carbono, 1 par de plantillas r\u00edgidas para el alivio del dolor y la recuperaci\u00f3n de la artritis del dedo gordo del pie, Hallux rigidus2 (7)\" width=\"970\" height=\"600\" srcset=\"https:\/\/www.carbonfiberinsoles.shop\/wp-content\/uploads\/2024\/09\/Carbon-Fiber-Insoles-1-Pair-Rigid-Insole-Insert-for-Pain-Relief-Recovery-of-Arthritic-Toe-Turf-Toe-Hallux-rigidus2-6.jpg 970w, https:\/\/www.carbonfiberinsoles.shop\/wp-content\/uploads\/2024\/09\/Carbon-Fiber-Insoles-1-Pair-Rigid-Insole-Insert-for-Pain-Relief-Recovery-of-Arthritic-Toe-Turf-Toe-Hallux-rigidus2-6-430x266.jpg 430w, https:\/\/www.carbonfiberinsoles.shop\/wp-content\/uploads\/2024\/09\/Carbon-Fiber-Insoles-1-Pair-Rigid-Insole-Insert-for-Pain-Relief-Recovery-of-Arthritic-Toe-Turf-Toe-Hallux-rigidus2-6-700x433.jpg 700w, https:\/\/www.carbonfiberinsoles.shop\/wp-content\/uploads\/2024\/09\/Carbon-Fiber-Insoles-1-Pair-Rigid-Insole-Insert-for-Pain-Relief-Recovery-of-Arthritic-Toe-Turf-Toe-Hallux-rigidus2-6-300x186.jpg 300w, https:\/\/www.carbonfiberinsoles.shop\/wp-content\/uploads\/2024\/09\/Carbon-Fiber-Insoles-1-Pair-Rigid-Insole-Insert-for-Pain-Relief-Recovery-of-Arthritic-Toe-Turf-Toe-Hallux-rigidus2-6-768x475.jpg 768w\" sizes=\"(max-width: 970px) 100vw, 970px\" \/><img loading=\"lazy\" decoding=\"async\" class=\"wp-image-492 size-full aligncenter\" src=\"https:\/\/www.carbonfiberinsoles.shop\/wp-content\/uploads\/2024\/10\/Carbon-Fiber-Insoles-1-Pair-Rigid-Insole-Insert-for-Pain-Relief-Recovery-of-Ar-8.jpg\" alt=\"Plantillas de Fibra de Carbono, 1 Par Plantilla R\u00edgida para Alivio del Dolor Recuperaci\u00f3n de Ar ( (2)\" width=\"970\" height=\"600\" srcset=\"https:\/\/www.carbonfiberinsoles.shop\/wp-content\/uploads\/2024\/10\/Carbon-Fiber-Insoles-1-Pair-Rigid-Insole-Insert-for-Pain-Relief-Recovery-of-Ar-8.jpg 970w, https:\/\/www.carbonfiberinsoles.shop\/wp-content\/uploads\/2024\/10\/Carbon-Fiber-Insoles-1-Pair-Rigid-Insole-Insert-for-Pain-Relief-Recovery-of-Ar-8-430x266.jpg 430w, https:\/\/www.carbonfiberinsoles.shop\/wp-content\/uploads\/2024\/10\/Carbon-Fiber-Insoles-1-Pair-Rigid-Insole-Insert-for-Pain-Relief-Recovery-of-Ar-8-700x433.jpg 700w, https:\/\/www.carbonfiberinsoles.shop\/wp-content\/uploads\/2024\/10\/Carbon-Fiber-Insoles-1-Pair-Rigid-Insole-Insert-for-Pain-Relief-Recovery-of-Ar-8-300x186.jpg 300w, https:\/\/www.carbonfiberinsoles.shop\/wp-content\/uploads\/2024\/10\/Carbon-Fiber-Insoles-1-Pair-Rigid-Insole-Insert-for-Pain-Relief-Recovery-of-Ar-8-768x475.jpg 768w\" sizes=\"(max-width: 970px) 100vw, 970px\" \/> <img loading=\"lazy\" decoding=\"async\" class=\"wp-image-486 size-full aligncenter\" src=\"https:\/\/www.carbonfiberinsoles.shop\/wp-content\/uploads\/2024\/10\/Carbon-Fiber-Insoles-1-Pair-Rigid-Insole-Insert-for-Pain-Relief-Recovery-of-Ar-2.jpg\" alt=\"Plantillas de Fibra de Carbono, 1 Par Plantilla R\u00edgida para Alivio del Dolor Recuperaci\u00f3n de Ar ( (2)\" width=\"970\" height=\"600\" srcset=\"https:\/\/www.carbonfiberinsoles.shop\/wp-content\/uploads\/2024\/10\/Carbon-Fiber-Insoles-1-Pair-Rigid-Insole-Insert-for-Pain-Relief-Recovery-of-Ar-2.jpg 970w, https:\/\/www.carbonfiberinsoles.shop\/wp-content\/uploads\/2024\/10\/Carbon-Fiber-Insoles-1-Pair-Rigid-Insole-Insert-for-Pain-Relief-Recovery-of-Ar-2-430x266.jpg 430w, https:\/\/www.carbonfiberinsoles.shop\/wp-content\/uploads\/2024\/10\/Carbon-Fiber-Insoles-1-Pair-Rigid-Insole-Insert-for-Pain-Relief-Recovery-of-Ar-2-700x433.jpg 700w, https:\/\/www.carbonfiberinsoles.shop\/wp-content\/uploads\/2024\/10\/Carbon-Fiber-Insoles-1-Pair-Rigid-Insole-Insert-for-Pain-Relief-Recovery-of-Ar-2-300x186.jpg 300w, https:\/\/www.carbonfiberinsoles.shop\/wp-content\/uploads\/2024\/10\/Carbon-Fiber-Insoles-1-Pair-Rigid-Insole-Insert-for-Pain-Relief-Recovery-of-Ar-2-768x475.jpg 768w\" sizes=\"(max-width: 970px) 100vw, 970px\" \/><\/p>\n<\/div>\n<p>&nbsp;<\/p>\n<p data-start=\"359\" data-end=\"682\"><em data-start=\"359\" data-end=\"370\">Visi\u00f3n general:<\/em> Nuestras plantillas de fibra de carbono est\u00e1n meticulosamente dise\u00f1adas para ofrecer un soporte excepcional y aliviar el dolor de pies asociado a afecciones como dedos artr\u00edticos, dedos de c\u00e9sped, hallux rigidus y dedos de Morton. El dise\u00f1o r\u00edgido garantiza un movimiento m\u00ednimo del pie dentro del zapato, lo que favorece una recuperaci\u00f3n m\u00e1s r\u00e1pida y un mayor confort.<\/p>\n<p data-start=\"684\" data-end=\"695\"><em data-start=\"684\" data-end=\"695\">Caracter\u00edsticas:<\/em><\/p>\n<ul data-start=\"696\" data-end=\"1193\">\n<li data-start=\"696\" data-end=\"855\"><strong data-start=\"698\" data-end=\"711\">Material:<\/strong> Fabricado en fibra de carbono de alta calidad, conocida por sus propiedades ligeras pero robustas, que garantizan la durabilidad sin a\u00f1adir peso innecesario.<\/li>\n<li data-start=\"856\" data-end=\"968\"><strong data-start=\"858\" data-end=\"869\">Dise\u00f1o:<\/strong> Su estructura r\u00edgida minimiza la flexi\u00f3n del pie, proporcionando estabilidad y reduciendo la tensi\u00f3n en las zonas afectadas.<\/li>\n<li data-start=\"969\" data-end=\"1104\"><strong data-start=\"971\" data-end=\"989\">Compatibilidad:<\/strong> Adecuadas para varios tipos de calzado, incluidos los deportivos, informales y de vestir, lo que las hace vers\u00e1tiles para el uso diario.<\/li>\n<li data-start=\"1105\" data-end=\"1193\"><strong data-start=\"1107\" data-end=\"1117\">Tallas:<\/strong> Disponible en varias tallas para adaptarse tanto al calzado masculino como al femenino.<\/li>\n<\/ul>\n<p data-start=\"1195\" data-end=\"1229\"><em data-start=\"1195\" data-end=\"1229\">Por qu\u00e9 deber\u00eda comprar este producto:<\/em><\/p>\n<ul data-start=\"1230\" data-end=\"1760\">\n<li data-start=\"1230\" data-end=\"1368\"><strong data-start=\"1232\" data-end=\"1248\">Alivio del dolor:<\/strong> Reduce eficazmente las molestias de las dolencias comunes de los pies limitando los movimientos perjudiciales y proporcionando el apoyo necesario.<\/li>\n<li data-start=\"1369\" data-end=\"1506\"><strong data-start=\"1371\" data-end=\"1396\">Rendimiento mejorado:<\/strong> Ideal para atletas y personas activas que desean mantener su nivel de actividad al tiempo que tratan las afecciones de los pies.<\/li>\n<li data-start=\"1507\" data-end=\"1632\"><strong data-start=\"1509\" data-end=\"1534\">Construcci\u00f3n duradera:<\/strong> La fibra de carbono garantiza la longevidad, haciendo de estas plantillas una soluci\u00f3n rentable para un uso a largo plazo.<\/li>\n<li data-start=\"1633\" data-end=\"1760\"><strong data-start=\"1635\" data-end=\"1659\">Confort ligero:<\/strong> A pesar de su rigidez, las plantillas son ligeras, por lo que no a\u00f1aden volumen al calzado.<\/li>\n<\/ul>\n<p data-start=\"1762\" data-end=\"1769\"><em data-start=\"1762\" data-end=\"1769\">Preguntas frecuentes:<\/em><\/p>\n<ol data-start=\"1771\" data-end=\"2420\">\n<li data-start=\"1771\" data-end=\"1902\">\n<p data-start=\"1774\" data-end=\"1820\"><strong data-start=\"1774\" data-end=\"1820\">\u00bfSon adecuadas estas plantillas para el uso diario?<\/strong><\/p>\n<ul data-start=\"1824\" data-end=\"1902\">\n<li data-start=\"1824\" data-end=\"1902\">S\u00ed, est\u00e1n dise\u00f1adas para el uso diario y se adaptan c\u00f3modamente a la mayor\u00eda de tipos de calzado.<\/li>\n<\/ul>\n<\/li>\n<li data-start=\"1904\" data-end=\"2107\">\n<p data-start=\"1907\" data-end=\"1957\"><strong data-start=\"1907\" data-end=\"1957\">\u00bfPueden estas plantillas ayudar con la fascitis plantar?<\/strong><\/p>\n<ul data-start=\"1961\" data-end=\"2107\">\n<li data-start=\"1961\" data-end=\"2107\">Aunque est\u00e1 dise\u00f1ado principalmente para afecciones como el dedo de c\u00e9sped y el hallux rigidus, el soporte r\u00edgido tambi\u00e9n puede beneficiar a las personas con fascitis plantar.<\/li>\n<\/ul>\n<\/li>\n<li data-start=\"2109\" data-end=\"2256\">\n<p data-start=\"2112\" data-end=\"2156\"><strong data-start=\"2112\" data-end=\"2156\">\u00bfC\u00f3mo se limpian y mantienen las plantillas?<\/strong><\/p>\n<ul data-start=\"2160\" data-end=\"2256\">\n<li data-start=\"2160\" data-end=\"2256\">L\u00edmpialos con un pa\u00f1o h\u00famedo y jab\u00f3n suave. Evita sumergirlos en agua o utilizar productos qu\u00edmicos agresivos.<\/li>\n<\/ul>\n<\/li>\n<li data-start=\"2258\" data-end=\"2420\">\n<p data-start=\"2261\" data-end=\"2311\"><strong data-start=\"2261\" data-end=\"2311\">\u00bfTengo que recortar las plantillas para adaptarlas a mis zapatos?<\/strong><\/p>\n<ul data-start=\"2315\" data-end=\"2420\">\n<li data-start=\"2315\" data-end=\"2420\">Vienen en tallas espec\u00edficas; sin embargo, pueden recortarse ligeramente si es necesario para lograr un ajuste perfecto.<\/li>\n<\/ul>\n<\/li>\n<\/ol>","protected":false},"excerpt":{"rendered":"<ul class=\"a-unordered-list a-vertical a-spacing-mini\">\n<li class=\"a-spacing-mini\"><strong>Caracter\u00edsticas principales:<\/strong>\n<ul>\n<li><strong>Soporte r\u00edgido de fibra de carbono<\/strong>: Estabiliza el pie y reduce la presi\u00f3n para aliviar el dolor y acelerar la recuperaci\u00f3n.<\/li>\n<li><strong>Alivio del dolor de pies<\/strong>: Ideal para el tratamiento de dedos artr\u00edticos, dedos de c\u00e9sped, Hallux Rigidus y dedos de Morton.<\/li>\n<li><strong>Duradero y ligero<\/strong>: La construcci\u00f3n de fibra de carbono de alta calidad proporciona un soporte fuerte pero ligero.<\/li>\n<li><strong>Uso vers\u00e1til<\/strong>: Adecuado para calzado deportivo, botas de trabajo y calzado de uso diario.<\/li>\n<li><strong>Mejora la movilidad<\/strong>: Te ayuda a moverte con mayor comodidad al favorecer la alineaci\u00f3n del pie y reducir las molestias.<\/li>\n<\/ul>\n<p>D\u00e9 hoy mismo el primer paso para caminar sin dolor con nuestro\u00a0<strong>plantillas de fibra de carbono<\/strong>\u00a0dise\u00f1ado para ofrecer el m\u00e1ximo confort y alivio<\/li>\n<\/ul>","protected":false},"featured_media":605,"comment_status":"open","ping_status":"closed","template":"","meta":{"_kadence_starter_templates_imported_post":false,"_kad_post_transparent":"default","_kad_post_title":"","_kad_post_layout":"default","_kad_post_sidebar_id":"","_kad_post_content_style":"default","_kad_post_vertical_padding":"default","_kad_post_feature":"","_kad_post_feature_position":"","_kad_post_header":false,"_kad_post_footer":false},"product_brand":[],"product_cat":[234,22,237,236,238],"product_tag":[51,47,50,48],"class_list":{"0":"post-66","1":"product","2":"type-product","3":"status-publish","4":"has-post-thumbnail","6":"product_cat-carbon-fibre-insoles-basketball","7":"product_cat-carbon-fiber-insoles","8":"product_cat-carbon-fiber-medical-insoles","9":"product_cat-carbon-fiber-insoles-running","10":"product_cat-carbon-fiber-insoles-walking-and-hiking","11":"product_tag-carbon-fiber-foot-insoles","12":"product_tag-carbon-fiber-insoles","13":"product_tag-carbon-fiber-shoe-insoles","14":"product_tag-insoles","15":"pa_us-ca-size-m1-w3-200mm","16":"pa_us-ca-size-m2-w4-210mm","17":"pa_us-ca-size-m3-5-w5-5-225mm","18":"pa_us-ca-size-m3-w5","19":"pa_us-ca-size-m4-5-w6-5-235mm","20":"pa_us-ca-size-m4-w6","21":"pa_us-ca-size-m5-5-w7-5-245mm","22":"pa_us-ca-size-m5-w7","23":"pa_us-ca-size-m6-w8","24":"pa_us-ca-size-m7-5-w9-5-260mm","25":"pa_us-ca-size-m7-w9","26":"pa_us-ca-size-m8-5-w10-5-270mm","27":"pa_us-ca-size-m8-w10","29":"first","30":"instock","31":"sale","32":"shipping-taxable","33":"purchasable","34":"product-type-variable","35":"entry","36":"content-bg","37":"loop-entry"},"aioseo_notices":[],"_links":{"self":[{"href":"https:\/\/www.carbonfiberinsoles.shop\/es\/wp-json\/wp\/v2\/product\/66","targetHints":{"allow":["GET"]}}],"collection":[{"href":"https:\/\/www.carbonfiberinsoles.shop\/es\/wp-json\/wp\/v2\/product"}],"about":[{"href":"https:\/\/www.carbonfiberinsoles.shop\/es\/wp-json\/wp\/v2\/types\/product"}],"replies":[{"embeddable":true,"href":"https:\/\/www.carbonfiberinsoles.shop\/es\/wp-json\/wp\/v2\/comments?post=66"}],"version-history":[{"count":0,"href":"https:\/\/www.carbonfiberinsoles.shop\/es\/wp-json\/wp\/v2\/product\/66\/revisions"}],"wp:featuredmedia":[{"embeddable":true,"href":"https:\/\/www.carbonfiberinsoles.shop\/es\/wp-json\/wp\/v2\/media\/605"}],"wp:attachment":[{"href":"https:\/\/www.carbonfiberinsoles.shop\/es\/wp-json\/wp\/v2\/media?parent=66"}],"wp:term":[{"taxonomy":"product_brand","embeddable":true,"href":"https:\/\/www.carbonfiberinsoles.shop\/es\/wp-json\/wp\/v2\/product_brand?post=66"},{"taxonomy":"product_cat","embeddable":true,"href":"https:\/\/www.carbonfiberinsoles.shop\/es\/wp-json\/wp\/v2\/product_cat?post=66"},{"taxonomy":"product_tag","embeddable":true,"href":"https:\/\/www.carbonfiberinsoles.shop\/es\/wp-json\/wp\/v2\/product_tag?post=66"}],"curies":[{"name":"wp","href":"https:\/\/api.w.org\/{rel}","templated":true}]}}