{"id":159,"date":"2024-09-27T13:36:48","date_gmt":"2024-09-27T13:36:48","guid":{"rendered":"https:\/\/carbonfiberinsoles.shop\/?post_type=product&#038;p=159"},"modified":"2025-09-03T19:06:10","modified_gmt":"2025-09-03T19:06:10","slug":"gold-performance-insoles-customized-carbon-fiber-insoles-non-cleated-shoes-basketball-volleyball-racquet-sports-running-more-run-faster-jump-higher-recover-quicker-pro","status":"publish","type":"product","link":"https:\/\/www.carbonfiberinsoles.shop\/fr\/produit\/gold-performance-insoles-customized-carbon-fiber-insoles-non-cleated-shoes-basketball-volleyball-racquet-sports-running-more-run-faster-jump-higher-recover-quicker-pro\/","title":{"rendered":"Semelles en fibre de carbone Gold Performance"},"content":{"rendered":"<p>Am\u00e9liorez vos performances avec <strong>Semelles en fibre de carbone Gold Performance<\/strong>Les chaussures \u00e0 semelles antid\u00e9rapantes sont con\u00e7ues pour \u00eatre adapt\u00e9es aux chaussures sans semelles antid\u00e9rapantes. Con\u00e7ues pour am\u00e9liorer la vitesse, augmenter la hauteur des sauts et acc\u00e9l\u00e9rer la r\u00e9cup\u00e9ration, ces chaussures de haute performance ont \u00e9t\u00e9 con\u00e7ues pour \u00eatre utilis\u00e9es dans le cadre d'un programme d'entra\u00eenement. <strong>semelles en fibre de carbone<\/strong> sont parfaits pour les athl\u00e8tes pratiquant le basket-ball, le volley-ball, les sports de raquette, la course \u00e0 pied, etc.<\/p>\n<p>Fabriqu\u00e9es en fibre de carbone de premi\u00e8re qualit\u00e9, ces semelles offrent une r\u00e9sistance et une flexibilit\u00e9 in\u00e9gal\u00e9es tout en restant incroyablement l\u00e9g\u00e8res. L'ajustement personnalis\u00e9 offre un soutien sup\u00e9rieur de la vo\u00fbte plantaire, garantissant le confort et la stabilit\u00e9 de vos pieds lors d'activit\u00e9s intenses. Avec ces <strong>semelles en fibre de carbone<\/strong>Avec la chaussure de sport, vous b\u00e9n\u00e9ficiez d'un meilleur retour d'\u00e9nergie, d'un meilleur alignement du pied et d'une r\u00e9duction de la pression sur les zones cl\u00e9s, ce qui vous permet d'\u00eatre au top de vos performances.<\/p>\n<p>Que vous cherchiez \u00e0 courir plus vite, \u00e0 sauter plus haut ou \u00e0 r\u00e9cup\u00e9rer plus rapidement apr\u00e8s des s\u00e9ances d'entra\u00eenement intenses, ces <strong>semelles en fibre de carbone<\/strong> sont la cl\u00e9 qui vous permettra de lib\u00e9rer tout votre potentiel. Con\u00e7ues pour les athl\u00e8tes qui exigent le meilleur, ces semelles am\u00e9lioreront vos performances sur le court, le terrain ou la piste.<\/p>\n<p>&nbsp;<\/p>\n<p><img fetchpriority=\"high\" decoding=\"async\" class=\"wp-image-509 size-full aligncenter\" src=\"https:\/\/www.carbonfiberinsoles.shop\/wp-content\/uploads\/2024\/09\/Gold-Performance-Insoles\u2013Customized-Carbon-Fiber-Inserts-Non-Cleated-Shoes\u2013Basketball-Volleyball-Racquet-Sports-Running-Mo-15.jpg\" alt=\"Semelles Gold Performance - Semelles en fibre de carbone personnalis\u00e9es, chaussures sans crampons - basket-ball, volley-ball, sports de raquette, course \u00e0 pied et mo ( (3)\" width=\"720\" height=\"720\" srcset=\"https:\/\/www.carbonfiberinsoles.shop\/wp-content\/uploads\/2024\/09\/Gold-Performance-Insoles\u2013Customized-Carbon-Fiber-Inserts-Non-Cleated-Shoes\u2013Basketball-Volleyball-Racquet-Sports-Running-Mo-15.jpg 720w, https:\/\/www.carbonfiberinsoles.shop\/wp-content\/uploads\/2024\/09\/Gold-Performance-Insoles\u2013Customized-Carbon-Fiber-Inserts-Non-Cleated-Shoes\u2013Basketball-Volleyball-Racquet-Sports-Running-Mo-15-430x430.jpg 430w, https:\/\/www.carbonfiberinsoles.shop\/wp-content\/uploads\/2024\/09\/Gold-Performance-Insoles\u2013Customized-Carbon-Fiber-Inserts-Non-Cleated-Shoes\u2013Basketball-Volleyball-Racquet-Sports-Running-Mo-15-100x100.jpg 100w, https:\/\/www.carbonfiberinsoles.shop\/wp-content\/uploads\/2024\/09\/Gold-Performance-Insoles\u2013Customized-Carbon-Fiber-Inserts-Non-Cleated-Shoes\u2013Basketball-Volleyball-Racquet-Sports-Running-Mo-15-700x700.jpg 700w, https:\/\/www.carbonfiberinsoles.shop\/wp-content\/uploads\/2024\/09\/Gold-Performance-Insoles\u2013Customized-Carbon-Fiber-Inserts-Non-Cleated-Shoes\u2013Basketball-Volleyball-Racquet-Sports-Running-Mo-15-300x300.jpg 300w, https:\/\/www.carbonfiberinsoles.shop\/wp-content\/uploads\/2024\/09\/Gold-Performance-Insoles\u2013Customized-Carbon-Fiber-Inserts-Non-Cleated-Shoes\u2013Basketball-Volleyball-Racquet-Sports-Running-Mo-15-150x150.jpg 150w\" sizes=\"(max-width: 720px) 100vw, 720px\" \/> <img decoding=\"async\" class=\"wp-image-497 size-full aligncenter\" src=\"https:\/\/www.carbonfiberinsoles.shop\/wp-content\/uploads\/2024\/09\/Gold-Performance-Insoles\u2013Customized-Carbon-Fiber-Inserts-Non-Cleated-Shoes\u2013Basketball-Volleyball-Racquet-Sports-Running-Mo-3.jpg\" alt=\"Semelles Gold Performance - Semelles en fibre de carbone personnalis\u00e9es, chaussures sans crampons - basket-ball, volley-ball, sports de raquette, course \u00e0 pied et mo ( (3)\" width=\"800\" height=\"800\" srcset=\"https:\/\/www.carbonfiberinsoles.shop\/wp-content\/uploads\/2024\/09\/Gold-Performance-Insoles\u2013Customized-Carbon-Fiber-Inserts-Non-Cleated-Shoes\u2013Basketball-Volleyball-Racquet-Sports-Running-Mo-3.jpg 800w, https:\/\/www.carbonfiberinsoles.shop\/wp-content\/uploads\/2024\/09\/Gold-Performance-Insoles\u2013Customized-Carbon-Fiber-Inserts-Non-Cleated-Shoes\u2013Basketball-Volleyball-Racquet-Sports-Running-Mo-3-430x430.jpg 430w, https:\/\/www.carbonfiberinsoles.shop\/wp-content\/uploads\/2024\/09\/Gold-Performance-Insoles\u2013Customized-Carbon-Fiber-Inserts-Non-Cleated-Shoes\u2013Basketball-Volleyball-Racquet-Sports-Running-Mo-3-100x100.jpg 100w, https:\/\/www.carbonfiberinsoles.shop\/wp-content\/uploads\/2024\/09\/Gold-Performance-Insoles\u2013Customized-Carbon-Fiber-Inserts-Non-Cleated-Shoes\u2013Basketball-Volleyball-Racquet-Sports-Running-Mo-3-700x700.jpg 700w, https:\/\/www.carbonfiberinsoles.shop\/wp-content\/uploads\/2024\/09\/Gold-Performance-Insoles\u2013Customized-Carbon-Fiber-Inserts-Non-Cleated-Shoes\u2013Basketball-Volleyball-Racquet-Sports-Running-Mo-3-300x300.jpg 300w, https:\/\/www.carbonfiberinsoles.shop\/wp-content\/uploads\/2024\/09\/Gold-Performance-Insoles\u2013Customized-Carbon-Fiber-Inserts-Non-Cleated-Shoes\u2013Basketball-Volleyball-Racquet-Sports-Running-Mo-3-150x150.jpg 150w, https:\/\/www.carbonfiberinsoles.shop\/wp-content\/uploads\/2024\/09\/Gold-Performance-Insoles\u2013Customized-Carbon-Fiber-Inserts-Non-Cleated-Shoes\u2013Basketball-Volleyball-Racquet-Sports-Running-Mo-3-768x768.jpg 768w\" sizes=\"(max-width: 800px) 100vw, 800px\" \/> <img decoding=\"async\" class=\"wp-image-498 size-full aligncenter\" src=\"https:\/\/www.carbonfiberinsoles.shop\/wp-content\/uploads\/2024\/09\/Gold-Performance-Insoles\u2013Customized-Carbon-Fiber-Inserts-Non-Cleated-Shoes\u2013Basketball-Volleyball-Racquet-Sports-Running-Mo-4.jpg\" alt=\"Semelles Gold Performance - Semelles en fibre de carbone personnalis\u00e9es, chaussures sans crampons - basket-ball, volley-ball, sports de raquette, course \u00e0 pied et mo ( (3)\" width=\"800\" height=\"902\" srcset=\"https:\/\/www.carbonfiberinsoles.shop\/wp-content\/uploads\/2024\/09\/Gold-Performance-Insoles\u2013Customized-Carbon-Fiber-Inserts-Non-Cleated-Shoes\u2013Basketball-Volleyball-Racquet-Sports-Running-Mo-4.jpg 800w, https:\/\/www.carbonfiberinsoles.shop\/wp-content\/uploads\/2024\/09\/Gold-Performance-Insoles\u2013Customized-Carbon-Fiber-Inserts-Non-Cleated-Shoes\u2013Basketball-Volleyball-Racquet-Sports-Running-Mo-4-430x485.jpg 430w, https:\/\/www.carbonfiberinsoles.shop\/wp-content\/uploads\/2024\/09\/Gold-Performance-Insoles\u2013Customized-Carbon-Fiber-Inserts-Non-Cleated-Shoes\u2013Basketball-Volleyball-Racquet-Sports-Running-Mo-4-700x789.jpg 700w, https:\/\/www.carbonfiberinsoles.shop\/wp-content\/uploads\/2024\/09\/Gold-Performance-Insoles\u2013Customized-Carbon-Fiber-Inserts-Non-Cleated-Shoes\u2013Basketball-Volleyball-Racquet-Sports-Running-Mo-4-266x300.jpg 266w, https:\/\/www.carbonfiberinsoles.shop\/wp-content\/uploads\/2024\/09\/Gold-Performance-Insoles\u2013Customized-Carbon-Fiber-Inserts-Non-Cleated-Shoes\u2013Basketball-Volleyball-Racquet-Sports-Running-Mo-4-768x866.jpg 768w\" sizes=\"(max-width: 800px) 100vw, 800px\" \/> <img loading=\"lazy\" decoding=\"async\" class=\"wp-image-499 size-large aligncenter\" src=\"https:\/\/www.carbonfiberinsoles.shop\/wp-content\/uploads\/2024\/09\/Gold-Performance-Insoles\u2013Customized-Carbon-Fiber-Inserts-Non-Cleated-Shoes\u2013Basketball-Volleyball-Racquet-Sports-Running-Mo-5-690x1024.jpg\" alt=\"Semelles Gold Performance - Semelles en fibre de carbone personnalis\u00e9es, chaussures sans crampons - basket-ball, volley-ball, sports de raquette, course \u00e0 pied et mo ( (3)\" width=\"690\" height=\"1024\" srcset=\"https:\/\/www.carbonfiberinsoles.shop\/wp-content\/uploads\/2024\/09\/Gold-Performance-Insoles\u2013Customized-Carbon-Fiber-Inserts-Non-Cleated-Shoes\u2013Basketball-Volleyball-Racquet-Sports-Running-Mo-5-690x1024.jpg 690w, https:\/\/www.carbonfiberinsoles.shop\/wp-content\/uploads\/2024\/09\/Gold-Performance-Insoles\u2013Customized-Carbon-Fiber-Inserts-Non-Cleated-Shoes\u2013Basketball-Volleyball-Racquet-Sports-Running-Mo-5-430x639.jpg 430w, https:\/\/www.carbonfiberinsoles.shop\/wp-content\/uploads\/2024\/09\/Gold-Performance-Insoles\u2013Customized-Carbon-Fiber-Inserts-Non-Cleated-Shoes\u2013Basketball-Volleyball-Racquet-Sports-Running-Mo-5-700x1040.jpg 700w, https:\/\/www.carbonfiberinsoles.shop\/wp-content\/uploads\/2024\/09\/Gold-Performance-Insoles\u2013Customized-Carbon-Fiber-Inserts-Non-Cleated-Shoes\u2013Basketball-Volleyball-Racquet-Sports-Running-Mo-5-202x300.jpg 202w, https:\/\/www.carbonfiberinsoles.shop\/wp-content\/uploads\/2024\/09\/Gold-Performance-Insoles\u2013Customized-Carbon-Fiber-Inserts-Non-Cleated-Shoes\u2013Basketball-Volleyball-Racquet-Sports-Running-Mo-5-768x1140.jpg 768w, https:\/\/www.carbonfiberinsoles.shop\/wp-content\/uploads\/2024\/09\/Gold-Performance-Insoles\u2013Customized-Carbon-Fiber-Inserts-Non-Cleated-Shoes\u2013Basketball-Volleyball-Racquet-Sports-Running-Mo-5.jpg 800w\" sizes=\"(max-width: 690px) 100vw, 690px\" \/> <img loading=\"lazy\" decoding=\"async\" class=\"wp-image-500 size-full aligncenter\" src=\"https:\/\/www.carbonfiberinsoles.shop\/wp-content\/uploads\/2024\/09\/Gold-Performance-Insoles\u2013Customized-Carbon-Fiber-Inserts-Non-Cleated-Shoes\u2013Basketball-Volleyball-Racquet-Sports-Running-Mo-6.jpg\" alt=\"Semelles Gold Performance - Semelles en fibre de carbone personnalis\u00e9es, chaussures sans crampons - basket-ball, volley-ball, sports de raquette, course \u00e0 pied et mo ( (3)\" width=\"800\" height=\"800\" srcset=\"https:\/\/www.carbonfiberinsoles.shop\/wp-content\/uploads\/2024\/09\/Gold-Performance-Insoles\u2013Customized-Carbon-Fiber-Inserts-Non-Cleated-Shoes\u2013Basketball-Volleyball-Racquet-Sports-Running-Mo-6.jpg 800w, https:\/\/www.carbonfiberinsoles.shop\/wp-content\/uploads\/2024\/09\/Gold-Performance-Insoles\u2013Customized-Carbon-Fiber-Inserts-Non-Cleated-Shoes\u2013Basketball-Volleyball-Racquet-Sports-Running-Mo-6-430x430.jpg 430w, https:\/\/www.carbonfiberinsoles.shop\/wp-content\/uploads\/2024\/09\/Gold-Performance-Insoles\u2013Customized-Carbon-Fiber-Inserts-Non-Cleated-Shoes\u2013Basketball-Volleyball-Racquet-Sports-Running-Mo-6-100x100.jpg 100w, https:\/\/www.carbonfiberinsoles.shop\/wp-content\/uploads\/2024\/09\/Gold-Performance-Insoles\u2013Customized-Carbon-Fiber-Inserts-Non-Cleated-Shoes\u2013Basketball-Volleyball-Racquet-Sports-Running-Mo-6-700x700.jpg 700w, https:\/\/www.carbonfiberinsoles.shop\/wp-content\/uploads\/2024\/09\/Gold-Performance-Insoles\u2013Customized-Carbon-Fiber-Inserts-Non-Cleated-Shoes\u2013Basketball-Volleyball-Racquet-Sports-Running-Mo-6-300x300.jpg 300w, https:\/\/www.carbonfiberinsoles.shop\/wp-content\/uploads\/2024\/09\/Gold-Performance-Insoles\u2013Customized-Carbon-Fiber-Inserts-Non-Cleated-Shoes\u2013Basketball-Volleyball-Racquet-Sports-Running-Mo-6-150x150.jpg 150w, https:\/\/www.carbonfiberinsoles.shop\/wp-content\/uploads\/2024\/09\/Gold-Performance-Insoles\u2013Customized-Carbon-Fiber-Inserts-Non-Cleated-Shoes\u2013Basketball-Volleyball-Racquet-Sports-Running-Mo-6-768x768.jpg 768w\" sizes=\"(max-width: 800px) 100vw, 800px\" \/> <img loading=\"lazy\" decoding=\"async\" class=\"wp-image-512 size-large aligncenter\" src=\"https:\/\/www.carbonfiberinsoles.shop\/wp-content\/uploads\/2024\/09\/Gold-Performance-Insoles\u2013Customized-Carbon-Fiber-Inserts-Non-Cleated-Shoes\u2013Basketball-Volleyball-Racquet-Sports-Ru1-1024x239.png\" alt=\"Semelles Gold Performance - Semelles en fibre de carbone personnalis\u00e9es, chaussures non clout\u00e9es - basket-ball, volley-ball, sports de raquette, ru(1)\" width=\"1024\" height=\"239\" srcset=\"https:\/\/www.carbonfiberinsoles.shop\/wp-content\/uploads\/2024\/09\/Gold-Performance-Insoles\u2013Customized-Carbon-Fiber-Inserts-Non-Cleated-Shoes\u2013Basketball-Volleyball-Racquet-Sports-Ru1-1024x239.png 1024w, https:\/\/www.carbonfiberinsoles.shop\/wp-content\/uploads\/2024\/09\/Gold-Performance-Insoles\u2013Customized-Carbon-Fiber-Inserts-Non-Cleated-Shoes\u2013Basketball-Volleyball-Racquet-Sports-Ru1-430x100.png 430w, https:\/\/www.carbonfiberinsoles.shop\/wp-content\/uploads\/2024\/09\/Gold-Performance-Insoles\u2013Customized-Carbon-Fiber-Inserts-Non-Cleated-Shoes\u2013Basketball-Volleyball-Racquet-Sports-Ru1-700x164.png 700w, https:\/\/www.carbonfiberinsoles.shop\/wp-content\/uploads\/2024\/09\/Gold-Performance-Insoles\u2013Customized-Carbon-Fiber-Inserts-Non-Cleated-Shoes\u2013Basketball-Volleyball-Racquet-Sports-Ru1-300x70.png 300w, https:\/\/www.carbonfiberinsoles.shop\/wp-content\/uploads\/2024\/09\/Gold-Performance-Insoles\u2013Customized-Carbon-Fiber-Inserts-Non-Cleated-Shoes\u2013Basketball-Volleyball-Racquet-Sports-Ru1-768x179.png 768w, https:\/\/www.carbonfiberinsoles.shop\/wp-content\/uploads\/2024\/09\/Gold-Performance-Insoles\u2013Customized-Carbon-Fiber-Inserts-Non-Cleated-Shoes\u2013Basketball-Volleyball-Racquet-Sports-Ru1-1536x359.png 1536w, https:\/\/www.carbonfiberinsoles.shop\/wp-content\/uploads\/2024\/09\/Gold-Performance-Insoles\u2013Customized-Carbon-Fiber-Inserts-Non-Cleated-Shoes\u2013Basketball-Volleyball-Racquet-Sports-Ru1.png 1721w\" sizes=\"(max-width: 1024px) 100vw, 1024px\" \/><\/p>\n<p>&nbsp;<\/p>\n<p data-start=\"373\" data-end=\"750\"><em data-start=\"373\" data-end=\"384\">Vue d'ensemble :<\/em> Am\u00e9liorez votre jeu avec nos semelles Gold Performance Carbon Fiber, m\u00e9ticuleusement con\u00e7ues pour am\u00e9liorer les performances athl\u00e9tiques dans les sports sans crampons tels que le basket-ball, le volley-ball, les sports de raquette et la course \u00e0 pied. Fabriqu\u00e9es en fibre de carbone de qualit\u00e9 a\u00e9rospatiale, ces semelles offrent un retour d'\u00e9nergie exceptionnel, permettant aux athl\u00e8tes de courir plus vite, de sauter plus haut et de r\u00e9cup\u00e9rer plus rapidement.<\/p>\n<p data-start=\"752\" data-end=\"763\"><em data-start=\"752\" data-end=\"763\">Caract\u00e9ristiques :<\/em><\/p>\n<ul data-start=\"764\" data-end=\"1357\">\n<li data-start=\"764\" data-end=\"942\"><strong data-start=\"766\" data-end=\"803\">Technologie avanc\u00e9e de la fibre de carbone :<\/strong> Fabriqu\u00e9es en fibre de carbone 100% de qualit\u00e9 a\u00e9rospatiale, ces semelles offrent une r\u00e9sistance et une durabilit\u00e9 in\u00e9gal\u00e9es tout en restant l\u00e9g\u00e8res.<\/li>\n<li data-start=\"943\" data-end=\"1086\"><strong data-start=\"945\" data-end=\"964\">Ajustement personnalis\u00e9 :<\/strong> Con\u00e7u pour s'adapter \u00e0 diff\u00e9rents types de chaussures non compens\u00e9es, il garantit un confort et un soutien optimaux lors d'activit\u00e9s physiques intenses.<\/li>\n<li data-start=\"1087\" data-end=\"1231\"><strong data-start=\"1089\" data-end=\"1114\">Am\u00e9lioration des performances :<\/strong> Con\u00e7ue pour aider les athl\u00e8tes \u00e0 courir plus vite et \u00e0 sauter plus haut en fournissant un retour d'\u00e9nergie sup\u00e9rieur et en r\u00e9duisant la fatigue du pied.<\/li>\n<li data-start=\"1232\" data-end=\"1357\"><strong data-start=\"1234\" data-end=\"1256\">Pr\u00e9vention des blessures :<\/strong> Offre un excellent soutien et une grande stabilit\u00e9, contribuant \u00e0 la pr\u00e9vention des blessures sportives courantes.<\/li>\n<\/ul>\n<p data-start=\"1359\" data-end=\"1393\"><em data-start=\"1359\" data-end=\"1393\">Pourquoi acheter ce produit ?<\/em><\/p>\n<ul data-start=\"1394\" data-end=\"1945\">\n<li data-start=\"1394\" data-end=\"1529\"><strong data-start=\"1396\" data-end=\"1427\">Stimuler les performances athl\u00e9tiques :<\/strong> Am\u00e9liorez sensiblement votre vitesse et votre agilit\u00e9, ce qui vous donne un avantage comp\u00e9titif dans votre sport.<\/li>\n<li data-start=\"1530\" data-end=\"1676\"><strong data-start=\"1532\" data-end=\"1553\">Confort sup\u00e9rieur :<\/strong> Profitez d'un ajustement personnalis\u00e9 qui s'adapte \u00e0 la forme unique de votre pied, offrant un confort tout au long de la journ\u00e9e pendant l'entra\u00eenement et la comp\u00e9tition.<\/li>\n<li data-start=\"1677\" data-end=\"1819\"><strong data-start=\"1679\" data-end=\"1708\">Durable et de longue dur\u00e9e :<\/strong> Fabriqu\u00e9es \u00e0 partir de mat\u00e9riaux de haute qualit\u00e9, ces semelles sont con\u00e7ues pour r\u00e9sister \u00e0 un usage rigoureux et offrent une valeur \u00e0 long terme.<\/li>\n<li data-start=\"1820\" data-end=\"1945\"><strong data-start=\"1822\" data-end=\"1848\">Application polyvalente :<\/strong> Id\u00e9ales pour un grand nombre de sports sans crampons, elles constituent un compl\u00e9ment polyvalent \u00e0 votre \u00e9quipement athl\u00e9tique.<\/li>\n<\/ul>\n<p data-start=\"1947\" data-end=\"1954\"><em data-start=\"1947\" data-end=\"1954\">FAQs :<\/em><\/p>\n<ol data-start=\"1956\" data-end=\"2648\">\n<li data-start=\"1956\" data-end=\"2107\">\n<p data-start=\"1959\" data-end=\"2002\"><strong data-start=\"1959\" data-end=\"2002\">Ces semelles conviennent-elles pour la course \u00e0 pied ?<\/strong><\/p>\n<ul data-start=\"2006\" data-end=\"2107\">\n<li data-start=\"2006\" data-end=\"2107\">Oui, ils sont sp\u00e9cifiquement con\u00e7us pour am\u00e9liorer les performances en course \u00e0 pied et dans d'autres sports sans crampons.<\/li>\n<\/ul>\n<\/li>\n<li data-start=\"2109\" data-end=\"2279\">\n<p data-start=\"2112\" data-end=\"2156\"><strong data-start=\"2112\" data-end=\"2156\">Ces semelles peuvent-elles aider \u00e0 pr\u00e9venir les blessures ?<\/strong><\/p>\n<ul data-start=\"2160\" data-end=\"2279\">\n<li data-start=\"2160\" data-end=\"2279\">Dans l'absolu, ils offrent un excellent soutien et une grande stabilit\u00e9, ce qui peut contribuer \u00e0 pr\u00e9venir les blessures courantes li\u00e9es au sport.<\/li>\n<\/ul>\n<\/li>\n<li data-start=\"2281\" data-end=\"2453\">\n<p data-start=\"2284\" data-end=\"2328\"><strong data-start=\"2284\" data-end=\"2328\">Comment nettoyer et entretenir les semelles ?<\/strong><\/p>\n<ul data-start=\"2332\" data-end=\"2453\">\n<li data-start=\"2332\" data-end=\"2453\">Il est recommand\u00e9 de les nettoyer avec un chiffon humide et du savon doux. \u00c9vitez de les immerger dans l'eau ou d'utiliser des produits chimiques agressifs.<\/li>\n<\/ul>\n<\/li>\n<li data-start=\"2455\" data-end=\"2648\">\n<p data-start=\"2458\" data-end=\"2517\"><strong data-start=\"2458\" data-end=\"2517\">Ces semelles s'adaptent-elles \u00e0 tous les types de chaussures non compens\u00e9es ?<\/strong><\/p>\n<ul data-start=\"2521\" data-end=\"2648\">\n<li data-start=\"2521\" data-end=\"2648\">Elles sont con\u00e7ues pour s'adapter \u00e0 la plupart des chaussures de sport sans crampons. Toutefois, il est conseill\u00e9 de v\u00e9rifier le tableau des tailles pour un ajustement optimal.<\/li>\n<\/ul>\n<\/li>\n<\/ol>","protected":false},"excerpt":{"rendered":"<p><strong>Caract\u00e9ristiques principales :<\/strong><\/p>\n<ul>\n<li><strong>Conception personnalis\u00e9e en fibre de carbone<\/strong>: L\u00e9ger, durable et adapt\u00e9 aux chaussures de sport sans semelle.<\/li>\n<li><strong>Am\u00e9lioration des performances<\/strong>: Am\u00e9liorez votre vitesse, sautez plus haut et r\u00e9cup\u00e9rez plus vite gr\u00e2ce \u00e0 un soutien sup\u00e9rieur du pied.<\/li>\n<li><strong>Soutien de la vo\u00fbte plantaire et stabilit\u00e9<\/strong>: Maintient vos pieds align\u00e9s et confortables pendant les sports de haute intensit\u00e9.<\/li>\n<li><strong>Utilisation athl\u00e9tique polyvalente<\/strong>: Id\u00e9al pour le basket-ball, le volley-ball, les sports de raquette, la course \u00e0 pied, etc.<\/li>\n<li><strong>Efficacit\u00e9 \u00e9nerg\u00e9tique<\/strong>: Favorise un meilleur retour d'\u00e9nergie \u00e0 chaque pas, r\u00e9duisant la fatigue et l'effort.<\/li>\n<\/ul>\n<p>Maximisez votre potentiel athl\u00e9tique avec <strong>Semelles en fibre de carbone Gold Performance<\/strong> et sentez la diff\u00e9rence \u00e0 chaque mouvement !<\/p>","protected":false},"featured_media":501,"comment_status":"open","ping_status":"closed","template":"","meta":{"_kadence_starter_templates_imported_post":false,"_kad_post_transparent":"default","_kad_post_title":"","_kad_post_layout":"default","_kad_post_sidebar_id":"","_kad_post_content_style":"default","_kad_post_vertical_padding":"default","_kad_post_feature":"","_kad_post_feature_position":"","_kad_post_header":false,"_kad_post_footer":false},"product_brand":[],"product_cat":[22,241,237,236,239,238],"product_tag":[51,49,47,48],"class_list":{"0":"post-159","1":"product","2":"type-product","3":"status-publish","4":"has-post-thumbnail","6":"product_cat-carbon-fiber-insoles","7":"product_cat-carbon-fiber-insoles-golf","8":"product_cat-carbon-fiber-medical-insoles","9":"product_cat-carbon-fiber-insoles-running","10":"product_cat-carbon-fiber-insoles-volleyball","11":"product_cat-carbon-fiber-insoles-walking-and-hiking","12":"product_tag-carbon-fiber-foot-insoles","13":"product_tag-carbon-fiber-insole","14":"product_tag-carbon-fiber-insoles","15":"product_tag-insoles","16":"pa_us-ca-size-m10-5-w12-5-285mm","17":"pa_us-ca-size-m11-5-w13-5-295mm","18":"pa_us-ca-size-m7-w9","19":"pa_us-ca-size-m8-5-w10-5-270mm","20":"pa_us-ca-size-m8-w10","21":"pa_us-ca-size-m9-w11","23":"first","24":"instock","25":"shipping-taxable","26":"purchasable","27":"product-type-variable","28":"entry","29":"content-bg","30":"loop-entry"},"aioseo_notices":[],"_links":{"self":[{"href":"https:\/\/www.carbonfiberinsoles.shop\/fr\/wp-json\/wp\/v2\/product\/159","targetHints":{"allow":["GET"]}}],"collection":[{"href":"https:\/\/www.carbonfiberinsoles.shop\/fr\/wp-json\/wp\/v2\/product"}],"about":[{"href":"https:\/\/www.carbonfiberinsoles.shop\/fr\/wp-json\/wp\/v2\/types\/product"}],"replies":[{"embeddable":true,"href":"https:\/\/www.carbonfiberinsoles.shop\/fr\/wp-json\/wp\/v2\/comments?post=159"}],"version-history":[{"count":0,"href":"https:\/\/www.carbonfiberinsoles.shop\/fr\/wp-json\/wp\/v2\/product\/159\/revisions"}],"wp:featuredmedia":[{"embeddable":true,"href":"https:\/\/www.carbonfiberinsoles.shop\/fr\/wp-json\/wp\/v2\/media\/501"}],"wp:attachment":[{"href":"https:\/\/www.carbonfiberinsoles.shop\/fr\/wp-json\/wp\/v2\/media?parent=159"}],"wp:term":[{"taxonomy":"product_brand","embeddable":true,"href":"https:\/\/www.carbonfiberinsoles.shop\/fr\/wp-json\/wp\/v2\/product_brand?post=159"},{"taxonomy":"product_cat","embeddable":true,"href":"https:\/\/www.carbonfiberinsoles.shop\/fr\/wp-json\/wp\/v2\/product_cat?post=159"},{"taxonomy":"product_tag","embeddable":true,"href":"https:\/\/www.carbonfiberinsoles.shop\/fr\/wp-json\/wp\/v2\/product_tag?post=159"}],"curies":[{"name":"wp","href":"https:\/\/api.w.org\/{rel}","templated":true}]}}