{"id":16706,"date":"2025-03-10T15:24:10","date_gmt":"2025-03-10T15:24:10","guid":{"rendered":"https:\/\/www.carbonfiberinsoles.shop\/?post_type=product&#038;p=16706"},"modified":"2025-06-27T23:23:12","modified_gmt":"2025-06-27T23:23:12","slug":"carbon-plate-running-shoes-cushioned-walking-shoe-for-men-women","status":"publish","type":"product","link":"https:\/\/www.carbonfiberinsoles.shop\/fr\/produit\/carbon-plate-running-shoes-cushioned-walking-shoe-for-men-women\/","title":{"rendered":"Carbon Plate Shoes Chaussures de marche amorties pour hommes et femmes"},"content":{"rendered":"<h3 data-start=\"796\" data-end=\"815\"><strong data-start=\"800\" data-end=\"813\">Vue d'ensemble :<\/strong><\/h3>\n<p data-start=\"816\" data-end=\"1332\">Entrez dans l'innovation avec les derni\u00e8res <strong data-start=\"853\" data-end=\"883\">Chaussures de course \u00e0 plaque de carbone<\/strong>Le syst\u00e8me de gestion de l'eau, con\u00e7u pour ceux qui exigent les deux \u00e0 la fois <strong data-start=\"919\" data-end=\"944\">performance et style<\/strong>. Que vous soyez un athl\u00e8te, un passionn\u00e9 de fitness ou simplement \u00e0 la recherche de <strong data-start=\"1015\" data-end=\"1055\">chaussures l\u00e9g\u00e8res et \u00e9l\u00e9gantes<\/strong>Ces chaussures de sport offrent la <strong data-start=\"1084\" data-end=\"1140\">\u00e9quilibre parfait entre vitesse, amorti et durabilit\u00e9<\/strong>. Avec un <strong data-start=\"1154\" data-end=\"1257\">plaque en fibre de carbone pour une meilleure propulsion, tige en maille respirante et amortisseur de chocs<\/strong>Ces chaussures sont con\u00e7ues pour vous offrir confort et agilit\u00e9 sur tous les terrains.<\/p>\n<hr data-start=\"1334\" data-end=\"1337\" \/>\n<h3 data-start=\"1339\" data-end=\"1364\"><strong data-start=\"1343\" data-end=\"1362\">Sp\u00e9cifications :<\/strong><\/h3>\n<ul data-start=\"1365\" data-end=\"1825\">\n<li data-start=\"1365\" data-end=\"1412\"><strong data-start=\"1367\" data-end=\"1386\">Mati\u00e8re sup\u00e9rieure :<\/strong> Maille respirante de premi\u00e8re qualit\u00e9<\/li>\n<li data-start=\"1413\" data-end=\"1483\"><strong data-start=\"1415\" data-end=\"1427\">Semelle interm\u00e9diaire :<\/strong> Mousse \u00e0 haut rebond avec une plaque de fibre de carbone int\u00e9gr\u00e9e<\/li>\n<li data-start=\"1484\" data-end=\"1535\"><strong data-start=\"1486\" data-end=\"1498\">Semelle ext\u00e9rieure :<\/strong> Caoutchouc durable avec poign\u00e9e antid\u00e9rapante<\/li>\n<li data-start=\"1536\" data-end=\"1603\"><strong data-start=\"1538\" data-end=\"1559\">Absorption des chocs :<\/strong> Amortissement avanc\u00e9 pour la protection contre les chocs<\/li>\n<li data-start=\"1604\" data-end=\"1663\"><strong data-start=\"1606\" data-end=\"1627\">Hauteur du talon \u00e0 la pointe :<\/strong> 8 mm pour une efficacit\u00e9 optimale de la foul\u00e9e<\/li>\n<li data-start=\"1664\" data-end=\"1708\"><strong data-start=\"1666\" data-end=\"1677\">Poids :<\/strong> Environ 255 g par chaussure<\/li>\n<li data-start=\"1709\" data-end=\"1772\"><strong data-start=\"1711\" data-end=\"1731\">Tailles disponibles :<\/strong> EU 35-44 \/ US Hommes 5-12, Femmes 4-11<\/li>\n<li data-start=\"1773\" data-end=\"1825\"><strong data-start=\"1775\" data-end=\"1786\">Couleurs :<\/strong> Blanc\/Bleu, Noir\/Blanc, Orange\/Gris<\/li>\n<\/ul>\n<hr data-start=\"1827\" data-end=\"1830\" \/>\n<h3 data-start=\"1832\" data-end=\"1851\"><strong data-start=\"1836\" data-end=\"1849\">Caract\u00e9ristiques :<\/strong><\/h3>\n<p data-start=\"1852\" data-end=\"2327\">\u2705 <strong data-start=\"1854\" data-end=\"1887\">Technologie des plaques en fibre de carbone<\/strong> - Fournit un retour d'\u00e9nergie am\u00e9lior\u00e9 pour la vitesse et la performance<br data-start=\"1947\" data-end=\"1950\" \/>\u2705 <strong data-start=\"1952\" data-end=\"1979\">Syst\u00e8me d'absorption des chocs<\/strong> - R\u00e9duit l'impact sur les articulations pour une conduite plus souple<br data-start=\"2022\" data-end=\"2025\" \/>\u2705 <strong data-start=\"2027\" data-end=\"2052\">Dessus en maille respirante<\/strong> - Garde vos pieds au frais et \u00e0 l'aise<br data-start=\"2091\" data-end=\"2094\" \/>\u2705 <strong data-start=\"2096\" data-end=\"2129\">Conception l\u00e9g\u00e8re et flexible<\/strong> - Confort et agilit\u00e9 tout au long de la journ\u00e9e<br data-start=\"2167\" data-end=\"2170\" \/>\u2705 <strong data-start=\"2172\" data-end=\"2200\">Semelle antid\u00e9rapante durable<\/strong> - Offre une adh\u00e9rence sup\u00e9rieure sur diverses surfaces<br data-start=\"2243\" data-end=\"2246\" \/>\u2705 <strong data-start=\"2248\" data-end=\"2265\">Adaptation ergonomique<\/strong> - Con\u00e7ue pour des performances athl\u00e9tiques et un confort d\u00e9contract\u00e9<\/p>\n<hr data-start=\"2329\" data-end=\"2332\" \/>\n<h3 data-start=\"2334\" data-end=\"2363\"><img fetchpriority=\"high\" decoding=\"async\" class=\"aligncenter wp-image-19954 size-full\" src=\"http:\/\/www.carbonfiberinsoles.shop\/wp-content\/uploads\/2025\/03\/Carbon-Plate-Running-Shoes-Cushioned-Walking-Shoe-for-Men-Women-2-2_1.jpg\" alt=\"\" width=\"800\" height=\"800\" srcset=\"https:\/\/www.carbonfiberinsoles.shop\/wp-content\/uploads\/2025\/03\/Carbon-Plate-Running-Shoes-Cushioned-Walking-Shoe-for-Men-Women-2-2_1.jpg 800w, https:\/\/www.carbonfiberinsoles.shop\/wp-content\/uploads\/2025\/03\/Carbon-Plate-Running-Shoes-Cushioned-Walking-Shoe-for-Men-Women-2-2_1-430x430.jpg 430w, https:\/\/www.carbonfiberinsoles.shop\/wp-content\/uploads\/2025\/03\/Carbon-Plate-Running-Shoes-Cushioned-Walking-Shoe-for-Men-Women-2-2_1-100x100.jpg 100w, https:\/\/www.carbonfiberinsoles.shop\/wp-content\/uploads\/2025\/03\/Carbon-Plate-Running-Shoes-Cushioned-Walking-Shoe-for-Men-Women-2-2_1-700x700.jpg 700w, https:\/\/www.carbonfiberinsoles.shop\/wp-content\/uploads\/2025\/03\/Carbon-Plate-Running-Shoes-Cushioned-Walking-Shoe-for-Men-Women-2-2_1-300x300.jpg 300w, https:\/\/www.carbonfiberinsoles.shop\/wp-content\/uploads\/2025\/03\/Carbon-Plate-Running-Shoes-Cushioned-Walking-Shoe-for-Men-Women-2-2_1-150x150.jpg 150w, https:\/\/www.carbonfiberinsoles.shop\/wp-content\/uploads\/2025\/03\/Carbon-Plate-Running-Shoes-Cushioned-Walking-Shoe-for-Men-Women-2-2_1-768x768.jpg 768w, https:\/\/www.carbonfiberinsoles.shop\/wp-content\/uploads\/2025\/03\/Carbon-Plate-Running-Shoes-Cushioned-Walking-Shoe-for-Men-Women-2-2_1-12x12.jpg 12w\" sizes=\"(max-width: 800px) 100vw, 800px\" \/> <img decoding=\"async\" class=\"aligncenter wp-image-19955 size-full\" src=\"http:\/\/www.carbonfiberinsoles.shop\/wp-content\/uploads\/2025\/03\/Carbon-Plate-Running-Shoes-Cushioned-Walking-Shoe-for-Men-Women-2-3_1.jpg\" alt=\"\" width=\"800\" height=\"800\" srcset=\"https:\/\/www.carbonfiberinsoles.shop\/wp-content\/uploads\/2025\/03\/Carbon-Plate-Running-Shoes-Cushioned-Walking-Shoe-for-Men-Women-2-3_1.jpg 800w, https:\/\/www.carbonfiberinsoles.shop\/wp-content\/uploads\/2025\/03\/Carbon-Plate-Running-Shoes-Cushioned-Walking-Shoe-for-Men-Women-2-3_1-430x430.jpg 430w, https:\/\/www.carbonfiberinsoles.shop\/wp-content\/uploads\/2025\/03\/Carbon-Plate-Running-Shoes-Cushioned-Walking-Shoe-for-Men-Women-2-3_1-100x100.jpg 100w, https:\/\/www.carbonfiberinsoles.shop\/wp-content\/uploads\/2025\/03\/Carbon-Plate-Running-Shoes-Cushioned-Walking-Shoe-for-Men-Women-2-3_1-700x700.jpg 700w, https:\/\/www.carbonfiberinsoles.shop\/wp-content\/uploads\/2025\/03\/Carbon-Plate-Running-Shoes-Cushioned-Walking-Shoe-for-Men-Women-2-3_1-300x300.jpg 300w, https:\/\/www.carbonfiberinsoles.shop\/wp-content\/uploads\/2025\/03\/Carbon-Plate-Running-Shoes-Cushioned-Walking-Shoe-for-Men-Women-2-3_1-150x150.jpg 150w, https:\/\/www.carbonfiberinsoles.shop\/wp-content\/uploads\/2025\/03\/Carbon-Plate-Running-Shoes-Cushioned-Walking-Shoe-for-Men-Women-2-3_1-768x768.jpg 768w, https:\/\/www.carbonfiberinsoles.shop\/wp-content\/uploads\/2025\/03\/Carbon-Plate-Running-Shoes-Cushioned-Walking-Shoe-for-Men-Women-2-3_1-12x12.jpg 12w\" sizes=\"(max-width: 800px) 100vw, 800px\" \/> <img decoding=\"async\" class=\"aligncenter wp-image-19956 size-full\" src=\"http:\/\/www.carbonfiberinsoles.shop\/wp-content\/uploads\/2025\/03\/Carbon-Plate-Running-Shoes-Cushioned-Walking-Shoe-for-Men-Women-2-4_1.jpg\" alt=\"\" width=\"800\" height=\"800\" srcset=\"https:\/\/www.carbonfiberinsoles.shop\/wp-content\/uploads\/2025\/03\/Carbon-Plate-Running-Shoes-Cushioned-Walking-Shoe-for-Men-Women-2-4_1.jpg 800w, https:\/\/www.carbonfiberinsoles.shop\/wp-content\/uploads\/2025\/03\/Carbon-Plate-Running-Shoes-Cushioned-Walking-Shoe-for-Men-Women-2-4_1-430x430.jpg 430w, https:\/\/www.carbonfiberinsoles.shop\/wp-content\/uploads\/2025\/03\/Carbon-Plate-Running-Shoes-Cushioned-Walking-Shoe-for-Men-Women-2-4_1-100x100.jpg 100w, https:\/\/www.carbonfiberinsoles.shop\/wp-content\/uploads\/2025\/03\/Carbon-Plate-Running-Shoes-Cushioned-Walking-Shoe-for-Men-Women-2-4_1-700x700.jpg 700w, https:\/\/www.carbonfiberinsoles.shop\/wp-content\/uploads\/2025\/03\/Carbon-Plate-Running-Shoes-Cushioned-Walking-Shoe-for-Men-Women-2-4_1-300x300.jpg 300w, https:\/\/www.carbonfiberinsoles.shop\/wp-content\/uploads\/2025\/03\/Carbon-Plate-Running-Shoes-Cushioned-Walking-Shoe-for-Men-Women-2-4_1-150x150.jpg 150w, https:\/\/www.carbonfiberinsoles.shop\/wp-content\/uploads\/2025\/03\/Carbon-Plate-Running-Shoes-Cushioned-Walking-Shoe-for-Men-Women-2-4_1-768x768.jpg 768w, https:\/\/www.carbonfiberinsoles.shop\/wp-content\/uploads\/2025\/03\/Carbon-Plate-Running-Shoes-Cushioned-Walking-Shoe-for-Men-Women-2-4_1-12x12.jpg 12w\" sizes=\"(max-width: 800px) 100vw, 800px\" \/> <img loading=\"lazy\" decoding=\"async\" class=\"aligncenter wp-image-19957 size-full\" src=\"http:\/\/www.carbonfiberinsoles.shop\/wp-content\/uploads\/2025\/03\/Carbon-Plate-Running-Shoes-Cushioned-Walking-Shoe-for-Men-Women-2-5_1.jpg\" alt=\"\" width=\"800\" height=\"800\" srcset=\"https:\/\/www.carbonfiberinsoles.shop\/wp-content\/uploads\/2025\/03\/Carbon-Plate-Running-Shoes-Cushioned-Walking-Shoe-for-Men-Women-2-5_1.jpg 800w, https:\/\/www.carbonfiberinsoles.shop\/wp-content\/uploads\/2025\/03\/Carbon-Plate-Running-Shoes-Cushioned-Walking-Shoe-for-Men-Women-2-5_1-430x430.jpg 430w, https:\/\/www.carbonfiberinsoles.shop\/wp-content\/uploads\/2025\/03\/Carbon-Plate-Running-Shoes-Cushioned-Walking-Shoe-for-Men-Women-2-5_1-100x100.jpg 100w, https:\/\/www.carbonfiberinsoles.shop\/wp-content\/uploads\/2025\/03\/Carbon-Plate-Running-Shoes-Cushioned-Walking-Shoe-for-Men-Women-2-5_1-700x700.jpg 700w, https:\/\/www.carbonfiberinsoles.shop\/wp-content\/uploads\/2025\/03\/Carbon-Plate-Running-Shoes-Cushioned-Walking-Shoe-for-Men-Women-2-5_1-300x300.jpg 300w, https:\/\/www.carbonfiberinsoles.shop\/wp-content\/uploads\/2025\/03\/Carbon-Plate-Running-Shoes-Cushioned-Walking-Shoe-for-Men-Women-2-5_1-150x150.jpg 150w, https:\/\/www.carbonfiberinsoles.shop\/wp-content\/uploads\/2025\/03\/Carbon-Plate-Running-Shoes-Cushioned-Walking-Shoe-for-Men-Women-2-5_1-768x768.jpg 768w, https:\/\/www.carbonfiberinsoles.shop\/wp-content\/uploads\/2025\/03\/Carbon-Plate-Running-Shoes-Cushioned-Walking-Shoe-for-Men-Women-2-5_1-12x12.jpg 12w\" sizes=\"(max-width: 800px) 100vw, 800px\" \/> <img loading=\"lazy\" decoding=\"async\" class=\"aligncenter wp-image-19950 size-full\" src=\"http:\/\/www.carbonfiberinsoles.shop\/wp-content\/uploads\/2025\/03\/Carbon-Plate-Running-Shoes-Cushioned-Walking-Shoe-for-Men-Women-1-3_1.jpg\" alt=\"\" width=\"800\" height=\"800\" srcset=\"https:\/\/www.carbonfiberinsoles.shop\/wp-content\/uploads\/2025\/03\/Carbon-Plate-Running-Shoes-Cushioned-Walking-Shoe-for-Men-Women-1-3_1.jpg 800w, https:\/\/www.carbonfiberinsoles.shop\/wp-content\/uploads\/2025\/03\/Carbon-Plate-Running-Shoes-Cushioned-Walking-Shoe-for-Men-Women-1-3_1-430x430.jpg 430w, https:\/\/www.carbonfiberinsoles.shop\/wp-content\/uploads\/2025\/03\/Carbon-Plate-Running-Shoes-Cushioned-Walking-Shoe-for-Men-Women-1-3_1-100x100.jpg 100w, https:\/\/www.carbonfiberinsoles.shop\/wp-content\/uploads\/2025\/03\/Carbon-Plate-Running-Shoes-Cushioned-Walking-Shoe-for-Men-Women-1-3_1-700x700.jpg 700w, https:\/\/www.carbonfiberinsoles.shop\/wp-content\/uploads\/2025\/03\/Carbon-Plate-Running-Shoes-Cushioned-Walking-Shoe-for-Men-Women-1-3_1-300x300.jpg 300w, https:\/\/www.carbonfiberinsoles.shop\/wp-content\/uploads\/2025\/03\/Carbon-Plate-Running-Shoes-Cushioned-Walking-Shoe-for-Men-Women-1-3_1-150x150.jpg 150w, https:\/\/www.carbonfiberinsoles.shop\/wp-content\/uploads\/2025\/03\/Carbon-Plate-Running-Shoes-Cushioned-Walking-Shoe-for-Men-Women-1-3_1-768x768.jpg 768w, https:\/\/www.carbonfiberinsoles.shop\/wp-content\/uploads\/2025\/03\/Carbon-Plate-Running-Shoes-Cushioned-Walking-Shoe-for-Men-Women-1-3_1-12x12.jpg 12w\" sizes=\"(max-width: 800px) 100vw, 800px\" \/> <img loading=\"lazy\" decoding=\"async\" class=\"aligncenter wp-image-19953 size-full\" src=\"http:\/\/www.carbonfiberinsoles.shop\/wp-content\/uploads\/2025\/03\/Carbon-Plate-Running-Shoes-Cushioned-Walking-Shoe-for-Men-Women-2-1_1.jpg\" alt=\"\" width=\"800\" height=\"800\" srcset=\"https:\/\/www.carbonfiberinsoles.shop\/wp-content\/uploads\/2025\/03\/Carbon-Plate-Running-Shoes-Cushioned-Walking-Shoe-for-Men-Women-2-1_1.jpg 800w, https:\/\/www.carbonfiberinsoles.shop\/wp-content\/uploads\/2025\/03\/Carbon-Plate-Running-Shoes-Cushioned-Walking-Shoe-for-Men-Women-2-1_1-430x430.jpg 430w, https:\/\/www.carbonfiberinsoles.shop\/wp-content\/uploads\/2025\/03\/Carbon-Plate-Running-Shoes-Cushioned-Walking-Shoe-for-Men-Women-2-1_1-100x100.jpg 100w, https:\/\/www.carbonfiberinsoles.shop\/wp-content\/uploads\/2025\/03\/Carbon-Plate-Running-Shoes-Cushioned-Walking-Shoe-for-Men-Women-2-1_1-700x700.jpg 700w, https:\/\/www.carbonfiberinsoles.shop\/wp-content\/uploads\/2025\/03\/Carbon-Plate-Running-Shoes-Cushioned-Walking-Shoe-for-Men-Women-2-1_1-300x300.jpg 300w, https:\/\/www.carbonfiberinsoles.shop\/wp-content\/uploads\/2025\/03\/Carbon-Plate-Running-Shoes-Cushioned-Walking-Shoe-for-Men-Women-2-1_1-150x150.jpg 150w, https:\/\/www.carbonfiberinsoles.shop\/wp-content\/uploads\/2025\/03\/Carbon-Plate-Running-Shoes-Cushioned-Walking-Shoe-for-Men-Women-2-1_1-768x768.jpg 768w, https:\/\/www.carbonfiberinsoles.shop\/wp-content\/uploads\/2025\/03\/Carbon-Plate-Running-Shoes-Cushioned-Walking-Shoe-for-Men-Women-2-1_1-12x12.jpg 12w\" sizes=\"(max-width: 800px) 100vw, 800px\" \/><\/h3>\n<figure id=\"attachment_19589\" aria-describedby=\"caption-attachment-19589\" style=\"width: 754px\" class=\"wp-caption aligncenter\"><img loading=\"lazy\" decoding=\"async\" class=\"wp-image-19589 size-full\" src=\"http:\/\/www.carbonfiberinsoles.shop\/wp-content\/uploads\/2025\/05\/shoes-size-guide.png\" alt=\"guide des tailles de chaussures\" width=\"754\" height=\"529\" srcset=\"https:\/\/www.carbonfiberinsoles.shop\/wp-content\/uploads\/2025\/05\/shoes-size-guide.png 754w, https:\/\/www.carbonfiberinsoles.shop\/wp-content\/uploads\/2025\/05\/shoes-size-guide-430x302.png 430w, https:\/\/www.carbonfiberinsoles.shop\/wp-content\/uploads\/2025\/05\/shoes-size-guide-700x491.png 700w, https:\/\/www.carbonfiberinsoles.shop\/wp-content\/uploads\/2025\/05\/shoes-size-guide-400x281.png 400w, https:\/\/www.carbonfiberinsoles.shop\/wp-content\/uploads\/2025\/05\/shoes-size-guide-18x12.png 18w\" sizes=\"(max-width: 754px) 100vw, 754px\" \/><figcaption id=\"caption-attachment-19589\" class=\"wp-caption-text\">guide des tailles de chaussures<\/figcaption><\/figure>\n<hr \/>\n<h3 data-start=\"2334\" data-end=\"2363\"><strong data-start=\"2338\" data-end=\"2361\">Pourquoi l'acheter ?<\/strong><\/h3>\n<p data-start=\"2364\" data-end=\"2819\">\u2714\ufe0f <strong data-start=\"2367\" data-end=\"2399\">Augmentez votre vitesse et votre endurance<\/strong> - La plaque de carbone am\u00e9liore la propulsion et r\u00e9duit la fatigue<br data-start=\"2452\" data-end=\"2455\" \/>\u2714\ufe0f <strong data-start=\"2458\" data-end=\"2481\">Prot\u00e9gez vos articulations<\/strong> - L'amorti avanc\u00e9 minimise l'impact, rendant chaque pas fluide.<br data-start=\"2545\" data-end=\"2548\" \/>\u2714\ufe0f <strong data-start=\"2551\" data-end=\"2574\">\u00c9l\u00e9gant et polyvalent<\/strong> - Parfait pour la course \u00e0 pied, l'entra\u00eenement ou les tenues d\u00e9contract\u00e9es de tous les jours<br data-start=\"2631\" data-end=\"2634\" \/>\u2714\ufe0f <strong data-start=\"2637\" data-end=\"2669\">Qualit\u00e9 sup\u00e9rieure et durabilit\u00e9<\/strong> - Construit pour durer avec des mat\u00e9riaux de haute performance<br data-start=\"2717\" data-end=\"2720\" \/>\u2714\ufe0f <strong data-start=\"2723\" data-end=\"2748\">Convient \u00e0 tous<\/strong> - Con\u00e7us pour les hommes et les femmes, ils constituent un excellent choix pour les couples.<\/p>\n<hr data-start=\"2821\" data-end=\"2824\" \/>\n<h3 data-start=\"2826\" data-end=\"2841\"><strong data-start=\"2830\" data-end=\"2839\">FAQs :<\/strong><\/h3>\n<p data-start=\"2843\" data-end=\"3011\">\ud83d\udd39 <strong data-start=\"2846\" data-end=\"2900\">Q : Ces chaussures sont-elles adapt\u00e9es \u00e0 la course de fond ?<\/strong><br data-start=\"2900\" data-end=\"2903\" \/><strong data-start=\"2903\" data-end=\"2909\">A :<\/strong> Oui ! La plaque de carbone et le syst\u00e8me d'absorption des chocs offrent un excellent soutien pour les courses de longue dur\u00e9e.<\/p>\n<p data-start=\"3013\" data-end=\"3164\">\ud83d\udd39 <strong data-start=\"3016\" data-end=\"3059\">Q : Peut-on les porter tous les jours ?<\/strong><br data-start=\"3059\" data-end=\"3062\" \/><strong data-start=\"3062\" data-end=\"3068\">A :<\/strong> Absolument ! Ces chaussures sont con\u00e7ues \u00e0 la fois pour la course \u00e0 pied de haute performance et pour un usage quotidien d\u00e9contract\u00e9.<\/p>\n<p data-start=\"3166\" data-end=\"3303\">\ud83d\udd39 <strong data-start=\"3169\" data-end=\"3203\">Q : Comment nettoyer ces chaussures ?<\/strong><br data-start=\"3203\" data-end=\"3206\" \/><strong data-start=\"3206\" data-end=\"3212\">A :<\/strong> Utiliser du savon doux et de l'eau pour les nettoyages ponctuels. \u00c9viter le lavage en machine pour pr\u00e9server la durabilit\u00e9.<\/p>\n<p data-start=\"3305\" data-end=\"3437\">\ud83d\udd39 <strong data-start=\"3308\" data-end=\"3340\">Q : Ces chaussures sont-elles \u00e0 la bonne taille ?<\/strong><br data-start=\"3340\" data-end=\"3343\" \/><strong data-start=\"3343\" data-end=\"3349\">A :<\/strong> Oui, elles sont conformes \u00e0 la taille. Si vous avez des pieds plus larges, envisagez de commander une demi-taille au-dessus.<\/p>\n<p data-start=\"3439\" data-end=\"3590\">\ud83d\udd39 <strong data-start=\"3442\" data-end=\"3498\">Q : Ces chaussures offrent-elles une bonne adh\u00e9rence sur les surfaces mouill\u00e9es ?<\/strong><br data-start=\"3498\" data-end=\"3501\" \/><strong data-start=\"3501\" data-end=\"3507\">A :<\/strong> Oui, la semelle ext\u00e9rieure en caoutchouc durable assure une excellente traction sur de nombreux terrains.<\/p>","protected":false},"excerpt":{"rendered":"<p>Lib\u00e9rez tout votre potentiel avec nos chaussures de course \u00e0 pied Carbon Plate ! Dot\u00e9es d'un <strong data-start=\"561\" data-end=\"636\">conception l\u00e9g\u00e8re, technologie d'absorption des chocs et plaque en fibre de carbone<\/strong>Ces baskets offrent <strong data-start=\"661\" data-end=\"707\">retour d'\u00e9nergie maximal et confort sup\u00e9rieur<\/strong> pour les coureurs performants comme pour les coureurs occasionnels.<\/p>","protected":false},"featured_media":19948,"comment_status":"open","ping_status":"closed","template":"","meta":{"_kadence_starter_templates_imported_post":false,"_kad_post_transparent":"","_kad_post_title":"","_kad_post_layout":"","_kad_post_sidebar_id":"","_kad_post_content_style":"","_kad_post_vertical_padding":"","_kad_post_feature":"","_kad_post_feature_position":"","_kad_post_header":false,"_kad_post_footer":false},"product_brand":[],"product_cat":[253,252],"product_tag":[254,257,259,264,258],"class_list":{"0":"post-16706","1":"product","2":"type-product","3":"status-publish","4":"has-post-thumbnail","6":"product_cat-carbon-plate-running-shoes","7":"product_cat-carbon-shoes","8":"product_tag-carbon-plate-running-shoes","9":"product_tag-carbon-plated-shoes","10":"product_tag-carbon-running-shoes","11":"product_tag-carbon-shoes","12":"product_tag-running-shoes-with-carbon-plate","14":"first","15":"instock","16":"shipping-taxable","17":"purchasable","18":"product-type-variable","19":"has-default-attributes","20":"entry","21":"content-bg","22":"loop-entry"},"aioseo_notices":[],"_links":{"self":[{"href":"https:\/\/www.carbonfiberinsoles.shop\/fr\/wp-json\/wp\/v2\/product\/16706","targetHints":{"allow":["GET"]}}],"collection":[{"href":"https:\/\/www.carbonfiberinsoles.shop\/fr\/wp-json\/wp\/v2\/product"}],"about":[{"href":"https:\/\/www.carbonfiberinsoles.shop\/fr\/wp-json\/wp\/v2\/types\/product"}],"replies":[{"embeddable":true,"href":"https:\/\/www.carbonfiberinsoles.shop\/fr\/wp-json\/wp\/v2\/comments?post=16706"}],"version-history":[{"count":0,"href":"https:\/\/www.carbonfiberinsoles.shop\/fr\/wp-json\/wp\/v2\/product\/16706\/revisions"}],"wp:featuredmedia":[{"embeddable":true,"href":"https:\/\/www.carbonfiberinsoles.shop\/fr\/wp-json\/wp\/v2\/media\/19948"}],"wp:attachment":[{"href":"https:\/\/www.carbonfiberinsoles.shop\/fr\/wp-json\/wp\/v2\/media?parent=16706"}],"wp:term":[{"taxonomy":"product_brand","embeddable":true,"href":"https:\/\/www.carbonfiberinsoles.shop\/fr\/wp-json\/wp\/v2\/product_brand?post=16706"},{"taxonomy":"product_cat","embeddable":true,"href":"https:\/\/www.carbonfiberinsoles.shop\/fr\/wp-json\/wp\/v2\/product_cat?post=16706"},{"taxonomy":"product_tag","embeddable":true,"href":"https:\/\/www.carbonfiberinsoles.shop\/fr\/wp-json\/wp\/v2\/product_tag?post=16706"}],"curies":[{"name":"wp","href":"https:\/\/api.w.org\/{rel}","templated":true}]}}