{"id":17420,"date":"2025-03-16T13:47:32","date_gmt":"2025-03-16T13:47:32","guid":{"rendered":"https:\/\/www.carbonfiberinsoles.shop\/?post_type=product&#038;p=17420"},"modified":"2025-06-07T02:08:46","modified_gmt":"2025-06-07T02:08:46","slug":"carbon-plate-shoes-desert-training-shoes-with-shock-absorption","status":"publish","type":"product","link":"https:\/\/www.carbonfiberinsoles.shop\/fr\/produit\/carbon-plate-shoes-desert-training-shoes-with-shock-absorption\/","title":{"rendered":"Carbon Plate Shoes - Chaussures d'entra\u00eenement au d\u00e9sert avec absorption des chocs"},"content":{"rendered":"<div data-elementor-type=\"product-post\" data-elementor-id=\"17420\" class=\"elementor elementor-17420\" data-elementor-post-type=\"product\">\n\t\t\t\t<div class=\"elementor-element elementor-element-f535026 e-flex e-con-boxed e-con e-parent\" data-id=\"f535026\" data-element_type=\"container\">\n\t\t\t\t\t<div class=\"e-con-inner\">\n\t\t\t\t<div class=\"elementor-element elementor-element-b01e62c elementor-widget elementor-widget-video\" data-id=\"b01e62c\" data-element_type=\"widget\" data-settings=\"{&quot;youtube_url&quot;:&quot;https:\\\/\\\/www.youtube.com\\\/watch?v=OI3bNmnKB1U&quot;,&quot;loop&quot;:&quot;yes&quot;,&quot;video_type&quot;:&quot;youtube&quot;,&quot;controls&quot;:&quot;yes&quot;}\" data-widget_type=\"video.default\">\n\t\t\t\t<div class=\"elementor-widget-container\">\n\t\t\t\t\t\t\t<div class=\"elementor-wrapper elementor-open-inline\">\n\t\t\t<div class=\"elementor-video\"><\/div>\t\t<\/div>\n\t\t\t\t\t\t<\/div>\n\t\t\t\t<\/div>\n\t\t\t\t\t<\/div>\n\t\t\t\t<\/div>\n\t\t<div class=\"elementor-element elementor-element-5972c503 e-flex e-con-boxed e-con e-parent\" data-id=\"5972c503\" data-element_type=\"container\">\n\t\t\t\t\t<div class=\"e-con-inner\">\n\t\t\t\t<div class=\"elementor-element elementor-element-5a272e2d elementor-widget elementor-widget-text-editor\" data-id=\"5a272e2d\" data-element_type=\"widget\" data-widget_type=\"text-editor.default\">\n\t\t\t\t<div class=\"elementor-widget-container\">\n\t\t\t\t\t\t\t\t\t<div><h4>Vue d'ensemble<\/h4><p class=\"break-words\">Am\u00e9liorez votre exp\u00e9rience en plein air avec nos chaussures Carbon Plate, con\u00e7ues avec expertise comme chaussures de d\u00e9sert, chaussures de randonn\u00e9e et chaussures d'entra\u00eenement. Int\u00e9grant une plaque de carbone pour une meilleure stabilit\u00e9 et un meilleur retour d'\u00e9nergie, ces chaussures sont con\u00e7ues pour affronter divers terrains, des d\u00e9serts sablonneux aux sentiers rocailleux. Dot\u00e9es d'une technologie d'absorption des chocs de pointe, elles prot\u00e8gent vos articulations lors d'activit\u00e9s intenses, ce qui les rend id\u00e9ales pour les randonneurs, les coureurs et les adeptes du fitness. Leur conception \u00e0 la fois robuste et \u00e9l\u00e9gante vous permet de donner le meilleur de vous-m\u00eame, quel que soit le d\u00e9fi \u00e0 relever.<\/p><h4>Sp\u00e9cifications<\/h4><ul class=\"marker:text-secondary\"><li class=\"break-words\"><strong>Mat\u00e9riau<\/strong>: Tige en daim de haute qualit\u00e9 avec doublure en maille respirante<\/li><li class=\"break-words\"><strong>Semelle<\/strong>: Semelle ext\u00e9rieure en caoutchouc robuste avec renfort en plaques de carbone<\/li><li class=\"break-words\"><strong>Poids<\/strong>: Environ 13 oz (par botte)<\/li><li class=\"break-words\"><strong>Tailles<\/strong>: Disponible dans les tailles 6-13 (US)<\/li><li class=\"break-words\"><strong>Couleur<\/strong>: Tan (inspir\u00e9 du d\u00e9sert)<\/li><li class=\"break-words\"><strong>Hauteur<\/strong>: Conception de la chaussure de randonn\u00e9e \u00e0 mi-chemin pour un soutien sup\u00e9rieur<\/li><li class=\"break-words\"><strong>Amortissement<\/strong>: Semelle interm\u00e9diaire \u00e0 absorption de chocs renforc\u00e9e<\/li><li class=\"break-words\"><strong>Lacets<\/strong>: Lacets durables et r\u00e9glables pour un ajustement s\u00fbr<\/li><\/ul><h4>Caract\u00e9ristiques<\/h4><ul class=\"marker:text-secondary\"><li class=\"break-words\"><strong>Technologie des plaques de carbone<\/strong>: Renforce la stabilit\u00e9 et la propulsion pour la randonn\u00e9e et l'entra\u00eenement.<\/li><li class=\"break-words\"><strong>Absorption des chocs<\/strong>: Minimise l'impact sur les genoux et les chevilles gr\u00e2ce \u00e0 une semelle interm\u00e9diaire sp\u00e9cialis\u00e9e.<\/li><li class=\"break-words\"><strong>Pr\u00eat pour le d\u00e9sert et la randonn\u00e9e<\/strong>: La tige en daim et la semelle adh\u00e9rente excellent dans les environnements sablonneux et rocheux.<\/li><li class=\"break-words\"><strong>Conception respirante<\/strong>: La doublure en maille permet de garder les pieds au frais et \u00e0 l'aise pendant une longue p\u00e9riode.<\/li><li class=\"break-words\"><strong>Construction l\u00e9g\u00e8re<\/strong>: Assure l'agilit\u00e9 et la facilit\u00e9 de mouvement sans sacrifier le soutien.<\/li><li class=\"break-words\"><strong>Semelle antid\u00e9rapante<\/strong>: Offre une excellente traction sur diff\u00e9rentes surfaces pour plus de s\u00e9curit\u00e9.<\/li><\/ul><\/div><hr \/><h4><img fetchpriority=\"high\" decoding=\"async\" class=\"aligncenter wp-image-20031 size-full\" src=\"http:\/\/www.carbonfiberinsoles.shop\/wp-content\/uploads\/2025\/03\/Carbon-Plate-Running-Shoes-Desert-Training-Shoes-with-Shock-Absorption-2-7_1.jpg\" alt=\"\" width=\"750\" height=\"1308\" srcset=\"https:\/\/www.carbonfiberinsoles.shop\/wp-content\/uploads\/2025\/03\/Carbon-Plate-Running-Shoes-Desert-Training-Shoes-with-Shock-Absorption-2-7_1.jpg 750w, https:\/\/www.carbonfiberinsoles.shop\/wp-content\/uploads\/2025\/03\/Carbon-Plate-Running-Shoes-Desert-Training-Shoes-with-Shock-Absorption-2-7_1-430x750.jpg 430w, https:\/\/www.carbonfiberinsoles.shop\/wp-content\/uploads\/2025\/03\/Carbon-Plate-Running-Shoes-Desert-Training-Shoes-with-Shock-Absorption-2-7_1-700x1221.jpg 700w, https:\/\/www.carbonfiberinsoles.shop\/wp-content\/uploads\/2025\/03\/Carbon-Plate-Running-Shoes-Desert-Training-Shoes-with-Shock-Absorption-2-7_1-172x300.jpg 172w, https:\/\/www.carbonfiberinsoles.shop\/wp-content\/uploads\/2025\/03\/Carbon-Plate-Running-Shoes-Desert-Training-Shoes-with-Shock-Absorption-2-7_1-459x800.jpg 459w, https:\/\/www.carbonfiberinsoles.shop\/wp-content\/uploads\/2025\/03\/Carbon-Plate-Running-Shoes-Desert-Training-Shoes-with-Shock-Absorption-2-7_1-7x12.jpg 7w\" sizes=\"(max-width: 750px) 100vw, 750px\" \/><img decoding=\"async\" class=\"aligncenter wp-image-20030 size-full\" src=\"http:\/\/www.carbonfiberinsoles.shop\/wp-content\/uploads\/2025\/03\/Carbon-Plate-Running-Shoes-Desert-Training-Shoes-with-Shock-Absorption-2-6_1.jpg\" alt=\"\" width=\"750\" height=\"1075\" srcset=\"https:\/\/www.carbonfiberinsoles.shop\/wp-content\/uploads\/2025\/03\/Carbon-Plate-Running-Shoes-Desert-Training-Shoes-with-Shock-Absorption-2-6_1.jpg 750w, https:\/\/www.carbonfiberinsoles.shop\/wp-content\/uploads\/2025\/03\/Carbon-Plate-Running-Shoes-Desert-Training-Shoes-with-Shock-Absorption-2-6_1-430x616.jpg 430w, https:\/\/www.carbonfiberinsoles.shop\/wp-content\/uploads\/2025\/03\/Carbon-Plate-Running-Shoes-Desert-Training-Shoes-with-Shock-Absorption-2-6_1-700x1003.jpg 700w, https:\/\/www.carbonfiberinsoles.shop\/wp-content\/uploads\/2025\/03\/Carbon-Plate-Running-Shoes-Desert-Training-Shoes-with-Shock-Absorption-2-6_1-209x300.jpg 209w, https:\/\/www.carbonfiberinsoles.shop\/wp-content\/uploads\/2025\/03\/Carbon-Plate-Running-Shoes-Desert-Training-Shoes-with-Shock-Absorption-2-6_1-558x800.jpg 558w, https:\/\/www.carbonfiberinsoles.shop\/wp-content\/uploads\/2025\/03\/Carbon-Plate-Running-Shoes-Desert-Training-Shoes-with-Shock-Absorption-2-6_1-8x12.jpg 8w\" sizes=\"(max-width: 750px) 100vw, 750px\" \/><img decoding=\"async\" class=\"aligncenter wp-image-20029 size-full\" src=\"http:\/\/www.carbonfiberinsoles.shop\/wp-content\/uploads\/2025\/03\/Carbon-Plate-Running-Shoes-Desert-Training-Shoes-with-Shock-Absorption-2-5_1.jpg\" alt=\"\" width=\"750\" height=\"2038\" srcset=\"https:\/\/www.carbonfiberinsoles.shop\/wp-content\/uploads\/2025\/03\/Carbon-Plate-Running-Shoes-Desert-Training-Shoes-with-Shock-Absorption-2-5_1.jpg 750w, https:\/\/www.carbonfiberinsoles.shop\/wp-content\/uploads\/2025\/03\/Carbon-Plate-Running-Shoes-Desert-Training-Shoes-with-Shock-Absorption-2-5_1-430x1168.jpg 430w, https:\/\/www.carbonfiberinsoles.shop\/wp-content\/uploads\/2025\/03\/Carbon-Plate-Running-Shoes-Desert-Training-Shoes-with-Shock-Absorption-2-5_1-700x1902.jpg 700w, https:\/\/www.carbonfiberinsoles.shop\/wp-content\/uploads\/2025\/03\/Carbon-Plate-Running-Shoes-Desert-Training-Shoes-with-Shock-Absorption-2-5_1-110x300.jpg 110w, https:\/\/www.carbonfiberinsoles.shop\/wp-content\/uploads\/2025\/03\/Carbon-Plate-Running-Shoes-Desert-Training-Shoes-with-Shock-Absorption-2-5_1-294x800.jpg 294w, https:\/\/www.carbonfiberinsoles.shop\/wp-content\/uploads\/2025\/03\/Carbon-Plate-Running-Shoes-Desert-Training-Shoes-with-Shock-Absorption-2-5_1-565x1536.jpg 565w, https:\/\/www.carbonfiberinsoles.shop\/wp-content\/uploads\/2025\/03\/Carbon-Plate-Running-Shoes-Desert-Training-Shoes-with-Shock-Absorption-2-5_1-4x12.jpg 4w\" sizes=\"(max-width: 750px) 100vw, 750px\" \/> <img loading=\"lazy\" decoding=\"async\" class=\"aligncenter wp-image-20028 size-full\" src=\"http:\/\/www.carbonfiberinsoles.shop\/wp-content\/uploads\/2025\/03\/Carbon-Plate-Running-Shoes-Desert-Training-Shoes-with-Shock-Absorption-2-4_1.jpg\" alt=\"\" width=\"750\" height=\"1048\" srcset=\"https:\/\/www.carbonfiberinsoles.shop\/wp-content\/uploads\/2025\/03\/Carbon-Plate-Running-Shoes-Desert-Training-Shoes-with-Shock-Absorption-2-4_1.jpg 750w, https:\/\/www.carbonfiberinsoles.shop\/wp-content\/uploads\/2025\/03\/Carbon-Plate-Running-Shoes-Desert-Training-Shoes-with-Shock-Absorption-2-4_1-430x601.jpg 430w, https:\/\/www.carbonfiberinsoles.shop\/wp-content\/uploads\/2025\/03\/Carbon-Plate-Running-Shoes-Desert-Training-Shoes-with-Shock-Absorption-2-4_1-700x978.jpg 700w, https:\/\/www.carbonfiberinsoles.shop\/wp-content\/uploads\/2025\/03\/Carbon-Plate-Running-Shoes-Desert-Training-Shoes-with-Shock-Absorption-2-4_1-215x300.jpg 215w, https:\/\/www.carbonfiberinsoles.shop\/wp-content\/uploads\/2025\/03\/Carbon-Plate-Running-Shoes-Desert-Training-Shoes-with-Shock-Absorption-2-4_1-573x800.jpg 573w, https:\/\/www.carbonfiberinsoles.shop\/wp-content\/uploads\/2025\/03\/Carbon-Plate-Running-Shoes-Desert-Training-Shoes-with-Shock-Absorption-2-4_1-9x12.jpg 9w\" sizes=\"(max-width: 750px) 100vw, 750px\" \/> <img loading=\"lazy\" decoding=\"async\" class=\"aligncenter wp-image-20032 size-full\" src=\"http:\/\/www.carbonfiberinsoles.shop\/wp-content\/uploads\/2025\/03\/Carbon-Plate-Running-Shoes-Desert-Training-Shoes-with-Shock-Absorption-2-8_1.jpg\" alt=\"\" width=\"790\" height=\"952\" srcset=\"https:\/\/www.carbonfiberinsoles.shop\/wp-content\/uploads\/2025\/03\/Carbon-Plate-Running-Shoes-Desert-Training-Shoes-with-Shock-Absorption-2-8_1.jpg 790w, https:\/\/www.carbonfiberinsoles.shop\/wp-content\/uploads\/2025\/03\/Carbon-Plate-Running-Shoes-Desert-Training-Shoes-with-Shock-Absorption-2-8_1-430x518.jpg 430w, https:\/\/www.carbonfiberinsoles.shop\/wp-content\/uploads\/2025\/03\/Carbon-Plate-Running-Shoes-Desert-Training-Shoes-with-Shock-Absorption-2-8_1-700x844.jpg 700w, https:\/\/www.carbonfiberinsoles.shop\/wp-content\/uploads\/2025\/03\/Carbon-Plate-Running-Shoes-Desert-Training-Shoes-with-Shock-Absorption-2-8_1-249x300.jpg 249w, https:\/\/www.carbonfiberinsoles.shop\/wp-content\/uploads\/2025\/03\/Carbon-Plate-Running-Shoes-Desert-Training-Shoes-with-Shock-Absorption-2-8_1-664x800.jpg 664w, https:\/\/www.carbonfiberinsoles.shop\/wp-content\/uploads\/2025\/03\/Carbon-Plate-Running-Shoes-Desert-Training-Shoes-with-Shock-Absorption-2-8_1-768x925.jpg 768w, https:\/\/www.carbonfiberinsoles.shop\/wp-content\/uploads\/2025\/03\/Carbon-Plate-Running-Shoes-Desert-Training-Shoes-with-Shock-Absorption-2-8_1-10x12.jpg 10w\" sizes=\"(max-width: 790px) 100vw, 790px\" \/> <img loading=\"lazy\" decoding=\"async\" class=\"aligncenter wp-image-20027 size-full\" src=\"http:\/\/www.carbonfiberinsoles.shop\/wp-content\/uploads\/2025\/03\/Carbon-Plate-Running-Shoes-Desert-Training-Shoes-with-Shock-Absorption-2-3_1.jpg\" alt=\"\" width=\"790\" height=\"1140\" srcset=\"https:\/\/www.carbonfiberinsoles.shop\/wp-content\/uploads\/2025\/03\/Carbon-Plate-Running-Shoes-Desert-Training-Shoes-with-Shock-Absorption-2-3_1.jpg 790w, https:\/\/www.carbonfiberinsoles.shop\/wp-content\/uploads\/2025\/03\/Carbon-Plate-Running-Shoes-Desert-Training-Shoes-with-Shock-Absorption-2-3_1-430x621.jpg 430w, https:\/\/www.carbonfiberinsoles.shop\/wp-content\/uploads\/2025\/03\/Carbon-Plate-Running-Shoes-Desert-Training-Shoes-with-Shock-Absorption-2-3_1-700x1010.jpg 700w, https:\/\/www.carbonfiberinsoles.shop\/wp-content\/uploads\/2025\/03\/Carbon-Plate-Running-Shoes-Desert-Training-Shoes-with-Shock-Absorption-2-3_1-208x300.jpg 208w, https:\/\/www.carbonfiberinsoles.shop\/wp-content\/uploads\/2025\/03\/Carbon-Plate-Running-Shoes-Desert-Training-Shoes-with-Shock-Absorption-2-3_1-554x800.jpg 554w, https:\/\/www.carbonfiberinsoles.shop\/wp-content\/uploads\/2025\/03\/Carbon-Plate-Running-Shoes-Desert-Training-Shoes-with-Shock-Absorption-2-3_1-768x1108.jpg 768w, https:\/\/www.carbonfiberinsoles.shop\/wp-content\/uploads\/2025\/03\/Carbon-Plate-Running-Shoes-Desert-Training-Shoes-with-Shock-Absorption-2-3_1-8x12.jpg 8w\" sizes=\"(max-width: 790px) 100vw, 790px\" \/> <img loading=\"lazy\" decoding=\"async\" class=\"aligncenter wp-image-20025 size-full\" src=\"http:\/\/www.carbonfiberinsoles.shop\/wp-content\/uploads\/2025\/03\/Carbon-Plate-Running-Shoes-Desert-Training-Shoes-with-Shock-Absorption-2-1_1.jpg\" alt=\"\" width=\"750\" height=\"1237\" srcset=\"https:\/\/www.carbonfiberinsoles.shop\/wp-content\/uploads\/2025\/03\/Carbon-Plate-Running-Shoes-Desert-Training-Shoes-with-Shock-Absorption-2-1_1.jpg 750w, https:\/\/www.carbonfiberinsoles.shop\/wp-content\/uploads\/2025\/03\/Carbon-Plate-Running-Shoes-Desert-Training-Shoes-with-Shock-Absorption-2-1_1-430x709.jpg 430w, https:\/\/www.carbonfiberinsoles.shop\/wp-content\/uploads\/2025\/03\/Carbon-Plate-Running-Shoes-Desert-Training-Shoes-with-Shock-Absorption-2-1_1-700x1155.jpg 700w, https:\/\/www.carbonfiberinsoles.shop\/wp-content\/uploads\/2025\/03\/Carbon-Plate-Running-Shoes-Desert-Training-Shoes-with-Shock-Absorption-2-1_1-182x300.jpg 182w, https:\/\/www.carbonfiberinsoles.shop\/wp-content\/uploads\/2025\/03\/Carbon-Plate-Running-Shoes-Desert-Training-Shoes-with-Shock-Absorption-2-1_1-485x800.jpg 485w, https:\/\/www.carbonfiberinsoles.shop\/wp-content\/uploads\/2025\/03\/Carbon-Plate-Running-Shoes-Desert-Training-Shoes-with-Shock-Absorption-2-1_1-7x12.jpg 7w\" sizes=\"(max-width: 750px) 100vw, 750px\" \/> <img loading=\"lazy\" decoding=\"async\" class=\"aligncenter wp-image-20033 size-full\" src=\"http:\/\/www.carbonfiberinsoles.shop\/wp-content\/uploads\/2025\/03\/Carbon-Plate-Running-Shoes-Desert-Training-Shoes-with-Shock-Absorption-2-9_1.jpg\" alt=\"\" width=\"790\" height=\"1210\" srcset=\"https:\/\/www.carbonfiberinsoles.shop\/wp-content\/uploads\/2025\/03\/Carbon-Plate-Running-Shoes-Desert-Training-Shoes-with-Shock-Absorption-2-9_1.jpg 790w, https:\/\/www.carbonfiberinsoles.shop\/wp-content\/uploads\/2025\/03\/Carbon-Plate-Running-Shoes-Desert-Training-Shoes-with-Shock-Absorption-2-9_1-430x659.jpg 430w, https:\/\/www.carbonfiberinsoles.shop\/wp-content\/uploads\/2025\/03\/Carbon-Plate-Running-Shoes-Desert-Training-Shoes-with-Shock-Absorption-2-9_1-700x1072.jpg 700w, https:\/\/www.carbonfiberinsoles.shop\/wp-content\/uploads\/2025\/03\/Carbon-Plate-Running-Shoes-Desert-Training-Shoes-with-Shock-Absorption-2-9_1-196x300.jpg 196w, https:\/\/www.carbonfiberinsoles.shop\/wp-content\/uploads\/2025\/03\/Carbon-Plate-Running-Shoes-Desert-Training-Shoes-with-Shock-Absorption-2-9_1-522x800.jpg 522w, https:\/\/www.carbonfiberinsoles.shop\/wp-content\/uploads\/2025\/03\/Carbon-Plate-Running-Shoes-Desert-Training-Shoes-with-Shock-Absorption-2-9_1-768x1176.jpg 768w, https:\/\/www.carbonfiberinsoles.shop\/wp-content\/uploads\/2025\/03\/Carbon-Plate-Running-Shoes-Desert-Training-Shoes-with-Shock-Absorption-2-9_1-8x12.jpg 8w\" sizes=\"(max-width: 790px) 100vw, 790px\" \/><\/h4><div><figure id=\"attachment_19589\" aria-describedby=\"caption-attachment-19589\" style=\"width: 754px\" class=\"wp-caption aligncenter\"><img loading=\"lazy\" decoding=\"async\" class=\"wp-image-19589 size-full\" src=\"http:\/\/www.carbonfiberinsoles.shop\/wp-content\/uploads\/2025\/05\/shoes-size-guide.png\" alt=\"guide des tailles de chaussures\" width=\"754\" height=\"529\" srcset=\"https:\/\/www.carbonfiberinsoles.shop\/wp-content\/uploads\/2025\/05\/shoes-size-guide.png 754w, https:\/\/www.carbonfiberinsoles.shop\/wp-content\/uploads\/2025\/05\/shoes-size-guide-430x302.png 430w, https:\/\/www.carbonfiberinsoles.shop\/wp-content\/uploads\/2025\/05\/shoes-size-guide-700x491.png 700w, https:\/\/www.carbonfiberinsoles.shop\/wp-content\/uploads\/2025\/05\/shoes-size-guide-400x281.png 400w, https:\/\/www.carbonfiberinsoles.shop\/wp-content\/uploads\/2025\/05\/shoes-size-guide-18x12.png 18w\" sizes=\"(max-width: 754px) 100vw, 754px\" \/><figcaption id=\"caption-attachment-19589\" class=\"wp-caption-text\">\u00a0<\/figcaption><\/figure><\/div><div><h4>\u00a0<\/h4><h4>Raisons d'acheter<\/h4><ul class=\"marker:text-secondary\"><li class=\"break-words\"><strong>Utilisation polyvalente<\/strong>: Parfaite pour la randonn\u00e9e, l'entra\u00eenement et les aventures dans le d\u00e9sert en une seule botte polyvalente.<\/li><li class=\"break-words\"><strong>Am\u00e9lioration des performances<\/strong>: La plaque de carbone et l'absorption des chocs am\u00e9liorent l'endurance et r\u00e9duisent les contraintes.<\/li><li class=\"break-words\"><strong>Une durabilit\u00e9 \u00e0 toute \u00e9preuve<\/strong>: Fabriqu\u00e9 avec des mat\u00e9riaux de premi\u00e8re qualit\u00e9 pour r\u00e9sister aux conditions ext\u00e9rieures difficiles.<\/li><li class=\"break-words\"><strong>Confort tout au long de la journ\u00e9e<\/strong>: Coupe ergonomique et rembourrage pour une utilisation prolong\u00e9e.<\/li><li class=\"break-words\"><strong>L'attrait du style<\/strong>: La couleur havane inspir\u00e9e du d\u00e9sert ajoute une touche de mode \u00e0 la fonctionnalit\u00e9.<\/li><\/ul><h4>FAQ<\/h4><ul class=\"marker:text-secondary\"><li class=\"break-words\"><strong>Ces chaussures sont-elles adapt\u00e9es aux longues randonn\u00e9es ?<\/strong><br \/>Oui, la plaque de carbone et l'absorption des chocs en font des chaussures id\u00e9ales pour les longues randonn\u00e9es, car elles assurent la stabilit\u00e9 et la protection des articulations.<\/li><li class=\"break-words\"><strong>Puis-je les utiliser pour courir ou m'entra\u00eener ?<\/strong><br \/>Absolument, leur conception favorise la course et l'entra\u00eenement gr\u00e2ce \u00e0 un excellent amorti et \u00e0 une bonne adh\u00e9rence.<\/li><li class=\"break-words\"><strong>Comment entretenir ces bottes ?<\/strong><br \/>Nettoyer avec un chiffon humide et un savon doux. \u00c9viter le lavage en machine pour prot\u00e9ger la plaque de carbone et le rembourrage.<\/li><li class=\"break-words\"><strong>D'autres couleurs sont-elles disponibles ?<\/strong><br \/>Actuellement propos\u00e9 en couleur beige, mais restez \u00e0 l'\u00e9coute pour conna\u00eetre les nouvelles options de couleur possibles.<\/li><li class=\"break-words\"><strong>Quelle est la politique de retour ?<\/strong><br \/>Nous offrons une politique de retour de 30 jours pour les articles non utilis\u00e9s dans leur emballage d'origine. Contactez le service client\u00e8le pour obtenir de l'aide.<\/li><\/ul><p class=\"break-words\">Ces chaussures Carbon Plate sont un m\u00e9lange parfait de chaussures de d\u00e9sert, de chaussures de randonn\u00e9e et de chaussures d'entra\u00eenement, offrant une absorption des chocs et des performances in\u00e9gal\u00e9es pour votre prochaine aventure !<\/p><\/div>\t\t\t\t\t\t\t\t<\/div>\n\t\t\t\t<\/div>\n\t\t\t\t\t<\/div>\n\t\t\t\t<\/div>\n\t\t\t\t<\/div>","protected":false},"excerpt":{"rendered":"<p>Lib\u00e9rez votre potentiel avec nos chaussures Carbon Plate, con\u00e7ues comme des chaussures de d\u00e9sert, des chaussures de randonn\u00e9e et des chaussures d'entra\u00eenement. Dot\u00e9es d'un syst\u00e8me avanc\u00e9 d'absorption des chocs, ces chaussures l\u00e9g\u00e8res offrent durabilit\u00e9 et confort pour la randonn\u00e9e, l'entra\u00eenement et les aventures en plein air.<\/p>","protected":false},"featured_media":17435,"comment_status":"open","ping_status":"closed","template":"","meta":{"_kadence_starter_templates_imported_post":false,"_kad_post_transparent":"","_kad_post_title":"","_kad_post_layout":"","_kad_post_sidebar_id":"","_kad_post_content_style":"","_kad_post_vertical_padding":"","_kad_post_feature":"","_kad_post_feature_position":"","_kad_post_header":false,"_kad_post_footer":false},"product_brand":[],"product_cat":[253,252],"product_tag":[254,255,259,264,325,258,327,326],"class_list":{"0":"post-17420","1":"product","2":"type-product","3":"status-publish","4":"has-post-thumbnail","6":"product_cat-carbon-plate-running-shoes","7":"product_cat-carbon-shoes","8":"product_tag-carbon-plate-running-shoes","9":"product_tag-carbon-plate-shoes","10":"product_tag-carbon-running-shoes","11":"product_tag-carbon-shoes","12":"product_tag-dessert-shoes","13":"product_tag-running-shoes-with-carbon-plate","14":"product_tag-shock-absorption-shoes","15":"product_tag-training-shoes","17":"first","18":"instock","19":"shipping-taxable","20":"purchasable","21":"product-type-variable","22":"has-default-attributes","23":"entry","24":"content-bg","25":"loop-entry"},"aioseo_notices":[],"_links":{"self":[{"href":"https:\/\/www.carbonfiberinsoles.shop\/fr\/wp-json\/wp\/v2\/product\/17420","targetHints":{"allow":["GET"]}}],"collection":[{"href":"https:\/\/www.carbonfiberinsoles.shop\/fr\/wp-json\/wp\/v2\/product"}],"about":[{"href":"https:\/\/www.carbonfiberinsoles.shop\/fr\/wp-json\/wp\/v2\/types\/product"}],"replies":[{"embeddable":true,"href":"https:\/\/www.carbonfiberinsoles.shop\/fr\/wp-json\/wp\/v2\/comments?post=17420"}],"version-history":[{"count":0,"href":"https:\/\/www.carbonfiberinsoles.shop\/fr\/wp-json\/wp\/v2\/product\/17420\/revisions"}],"wp:featuredmedia":[{"embeddable":true,"href":"https:\/\/www.carbonfiberinsoles.shop\/fr\/wp-json\/wp\/v2\/media\/17435"}],"wp:attachment":[{"href":"https:\/\/www.carbonfiberinsoles.shop\/fr\/wp-json\/wp\/v2\/media?parent=17420"}],"wp:term":[{"taxonomy":"product_brand","embeddable":true,"href":"https:\/\/www.carbonfiberinsoles.shop\/fr\/wp-json\/wp\/v2\/product_brand?post=17420"},{"taxonomy":"product_cat","embeddable":true,"href":"https:\/\/www.carbonfiberinsoles.shop\/fr\/wp-json\/wp\/v2\/product_cat?post=17420"},{"taxonomy":"product_tag","embeddable":true,"href":"https:\/\/www.carbonfiberinsoles.shop\/fr\/wp-json\/wp\/v2\/product_tag?post=17420"}],"curies":[{"name":"wp","href":"https:\/\/api.w.org\/{rel}","templated":true}]}}