{"id":19544,"date":"2025-05-05T07:56:21","date_gmt":"2025-05-05T07:56:21","guid":{"rendered":"https:\/\/www.carbonfiberinsoles.shop\/?post_type=product&#038;p=19544"},"modified":"2026-03-30T08:02:36","modified_gmt":"2026-03-30T08:02:36","slug":"health-carbon-speed-km3-racing-shoes-professional-track-and-field-training-shoes","status":"publish","type":"product","link":"https:\/\/www.carbonfiberinsoles.shop\/fr\/produit\/health-carbon-speed-km3-racing-shoes-professional-track-and-field-training-shoes\/","title":{"rendered":"Chaussures de course HYPER KM3 Carbon - Athl\u00e9tisme"},"content":{"rendered":"<h4>1. Vue d'ensemble<\/h4>\n<div class=\"auto-hide-last-sibling-br paragraph-qzbcQC paragraph-element br-paragraph-space\">Les chaussures de course HEALTH Carbon Speed KM3 sont le r\u00e9sultat d'une innovation continue dans le domaine des chaussures de sport. Depuis la cr\u00e9ation de la marque en 1984, sp\u00e9cialis\u00e9e dans les chaussures de sport ax\u00e9es sur les examens, la KM3 s'appuie sur l'h\u00e9ritage de son pr\u00e9d\u00e9cesseur, la KM2. Elle est con\u00e7ue pour r\u00e9pondre aux exigences des courses \u00e0 grande vitesse et des entra\u00eenements rigoureux sur piste et sur terrain.<\/div>\n<h4 class=\"header-jfw95c auto-hide-last-sibling-br\">2. Sp\u00e9cifications techniques<\/h4>\n<ul class=\"auto-hide-last-sibling-br\">\n<li><strong>Mati\u00e8re sup\u00e9rieure<\/strong>: Tissage sp\u00e9cial de fils haute r\u00e9sistance Hi - Knit, avec des mat\u00e9riaux \u00e0 deux densit\u00e9s pour une surface de chaussure respirante et durable.<\/li>\n<li><strong>Semelle interm\u00e9diaire<\/strong>: Semelle interm\u00e9diaire en mousse supercritique HiFoam \u00e0 double densit\u00e9. La couche sup\u00e9rieure a une duret\u00e9 de 40c pour un amorti doux et un retour d'\u00e9nergie, tandis que la couche inf\u00e9rieure avec une duret\u00e9 de 50c offre stabilit\u00e9 et soutien.<\/li>\n<li><strong>Semelle ext\u00e9rieure<\/strong>: Semelle ext\u00e9rieure \u00e0 motifs de pneus de course avec particules antid\u00e9rapantes KPU pour une meilleure adh\u00e9rence.<\/li>\n<li><strong>Plaque de carbone<\/strong>: Plaque de carbone renforc\u00e9e sur toute la longueur, d'une \u00e9paisseur allant jusqu'\u00e0 1,2 mm, offrant une r\u00e9sistance \u00e0 la torsion et une force de propulsion exceptionnelles.<\/li>\n<\/ul>\n<hr \/>\n<p><img fetchpriority=\"high\" decoding=\"async\" class=\"aligncenter wp-image-20100 size-full\" src=\"http:\/\/www.carbonfiberinsoles.shop\/wp-content\/uploads\/2025\/05\/carbon-plate-shoes-6_1_1_1.jpg\" alt=\"\" width=\"776\" height=\"1200\" srcset=\"https:\/\/www.carbonfiberinsoles.shop\/wp-content\/uploads\/2025\/05\/carbon-plate-shoes-6_1_1_1.jpg 776w, https:\/\/www.carbonfiberinsoles.shop\/wp-content\/uploads\/2025\/05\/carbon-plate-shoes-6_1_1_1-430x665.jpg 430w, https:\/\/www.carbonfiberinsoles.shop\/wp-content\/uploads\/2025\/05\/carbon-plate-shoes-6_1_1_1-700x1082.jpg 700w, https:\/\/www.carbonfiberinsoles.shop\/wp-content\/uploads\/2025\/05\/carbon-plate-shoes-6_1_1_1-194x300.jpg 194w, https:\/\/www.carbonfiberinsoles.shop\/wp-content\/uploads\/2025\/05\/carbon-plate-shoes-6_1_1_1-517x800.jpg 517w, https:\/\/www.carbonfiberinsoles.shop\/wp-content\/uploads\/2025\/05\/carbon-plate-shoes-6_1_1_1-768x1188.jpg 768w, https:\/\/www.carbonfiberinsoles.shop\/wp-content\/uploads\/2025\/05\/carbon-plate-shoes-6_1_1_1-8x12.jpg 8w\" sizes=\"(max-width: 776px) 100vw, 776px\" \/> <img decoding=\"async\" class=\"aligncenter wp-image-20103 size-full\" src=\"http:\/\/www.carbonfiberinsoles.shop\/wp-content\/uploads\/2025\/05\/carbon-plate-shoes-9_1_1_1.jpg\" alt=\"\" width=\"996\" height=\"1200\" srcset=\"https:\/\/www.carbonfiberinsoles.shop\/wp-content\/uploads\/2025\/05\/carbon-plate-shoes-9_1_1_1.jpg 996w, https:\/\/www.carbonfiberinsoles.shop\/wp-content\/uploads\/2025\/05\/carbon-plate-shoes-9_1_1_1-430x518.jpg 430w, https:\/\/www.carbonfiberinsoles.shop\/wp-content\/uploads\/2025\/05\/carbon-plate-shoes-9_1_1_1-700x843.jpg 700w, https:\/\/www.carbonfiberinsoles.shop\/wp-content\/uploads\/2025\/05\/carbon-plate-shoes-9_1_1_1-249x300.jpg 249w, https:\/\/www.carbonfiberinsoles.shop\/wp-content\/uploads\/2025\/05\/carbon-plate-shoes-9_1_1_1-664x800.jpg 664w, https:\/\/www.carbonfiberinsoles.shop\/wp-content\/uploads\/2025\/05\/carbon-plate-shoes-9_1_1_1-768x925.jpg 768w, https:\/\/www.carbonfiberinsoles.shop\/wp-content\/uploads\/2025\/05\/carbon-plate-shoes-9_1_1_1-10x12.jpg 10w\" sizes=\"(max-width: 996px) 100vw, 996px\" \/> <img decoding=\"async\" class=\"aligncenter wp-image-20096 size-full\" src=\"http:\/\/www.carbonfiberinsoles.shop\/wp-content\/uploads\/2025\/05\/carbon-plate-shoes-2_1_1_1.jpg\" alt=\"\" width=\"786\" height=\"1200\" srcset=\"https:\/\/www.carbonfiberinsoles.shop\/wp-content\/uploads\/2025\/05\/carbon-plate-shoes-2_1_1_1.jpg 786w, https:\/\/www.carbonfiberinsoles.shop\/wp-content\/uploads\/2025\/05\/carbon-plate-shoes-2_1_1_1-430x656.jpg 430w, https:\/\/www.carbonfiberinsoles.shop\/wp-content\/uploads\/2025\/05\/carbon-plate-shoes-2_1_1_1-700x1069.jpg 700w, https:\/\/www.carbonfiberinsoles.shop\/wp-content\/uploads\/2025\/05\/carbon-plate-shoes-2_1_1_1-197x300.jpg 197w, https:\/\/www.carbonfiberinsoles.shop\/wp-content\/uploads\/2025\/05\/carbon-plate-shoes-2_1_1_1-524x800.jpg 524w, https:\/\/www.carbonfiberinsoles.shop\/wp-content\/uploads\/2025\/05\/carbon-plate-shoes-2_1_1_1-768x1173.jpg 768w, https:\/\/www.carbonfiberinsoles.shop\/wp-content\/uploads\/2025\/05\/carbon-plate-shoes-2_1_1_1-8x12.jpg 8w\" sizes=\"(max-width: 786px) 100vw, 786px\" \/> <img loading=\"lazy\" decoding=\"async\" class=\"aligncenter wp-image-20104 size-full\" src=\"http:\/\/www.carbonfiberinsoles.shop\/wp-content\/uploads\/2025\/05\/carbon-plate-shoes-10_1_1_1.jpg\" alt=\"\" width=\"776\" height=\"1200\" srcset=\"https:\/\/www.carbonfiberinsoles.shop\/wp-content\/uploads\/2025\/05\/carbon-plate-shoes-10_1_1_1.jpg 776w, https:\/\/www.carbonfiberinsoles.shop\/wp-content\/uploads\/2025\/05\/carbon-plate-shoes-10_1_1_1-430x665.jpg 430w, https:\/\/www.carbonfiberinsoles.shop\/wp-content\/uploads\/2025\/05\/carbon-plate-shoes-10_1_1_1-700x1082.jpg 700w, https:\/\/www.carbonfiberinsoles.shop\/wp-content\/uploads\/2025\/05\/carbon-plate-shoes-10_1_1_1-194x300.jpg 194w, https:\/\/www.carbonfiberinsoles.shop\/wp-content\/uploads\/2025\/05\/carbon-plate-shoes-10_1_1_1-517x800.jpg 517w, https:\/\/www.carbonfiberinsoles.shop\/wp-content\/uploads\/2025\/05\/carbon-plate-shoes-10_1_1_1-768x1188.jpg 768w, https:\/\/www.carbonfiberinsoles.shop\/wp-content\/uploads\/2025\/05\/carbon-plate-shoes-10_1_1_1-8x12.jpg 8w\" sizes=\"(max-width: 776px) 100vw, 776px\" \/> <img loading=\"lazy\" decoding=\"async\" class=\"aligncenter wp-image-20102 size-full\" src=\"http:\/\/www.carbonfiberinsoles.shop\/wp-content\/uploads\/2025\/05\/carbon-plate-shoes-8_1_1_1.jpg\" alt=\"\" width=\"790\" height=\"1160\" srcset=\"https:\/\/www.carbonfiberinsoles.shop\/wp-content\/uploads\/2025\/05\/carbon-plate-shoes-8_1_1_1.jpg 790w, https:\/\/www.carbonfiberinsoles.shop\/wp-content\/uploads\/2025\/05\/carbon-plate-shoes-8_1_1_1-430x631.jpg 430w, https:\/\/www.carbonfiberinsoles.shop\/wp-content\/uploads\/2025\/05\/carbon-plate-shoes-8_1_1_1-700x1028.jpg 700w, https:\/\/www.carbonfiberinsoles.shop\/wp-content\/uploads\/2025\/05\/carbon-plate-shoes-8_1_1_1-204x300.jpg 204w, https:\/\/www.carbonfiberinsoles.shop\/wp-content\/uploads\/2025\/05\/carbon-plate-shoes-8_1_1_1-545x800.jpg 545w, https:\/\/www.carbonfiberinsoles.shop\/wp-content\/uploads\/2025\/05\/carbon-plate-shoes-8_1_1_1-768x1128.jpg 768w, https:\/\/www.carbonfiberinsoles.shop\/wp-content\/uploads\/2025\/05\/carbon-plate-shoes-8_1_1_1-8x12.jpg 8w\" sizes=\"(max-width: 790px) 100vw, 790px\" \/> <img loading=\"lazy\" decoding=\"async\" class=\"aligncenter wp-image-20099 size-full\" src=\"http:\/\/www.carbonfiberinsoles.shop\/wp-content\/uploads\/2025\/05\/carbon-plate-shoes-5_1_1_1.jpg\" alt=\"\" width=\"776\" height=\"1200\" srcset=\"https:\/\/www.carbonfiberinsoles.shop\/wp-content\/uploads\/2025\/05\/carbon-plate-shoes-5_1_1_1.jpg 776w, https:\/\/www.carbonfiberinsoles.shop\/wp-content\/uploads\/2025\/05\/carbon-plate-shoes-5_1_1_1-430x665.jpg 430w, https:\/\/www.carbonfiberinsoles.shop\/wp-content\/uploads\/2025\/05\/carbon-plate-shoes-5_1_1_1-700x1082.jpg 700w, https:\/\/www.carbonfiberinsoles.shop\/wp-content\/uploads\/2025\/05\/carbon-plate-shoes-5_1_1_1-194x300.jpg 194w, https:\/\/www.carbonfiberinsoles.shop\/wp-content\/uploads\/2025\/05\/carbon-plate-shoes-5_1_1_1-517x800.jpg 517w, https:\/\/www.carbonfiberinsoles.shop\/wp-content\/uploads\/2025\/05\/carbon-plate-shoes-5_1_1_1-768x1188.jpg 768w, https:\/\/www.carbonfiberinsoles.shop\/wp-content\/uploads\/2025\/05\/carbon-plate-shoes-5_1_1_1-8x12.jpg 8w\" sizes=\"(max-width: 776px) 100vw, 776px\" \/> <img loading=\"lazy\" decoding=\"async\" class=\"aligncenter wp-image-20107 size-full\" src=\"http:\/\/www.carbonfiberinsoles.shop\/wp-content\/uploads\/2025\/05\/carbon-plate-shoes-13_1_1_1.jpg\" alt=\"\" width=\"776\" height=\"1691\" srcset=\"https:\/\/www.carbonfiberinsoles.shop\/wp-content\/uploads\/2025\/05\/carbon-plate-shoes-13_1_1_1.jpg 776w, https:\/\/www.carbonfiberinsoles.shop\/wp-content\/uploads\/2025\/05\/carbon-plate-shoes-13_1_1_1-430x937.jpg 430w, https:\/\/www.carbonfiberinsoles.shop\/wp-content\/uploads\/2025\/05\/carbon-plate-shoes-13_1_1_1-700x1525.jpg 700w, https:\/\/www.carbonfiberinsoles.shop\/wp-content\/uploads\/2025\/05\/carbon-plate-shoes-13_1_1_1-138x300.jpg 138w, https:\/\/www.carbonfiberinsoles.shop\/wp-content\/uploads\/2025\/05\/carbon-plate-shoes-13_1_1_1-367x800.jpg 367w, https:\/\/www.carbonfiberinsoles.shop\/wp-content\/uploads\/2025\/05\/carbon-plate-shoes-13_1_1_1-768x1674.jpg 768w, https:\/\/www.carbonfiberinsoles.shop\/wp-content\/uploads\/2025\/05\/carbon-plate-shoes-13_1_1_1-705x1536.jpg 705w, https:\/\/www.carbonfiberinsoles.shop\/wp-content\/uploads\/2025\/05\/carbon-plate-shoes-13_1_1_1-6x12.jpg 6w\" sizes=\"(max-width: 776px) 100vw, 776px\" \/> <img loading=\"lazy\" decoding=\"async\" class=\"aligncenter wp-image-20101 size-full\" src=\"http:\/\/www.carbonfiberinsoles.shop\/wp-content\/uploads\/2025\/05\/carbon-plate-shoes-7_1_1_1.jpg\" alt=\"\" width=\"776\" height=\"1475\" srcset=\"https:\/\/www.carbonfiberinsoles.shop\/wp-content\/uploads\/2025\/05\/carbon-plate-shoes-7_1_1_1.jpg 776w, https:\/\/www.carbonfiberinsoles.shop\/wp-content\/uploads\/2025\/05\/carbon-plate-shoes-7_1_1_1-430x817.jpg 430w, https:\/\/www.carbonfiberinsoles.shop\/wp-content\/uploads\/2025\/05\/carbon-plate-shoes-7_1_1_1-700x1331.jpg 700w, https:\/\/www.carbonfiberinsoles.shop\/wp-content\/uploads\/2025\/05\/carbon-plate-shoes-7_1_1_1-158x300.jpg 158w, https:\/\/www.carbonfiberinsoles.shop\/wp-content\/uploads\/2025\/05\/carbon-plate-shoes-7_1_1_1-421x800.jpg 421w, https:\/\/www.carbonfiberinsoles.shop\/wp-content\/uploads\/2025\/05\/carbon-plate-shoes-7_1_1_1-768x1460.jpg 768w, https:\/\/www.carbonfiberinsoles.shop\/wp-content\/uploads\/2025\/05\/carbon-plate-shoes-7_1_1_1-6x12.jpg 6w\" sizes=\"(max-width: 776px) 100vw, 776px\" \/> <img loading=\"lazy\" decoding=\"async\" class=\"aligncenter wp-image-20097 size-full\" src=\"http:\/\/www.carbonfiberinsoles.shop\/wp-content\/uploads\/2025\/05\/carbon-plate-shoes-3_1_1_1.jpg\" alt=\"\" width=\"776\" height=\"1200\" srcset=\"https:\/\/www.carbonfiberinsoles.shop\/wp-content\/uploads\/2025\/05\/carbon-plate-shoes-3_1_1_1.jpg 776w, https:\/\/www.carbonfiberinsoles.shop\/wp-content\/uploads\/2025\/05\/carbon-plate-shoes-3_1_1_1-430x665.jpg 430w, https:\/\/www.carbonfiberinsoles.shop\/wp-content\/uploads\/2025\/05\/carbon-plate-shoes-3_1_1_1-700x1082.jpg 700w, https:\/\/www.carbonfiberinsoles.shop\/wp-content\/uploads\/2025\/05\/carbon-plate-shoes-3_1_1_1-194x300.jpg 194w, https:\/\/www.carbonfiberinsoles.shop\/wp-content\/uploads\/2025\/05\/carbon-plate-shoes-3_1_1_1-517x800.jpg 517w, https:\/\/www.carbonfiberinsoles.shop\/wp-content\/uploads\/2025\/05\/carbon-plate-shoes-3_1_1_1-768x1188.jpg 768w, https:\/\/www.carbonfiberinsoles.shop\/wp-content\/uploads\/2025\/05\/carbon-plate-shoes-3_1_1_1-8x12.jpg 8w\" sizes=\"(max-width: 776px) 100vw, 776px\" \/> <img loading=\"lazy\" decoding=\"async\" class=\"aligncenter wp-image-20106 size-full\" src=\"http:\/\/www.carbonfiberinsoles.shop\/wp-content\/uploads\/2025\/05\/carbon-plate-shoes-12_1_1_1.jpg\" alt=\"\" width=\"776\" height=\"1200\" srcset=\"https:\/\/www.carbonfiberinsoles.shop\/wp-content\/uploads\/2025\/05\/carbon-plate-shoes-12_1_1_1.jpg 776w, https:\/\/www.carbonfiberinsoles.shop\/wp-content\/uploads\/2025\/05\/carbon-plate-shoes-12_1_1_1-430x665.jpg 430w, https:\/\/www.carbonfiberinsoles.shop\/wp-content\/uploads\/2025\/05\/carbon-plate-shoes-12_1_1_1-700x1082.jpg 700w, https:\/\/www.carbonfiberinsoles.shop\/wp-content\/uploads\/2025\/05\/carbon-plate-shoes-12_1_1_1-194x300.jpg 194w, https:\/\/www.carbonfiberinsoles.shop\/wp-content\/uploads\/2025\/05\/carbon-plate-shoes-12_1_1_1-517x800.jpg 517w, https:\/\/www.carbonfiberinsoles.shop\/wp-content\/uploads\/2025\/05\/carbon-plate-shoes-12_1_1_1-768x1188.jpg 768w, https:\/\/www.carbonfiberinsoles.shop\/wp-content\/uploads\/2025\/05\/carbon-plate-shoes-12_1_1_1-8x12.jpg 8w\" sizes=\"(max-width: 776px) 100vw, 776px\" \/> <img loading=\"lazy\" decoding=\"async\" class=\"aligncenter wp-image-20098 size-full\" src=\"http:\/\/www.carbonfiberinsoles.shop\/wp-content\/uploads\/2025\/05\/carbon-plate-shoes-4_1_1_1.jpg\" alt=\"\" width=\"880\" height=\"2257\" srcset=\"https:\/\/www.carbonfiberinsoles.shop\/wp-content\/uploads\/2025\/05\/carbon-plate-shoes-4_1_1_1.jpg 880w, https:\/\/www.carbonfiberinsoles.shop\/wp-content\/uploads\/2025\/05\/carbon-plate-shoes-4_1_1_1-430x1103.jpg 430w, https:\/\/www.carbonfiberinsoles.shop\/wp-content\/uploads\/2025\/05\/carbon-plate-shoes-4_1_1_1-700x1795.jpg 700w, https:\/\/www.carbonfiberinsoles.shop\/wp-content\/uploads\/2025\/05\/carbon-plate-shoes-4_1_1_1-117x300.jpg 117w, https:\/\/www.carbonfiberinsoles.shop\/wp-content\/uploads\/2025\/05\/carbon-plate-shoes-4_1_1_1-312x800.jpg 312w, https:\/\/www.carbonfiberinsoles.shop\/wp-content\/uploads\/2025\/05\/carbon-plate-shoes-4_1_1_1-768x1970.jpg 768w, https:\/\/www.carbonfiberinsoles.shop\/wp-content\/uploads\/2025\/05\/carbon-plate-shoes-4_1_1_1-599x1536.jpg 599w, https:\/\/www.carbonfiberinsoles.shop\/wp-content\/uploads\/2025\/05\/carbon-plate-shoes-4_1_1_1-799x2048.jpg 799w, https:\/\/www.carbonfiberinsoles.shop\/wp-content\/uploads\/2025\/05\/carbon-plate-shoes-4_1_1_1-5x12.jpg 5w\" sizes=\"(max-width: 880px) 100vw, 880px\" \/> <img loading=\"lazy\" decoding=\"async\" class=\"aligncenter wp-image-20095 size-full\" src=\"http:\/\/www.carbonfiberinsoles.shop\/wp-content\/uploads\/2025\/05\/carbon-plate-shoes-1_1_1_1.jpg\" alt=\"\" width=\"776\" height=\"2291\" srcset=\"https:\/\/www.carbonfiberinsoles.shop\/wp-content\/uploads\/2025\/05\/carbon-plate-shoes-1_1_1_1.jpg 776w, https:\/\/www.carbonfiberinsoles.shop\/wp-content\/uploads\/2025\/05\/carbon-plate-shoes-1_1_1_1-430x1269.jpg 430w, https:\/\/www.carbonfiberinsoles.shop\/wp-content\/uploads\/2025\/05\/carbon-plate-shoes-1_1_1_1-700x2067.jpg 700w, https:\/\/www.carbonfiberinsoles.shop\/wp-content\/uploads\/2025\/05\/carbon-plate-shoes-1_1_1_1-102x300.jpg 102w, https:\/\/www.carbonfiberinsoles.shop\/wp-content\/uploads\/2025\/05\/carbon-plate-shoes-1_1_1_1-271x800.jpg 271w, https:\/\/www.carbonfiberinsoles.shop\/wp-content\/uploads\/2025\/05\/carbon-plate-shoes-1_1_1_1-768x2267.jpg 768w, https:\/\/www.carbonfiberinsoles.shop\/wp-content\/uploads\/2025\/05\/carbon-plate-shoes-1_1_1_1-520x1536.jpg 520w, https:\/\/www.carbonfiberinsoles.shop\/wp-content\/uploads\/2025\/05\/carbon-plate-shoes-1_1_1_1-694x2048.jpg 694w, https:\/\/www.carbonfiberinsoles.shop\/wp-content\/uploads\/2025\/05\/carbon-plate-shoes-1_1_1_1-4x12.jpg 4w\" sizes=\"(max-width: 776px) 100vw, 776px\" \/> <img loading=\"lazy\" decoding=\"async\" class=\"aligncenter wp-image-20108 size-full\" src=\"http:\/\/www.carbonfiberinsoles.shop\/wp-content\/uploads\/2025\/05\/carbon-plate-shoes-14_1_1_1.jpg\" alt=\"\" width=\"776\" height=\"1200\" srcset=\"https:\/\/www.carbonfiberinsoles.shop\/wp-content\/uploads\/2025\/05\/carbon-plate-shoes-14_1_1_1.jpg 776w, https:\/\/www.carbonfiberinsoles.shop\/wp-content\/uploads\/2025\/05\/carbon-plate-shoes-14_1_1_1-430x665.jpg 430w, https:\/\/www.carbonfiberinsoles.shop\/wp-content\/uploads\/2025\/05\/carbon-plate-shoes-14_1_1_1-700x1082.jpg 700w, https:\/\/www.carbonfiberinsoles.shop\/wp-content\/uploads\/2025\/05\/carbon-plate-shoes-14_1_1_1-194x300.jpg 194w, https:\/\/www.carbonfiberinsoles.shop\/wp-content\/uploads\/2025\/05\/carbon-plate-shoes-14_1_1_1-517x800.jpg 517w, https:\/\/www.carbonfiberinsoles.shop\/wp-content\/uploads\/2025\/05\/carbon-plate-shoes-14_1_1_1-768x1188.jpg 768w, https:\/\/www.carbonfiberinsoles.shop\/wp-content\/uploads\/2025\/05\/carbon-plate-shoes-14_1_1_1-8x12.jpg 8w\" sizes=\"(max-width: 776px) 100vw, 776px\" \/> <img loading=\"lazy\" decoding=\"async\" class=\"aligncenter wp-image-20105 size-full\" src=\"http:\/\/www.carbonfiberinsoles.shop\/wp-content\/uploads\/2025\/05\/carbon-plate-shoes-11_1_1_1.jpg\" alt=\"\" width=\"776\" height=\"764\" srcset=\"https:\/\/www.carbonfiberinsoles.shop\/wp-content\/uploads\/2025\/05\/carbon-plate-shoes-11_1_1_1.jpg 776w, https:\/\/www.carbonfiberinsoles.shop\/wp-content\/uploads\/2025\/05\/carbon-plate-shoes-11_1_1_1-430x423.jpg 430w, https:\/\/www.carbonfiberinsoles.shop\/wp-content\/uploads\/2025\/05\/carbon-plate-shoes-11_1_1_1-150x148.jpg 150w, https:\/\/www.carbonfiberinsoles.shop\/wp-content\/uploads\/2025\/05\/carbon-plate-shoes-11_1_1_1-700x689.jpg 700w, https:\/\/www.carbonfiberinsoles.shop\/wp-content\/uploads\/2025\/05\/carbon-plate-shoes-11_1_1_1-305x300.jpg 305w, https:\/\/www.carbonfiberinsoles.shop\/wp-content\/uploads\/2025\/05\/carbon-plate-shoes-11_1_1_1-768x756.jpg 768w, https:\/\/www.carbonfiberinsoles.shop\/wp-content\/uploads\/2025\/05\/carbon-plate-shoes-11_1_1_1-12x12.jpg 12w\" sizes=\"(max-width: 776px) 100vw, 776px\" \/><\/p>\n<p><img loading=\"lazy\" decoding=\"async\" class=\"wp-image-19589 size-full aligncenter\" src=\"http:\/\/www.carbonfiberinsoles.shop\/wp-content\/uploads\/2025\/05\/shoes-size-guide.png\" alt=\"guide des tailles de chaussures\" width=\"754\" height=\"529\" srcset=\"https:\/\/www.carbonfiberinsoles.shop\/wp-content\/uploads\/2025\/05\/shoes-size-guide.png 754w, https:\/\/www.carbonfiberinsoles.shop\/wp-content\/uploads\/2025\/05\/shoes-size-guide-430x302.png 430w, https:\/\/www.carbonfiberinsoles.shop\/wp-content\/uploads\/2025\/05\/shoes-size-guide-700x491.png 700w, https:\/\/www.carbonfiberinsoles.shop\/wp-content\/uploads\/2025\/05\/shoes-size-guide-400x281.png 400w, https:\/\/www.carbonfiberinsoles.shop\/wp-content\/uploads\/2025\/05\/shoes-size-guide-18x12.png 18w\" sizes=\"(max-width: 754px) 100vw, 754px\" \/><\/p>\n<p>&nbsp;<\/p>\n<hr \/>\n<h4 class=\"header-jfw95c auto-hide-last-sibling-br\">3. Caract\u00e9ristiques<\/h4>\n<ul class=\"auto-hide-last-sibling-br\">\n<li><strong>Rebond et propulsion<\/strong>: Par rapport \u00e0 la KM2, la performance de rebond est am\u00e9lior\u00e9e de 20,0%, et la performance de propulsion est am\u00e9lior\u00e9e de 58%. La plaque de carbone sur toute la longueur et la semelle interm\u00e9diaire en mousse supercritique travaillent en tandem pour offrir un excellent retour d'\u00e9nergie.<\/li>\n<li><strong>L\u00e9ger et respirant<\/strong>: La tige Hi - Knit assure une bonne respirabilit\u00e9 et la conception g\u00e9n\u00e9rale de la chaussure r\u00e9duit le poids, ce qui permet de se d\u00e9placer rapidement.<\/li>\n<li><strong>Stabilit\u00e9 et pr\u00e9hension<\/strong>: La semelle interm\u00e9diaire \u00e0 double densit\u00e9 assure la stabilit\u00e9, et la semelle ext\u00e9rieure \u00e0 motif de pneu de course avec particules KPU offre une forte traction, m\u00eame sur les surfaces mouill\u00e9es.<\/li>\n<li><strong>Propulsion roulante<\/strong>: Le point de retournement de l'avant-pied est situ\u00e9 \u00e0 65% de la semelle interm\u00e9diaire, ce qui am\u00e9liore l'inertie vers l'avant et la propulsion de la course.<\/li>\n<\/ul>\n<h4 class=\"header-jfw95c auto-hide-last-sibling-br\">4. Raisons d'acheter<\/h4>\n<ul class=\"auto-hide-last-sibling-br\">\n<li><strong>Conception ax\u00e9e sur les performances<\/strong>: Que vous soyez un athl\u00e8te professionnel s'entra\u00eenant pour des \u00e9preuves d'athl\u00e9tisme ou un \u00e9tudiant pr\u00e9parant des examens sportifs, ces chaussures sont con\u00e7ues pour am\u00e9liorer votre vitesse et vos performances.<\/li>\n<li><strong>Assurance qualit\u00e9<\/strong>: Avec une marque dont l'histoire remonte \u00e0 1984, HEALTH a fait ses preuves dans la production de chaussures de sport fiables.<\/li>\n<li><strong>Technologie avanc\u00e9e<\/strong>: La combinaison de la technologie des plaques de carbone, de la semelle interm\u00e9diaire en mousse supercritique et de la tige en fil tr\u00e8s r\u00e9sistant repr\u00e9sente la derni\u00e8re innovation en mati\u00e8re de chaussures d'athl\u00e9tisme.<\/li>\n<\/ul>\n<h4 class=\"header-jfw95c auto-hide-last-sibling-br\">5. FAQ (Foire aux questions)<\/h4>\n<ul class=\"auto-hide-last-sibling-br\">\n<li><strong>Q : Ces chaussures sont-elles adapt\u00e9es \u00e0 la course de fond ?<\/strong>\n<ul class=\"auto-hide-last-sibling-br\">\n<li><strong>A :<\/strong>\u00a0Absolument. La semelle interm\u00e9diaire en mousse supercritique offre un excellent amorti et un retour d'\u00e9nergie, ce qui en fait la chaussure id\u00e9ale pour les courses de longue distance.<\/li>\n<\/ul>\n<\/li>\n<li><strong>Q : Quelles sont les tailles disponibles ?<\/strong>\n<ul class=\"auto-hide-last-sibling-br\">\n<li><strong>A :<\/strong>\u00a0Les tailles vont du 38 au 46, ce qui permet de r\u00e9pondre \u00e0 un large \u00e9ventail de pointures.<\/li>\n<\/ul>\n<\/li>\n<li><strong>Q : Quelle est la durabilit\u00e9 de ces chaussures ?<\/strong>\n<ul class=\"auto-hide-last-sibling-br\">\n<li><strong>A :<\/strong>\u00a0La tige Hi - Knit tr\u00e8s r\u00e9sistante et la semelle ext\u00e9rieure r\u00e9sistante \u00e0 l'usure avec des particules KPU garantissent que ces chaussures sont con\u00e7ues pour durer pendant les s\u00e9ances d'entra\u00eenement et de course intenses.<\/li>\n<\/ul>\n<\/li>\n<\/ul>\n<hr class=\"\" data-start=\"3358\" data-end=\"3361\" \/>\n<p class=\"\" data-start=\"3382\" data-end=\"3647\">","protected":false},"excerpt":{"rendered":"<p>Les chaussures de course HEALTH Carbon Speed KM3 sont des chaussures d'athl\u00e9tisme de haut niveau con\u00e7ues pour l'entra\u00eenement et la course sur piste et sur terrain. Dot\u00e9es d'une technologie avanc\u00e9e de plaques de carbone, elles offrent une propulsion et une stabilit\u00e9 in\u00e9gal\u00e9es.<\/p>","protected":false},"featured_media":19548,"comment_status":"open","ping_status":"closed","template":"","meta":{"_kadence_starter_templates_imported_post":false,"_kad_post_transparent":"","_kad_post_title":"","_kad_post_layout":"","_kad_post_sidebar_id":"","_kad_post_content_style":"","_kad_post_vertical_padding":"","_kad_post_feature":"","_kad_post_feature_position":"","_kad_post_header":false,"_kad_post_footer":false},"product_brand":[486],"product_cat":[253,252,485],"product_tag":[373,254,257,349,333,372,344,326],"class_list":{"0":"post-19544","1":"product","2":"type-product","3":"status-publish","4":"has-post-thumbnail","6":"product_brand-health","7":"product_cat-carbon-plate-running-shoes","8":"product_cat-carbon-shoes","9":"product_cat-health-shoes","10":"product_tag-anti-slip-shoes","11":"product_tag-carbon-plate-running-shoes","12":"product_tag-carbon-plated-shoes","13":"product_tag-racing-shoes","14":"product_tag-shock-absorbing-shoes","15":"product_tag-sports-shoes","16":"product_tag-track-and-field-shoes","17":"product_tag-training-shoes","19":"first","20":"instock","21":"shipping-taxable","22":"purchasable","23":"product-type-variable","24":"entry","25":"content-bg","26":"loop-entry"},"aioseo_notices":[],"_links":{"self":[{"href":"https:\/\/www.carbonfiberinsoles.shop\/fr\/wp-json\/wp\/v2\/product\/19544","targetHints":{"allow":["GET"]}}],"collection":[{"href":"https:\/\/www.carbonfiberinsoles.shop\/fr\/wp-json\/wp\/v2\/product"}],"about":[{"href":"https:\/\/www.carbonfiberinsoles.shop\/fr\/wp-json\/wp\/v2\/types\/product"}],"replies":[{"embeddable":true,"href":"https:\/\/www.carbonfiberinsoles.shop\/fr\/wp-json\/wp\/v2\/comments?post=19544"}],"version-history":[{"count":1,"href":"https:\/\/www.carbonfiberinsoles.shop\/fr\/wp-json\/wp\/v2\/product\/19544\/revisions"}],"predecessor-version":[{"id":21586,"href":"https:\/\/www.carbonfiberinsoles.shop\/fr\/wp-json\/wp\/v2\/product\/19544\/revisions\/21586"}],"wp:featuredmedia":[{"embeddable":true,"href":"https:\/\/www.carbonfiberinsoles.shop\/fr\/wp-json\/wp\/v2\/media\/19548"}],"wp:attachment":[{"href":"https:\/\/www.carbonfiberinsoles.shop\/fr\/wp-json\/wp\/v2\/media?parent=19544"}],"wp:term":[{"taxonomy":"product_brand","embeddable":true,"href":"https:\/\/www.carbonfiberinsoles.shop\/fr\/wp-json\/wp\/v2\/product_brand?post=19544"},{"taxonomy":"product_cat","embeddable":true,"href":"https:\/\/www.carbonfiberinsoles.shop\/fr\/wp-json\/wp\/v2\/product_cat?post=19544"},{"taxonomy":"product_tag","embeddable":true,"href":"https:\/\/www.carbonfiberinsoles.shop\/fr\/wp-json\/wp\/v2\/product_tag?post=19544"}],"curies":[{"name":"wp","href":"https:\/\/api.w.org\/{rel}","templated":true}]}}