{"id":20182,"date":"2025-05-21T15:48:38","date_gmt":"2025-05-21T15:48:38","guid":{"rendered":"https:\/\/www.carbonfiberinsoles.shop\/?post_type=product&#038;p=20182"},"modified":"2026-03-30T07:58:31","modified_gmt":"2026-03-30T07:58:31","slug":"tlss-full-length-carbon-fiber-insoles-shock-absorbing-breathable-performance-insoles-for-soccer-sports","status":"publish","type":"product","link":"https:\/\/www.carbonfiberinsoles.shop\/fr\/produit\/tlss-full-length-carbon-fiber-insoles-shock-absorbing-breathable-performance-insoles-for-soccer-sports\/","title":{"rendered":"Semelles en fibre de carbone TLSS - Semelles de football \u00e0 absorption de chocs"},"content":{"rendered":"<h3 class=\"\" data-start=\"878\" data-end=\"898\"><strong data-start=\"882\" data-end=\"898\">\ud83d\udd0e Vue d'ensemble :<\/strong><\/h3>\n<p class=\"\" data-start=\"899\" data-end=\"1353\">Le <strong data-start=\"903\" data-end=\"944\">Semelles en fibre de carbone pleine longueur Tlss<\/strong> sont une solution de semelle haut de gamme pour les athl\u00e8tes qui exigent un soutien de pr\u00e9cision du talon aux orteils. Con\u00e7ue avec une technologie <strong data-start=\"1058\" data-end=\"1085\">technologie de la fibre de carbone<\/strong>Ces semelles absorbent les chocs sur toute la longueur, stabilisent le talon et am\u00e9liorent la respirabilit\u00e9. Id\u00e9ales pour les footballeurs et les coureurs, elles am\u00e9liorent les performances en maintenant l'alignement du pied, en r\u00e9duisant la fatigue et en minimisant les forces d'impact pendant les activit\u00e9s \u00e0 grande vitesse.<\/p>\n<hr class=\"\" data-start=\"1355\" data-end=\"1358\" \/>\n<h3 class=\"\" data-start=\"1360\" data-end=\"1386\"><strong data-start=\"1364\" data-end=\"1386\">\ud83d\udcd0 Sp\u00e9cifications :<\/strong><\/h3>\n<ul data-start=\"1387\" data-end=\"1759\">\n<li class=\"\" data-start=\"1387\" data-end=\"1472\">\n<p class=\"\" data-start=\"1389\" data-end=\"1472\"><strong data-start=\"1389\" data-end=\"1402\">Mat\u00e9riau :<\/strong> Plaque en fibre de carbone sur toute la longueur, mousse EVA, rembourrage en gel, tissu en maille<\/p>\n<\/li>\n<li class=\"\" data-start=\"1473\" data-end=\"1539\">\n<p class=\"\" data-start=\"1475\" data-end=\"1539\"><strong data-start=\"1475\" data-end=\"1495\">Tailles disponibles :<\/strong> S (36-38), M (39-41), L (42-44), XL (45-47)<\/p>\n<\/li>\n<li class=\"\" data-start=\"1540\" data-end=\"1595\">\n<p class=\"\" data-start=\"1542\" data-end=\"1595\"><strong data-start=\"1542\" data-end=\"1553\">Poids :<\/strong> Ultra-l\u00e9g\u00e8re, environ 60g par semelle<\/p>\n<\/li>\n<li class=\"\" data-start=\"1596\" data-end=\"1632\">\n<p class=\"\" data-start=\"1598\" data-end=\"1632\"><strong data-start=\"1598\" data-end=\"1608\">Couleur :<\/strong> Gris\/Noir\/Accents bleus<\/p>\n<\/li>\n<li class=\"\" data-start=\"1633\" data-end=\"1689\">\n<p class=\"\" data-start=\"1635\" data-end=\"1689\"><strong data-start=\"1635\" data-end=\"1643\">Utiliser :<\/strong> Soccer, Course \u00e0 pied, Entra\u00eenement, Chaussures de sport<\/p>\n<\/li>\n<li class=\"\" data-start=\"1690\" data-end=\"1759\">\n<p class=\"\" data-start=\"1692\" data-end=\"1759\"><strong data-start=\"1692\" data-end=\"1703\">Conception :<\/strong> Couverture compl\u00e8te de la semelle par une coupe ajust\u00e9e avec accent sur la vo\u00fbte plantaire et le talon<\/p>\n<\/li>\n<\/ul>\n<hr class=\"\" data-start=\"1761\" data-end=\"1764\" \/>\n<h3 class=\"\" data-start=\"1766\" data-end=\"1785\"><strong data-start=\"1770\" data-end=\"1785\">\u2728 Caract\u00e9ristiques :<\/strong><\/h3>\n<ul data-start=\"1786\" data-end=\"2223\">\n<li class=\"\" data-start=\"1786\" data-end=\"1874\">\n<p class=\"\" data-start=\"1788\" data-end=\"1874\">\u2705 <strong data-start=\"1790\" data-end=\"1825\">Plaque en fibre de carbone sur toute la longueur :<\/strong> Favorise le retour d'\u00e9nergie et l'int\u00e9grit\u00e9 structurelle.<\/p>\n<\/li>\n<li class=\"\" data-start=\"1875\" data-end=\"1968\">\n<p class=\"\" data-start=\"1877\" data-end=\"1968\">\u2705 <strong data-start=\"1879\" data-end=\"1911\">Absorption des chocs multizone :<\/strong> Amortissement en gel et en EVA au niveau du talon et de l'avant-pied.<\/p>\n<\/li>\n<li class=\"\" data-start=\"1969\" data-end=\"2049\">\n<p class=\"\" data-start=\"1971\" data-end=\"2049\">\u2705 <strong data-start=\"1973\" data-end=\"2003\">Couche sup\u00e9rieure en maille respirante :<\/strong> Am\u00e9liore la circulation de l'air et garde les pieds au frais et au sec.<\/p>\n<\/li>\n<li class=\"\" data-start=\"2050\" data-end=\"2137\">\n<p class=\"\" data-start=\"2052\" data-end=\"2137\">\u2705 <strong data-start=\"2054\" data-end=\"2082\">Technologie de soutien de la vo\u00fbte plantaire :<\/strong> R\u00e9duit le stress plantaire et aide \u00e0 corriger la posture du pied.<\/p>\n<\/li>\n<li class=\"\" data-start=\"2138\" data-end=\"2223\">\n<p class=\"\" data-start=\"2140\" data-end=\"2223\">\u2705 <strong data-start=\"2142\" data-end=\"2165\">Conception du berceau du talon :<\/strong> Am\u00e9liore l'\u00e9quilibre et emp\u00eache l'enroulement du pied vers l'int\u00e9rieur.<\/p>\n<\/li>\n<\/ul>\n<p>&nbsp;<\/p>\n<p><img fetchpriority=\"high\" decoding=\"async\" class=\"wp-image-20202 size-full aligncenter\" src=\"http:\/\/www.carbonfiberinsoles.shop\/wp-content\/uploads\/2025\/05\/TLSS-Full-Length-Carbon-Fiber-Insoles-2.jpg\" alt=\"Semelles pleine longueur en fibre de carbone TLSS\" width=\"753\" height=\"772\" srcset=\"https:\/\/www.carbonfiberinsoles.shop\/wp-content\/uploads\/2025\/05\/TLSS-Full-Length-Carbon-Fiber-Insoles-2.jpg 753w, https:\/\/www.carbonfiberinsoles.shop\/wp-content\/uploads\/2025\/05\/TLSS-Full-Length-Carbon-Fiber-Insoles-2-430x441.jpg 430w, https:\/\/www.carbonfiberinsoles.shop\/wp-content\/uploads\/2025\/05\/TLSS-Full-Length-Carbon-Fiber-Insoles-2-700x718.jpg 700w, https:\/\/www.carbonfiberinsoles.shop\/wp-content\/uploads\/2025\/05\/TLSS-Full-Length-Carbon-Fiber-Insoles-2-293x300.jpg 293w, https:\/\/www.carbonfiberinsoles.shop\/wp-content\/uploads\/2025\/05\/TLSS-Full-Length-Carbon-Fiber-Insoles-2-12x12.jpg 12w\" sizes=\"(max-width: 753px) 100vw, 753px\" \/> <img decoding=\"async\" class=\"wp-image-20203 size-full aligncenter\" src=\"http:\/\/www.carbonfiberinsoles.shop\/wp-content\/uploads\/2025\/05\/TLSS-Full-Length-Carbon-Fiber-Insoles-3.jpg\" alt=\"Semelles pleine longueur en fibre de carbone TLSS\" width=\"800\" height=\"800\" srcset=\"https:\/\/www.carbonfiberinsoles.shop\/wp-content\/uploads\/2025\/05\/TLSS-Full-Length-Carbon-Fiber-Insoles-3.jpg 800w, https:\/\/www.carbonfiberinsoles.shop\/wp-content\/uploads\/2025\/05\/TLSS-Full-Length-Carbon-Fiber-Insoles-3-430x430.jpg 430w, https:\/\/www.carbonfiberinsoles.shop\/wp-content\/uploads\/2025\/05\/TLSS-Full-Length-Carbon-Fiber-Insoles-3-150x150.jpg 150w, https:\/\/www.carbonfiberinsoles.shop\/wp-content\/uploads\/2025\/05\/TLSS-Full-Length-Carbon-Fiber-Insoles-3-700x700.jpg 700w, https:\/\/www.carbonfiberinsoles.shop\/wp-content\/uploads\/2025\/05\/TLSS-Full-Length-Carbon-Fiber-Insoles-3-300x300.jpg 300w, https:\/\/www.carbonfiberinsoles.shop\/wp-content\/uploads\/2025\/05\/TLSS-Full-Length-Carbon-Fiber-Insoles-3-768x768.jpg 768w, https:\/\/www.carbonfiberinsoles.shop\/wp-content\/uploads\/2025\/05\/TLSS-Full-Length-Carbon-Fiber-Insoles-3-12x12.jpg 12w\" sizes=\"(max-width: 800px) 100vw, 800px\" \/><\/p>\n<p><img decoding=\"async\" class=\"wp-image-20204 size-full aligncenter\" src=\"http:\/\/www.carbonfiberinsoles.shop\/wp-content\/uploads\/2025\/05\/TLSS-Full-Length-Carbon-Fiber-Insoles-4.jpg\" alt=\"Semelles pleine longueur en fibre de carbone TLSS\" width=\"800\" height=\"800\" srcset=\"https:\/\/www.carbonfiberinsoles.shop\/wp-content\/uploads\/2025\/05\/TLSS-Full-Length-Carbon-Fiber-Insoles-4.jpg 800w, https:\/\/www.carbonfiberinsoles.shop\/wp-content\/uploads\/2025\/05\/TLSS-Full-Length-Carbon-Fiber-Insoles-4-430x430.jpg 430w, https:\/\/www.carbonfiberinsoles.shop\/wp-content\/uploads\/2025\/05\/TLSS-Full-Length-Carbon-Fiber-Insoles-4-150x150.jpg 150w, https:\/\/www.carbonfiberinsoles.shop\/wp-content\/uploads\/2025\/05\/TLSS-Full-Length-Carbon-Fiber-Insoles-4-700x700.jpg 700w, https:\/\/www.carbonfiberinsoles.shop\/wp-content\/uploads\/2025\/05\/TLSS-Full-Length-Carbon-Fiber-Insoles-4-300x300.jpg 300w, https:\/\/www.carbonfiberinsoles.shop\/wp-content\/uploads\/2025\/05\/TLSS-Full-Length-Carbon-Fiber-Insoles-4-768x768.jpg 768w, https:\/\/www.carbonfiberinsoles.shop\/wp-content\/uploads\/2025\/05\/TLSS-Full-Length-Carbon-Fiber-Insoles-4-12x12.jpg 12w\" sizes=\"(max-width: 800px) 100vw, 800px\" \/><\/p>\n<p><img loading=\"lazy\" decoding=\"async\" class=\"wp-image-20206 size-full aligncenter\" src=\"http:\/\/www.carbonfiberinsoles.shop\/wp-content\/uploads\/2025\/05\/TLSS-Full-Length-Carbon-Fiber-Insoles-6.jpg\" alt=\"Semelles pleine longueur en fibre de carbone TLSS\" width=\"800\" height=\"800\" srcset=\"https:\/\/www.carbonfiberinsoles.shop\/wp-content\/uploads\/2025\/05\/TLSS-Full-Length-Carbon-Fiber-Insoles-6.jpg 800w, https:\/\/www.carbonfiberinsoles.shop\/wp-content\/uploads\/2025\/05\/TLSS-Full-Length-Carbon-Fiber-Insoles-6-430x430.jpg 430w, https:\/\/www.carbonfiberinsoles.shop\/wp-content\/uploads\/2025\/05\/TLSS-Full-Length-Carbon-Fiber-Insoles-6-150x150.jpg 150w, https:\/\/www.carbonfiberinsoles.shop\/wp-content\/uploads\/2025\/05\/TLSS-Full-Length-Carbon-Fiber-Insoles-6-700x700.jpg 700w, https:\/\/www.carbonfiberinsoles.shop\/wp-content\/uploads\/2025\/05\/TLSS-Full-Length-Carbon-Fiber-Insoles-6-300x300.jpg 300w, https:\/\/www.carbonfiberinsoles.shop\/wp-content\/uploads\/2025\/05\/TLSS-Full-Length-Carbon-Fiber-Insoles-6-768x768.jpg 768w, https:\/\/www.carbonfiberinsoles.shop\/wp-content\/uploads\/2025\/05\/TLSS-Full-Length-Carbon-Fiber-Insoles-6-12x12.jpg 12w\" sizes=\"(max-width: 800px) 100vw, 800px\" \/><\/p>\n<p>&nbsp;<\/p>\n<hr class=\"\" data-start=\"2225\" data-end=\"2228\" \/>\n<h3 class=\"\" data-start=\"2230\" data-end=\"2287\"><strong data-start=\"2234\" data-end=\"2287\">\ud83d\udca1 Pourquoi acheter les semelles en fibre de carbone Tlss ?<\/strong><\/h3>\n<ul data-start=\"2288\" data-end=\"2733\">\n<li class=\"\" data-start=\"2288\" data-end=\"2382\">\n<p class=\"\" data-start=\"2290\" data-end=\"2382\">Con\u00e7u pour <strong data-start=\"2303\" data-end=\"2313\">football<\/strong> et d'autres sports exigeants o\u00f9 l'\u00e9quilibre et la r\u00e9activit\u00e9 sont essentiels.<\/p>\n<\/li>\n<li class=\"\" data-start=\"2383\" data-end=\"2473\">\n<p class=\"\" data-start=\"2385\" data-end=\"2473\">Offres <strong data-start=\"2392\" data-end=\"2423\">performance en mati\u00e8re d'absorption des chocs<\/strong> sur l'ensemble du pied, et pas seulement sur le talon ou l'avant-pied.<\/p>\n<\/li>\n<li class=\"\" data-start=\"2474\" data-end=\"2557\">\n<p class=\"\" data-start=\"2476\" data-end=\"2557\">Le <strong data-start=\"2480\" data-end=\"2507\">construction respirante<\/strong> garde les pieds frais et minimise la transpiration pendant le jeu.<\/p>\n<\/li>\n<li class=\"\" data-start=\"2558\" data-end=\"2639\">\n<p class=\"\" data-start=\"2560\" data-end=\"2639\">Longue dur\u00e9e <strong data-start=\"2573\" data-end=\"2597\">support en fibre de carbone<\/strong> assure la durabilit\u00e9 sans ajouter de poids.<\/p>\n<\/li>\n<li class=\"\" data-start=\"2640\" data-end=\"2733\">\n<p class=\"\" data-start=\"2642\" data-end=\"2733\">Boosts <strong data-start=\"2649\" data-end=\"2686\">performance et pr\u00e9vention des blessures<\/strong>Il est donc parfait pour les athl\u00e8tes de tous niveaux.<\/p>\n<\/li>\n<\/ul>\n<hr class=\"\" data-start=\"2735\" data-end=\"2738\" \/>\n<h3 class=\"\" data-start=\"2740\" data-end=\"2754\"><strong data-start=\"2744\" data-end=\"2754\">\u2753 FAQ<\/strong><\/h3>\n<p class=\"\" data-start=\"2756\" data-end=\"2890\"><strong data-start=\"2756\" data-end=\"2810\">Q1 : Puis-je utiliser ces semelles dans tous les types de chaussures ?<\/strong><br data-start=\"2810\" data-end=\"2813\" \/>Oui, ils sont ajust\u00e9s et compatibles avec la plupart des chaussures de sport et d'athl\u00e9tisme.<\/p>\n<p class=\"\" data-start=\"2892\" data-end=\"3053\"><strong data-start=\"2892\" data-end=\"2949\">Q2 : Est-ce qu'ils aident \u00e0 soulager les douleurs du pied ou la fasciite plantaire ?<\/strong><br data-start=\"2949\" data-end=\"2952\" \/>Oui, le soutien de la vo\u00fbte plantaire et l'amortissement du talon aident \u00e0 soulager le stress et la douleur pendant les longues s\u00e9ances d'activit\u00e9.<\/p>\n<p class=\"\" data-start=\"3055\" data-end=\"3196\"><strong data-start=\"3055\" data-end=\"3089\">Q3 : Ces produits sont-ils uniquement destin\u00e9s au football ?<\/strong><br data-start=\"3089\" data-end=\"3092\" \/>Non. Bien qu'elles soient optimis\u00e9es pour le football, elles sont \u00e9galement parfaites pour la course \u00e0 pied, la randonn\u00e9e, le basket-ball et d'autres sports.<\/p>\n<p class=\"\" data-start=\"3198\" data-end=\"3333\"><strong data-start=\"3198\" data-end=\"3238\">Q4 : Mes chaussures seront-elles plus serr\u00e9es ?<\/strong><br data-start=\"3238\" data-end=\"3241\" \/>Elles sont ultra-minces et con\u00e7ues pour remplacer vos semelles d'origine, tout en conservant le m\u00eame ajustement.<\/p>\n<p class=\"\" data-start=\"3335\" data-end=\"3447\"><strong data-start=\"3335\" data-end=\"3363\">Q5 : Comment les nettoyer ?<\/strong><br data-start=\"3363\" data-end=\"3366\" \/>Essuyer avec un chiffon humide ou laver \u00e0 la main avec pr\u00e9caution. \u00c9viter le lavage en machine ou le s\u00e9chage \u00e0 la chaleur.<\/p>","protected":false},"excerpt":{"rendered":"<p class=\"\" data-start=\"586\" data-end=\"834\">Les semelles en fibre de carbone pleine longueur de Tlss offrent un soutien complet aux pieds des athl\u00e8tes de haut niveau. Con\u00e7ues avec des couches de mailles respirantes, un soutien de la vo\u00fbte plantaire en fibre de carbone et une absorption des chocs \u00e0 fort impact, elles sont id\u00e9ales pour le football, la course \u00e0 pied et l'entra\u00eenement.<\/p>","protected":false},"featured_media":20201,"comment_status":"open","ping_status":"closed","template":"","meta":{"_kadence_starter_templates_imported_post":false,"_kad_post_transparent":"","_kad_post_title":"","_kad_post_layout":"","_kad_post_sidebar_id":"","_kad_post_content_style":"","_kad_post_vertical_padding":"","_kad_post_feature":"","_kad_post_feature_position":"","_kad_post_header":false,"_kad_post_footer":false},"product_brand":[],"product_cat":[22,183,477,469],"product_tag":[51,471,470],"class_list":{"0":"post-20182","1":"product","2":"type-product","3":"status-publish","4":"has-post-thumbnail","6":"product_cat-carbon-fiber-insoles","7":"product_cat-insoles","8":"product_cat-tlss","9":"product_cat-tlss-insoles","10":"product_tag-carbon-fiber-foot-insoles","11":"product_tag-soccer-insoles","12":"product_tag-tlss-insoles","13":"pa_us-ca-size-m7-w9","14":"pa_us-ca-size-m7-5-w9-5-260mm","15":"pa_us-ca-size-m8-w10-265mm","16":"pa_us-ca-size-m9-w11-275mm","17":"pa_us-ca-size-m10-w12","19":"first","20":"instock","21":"shipping-taxable","22":"purchasable","23":"product-type-variable","24":"entry","25":"content-bg","26":"loop-entry"},"aioseo_notices":[],"_links":{"self":[{"href":"https:\/\/www.carbonfiberinsoles.shop\/fr\/wp-json\/wp\/v2\/product\/20182","targetHints":{"allow":["GET"]}}],"collection":[{"href":"https:\/\/www.carbonfiberinsoles.shop\/fr\/wp-json\/wp\/v2\/product"}],"about":[{"href":"https:\/\/www.carbonfiberinsoles.shop\/fr\/wp-json\/wp\/v2\/types\/product"}],"replies":[{"embeddable":true,"href":"https:\/\/www.carbonfiberinsoles.shop\/fr\/wp-json\/wp\/v2\/comments?post=20182"}],"version-history":[{"count":1,"href":"https:\/\/www.carbonfiberinsoles.shop\/fr\/wp-json\/wp\/v2\/product\/20182\/revisions"}],"predecessor-version":[{"id":21580,"href":"https:\/\/www.carbonfiberinsoles.shop\/fr\/wp-json\/wp\/v2\/product\/20182\/revisions\/21580"}],"wp:featuredmedia":[{"embeddable":true,"href":"https:\/\/www.carbonfiberinsoles.shop\/fr\/wp-json\/wp\/v2\/media\/20201"}],"wp:attachment":[{"href":"https:\/\/www.carbonfiberinsoles.shop\/fr\/wp-json\/wp\/v2\/media?parent=20182"}],"wp:term":[{"taxonomy":"product_brand","embeddable":true,"href":"https:\/\/www.carbonfiberinsoles.shop\/fr\/wp-json\/wp\/v2\/product_brand?post=20182"},{"taxonomy":"product_cat","embeddable":true,"href":"https:\/\/www.carbonfiberinsoles.shop\/fr\/wp-json\/wp\/v2\/product_cat?post=20182"},{"taxonomy":"product_tag","embeddable":true,"href":"https:\/\/www.carbonfiberinsoles.shop\/fr\/wp-json\/wp\/v2\/product_tag?post=20182"}],"curies":[{"name":"wp","href":"https:\/\/api.w.org\/{rel}","templated":true}]}}