{"id":20276,"date":"2025-05-25T10:11:16","date_gmt":"2025-05-25T10:11:16","guid":{"rendered":"https:\/\/www.carbonfiberinsoles.shop\/?post_type=product&#038;p=20276"},"modified":"2026-03-30T07:58:10","modified_gmt":"2026-03-30T07:58:10","slug":"tlss-striker-tf-soccer-shoes-carbon-fiber-anti-torsion-spike-shoes-with-advanced-cushioning","status":"publish","type":"product","link":"https:\/\/www.carbonfiberinsoles.shop\/fr\/produit\/tlss-striker-tf-soccer-shoes-carbon-fiber-anti-torsion-spike-shoes-with-advanced-cushioning\/","title":{"rendered":"TLSS STRIKER TF Chaussures de football - Chaussures \u00e0 crampons en fibre de carbone"},"content":{"rendered":"<h4 data-start=\"907\" data-end=\"924\"><strong data-start=\"912\" data-end=\"924\">Vue d'ensemble<\/strong><\/h4>\n<p data-start=\"925\" data-end=\"1375\">Con\u00e7ue pour les meneurs de jeu d'\u00e9lite et les attaquants de pointe, la <strong data-start=\"979\" data-end=\"1011\">TLSS STRIKER TF Chaussures de football<\/strong> offrent une agilit\u00e9 et une durabilit\u00e9 qui changent la donne. Con\u00e7ue avec <strong data-start=\"1074\" data-end=\"1111\">support anti-torsion en fibre de carbone<\/strong>Elles offrent une stabilit\u00e9 accrue du pied, tandis que la semelle interm\u00e9diaire r\u00e9active garantit un confort maximal lors des matchs \u00e0 fort impact. Id\u00e9ales pour les performances sur le gazon, ces <strong data-start=\"1284\" data-end=\"1299\">chaussures \u00e0 crampons<\/strong> offrent une traction explosive, un mouvement pr\u00e9cis et un style soutenu par l'innovation.<\/p>\n<h4 data-start=\"1377\" data-end=\"1400\"><strong data-start=\"1382\" data-end=\"1400\">Sp\u00e9cifications<\/strong><\/h4>\n<ul data-start=\"1401\" data-end=\"1770\">\n<li data-start=\"1401\" data-end=\"1420\">\n<p data-start=\"1403\" data-end=\"1420\"><strong data-start=\"1403\" data-end=\"1413\">Marque :<\/strong> TLSS<\/p>\n<\/li>\n<li data-start=\"1421\" data-end=\"1446\">\n<p data-start=\"1423\" data-end=\"1446\"><strong data-start=\"1423\" data-end=\"1433\">Mod\u00e8le :<\/strong> STRIKER TF<\/p>\n<\/li>\n<li data-start=\"1447\" data-end=\"1484\">\n<p data-start=\"1449\" data-end=\"1484\"><strong data-start=\"1449\" data-end=\"1461\">Surface :<\/strong> Gazon artificiel (TF)<\/p>\n<\/li>\n<li data-start=\"1485\" data-end=\"1543\">\n<p data-start=\"1487\" data-end=\"1543\"><strong data-start=\"1487\" data-end=\"1497\">Sup\u00e9rieur :<\/strong> Cuir synth\u00e9tique respirant + maille durable<\/p>\n<\/li>\n<li data-start=\"1544\" data-end=\"1590\">\n<p data-start=\"1546\" data-end=\"1590\"><strong data-start=\"1546\" data-end=\"1558\">Semelle interm\u00e9diaire :<\/strong> Coussin EVA amortissant les chocs<\/p>\n<\/li>\n<li data-start=\"1591\" data-end=\"1653\">\n<p data-start=\"1593\" data-end=\"1653\"><strong data-start=\"1593\" data-end=\"1605\">Semelle ext\u00e9rieure :<\/strong> Caoutchouc avec motif de pointes TF multidirectionnel<\/p>\n<\/li>\n<li data-start=\"1654\" data-end=\"1708\">\n<p data-start=\"1656\" data-end=\"1708\"><strong data-start=\"1656\" data-end=\"1674\">Plaque de support :<\/strong> Plaque anti-torsion en fibre de carbone<\/p>\n<\/li>\n<li data-start=\"1709\" data-end=\"1732\">\n<p data-start=\"1711\" data-end=\"1732\"><strong data-start=\"1711\" data-end=\"1721\">Tailles :<\/strong> 39-45 UE<\/p>\n<\/li>\n<li data-start=\"1733\" data-end=\"1770\">\n<p data-start=\"1735\" data-end=\"1770\"><strong data-start=\"1735\" data-end=\"1746\">Poids :<\/strong> Environ 280 g par chaussure<\/p>\n<\/li>\n<\/ul>\n<h4 data-start=\"1772\" data-end=\"1789\"><strong data-start=\"1777\" data-end=\"1789\">Caract\u00e9ristiques<\/strong><\/h4>\n<ul data-start=\"1790\" data-end=\"2282\">\n<li data-start=\"1790\" data-end=\"1883\">\n<p data-start=\"1792\" data-end=\"1883\">\u2705 <strong data-start=\"1794\" data-end=\"1829\">Plaque anti-torsion en fibre de carbone<\/strong> - Am\u00e9liore la stabilit\u00e9 du pied lors des mouvements lat\u00e9raux.<\/p>\n<\/li>\n<li data-start=\"1884\" data-end=\"1972\">\n<p data-start=\"1886\" data-end=\"1972\">\u2705 <strong data-start=\"1888\" data-end=\"1913\">Amortissement r\u00e9actif<\/strong> - La semelle interm\u00e9diaire en EVA absorbe les chocs et am\u00e9liore le retour d'\u00e9nergie.<\/p>\n<\/li>\n<li data-start=\"1973\" data-end=\"2060\">\n<p data-start=\"1975\" data-end=\"2060\">\u2705 <strong data-start=\"1977\" data-end=\"2008\">Semelle ext\u00e9rieure \u00e0 crampons TF agressive<\/strong> - Offre une adh\u00e9rence maximale sur le gazon sans glisser.<\/p>\n<\/li>\n<li data-start=\"2061\" data-end=\"2138\">\n<p data-start=\"2063\" data-end=\"2138\">\u2705 <strong data-start=\"2065\" data-end=\"2088\">Partie sup\u00e9rieure \u00e0 haut coefficient de frottement<\/strong> - Favorise le contr\u00f4le du ballon dans un jeu rapide.<\/p>\n<\/li>\n<li data-start=\"2139\" data-end=\"2209\">\n<p data-start=\"2141\" data-end=\"2209\">\u2705 <strong data-start=\"2143\" data-end=\"2168\">Zones en maille respirante<\/strong> - Garde les pieds au frais pendant les longs matchs.<\/p>\n<\/li>\n<li data-start=\"2210\" data-end=\"2282\">\n<p data-start=\"2212\" data-end=\"2282\">\u2705 <strong data-start=\"2214\" data-end=\"2245\">Talon et embout renforc\u00e9s<\/strong> - Pour la durabilit\u00e9 et la protection des orteils.<\/p>\n<\/li>\n<\/ul>\n<p><img fetchpriority=\"high\" decoding=\"async\" class=\"aligncenter wp-image-20316 size-full\" src=\"http:\/\/www.carbonfiberinsoles.shop\/wp-content\/uploads\/2025\/05\/TLSS-STRIKER-TF-Soccer-Shoes-\u2013-Carbon-Fiber-Anti-Torsion-Spike-Shoes-with-Advanced-Cushioning-3-1.jpg\" alt=\"\" width=\"750\" height=\"881\" srcset=\"https:\/\/www.carbonfiberinsoles.shop\/wp-content\/uploads\/2025\/05\/TLSS-STRIKER-TF-Soccer-Shoes-\u2013-Carbon-Fiber-Anti-Torsion-Spike-Shoes-with-Advanced-Cushioning-3-1.jpg 750w, https:\/\/www.carbonfiberinsoles.shop\/wp-content\/uploads\/2025\/05\/TLSS-STRIKER-TF-Soccer-Shoes-\u2013-Carbon-Fiber-Anti-Torsion-Spike-Shoes-with-Advanced-Cushioning-3-1-430x505.jpg 430w, https:\/\/www.carbonfiberinsoles.shop\/wp-content\/uploads\/2025\/05\/TLSS-STRIKER-TF-Soccer-Shoes-\u2013-Carbon-Fiber-Anti-Torsion-Spike-Shoes-with-Advanced-Cushioning-3-1-700x822.jpg 700w, https:\/\/www.carbonfiberinsoles.shop\/wp-content\/uploads\/2025\/05\/TLSS-STRIKER-TF-Soccer-Shoes-\u2013-Carbon-Fiber-Anti-Torsion-Spike-Shoes-with-Advanced-Cushioning-3-1-255x300.jpg 255w, https:\/\/www.carbonfiberinsoles.shop\/wp-content\/uploads\/2025\/05\/TLSS-STRIKER-TF-Soccer-Shoes-\u2013-Carbon-Fiber-Anti-Torsion-Spike-Shoes-with-Advanced-Cushioning-3-1-681x800.jpg 681w, https:\/\/www.carbonfiberinsoles.shop\/wp-content\/uploads\/2025\/05\/TLSS-STRIKER-TF-Soccer-Shoes-\u2013-Carbon-Fiber-Anti-Torsion-Spike-Shoes-with-Advanced-Cushioning-3-1-10x12.jpg 10w\" sizes=\"(max-width: 750px) 100vw, 750px\" \/><img decoding=\"async\" class=\"aligncenter wp-image-20317 size-full\" src=\"http:\/\/www.carbonfiberinsoles.shop\/wp-content\/uploads\/2025\/05\/TLSS-STRIKER-TF-Soccer-Shoes-\u2013-Carbon-Fiber-Anti-Torsion-Spike-Shoes-with-Advanced-Cushioning-4-1-scaled.jpg\" alt=\"\" width=\"1458\" height=\"2560\" srcset=\"https:\/\/www.carbonfiberinsoles.shop\/wp-content\/uploads\/2025\/05\/TLSS-STRIKER-TF-Soccer-Shoes-\u2013-Carbon-Fiber-Anti-Torsion-Spike-Shoes-with-Advanced-Cushioning-4-1-scaled.jpg 1458w, https:\/\/www.carbonfiberinsoles.shop\/wp-content\/uploads\/2025\/05\/TLSS-STRIKER-TF-Soccer-Shoes-\u2013-Carbon-Fiber-Anti-Torsion-Spike-Shoes-with-Advanced-Cushioning-4-1-scaled-430x755.jpg 430w, https:\/\/www.carbonfiberinsoles.shop\/wp-content\/uploads\/2025\/05\/TLSS-STRIKER-TF-Soccer-Shoes-\u2013-Carbon-Fiber-Anti-Torsion-Spike-Shoes-with-Advanced-Cushioning-4-1-scaled-700x1229.jpg 700w, https:\/\/www.carbonfiberinsoles.shop\/wp-content\/uploads\/2025\/05\/TLSS-STRIKER-TF-Soccer-Shoes-\u2013-Carbon-Fiber-Anti-Torsion-Spike-Shoes-with-Advanced-Cushioning-4-1-171x300.jpg 171w, https:\/\/www.carbonfiberinsoles.shop\/wp-content\/uploads\/2025\/05\/TLSS-STRIKER-TF-Soccer-Shoes-\u2013-Carbon-Fiber-Anti-Torsion-Spike-Shoes-with-Advanced-Cushioning-4-1-456x800.jpg 456w, https:\/\/www.carbonfiberinsoles.shop\/wp-content\/uploads\/2025\/05\/TLSS-STRIKER-TF-Soccer-Shoes-\u2013-Carbon-Fiber-Anti-Torsion-Spike-Shoes-with-Advanced-Cushioning-4-1-768x1349.jpg 768w, https:\/\/www.carbonfiberinsoles.shop\/wp-content\/uploads\/2025\/05\/TLSS-STRIKER-TF-Soccer-Shoes-\u2013-Carbon-Fiber-Anti-Torsion-Spike-Shoes-with-Advanced-Cushioning-4-1-875x1536.jpg 875w, https:\/\/www.carbonfiberinsoles.shop\/wp-content\/uploads\/2025\/05\/TLSS-STRIKER-TF-Soccer-Shoes-\u2013-Carbon-Fiber-Anti-Torsion-Spike-Shoes-with-Advanced-Cushioning-4-1-1166x2048.jpg 1166w, https:\/\/www.carbonfiberinsoles.shop\/wp-content\/uploads\/2025\/05\/TLSS-STRIKER-TF-Soccer-Shoes-\u2013-Carbon-Fiber-Anti-Torsion-Spike-Shoes-with-Advanced-Cushioning-4-1-7x12.jpg 7w\" sizes=\"(max-width: 1458px) 100vw, 1458px\" \/><img decoding=\"async\" class=\"aligncenter wp-image-20318 size-full\" src=\"http:\/\/www.carbonfiberinsoles.shop\/wp-content\/uploads\/2025\/05\/TLSS-STRIKER-TF-Soccer-Shoes-\u2013-Carbon-Fiber-Anti-Torsion-Spike-Shoes-with-Advanced-Cushioning-5-1.jpg\" alt=\"\" width=\"1500\" height=\"2455\" srcset=\"https:\/\/www.carbonfiberinsoles.shop\/wp-content\/uploads\/2025\/05\/TLSS-STRIKER-TF-Soccer-Shoes-\u2013-Carbon-Fiber-Anti-Torsion-Spike-Shoes-with-Advanced-Cushioning-5-1.jpg 1500w, https:\/\/www.carbonfiberinsoles.shop\/wp-content\/uploads\/2025\/05\/TLSS-STRIKER-TF-Soccer-Shoes-\u2013-Carbon-Fiber-Anti-Torsion-Spike-Shoes-with-Advanced-Cushioning-5-1-430x704.jpg 430w, https:\/\/www.carbonfiberinsoles.shop\/wp-content\/uploads\/2025\/05\/TLSS-STRIKER-TF-Soccer-Shoes-\u2013-Carbon-Fiber-Anti-Torsion-Spike-Shoes-with-Advanced-Cushioning-5-1-700x1146.jpg 700w, https:\/\/www.carbonfiberinsoles.shop\/wp-content\/uploads\/2025\/05\/TLSS-STRIKER-TF-Soccer-Shoes-\u2013-Carbon-Fiber-Anti-Torsion-Spike-Shoes-with-Advanced-Cushioning-5-1-183x300.jpg 183w, https:\/\/www.carbonfiberinsoles.shop\/wp-content\/uploads\/2025\/05\/TLSS-STRIKER-TF-Soccer-Shoes-\u2013-Carbon-Fiber-Anti-Torsion-Spike-Shoes-with-Advanced-Cushioning-5-1-489x800.jpg 489w, https:\/\/www.carbonfiberinsoles.shop\/wp-content\/uploads\/2025\/05\/TLSS-STRIKER-TF-Soccer-Shoes-\u2013-Carbon-Fiber-Anti-Torsion-Spike-Shoes-with-Advanced-Cushioning-5-1-768x1257.jpg 768w, https:\/\/www.carbonfiberinsoles.shop\/wp-content\/uploads\/2025\/05\/TLSS-STRIKER-TF-Soccer-Shoes-\u2013-Carbon-Fiber-Anti-Torsion-Spike-Shoes-with-Advanced-Cushioning-5-1-938x1536.jpg 938w, https:\/\/www.carbonfiberinsoles.shop\/wp-content\/uploads\/2025\/05\/TLSS-STRIKER-TF-Soccer-Shoes-\u2013-Carbon-Fiber-Anti-Torsion-Spike-Shoes-with-Advanced-Cushioning-5-1-1251x2048.jpg 1251w, https:\/\/www.carbonfiberinsoles.shop\/wp-content\/uploads\/2025\/05\/TLSS-STRIKER-TF-Soccer-Shoes-\u2013-Carbon-Fiber-Anti-Torsion-Spike-Shoes-with-Advanced-Cushioning-5-1-7x12.jpg 7w\" sizes=\"(max-width: 1500px) 100vw, 1500px\" \/><img loading=\"lazy\" decoding=\"async\" class=\"aligncenter wp-image-20319 size-full\" src=\"http:\/\/www.carbonfiberinsoles.shop\/wp-content\/uploads\/2025\/05\/TLSS-STRIKER-TF-Soccer-Shoes-\u2013-Carbon-Fiber-Anti-Torsion-Spike-Shoes-with-Advanced-Cushioning-6-1.jpg\" alt=\"\" width=\"750\" height=\"1108\" srcset=\"https:\/\/www.carbonfiberinsoles.shop\/wp-content\/uploads\/2025\/05\/TLSS-STRIKER-TF-Soccer-Shoes-\u2013-Carbon-Fiber-Anti-Torsion-Spike-Shoes-with-Advanced-Cushioning-6-1.jpg 750w, https:\/\/www.carbonfiberinsoles.shop\/wp-content\/uploads\/2025\/05\/TLSS-STRIKER-TF-Soccer-Shoes-\u2013-Carbon-Fiber-Anti-Torsion-Spike-Shoes-with-Advanced-Cushioning-6-1-430x635.jpg 430w, https:\/\/www.carbonfiberinsoles.shop\/wp-content\/uploads\/2025\/05\/TLSS-STRIKER-TF-Soccer-Shoes-\u2013-Carbon-Fiber-Anti-Torsion-Spike-Shoes-with-Advanced-Cushioning-6-1-700x1034.jpg 700w, https:\/\/www.carbonfiberinsoles.shop\/wp-content\/uploads\/2025\/05\/TLSS-STRIKER-TF-Soccer-Shoes-\u2013-Carbon-Fiber-Anti-Torsion-Spike-Shoes-with-Advanced-Cushioning-6-1-203x300.jpg 203w, https:\/\/www.carbonfiberinsoles.shop\/wp-content\/uploads\/2025\/05\/TLSS-STRIKER-TF-Soccer-Shoes-\u2013-Carbon-Fiber-Anti-Torsion-Spike-Shoes-with-Advanced-Cushioning-6-1-542x800.jpg 542w, https:\/\/www.carbonfiberinsoles.shop\/wp-content\/uploads\/2025\/05\/TLSS-STRIKER-TF-Soccer-Shoes-\u2013-Carbon-Fiber-Anti-Torsion-Spike-Shoes-with-Advanced-Cushioning-6-1-8x12.jpg 8w\" sizes=\"(max-width: 750px) 100vw, 750px\" \/> <img loading=\"lazy\" decoding=\"async\" class=\"aligncenter wp-image-20320 size-full\" src=\"http:\/\/www.carbonfiberinsoles.shop\/wp-content\/uploads\/2025\/05\/TLSS-STRIKER-TF-Soccer-Shoes-\u2013-Carbon-Fiber-Anti-Torsion-Spike-Shoes-with-Advanced-Cushioning-7-1.jpg\" alt=\"\" width=\"1500\" height=\"2550\" srcset=\"https:\/\/www.carbonfiberinsoles.shop\/wp-content\/uploads\/2025\/05\/TLSS-STRIKER-TF-Soccer-Shoes-\u2013-Carbon-Fiber-Anti-Torsion-Spike-Shoes-with-Advanced-Cushioning-7-1.jpg 1500w, https:\/\/www.carbonfiberinsoles.shop\/wp-content\/uploads\/2025\/05\/TLSS-STRIKER-TF-Soccer-Shoes-\u2013-Carbon-Fiber-Anti-Torsion-Spike-Shoes-with-Advanced-Cushioning-7-1-430x731.jpg 430w, https:\/\/www.carbonfiberinsoles.shop\/wp-content\/uploads\/2025\/05\/TLSS-STRIKER-TF-Soccer-Shoes-\u2013-Carbon-Fiber-Anti-Torsion-Spike-Shoes-with-Advanced-Cushioning-7-1-700x1190.jpg 700w, https:\/\/www.carbonfiberinsoles.shop\/wp-content\/uploads\/2025\/05\/TLSS-STRIKER-TF-Soccer-Shoes-\u2013-Carbon-Fiber-Anti-Torsion-Spike-Shoes-with-Advanced-Cushioning-7-1-176x300.jpg 176w, https:\/\/www.carbonfiberinsoles.shop\/wp-content\/uploads\/2025\/05\/TLSS-STRIKER-TF-Soccer-Shoes-\u2013-Carbon-Fiber-Anti-Torsion-Spike-Shoes-with-Advanced-Cushioning-7-1-471x800.jpg 471w, https:\/\/www.carbonfiberinsoles.shop\/wp-content\/uploads\/2025\/05\/TLSS-STRIKER-TF-Soccer-Shoes-\u2013-Carbon-Fiber-Anti-Torsion-Spike-Shoes-with-Advanced-Cushioning-7-1-768x1306.jpg 768w, https:\/\/www.carbonfiberinsoles.shop\/wp-content\/uploads\/2025\/05\/TLSS-STRIKER-TF-Soccer-Shoes-\u2013-Carbon-Fiber-Anti-Torsion-Spike-Shoes-with-Advanced-Cushioning-7-1-904x1536.jpg 904w, https:\/\/www.carbonfiberinsoles.shop\/wp-content\/uploads\/2025\/05\/TLSS-STRIKER-TF-Soccer-Shoes-\u2013-Carbon-Fiber-Anti-Torsion-Spike-Shoes-with-Advanced-Cushioning-7-1-1205x2048.jpg 1205w, https:\/\/www.carbonfiberinsoles.shop\/wp-content\/uploads\/2025\/05\/TLSS-STRIKER-TF-Soccer-Shoes-\u2013-Carbon-Fiber-Anti-Torsion-Spike-Shoes-with-Advanced-Cushioning-7-1-7x12.jpg 7w\" sizes=\"(max-width: 1500px) 100vw, 1500px\" \/><img loading=\"lazy\" decoding=\"async\" class=\"alignnone size-medium wp-image-20321\" src=\"http:\/\/www.carbonfiberinsoles.shop\/wp-content\/uploads\/2025\/05\/TLSS-STRIKER-TF-Soccer-Shoes-\u2013-Carbon-Fiber-Anti-Torsion-Spike-Shoes-with-Advanced-Cushioning-8-400x276.jpg\" alt=\"\" width=\"400\" height=\"276\" srcset=\"https:\/\/www.carbonfiberinsoles.shop\/wp-content\/uploads\/2025\/05\/TLSS-STRIKER-TF-Soccer-Shoes-\u2013-Carbon-Fiber-Anti-Torsion-Spike-Shoes-with-Advanced-Cushioning-8-400x276.jpg 400w, https:\/\/www.carbonfiberinsoles.shop\/wp-content\/uploads\/2025\/05\/TLSS-STRIKER-TF-Soccer-Shoes-\u2013-Carbon-Fiber-Anti-Torsion-Spike-Shoes-with-Advanced-Cushioning-8-430x297.jpg 430w, https:\/\/www.carbonfiberinsoles.shop\/wp-content\/uploads\/2025\/05\/TLSS-STRIKER-TF-Soccer-Shoes-\u2013-Carbon-Fiber-Anti-Torsion-Spike-Shoes-with-Advanced-Cushioning-8-700x483.jpg 700w, https:\/\/www.carbonfiberinsoles.shop\/wp-content\/uploads\/2025\/05\/TLSS-STRIKER-TF-Soccer-Shoes-\u2013-Carbon-Fiber-Anti-Torsion-Spike-Shoes-with-Advanced-Cushioning-8-18x12.jpg 18w, https:\/\/www.carbonfiberinsoles.shop\/wp-content\/uploads\/2025\/05\/TLSS-STRIKER-TF-Soccer-Shoes-\u2013-Carbon-Fiber-Anti-Torsion-Spike-Shoes-with-Advanced-Cushioning-8.jpg 750w\" sizes=\"(max-width: 400px) 100vw, 400px\" \/><img loading=\"lazy\" decoding=\"async\" class=\"alignnone size-medium wp-image-20322\" src=\"http:\/\/www.carbonfiberinsoles.shop\/wp-content\/uploads\/2025\/05\/TLSS-STRIKER-TF-Soccer-Shoes-\u2013-Carbon-Fiber-Anti-Torsion-Spike-Shoes-with-Advanced-Cushioning-9-379x300.jpg\" alt=\"\" width=\"379\" height=\"300\" srcset=\"https:\/\/www.carbonfiberinsoles.shop\/wp-content\/uploads\/2025\/05\/TLSS-STRIKER-TF-Soccer-Shoes-\u2013-Carbon-Fiber-Anti-Torsion-Spike-Shoes-with-Advanced-Cushioning-9-379x300.jpg 379w, https:\/\/www.carbonfiberinsoles.shop\/wp-content\/uploads\/2025\/05\/TLSS-STRIKER-TF-Soccer-Shoes-\u2013-Carbon-Fiber-Anti-Torsion-Spike-Shoes-with-Advanced-Cushioning-9-430x340.jpg 430w, https:\/\/www.carbonfiberinsoles.shop\/wp-content\/uploads\/2025\/05\/TLSS-STRIKER-TF-Soccer-Shoes-\u2013-Carbon-Fiber-Anti-Torsion-Spike-Shoes-with-Advanced-Cushioning-9-700x553.jpg 700w, https:\/\/www.carbonfiberinsoles.shop\/wp-content\/uploads\/2025\/05\/TLSS-STRIKER-TF-Soccer-Shoes-\u2013-Carbon-Fiber-Anti-Torsion-Spike-Shoes-with-Advanced-Cushioning-9-15x12.jpg 15w, https:\/\/www.carbonfiberinsoles.shop\/wp-content\/uploads\/2025\/05\/TLSS-STRIKER-TF-Soccer-Shoes-\u2013-Carbon-Fiber-Anti-Torsion-Spike-Shoes-with-Advanced-Cushioning-9.jpg 750w\" sizes=\"(max-width: 379px) 100vw, 379px\" \/><img loading=\"lazy\" decoding=\"async\" class=\"aligncenter wp-image-20315 size-full\" src=\"http:\/\/www.carbonfiberinsoles.shop\/wp-content\/uploads\/2025\/05\/TLSS-STRIKER-TF-Soccer-Shoes-\u2013-Carbon-Fiber-Anti-Torsion-Spike-Shoes-with-Advanced-Cushioning-2-1.jpg\" alt=\"\" width=\"1500\" height=\"1458\" srcset=\"https:\/\/www.carbonfiberinsoles.shop\/wp-content\/uploads\/2025\/05\/TLSS-STRIKER-TF-Soccer-Shoes-\u2013-Carbon-Fiber-Anti-Torsion-Spike-Shoes-with-Advanced-Cushioning-2-1.jpg 1500w, https:\/\/www.carbonfiberinsoles.shop\/wp-content\/uploads\/2025\/05\/TLSS-STRIKER-TF-Soccer-Shoes-\u2013-Carbon-Fiber-Anti-Torsion-Spike-Shoes-with-Advanced-Cushioning-2-1-430x418.jpg 430w, https:\/\/www.carbonfiberinsoles.shop\/wp-content\/uploads\/2025\/05\/TLSS-STRIKER-TF-Soccer-Shoes-\u2013-Carbon-Fiber-Anti-Torsion-Spike-Shoes-with-Advanced-Cushioning-2-1-700x680.jpg 700w, https:\/\/www.carbonfiberinsoles.shop\/wp-content\/uploads\/2025\/05\/TLSS-STRIKER-TF-Soccer-Shoes-\u2013-Carbon-Fiber-Anti-Torsion-Spike-Shoes-with-Advanced-Cushioning-2-1-309x300.jpg 309w, https:\/\/www.carbonfiberinsoles.shop\/wp-content\/uploads\/2025\/05\/TLSS-STRIKER-TF-Soccer-Shoes-\u2013-Carbon-Fiber-Anti-Torsion-Spike-Shoes-with-Advanced-Cushioning-2-1-823x800.jpg 823w, https:\/\/www.carbonfiberinsoles.shop\/wp-content\/uploads\/2025\/05\/TLSS-STRIKER-TF-Soccer-Shoes-\u2013-Carbon-Fiber-Anti-Torsion-Spike-Shoes-with-Advanced-Cushioning-2-1-768x746.jpg 768w, https:\/\/www.carbonfiberinsoles.shop\/wp-content\/uploads\/2025\/05\/TLSS-STRIKER-TF-Soccer-Shoes-\u2013-Carbon-Fiber-Anti-Torsion-Spike-Shoes-with-Advanced-Cushioning-2-1-12x12.jpg 12w\" sizes=\"(max-width: 1500px) 100vw, 1500px\" \/><\/p>\n<h4 data-start=\"2284\" data-end=\"2318\"><strong data-start=\"2289\" data-end=\"2318\">Pourquoi acheter cette chaussure de football ?<\/strong><\/h4>\n<p data-start=\"2319\" data-end=\"2401\">Si vous \u00eates soucieux de la performance, le <strong data-start=\"2360\" data-end=\"2379\">TLSS STRIKER TF<\/strong> est votre meilleur choix :<\/p>\n<ul data-start=\"2402\" data-end=\"2712\">\n<li data-start=\"2402\" data-end=\"2459\">\n<p data-start=\"2404\" data-end=\"2459\">Vous avez besoin <strong data-start=\"2413\" data-end=\"2440\">protection anti-torsion<\/strong> pour \u00e9viter les blessures.<\/p>\n<\/li>\n<li data-start=\"2460\" data-end=\"2524\">\n<p data-start=\"2462\" data-end=\"2524\">Vous demandez <strong data-start=\"2473\" data-end=\"2498\">amorti r\u00e9actif<\/strong> pour des matchs sans fatigue.<\/p>\n<\/li>\n<li data-start=\"2525\" data-end=\"2580\">\n<p data-start=\"2527\" data-end=\"2580\">Vous voulez une traction agressive avec <strong data-start=\"2561\" data-end=\"2579\">Chaussures \u00e0 crampons TF<\/strong>.<\/p>\n<\/li>\n<li data-start=\"2581\" data-end=\"2647\">\n<p data-start=\"2583\" data-end=\"2647\">Vous appr\u00e9ciez les composants technologiques tels que <strong data-start=\"2623\" data-end=\"2646\">plaques en fibre de carbone<\/strong>.<\/p>\n<\/li>\n<li data-start=\"2648\" data-end=\"2712\">\n<p data-start=\"2650\" data-end=\"2712\">Vous recherchez des performances durables dans toutes les conditions.<\/p>\n<\/li>\n<\/ul>\n<h4 data-start=\"2714\" data-end=\"2727\"><strong data-start=\"2719\" data-end=\"2727\">FAQ<\/strong><\/h4>\n<p data-start=\"2729\" data-end=\"2874\"><strong data-start=\"2729\" data-end=\"2773\">Q1 : Ces produits conviennent-ils pour les terrains en herbe ?<\/strong><br data-start=\"2773\" data-end=\"2776\" \/>R : Ils sont con\u00e7us sp\u00e9cifiquement pour <strong data-start=\"2815\" data-end=\"2839\">gazon artificiel (TF)<\/strong>. Pour le gazon naturel, utilisez des crampons FG.<\/p>\n<p data-start=\"2876\" data-end=\"3064\"><strong data-start=\"2876\" data-end=\"2927\">Q2 : Qu'est-ce qui diff\u00e9rencie les chaussures amortissantes TLSS ?<\/strong><br data-start=\"2927\" data-end=\"2930\" \/>A : TLSS int\u00e8gre <strong data-start=\"2949\" data-end=\"2973\">mousse EVA multicouche<\/strong> avec un <strong data-start=\"2981\" data-end=\"3003\">plaque en fibre de carbone<\/strong> pour offrir \u00e0 la fois une protection contre les chocs et une rigidit\u00e9 en torsion.<\/p>\n<p data-start=\"3066\" data-end=\"3199\"><strong data-start=\"3066\" data-end=\"3109\">Q3 : Puis-je les utiliser pour l'entra\u00eenement quotidien ?<\/strong><br data-start=\"3109\" data-end=\"3112\" \/>R : Absolument. Ces chaussures sont con\u00e7ues pour l'entra\u00eenement et les comp\u00e9titions sur gazon.<\/p>\n<p data-start=\"3201\" data-end=\"3337\"><strong data-start=\"3201\" data-end=\"3233\">Q4 : Comment dois-je les nettoyer ?<\/strong><br data-start=\"3233\" data-end=\"3236\" \/>R : Utilisez une brosse souple et un d\u00e9tergent doux. \u00c9vitez le trempage ou le lavage en machine pour prot\u00e9ger la plaque de carbone.<\/p>","protected":false},"excerpt":{"rendered":"<p>Con\u00e7ues pour la vitesse, ces <strong data-start=\"511\" data-end=\"540\">chaussures de course en carbone<\/strong> offrent une meilleure propulsion, une meilleure adh\u00e9rence et une meilleure absorption des chocs. Parfait pour <strong data-start=\"619\" data-end=\"677\">les \u00e9preuves d'athl\u00e9tisme, le marathon et l'entra\u00eenement<\/strong>Elles offrent une conception respirante, une sensation de l\u00e9g\u00e8ret\u00e9 et un retour d'\u00e9nergie \u00e9lev\u00e9 pour des performances optimales.<\/p>","protected":false},"featured_media":20299,"comment_status":"open","ping_status":"closed","template":"","meta":{"_kadence_starter_templates_imported_post":false,"_kad_post_transparent":"","_kad_post_title":"","_kad_post_layout":"","_kad_post_sidebar_id":"","_kad_post_content_style":"","_kad_post_vertical_padding":"","_kad_post_feature":"","_kad_post_feature_position":"","_kad_post_header":false,"_kad_post_footer":false},"product_brand":[479],"product_cat":[253,252,477,478],"product_tag":[483,484,349,258,327,482,343,480,481,344,326],"class_list":{"0":"post-20276","1":"product","2":"type-product","3":"status-publish","4":"has-post-thumbnail","6":"product_brand-tlss","7":"product_cat-carbon-plate-running-shoes","8":"product_cat-carbon-shoes","9":"product_cat-tlss","10":"product_cat-tlss-shoes","11":"product_tag-anti-torsion-shoes","12":"product_tag-cushioning-shoes","13":"product_tag-racing-shoes","14":"product_tag-running-shoes-with-carbon-plate","15":"product_tag-shock-absorption-shoes","16":"product_tag-soccer-shoes","17":"product_tag-spike-shoes","18":"product_tag-tlss","19":"product_tag-tlss-shoes","20":"product_tag-track-and-field-shoes","21":"product_tag-training-shoes","23":"first","24":"instock","25":"shipping-taxable","26":"purchasable","27":"product-type-variable","28":"entry","29":"content-bg","30":"loop-entry"},"aioseo_notices":[],"_links":{"self":[{"href":"https:\/\/www.carbonfiberinsoles.shop\/fr\/wp-json\/wp\/v2\/product\/20276","targetHints":{"allow":["GET"]}}],"collection":[{"href":"https:\/\/www.carbonfiberinsoles.shop\/fr\/wp-json\/wp\/v2\/product"}],"about":[{"href":"https:\/\/www.carbonfiberinsoles.shop\/fr\/wp-json\/wp\/v2\/types\/product"}],"replies":[{"embeddable":true,"href":"https:\/\/www.carbonfiberinsoles.shop\/fr\/wp-json\/wp\/v2\/comments?post=20276"}],"version-history":[{"count":1,"href":"https:\/\/www.carbonfiberinsoles.shop\/fr\/wp-json\/wp\/v2\/product\/20276\/revisions"}],"predecessor-version":[{"id":21578,"href":"https:\/\/www.carbonfiberinsoles.shop\/fr\/wp-json\/wp\/v2\/product\/20276\/revisions\/21578"}],"wp:featuredmedia":[{"embeddable":true,"href":"https:\/\/www.carbonfiberinsoles.shop\/fr\/wp-json\/wp\/v2\/media\/20299"}],"wp:attachment":[{"href":"https:\/\/www.carbonfiberinsoles.shop\/fr\/wp-json\/wp\/v2\/media?parent=20276"}],"wp:term":[{"taxonomy":"product_brand","embeddable":true,"href":"https:\/\/www.carbonfiberinsoles.shop\/fr\/wp-json\/wp\/v2\/product_brand?post=20276"},{"taxonomy":"product_cat","embeddable":true,"href":"https:\/\/www.carbonfiberinsoles.shop\/fr\/wp-json\/wp\/v2\/product_cat?post=20276"},{"taxonomy":"product_tag","embeddable":true,"href":"https:\/\/www.carbonfiberinsoles.shop\/fr\/wp-json\/wp\/v2\/product_tag?post=20276"}],"curies":[{"name":"wp","href":"https:\/\/api.w.org\/{rel}","templated":true}]}}