{"id":20938,"date":"2025-08-24T13:35:37","date_gmt":"2025-08-24T13:35:37","guid":{"rendered":"https:\/\/www.carbonfiberinsoles.shop\/?post_type=product&#038;p=20938"},"modified":"2026-03-30T07:58:01","modified_gmt":"2026-03-30T07:58:01","slug":"women-men-diabetic-shoes-with-arch-support-extra-wide-widths-walking-edema-sneakers-adjustable-strap","status":"publish","type":"product","link":"https:\/\/www.carbonfiberinsoles.shop\/fr\/produit\/women-men-diabetic-shoes-with-arch-support-extra-wide-widths-walking-edema-sneakers-adjustable-strap\/","title":{"rendered":"Chaussures pour diab\u00e9tiques avec soutien de la vo\u00fbte plantaire - Baskets de marche extra larges"},"content":{"rendered":"<p>FACILE \u00c0 METTRE ET \u00c0 ENLEVER - Les sangles de l'avant-pied sont tr\u00e8s ajustables gr\u00e2ce \u00e0 des fermetures, la plage d'ajustement est id\u00e9ale pour les changements dans le degr\u00e9 de gonflement. Le port de cette chaussure l\u00e9g\u00e8re pour diab\u00e9tiques peut aider \u00e0 soulager la pression sur les pieds enfl\u00e9s, les oignons, l'\u0153d\u00e8me, le diab\u00e8te ou les orteils en marteau.<br \/>\nLARGEUR EXTENSE - La bo\u00eete \u00e0 orteils large offre un ajustement confortable et non contraignant, et att\u00e9nue la pression sur les pieds sensibles. La tige en mesh extensible et respirant se dilate avec votre pied lorsque vous marchez, ce qui est parfait pour toutes les saisons et les activit\u00e9s de plein air. Un ajustement plus confortable pour vous aider \u00e0 r\u00e9duire les irritations.<br \/>\n3 PIRES DE SEMELLES EN MOUSSE EXTRA - Conception extra profonde avec soutien de la vo\u00fbte plantaire, 3 paires de semelles amovibles en mousse \u00e0 m\u00e9moire de forme offrent suffisamment d'espace pour des orth\u00e8ses sur mesure. Ces semelles confortables offrent un contr\u00f4le mod\u00e9r\u00e9, un soutien et une protection pour les pieds enfl\u00e9s, offrant la meilleure solution et un ajustement personnalis\u00e9 pour les chaussures diab\u00e9tiques des femmes et des hommes, les pieds \u00e0 probl\u00e8mes.<br \/>\nUTILISATEURS ET OCCASIONS CIBLES - Id\u00e9ales pour ceux qui ont besoin d'une \u00e9lasticit\u00e9, d'un confort et d'une souplesse suppl\u00e9mentaires pour les pieds gonfl\u00e9s, les orteils en marteau, les oignons, la fasciite plantaire, les cors, les callosit\u00e9s, l'arthrose, la polyarthrite rhumato\u00efde, les orteils en marteau, le n\u00e9vrome de Morton, l'\u0153d\u00e8me, la d\u00e9mence, les blessures impliquant les tendons, les muscles et les os, ou qui ont besoin d'une chaussure post-op\u00e9ratoire.<\/p>\n<p><img fetchpriority=\"high\" decoding=\"async\" class=\"aligncenter wp-image-20948 size-full\" src=\"http:\/\/www.carbonfiberinsoles.shop\/wp-content\/uploads\/2025\/08\/Women-Men-Diabetic-Shoes-with-Arch-Support-Extra-Wide-Widths-Walking-Edema-Sneakers-Adjustable-Strap-7.jpg\" alt=\"Chaussures diab\u00e9tiques \u00e9l\u00e9gantes avec soutien de la vo\u00fbte plantaire, chaussures de marche \u00e0 largeur extra-large pour \u0153d\u00e8me, courroie ajustable, facile \u00e0 mettre et \u00e0 enlever, avec 3 paires de semelles de remplacement pour soutenir les pieds enfl\u00e9s.\" width=\"970\" height=\"600\" srcset=\"https:\/\/www.carbonfiberinsoles.shop\/wp-content\/uploads\/2025\/08\/Women-Men-Diabetic-Shoes-with-Arch-Support-Extra-Wide-Widths-Walking-Edema-Sneakers-Adjustable-Strap-7.jpg 970w, https:\/\/www.carbonfiberinsoles.shop\/wp-content\/uploads\/2025\/08\/Women-Men-Diabetic-Shoes-with-Arch-Support-Extra-Wide-Widths-Walking-Edema-Sneakers-Adjustable-Strap-7-430x266.jpg 430w, https:\/\/www.carbonfiberinsoles.shop\/wp-content\/uploads\/2025\/08\/Women-Men-Diabetic-Shoes-with-Arch-Support-Extra-Wide-Widths-Walking-Edema-Sneakers-Adjustable-Strap-7-700x433.jpg 700w, https:\/\/www.carbonfiberinsoles.shop\/wp-content\/uploads\/2025\/08\/Women-Men-Diabetic-Shoes-with-Arch-Support-Extra-Wide-Widths-Walking-Edema-Sneakers-Adjustable-Strap-7-400x247.jpg 400w, https:\/\/www.carbonfiberinsoles.shop\/wp-content\/uploads\/2025\/08\/Women-Men-Diabetic-Shoes-with-Arch-Support-Extra-Wide-Widths-Walking-Edema-Sneakers-Adjustable-Strap-7-768x475.jpg 768w, https:\/\/www.carbonfiberinsoles.shop\/wp-content\/uploads\/2025\/08\/Women-Men-Diabetic-Shoes-with-Arch-Support-Extra-Wide-Widths-Walking-Edema-Sneakers-Adjustable-Strap-7-18x12.jpg 18w\" sizes=\"(max-width: 970px) 100vw, 970px\" \/> <img decoding=\"async\" class=\"aligncenter wp-image-20943 size-full\" src=\"http:\/\/www.carbonfiberinsoles.shop\/wp-content\/uploads\/2025\/08\/Women-Men-Diabetic-Shoes-with-Arch-Support-Extra-Wide-Widths-Walking-Edema-Sneakers-Adjustable-Strap-2.jpg\" alt=\"Femmes Hommes Chaussures diab\u00e9tiques avec soutien de la vo\u00fbte plantaire Extra Large Marche Edema Sneakers Strap ajustable\" width=\"970\" height=\"600\" srcset=\"https:\/\/www.carbonfiberinsoles.shop\/wp-content\/uploads\/2025\/08\/Women-Men-Diabetic-Shoes-with-Arch-Support-Extra-Wide-Widths-Walking-Edema-Sneakers-Adjustable-Strap-2.jpg 970w, https:\/\/www.carbonfiberinsoles.shop\/wp-content\/uploads\/2025\/08\/Women-Men-Diabetic-Shoes-with-Arch-Support-Extra-Wide-Widths-Walking-Edema-Sneakers-Adjustable-Strap-2-430x266.jpg 430w, https:\/\/www.carbonfiberinsoles.shop\/wp-content\/uploads\/2025\/08\/Women-Men-Diabetic-Shoes-with-Arch-Support-Extra-Wide-Widths-Walking-Edema-Sneakers-Adjustable-Strap-2-700x433.jpg 700w, https:\/\/www.carbonfiberinsoles.shop\/wp-content\/uploads\/2025\/08\/Women-Men-Diabetic-Shoes-with-Arch-Support-Extra-Wide-Widths-Walking-Edema-Sneakers-Adjustable-Strap-2-400x247.jpg 400w, https:\/\/www.carbonfiberinsoles.shop\/wp-content\/uploads\/2025\/08\/Women-Men-Diabetic-Shoes-with-Arch-Support-Extra-Wide-Widths-Walking-Edema-Sneakers-Adjustable-Strap-2-768x475.jpg 768w, https:\/\/www.carbonfiberinsoles.shop\/wp-content\/uploads\/2025\/08\/Women-Men-Diabetic-Shoes-with-Arch-Support-Extra-Wide-Widths-Walking-Edema-Sneakers-Adjustable-Strap-2-18x12.jpg 18w\" sizes=\"(max-width: 970px) 100vw, 970px\" \/><img decoding=\"async\" class=\"aligncenter wp-image-20942 size-full\" src=\"http:\/\/www.carbonfiberinsoles.shop\/wp-content\/uploads\/2025\/08\/Women-Men-Diabetic-Shoes-with-Arch-Support-Extra-Wide-Widths-Walking-Edema-Sneakers-Adjustable-Strap-1.jpg\" alt=\"Femmes Hommes Chaussures diab\u00e9tiques avec soutien de la vo\u00fbte plantaire Extra Large Marche Edema Sneakers Strap ajustable\" width=\"970\" height=\"600\" srcset=\"https:\/\/www.carbonfiberinsoles.shop\/wp-content\/uploads\/2025\/08\/Women-Men-Diabetic-Shoes-with-Arch-Support-Extra-Wide-Widths-Walking-Edema-Sneakers-Adjustable-Strap-1.jpg 970w, https:\/\/www.carbonfiberinsoles.shop\/wp-content\/uploads\/2025\/08\/Women-Men-Diabetic-Shoes-with-Arch-Support-Extra-Wide-Widths-Walking-Edema-Sneakers-Adjustable-Strap-1-430x266.jpg 430w, https:\/\/www.carbonfiberinsoles.shop\/wp-content\/uploads\/2025\/08\/Women-Men-Diabetic-Shoes-with-Arch-Support-Extra-Wide-Widths-Walking-Edema-Sneakers-Adjustable-Strap-1-700x433.jpg 700w, https:\/\/www.carbonfiberinsoles.shop\/wp-content\/uploads\/2025\/08\/Women-Men-Diabetic-Shoes-with-Arch-Support-Extra-Wide-Widths-Walking-Edema-Sneakers-Adjustable-Strap-1-400x247.jpg 400w, https:\/\/www.carbonfiberinsoles.shop\/wp-content\/uploads\/2025\/08\/Women-Men-Diabetic-Shoes-with-Arch-Support-Extra-Wide-Widths-Walking-Edema-Sneakers-Adjustable-Strap-1-768x475.jpg 768w, https:\/\/www.carbonfiberinsoles.shop\/wp-content\/uploads\/2025\/08\/Women-Men-Diabetic-Shoes-with-Arch-Support-Extra-Wide-Widths-Walking-Edema-Sneakers-Adjustable-Strap-1-18x12.jpg 18w\" sizes=\"(max-width: 970px) 100vw, 970px\" \/> <img loading=\"lazy\" decoding=\"async\" class=\"aligncenter wp-image-20944 size-full\" src=\"http:\/\/www.carbonfiberinsoles.shop\/wp-content\/uploads\/2025\/08\/Women-Men-Diabetic-Shoes-with-Arch-Support-Extra-Wide-Widths-Walking-Edema-Sneakers-Adjustable-Strap-3.jpg\" alt=\"Chaussures diab\u00e9tiques \u00e9l\u00e9gantes avec soutien de la vo\u00fbte plantaire, chaussures de marche \u00e0 largeur extra-large pour \u0153d\u00e8me, courroie ajustable, facile \u00e0 mettre et \u00e0 enlever, avec 3 paires de semelles de remplacement pour soutenir les pieds enfl\u00e9s.\" width=\"970\" height=\"600\" srcset=\"https:\/\/www.carbonfiberinsoles.shop\/wp-content\/uploads\/2025\/08\/Women-Men-Diabetic-Shoes-with-Arch-Support-Extra-Wide-Widths-Walking-Edema-Sneakers-Adjustable-Strap-3.jpg 970w, https:\/\/www.carbonfiberinsoles.shop\/wp-content\/uploads\/2025\/08\/Women-Men-Diabetic-Shoes-with-Arch-Support-Extra-Wide-Widths-Walking-Edema-Sneakers-Adjustable-Strap-3-430x266.jpg 430w, https:\/\/www.carbonfiberinsoles.shop\/wp-content\/uploads\/2025\/08\/Women-Men-Diabetic-Shoes-with-Arch-Support-Extra-Wide-Widths-Walking-Edema-Sneakers-Adjustable-Strap-3-700x433.jpg 700w, https:\/\/www.carbonfiberinsoles.shop\/wp-content\/uploads\/2025\/08\/Women-Men-Diabetic-Shoes-with-Arch-Support-Extra-Wide-Widths-Walking-Edema-Sneakers-Adjustable-Strap-3-400x247.jpg 400w, https:\/\/www.carbonfiberinsoles.shop\/wp-content\/uploads\/2025\/08\/Women-Men-Diabetic-Shoes-with-Arch-Support-Extra-Wide-Widths-Walking-Edema-Sneakers-Adjustable-Strap-3-768x475.jpg 768w, https:\/\/www.carbonfiberinsoles.shop\/wp-content\/uploads\/2025\/08\/Women-Men-Diabetic-Shoes-with-Arch-Support-Extra-Wide-Widths-Walking-Edema-Sneakers-Adjustable-Strap-3-18x12.jpg 18w\" sizes=\"(max-width: 970px) 100vw, 970px\" \/><\/p>\n<p><img loading=\"lazy\" decoding=\"async\" class=\"aligncenter wp-image-20998 size-full\" src=\"http:\/\/www.carbonfiberinsoles.shop\/wp-content\/uploads\/2025\/08\/Diabetic-Shoes-Size.jpg\" alt=\"\" width=\"737\" height=\"378\" srcset=\"https:\/\/www.carbonfiberinsoles.shop\/wp-content\/uploads\/2025\/08\/Diabetic-Shoes-Size.jpg 737w, https:\/\/www.carbonfiberinsoles.shop\/wp-content\/uploads\/2025\/08\/Diabetic-Shoes-Size-430x221.jpg 430w, https:\/\/www.carbonfiberinsoles.shop\/wp-content\/uploads\/2025\/08\/Diabetic-Shoes-Size-700x359.jpg 700w, https:\/\/www.carbonfiberinsoles.shop\/wp-content\/uploads\/2025\/08\/Diabetic-Shoes-Size-400x205.jpg 400w, https:\/\/www.carbonfiberinsoles.shop\/wp-content\/uploads\/2025\/08\/Diabetic-Shoes-Size-18x9.jpg 18w\" sizes=\"(max-width: 737px) 100vw, 737px\" \/><\/p>\n<h4 data-start=\"1823\" data-end=\"1849\"><strong data-start=\"1831\" data-end=\"1847\">Caract\u00e9ristiques principales<\/strong><\/h4>\n<ul data-start=\"1850\" data-end=\"2543\">\n<li data-start=\"1850\" data-end=\"1952\">\n<p data-start=\"1852\" data-end=\"1952\"><strong data-start=\"1852\" data-end=\"1886\">Construction adapt\u00e9e aux diab\u00e9tiques<\/strong>: L'int\u00e9rieur sans couture et la bo\u00eete \u00e0 orteils spacieuse permettent de minimiser les irritations.<\/p>\n<\/li>\n<li data-start=\"1953\" data-end=\"2047\">\n<p data-start=\"1955\" data-end=\"2047\"><strong data-start=\"1955\" data-end=\"1971\">Soutien de la vo\u00fbte plantaire<\/strong>: Le soutien de la vo\u00fbte plantaire facilite l'alignement et le confort du pied pendant la marche.<\/p>\n<\/li>\n<li data-start=\"2048\" data-end=\"2142\">\n<p data-start=\"2050\" data-end=\"2142\"><strong data-start=\"2050\" data-end=\"2068\">Coupe extra-large<\/strong>: Offre un espace g\u00e9n\u00e9reux pour les gonflements, les orth\u00e8ses ou les conditions sensibles.<\/p>\n<\/li>\n<li data-start=\"2143\" data-end=\"2248\">\n<p data-start=\"2145\" data-end=\"2248\"><strong data-start=\"2145\" data-end=\"2166\">Bretelles r\u00e9glables<\/strong>: Les bretelles faciles \u00e0 enfiler et \u00e0 enlever permettent des ajustements rapides pour un maintien parfait tout au long de la journ\u00e9e.<\/p>\n<\/li>\n<li data-start=\"2249\" data-end=\"2346\">\n<p data-start=\"2251\" data-end=\"2346\"><strong data-start=\"2251\" data-end=\"2271\">Semelles multiples<\/strong>: Trois semelles interchangeables vous permettent d'affiner l'amorti et le soutien.<\/p>\n<\/li>\n<li data-start=\"2347\" data-end=\"2435\">\n<p data-start=\"2349\" data-end=\"2435\"><strong data-start=\"2349\" data-end=\"2371\">Conception l\u00e9g\u00e8re<\/strong>: Assure la flexibilit\u00e9 pour une marche sans effort et un port tout au long de la journ\u00e9e.<\/p>\n<\/li>\n<li data-start=\"2436\" data-end=\"2543\">\n<p data-start=\"2438\" data-end=\"2543\"><strong data-start=\"2438\" data-end=\"2461\">\u00c9l\u00e9gant et polyvalent<\/strong>: Suffisamment \u00e9l\u00e9gant pour les sorties d\u00e9contract\u00e9es, mais con\u00e7u pour une utilisation th\u00e9rapeutique fonctionnelle.<\/p>\n<\/li>\n<\/ul>\n<h4 data-start=\"2545\" data-end=\"2585\"><strong data-start=\"2553\" data-end=\"2583\">Pourquoi choisir ces baskets ?<\/strong><\/h4>\n<ul data-start=\"2586\" data-end=\"3060\">\n<li data-start=\"2586\" data-end=\"2679\">\n<p data-start=\"2588\" data-end=\"2679\">Adapt\u00e9es aux conditions diab\u00e9tiques, ces chaussures r\u00e9duisent la pression et prot\u00e8gent la peau sensible.<\/p>\n<\/li>\n<li data-start=\"2680\" data-end=\"2780\">\n<p data-start=\"2682\" data-end=\"2780\">Le soutien de la vo\u00fbte plantaire am\u00e9liore la posture et soulage la fatigue du pied, ce qui est id\u00e9al pour marcher ou rester debout pendant de longues p\u00e9riodes.<\/p>\n<\/li>\n<li data-start=\"2781\" data-end=\"2888\">\n<p data-start=\"2783\" data-end=\"2888\">La coupe extra-large et ajustable s'adapte aux changements du pied tout au long de la journ\u00e9e, notamment en cas de gonflement ou d'\u0153d\u00e8me.<\/p>\n<\/li>\n<li data-start=\"2889\" data-end=\"2959\">\n<p data-start=\"2891\" data-end=\"2959\">Plusieurs semelles permettent aux clients de personnaliser l'amortissement et le soutien.<\/p>\n<\/li>\n<li data-start=\"2960\" data-end=\"3060\">\n<p data-start=\"2962\" data-end=\"3060\">Offre \u00e0 la fois confort et style - parfait pour une tenue d\u00e9contract\u00e9e sans compromettre les bienfaits th\u00e9rapeutiques.<\/p>\n<\/li>\n<\/ul>\n<h4 data-start=\"3062\" data-end=\"3078\"><strong data-start=\"3070\" data-end=\"3078\">FAQ<\/strong><\/h4>\n<p data-start=\"3080\" data-end=\"3297\"><strong data-start=\"3080\" data-end=\"3144\">Q : Ces chaussures conviennent-elles aux personnes souffrant d'\u0153d\u00e8me ou de pieds gonfl\u00e9s ?<\/strong><br data-start=\"3144\" data-end=\"3147\" \/>R : Absolument, c'est une priorit\u00e9 absolue. La conception extra-large et les bretelles r\u00e9glables permettent de personnaliser l'ajustement pour tenir compte de l'enflure et assurer le confort.<\/p>\n<p data-start=\"3299\" data-end=\"3523\"><strong data-start=\"3299\" data-end=\"3379\">Q : Comment fonctionnent les semelles orthop\u00e9diques ? Puis-je les remplacer par mes propres semelles orthop\u00e9diques ?<\/strong><br data-start=\"3379\" data-end=\"3382\" \/>R : Oui. Vous pouvez choisir parmi les trois semelles incluses en fonction de vos besoins de confort, ou les remplacer par vos propres orth\u00e8ses personnalis\u00e9es si vous le souhaitez.<\/p>\n<p data-start=\"3525\" data-end=\"3712\"><strong data-start=\"3525\" data-end=\"3564\">Q : Ces chaussures offrent-elles un bon soutien de la vo\u00fbte plantaire ?<\/strong><br data-start=\"3564\" data-end=\"3567\" \/>R : Oui ! Le soutien int\u00e9gr\u00e9 de la vo\u00fbte plantaire est con\u00e7u pour am\u00e9liorer l'alignement et r\u00e9duire la tension du pied, ce qui fait de ces chaussures pour diab\u00e9tiques des chaussures id\u00e9ales pour la marche quotidienne.<\/p>\n<p data-start=\"3714\" data-end=\"3880\"><strong data-start=\"3714\" data-end=\"3755\">Q : Ces chaussures de sport sont-elles faciles \u00e0 enfiler ?<\/strong><br data-start=\"3755\" data-end=\"3758\" \/>R : Absolument. Les sangles r\u00e9glables permettent de les enfiler facilement, ce qui est particuli\u00e8rement utile en cas de mobilit\u00e9 ou de flexibilit\u00e9 limit\u00e9es.<\/p>\n<p data-start=\"3882\" data-end=\"4051\"><strong data-start=\"3882\" data-end=\"3937\">Q : Puis-je porter ces chaussures de mani\u00e8re d\u00e9contract\u00e9e ou pour une marche active ?<\/strong><br data-start=\"3937\" data-end=\"3940\" \/>A : Oui ! Elles combinent un aspect \u00e9l\u00e9gant et d\u00e9contract\u00e9 de baskets avec une conception de soutien pour la marche ou les activit\u00e9s l\u00e9g\u00e8res.<\/p>\n<p>&nbsp;<\/p>","protected":false},"excerpt":{"rendered":"<p><strong>D\u00e9tails du produit<\/strong><br \/>\nType de tissu : 100% Coton<br \/>\nMat\u00e9riau de la semelle : Caoutchouc<br \/>\nMat\u00e9riau ext\u00e9rieur : Maille<br \/>\nType de fermeture : Pull-On<\/p>","protected":false},"featured_media":20956,"comment_status":"open","ping_status":"closed","template":"","meta":{"_kadence_starter_templates_imported_post":false,"_kad_post_transparent":"default","_kad_post_title":"","_kad_post_layout":"default","_kad_post_sidebar_id":"","_kad_post_content_style":"default","_kad_post_vertical_padding":"default","_kad_post_feature":"","_kad_post_feature_position":"","_kad_post_header":false,"_kad_post_footer":false},"product_brand":[],"product_cat":[570,533,534,530,532,586,528,527,529,531],"product_tag":[332,535],"class_list":{"0":"post-20938","1":"product","2":"type-product","3":"status-publish","4":"has-post-thumbnail","6":"product_cat-diabetic-shoes","7":"product_cat-men-diabetic-shoes","8":"product_cat-men-orthopedic-shoes","9":"product_cat-men-shoes","10":"product_cat-men-walking-shoes","11":"product_cat-recovery-shoes","12":"product_cat-women-diabetic-shoes","13":"product_cat-women-orthopedic-shoes","14":"product_cat-women-shoes","15":"product_cat-women-walking-shoes","16":"product_tag-casual-shoes","17":"product_tag-diabetic-shoes","19":"first","20":"instock","21":"shipping-taxable","22":"purchasable","23":"product-type-variable","24":"has-default-attributes","25":"entry","26":"content-bg","27":"loop-entry"},"aioseo_notices":[],"_links":{"self":[{"href":"https:\/\/www.carbonfiberinsoles.shop\/fr\/wp-json\/wp\/v2\/product\/20938","targetHints":{"allow":["GET"]}}],"collection":[{"href":"https:\/\/www.carbonfiberinsoles.shop\/fr\/wp-json\/wp\/v2\/product"}],"about":[{"href":"https:\/\/www.carbonfiberinsoles.shop\/fr\/wp-json\/wp\/v2\/types\/product"}],"replies":[{"embeddable":true,"href":"https:\/\/www.carbonfiberinsoles.shop\/fr\/wp-json\/wp\/v2\/comments?post=20938"}],"version-history":[{"count":8,"href":"https:\/\/www.carbonfiberinsoles.shop\/fr\/wp-json\/wp\/v2\/product\/20938\/revisions"}],"predecessor-version":[{"id":21577,"href":"https:\/\/www.carbonfiberinsoles.shop\/fr\/wp-json\/wp\/v2\/product\/20938\/revisions\/21577"}],"wp:featuredmedia":[{"embeddable":true,"href":"https:\/\/www.carbonfiberinsoles.shop\/fr\/wp-json\/wp\/v2\/media\/20956"}],"wp:attachment":[{"href":"https:\/\/www.carbonfiberinsoles.shop\/fr\/wp-json\/wp\/v2\/media?parent=20938"}],"wp:term":[{"taxonomy":"product_brand","embeddable":true,"href":"https:\/\/www.carbonfiberinsoles.shop\/fr\/wp-json\/wp\/v2\/product_brand?post=20938"},{"taxonomy":"product_cat","embeddable":true,"href":"https:\/\/www.carbonfiberinsoles.shop\/fr\/wp-json\/wp\/v2\/product_cat?post=20938"},{"taxonomy":"product_tag","embeddable":true,"href":"https:\/\/www.carbonfiberinsoles.shop\/fr\/wp-json\/wp\/v2\/product_tag?post=20938"}],"curies":[{"name":"wp","href":"https:\/\/api.w.org\/{rel}","templated":true}]}}