{"id":21166,"date":"2025-09-01T20:29:58","date_gmt":"2025-09-01T20:29:58","guid":{"rendered":"https:\/\/www.carbonfiberinsoles.shop\/?post_type=product&#038;p=21166"},"modified":"2026-03-30T07:57:35","modified_gmt":"2026-03-30T07:57:35","slug":"womens-diabetic-shoes-extra-wide-edema-shoes-outdoor-walking-sneakers-plantar-fasciitis-shoes","status":"publish","type":"product","link":"https:\/\/www.carbonfiberinsoles.shop\/fr\/produit\/womens-diabetic-shoes-extra-wide-edema-shoes-outdoor-walking-sneakers-plantar-fasciitis-shoes\/","title":{"rendered":"Chaussures pour femmes \u00e0 \u0153d\u00e8me diab\u00e9tique - Baskets de marche extra-larges"},"content":{"rendered":"<ul class=\"a-unordered-list a-vertical a-spacing-small\">\n<li><span class=\"a-list-item a-size-base a-color-base\">\u3010Comfortable Wide Toe Box Shoes\u3011Our's femmes pieds larges chaussures personnalis\u00e9 mat\u00e9riau tricot\u00e9 doux fournit la flexibilit\u00e9 ultime et la respirabilit\u00e9. La tige en tissu extensible et respirant garde vos pieds au frais et pr\u00e9vient les odeurs. La conception de la bo\u00eete \u00e0 orteils large r\u00e9duit la pression et les chocs de l'ext\u00e9rieur, assurant un confort extr\u00eame lorsque vous portez ces chaussures de sport. Convient aux pieds gonfl\u00e9s, aux pieds larges, aux orteils en marteau, aux oignons, au ma\u00efs, \u00e0 l'arthrite, \u00e0 l'\u0153d\u00e8me, aux pieds larges, au lymph\u0153d\u00e8me, au pied de Charcot, etc.<\/span><\/li>\n<li><span class=\"a-list-item a-size-base a-color-base\">\u3010Easy Slip On and Take Off\u3011Diabetic shoes feature with velcro strap make these womens velcro shoes is convenient for put on and take off easily, the women easy slip on shoes can be adjusted and tightened to the proper position to secure the instep for stable and comfortable walking. La conception large am\u00e9liore votre confort pendant la marche et comprend une bo\u00eete \u00e0 orteils spacieuse pour prot\u00e9ger vos pieds contre les chocs. Parfaites pour la fasciite plantaire, le soulagement de la douleur au pied, le diab\u00e8te, l'orthop\u00e9die, la neuropathie, etc.<\/span><\/li>\n<li><span class=\"a-list-item a-size-base a-color-base\">\u3010Arch Supportive Walking Sneakers\u3011 Les chaussures de marche confortables pour femmes avec un design \u00e0 coussin d'air offrent un soutien stable et une r\u00e9duction des chocs. Ces baskets de soutien de la vo\u00fbte plantaire sont parfaites pour ceux qui ont besoin de rester debout ou de marcher pendant une longue p\u00e9riode. La semelle interm\u00e9diaire \u00e0 3 paires d'air combin\u00e9e \u00e0 la semelle int\u00e9rieure en mousse \u00e0 m\u00e9moire de forme pour l'absorption des chocs et peut \u00eatre remplac\u00e9e \u00e0 volont\u00e9. Vous emm\u00e8nerez vos pieds dans un voyage confortable du jour \u00e0 la nuit. Parfaites pour la marche, les v\u00eatements athl\u00e9tiques d\u00e9contract\u00e9s, l'entra\u00eenement, la course ou le fitness.<\/span><\/li>\n<li><span class=\"a-list-item a-size-base a-color-base\">\u3010All-Day Comfortable Walking Shoes\u3011Lightweight Anti-slip Rubber sole with air cushion which offer for stability and provide cushioning and support effect for the feet. Une grande traction et une semelle d'adh\u00e9rence fournissent une bonne traction dans votre marche. Convient pour le travail debout de longue dur\u00e9e, la marche, le yoga, les soins infirmiers, les activit\u00e9s d\u00e9contract\u00e9es, le shopping, les voyages, la station debout prolong\u00e9e, la conduite.<\/span><\/li>\n<li><span class=\"a-list-item a-size-base a-color-base\">\u3010Couleurs disponibles et conseils d'entretien\u3011Ces chaussures peuvent convenir \u00e0 tous les pieds standard. Si vous \u00eates entre deux tailles (comme la taille 7,5, 8,5 etc.) ou si vous portez des chaussettes, veuillez prendre la taille sup\u00e9rieure. Si vous avez un gonflement important, nous vous sugg\u00e9rons de prendre une taille au-dessus en fonction de la situation du gonflement de vos pieds. Ces chaussures sont sp\u00e9cialement con\u00e7ues pour \u00eatre tr\u00e8s spacieuses et s'adapter aux pieds gonfl\u00e9s. Il est recommand\u00e9 de les laver \u00e0 la main ou \u00e0 la machine, ce qui facilite le nettoyage et l'entretien au quotidien.<\/span><\/li>\n<\/ul>\n<p><img fetchpriority=\"high\" decoding=\"async\" class=\"aligncenter wp-image-21304 size-full\" src=\"http:\/\/www.carbonfiberinsoles.shop\/wp-content\/uploads\/2025\/08\/Diabetic-Shoes-Extra-Wide-Edema-Shoes-11.jpg\" alt=\"Femmes Hommes Chaussures Diab\u00e9tiques Extra Large Edema Chaussures Outdoor Walking Sneakers Plantar Fasciitis Chaussures\" width=\"1464\" height=\"600\" srcset=\"https:\/\/www.carbonfiberinsoles.shop\/wp-content\/uploads\/2025\/08\/Diabetic-Shoes-Extra-Wide-Edema-Shoes-11.jpg 1464w, https:\/\/www.carbonfiberinsoles.shop\/wp-content\/uploads\/2025\/08\/Diabetic-Shoes-Extra-Wide-Edema-Shoes-11-400x164.jpg 400w, https:\/\/www.carbonfiberinsoles.shop\/wp-content\/uploads\/2025\/08\/Diabetic-Shoes-Extra-Wide-Edema-Shoes-11-1300x533.jpg 1300w, https:\/\/www.carbonfiberinsoles.shop\/wp-content\/uploads\/2025\/08\/Diabetic-Shoes-Extra-Wide-Edema-Shoes-11-768x315.jpg 768w, https:\/\/www.carbonfiberinsoles.shop\/wp-content\/uploads\/2025\/08\/Diabetic-Shoes-Extra-Wide-Edema-Shoes-11-18x7.jpg 18w, https:\/\/www.carbonfiberinsoles.shop\/wp-content\/uploads\/2025\/08\/Diabetic-Shoes-Extra-Wide-Edema-Shoes-11-430x176.jpg 430w, https:\/\/www.carbonfiberinsoles.shop\/wp-content\/uploads\/2025\/08\/Diabetic-Shoes-Extra-Wide-Edema-Shoes-11-700x287.jpg 700w\" sizes=\"(max-width: 1464px) 100vw, 1464px\" \/> <img decoding=\"async\" class=\"aligncenter wp-image-21302 size-full\" src=\"http:\/\/www.carbonfiberinsoles.shop\/wp-content\/uploads\/2025\/08\/Diabetic-Shoes-Extra-Wide-Edema-Shoes-7.jpg\" alt=\"Femmes Hommes Chaussures Diab\u00e9tiques Extra Large Edema Chaussures Outdoor Walking Sneakers Plantar Fasciitis Chaussures\" width=\"1464\" height=\"600\" srcset=\"https:\/\/www.carbonfiberinsoles.shop\/wp-content\/uploads\/2025\/08\/Diabetic-Shoes-Extra-Wide-Edema-Shoes-7.jpg 1464w, https:\/\/www.carbonfiberinsoles.shop\/wp-content\/uploads\/2025\/08\/Diabetic-Shoes-Extra-Wide-Edema-Shoes-7-400x164.jpg 400w, https:\/\/www.carbonfiberinsoles.shop\/wp-content\/uploads\/2025\/08\/Diabetic-Shoes-Extra-Wide-Edema-Shoes-7-1300x533.jpg 1300w, https:\/\/www.carbonfiberinsoles.shop\/wp-content\/uploads\/2025\/08\/Diabetic-Shoes-Extra-Wide-Edema-Shoes-7-768x315.jpg 768w, https:\/\/www.carbonfiberinsoles.shop\/wp-content\/uploads\/2025\/08\/Diabetic-Shoes-Extra-Wide-Edema-Shoes-7-18x7.jpg 18w, https:\/\/www.carbonfiberinsoles.shop\/wp-content\/uploads\/2025\/08\/Diabetic-Shoes-Extra-Wide-Edema-Shoes-7-430x176.jpg 430w, https:\/\/www.carbonfiberinsoles.shop\/wp-content\/uploads\/2025\/08\/Diabetic-Shoes-Extra-Wide-Edema-Shoes-7-700x287.jpg 700w\" sizes=\"(max-width: 1464px) 100vw, 1464px\" \/> <img decoding=\"async\" class=\"aligncenter wp-image-21300 size-full\" src=\"http:\/\/www.carbonfiberinsoles.shop\/wp-content\/uploads\/2025\/08\/Diabetic-Shoes-Extra-Wide-Edema-Shoes-5.jpg\" alt=\"Femmes Hommes Chaussures Diab\u00e9tiques Extra Large Edema Chaussures Outdoor Walking Sneakers Plantar Fasciitis Chaussures\" width=\"1464\" height=\"600\" srcset=\"https:\/\/www.carbonfiberinsoles.shop\/wp-content\/uploads\/2025\/08\/Diabetic-Shoes-Extra-Wide-Edema-Shoes-5.jpg 1464w, https:\/\/www.carbonfiberinsoles.shop\/wp-content\/uploads\/2025\/08\/Diabetic-Shoes-Extra-Wide-Edema-Shoes-5-400x164.jpg 400w, https:\/\/www.carbonfiberinsoles.shop\/wp-content\/uploads\/2025\/08\/Diabetic-Shoes-Extra-Wide-Edema-Shoes-5-1300x533.jpg 1300w, https:\/\/www.carbonfiberinsoles.shop\/wp-content\/uploads\/2025\/08\/Diabetic-Shoes-Extra-Wide-Edema-Shoes-5-768x315.jpg 768w, https:\/\/www.carbonfiberinsoles.shop\/wp-content\/uploads\/2025\/08\/Diabetic-Shoes-Extra-Wide-Edema-Shoes-5-18x7.jpg 18w, https:\/\/www.carbonfiberinsoles.shop\/wp-content\/uploads\/2025\/08\/Diabetic-Shoes-Extra-Wide-Edema-Shoes-5-430x176.jpg 430w, https:\/\/www.carbonfiberinsoles.shop\/wp-content\/uploads\/2025\/08\/Diabetic-Shoes-Extra-Wide-Edema-Shoes-5-700x287.jpg 700w\" sizes=\"(max-width: 1464px) 100vw, 1464px\" \/><img loading=\"lazy\" decoding=\"async\" class=\"aligncenter wp-image-21303 size-full\" src=\"http:\/\/www.carbonfiberinsoles.shop\/wp-content\/uploads\/2025\/08\/Diabetic-Shoes-Extra-Wide-Edema-Shoes-10.jpg\" alt=\"Femmes Hommes Chaussures Diab\u00e9tiques Extra Large Edema Chaussures Outdoor Walking Sneakers Plantar Fasciitis Chaussures\" width=\"1464\" height=\"600\" srcset=\"https:\/\/www.carbonfiberinsoles.shop\/wp-content\/uploads\/2025\/08\/Diabetic-Shoes-Extra-Wide-Edema-Shoes-10.jpg 1464w, https:\/\/www.carbonfiberinsoles.shop\/wp-content\/uploads\/2025\/08\/Diabetic-Shoes-Extra-Wide-Edema-Shoes-10-400x164.jpg 400w, https:\/\/www.carbonfiberinsoles.shop\/wp-content\/uploads\/2025\/08\/Diabetic-Shoes-Extra-Wide-Edema-Shoes-10-1300x533.jpg 1300w, https:\/\/www.carbonfiberinsoles.shop\/wp-content\/uploads\/2025\/08\/Diabetic-Shoes-Extra-Wide-Edema-Shoes-10-768x315.jpg 768w, https:\/\/www.carbonfiberinsoles.shop\/wp-content\/uploads\/2025\/08\/Diabetic-Shoes-Extra-Wide-Edema-Shoes-10-18x7.jpg 18w, https:\/\/www.carbonfiberinsoles.shop\/wp-content\/uploads\/2025\/08\/Diabetic-Shoes-Extra-Wide-Edema-Shoes-10-430x176.jpg 430w, https:\/\/www.carbonfiberinsoles.shop\/wp-content\/uploads\/2025\/08\/Diabetic-Shoes-Extra-Wide-Edema-Shoes-10-700x287.jpg 700w\" sizes=\"(max-width: 1464px) 100vw, 1464px\" \/><img loading=\"lazy\" decoding=\"async\" class=\"aligncenter wp-image-21321 size-full\" src=\"http:\/\/www.carbonfiberinsoles.shop\/wp-content\/uploads\/2025\/08\/Diabetic-Shoes-Extra-Wide-Edema-Shoes-30.jpg\" alt=\"Femmes Hommes Chaussures Diab\u00e9tiques Extra Large Edema Chaussures Outdoor Walking Sneakers Plantar Fasciitis Chaussures\" width=\"1464\" height=\"600\" srcset=\"https:\/\/www.carbonfiberinsoles.shop\/wp-content\/uploads\/2025\/08\/Diabetic-Shoes-Extra-Wide-Edema-Shoes-30.jpg 1464w, https:\/\/www.carbonfiberinsoles.shop\/wp-content\/uploads\/2025\/08\/Diabetic-Shoes-Extra-Wide-Edema-Shoes-30-400x164.jpg 400w, https:\/\/www.carbonfiberinsoles.shop\/wp-content\/uploads\/2025\/08\/Diabetic-Shoes-Extra-Wide-Edema-Shoes-30-1300x533.jpg 1300w, https:\/\/www.carbonfiberinsoles.shop\/wp-content\/uploads\/2025\/08\/Diabetic-Shoes-Extra-Wide-Edema-Shoes-30-768x315.jpg 768w, https:\/\/www.carbonfiberinsoles.shop\/wp-content\/uploads\/2025\/08\/Diabetic-Shoes-Extra-Wide-Edema-Shoes-30-18x7.jpg 18w, https:\/\/www.carbonfiberinsoles.shop\/wp-content\/uploads\/2025\/08\/Diabetic-Shoes-Extra-Wide-Edema-Shoes-30-430x176.jpg 430w, https:\/\/www.carbonfiberinsoles.shop\/wp-content\/uploads\/2025\/08\/Diabetic-Shoes-Extra-Wide-Edema-Shoes-30-700x287.jpg 700w\" sizes=\"(max-width: 1464px) 100vw, 1464px\" \/><\/p>","protected":false},"excerpt":{"rendered":"<p>\u3010Comfortable Wide Toe Box Shoes\u3011Our's femmes pieds larges chaussures personnalis\u00e9 mat\u00e9riau tricot\u00e9 doux fournit la flexibilit\u00e9 ultime et la respirabilit\u00e9. La tige en tissu extensible et respirant garde vos pieds au frais et pr\u00e9vient les odeurs. La conception de la bo\u00eete \u00e0 orteils large r\u00e9duit la pression et les chocs de l'ext\u00e9rieur, assurant un confort extr\u00eame lorsque vous portez ces chaussures de sport. Convient aux pieds gonfl\u00e9s...<\/p>","protected":false},"featured_media":21308,"comment_status":"open","ping_status":"closed","template":"","meta":{"_kadence_starter_templates_imported_post":false,"_kad_post_transparent":"default","_kad_post_title":"","_kad_post_layout":"default","_kad_post_sidebar_id":"","_kad_post_content_style":"default","_kad_post_vertical_padding":"default","_kad_post_feature":"","_kad_post_feature_position":"","_kad_post_header":false,"_kad_post_footer":false},"product_brand":[],"product_cat":[570,183,236,549,527,529,531],"product_tag":[535,585,582],"class_list":{"0":"post-21166","1":"product","2":"type-product","3":"status-publish","4":"has-post-thumbnail","6":"product_cat-diabetic-shoes","7":"product_cat-insoles","8":"product_cat-carbon-fiber-insoles-running","9":"product_cat-shoes","10":"product_cat-women-orthopedic-shoes","11":"product_cat-women-shoes","12":"product_cat-women-walking-shoes","13":"product_tag-diabetic-shoes","14":"product_tag-women-orthopedic-shoes","15":"product_tag-women-shoes","17":"first","18":"instock","19":"sale","20":"shipping-taxable","21":"purchasable","22":"product-type-variable","23":"has-default-attributes","24":"entry","25":"content-bg","26":"loop-entry"},"aioseo_notices":[],"_links":{"self":[{"href":"https:\/\/www.carbonfiberinsoles.shop\/fr\/wp-json\/wp\/v2\/product\/21166","targetHints":{"allow":["GET"]}}],"collection":[{"href":"https:\/\/www.carbonfiberinsoles.shop\/fr\/wp-json\/wp\/v2\/product"}],"about":[{"href":"https:\/\/www.carbonfiberinsoles.shop\/fr\/wp-json\/wp\/v2\/types\/product"}],"replies":[{"embeddable":true,"href":"https:\/\/www.carbonfiberinsoles.shop\/fr\/wp-json\/wp\/v2\/comments?post=21166"}],"version-history":[{"count":4,"href":"https:\/\/www.carbonfiberinsoles.shop\/fr\/wp-json\/wp\/v2\/product\/21166\/revisions"}],"predecessor-version":[{"id":21575,"href":"https:\/\/www.carbonfiberinsoles.shop\/fr\/wp-json\/wp\/v2\/product\/21166\/revisions\/21575"}],"wp:featuredmedia":[{"embeddable":true,"href":"https:\/\/www.carbonfiberinsoles.shop\/fr\/wp-json\/wp\/v2\/media\/21308"}],"wp:attachment":[{"href":"https:\/\/www.carbonfiberinsoles.shop\/fr\/wp-json\/wp\/v2\/media?parent=21166"}],"wp:term":[{"taxonomy":"product_brand","embeddable":true,"href":"https:\/\/www.carbonfiberinsoles.shop\/fr\/wp-json\/wp\/v2\/product_brand?post=21166"},{"taxonomy":"product_cat","embeddable":true,"href":"https:\/\/www.carbonfiberinsoles.shop\/fr\/wp-json\/wp\/v2\/product_cat?post=21166"},{"taxonomy":"product_tag","embeddable":true,"href":"https:\/\/www.carbonfiberinsoles.shop\/fr\/wp-json\/wp\/v2\/product_tag?post=21166"}],"curies":[{"name":"wp","href":"https:\/\/api.w.org\/{rel}","templated":true}]}}