{"id":21326,"date":"2025-09-01T20:59:17","date_gmt":"2025-09-01T20:59:17","guid":{"rendered":"https:\/\/www.carbonfiberinsoles.shop\/?post_type=product&#038;p=21326"},"modified":"2026-03-30T07:57:16","modified_gmt":"2026-03-30T07:57:16","slug":"womens-proven-foot-pain-relief-diabetic-shoes-wide-width-walking-shoes-indoor-outdoor","status":"publish","type":"product","link":"https:\/\/www.carbonfiberinsoles.shop\/fr\/produit\/womens-proven-foot-pain-relief-diabetic-shoes-wide-width-walking-shoes-indoor-outdoor\/","title":{"rendered":"Chaussures de marche diab\u00e9tique pour femmes - Large largeur int\u00e9rieur\/ext\u00e9rieur"},"content":{"rendered":"<p>FACILE \u00c0 METTRE ET \u00c0 ENLEVER - Les sangles de l'avant-pied sont tr\u00e8s ajustables gr\u00e2ce \u00e0 des fermetures, la plage d'ajustement est id\u00e9ale pour les changements dans le degr\u00e9 de gonflement. Le port de cette chaussure l\u00e9g\u00e8re pour diab\u00e9tiques peut aider \u00e0 soulager la pression sur les pieds enfl\u00e9s, les oignons, l'\u0153d\u00e8me, le diab\u00e8te ou les orteils en marteau.<br \/>\nLARGEUR EXTENSE - La bo\u00eete \u00e0 orteils large offre un ajustement confortable et non contraignant, et att\u00e9nue la pression sur les pieds sensibles. La tige en mesh extensible et respirant se dilate avec votre pied lorsque vous marchez, ce qui est parfait pour toutes les saisons et les activit\u00e9s de plein air. Un ajustement plus confortable pour vous aider \u00e0 r\u00e9duire les irritations.<br \/>\n3 PIRES DE SEMELLES EN MOUSSE EXTRA - La conception extra profonde avec 3 paires de semelles amovibles en mousse \u00e0 m\u00e9moire de forme offre suffisamment d'espace pour des orth\u00e8ses sur mesure. Ces semelles confortables offrent un contr\u00f4le mod\u00e9r\u00e9, un soutien et une protection pour les pieds enfl\u00e9s, offrant la meilleure solution et un ajustement personnalis\u00e9 pour les chaussures diab\u00e9tiques pour femmes, les pieds \u00e0 probl\u00e8mes.<br \/>\nUTILISATEURS ET OCCASIONS CIBLES - Id\u00e9ales pour ceux qui ont besoin d'une \u00e9lasticit\u00e9, d'un confort et d'une souplesse suppl\u00e9mentaires pour les pieds gonfl\u00e9s, les orteils en marteau, les oignons, la fasciite plantaire, les cors, les callosit\u00e9s, l'arthrose, la polyarthrite rhumato\u00efde, les orteils en marteau, le n\u00e9vrome de Morton, l'\u0153d\u00e8me, la d\u00e9mence, les blessures impliquant les tendons, les muscles et les os, ou qui ont besoin d'une chaussure post-op\u00e9ratoire.<\/p>\n<p><img fetchpriority=\"high\" decoding=\"async\" class=\"aligncenter wp-image-21344 size-full\" src=\"http:\/\/www.carbonfiberinsoles.shop\/wp-content\/uploads\/2025\/08\/Womens-Diabetic-Shoes-Wide-Width-Walking-Shoes-IndoorOutdoor-31_1.jpg\" alt=\"Proven Foot Pain Relief Diabetic Shoes Wide Width Walking Shoes Indoor\/Outdoor\" width=\"970\" height=\"600\" srcset=\"https:\/\/www.carbonfiberinsoles.shop\/wp-content\/uploads\/2025\/08\/Womens-Diabetic-Shoes-Wide-Width-Walking-Shoes-IndoorOutdoor-31_1.jpg 970w, https:\/\/www.carbonfiberinsoles.shop\/wp-content\/uploads\/2025\/08\/Womens-Diabetic-Shoes-Wide-Width-Walking-Shoes-IndoorOutdoor-31_1-400x247.jpg 400w, https:\/\/www.carbonfiberinsoles.shop\/wp-content\/uploads\/2025\/08\/Womens-Diabetic-Shoes-Wide-Width-Walking-Shoes-IndoorOutdoor-31_1-768x475.jpg 768w, https:\/\/www.carbonfiberinsoles.shop\/wp-content\/uploads\/2025\/08\/Womens-Diabetic-Shoes-Wide-Width-Walking-Shoes-IndoorOutdoor-31_1-18x12.jpg 18w, https:\/\/www.carbonfiberinsoles.shop\/wp-content\/uploads\/2025\/08\/Womens-Diabetic-Shoes-Wide-Width-Walking-Shoes-IndoorOutdoor-31_1-430x266.jpg 430w, https:\/\/www.carbonfiberinsoles.shop\/wp-content\/uploads\/2025\/08\/Womens-Diabetic-Shoes-Wide-Width-Walking-Shoes-IndoorOutdoor-31_1-700x433.jpg 700w\" sizes=\"(max-width: 970px) 100vw, 970px\" \/> <img decoding=\"async\" class=\"aligncenter wp-image-21348 size-full\" src=\"http:\/\/www.carbonfiberinsoles.shop\/wp-content\/uploads\/2025\/08\/Womens-Diabetic-Shoes-Wide-Width-Walking-Shoes-IndoorOutdoor-35.jpg\" alt=\"Proven Foot Pain Relief Diabetic Shoes Wide Width Walking Shoes Indoor\/Outdoor\" width=\"970\" height=\"600\" srcset=\"https:\/\/www.carbonfiberinsoles.shop\/wp-content\/uploads\/2025\/08\/Womens-Diabetic-Shoes-Wide-Width-Walking-Shoes-IndoorOutdoor-35.jpg 970w, https:\/\/www.carbonfiberinsoles.shop\/wp-content\/uploads\/2025\/08\/Womens-Diabetic-Shoes-Wide-Width-Walking-Shoes-IndoorOutdoor-35-400x247.jpg 400w, https:\/\/www.carbonfiberinsoles.shop\/wp-content\/uploads\/2025\/08\/Womens-Diabetic-Shoes-Wide-Width-Walking-Shoes-IndoorOutdoor-35-768x475.jpg 768w, https:\/\/www.carbonfiberinsoles.shop\/wp-content\/uploads\/2025\/08\/Womens-Diabetic-Shoes-Wide-Width-Walking-Shoes-IndoorOutdoor-35-18x12.jpg 18w, https:\/\/www.carbonfiberinsoles.shop\/wp-content\/uploads\/2025\/08\/Womens-Diabetic-Shoes-Wide-Width-Walking-Shoes-IndoorOutdoor-35-430x266.jpg 430w, https:\/\/www.carbonfiberinsoles.shop\/wp-content\/uploads\/2025\/08\/Womens-Diabetic-Shoes-Wide-Width-Walking-Shoes-IndoorOutdoor-35-700x433.jpg 700w\" sizes=\"(max-width: 970px) 100vw, 970px\" \/> <img decoding=\"async\" class=\"aligncenter wp-image-21334 size-full\" src=\"http:\/\/www.carbonfiberinsoles.shop\/wp-content\/uploads\/2025\/08\/Womens-Diabetic-Shoes-Wide-Width-Walking-Shoes-IndoorOutdoor-21.jpg\" alt=\"Proven Foot Pain Relief Diabetic Shoes Wide Width Walking Shoes Indoor\/Outdoor\" width=\"970\" height=\"600\" srcset=\"https:\/\/www.carbonfiberinsoles.shop\/wp-content\/uploads\/2025\/08\/Womens-Diabetic-Shoes-Wide-Width-Walking-Shoes-IndoorOutdoor-21.jpg 970w, https:\/\/www.carbonfiberinsoles.shop\/wp-content\/uploads\/2025\/08\/Womens-Diabetic-Shoes-Wide-Width-Walking-Shoes-IndoorOutdoor-21-400x247.jpg 400w, https:\/\/www.carbonfiberinsoles.shop\/wp-content\/uploads\/2025\/08\/Womens-Diabetic-Shoes-Wide-Width-Walking-Shoes-IndoorOutdoor-21-768x475.jpg 768w, https:\/\/www.carbonfiberinsoles.shop\/wp-content\/uploads\/2025\/08\/Womens-Diabetic-Shoes-Wide-Width-Walking-Shoes-IndoorOutdoor-21-18x12.jpg 18w, https:\/\/www.carbonfiberinsoles.shop\/wp-content\/uploads\/2025\/08\/Womens-Diabetic-Shoes-Wide-Width-Walking-Shoes-IndoorOutdoor-21-430x266.jpg 430w, https:\/\/www.carbonfiberinsoles.shop\/wp-content\/uploads\/2025\/08\/Womens-Diabetic-Shoes-Wide-Width-Walking-Shoes-IndoorOutdoor-21-700x433.jpg 700w\" sizes=\"(max-width: 970px) 100vw, 970px\" \/> <img loading=\"lazy\" decoding=\"async\" class=\"aligncenter wp-image-21333 size-full\" src=\"http:\/\/www.carbonfiberinsoles.shop\/wp-content\/uploads\/2025\/08\/Womens-Diabetic-Shoes-Wide-Width-Walking-Shoes-IndoorOutdoor-20.jpg\" alt=\"Proven Foot Pain Relief Diabetic Shoes Wide Width Walking Shoes Indoor\/Outdoor\" width=\"970\" height=\"600\" srcset=\"https:\/\/www.carbonfiberinsoles.shop\/wp-content\/uploads\/2025\/08\/Womens-Diabetic-Shoes-Wide-Width-Walking-Shoes-IndoorOutdoor-20.jpg 970w, https:\/\/www.carbonfiberinsoles.shop\/wp-content\/uploads\/2025\/08\/Womens-Diabetic-Shoes-Wide-Width-Walking-Shoes-IndoorOutdoor-20-400x247.jpg 400w, https:\/\/www.carbonfiberinsoles.shop\/wp-content\/uploads\/2025\/08\/Womens-Diabetic-Shoes-Wide-Width-Walking-Shoes-IndoorOutdoor-20-768x475.jpg 768w, https:\/\/www.carbonfiberinsoles.shop\/wp-content\/uploads\/2025\/08\/Womens-Diabetic-Shoes-Wide-Width-Walking-Shoes-IndoorOutdoor-20-18x12.jpg 18w, https:\/\/www.carbonfiberinsoles.shop\/wp-content\/uploads\/2025\/08\/Womens-Diabetic-Shoes-Wide-Width-Walking-Shoes-IndoorOutdoor-20-430x266.jpg 430w, https:\/\/www.carbonfiberinsoles.shop\/wp-content\/uploads\/2025\/08\/Womens-Diabetic-Shoes-Wide-Width-Walking-Shoes-IndoorOutdoor-20-700x433.jpg 700w\" sizes=\"(max-width: 970px) 100vw, 970px\" \/><\/p>","protected":false},"excerpt":{"rendered":"<p>FACILE \u00c0 METTRE ET \u00c0 ENLEVER - Les sangles de l'avant-pied sont tr\u00e8s ajustables gr\u00e2ce \u00e0 des fermetures, la plage d'ajustement est id\u00e9ale pour les changements dans le degr\u00e9 de gonflement. Le port de la chaussure diab\u00e9tique l\u00e9g\u00e8re peut aider \u00e0 soulager la pression sur les pieds enfl\u00e9s, les oignons, l'\u0153d\u00e8me, le diab\u00e8te ou les orteils en marteau. LARGEUR \u00c9LARGIE - La bo\u00eete \u00e0 orteils large offre...<\/p>","protected":false},"featured_media":21332,"comment_status":"open","ping_status":"closed","template":"","meta":{"_kadence_starter_templates_imported_post":false,"_kad_post_transparent":"default","_kad_post_title":"","_kad_post_layout":"default","_kad_post_sidebar_id":"","_kad_post_content_style":"default","_kad_post_vertical_padding":"default","_kad_post_feature":"","_kad_post_feature_position":"","_kad_post_header":false,"_kad_post_footer":false},"product_brand":[],"product_cat":[570,533,586,528,529,531],"product_tag":[332,535],"class_list":{"0":"post-21326","1":"product","2":"type-product","3":"status-publish","4":"has-post-thumbnail","6":"product_cat-diabetic-shoes","7":"product_cat-men-diabetic-shoes","8":"product_cat-recovery-shoes","9":"product_cat-women-diabetic-shoes","10":"product_cat-women-shoes","11":"product_cat-women-walking-shoes","12":"product_tag-casual-shoes","13":"product_tag-diabetic-shoes","15":"first","16":"instock","17":"sale","18":"shipping-taxable","19":"purchasable","20":"product-type-variable","21":"has-default-attributes","22":"entry","23":"content-bg","24":"loop-entry"},"aioseo_notices":[],"_links":{"self":[{"href":"https:\/\/www.carbonfiberinsoles.shop\/fr\/wp-json\/wp\/v2\/product\/21326","targetHints":{"allow":["GET"]}}],"collection":[{"href":"https:\/\/www.carbonfiberinsoles.shop\/fr\/wp-json\/wp\/v2\/product"}],"about":[{"href":"https:\/\/www.carbonfiberinsoles.shop\/fr\/wp-json\/wp\/v2\/types\/product"}],"replies":[{"embeddable":true,"href":"https:\/\/www.carbonfiberinsoles.shop\/fr\/wp-json\/wp\/v2\/comments?post=21326"}],"version-history":[{"count":3,"href":"https:\/\/www.carbonfiberinsoles.shop\/fr\/wp-json\/wp\/v2\/product\/21326\/revisions"}],"predecessor-version":[{"id":21574,"href":"https:\/\/www.carbonfiberinsoles.shop\/fr\/wp-json\/wp\/v2\/product\/21326\/revisions\/21574"}],"wp:featuredmedia":[{"embeddable":true,"href":"https:\/\/www.carbonfiberinsoles.shop\/fr\/wp-json\/wp\/v2\/media\/21332"}],"wp:attachment":[{"href":"https:\/\/www.carbonfiberinsoles.shop\/fr\/wp-json\/wp\/v2\/media?parent=21326"}],"wp:term":[{"taxonomy":"product_brand","embeddable":true,"href":"https:\/\/www.carbonfiberinsoles.shop\/fr\/wp-json\/wp\/v2\/product_brand?post=21326"},{"taxonomy":"product_cat","embeddable":true,"href":"https:\/\/www.carbonfiberinsoles.shop\/fr\/wp-json\/wp\/v2\/product_cat?post=21326"},{"taxonomy":"product_tag","embeddable":true,"href":"https:\/\/www.carbonfiberinsoles.shop\/fr\/wp-json\/wp\/v2\/product_tag?post=21326"}],"curies":[{"name":"wp","href":"https:\/\/api.w.org\/{rel}","templated":true}]}}