{"id":593,"date":"2024-10-07T10:12:13","date_gmt":"2024-10-07T10:12:13","guid":{"rendered":"https:\/\/www.carbonfiberinsoles.shop\/?post_type=product&#038;p=593"},"modified":"2026-03-30T08:02:49","modified_gmt":"2026-03-30T08:02:49","slug":"carbon-fiber-insoles-boost-explosive-power-and-bounce-arch-support-shock-absorption-injury-prevention-alleviate-foot-pain","status":"publish","type":"product","link":"https:\/\/www.carbonfiberinsoles.shop\/fr\/produit\/carbon-fiber-insoles-boost-explosive-power-and-bounce-arch-support-shock-absorption-injury-prevention-alleviate-foot-pain\/","title":{"rendered":"Semelles de basket-ball en fibre de carbone - Augmenter la puissance explosive"},"content":{"rendered":"<p><strong>Description du produit :<\/strong><br \/>\nLib\u00e9rez tout votre potentiel athl\u00e9tique gr\u00e2ce \u00e0 nos produits de haute performance. <strong>semelles en fibre de carbone<\/strong>Ces chaussures ont \u00e9t\u00e9 con\u00e7ues pour stimuler l'explosivit\u00e9, am\u00e9liorer le rebond et offrir un soutien sup\u00e9rieur de la vo\u00fbte plantaire. Ces chaussures <strong>semelles en fibre de carbone<\/strong> sont con\u00e7ues pour les athl\u00e8tes et les personnes actives qui cherchent \u00e0 maximiser leurs performances tout en pr\u00e9venant les blessures et en soulageant les douleurs aux pieds.<\/p>\n<p>Fabriqu\u00e9es en fibre de carbone de premi\u00e8re qualit\u00e9, ces semelles offrent une absorption exceptionnelle des chocs, ce qui permet de r\u00e9duire l'impact sur vos pieds lors d'activit\u00e9s intenses. Que vous sautiez, que vous fassiez un sprint ou que vous pratiquiez un sport \u00e0 fort impact, la construction l\u00e9g\u00e8re et durable de ces semelles vous permettra d'absorber les chocs et de r\u00e9duire l'impact de vos pieds lors d'activit\u00e9s intenses. <strong>semelles en fibre de carbone<\/strong> assure un confort durable et une bonne stabilit\u00e9 du pied. Le soutien de la vo\u00fbte plantaire am\u00e9liore l'alignement du pied, r\u00e9duisant les tensions et favorisant une meilleure sant\u00e9 g\u00e9n\u00e9rale du pied.<\/p>\n<p>Parfaites pour une utilisation quotidienne ou pour les sports de haut niveau, ces <strong>semelles en fibre de carbone<\/strong> vous aident \u00e0 rester actif, \u00e0 pr\u00e9venir les blessures et \u00e0 vous remettre plus rapidement des douleurs aux pieds, tout en am\u00e9liorant vos performances sportives.<\/p>\n<p>&nbsp;<\/p>\n<p>&nbsp;<\/p>\n<p><img fetchpriority=\"high\" decoding=\"async\" class=\"wp-image-596 size-full aligncenter\" src=\"https:\/\/www.carbonfiberinsoles.shop\/wp-content\/uploads\/2024\/10\/Carbon-Fiber-Insoles-Boost-Explosive-Power-and-Bounce-Arch-Support-Shock-Absorption-Injury-Prevention-Alleviate-Foot-Pain-1-3.png\" alt=\"Semelles en fibre de carbone - Am\u00e9lioration de la puissance explosive et du rebond, soutien de la vo\u00fbte plantaire, absorption des chocs, pr\u00e9vention des blessures, soulagement des douleurs aux pieds (1)\" width=\"720\" height=\"720\" srcset=\"https:\/\/www.carbonfiberinsoles.shop\/wp-content\/uploads\/2024\/10\/Carbon-Fiber-Insoles-Boost-Explosive-Power-and-Bounce-Arch-Support-Shock-Absorption-Injury-Prevention-Alleviate-Foot-Pain-1-3.png 720w, https:\/\/www.carbonfiberinsoles.shop\/wp-content\/uploads\/2024\/10\/Carbon-Fiber-Insoles-Boost-Explosive-Power-and-Bounce-Arch-Support-Shock-Absorption-Injury-Prevention-Alleviate-Foot-Pain-1-3-430x430.png 430w, https:\/\/www.carbonfiberinsoles.shop\/wp-content\/uploads\/2024\/10\/Carbon-Fiber-Insoles-Boost-Explosive-Power-and-Bounce-Arch-Support-Shock-Absorption-Injury-Prevention-Alleviate-Foot-Pain-1-3-100x100.png 100w, https:\/\/www.carbonfiberinsoles.shop\/wp-content\/uploads\/2024\/10\/Carbon-Fiber-Insoles-Boost-Explosive-Power-and-Bounce-Arch-Support-Shock-Absorption-Injury-Prevention-Alleviate-Foot-Pain-1-3-700x700.png 700w, https:\/\/www.carbonfiberinsoles.shop\/wp-content\/uploads\/2024\/10\/Carbon-Fiber-Insoles-Boost-Explosive-Power-and-Bounce-Arch-Support-Shock-Absorption-Injury-Prevention-Alleviate-Foot-Pain-1-3-300x300.png 300w, https:\/\/www.carbonfiberinsoles.shop\/wp-content\/uploads\/2024\/10\/Carbon-Fiber-Insoles-Boost-Explosive-Power-and-Bounce-Arch-Support-Shock-Absorption-Injury-Prevention-Alleviate-Foot-Pain-1-3-150x150.png 150w\" sizes=\"(max-width: 720px) 100vw, 720px\" \/> <img decoding=\"async\" class=\"wp-image-599 size-full aligncenter\" src=\"https:\/\/www.carbonfiberinsoles.shop\/wp-content\/uploads\/2024\/10\/Carbon-Fiber-Insoles-Boost-Explosive-Power-and-Bounce-Arch-Support-Shock-Absorption-Injury-Prevention-Alleviate-Foot-Pain-1-7.png\" alt=\"Semelles en fibre de carbone - Am\u00e9lioration de la puissance explosive et du rebond, soutien de la vo\u00fbte plantaire, absorption des chocs, pr\u00e9vention des blessures, soulagement des douleurs aux pieds (1)\" width=\"750\" height=\"1000\" srcset=\"https:\/\/www.carbonfiberinsoles.shop\/wp-content\/uploads\/2024\/10\/Carbon-Fiber-Insoles-Boost-Explosive-Power-and-Bounce-Arch-Support-Shock-Absorption-Injury-Prevention-Alleviate-Foot-Pain-1-7.png 750w, https:\/\/www.carbonfiberinsoles.shop\/wp-content\/uploads\/2024\/10\/Carbon-Fiber-Insoles-Boost-Explosive-Power-and-Bounce-Arch-Support-Shock-Absorption-Injury-Prevention-Alleviate-Foot-Pain-1-7-430x573.png 430w, https:\/\/www.carbonfiberinsoles.shop\/wp-content\/uploads\/2024\/10\/Carbon-Fiber-Insoles-Boost-Explosive-Power-and-Bounce-Arch-Support-Shock-Absorption-Injury-Prevention-Alleviate-Foot-Pain-1-7-700x933.png 700w, https:\/\/www.carbonfiberinsoles.shop\/wp-content\/uploads\/2024\/10\/Carbon-Fiber-Insoles-Boost-Explosive-Power-and-Bounce-Arch-Support-Shock-Absorption-Injury-Prevention-Alleviate-Foot-Pain-1-7-225x300.png 225w\" sizes=\"(max-width: 750px) 100vw, 750px\" \/><\/p>\n<p><img decoding=\"async\" class=\"aligncenter wp-image-602 size-full\" src=\"https:\/\/www.carbonfiberinsoles.shop\/wp-content\/uploads\/2024\/10\/Carbon-Fiber-Insoles-Boost-Explosive-Power-and-Bounce-Arch-Support-Shock-Absorption-Injury-Prevention-Alleviate-Foot-Pain-1-1.png\" alt=\"Semelles en fibre de carbone - Am\u00e9lioration de la puissance explosive et du rebond, soutien de la vo\u00fbte plantaire, absorption des chocs, pr\u00e9vention des blessures, soulagement des douleurs aux pieds (1)\" width=\"720\" height=\"720\" srcset=\"https:\/\/www.carbonfiberinsoles.shop\/wp-content\/uploads\/2024\/10\/Carbon-Fiber-Insoles-Boost-Explosive-Power-and-Bounce-Arch-Support-Shock-Absorption-Injury-Prevention-Alleviate-Foot-Pain-1-1.png 720w, https:\/\/www.carbonfiberinsoles.shop\/wp-content\/uploads\/2024\/10\/Carbon-Fiber-Insoles-Boost-Explosive-Power-and-Bounce-Arch-Support-Shock-Absorption-Injury-Prevention-Alleviate-Foot-Pain-1-1-430x430.png 430w, https:\/\/www.carbonfiberinsoles.shop\/wp-content\/uploads\/2024\/10\/Carbon-Fiber-Insoles-Boost-Explosive-Power-and-Bounce-Arch-Support-Shock-Absorption-Injury-Prevention-Alleviate-Foot-Pain-1-1-100x100.png 100w, https:\/\/www.carbonfiberinsoles.shop\/wp-content\/uploads\/2024\/10\/Carbon-Fiber-Insoles-Boost-Explosive-Power-and-Bounce-Arch-Support-Shock-Absorption-Injury-Prevention-Alleviate-Foot-Pain-1-1-700x700.png 700w, https:\/\/www.carbonfiberinsoles.shop\/wp-content\/uploads\/2024\/10\/Carbon-Fiber-Insoles-Boost-Explosive-Power-and-Bounce-Arch-Support-Shock-Absorption-Injury-Prevention-Alleviate-Foot-Pain-1-1-300x300.png 300w, https:\/\/www.carbonfiberinsoles.shop\/wp-content\/uploads\/2024\/10\/Carbon-Fiber-Insoles-Boost-Explosive-Power-and-Bounce-Arch-Support-Shock-Absorption-Injury-Prevention-Alleviate-Foot-Pain-1-1-150x150.png 150w\" sizes=\"(max-width: 720px) 100vw, 720px\" \/><\/p>\n<p>&nbsp;<\/p>\n<p><img loading=\"lazy\" decoding=\"async\" class=\"wp-image-519 size-full aligncenter\" src=\"https:\/\/www.carbonfiberinsoles.shop\/wp-content\/uploads\/2024\/09\/Carbon-Fiber-Insoles-for-Men-Women-Shock-Absorbing-Sport-Shoe-Insoles-for-Basketball-Voll-.jpg\" alt=\"Semelles en fibre de carbone pour hommes et femmes, semelles de chaussures de sport absorbant les chocs pour le basket-ball ( (3)\" width=\"970\" height=\"600\" srcset=\"https:\/\/www.carbonfiberinsoles.shop\/wp-content\/uploads\/2024\/09\/Carbon-Fiber-Insoles-for-Men-Women-Shock-Absorbing-Sport-Shoe-Insoles-for-Basketball-Voll-.jpg 970w, https:\/\/www.carbonfiberinsoles.shop\/wp-content\/uploads\/2024\/09\/Carbon-Fiber-Insoles-for-Men-Women-Shock-Absorbing-Sport-Shoe-Insoles-for-Basketball-Voll--430x266.jpg 430w, https:\/\/www.carbonfiberinsoles.shop\/wp-content\/uploads\/2024\/09\/Carbon-Fiber-Insoles-for-Men-Women-Shock-Absorbing-Sport-Shoe-Insoles-for-Basketball-Voll--700x433.jpg 700w, https:\/\/www.carbonfiberinsoles.shop\/wp-content\/uploads\/2024\/09\/Carbon-Fiber-Insoles-for-Men-Women-Shock-Absorbing-Sport-Shoe-Insoles-for-Basketball-Voll--300x186.jpg 300w, https:\/\/www.carbonfiberinsoles.shop\/wp-content\/uploads\/2024\/09\/Carbon-Fiber-Insoles-for-Men-Women-Shock-Absorbing-Sport-Shoe-Insoles-for-Basketball-Voll--768x475.jpg 768w\" sizes=\"(max-width: 970px) 100vw, 970px\" \/><\/p>\n<p>&nbsp;<\/p>\n<p><img loading=\"lazy\" decoding=\"async\" class=\"wp-image-517 size-full aligncenter\" src=\"https:\/\/www.carbonfiberinsoles.shop\/wp-content\/uploads\/2024\/09\/Carbon-Fiber-Insoles-for-Men-Women-Shock-Absorbing-Sport-Shoe-Insoles-for-Basketball-Voll-3.jpg\" alt=\"Semelles en fibre de carbone pour hommes et femmes, semelles de chaussures de sport absorbant les chocs pour le basket-ball ( (3)\" width=\"970\" height=\"600\" srcset=\"https:\/\/www.carbonfiberinsoles.shop\/wp-content\/uploads\/2024\/09\/Carbon-Fiber-Insoles-for-Men-Women-Shock-Absorbing-Sport-Shoe-Insoles-for-Basketball-Voll-3.jpg 970w, https:\/\/www.carbonfiberinsoles.shop\/wp-content\/uploads\/2024\/09\/Carbon-Fiber-Insoles-for-Men-Women-Shock-Absorbing-Sport-Shoe-Insoles-for-Basketball-Voll-3-430x266.jpg 430w, https:\/\/www.carbonfiberinsoles.shop\/wp-content\/uploads\/2024\/09\/Carbon-Fiber-Insoles-for-Men-Women-Shock-Absorbing-Sport-Shoe-Insoles-for-Basketball-Voll-3-700x433.jpg 700w, https:\/\/www.carbonfiberinsoles.shop\/wp-content\/uploads\/2024\/09\/Carbon-Fiber-Insoles-for-Men-Women-Shock-Absorbing-Sport-Shoe-Insoles-for-Basketball-Voll-3-300x186.jpg 300w, https:\/\/www.carbonfiberinsoles.shop\/wp-content\/uploads\/2024\/09\/Carbon-Fiber-Insoles-for-Men-Women-Shock-Absorbing-Sport-Shoe-Insoles-for-Basketball-Voll-3-768x475.jpg 768w\" sizes=\"(max-width: 970px) 100vw, 970px\" \/><\/p>\n<p><img loading=\"lazy\" decoding=\"async\" class=\"wp-image-512 size-large aligncenter\" src=\"https:\/\/www.carbonfiberinsoles.shop\/wp-content\/uploads\/2024\/09\/Gold-Performance-Insoles\u2013Customized-Carbon-Fiber-Inserts-Non-Cleated-Shoes\u2013Basketball-Volleyball-Racquet-Sports-Ru1-1024x239.png\" alt=\"Semelles Gold Performance - Semelles en fibre de carbone personnalis\u00e9es, chaussures non clout\u00e9es - basket-ball, volley-ball, sports de raquette, ru(1)\" width=\"1024\" height=\"239\" srcset=\"https:\/\/www.carbonfiberinsoles.shop\/wp-content\/uploads\/2024\/09\/Gold-Performance-Insoles\u2013Customized-Carbon-Fiber-Inserts-Non-Cleated-Shoes\u2013Basketball-Volleyball-Racquet-Sports-Ru1-1024x239.png 1024w, https:\/\/www.carbonfiberinsoles.shop\/wp-content\/uploads\/2024\/09\/Gold-Performance-Insoles\u2013Customized-Carbon-Fiber-Inserts-Non-Cleated-Shoes\u2013Basketball-Volleyball-Racquet-Sports-Ru1-430x100.png 430w, https:\/\/www.carbonfiberinsoles.shop\/wp-content\/uploads\/2024\/09\/Gold-Performance-Insoles\u2013Customized-Carbon-Fiber-Inserts-Non-Cleated-Shoes\u2013Basketball-Volleyball-Racquet-Sports-Ru1-700x164.png 700w, https:\/\/www.carbonfiberinsoles.shop\/wp-content\/uploads\/2024\/09\/Gold-Performance-Insoles\u2013Customized-Carbon-Fiber-Inserts-Non-Cleated-Shoes\u2013Basketball-Volleyball-Racquet-Sports-Ru1-300x70.png 300w, https:\/\/www.carbonfiberinsoles.shop\/wp-content\/uploads\/2024\/09\/Gold-Performance-Insoles\u2013Customized-Carbon-Fiber-Inserts-Non-Cleated-Shoes\u2013Basketball-Volleyball-Racquet-Sports-Ru1-768x179.png 768w, https:\/\/www.carbonfiberinsoles.shop\/wp-content\/uploads\/2024\/09\/Gold-Performance-Insoles\u2013Customized-Carbon-Fiber-Inserts-Non-Cleated-Shoes\u2013Basketball-Volleyball-Racquet-Sports-Ru1-1536x359.png 1536w, https:\/\/www.carbonfiberinsoles.shop\/wp-content\/uploads\/2024\/09\/Gold-Performance-Insoles\u2013Customized-Carbon-Fiber-Inserts-Non-Cleated-Shoes\u2013Basketball-Volleyball-Racquet-Sports-Ru1.png 1721w\" sizes=\"(max-width: 1024px) 100vw, 1024px\" \/><\/p>\n<p>&nbsp;<\/p>\n<p data-start=\"479\" data-end=\"853\"><em data-start=\"479\" data-end=\"490\">Vue d'ensemble :<\/em> Am\u00e9liorez vos performances athl\u00e9tiques avec nos semelles en fibre de carbone, m\u00e9ticuleusement con\u00e7ues pour am\u00e9liorer la puissance explosive et le rebond. Ces semelles offrent un soutien de la vo\u00fbte plantaire et une absorption des chocs exceptionnels, contribuant \u00e0 la pr\u00e9vention des blessures et au soulagement des douleurs du pied. Elles sont id\u00e9ales pour les athl\u00e8tes qui cherchent \u00e0 am\u00e9liorer leurs performances et leur confort lors d'activit\u00e9s de haute intensit\u00e9.<\/p>\n<p data-start=\"855\" data-end=\"866\"><em data-start=\"855\" data-end=\"866\">Caract\u00e9ristiques :<\/em><\/p>\n<ul data-start=\"867\" data-end=\"1538\">\n<li data-start=\"867\" data-end=\"1025\"><strong data-start=\"869\" data-end=\"900\">Plaques de ressort en fibre de carbone :<\/strong> Optimiser la biom\u00e9canique pour augmenter la puissance explosive et le rebond lors des activit\u00e9s sportives.\n<div class=\"relative inline-flex items-center\"><a class=\"ml-1 inline-flex h-[22px] items-center rounded-xl bg-[#f4f4f4] px-2 text-[0.5em] font-medium text-token-text-secondary dark:bg-token-main-surface-secondary !text-token-text-secondary uppercase hover:bg-token-text-primary hover:!text-token-main-surface-secondary dark:hover:bg-token-text-primary group\" href=\"https:\/\/www.insolesus.com\/product\/carbon-fiber-insoles-boost-explosive-power-and-bounce-arch-support-shock-absorption-injury-prevention-alleviate-foot-pain\/?utm_source=chatgpt.com\" target=\"_blank\" rel=\"noopener\"><span class=\"truncate\">insolesus.com<\/span><\/a><\/div>\n<\/li>\n<li data-start=\"1026\" data-end=\"1187\"><strong data-start=\"1028\" data-end=\"1055\">Soutien ergonomique de la vo\u00fbte plantaire :<\/strong> Fournit un soutien parfait de la vo\u00fbte plantaire bas\u00e9 sur l'ergonomie du pied, r\u00e9duisant la fatigue et l'inconfort du pied.\n<div class=\"relative inline-flex items-center\"><a class=\"ml-1 inline-flex h-[22px] items-center rounded-xl bg-[#f4f4f4] px-2 text-[0.5em] font-medium text-token-text-secondary dark:bg-token-main-surface-secondary !text-token-text-secondary uppercase hover:bg-token-text-primary hover:!text-token-main-surface-secondary dark:hover:bg-token-text-primary group\" href=\"https:\/\/www.insolesus.com\/product\/carbon-fiber-insoles-boost-explosive-power-and-bounce-arch-support-shock-absorption-injury-prevention-alleviate-foot-pain\/?utm_source=chatgpt.com\" target=\"_blank\" rel=\"noopener\"><span class=\"truncate\">insolesus.com<\/span><\/a><\/div>\n<\/li>\n<li data-start=\"1188\" data-end=\"1306\"><strong data-start=\"1190\" data-end=\"1211\">Absorption des chocs :<\/strong> Att\u00e9nue l'impact lors d'activit\u00e9s de haute intensit\u00e9, am\u00e9liorant le confort et r\u00e9duisant le risque de blessure.<\/li>\n<li data-start=\"1307\" data-end=\"1413\"><strong data-start=\"1309\" data-end=\"1331\">Pr\u00e9vention des blessures :<\/strong> Favorise l'alignement et la stabilit\u00e9 du pied, aidant \u00e0 pr\u00e9venir les blessures sportives courantes.<\/li>\n<li data-start=\"1414\" data-end=\"1538\"><strong data-start=\"1416\" data-end=\"1437\">Soulagement de la douleur :<\/strong> Con\u00e7u pour soulager les douleurs du pied associ\u00e9es \u00e0 des conditions telles que la fasciite plantaire et la surpronation.<\/li>\n<\/ul>\n<p data-start=\"1540\" data-end=\"1574\"><em data-start=\"1540\" data-end=\"1574\">Pourquoi acheter ce produit ?<\/em><\/p>\n<ul data-start=\"1575\" data-end=\"1934\">\n<li data-start=\"1575\" data-end=\"1699\"><strong data-start=\"1577\" data-end=\"1602\">Am\u00e9lioration des performances :<\/strong> La construction en fibre de carbone augmente la puissance explosive et le rebond, am\u00e9liorant ainsi les performances athl\u00e9tiques.<\/li>\n<li data-start=\"1700\" data-end=\"1819\"><strong data-start=\"1702\" data-end=\"1723\">Confort sup\u00e9rieur :<\/strong> La conception ergonomique et l'absorption des chocs assurent un confort durable pendant les activit\u00e9s de haute intensit\u00e9.<\/li>\n<li data-start=\"1820\" data-end=\"1934\"><strong data-start=\"1822\" data-end=\"1840\">Utilisation polyvalente :<\/strong> Convient \u00e0 divers sports, y compris la course \u00e0 pied, le basket-ball et d'autres activit\u00e9s \u00e0 fort impact.<\/li>\n<\/ul>\n<p data-start=\"1936\" data-end=\"1943\"><em data-start=\"1936\" data-end=\"1943\">FAQs :<\/em><\/p>\n<ol data-start=\"1945\" data-end=\"2411\">\n<li data-start=\"1945\" data-end=\"2092\">\n<p data-start=\"1948\" data-end=\"1998\"><strong data-start=\"1948\" data-end=\"1998\">Ces semelles conviennent-elles \u00e0 tous les types de chaussures ?<\/strong><\/p>\n<ul data-start=\"2002\" data-end=\"2092\">\n<li data-start=\"2002\" data-end=\"2092\">Oui, leur design fin leur permet de s'adapter confortablement \u00e0 la plupart des chaussures athl\u00e9tiques et d\u00e9contract\u00e9es.<\/li>\n<\/ul>\n<\/li>\n<li data-start=\"2094\" data-end=\"2266\">\n<p data-start=\"2097\" data-end=\"2138\"><strong data-start=\"2097\" data-end=\"2138\">Peuvent-ils aider \u00e0 lutter contre la fasciite plantaire ?<\/strong><\/p>\n<ul data-start=\"2142\" data-end=\"2266\">\n<li data-start=\"2142\" data-end=\"2266\">Oui, le soutien de la vo\u00fbte plantaire et les caract\u00e9ristiques d'absorption des chocs sont con\u00e7us pour soulager la douleur du pied associ\u00e9e \u00e0 la fasciite plantaire.<\/li>\n<\/ul>\n<\/li>\n<li data-start=\"2268\" data-end=\"2411\">\n<p data-start=\"2271\" data-end=\"2304\"><strong data-start=\"2271\" data-end=\"2304\">Comment nettoyer ces semelles ?<\/strong><\/p>\n<ul data-start=\"2308\" data-end=\"2411\">\n<li data-start=\"2308\" data-end=\"2411\">Essuyez-les d\u00e9licatement avec un chiffon humide et un savon doux. \u00c9vitez de les immerger dans l'eau ou d'utiliser des produits chimiques agressifs.<\/li>\n<\/ul>\n<\/li>\n<\/ol>","protected":false},"excerpt":{"rendered":"<ul class=\"a-unordered-list a-vertical a-spacing-mini\">\n<li class=\"a-spacing-mini\"><strong>Caract\u00e9ristiques principales :<\/strong>\n<ul>\n<li><strong>Augmenter la puissance explosive<\/strong>: Am\u00e9liorez la hauteur et la puissance de vos sauts gr\u00e2ce \u00e0 la r\u00e9activit\u00e9 de l'appareil. <strong>semelles en fibre de carbone<\/strong>.<\/li>\n<li><strong>Soutien sup\u00e9rieur de la vo\u00fbte plantaire<\/strong>: Permet un alignement optimal du pied et r\u00e9duit les tensions lors d'activit\u00e9s \u00e0 fort impact.<\/li>\n<li><strong>Absorption des chocs<\/strong>: Minimise l'impact sur le pied, r\u00e9duisant ainsi le risque de blessure et soulageant la douleur du pied.<\/li>\n<li><strong>Pr\u00e9vention des blessures<\/strong>: Con\u00e7ue pour r\u00e9duire les risques de blessures sportives courantes tout en prot\u00e9geant le pied.<\/li>\n<li><strong>Durable et l\u00e9ger<\/strong>: La construction en fibre de carbone est \u00e0 la fois solide et l\u00e9g\u00e8re, assurant un confort et un soutien tout au long de la journ\u00e9e.<\/li>\n<\/ul>\n<p>Faites passer votre jeu au niveau sup\u00e9rieur avec <strong>semelles en fibre de carbone<\/strong> qui vous apportent le soutien et la performance dont vous avez besoin. Que vous soyez un athl\u00e8te ou que vous recherchiez simplement un confort suppl\u00e9mentaire, ces semelles offrent une protection et une puissance in\u00e9gal\u00e9es !<\/li>\n<\/ul>","protected":false},"featured_media":596,"comment_status":"open","ping_status":"closed","template":"","meta":{"_kadence_starter_templates_imported_post":false,"_kad_post_transparent":"default","_kad_post_title":"","_kad_post_layout":"default","_kad_post_sidebar_id":"","_kad_post_content_style":"default","_kad_post_vertical_padding":"default","_kad_post_feature":"","_kad_post_feature_position":"","_kad_post_header":false,"_kad_post_footer":false},"product_brand":[],"product_cat":[234,22],"product_tag":[51,49,47,50],"class_list":{"0":"post-593","1":"product","2":"type-product","3":"status-publish","4":"has-post-thumbnail","6":"product_cat-carbon-fibre-insoles-basketball","7":"product_cat-carbon-fiber-insoles","8":"product_tag-carbon-fiber-foot-insoles","9":"product_tag-carbon-fiber-insole","10":"product_tag-carbon-fiber-insoles","11":"product_tag-carbon-fiber-shoe-insoles","12":"pa_us-ca-size-m10-w12","13":"pa_us-ca-size-m5-5-w7-5-245mm","14":"pa_us-ca-size-m6-w8","15":"pa_us-ca-size-m7-5-w9-5-260mm","16":"pa_us-ca-size-m7-w9","17":"pa_us-ca-size-m8-5-w10-5-270mm","18":"pa_us-ca-size-m9-w11","20":"first","21":"instock","22":"shipping-taxable","23":"purchasable","24":"product-type-variable","25":"entry","26":"content-bg","27":"loop-entry"},"aioseo_notices":[],"_links":{"self":[{"href":"https:\/\/www.carbonfiberinsoles.shop\/fr\/wp-json\/wp\/v2\/product\/593","targetHints":{"allow":["GET"]}}],"collection":[{"href":"https:\/\/www.carbonfiberinsoles.shop\/fr\/wp-json\/wp\/v2\/product"}],"about":[{"href":"https:\/\/www.carbonfiberinsoles.shop\/fr\/wp-json\/wp\/v2\/types\/product"}],"replies":[{"embeddable":true,"href":"https:\/\/www.carbonfiberinsoles.shop\/fr\/wp-json\/wp\/v2\/comments?post=593"}],"version-history":[{"count":1,"href":"https:\/\/www.carbonfiberinsoles.shop\/fr\/wp-json\/wp\/v2\/product\/593\/revisions"}],"predecessor-version":[{"id":21593,"href":"https:\/\/www.carbonfiberinsoles.shop\/fr\/wp-json\/wp\/v2\/product\/593\/revisions\/21593"}],"wp:featuredmedia":[{"embeddable":true,"href":"https:\/\/www.carbonfiberinsoles.shop\/fr\/wp-json\/wp\/v2\/media\/596"}],"wp:attachment":[{"href":"https:\/\/www.carbonfiberinsoles.shop\/fr\/wp-json\/wp\/v2\/media?parent=593"}],"wp:term":[{"taxonomy":"product_brand","embeddable":true,"href":"https:\/\/www.carbonfiberinsoles.shop\/fr\/wp-json\/wp\/v2\/product_brand?post=593"},{"taxonomy":"product_cat","embeddable":true,"href":"https:\/\/www.carbonfiberinsoles.shop\/fr\/wp-json\/wp\/v2\/product_cat?post=593"},{"taxonomy":"product_tag","embeddable":true,"href":"https:\/\/www.carbonfiberinsoles.shop\/fr\/wp-json\/wp\/v2\/product_tag?post=593"}],"curies":[{"name":"wp","href":"https:\/\/api.w.org\/{rel}","templated":true}]}}