{"id":66,"date":"2024-09-25T14:35:20","date_gmt":"2024-09-25T14:35:20","guid":{"rendered":"https:\/\/carbonfiberinsoles.shop\/?post_type=product&#038;p=66"},"modified":"2025-06-07T03:21:18","modified_gmt":"2025-06-07T03:21:18","slug":"carbon-fiber-insoles-1-pair-rigid-insole-insert-for-pain-relief-recovery-of-arthritic-toe-turf-toe-hallux-rigidus-mortons-toe-rigid-foot-support","status":"publish","type":"product","link":"https:\/\/www.carbonfiberinsoles.shop\/fr\/produit\/carbon-fiber-insoles-1-pair-rigid-insole-insert-for-pain-relief-recovery-of-arthritic-toe-turf-toe-hallux-rigidus-mortons-toe-rigid-foot-support\/","title":{"rendered":"Semelles en fibre de carbone pour le soulagement de la douleur et la r\u00e9cup\u00e9ration"},"content":{"rendered":"<div id=\"detailBullets_feature_div\">\n<p>&nbsp;<\/p>\n<div id=\"detailBullets_feature_div\">\n<p>B\u00e9n\u00e9ficiez d'un soutien et d'un soulagement ultimes gr\u00e2ce \u00e0 notre <strong>insert de chaussure en fibre de carbone<\/strong>Ces chaussures sont con\u00e7ues pour fournir un support rigide aux personnes souffrant d'orteil arthritique, d'orteil de gazon, d'Hallux Rigidus et d'orteil de Morton. Ces semelles de haute qualit\u00e9 <strong>semelles en fibre de carbone<\/strong> sont con\u00e7us pour aider au soulagement de la douleur et \u00e0 la r\u00e9cup\u00e9ration en stabilisant le pied, en r\u00e9duisant la pression sur les zones sensibles et en am\u00e9liorant l'alignement.<\/p>\n<p>Fabriqu\u00e9es en fibre de carbone durable et l\u00e9g\u00e8re, ces semelles offrent une rigidit\u00e9 in\u00e9gal\u00e9e tout en restant confortables au quotidien. Que vous vous remettiez d'une blessure ou que vous g\u00e9riez des affections chroniques du pied, les semelles de la <strong>semelles en fibre de carbone<\/strong> soulagent la douleur et offrent le soutien \u00e0 long terme dont vos pieds ont besoin.<\/p>\n<p>Parfaites pour les chaussures de sport, les bottes de travail ou les chaussures de tous les jours, ces <strong>semelles en fibre de carbone<\/strong> sont suffisamment polyvalentes pour s'adapter parfaitement \u00e0 n'importe quelle chaussure sans ajouter d'encombrement inutile. Prenez le contr\u00f4le de la sant\u00e9 de vos pieds et profitez d'une meilleure mobilit\u00e9 gr\u00e2ce \u00e0 des semelles sp\u00e9cialement con\u00e7ues pour r\u00e9duire la douleur et am\u00e9liorer la r\u00e9cup\u00e9ration.<\/p>\n<\/div>\n<p>&nbsp;<\/p>\n<p><img fetchpriority=\"high\" decoding=\"async\" class=\"wp-image-493 size-full aligncenter\" title=\"Semelles en fibre de carbone\" src=\"https:\/\/www.carbonfiberinsoles.shop\/wp-content\/uploads\/2024\/10\/Carbon-Fiber-Insoles-1-Pair-Rigid-Insole-Insert-for-Pain-Relief-Recovery-of-Ar-9.jpg\" alt=\"Semelles en fibre de carbone, 1 paire de semelles rigides pour le soulagement de la douleur ( (2)\" width=\"970\" height=\"600\" srcset=\"https:\/\/www.carbonfiberinsoles.shop\/wp-content\/uploads\/2024\/10\/Carbon-Fiber-Insoles-1-Pair-Rigid-Insole-Insert-for-Pain-Relief-Recovery-of-Ar-9.jpg 970w, https:\/\/www.carbonfiberinsoles.shop\/wp-content\/uploads\/2024\/10\/Carbon-Fiber-Insoles-1-Pair-Rigid-Insole-Insert-for-Pain-Relief-Recovery-of-Ar-9-430x266.jpg 430w, https:\/\/www.carbonfiberinsoles.shop\/wp-content\/uploads\/2024\/10\/Carbon-Fiber-Insoles-1-Pair-Rigid-Insole-Insert-for-Pain-Relief-Recovery-of-Ar-9-700x433.jpg 700w, https:\/\/www.carbonfiberinsoles.shop\/wp-content\/uploads\/2024\/10\/Carbon-Fiber-Insoles-1-Pair-Rigid-Insole-Insert-for-Pain-Relief-Recovery-of-Ar-9-300x186.jpg 300w, https:\/\/www.carbonfiberinsoles.shop\/wp-content\/uploads\/2024\/10\/Carbon-Fiber-Insoles-1-Pair-Rigid-Insole-Insert-for-Pain-Relief-Recovery-of-Ar-9-768x475.jpg 768w\" sizes=\"(max-width: 970px) 100vw, 970px\" \/><\/p>\n<p><img decoding=\"async\" class=\"aligncenter wp-image-494 size-full\" title=\"Semelles en fibre de carbone, 1 paire de semelles rigides pour le soulagement de la douleur ( (2)\" src=\"https:\/\/www.carbonfiberinsoles.shop\/wp-content\/uploads\/2024\/10\/Carbon-Fiber-Insoles-1-Pair-Rigid-Insole-Insert-for-Pain-Relief-Recovery-of-Ar-10.jpg\" alt=\"Semelles en fibre de carbone, 1 paire de semelles rigides pour le soulagement de la douleur ( (2)\" width=\"970\" height=\"600\" srcset=\"https:\/\/www.carbonfiberinsoles.shop\/wp-content\/uploads\/2024\/10\/Carbon-Fiber-Insoles-1-Pair-Rigid-Insole-Insert-for-Pain-Relief-Recovery-of-Ar-10.jpg 970w, https:\/\/www.carbonfiberinsoles.shop\/wp-content\/uploads\/2024\/10\/Carbon-Fiber-Insoles-1-Pair-Rigid-Insole-Insert-for-Pain-Relief-Recovery-of-Ar-10-430x266.jpg 430w, https:\/\/www.carbonfiberinsoles.shop\/wp-content\/uploads\/2024\/10\/Carbon-Fiber-Insoles-1-Pair-Rigid-Insole-Insert-for-Pain-Relief-Recovery-of-Ar-10-700x433.jpg 700w, https:\/\/www.carbonfiberinsoles.shop\/wp-content\/uploads\/2024\/10\/Carbon-Fiber-Insoles-1-Pair-Rigid-Insole-Insert-for-Pain-Relief-Recovery-of-Ar-10-300x186.jpg 300w, https:\/\/www.carbonfiberinsoles.shop\/wp-content\/uploads\/2024\/10\/Carbon-Fiber-Insoles-1-Pair-Rigid-Insole-Insert-for-Pain-Relief-Recovery-of-Ar-10-768x475.jpg 768w\" sizes=\"(max-width: 970px) 100vw, 970px\" \/><\/p>\n<p><img decoding=\"async\" class=\"wp-image-606 size-full aligncenter\" src=\"https:\/\/www.carbonfiberinsoles.shop\/wp-content\/uploads\/2024\/09\/Carbon-Fiber-Insoles-1-Pair-Rigid-Insole-Insert-for-Pain-Relief-Recovery-of-Arthritic-Toe-Turf-Toe-Hallux-rigidus2-4.jpg\" alt=\"Semelles en fibre de carbone, 1 paire de semelles rigides pour le soulagement de la douleur et la r\u00e9cup\u00e9ration des orteils arthritiques, Hallux rigidus2 (7)\" width=\"970\" height=\"600\" srcset=\"https:\/\/www.carbonfiberinsoles.shop\/wp-content\/uploads\/2024\/09\/Carbon-Fiber-Insoles-1-Pair-Rigid-Insole-Insert-for-Pain-Relief-Recovery-of-Arthritic-Toe-Turf-Toe-Hallux-rigidus2-4.jpg 970w, https:\/\/www.carbonfiberinsoles.shop\/wp-content\/uploads\/2024\/09\/Carbon-Fiber-Insoles-1-Pair-Rigid-Insole-Insert-for-Pain-Relief-Recovery-of-Arthritic-Toe-Turf-Toe-Hallux-rigidus2-4-430x266.jpg 430w, https:\/\/www.carbonfiberinsoles.shop\/wp-content\/uploads\/2024\/09\/Carbon-Fiber-Insoles-1-Pair-Rigid-Insole-Insert-for-Pain-Relief-Recovery-of-Arthritic-Toe-Turf-Toe-Hallux-rigidus2-4-700x433.jpg 700w, https:\/\/www.carbonfiberinsoles.shop\/wp-content\/uploads\/2024\/09\/Carbon-Fiber-Insoles-1-Pair-Rigid-Insole-Insert-for-Pain-Relief-Recovery-of-Arthritic-Toe-Turf-Toe-Hallux-rigidus2-4-300x186.jpg 300w, https:\/\/www.carbonfiberinsoles.shop\/wp-content\/uploads\/2024\/09\/Carbon-Fiber-Insoles-1-Pair-Rigid-Insole-Insert-for-Pain-Relief-Recovery-of-Arthritic-Toe-Turf-Toe-Hallux-rigidus2-4-768x475.jpg 768w\" sizes=\"(max-width: 970px) 100vw, 970px\" \/> <img loading=\"lazy\" decoding=\"async\" class=\"wp-image-608 size-full aligncenter\" src=\"https:\/\/www.carbonfiberinsoles.shop\/wp-content\/uploads\/2024\/09\/Carbon-Fiber-Insoles-1-Pair-Rigid-Insole-Insert-for-Pain-Relief-Recovery-of-Arthritic-Toe-Turf-Toe-Hallux-rigidus2-7.jpg\" alt=\"Semelles en fibre de carbone, 1 paire de semelles rigides pour le soulagement de la douleur et la r\u00e9cup\u00e9ration des orteils arthritiques, Hallux rigidus2 (7)\" width=\"970\" height=\"600\" srcset=\"https:\/\/www.carbonfiberinsoles.shop\/wp-content\/uploads\/2024\/09\/Carbon-Fiber-Insoles-1-Pair-Rigid-Insole-Insert-for-Pain-Relief-Recovery-of-Arthritic-Toe-Turf-Toe-Hallux-rigidus2-7.jpg 970w, https:\/\/www.carbonfiberinsoles.shop\/wp-content\/uploads\/2024\/09\/Carbon-Fiber-Insoles-1-Pair-Rigid-Insole-Insert-for-Pain-Relief-Recovery-of-Arthritic-Toe-Turf-Toe-Hallux-rigidus2-7-430x266.jpg 430w, https:\/\/www.carbonfiberinsoles.shop\/wp-content\/uploads\/2024\/09\/Carbon-Fiber-Insoles-1-Pair-Rigid-Insole-Insert-for-Pain-Relief-Recovery-of-Arthritic-Toe-Turf-Toe-Hallux-rigidus2-7-700x433.jpg 700w, https:\/\/www.carbonfiberinsoles.shop\/wp-content\/uploads\/2024\/09\/Carbon-Fiber-Insoles-1-Pair-Rigid-Insole-Insert-for-Pain-Relief-Recovery-of-Arthritic-Toe-Turf-Toe-Hallux-rigidus2-7-300x186.jpg 300w, https:\/\/www.carbonfiberinsoles.shop\/wp-content\/uploads\/2024\/09\/Carbon-Fiber-Insoles-1-Pair-Rigid-Insole-Insert-for-Pain-Relief-Recovery-of-Arthritic-Toe-Turf-Toe-Hallux-rigidus2-7-768x475.jpg 768w\" sizes=\"(max-width: 970px) 100vw, 970px\" \/> <img loading=\"lazy\" decoding=\"async\" class=\"wp-image-607 size-full aligncenter\" src=\"https:\/\/www.carbonfiberinsoles.shop\/wp-content\/uploads\/2024\/09\/Carbon-Fiber-Insoles-1-Pair-Rigid-Insole-Insert-for-Pain-Relief-Recovery-of-Arthritic-Toe-Turf-Toe-Hallux-rigidus2-6.jpg\" alt=\"Semelles en fibre de carbone, 1 paire de semelles rigides pour le soulagement de la douleur et la r\u00e9cup\u00e9ration des orteils arthritiques, Hallux rigidus2 (7)\" width=\"970\" height=\"600\" srcset=\"https:\/\/www.carbonfiberinsoles.shop\/wp-content\/uploads\/2024\/09\/Carbon-Fiber-Insoles-1-Pair-Rigid-Insole-Insert-for-Pain-Relief-Recovery-of-Arthritic-Toe-Turf-Toe-Hallux-rigidus2-6.jpg 970w, https:\/\/www.carbonfiberinsoles.shop\/wp-content\/uploads\/2024\/09\/Carbon-Fiber-Insoles-1-Pair-Rigid-Insole-Insert-for-Pain-Relief-Recovery-of-Arthritic-Toe-Turf-Toe-Hallux-rigidus2-6-430x266.jpg 430w, https:\/\/www.carbonfiberinsoles.shop\/wp-content\/uploads\/2024\/09\/Carbon-Fiber-Insoles-1-Pair-Rigid-Insole-Insert-for-Pain-Relief-Recovery-of-Arthritic-Toe-Turf-Toe-Hallux-rigidus2-6-700x433.jpg 700w, https:\/\/www.carbonfiberinsoles.shop\/wp-content\/uploads\/2024\/09\/Carbon-Fiber-Insoles-1-Pair-Rigid-Insole-Insert-for-Pain-Relief-Recovery-of-Arthritic-Toe-Turf-Toe-Hallux-rigidus2-6-300x186.jpg 300w, https:\/\/www.carbonfiberinsoles.shop\/wp-content\/uploads\/2024\/09\/Carbon-Fiber-Insoles-1-Pair-Rigid-Insole-Insert-for-Pain-Relief-Recovery-of-Arthritic-Toe-Turf-Toe-Hallux-rigidus2-6-768x475.jpg 768w\" sizes=\"(max-width: 970px) 100vw, 970px\" \/><img loading=\"lazy\" decoding=\"async\" class=\"wp-image-492 size-full aligncenter\" src=\"https:\/\/www.carbonfiberinsoles.shop\/wp-content\/uploads\/2024\/10\/Carbon-Fiber-Insoles-1-Pair-Rigid-Insole-Insert-for-Pain-Relief-Recovery-of-Ar-8.jpg\" alt=\"Semelles en fibre de carbone, 1 paire de semelles rigides pour le soulagement de la douleur ( (2)\" width=\"970\" height=\"600\" srcset=\"https:\/\/www.carbonfiberinsoles.shop\/wp-content\/uploads\/2024\/10\/Carbon-Fiber-Insoles-1-Pair-Rigid-Insole-Insert-for-Pain-Relief-Recovery-of-Ar-8.jpg 970w, https:\/\/www.carbonfiberinsoles.shop\/wp-content\/uploads\/2024\/10\/Carbon-Fiber-Insoles-1-Pair-Rigid-Insole-Insert-for-Pain-Relief-Recovery-of-Ar-8-430x266.jpg 430w, https:\/\/www.carbonfiberinsoles.shop\/wp-content\/uploads\/2024\/10\/Carbon-Fiber-Insoles-1-Pair-Rigid-Insole-Insert-for-Pain-Relief-Recovery-of-Ar-8-700x433.jpg 700w, https:\/\/www.carbonfiberinsoles.shop\/wp-content\/uploads\/2024\/10\/Carbon-Fiber-Insoles-1-Pair-Rigid-Insole-Insert-for-Pain-Relief-Recovery-of-Ar-8-300x186.jpg 300w, https:\/\/www.carbonfiberinsoles.shop\/wp-content\/uploads\/2024\/10\/Carbon-Fiber-Insoles-1-Pair-Rigid-Insole-Insert-for-Pain-Relief-Recovery-of-Ar-8-768x475.jpg 768w\" sizes=\"(max-width: 970px) 100vw, 970px\" \/> <img loading=\"lazy\" decoding=\"async\" class=\"wp-image-486 size-full aligncenter\" src=\"https:\/\/www.carbonfiberinsoles.shop\/wp-content\/uploads\/2024\/10\/Carbon-Fiber-Insoles-1-Pair-Rigid-Insole-Insert-for-Pain-Relief-Recovery-of-Ar-2.jpg\" alt=\"Semelles en fibre de carbone, 1 paire de semelles rigides pour le soulagement de la douleur ( (2)\" width=\"970\" height=\"600\" srcset=\"https:\/\/www.carbonfiberinsoles.shop\/wp-content\/uploads\/2024\/10\/Carbon-Fiber-Insoles-1-Pair-Rigid-Insole-Insert-for-Pain-Relief-Recovery-of-Ar-2.jpg 970w, https:\/\/www.carbonfiberinsoles.shop\/wp-content\/uploads\/2024\/10\/Carbon-Fiber-Insoles-1-Pair-Rigid-Insole-Insert-for-Pain-Relief-Recovery-of-Ar-2-430x266.jpg 430w, https:\/\/www.carbonfiberinsoles.shop\/wp-content\/uploads\/2024\/10\/Carbon-Fiber-Insoles-1-Pair-Rigid-Insole-Insert-for-Pain-Relief-Recovery-of-Ar-2-700x433.jpg 700w, https:\/\/www.carbonfiberinsoles.shop\/wp-content\/uploads\/2024\/10\/Carbon-Fiber-Insoles-1-Pair-Rigid-Insole-Insert-for-Pain-Relief-Recovery-of-Ar-2-300x186.jpg 300w, https:\/\/www.carbonfiberinsoles.shop\/wp-content\/uploads\/2024\/10\/Carbon-Fiber-Insoles-1-Pair-Rigid-Insole-Insert-for-Pain-Relief-Recovery-of-Ar-2-768x475.jpg 768w\" sizes=\"(max-width: 970px) 100vw, 970px\" \/><\/p>\n<\/div>\n<p>&nbsp;<\/p>\n<p data-start=\"359\" data-end=\"682\"><em data-start=\"359\" data-end=\"370\">Vue d'ensemble :<\/em> Nos semelles en fibre de carbone sont m\u00e9ticuleusement con\u00e7ues pour offrir un soutien exceptionnel et soulager les douleurs du pied associ\u00e9es \u00e0 des conditions telles que l'orteil arthritique, l'orteil turf, l'hallux rigidus et l'orteil de Morton. La conception rigide assure un mouvement minimal du pied dans la chaussure, ce qui favorise une r\u00e9cup\u00e9ration plus rapide et un meilleur confort.<\/p>\n<p data-start=\"684\" data-end=\"695\"><em data-start=\"684\" data-end=\"695\">Caract\u00e9ristiques :<\/em><\/p>\n<ul data-start=\"696\" data-end=\"1193\">\n<li data-start=\"696\" data-end=\"855\"><strong data-start=\"698\" data-end=\"711\">Mat\u00e9riau :<\/strong> Fabriqu\u00e9 en fibre de carbone de haute qualit\u00e9, connue pour ses propri\u00e9t\u00e9s \u00e0 la fois l\u00e9g\u00e8res et robustes, il garantit la durabilit\u00e9 sans ajouter de poids inutile.<\/li>\n<li data-start=\"856\" data-end=\"968\"><strong data-start=\"858\" data-end=\"869\">Conception :<\/strong> La structure rigide minimise la flexion du pied, assurant la stabilit\u00e9 et r\u00e9duisant la tension sur les zones affect\u00e9es.<\/li>\n<li data-start=\"969\" data-end=\"1104\"><strong data-start=\"971\" data-end=\"989\">Compatibilit\u00e9 :<\/strong> Convient \u00e0 diff\u00e9rents types de chaussures, y compris les chaussures de sport, les chaussures d\u00e9contract\u00e9es et les chaussures habill\u00e9es, ce qui les rend polyvalents pour un usage quotidien.<\/li>\n<li data-start=\"1105\" data-end=\"1193\"><strong data-start=\"1107\" data-end=\"1117\">Tailles :<\/strong> Disponible en plusieurs tailles pour s'adapter aux chaussures des hommes et des femmes.<\/li>\n<\/ul>\n<p data-start=\"1195\" data-end=\"1229\"><em data-start=\"1195\" data-end=\"1229\">Pourquoi acheter ce produit ?<\/em><\/p>\n<ul data-start=\"1230\" data-end=\"1760\">\n<li data-start=\"1230\" data-end=\"1368\"><strong data-start=\"1232\" data-end=\"1248\">Soulagement de la douleur :<\/strong> R\u00e9duit efficacement l'inconfort li\u00e9 aux affections courantes du pied en limitant les mouvements nuisibles et en fournissant le soutien n\u00e9cessaire.<\/li>\n<li data-start=\"1369\" data-end=\"1506\"><strong data-start=\"1371\" data-end=\"1396\">Am\u00e9lioration des performances :<\/strong> Id\u00e9al pour les athl\u00e8tes et les personnes actives qui cherchent \u00e0 maintenir leur niveau d'activit\u00e9 tout en g\u00e9rant les affections du pied.<\/li>\n<li data-start=\"1507\" data-end=\"1632\"><strong data-start=\"1509\" data-end=\"1534\">Construction durable :<\/strong> La fibre de carbone garantit la long\u00e9vit\u00e9, faisant de ces semelles une solution rentable pour une utilisation \u00e0 long terme.<\/li>\n<li data-start=\"1633\" data-end=\"1760\"><strong data-start=\"1635\" data-end=\"1659\">L\u00e9ger Confort :<\/strong> Malgr\u00e9 leur rigidit\u00e9, les semelles sont l\u00e9g\u00e8res, ce qui leur permet de ne pas encombrer vos chaussures.<\/li>\n<\/ul>\n<p data-start=\"1762\" data-end=\"1769\"><em data-start=\"1762\" data-end=\"1769\">FAQs :<\/em><\/p>\n<ol data-start=\"1771\" data-end=\"2420\">\n<li data-start=\"1771\" data-end=\"1902\">\n<p data-start=\"1774\" data-end=\"1820\"><strong data-start=\"1774\" data-end=\"1820\">Ces semelles conviennent-elles \u00e0 un usage quotidien ?<\/strong><\/p>\n<ul data-start=\"1824\" data-end=\"1902\">\n<li data-start=\"1824\" data-end=\"1902\">Oui, elles sont con\u00e7ues pour un usage quotidien et s'adaptent confortablement \u00e0 la plupart des types de chaussures.<\/li>\n<\/ul>\n<\/li>\n<li data-start=\"1904\" data-end=\"2107\">\n<p data-start=\"1907\" data-end=\"1957\"><strong data-start=\"1907\" data-end=\"1957\">Ces semelles peuvent-elles aider \u00e0 lutter contre la fasciite plantaire ?<\/strong><\/p>\n<ul data-start=\"1961\" data-end=\"2107\">\n<li data-start=\"1961\" data-end=\"2107\">Bien qu'il soit principalement con\u00e7u pour des affections telles que l'orteil de turf et l'hallux rigidus, le support rigide peut \u00e9galement \u00eatre utile aux personnes souffrant de fasciite plantaire.<\/li>\n<\/ul>\n<\/li>\n<li data-start=\"2109\" data-end=\"2256\">\n<p data-start=\"2112\" data-end=\"2156\"><strong data-start=\"2112\" data-end=\"2156\">Comment nettoyer et entretenir les semelles ?<\/strong><\/p>\n<ul data-start=\"2160\" data-end=\"2256\">\n<li data-start=\"2160\" data-end=\"2256\">Essuyez-les avec un chiffon humide et du savon doux. \u00c9vitez de les immerger dans l'eau ou d'utiliser des produits chimiques agressifs.<\/li>\n<\/ul>\n<\/li>\n<li data-start=\"2258\" data-end=\"2420\">\n<p data-start=\"2261\" data-end=\"2311\"><strong data-start=\"2261\" data-end=\"2311\">Dois-je tailler les semelles pour qu'elles s'adaptent \u00e0 mes chaussures ?<\/strong><\/p>\n<ul data-start=\"2315\" data-end=\"2420\">\n<li data-start=\"2315\" data-end=\"2420\">Ils sont propos\u00e9s dans des tailles sp\u00e9cifiques ; toutefois, une taille mineure peut \u00eatre effectu\u00e9e si n\u00e9cessaire pour obtenir un ajustement parfait.<\/li>\n<\/ul>\n<\/li>\n<\/ol>","protected":false},"excerpt":{"rendered":"<ul class=\"a-unordered-list a-vertical a-spacing-mini\">\n<li class=\"a-spacing-mini\"><strong>Caract\u00e9ristiques principales :<\/strong>\n<ul>\n<li><strong>Support rigide en fibre de carbone<\/strong>: Stabilise le pied et r\u00e9duit la pression pour soulager la douleur et acc\u00e9l\u00e9rer le r\u00e9tablissement.<\/li>\n<li><strong>Soulagement de la douleur pour les affections du pied<\/strong>: Id\u00e9al pour traiter les orteils arthritiques, les orteils de gazon, l'hallux rigidus et l'orteil de Morton.<\/li>\n<li><strong>Durable et l\u00e9ger<\/strong>: La construction en fibre de carbone de haute qualit\u00e9 offre un support solide mais l\u00e9ger.<\/li>\n<li><strong>Utilisation polyvalente<\/strong>: Convient aux chaussures de sport, aux chaussures de travail et aux chaussures de tous les jours.<\/li>\n<li><strong>Am\u00e9liore la mobilit\u00e9<\/strong>: Aide \u00e0 se d\u00e9placer plus confortablement en soutenant l'alignement du pied et en r\u00e9duisant l'inconfort.<\/li>\n<\/ul>\n<p>Faites le premier pas vers une marche sans douleur d\u00e8s aujourd'hui avec notre\u00a0<strong>semelles en fibre de carbone<\/strong>\u00a0con\u00e7u pour un confort et un soulagement maximums !<\/li>\n<\/ul>","protected":false},"featured_media":605,"comment_status":"open","ping_status":"closed","template":"","meta":{"_kadence_starter_templates_imported_post":false,"_kad_post_transparent":"default","_kad_post_title":"","_kad_post_layout":"default","_kad_post_sidebar_id":"","_kad_post_content_style":"default","_kad_post_vertical_padding":"default","_kad_post_feature":"","_kad_post_feature_position":"","_kad_post_header":false,"_kad_post_footer":false},"product_brand":[],"product_cat":[234,22,237,236,238],"product_tag":[51,47,50,48],"class_list":{"0":"post-66","1":"product","2":"type-product","3":"status-publish","4":"has-post-thumbnail","6":"product_cat-carbon-fibre-insoles-basketball","7":"product_cat-carbon-fiber-insoles","8":"product_cat-carbon-fiber-medical-insoles","9":"product_cat-carbon-fiber-insoles-running","10":"product_cat-carbon-fiber-insoles-walking-and-hiking","11":"product_tag-carbon-fiber-foot-insoles","12":"product_tag-carbon-fiber-insoles","13":"product_tag-carbon-fiber-shoe-insoles","14":"product_tag-insoles","15":"pa_us-ca-size-m1-w3-200mm","16":"pa_us-ca-size-m2-w4-210mm","17":"pa_us-ca-size-m3-5-w5-5-225mm","18":"pa_us-ca-size-m3-w5","19":"pa_us-ca-size-m4-5-w6-5-235mm","20":"pa_us-ca-size-m4-w6","21":"pa_us-ca-size-m5-5-w7-5-245mm","22":"pa_us-ca-size-m5-w7","23":"pa_us-ca-size-m6-w8","24":"pa_us-ca-size-m7-5-w9-5-260mm","25":"pa_us-ca-size-m7-w9","26":"pa_us-ca-size-m8-5-w10-5-270mm","27":"pa_us-ca-size-m8-w10","29":"first","30":"instock","31":"sale","32":"shipping-taxable","33":"purchasable","34":"product-type-variable","35":"entry","36":"content-bg","37":"loop-entry"},"aioseo_notices":[],"_links":{"self":[{"href":"https:\/\/www.carbonfiberinsoles.shop\/fr\/wp-json\/wp\/v2\/product\/66","targetHints":{"allow":["GET"]}}],"collection":[{"href":"https:\/\/www.carbonfiberinsoles.shop\/fr\/wp-json\/wp\/v2\/product"}],"about":[{"href":"https:\/\/www.carbonfiberinsoles.shop\/fr\/wp-json\/wp\/v2\/types\/product"}],"replies":[{"embeddable":true,"href":"https:\/\/www.carbonfiberinsoles.shop\/fr\/wp-json\/wp\/v2\/comments?post=66"}],"version-history":[{"count":0,"href":"https:\/\/www.carbonfiberinsoles.shop\/fr\/wp-json\/wp\/v2\/product\/66\/revisions"}],"wp:featuredmedia":[{"embeddable":true,"href":"https:\/\/www.carbonfiberinsoles.shop\/fr\/wp-json\/wp\/v2\/media\/605"}],"wp:attachment":[{"href":"https:\/\/www.carbonfiberinsoles.shop\/fr\/wp-json\/wp\/v2\/media?parent=66"}],"wp:term":[{"taxonomy":"product_brand","embeddable":true,"href":"https:\/\/www.carbonfiberinsoles.shop\/fr\/wp-json\/wp\/v2\/product_brand?post=66"},{"taxonomy":"product_cat","embeddable":true,"href":"https:\/\/www.carbonfiberinsoles.shop\/fr\/wp-json\/wp\/v2\/product_cat?post=66"},{"taxonomy":"product_tag","embeddable":true,"href":"https:\/\/www.carbonfiberinsoles.shop\/fr\/wp-json\/wp\/v2\/product_tag?post=66"}],"curies":[{"name":"wp","href":"https:\/\/api.w.org\/{rel}","templated":true}]}}