{"id":1525,"date":"2024-10-20T15:56:54","date_gmt":"2024-10-20T15:56:54","guid":{"rendered":"https:\/\/www.carbonfiberinsoles.shop\/?post_type=product&#038;p=1525"},"modified":"2025-06-07T01:09:38","modified_gmt":"2025-06-07T01:09:38","slug":"breathable-carbon-fiber-anti-twist-football-insoles-non-slip-shock-absorption-sports-shoe-insoles","status":"publish","type":"product","link":"https:\/\/www.carbonfiberinsoles.shop\/it\/prodotto\/breathable-carbon-fiber-anti-twist-football-insoles-non-slip-shock-absorption-sports-shoe-insoles\/","title":{"rendered":"Solette in fibra di carbonio traspiranti Solette da calcio anti-torsione"},"content":{"rendered":"<p>Traspirante <strong>Solette in fibra di carbonio<\/strong> Migliorate le vostre prestazioni atletiche con le nostre solette da calcio all'avanguardia, progettate per garantire il massimo sostegno e comfort. Queste solette sono dotate di un'avanzata tecnologia in fibra di carbonio, che offre una protezione antitorsione per la massima stabilit\u00e0 durante i movimenti pi\u00f9 intensi. Il design traspirante assicura il comfort per tutto il giorno, mentre il sistema di assorbimento degli urti minimizza l'impatto, riducendo l'affaticamento del piede. Il materiale ultrasottile e traspirante mantiene i piedi asciutti e privi di odori, perfetto per gli atleti e gli stili di vita attivi. Che siate in campo o a correre, queste solette offrono prestazioni e protezione superiori, valorizzando ogni passo.<\/p>\n<p>&nbsp;<\/p>\n<p><img fetchpriority=\"high\" decoding=\"async\" class=\"wp-image-1536 size-full aligncenter\" src=\"https:\/\/www.carbonfiberinsoles.shop\/wp-content\/uploads\/2024\/10\/Breathable-Carbon-Fiber-Anti-Twist-Football-Insoles-Non-Slip-Shock-Absorption-Sports-Shoe-Insoles-1-3.jpg\" alt=\"Solette da calcio in fibra di carbonio traspirante anti-torsione Solette per scarpe sportive antiscivolo ad assorbimento d&#039;urto (1 (3)\" width=\"800\" height=\"800\" srcset=\"https:\/\/www.carbonfiberinsoles.shop\/wp-content\/uploads\/2024\/10\/Breathable-Carbon-Fiber-Anti-Twist-Football-Insoles-Non-Slip-Shock-Absorption-Sports-Shoe-Insoles-1-3.jpg 800w, https:\/\/www.carbonfiberinsoles.shop\/wp-content\/uploads\/2024\/10\/Breathable-Carbon-Fiber-Anti-Twist-Football-Insoles-Non-Slip-Shock-Absorption-Sports-Shoe-Insoles-1-3-430x430.jpg 430w, https:\/\/www.carbonfiberinsoles.shop\/wp-content\/uploads\/2024\/10\/Breathable-Carbon-Fiber-Anti-Twist-Football-Insoles-Non-Slip-Shock-Absorption-Sports-Shoe-Insoles-1-3-100x100.jpg 100w, https:\/\/www.carbonfiberinsoles.shop\/wp-content\/uploads\/2024\/10\/Breathable-Carbon-Fiber-Anti-Twist-Football-Insoles-Non-Slip-Shock-Absorption-Sports-Shoe-Insoles-1-3-700x700.jpg 700w, https:\/\/www.carbonfiberinsoles.shop\/wp-content\/uploads\/2024\/10\/Breathable-Carbon-Fiber-Anti-Twist-Football-Insoles-Non-Slip-Shock-Absorption-Sports-Shoe-Insoles-1-3-300x300.jpg 300w, https:\/\/www.carbonfiberinsoles.shop\/wp-content\/uploads\/2024\/10\/Breathable-Carbon-Fiber-Anti-Twist-Football-Insoles-Non-Slip-Shock-Absorption-Sports-Shoe-Insoles-1-3-150x150.jpg 150w, https:\/\/www.carbonfiberinsoles.shop\/wp-content\/uploads\/2024\/10\/Breathable-Carbon-Fiber-Anti-Twist-Football-Insoles-Non-Slip-Shock-Absorption-Sports-Shoe-Insoles-1-3-768x768.jpg 768w\" sizes=\"(max-width: 800px) 100vw, 800px\" \/><\/p>\n<p><img decoding=\"async\" class=\"wp-image-1537 size-full aligncenter\" src=\"https:\/\/www.carbonfiberinsoles.shop\/wp-content\/uploads\/2024\/10\/Breathable-Carbon-Fiber-Anti-Twist-Football-Insoles-Non-Slip-Shock-Absorption-Sports-Shoe-Insoles-1-4.jpg\" alt=\"Solette da calcio in fibra di carbonio traspirante anti-torsione Solette per scarpe sportive antiscivolo ad assorbimento d&#039;urto (1 (3)\" width=\"800\" height=\"800\" srcset=\"https:\/\/www.carbonfiberinsoles.shop\/wp-content\/uploads\/2024\/10\/Breathable-Carbon-Fiber-Anti-Twist-Football-Insoles-Non-Slip-Shock-Absorption-Sports-Shoe-Insoles-1-4.jpg 800w, https:\/\/www.carbonfiberinsoles.shop\/wp-content\/uploads\/2024\/10\/Breathable-Carbon-Fiber-Anti-Twist-Football-Insoles-Non-Slip-Shock-Absorption-Sports-Shoe-Insoles-1-4-430x430.jpg 430w, https:\/\/www.carbonfiberinsoles.shop\/wp-content\/uploads\/2024\/10\/Breathable-Carbon-Fiber-Anti-Twist-Football-Insoles-Non-Slip-Shock-Absorption-Sports-Shoe-Insoles-1-4-100x100.jpg 100w, https:\/\/www.carbonfiberinsoles.shop\/wp-content\/uploads\/2024\/10\/Breathable-Carbon-Fiber-Anti-Twist-Football-Insoles-Non-Slip-Shock-Absorption-Sports-Shoe-Insoles-1-4-700x700.jpg 700w, https:\/\/www.carbonfiberinsoles.shop\/wp-content\/uploads\/2024\/10\/Breathable-Carbon-Fiber-Anti-Twist-Football-Insoles-Non-Slip-Shock-Absorption-Sports-Shoe-Insoles-1-4-300x300.jpg 300w, https:\/\/www.carbonfiberinsoles.shop\/wp-content\/uploads\/2024\/10\/Breathable-Carbon-Fiber-Anti-Twist-Football-Insoles-Non-Slip-Shock-Absorption-Sports-Shoe-Insoles-1-4-150x150.jpg 150w, https:\/\/www.carbonfiberinsoles.shop\/wp-content\/uploads\/2024\/10\/Breathable-Carbon-Fiber-Anti-Twist-Football-Insoles-Non-Slip-Shock-Absorption-Sports-Shoe-Insoles-1-4-768x768.jpg 768w\" sizes=\"(max-width: 800px) 100vw, 800px\" \/><\/p>\n<p><img decoding=\"async\" class=\"wp-image-1587 size-full aligncenter\" src=\"https:\/\/www.carbonfiberinsoles.shop\/wp-content\/uploads\/2024\/10\/Breathable-Carbon-Fiber-Anti-Twist-Football-Insoles-Non-Slip-Shock-Absorption-Sports-Shoe-Insoles-1-6-1.jpg\" alt=\"Solette da calcio traspiranti in fibra di carbonio anti-torsione Solette per scarpe sportive antiscivolo ad assorbimento d&#039;urto (1 (6)\" width=\"800\" height=\"704\" srcset=\"https:\/\/www.carbonfiberinsoles.shop\/wp-content\/uploads\/2024\/10\/Breathable-Carbon-Fiber-Anti-Twist-Football-Insoles-Non-Slip-Shock-Absorption-Sports-Shoe-Insoles-1-6-1.jpg 800w, https:\/\/www.carbonfiberinsoles.shop\/wp-content\/uploads\/2024\/10\/Breathable-Carbon-Fiber-Anti-Twist-Football-Insoles-Non-Slip-Shock-Absorption-Sports-Shoe-Insoles-1-6-1-430x378.jpg 430w, https:\/\/www.carbonfiberinsoles.shop\/wp-content\/uploads\/2024\/10\/Breathable-Carbon-Fiber-Anti-Twist-Football-Insoles-Non-Slip-Shock-Absorption-Sports-Shoe-Insoles-1-6-1-700x616.jpg 700w, https:\/\/www.carbonfiberinsoles.shop\/wp-content\/uploads\/2024\/10\/Breathable-Carbon-Fiber-Anti-Twist-Football-Insoles-Non-Slip-Shock-Absorption-Sports-Shoe-Insoles-1-6-1-300x264.jpg 300w, https:\/\/www.carbonfiberinsoles.shop\/wp-content\/uploads\/2024\/10\/Breathable-Carbon-Fiber-Anti-Twist-Football-Insoles-Non-Slip-Shock-Absorption-Sports-Shoe-Insoles-1-6-1-768x676.jpg 768w\" sizes=\"(max-width: 800px) 100vw, 800px\" \/><\/p>\n<p>&nbsp;<\/p>\n<p><img loading=\"lazy\" decoding=\"async\" class=\"wp-image-1542 size-full aligncenter\" src=\"https:\/\/www.carbonfiberinsoles.shop\/wp-content\/uploads\/2024\/10\/Breathable-Carbon-Fiber-Anti-Twist-Football-Insoles-Non-Slip-Shock-Absorption-Sports-Shoe-Insoles-1-9.jpg\" alt=\"Solette da calcio in fibra di carbonio traspirante anti-torsione Solette per scarpe sportive antiscivolo ad assorbimento d&#039;urto (1 (3)\" width=\"800\" height=\"800\" srcset=\"https:\/\/www.carbonfiberinsoles.shop\/wp-content\/uploads\/2024\/10\/Breathable-Carbon-Fiber-Anti-Twist-Football-Insoles-Non-Slip-Shock-Absorption-Sports-Shoe-Insoles-1-9.jpg 800w, https:\/\/www.carbonfiberinsoles.shop\/wp-content\/uploads\/2024\/10\/Breathable-Carbon-Fiber-Anti-Twist-Football-Insoles-Non-Slip-Shock-Absorption-Sports-Shoe-Insoles-1-9-430x430.jpg 430w, https:\/\/www.carbonfiberinsoles.shop\/wp-content\/uploads\/2024\/10\/Breathable-Carbon-Fiber-Anti-Twist-Football-Insoles-Non-Slip-Shock-Absorption-Sports-Shoe-Insoles-1-9-100x100.jpg 100w, https:\/\/www.carbonfiberinsoles.shop\/wp-content\/uploads\/2024\/10\/Breathable-Carbon-Fiber-Anti-Twist-Football-Insoles-Non-Slip-Shock-Absorption-Sports-Shoe-Insoles-1-9-700x700.jpg 700w, https:\/\/www.carbonfiberinsoles.shop\/wp-content\/uploads\/2024\/10\/Breathable-Carbon-Fiber-Anti-Twist-Football-Insoles-Non-Slip-Shock-Absorption-Sports-Shoe-Insoles-1-9-300x300.jpg 300w, https:\/\/www.carbonfiberinsoles.shop\/wp-content\/uploads\/2024\/10\/Breathable-Carbon-Fiber-Anti-Twist-Football-Insoles-Non-Slip-Shock-Absorption-Sports-Shoe-Insoles-1-9-150x150.jpg 150w, https:\/\/www.carbonfiberinsoles.shop\/wp-content\/uploads\/2024\/10\/Breathable-Carbon-Fiber-Anti-Twist-Football-Insoles-Non-Slip-Shock-Absorption-Sports-Shoe-Insoles-1-9-768x768.jpg 768w\" sizes=\"(max-width: 800px) 100vw, 800px\" \/><\/p>\n<p><img loading=\"lazy\" decoding=\"async\" class=\"wp-image-1540 size-full aligncenter\" src=\"https:\/\/www.carbonfiberinsoles.shop\/wp-content\/uploads\/2024\/10\/Breathable-Carbon-Fiber-Anti-Twist-Football-Insoles-Non-Slip-Shock-Absorption-Sports-Shoe-Insoles-1-7.jpg\" alt=\"Solette da calcio in fibra di carbonio traspirante anti-torsione Solette per scarpe sportive antiscivolo ad assorbimento d&#039;urto (1 (3)\" width=\"800\" height=\"800\" srcset=\"https:\/\/www.carbonfiberinsoles.shop\/wp-content\/uploads\/2024\/10\/Breathable-Carbon-Fiber-Anti-Twist-Football-Insoles-Non-Slip-Shock-Absorption-Sports-Shoe-Insoles-1-7.jpg 800w, https:\/\/www.carbonfiberinsoles.shop\/wp-content\/uploads\/2024\/10\/Breathable-Carbon-Fiber-Anti-Twist-Football-Insoles-Non-Slip-Shock-Absorption-Sports-Shoe-Insoles-1-7-430x430.jpg 430w, https:\/\/www.carbonfiberinsoles.shop\/wp-content\/uploads\/2024\/10\/Breathable-Carbon-Fiber-Anti-Twist-Football-Insoles-Non-Slip-Shock-Absorption-Sports-Shoe-Insoles-1-7-100x100.jpg 100w, https:\/\/www.carbonfiberinsoles.shop\/wp-content\/uploads\/2024\/10\/Breathable-Carbon-Fiber-Anti-Twist-Football-Insoles-Non-Slip-Shock-Absorption-Sports-Shoe-Insoles-1-7-700x700.jpg 700w, https:\/\/www.carbonfiberinsoles.shop\/wp-content\/uploads\/2024\/10\/Breathable-Carbon-Fiber-Anti-Twist-Football-Insoles-Non-Slip-Shock-Absorption-Sports-Shoe-Insoles-1-7-300x300.jpg 300w, https:\/\/www.carbonfiberinsoles.shop\/wp-content\/uploads\/2024\/10\/Breathable-Carbon-Fiber-Anti-Twist-Football-Insoles-Non-Slip-Shock-Absorption-Sports-Shoe-Insoles-1-7-150x150.jpg 150w, https:\/\/www.carbonfiberinsoles.shop\/wp-content\/uploads\/2024\/10\/Breathable-Carbon-Fiber-Anti-Twist-Football-Insoles-Non-Slip-Shock-Absorption-Sports-Shoe-Insoles-1-7-768x768.jpg 768w\" sizes=\"(max-width: 800px) 100vw, 800px\" \/><\/p>\n<p><img loading=\"lazy\" decoding=\"async\" class=\"wp-image-517 size-full aligncenter\" src=\"https:\/\/www.carbonfiberinsoles.shop\/wp-content\/uploads\/2024\/09\/Carbon-Fiber-Insoles-for-Men-Women-Shock-Absorbing-Sport-Shoe-Insoles-for-Basketball-Voll-3.jpg\" alt=\"Solette in fibra di carbonio per uomini e donne, solette per scarpe sportive ammortizzanti per il basket ( (3)\" width=\"970\" height=\"600\" srcset=\"https:\/\/www.carbonfiberinsoles.shop\/wp-content\/uploads\/2024\/09\/Carbon-Fiber-Insoles-for-Men-Women-Shock-Absorbing-Sport-Shoe-Insoles-for-Basketball-Voll-3.jpg 970w, https:\/\/www.carbonfiberinsoles.shop\/wp-content\/uploads\/2024\/09\/Carbon-Fiber-Insoles-for-Men-Women-Shock-Absorbing-Sport-Shoe-Insoles-for-Basketball-Voll-3-430x266.jpg 430w, https:\/\/www.carbonfiberinsoles.shop\/wp-content\/uploads\/2024\/09\/Carbon-Fiber-Insoles-for-Men-Women-Shock-Absorbing-Sport-Shoe-Insoles-for-Basketball-Voll-3-700x433.jpg 700w, https:\/\/www.carbonfiberinsoles.shop\/wp-content\/uploads\/2024\/09\/Carbon-Fiber-Insoles-for-Men-Women-Shock-Absorbing-Sport-Shoe-Insoles-for-Basketball-Voll-3-300x186.jpg 300w, https:\/\/www.carbonfiberinsoles.shop\/wp-content\/uploads\/2024\/09\/Carbon-Fiber-Insoles-for-Men-Women-Shock-Absorbing-Sport-Shoe-Insoles-for-Basketball-Voll-3-768x475.jpg 768w\" sizes=\"(max-width: 970px) 100vw, 970px\" \/><\/p>\n<p><img loading=\"lazy\" decoding=\"async\" class=\"wp-image-512 size-large aligncenter\" src=\"https:\/\/www.carbonfiberinsoles.shop\/wp-content\/uploads\/2024\/09\/Gold-Performance-Insoles\u2013Customized-Carbon-Fiber-Inserts-Non-Cleated-Shoes\u2013Basketball-Volleyball-Racquet-Sports-Ru1-1024x239.png\" alt=\"Solette Gold Performance - Inserti personalizzati in fibra di carbonio, scarpe non chiodate - pallacanestro, pallavolo, sport di racchetta, Ru(1)\" width=\"1024\" height=\"239\" srcset=\"https:\/\/www.carbonfiberinsoles.shop\/wp-content\/uploads\/2024\/09\/Gold-Performance-Insoles\u2013Customized-Carbon-Fiber-Inserts-Non-Cleated-Shoes\u2013Basketball-Volleyball-Racquet-Sports-Ru1-1024x239.png 1024w, https:\/\/www.carbonfiberinsoles.shop\/wp-content\/uploads\/2024\/09\/Gold-Performance-Insoles\u2013Customized-Carbon-Fiber-Inserts-Non-Cleated-Shoes\u2013Basketball-Volleyball-Racquet-Sports-Ru1-430x100.png 430w, https:\/\/www.carbonfiberinsoles.shop\/wp-content\/uploads\/2024\/09\/Gold-Performance-Insoles\u2013Customized-Carbon-Fiber-Inserts-Non-Cleated-Shoes\u2013Basketball-Volleyball-Racquet-Sports-Ru1-700x164.png 700w, https:\/\/www.carbonfiberinsoles.shop\/wp-content\/uploads\/2024\/09\/Gold-Performance-Insoles\u2013Customized-Carbon-Fiber-Inserts-Non-Cleated-Shoes\u2013Basketball-Volleyball-Racquet-Sports-Ru1-300x70.png 300w, https:\/\/www.carbonfiberinsoles.shop\/wp-content\/uploads\/2024\/09\/Gold-Performance-Insoles\u2013Customized-Carbon-Fiber-Inserts-Non-Cleated-Shoes\u2013Basketball-Volleyball-Racquet-Sports-Ru1-768x179.png 768w, https:\/\/www.carbonfiberinsoles.shop\/wp-content\/uploads\/2024\/09\/Gold-Performance-Insoles\u2013Customized-Carbon-Fiber-Inserts-Non-Cleated-Shoes\u2013Basketball-Volleyball-Racquet-Sports-Ru1-1536x359.png 1536w, https:\/\/www.carbonfiberinsoles.shop\/wp-content\/uploads\/2024\/09\/Gold-Performance-Insoles\u2013Customized-Carbon-Fiber-Inserts-Non-Cleated-Shoes\u2013Basketball-Volleyball-Racquet-Sports-Ru1.png 1721w\" sizes=\"(max-width: 1024px) 100vw, 1024px\" \/><\/p>\n<p>&nbsp;<\/p>\n<p data-start=\"383\" data-end=\"677\"><em data-start=\"383\" data-end=\"394\">Panoramica:<\/em> Migliorate le vostre prestazioni atletiche con le nostre solette da calcio antitorsione in fibra di carbonio traspirante. Progettate per fornire un supporto e un comfort eccezionali, queste solette sono ideali per i giocatori di calcio che desiderano migliorare la stabilit\u00e0 e ridurre l'affaticamento del piede durante le attivit\u00e0 ad alta intensit\u00e0.<\/p>\n<p data-start=\"679\" data-end=\"690\"><em data-start=\"679\" data-end=\"690\">Caratteristiche:<\/em><\/p>\n<ul data-start=\"691\" data-end=\"1483\">\n<li data-start=\"691\" data-end=\"910\"><strong data-start=\"693\" data-end=\"732\">Tecnologia antitorsione in fibra di carbonio:<\/strong> Incorpora una piastra di base in fibra di carbonio per prevenire le sollecitazioni del piede durante i movimenti bruschi, migliorando la stabilit\u00e0 e riducendo il rischio di lesioni.<\/li>\n<li data-start=\"911\" data-end=\"1063\"><strong data-start=\"913\" data-end=\"934\">Assorbimento degli urti:<\/strong> L'ammortizzazione riduce al minimo l'impatto, garantendo il comfort durante gli sport ad alta intensit\u00e0.<\/li>\n<li data-start=\"1064\" data-end=\"1213\"><strong data-start=\"1066\" data-end=\"1100\">Traspirante e traspirante:<\/strong> Realizzati con materiali che mantengono i piedi asciutti e freschi, evitando gli odori.<\/li>\n<li data-start=\"1214\" data-end=\"1348\"><strong data-start=\"1216\" data-end=\"1236\">Design antiscivolo:<\/strong> Presa migliorata per evitare lo scivolamento del piede e garantire una calzata sicura durante il gioco.<\/li>\n<li data-start=\"1349\" data-end=\"1483\"><strong data-start=\"1351\" data-end=\"1380\">Ultra-sottile e leggero:<\/strong> Offre il massimo comfort senza alterare la calzata o le prestazioni della scarpa.<\/li>\n<\/ul>\n<p data-start=\"1485\" data-end=\"1519\"><em data-start=\"1485\" data-end=\"1519\">Il motivo per cui acquistare questo prodotto:<\/em><\/p>\n<ul data-start=\"1520\" data-end=\"1854\">\n<li data-start=\"1520\" data-end=\"1640\"><strong data-start=\"1522\" data-end=\"1547\">Prestazioni migliorate:<\/strong> Fornisce il supporto necessario per dare il meglio di s\u00e9, riducendo l'affaticamento e migliorando l'agilit\u00e0.<\/li>\n<li data-start=\"1641\" data-end=\"1754\"><strong data-start=\"1643\" data-end=\"1665\">Prevenzione degli infortuni:<\/strong> La tecnologia antitorsione e le caratteristiche di assorbimento degli urti aiutano a prevenire le lesioni sportive pi\u00f9 comuni.<\/li>\n<li data-start=\"1755\" data-end=\"1854\"><strong data-start=\"1757\" data-end=\"1777\">Vestibilit\u00e0 comoda:<\/strong> I materiali traspiranti e il design antiscivolo garantiscono il comfort per tutta la partita.<\/li>\n<\/ul>\n<p data-start=\"1856\" data-end=\"1863\"><em data-start=\"1856\" data-end=\"1863\">Domande frequenti:<\/em><\/p>\n<ol data-start=\"1865\" data-end=\"2373\">\n<li data-start=\"1865\" data-end=\"2033\">\n<p data-start=\"1868\" data-end=\"1933\"><strong data-start=\"1868\" data-end=\"1933\">Queste solette sono adatte ad altri sport oltre al calcio?<\/strong><\/p>\n<ul data-start=\"1937\" data-end=\"2033\">\n<li data-start=\"1937\" data-end=\"2033\">S\u00ec, sono progettati per migliorare le prestazioni in vari sport che richiedono agilit\u00e0 e sostegno.<\/li>\n<\/ul>\n<\/li>\n<li data-start=\"2035\" data-end=\"2203\">\n<p data-start=\"2038\" data-end=\"2095\"><strong data-start=\"2038\" data-end=\"2095\">Queste solette possono adattarsi a qualsiasi tipo di tacchetti da calcio?<\/strong><\/p>\n<ul data-start=\"2099\" data-end=\"2203\">\n<li data-start=\"2099\" data-end=\"2203\">S\u00ec, il loro design ultrasottile garantisce la compatibilit\u00e0 con la maggior parte dei tacchetti da calcio senza compromettere la vestibilit\u00e0.<\/li>\n<\/ul>\n<\/li>\n<li data-start=\"2205\" data-end=\"2373\">\n<p data-start=\"2208\" data-end=\"2254\"><strong data-start=\"2208\" data-end=\"2254\">Come posso pulire e mantenere queste solette?<\/strong><\/p>\n<ul data-start=\"2258\" data-end=\"2373\">\n<li data-start=\"2258\" data-end=\"2373\">Toglierli dalle scarpe e lavarli delicatamente a mano con acqua e sapone neutro. Asciugare completamente all'aria prima di reinserirli.<\/li>\n<\/ul>\n<\/li>\n<\/ol>","protected":false},"excerpt":{"rendered":"<p><strong>Caratteristiche principali:<\/strong><\/p>\n<ul>\n<li><strong>Tecnologia antitorsione in fibra di carbonio:<\/strong> Protegge dalle sollecitazioni del piede durante i movimenti bruschi.<\/li>\n<li><strong>Assorbimento degli urti:<\/strong> Riduce l'impatto, garantendo il comfort durante gli sport ad alta intensit\u00e0.<\/li>\n<li><strong>Traspirante e traspirante:<\/strong> Mantiene i piedi asciutti e freschi, evitando i cattivi odori.<\/li>\n<li><strong>Design antiscivolo:<\/strong> Presa migliorata per evitare lo scivolamento del piede e garantire una calzata sicura.<\/li>\n<li><strong>Ultra-sottile e leggero:<\/strong> Offre il massimo comfort senza ingombri aggiuntivi.<\/li>\n<\/ul>","protected":false},"featured_media":1737,"comment_status":"open","ping_status":"closed","template":"","meta":{"_kadence_starter_templates_imported_post":false,"_kad_post_transparent":"default","_kad_post_title":"","_kad_post_layout":"default","_kad_post_sidebar_id":"","_kad_post_content_style":"default","_kad_post_vertical_padding":"default","_kad_post_feature":"","_kad_post_feature_position":"","_kad_post_header":false,"_kad_post_footer":false},"product_brand":[],"product_cat":[22,235,240],"product_tag":[51,49,47,50],"class_list":{"0":"post-1525","1":"product","2":"type-product","3":"status-publish","4":"has-post-thumbnail","6":"product_cat-carbon-fiber-insoles","7":"product_cat-carbon-fiber-insoles-football","8":"product_cat-carbon-fiber-insoles-soccer","9":"product_tag-carbon-fiber-foot-insoles","10":"product_tag-carbon-fiber-insole","11":"product_tag-carbon-fiber-insoles","12":"product_tag-carbon-fiber-shoe-insoles","13":"pa_us-ca-size-m10-5-w12-5-285mm","14":"pa_us-ca-size-m10-w12","15":"pa_us-ca-size-m11-5-w13-5-295mm","16":"pa_us-ca-size-m11-w13","17":"pa_us-ca-size-m5-5-w7-5-245mm","18":"pa_us-ca-size-m5-w7","19":"pa_us-ca-size-m6-w8","20":"pa_us-ca-size-m7-5-w9-5-260mm","21":"pa_us-ca-size-m7-w9","22":"pa_us-ca-size-m8-5-w10-5-270mm","23":"pa_us-ca-size-m8-w10","24":"pa_us-ca-size-m9-w11","26":"first","27":"instock","28":"shipping-taxable","29":"purchasable","30":"product-type-variable","31":"entry","32":"content-bg","33":"loop-entry"},"aioseo_notices":[],"_links":{"self":[{"href":"https:\/\/www.carbonfiberinsoles.shop\/it\/wp-json\/wp\/v2\/product\/1525","targetHints":{"allow":["GET"]}}],"collection":[{"href":"https:\/\/www.carbonfiberinsoles.shop\/it\/wp-json\/wp\/v2\/product"}],"about":[{"href":"https:\/\/www.carbonfiberinsoles.shop\/it\/wp-json\/wp\/v2\/types\/product"}],"replies":[{"embeddable":true,"href":"https:\/\/www.carbonfiberinsoles.shop\/it\/wp-json\/wp\/v2\/comments?post=1525"}],"version-history":[{"count":0,"href":"https:\/\/www.carbonfiberinsoles.shop\/it\/wp-json\/wp\/v2\/product\/1525\/revisions"}],"wp:featuredmedia":[{"embeddable":true,"href":"https:\/\/www.carbonfiberinsoles.shop\/it\/wp-json\/wp\/v2\/media\/1737"}],"wp:attachment":[{"href":"https:\/\/www.carbonfiberinsoles.shop\/it\/wp-json\/wp\/v2\/media?parent=1525"}],"wp:term":[{"taxonomy":"product_brand","embeddable":true,"href":"https:\/\/www.carbonfiberinsoles.shop\/it\/wp-json\/wp\/v2\/product_brand?post=1525"},{"taxonomy":"product_cat","embeddable":true,"href":"https:\/\/www.carbonfiberinsoles.shop\/it\/wp-json\/wp\/v2\/product_cat?post=1525"},{"taxonomy":"product_tag","embeddable":true,"href":"https:\/\/www.carbonfiberinsoles.shop\/it\/wp-json\/wp\/v2\/product_tag?post=1525"}],"curies":[{"name":"wp","href":"https:\/\/api.w.org\/{rel}","templated":true}]}}