{"id":159,"date":"2024-09-27T13:36:48","date_gmt":"2024-09-27T13:36:48","guid":{"rendered":"https:\/\/carbonfiberinsoles.shop\/?post_type=product&#038;p=159"},"modified":"2025-09-03T19:06:10","modified_gmt":"2025-09-03T19:06:10","slug":"gold-performance-insoles-customized-carbon-fiber-insoles-non-cleated-shoes-basketball-volleyball-racquet-sports-running-more-run-faster-jump-higher-recover-quicker-pro","status":"publish","type":"product","link":"https:\/\/www.carbonfiberinsoles.shop\/it\/prodotto\/gold-performance-insoles-customized-carbon-fiber-insoles-non-cleated-shoes-basketball-volleyball-racquet-sports-running-more-run-faster-jump-higher-recover-quicker-pro\/","title":{"rendered":"Solette in fibra di carbonio Gold Performance"},"content":{"rendered":"<p>Migliorate le vostre prestazioni con <strong>Solette in fibra di carbonio Gold Performance<\/strong>personalizzate per le scarpe non chiodate. Progettate per migliorare la velocit\u00e0, incrementare l'altezza dei salti e accelerare il recupero, queste scarpe ad alte prestazioni <strong>solette in fibra di carbonio<\/strong> sono perfetti per gli atleti che praticano basket, pallavolo, sport di racchetta, corsa e altro ancora.<\/p>\n<p>Realizzate in fibra di carbonio di prima qualit\u00e0, queste solette offrono una resistenza e una flessibilit\u00e0 senza pari, pur rimanendo incredibilmente leggere. La calzata personalizzata fornisce un supporto superiore all'arco plantare, assicurando che i piedi rimangano comodi e stabili durante le attivit\u00e0 pi\u00f9 intense. Con queste <strong>solette in fibra di carbonio<\/strong>Il sistema \u00e8 in grado di garantire un migliore ritorno di energia, un migliore allineamento del piede e una riduzione della pressione sulle aree chiave, consentendo di ottenere prestazioni ottimali.<\/p>\n<p>Se volete correre pi\u00f9 velocemente, saltare pi\u00f9 in alto o recuperare pi\u00f9 in fretta da allenamenti intensi, queste <strong>solette in fibra di carbonio<\/strong> sono la chiave per liberare tutto il vostro potenziale. Progettate per gli atleti che esigono il meglio, queste solette miglioreranno le vostre prestazioni in campo, sul campo o in pista.<\/p>\n<p>&nbsp;<\/p>\n<p><img fetchpriority=\"high\" decoding=\"async\" class=\"wp-image-509 size-full aligncenter\" src=\"https:\/\/www.carbonfiberinsoles.shop\/wp-content\/uploads\/2024\/09\/Gold-Performance-Insoles\u2013Customized-Carbon-Fiber-Inserts-Non-Cleated-Shoes\u2013Basketball-Volleyball-Racquet-Sports-Running-Mo-15.jpg\" alt=\"Solette d&#039;oro per prestazioni - Inserti personalizzati in fibra di carbonio, scarpe non chiodate - pallacanestro, pallavolo, sport di racchetta, corsa e movimento ( (3)\" width=\"720\" height=\"720\" srcset=\"https:\/\/www.carbonfiberinsoles.shop\/wp-content\/uploads\/2024\/09\/Gold-Performance-Insoles\u2013Customized-Carbon-Fiber-Inserts-Non-Cleated-Shoes\u2013Basketball-Volleyball-Racquet-Sports-Running-Mo-15.jpg 720w, https:\/\/www.carbonfiberinsoles.shop\/wp-content\/uploads\/2024\/09\/Gold-Performance-Insoles\u2013Customized-Carbon-Fiber-Inserts-Non-Cleated-Shoes\u2013Basketball-Volleyball-Racquet-Sports-Running-Mo-15-430x430.jpg 430w, https:\/\/www.carbonfiberinsoles.shop\/wp-content\/uploads\/2024\/09\/Gold-Performance-Insoles\u2013Customized-Carbon-Fiber-Inserts-Non-Cleated-Shoes\u2013Basketball-Volleyball-Racquet-Sports-Running-Mo-15-100x100.jpg 100w, https:\/\/www.carbonfiberinsoles.shop\/wp-content\/uploads\/2024\/09\/Gold-Performance-Insoles\u2013Customized-Carbon-Fiber-Inserts-Non-Cleated-Shoes\u2013Basketball-Volleyball-Racquet-Sports-Running-Mo-15-700x700.jpg 700w, https:\/\/www.carbonfiberinsoles.shop\/wp-content\/uploads\/2024\/09\/Gold-Performance-Insoles\u2013Customized-Carbon-Fiber-Inserts-Non-Cleated-Shoes\u2013Basketball-Volleyball-Racquet-Sports-Running-Mo-15-300x300.jpg 300w, https:\/\/www.carbonfiberinsoles.shop\/wp-content\/uploads\/2024\/09\/Gold-Performance-Insoles\u2013Customized-Carbon-Fiber-Inserts-Non-Cleated-Shoes\u2013Basketball-Volleyball-Racquet-Sports-Running-Mo-15-150x150.jpg 150w\" sizes=\"(max-width: 720px) 100vw, 720px\" \/> <img decoding=\"async\" class=\"wp-image-497 size-full aligncenter\" src=\"https:\/\/www.carbonfiberinsoles.shop\/wp-content\/uploads\/2024\/09\/Gold-Performance-Insoles\u2013Customized-Carbon-Fiber-Inserts-Non-Cleated-Shoes\u2013Basketball-Volleyball-Racquet-Sports-Running-Mo-3.jpg\" alt=\"Solette d&#039;oro per prestazioni - Inserti personalizzati in fibra di carbonio, scarpe non chiodate - pallacanestro, pallavolo, sport di racchetta, corsa e movimento ( (3)\" width=\"800\" height=\"800\" srcset=\"https:\/\/www.carbonfiberinsoles.shop\/wp-content\/uploads\/2024\/09\/Gold-Performance-Insoles\u2013Customized-Carbon-Fiber-Inserts-Non-Cleated-Shoes\u2013Basketball-Volleyball-Racquet-Sports-Running-Mo-3.jpg 800w, https:\/\/www.carbonfiberinsoles.shop\/wp-content\/uploads\/2024\/09\/Gold-Performance-Insoles\u2013Customized-Carbon-Fiber-Inserts-Non-Cleated-Shoes\u2013Basketball-Volleyball-Racquet-Sports-Running-Mo-3-430x430.jpg 430w, https:\/\/www.carbonfiberinsoles.shop\/wp-content\/uploads\/2024\/09\/Gold-Performance-Insoles\u2013Customized-Carbon-Fiber-Inserts-Non-Cleated-Shoes\u2013Basketball-Volleyball-Racquet-Sports-Running-Mo-3-100x100.jpg 100w, https:\/\/www.carbonfiberinsoles.shop\/wp-content\/uploads\/2024\/09\/Gold-Performance-Insoles\u2013Customized-Carbon-Fiber-Inserts-Non-Cleated-Shoes\u2013Basketball-Volleyball-Racquet-Sports-Running-Mo-3-700x700.jpg 700w, https:\/\/www.carbonfiberinsoles.shop\/wp-content\/uploads\/2024\/09\/Gold-Performance-Insoles\u2013Customized-Carbon-Fiber-Inserts-Non-Cleated-Shoes\u2013Basketball-Volleyball-Racquet-Sports-Running-Mo-3-300x300.jpg 300w, https:\/\/www.carbonfiberinsoles.shop\/wp-content\/uploads\/2024\/09\/Gold-Performance-Insoles\u2013Customized-Carbon-Fiber-Inserts-Non-Cleated-Shoes\u2013Basketball-Volleyball-Racquet-Sports-Running-Mo-3-150x150.jpg 150w, https:\/\/www.carbonfiberinsoles.shop\/wp-content\/uploads\/2024\/09\/Gold-Performance-Insoles\u2013Customized-Carbon-Fiber-Inserts-Non-Cleated-Shoes\u2013Basketball-Volleyball-Racquet-Sports-Running-Mo-3-768x768.jpg 768w\" sizes=\"(max-width: 800px) 100vw, 800px\" \/> <img decoding=\"async\" class=\"wp-image-498 size-full aligncenter\" src=\"https:\/\/www.carbonfiberinsoles.shop\/wp-content\/uploads\/2024\/09\/Gold-Performance-Insoles\u2013Customized-Carbon-Fiber-Inserts-Non-Cleated-Shoes\u2013Basketball-Volleyball-Racquet-Sports-Running-Mo-4.jpg\" alt=\"Solette d&#039;oro per prestazioni - Inserti personalizzati in fibra di carbonio, scarpe non chiodate - pallacanestro, pallavolo, sport di racchetta, corsa e movimento ( (3)\" width=\"800\" height=\"902\" srcset=\"https:\/\/www.carbonfiberinsoles.shop\/wp-content\/uploads\/2024\/09\/Gold-Performance-Insoles\u2013Customized-Carbon-Fiber-Inserts-Non-Cleated-Shoes\u2013Basketball-Volleyball-Racquet-Sports-Running-Mo-4.jpg 800w, https:\/\/www.carbonfiberinsoles.shop\/wp-content\/uploads\/2024\/09\/Gold-Performance-Insoles\u2013Customized-Carbon-Fiber-Inserts-Non-Cleated-Shoes\u2013Basketball-Volleyball-Racquet-Sports-Running-Mo-4-430x485.jpg 430w, https:\/\/www.carbonfiberinsoles.shop\/wp-content\/uploads\/2024\/09\/Gold-Performance-Insoles\u2013Customized-Carbon-Fiber-Inserts-Non-Cleated-Shoes\u2013Basketball-Volleyball-Racquet-Sports-Running-Mo-4-700x789.jpg 700w, https:\/\/www.carbonfiberinsoles.shop\/wp-content\/uploads\/2024\/09\/Gold-Performance-Insoles\u2013Customized-Carbon-Fiber-Inserts-Non-Cleated-Shoes\u2013Basketball-Volleyball-Racquet-Sports-Running-Mo-4-266x300.jpg 266w, https:\/\/www.carbonfiberinsoles.shop\/wp-content\/uploads\/2024\/09\/Gold-Performance-Insoles\u2013Customized-Carbon-Fiber-Inserts-Non-Cleated-Shoes\u2013Basketball-Volleyball-Racquet-Sports-Running-Mo-4-768x866.jpg 768w\" sizes=\"(max-width: 800px) 100vw, 800px\" \/> <img loading=\"lazy\" decoding=\"async\" class=\"wp-image-499 size-large aligncenter\" src=\"https:\/\/www.carbonfiberinsoles.shop\/wp-content\/uploads\/2024\/09\/Gold-Performance-Insoles\u2013Customized-Carbon-Fiber-Inserts-Non-Cleated-Shoes\u2013Basketball-Volleyball-Racquet-Sports-Running-Mo-5-690x1024.jpg\" alt=\"Solette d&#039;oro per prestazioni - Inserti personalizzati in fibra di carbonio, scarpe non chiodate - pallacanestro, pallavolo, sport di racchetta, corsa e movimento ( (3)\" width=\"690\" height=\"1024\" srcset=\"https:\/\/www.carbonfiberinsoles.shop\/wp-content\/uploads\/2024\/09\/Gold-Performance-Insoles\u2013Customized-Carbon-Fiber-Inserts-Non-Cleated-Shoes\u2013Basketball-Volleyball-Racquet-Sports-Running-Mo-5-690x1024.jpg 690w, https:\/\/www.carbonfiberinsoles.shop\/wp-content\/uploads\/2024\/09\/Gold-Performance-Insoles\u2013Customized-Carbon-Fiber-Inserts-Non-Cleated-Shoes\u2013Basketball-Volleyball-Racquet-Sports-Running-Mo-5-430x639.jpg 430w, https:\/\/www.carbonfiberinsoles.shop\/wp-content\/uploads\/2024\/09\/Gold-Performance-Insoles\u2013Customized-Carbon-Fiber-Inserts-Non-Cleated-Shoes\u2013Basketball-Volleyball-Racquet-Sports-Running-Mo-5-700x1040.jpg 700w, https:\/\/www.carbonfiberinsoles.shop\/wp-content\/uploads\/2024\/09\/Gold-Performance-Insoles\u2013Customized-Carbon-Fiber-Inserts-Non-Cleated-Shoes\u2013Basketball-Volleyball-Racquet-Sports-Running-Mo-5-202x300.jpg 202w, https:\/\/www.carbonfiberinsoles.shop\/wp-content\/uploads\/2024\/09\/Gold-Performance-Insoles\u2013Customized-Carbon-Fiber-Inserts-Non-Cleated-Shoes\u2013Basketball-Volleyball-Racquet-Sports-Running-Mo-5-768x1140.jpg 768w, https:\/\/www.carbonfiberinsoles.shop\/wp-content\/uploads\/2024\/09\/Gold-Performance-Insoles\u2013Customized-Carbon-Fiber-Inserts-Non-Cleated-Shoes\u2013Basketball-Volleyball-Racquet-Sports-Running-Mo-5.jpg 800w\" sizes=\"(max-width: 690px) 100vw, 690px\" \/> <img loading=\"lazy\" decoding=\"async\" class=\"wp-image-500 size-full aligncenter\" src=\"https:\/\/www.carbonfiberinsoles.shop\/wp-content\/uploads\/2024\/09\/Gold-Performance-Insoles\u2013Customized-Carbon-Fiber-Inserts-Non-Cleated-Shoes\u2013Basketball-Volleyball-Racquet-Sports-Running-Mo-6.jpg\" alt=\"Solette d&#039;oro per prestazioni - Inserti personalizzati in fibra di carbonio, scarpe non chiodate - pallacanestro, pallavolo, sport di racchetta, corsa e movimento ( (3)\" width=\"800\" height=\"800\" srcset=\"https:\/\/www.carbonfiberinsoles.shop\/wp-content\/uploads\/2024\/09\/Gold-Performance-Insoles\u2013Customized-Carbon-Fiber-Inserts-Non-Cleated-Shoes\u2013Basketball-Volleyball-Racquet-Sports-Running-Mo-6.jpg 800w, https:\/\/www.carbonfiberinsoles.shop\/wp-content\/uploads\/2024\/09\/Gold-Performance-Insoles\u2013Customized-Carbon-Fiber-Inserts-Non-Cleated-Shoes\u2013Basketball-Volleyball-Racquet-Sports-Running-Mo-6-430x430.jpg 430w, https:\/\/www.carbonfiberinsoles.shop\/wp-content\/uploads\/2024\/09\/Gold-Performance-Insoles\u2013Customized-Carbon-Fiber-Inserts-Non-Cleated-Shoes\u2013Basketball-Volleyball-Racquet-Sports-Running-Mo-6-100x100.jpg 100w, https:\/\/www.carbonfiberinsoles.shop\/wp-content\/uploads\/2024\/09\/Gold-Performance-Insoles\u2013Customized-Carbon-Fiber-Inserts-Non-Cleated-Shoes\u2013Basketball-Volleyball-Racquet-Sports-Running-Mo-6-700x700.jpg 700w, https:\/\/www.carbonfiberinsoles.shop\/wp-content\/uploads\/2024\/09\/Gold-Performance-Insoles\u2013Customized-Carbon-Fiber-Inserts-Non-Cleated-Shoes\u2013Basketball-Volleyball-Racquet-Sports-Running-Mo-6-300x300.jpg 300w, https:\/\/www.carbonfiberinsoles.shop\/wp-content\/uploads\/2024\/09\/Gold-Performance-Insoles\u2013Customized-Carbon-Fiber-Inserts-Non-Cleated-Shoes\u2013Basketball-Volleyball-Racquet-Sports-Running-Mo-6-150x150.jpg 150w, https:\/\/www.carbonfiberinsoles.shop\/wp-content\/uploads\/2024\/09\/Gold-Performance-Insoles\u2013Customized-Carbon-Fiber-Inserts-Non-Cleated-Shoes\u2013Basketball-Volleyball-Racquet-Sports-Running-Mo-6-768x768.jpg 768w\" sizes=\"(max-width: 800px) 100vw, 800px\" \/> <img loading=\"lazy\" decoding=\"async\" class=\"wp-image-512 size-large aligncenter\" src=\"https:\/\/www.carbonfiberinsoles.shop\/wp-content\/uploads\/2024\/09\/Gold-Performance-Insoles\u2013Customized-Carbon-Fiber-Inserts-Non-Cleated-Shoes\u2013Basketball-Volleyball-Racquet-Sports-Ru1-1024x239.png\" alt=\"Solette Gold Performance - Inserti personalizzati in fibra di carbonio, scarpe non chiodate - pallacanestro, pallavolo, sport di racchetta, Ru(1)\" width=\"1024\" height=\"239\" srcset=\"https:\/\/www.carbonfiberinsoles.shop\/wp-content\/uploads\/2024\/09\/Gold-Performance-Insoles\u2013Customized-Carbon-Fiber-Inserts-Non-Cleated-Shoes\u2013Basketball-Volleyball-Racquet-Sports-Ru1-1024x239.png 1024w, https:\/\/www.carbonfiberinsoles.shop\/wp-content\/uploads\/2024\/09\/Gold-Performance-Insoles\u2013Customized-Carbon-Fiber-Inserts-Non-Cleated-Shoes\u2013Basketball-Volleyball-Racquet-Sports-Ru1-430x100.png 430w, https:\/\/www.carbonfiberinsoles.shop\/wp-content\/uploads\/2024\/09\/Gold-Performance-Insoles\u2013Customized-Carbon-Fiber-Inserts-Non-Cleated-Shoes\u2013Basketball-Volleyball-Racquet-Sports-Ru1-700x164.png 700w, https:\/\/www.carbonfiberinsoles.shop\/wp-content\/uploads\/2024\/09\/Gold-Performance-Insoles\u2013Customized-Carbon-Fiber-Inserts-Non-Cleated-Shoes\u2013Basketball-Volleyball-Racquet-Sports-Ru1-300x70.png 300w, https:\/\/www.carbonfiberinsoles.shop\/wp-content\/uploads\/2024\/09\/Gold-Performance-Insoles\u2013Customized-Carbon-Fiber-Inserts-Non-Cleated-Shoes\u2013Basketball-Volleyball-Racquet-Sports-Ru1-768x179.png 768w, https:\/\/www.carbonfiberinsoles.shop\/wp-content\/uploads\/2024\/09\/Gold-Performance-Insoles\u2013Customized-Carbon-Fiber-Inserts-Non-Cleated-Shoes\u2013Basketball-Volleyball-Racquet-Sports-Ru1-1536x359.png 1536w, https:\/\/www.carbonfiberinsoles.shop\/wp-content\/uploads\/2024\/09\/Gold-Performance-Insoles\u2013Customized-Carbon-Fiber-Inserts-Non-Cleated-Shoes\u2013Basketball-Volleyball-Racquet-Sports-Ru1.png 1721w\" sizes=\"(max-width: 1024px) 100vw, 1024px\" \/><\/p>\n<p>&nbsp;<\/p>\n<p data-start=\"373\" data-end=\"750\"><em data-start=\"373\" data-end=\"384\">Panoramica:<\/em> Migliorate il vostro gioco con le nostre solette Gold Performance in fibra di carbonio, meticolosamente progettate per incrementare le prestazioni atletiche in sport non plantari come il basket, la pallavolo, gli sport di racchetta e la corsa. Realizzate in fibra di carbonio aerospaziale, queste solette offrono un eccezionale ritorno di energia, consentendo agli atleti di correre pi\u00f9 velocemente, saltare pi\u00f9 in alto e recuperare pi\u00f9 rapidamente.<\/p>\n<p data-start=\"752\" data-end=\"763\"><em data-start=\"752\" data-end=\"763\">Caratteristiche:<\/em><\/p>\n<ul data-start=\"764\" data-end=\"1357\">\n<li data-start=\"764\" data-end=\"942\"><strong data-start=\"766\" data-end=\"803\">Tecnologia avanzata in fibra di carbonio:<\/strong> Realizzate in fibra di carbonio 100% per uso aerospaziale, queste solette offrono una resistenza e una durata senza pari, pur rimanendo leggere.<\/li>\n<li data-start=\"943\" data-end=\"1086\"><strong data-start=\"945\" data-end=\"964\">Vestibilit\u00e0 personalizzata:<\/strong> Su misura per adattarsi a diversi tipi di scarpe non sgonfie, assicurando un comfort e un sostegno ottimali durante le attivit\u00e0 fisiche intense.<\/li>\n<li data-start=\"1087\" data-end=\"1231\"><strong data-start=\"1089\" data-end=\"1114\">Prestazioni migliorate:<\/strong> Progettato per aiutare gli atleti a correre pi\u00f9 velocemente e a saltare pi\u00f9 in alto, fornendo un ritorno di energia superiore e riducendo l'affaticamento del piede.<\/li>\n<li data-start=\"1232\" data-end=\"1357\"><strong data-start=\"1234\" data-end=\"1256\">Prevenzione degli infortuni:<\/strong> Offre un sostegno e una stabilit\u00e0 eccellenti, contribuendo alla prevenzione delle lesioni sportive pi\u00f9 comuni.<\/li>\n<\/ul>\n<p data-start=\"1359\" data-end=\"1393\"><em data-start=\"1359\" data-end=\"1393\">Il motivo per cui acquistare questo prodotto:<\/em><\/p>\n<ul data-start=\"1394\" data-end=\"1945\">\n<li data-start=\"1394\" data-end=\"1529\"><strong data-start=\"1396\" data-end=\"1427\">Aumenta le prestazioni atletiche:<\/strong> Sperimentate miglioramenti evidenti nella velocit\u00e0 e nell'agilit\u00e0, per ottenere un vantaggio competitivo nel vostro sport.<\/li>\n<li data-start=\"1530\" data-end=\"1676\"><strong data-start=\"1532\" data-end=\"1553\">Comfort superiore:<\/strong> Una calzata personalizzata che si adatta alla forma unica del piede, per un comfort che dura tutto il giorno durante gli allenamenti e le gare.<\/li>\n<li data-start=\"1677\" data-end=\"1819\"><strong data-start=\"1679\" data-end=\"1708\">Durevole e di lunga durata:<\/strong> Realizzate con materiali di alta qualit\u00e0, queste solette sono costruite per resistere a un uso rigoroso e offrono un valore a lungo termine.<\/li>\n<li data-start=\"1820\" data-end=\"1945\"><strong data-start=\"1822\" data-end=\"1848\">Applicazione versatile:<\/strong> Ideali per una vasta gamma di sport non di coppia, sono un'aggiunta versatile alla vostra attrezzatura sportiva.<\/li>\n<\/ul>\n<p data-start=\"1947\" data-end=\"1954\"><em data-start=\"1947\" data-end=\"1954\">Domande frequenti:<\/em><\/p>\n<ol data-start=\"1956\" data-end=\"2648\">\n<li data-start=\"1956\" data-end=\"2107\">\n<p data-start=\"1959\" data-end=\"2002\"><strong data-start=\"1959\" data-end=\"2002\">Queste solette sono adatte alla corsa?<\/strong><\/p>\n<ul data-start=\"2006\" data-end=\"2107\">\n<li data-start=\"2006\" data-end=\"2107\">S\u00ec, sono stati progettati specificamente per migliorare le prestazioni nella corsa e in altri sport non legati alle gambe.<\/li>\n<\/ul>\n<\/li>\n<li data-start=\"2109\" data-end=\"2279\">\n<p data-start=\"2112\" data-end=\"2156\"><strong data-start=\"2112\" data-end=\"2156\">Queste solette possono aiutare a prevenire le lesioni?<\/strong><\/p>\n<ul data-start=\"2160\" data-end=\"2279\">\n<li data-start=\"2160\" data-end=\"2279\">In assoluto, forniscono un eccellente supporto e stabilit\u00e0, che pu\u00f2 aiutare a prevenire le pi\u00f9 comuni lesioni sportive.<\/li>\n<\/ul>\n<\/li>\n<li data-start=\"2281\" data-end=\"2453\">\n<p data-start=\"2284\" data-end=\"2328\"><strong data-start=\"2284\" data-end=\"2328\">Come si puliscono e si mantengono le solette?<\/strong><\/p>\n<ul data-start=\"2332\" data-end=\"2453\">\n<li data-start=\"2332\" data-end=\"2453\">Si consiglia di pulirli con un panno umido e sapone neutro. Evitare di immergerli in acqua o di utilizzare prodotti chimici aggressivi.<\/li>\n<\/ul>\n<\/li>\n<li data-start=\"2455\" data-end=\"2648\">\n<p data-start=\"2458\" data-end=\"2517\"><strong data-start=\"2458\" data-end=\"2517\">Queste solette si adattano a tutti i tipi di scarpe non chiodate?<\/strong><\/p>\n<ul data-start=\"2521\" data-end=\"2648\">\n<li data-start=\"2521\" data-end=\"2648\">Sono progettati per adattarsi alla maggior parte delle scarpe da atletica non chiodate. Tuttavia, \u00e8 consigliabile controllare la tabella delle taglie per ottenere la migliore vestibilit\u00e0.<\/li>\n<\/ul>\n<\/li>\n<\/ol>","protected":false},"excerpt":{"rendered":"<p><strong>Caratteristiche principali:<\/strong><\/p>\n<ul>\n<li><strong>Design personalizzato in fibra di carbonio<\/strong>: Leggero, resistente e adatto a scarpe da atletica non chiodate.<\/li>\n<li><strong>Prestazioni migliorate<\/strong>: Migliorare la velocit\u00e0, saltare pi\u00f9 in alto e recuperare pi\u00f9 velocemente con un supporto superiore per il piede.<\/li>\n<li><strong>Sostegno e stabilit\u00e0 dell'arco plantare<\/strong>: Mantiene i piedi allineati e comodi durante gli sport ad alta intensit\u00e0.<\/li>\n<li><strong>Uso atletico versatile<\/strong>: Ideale per basket, pallavolo, sport di racchetta, corsa e altro ancora.<\/li>\n<li><strong>Efficienza energetica<\/strong>: Favorisce un migliore ritorno di energia a ogni passo, riducendo la fatica e lo sforzo.<\/li>\n<\/ul>\n<p>Massimizzate il vostro potenziale atletico con <strong>Solette in fibra di carbonio Gold Performance<\/strong> e sentire la differenza in ogni movimento!<\/p>","protected":false},"featured_media":501,"comment_status":"open","ping_status":"closed","template":"","meta":{"_kadence_starter_templates_imported_post":false,"_kad_post_transparent":"default","_kad_post_title":"","_kad_post_layout":"default","_kad_post_sidebar_id":"","_kad_post_content_style":"default","_kad_post_vertical_padding":"default","_kad_post_feature":"","_kad_post_feature_position":"","_kad_post_header":false,"_kad_post_footer":false},"product_brand":[],"product_cat":[22,241,237,236,239,238],"product_tag":[51,49,47,48],"class_list":{"0":"post-159","1":"product","2":"type-product","3":"status-publish","4":"has-post-thumbnail","6":"product_cat-carbon-fiber-insoles","7":"product_cat-carbon-fiber-insoles-golf","8":"product_cat-carbon-fiber-medical-insoles","9":"product_cat-carbon-fiber-insoles-running","10":"product_cat-carbon-fiber-insoles-volleyball","11":"product_cat-carbon-fiber-insoles-walking-and-hiking","12":"product_tag-carbon-fiber-foot-insoles","13":"product_tag-carbon-fiber-insole","14":"product_tag-carbon-fiber-insoles","15":"product_tag-insoles","16":"pa_us-ca-size-m7-w9","17":"pa_us-ca-size-m10-5-w12-5-285mm","18":"pa_us-ca-size-m11-5-w13-5-295mm","19":"pa_us-ca-size-m8-5-w10-5-270mm","20":"pa_us-ca-size-m8-w10","21":"pa_us-ca-size-m9-w11","23":"first","24":"instock","25":"shipping-taxable","26":"purchasable","27":"product-type-variable","28":"entry","29":"content-bg","30":"loop-entry"},"aioseo_notices":[],"_links":{"self":[{"href":"https:\/\/www.carbonfiberinsoles.shop\/it\/wp-json\/wp\/v2\/product\/159","targetHints":{"allow":["GET"]}}],"collection":[{"href":"https:\/\/www.carbonfiberinsoles.shop\/it\/wp-json\/wp\/v2\/product"}],"about":[{"href":"https:\/\/www.carbonfiberinsoles.shop\/it\/wp-json\/wp\/v2\/types\/product"}],"replies":[{"embeddable":true,"href":"https:\/\/www.carbonfiberinsoles.shop\/it\/wp-json\/wp\/v2\/comments?post=159"}],"version-history":[{"count":0,"href":"https:\/\/www.carbonfiberinsoles.shop\/it\/wp-json\/wp\/v2\/product\/159\/revisions"}],"wp:featuredmedia":[{"embeddable":true,"href":"https:\/\/www.carbonfiberinsoles.shop\/it\/wp-json\/wp\/v2\/media\/501"}],"wp:attachment":[{"href":"https:\/\/www.carbonfiberinsoles.shop\/it\/wp-json\/wp\/v2\/media?parent=159"}],"wp:term":[{"taxonomy":"product_brand","embeddable":true,"href":"https:\/\/www.carbonfiberinsoles.shop\/it\/wp-json\/wp\/v2\/product_brand?post=159"},{"taxonomy":"product_cat","embeddable":true,"href":"https:\/\/www.carbonfiberinsoles.shop\/it\/wp-json\/wp\/v2\/product_cat?post=159"},{"taxonomy":"product_tag","embeddable":true,"href":"https:\/\/www.carbonfiberinsoles.shop\/it\/wp-json\/wp\/v2\/product_tag?post=159"}],"curies":[{"name":"wp","href":"https:\/\/api.w.org\/{rel}","templated":true}]}}