{"id":15938,"date":"2024-12-21T21:53:21","date_gmt":"2024-12-21T21:53:21","guid":{"rendered":"https:\/\/www.carbonfiberinsoles.shop\/?post_type=product&#038;p=15938"},"modified":"2025-06-07T02:29:50","modified_gmt":"2025-06-07T02:29:50","slug":"carbon-fiber-insoles-meticulously-engineered-to-enhance-athletic-performance-for-basketball-players-and-athletes-across-various-sports","status":"publish","type":"product","link":"https:\/\/www.carbonfiberinsoles.shop\/it\/prodotto\/carbon-fiber-insoles-meticulously-engineered-to-enhance-athletic-performance-for-basketball-players-and-athletes-across-various-sports\/","title":{"rendered":"Solette in fibra di carbonio Solette da basket che fanno saltare pi\u00f9 in alto"},"content":{"rendered":"<p><strong>Perch\u00e9 scegliere le nostre solette:<\/strong><\/p>\n<ol>\n<li><strong>Prestazioni migliorate:<\/strong> La piastra in fibra di carbonio aumenta la propulsione, favorendo gli sprint pi\u00f9 veloci e i salti pi\u00f9 alti.<\/li>\n<li><strong>Comfort superiore:<\/strong> I materiali PU e GEL di alta qualit\u00e0 offrono un'ammortizzazione eccezionale, riducendo lo sforzo del piede.<\/li>\n<li><strong>Prevenzione degli infortuni:<\/strong> Progettato per offrire stabilit\u00e0 e sostegno, riducendo al minimo il rischio di distorsioni e altre lesioni al piede.<\/li>\n<li><strong>Costruzione resistente:<\/strong> Realizzato con materiali di prima qualit\u00e0 per resistere alle attivit\u00e0 sportive pi\u00f9 impegnative.<\/li>\n<\/ol>\n<p><strong>Specifiche:<\/strong><\/p>\n<ul>\n<li><strong>Materiali:<\/strong> Piastra in fibra di carbonio, PU, GEL, BK mesh traspirante<\/li>\n<li><strong>Taglie disponibili:<\/strong> Diverse misure per adattarsi a varie dimensioni di scarpe<\/li>\n<li><strong>Colore:<\/strong> Nero con dettagli in rete<\/li>\n<li><strong>Peso:<\/strong> Circa 220 grammi al paio<\/li>\n<\/ul>\n<p>Migliorate il vostro gioco con il nostro <strong>Solette in fibra di carbonio<\/strong>progettato per fornire il supporto, il comfort e la durata di cui gli atleti hanno bisogno per dare il meglio di s\u00e9.<\/p>\n<p>&nbsp;<\/p>\n<p><img fetchpriority=\"high\" decoding=\"async\" class=\"alignnone wp-image-15945\" src=\"https:\/\/www.carbonfiberinsoles.shop\/wp-content\/uploads\/2024\/12\/Carbon-Fiber-Insoles-meticulously-engineered-to-enhance-athletic-performance-for-basketball-players-and-athletes-across-various-9-400x217.jpg\" alt=\"Solette in fibra di carbonio: studiate per migliorare le prestazioni atletiche dei giocatori di basket e degli atleti di varie discipline (5).\" width=\"800\" height=\"433\" srcset=\"https:\/\/www.carbonfiberinsoles.shop\/wp-content\/uploads\/2024\/12\/Carbon-Fiber-Insoles-meticulously-engineered-to-enhance-athletic-performance-for-basketball-players-and-athletes-across-various-9-400x217.jpg 400w, https:\/\/www.carbonfiberinsoles.shop\/wp-content\/uploads\/2024\/12\/Carbon-Fiber-Insoles-meticulously-engineered-to-enhance-athletic-performance-for-basketball-players-and-athletes-across-various-9-430x233.jpg 430w, https:\/\/www.carbonfiberinsoles.shop\/wp-content\/uploads\/2024\/12\/Carbon-Fiber-Insoles-meticulously-engineered-to-enhance-athletic-performance-for-basketball-players-and-athletes-across-various-9-700x379.jpg 700w, https:\/\/www.carbonfiberinsoles.shop\/wp-content\/uploads\/2024\/12\/Carbon-Fiber-Insoles-meticulously-engineered-to-enhance-athletic-performance-for-basketball-players-and-athletes-across-various-9-768x416.jpg 768w, https:\/\/www.carbonfiberinsoles.shop\/wp-content\/uploads\/2024\/12\/Carbon-Fiber-Insoles-meticulously-engineered-to-enhance-athletic-performance-for-basketball-players-and-athletes-across-various-9.jpg 790w\" sizes=\"(max-width: 800px) 100vw, 800px\" \/><img decoding=\"async\" class=\"alignnone wp-image-15944\" src=\"https:\/\/www.carbonfiberinsoles.shop\/wp-content\/uploads\/2024\/12\/Carbon-Fiber-Insoles-meticulously-engineered-to-enhance-athletic-performance-for-basketball-players-and-athletes-across-various-8-178x300.jpg\" alt=\"Solette in fibra di carbonio: studiate per migliorare le prestazioni atletiche dei giocatori di basket e degli atleti di varie discipline (5).\" width=\"800\" height=\"1351\" srcset=\"https:\/\/www.carbonfiberinsoles.shop\/wp-content\/uploads\/2024\/12\/Carbon-Fiber-Insoles-meticulously-engineered-to-enhance-athletic-performance-for-basketball-players-and-athletes-across-various-8-178x300.jpg 178w, https:\/\/www.carbonfiberinsoles.shop\/wp-content\/uploads\/2024\/12\/Carbon-Fiber-Insoles-meticulously-engineered-to-enhance-athletic-performance-for-basketball-players-and-athletes-across-various-8-430x726.jpg 430w, https:\/\/www.carbonfiberinsoles.shop\/wp-content\/uploads\/2024\/12\/Carbon-Fiber-Insoles-meticulously-engineered-to-enhance-athletic-performance-for-basketball-players-and-athletes-across-various-8-700x1182.jpg 700w, https:\/\/www.carbonfiberinsoles.shop\/wp-content\/uploads\/2024\/12\/Carbon-Fiber-Insoles-meticulously-engineered-to-enhance-athletic-performance-for-basketball-players-and-athletes-across-various-8-474x800.jpg 474w, https:\/\/www.carbonfiberinsoles.shop\/wp-content\/uploads\/2024\/12\/Carbon-Fiber-Insoles-meticulously-engineered-to-enhance-athletic-performance-for-basketball-players-and-athletes-across-various-8-768x1297.jpg 768w, https:\/\/www.carbonfiberinsoles.shop\/wp-content\/uploads\/2024\/12\/Carbon-Fiber-Insoles-meticulously-engineered-to-enhance-athletic-performance-for-basketball-players-and-athletes-across-various-8-909x1536.jpg 909w, https:\/\/www.carbonfiberinsoles.shop\/wp-content\/uploads\/2024\/12\/Carbon-Fiber-Insoles-meticulously-engineered-to-enhance-athletic-performance-for-basketball-players-and-athletes-across-various-8-1213x2048.jpg 1213w, https:\/\/www.carbonfiberinsoles.shop\/wp-content\/uploads\/2024\/12\/Carbon-Fiber-Insoles-meticulously-engineered-to-enhance-athletic-performance-for-basketball-players-and-athletes-across-various-8.jpg 1498w\" sizes=\"(max-width: 800px) 100vw, 800px\" \/><img decoding=\"async\" class=\"alignnone wp-image-15946\" src=\"https:\/\/www.carbonfiberinsoles.shop\/wp-content\/uploads\/2024\/12\/Carbon-Fiber-Insoles-meticulously-engineered-to-enhance-athletic-performance-for-basketball-players-and-athletes-across-various-10-178x300.jpg\" alt=\"Solette in fibra di carbonio: studiate per migliorare le prestazioni atletiche dei giocatori di basket e degli atleti di varie discipline (5).\" width=\"800\" height=\"1351\" srcset=\"https:\/\/www.carbonfiberinsoles.shop\/wp-content\/uploads\/2024\/12\/Carbon-Fiber-Insoles-meticulously-engineered-to-enhance-athletic-performance-for-basketball-players-and-athletes-across-various-10-178x300.jpg 178w, https:\/\/www.carbonfiberinsoles.shop\/wp-content\/uploads\/2024\/12\/Carbon-Fiber-Insoles-meticulously-engineered-to-enhance-athletic-performance-for-basketball-players-and-athletes-across-various-10-430x726.jpg 430w, https:\/\/www.carbonfiberinsoles.shop\/wp-content\/uploads\/2024\/12\/Carbon-Fiber-Insoles-meticulously-engineered-to-enhance-athletic-performance-for-basketball-players-and-athletes-across-various-10-700x1182.jpg 700w, https:\/\/www.carbonfiberinsoles.shop\/wp-content\/uploads\/2024\/12\/Carbon-Fiber-Insoles-meticulously-engineered-to-enhance-athletic-performance-for-basketball-players-and-athletes-across-various-10-474x800.jpg 474w, https:\/\/www.carbonfiberinsoles.shop\/wp-content\/uploads\/2024\/12\/Carbon-Fiber-Insoles-meticulously-engineered-to-enhance-athletic-performance-for-basketball-players-and-athletes-across-various-10-768x1297.jpg 768w, https:\/\/www.carbonfiberinsoles.shop\/wp-content\/uploads\/2024\/12\/Carbon-Fiber-Insoles-meticulously-engineered-to-enhance-athletic-performance-for-basketball-players-and-athletes-across-various-10-909x1536.jpg 909w, https:\/\/www.carbonfiberinsoles.shop\/wp-content\/uploads\/2024\/12\/Carbon-Fiber-Insoles-meticulously-engineered-to-enhance-athletic-performance-for-basketball-players-and-athletes-across-various-10-1213x2048.jpg 1213w, https:\/\/www.carbonfiberinsoles.shop\/wp-content\/uploads\/2024\/12\/Carbon-Fiber-Insoles-meticulously-engineered-to-enhance-athletic-performance-for-basketball-players-and-athletes-across-various-10.jpg 1498w\" sizes=\"(max-width: 800px) 100vw, 800px\" \/> <img loading=\"lazy\" decoding=\"async\" class=\"alignnone wp-image-15947\" src=\"https:\/\/www.carbonfiberinsoles.shop\/wp-content\/uploads\/2024\/12\/Carbon-Fiber-Insoles-meticulously-engineered-to-enhance-athletic-performance-for-basketball-players-and-athletes-across-various-11-400x256.jpg\" alt=\"Solette in fibra di carbonio: studiate per migliorare le prestazioni atletiche dei giocatori di basket e degli atleti di varie discipline (5).\" width=\"800\" height=\"511\" srcset=\"https:\/\/www.carbonfiberinsoles.shop\/wp-content\/uploads\/2024\/12\/Carbon-Fiber-Insoles-meticulously-engineered-to-enhance-athletic-performance-for-basketball-players-and-athletes-across-various-11-400x256.jpg 400w, https:\/\/www.carbonfiberinsoles.shop\/wp-content\/uploads\/2024\/12\/Carbon-Fiber-Insoles-meticulously-engineered-to-enhance-athletic-performance-for-basketball-players-and-athletes-across-various-11-430x275.jpg 430w, https:\/\/www.carbonfiberinsoles.shop\/wp-content\/uploads\/2024\/12\/Carbon-Fiber-Insoles-meticulously-engineered-to-enhance-athletic-performance-for-basketball-players-and-athletes-across-various-11-700x447.jpg 700w, https:\/\/www.carbonfiberinsoles.shop\/wp-content\/uploads\/2024\/12\/Carbon-Fiber-Insoles-meticulously-engineered-to-enhance-athletic-performance-for-basketball-players-and-athletes-across-various-11-768x491.jpg 768w, https:\/\/www.carbonfiberinsoles.shop\/wp-content\/uploads\/2024\/12\/Carbon-Fiber-Insoles-meticulously-engineered-to-enhance-athletic-performance-for-basketball-players-and-athletes-across-various-11.jpg 790w\" sizes=\"(max-width: 800px) 100vw, 800px\" \/> <img loading=\"lazy\" decoding=\"async\" class=\"alignnone wp-image-15948\" src=\"https:\/\/www.carbonfiberinsoles.shop\/wp-content\/uploads\/2024\/12\/Carbon-Fiber-Insoles-meticulously-engineered-to-enhance-athletic-performance-for-basketball-players-and-athletes-across-various-12-194x300.jpg\" alt=\"Solette in fibra di carbonio: studiate per migliorare le prestazioni atletiche dei giocatori di basket e degli atleti di varie discipline (5).\" width=\"800\" height=\"1238\" srcset=\"https:\/\/www.carbonfiberinsoles.shop\/wp-content\/uploads\/2024\/12\/Carbon-Fiber-Insoles-meticulously-engineered-to-enhance-athletic-performance-for-basketball-players-and-athletes-across-various-12-194x300.jpg 194w, https:\/\/www.carbonfiberinsoles.shop\/wp-content\/uploads\/2024\/12\/Carbon-Fiber-Insoles-meticulously-engineered-to-enhance-athletic-performance-for-basketball-players-and-athletes-across-various-12-430x666.jpg 430w, https:\/\/www.carbonfiberinsoles.shop\/wp-content\/uploads\/2024\/12\/Carbon-Fiber-Insoles-meticulously-engineered-to-enhance-athletic-performance-for-basketball-players-and-athletes-across-various-12-700x1084.jpg 700w, https:\/\/www.carbonfiberinsoles.shop\/wp-content\/uploads\/2024\/12\/Carbon-Fiber-Insoles-meticulously-engineered-to-enhance-athletic-performance-for-basketball-players-and-athletes-across-various-12-517x800.jpg 517w, https:\/\/www.carbonfiberinsoles.shop\/wp-content\/uploads\/2024\/12\/Carbon-Fiber-Insoles-meticulously-engineered-to-enhance-athletic-performance-for-basketball-players-and-athletes-across-various-12-768x1189.jpg 768w, https:\/\/www.carbonfiberinsoles.shop\/wp-content\/uploads\/2024\/12\/Carbon-Fiber-Insoles-meticulously-engineered-to-enhance-athletic-performance-for-basketball-players-and-athletes-across-various-12-992x1536.jpg 992w, https:\/\/www.carbonfiberinsoles.shop\/wp-content\/uploads\/2024\/12\/Carbon-Fiber-Insoles-meticulously-engineered-to-enhance-athletic-performance-for-basketball-players-and-athletes-across-various-12-1323x2048.jpg 1323w, https:\/\/www.carbonfiberinsoles.shop\/wp-content\/uploads\/2024\/12\/Carbon-Fiber-Insoles-meticulously-engineered-to-enhance-athletic-performance-for-basketball-players-and-athletes-across-various-12.jpg 1498w\" sizes=\"(max-width: 800px) 100vw, 800px\" \/> <img loading=\"lazy\" decoding=\"async\" class=\"alignnone wp-image-15949\" src=\"https:\/\/www.carbonfiberinsoles.shop\/wp-content\/uploads\/2024\/12\/Carbon-Fiber-Insoles-meticulously-engineered-to-enhance-athletic-performance-for-basketball-players-and-athletes-across-various-13-177x300.jpg\" alt=\"Solette in fibra di carbonio: studiate per migliorare le prestazioni atletiche dei giocatori di basket e degli atleti di varie discipline (5).\" width=\"800\" height=\"1359\" srcset=\"https:\/\/www.carbonfiberinsoles.shop\/wp-content\/uploads\/2024\/12\/Carbon-Fiber-Insoles-meticulously-engineered-to-enhance-athletic-performance-for-basketball-players-and-athletes-across-various-13-177x300.jpg 177w, https:\/\/www.carbonfiberinsoles.shop\/wp-content\/uploads\/2024\/12\/Carbon-Fiber-Insoles-meticulously-engineered-to-enhance-athletic-performance-for-basketball-players-and-athletes-across-various-13-430x730.jpg 430w, https:\/\/www.carbonfiberinsoles.shop\/wp-content\/uploads\/2024\/12\/Carbon-Fiber-Insoles-meticulously-engineered-to-enhance-athletic-performance-for-basketball-players-and-athletes-across-various-13-700x1189.jpg 700w, https:\/\/www.carbonfiberinsoles.shop\/wp-content\/uploads\/2024\/12\/Carbon-Fiber-Insoles-meticulously-engineered-to-enhance-athletic-performance-for-basketball-players-and-athletes-across-various-13-471x800.jpg 471w, https:\/\/www.carbonfiberinsoles.shop\/wp-content\/uploads\/2024\/12\/Carbon-Fiber-Insoles-meticulously-engineered-to-enhance-athletic-performance-for-basketball-players-and-athletes-across-various-13-768x1304.jpg 768w, https:\/\/www.carbonfiberinsoles.shop\/wp-content\/uploads\/2024\/12\/Carbon-Fiber-Insoles-meticulously-engineered-to-enhance-athletic-performance-for-basketball-players-and-athletes-across-various-13-904x1536.jpg 904w, https:\/\/www.carbonfiberinsoles.shop\/wp-content\/uploads\/2024\/12\/Carbon-Fiber-Insoles-meticulously-engineered-to-enhance-athletic-performance-for-basketball-players-and-athletes-across-various-13-1206x2048.jpg 1206w, https:\/\/www.carbonfiberinsoles.shop\/wp-content\/uploads\/2024\/12\/Carbon-Fiber-Insoles-meticulously-engineered-to-enhance-athletic-performance-for-basketball-players-and-athletes-across-various-13.jpg 1498w\" sizes=\"(max-width: 800px) 100vw, 800px\" \/> <img loading=\"lazy\" decoding=\"async\" class=\"alignnone wp-image-15950\" src=\"https:\/\/www.carbonfiberinsoles.shop\/wp-content\/uploads\/2024\/12\/Carbon-Fiber-Insoles-meticulously-engineered-to-enhance-athletic-performance-for-basketball-players-and-athletes-across-various-14-178x300.jpg\" alt=\"Solette in fibra di carbonio: studiate per migliorare le prestazioni atletiche dei giocatori di basket e degli atleti di varie discipline (5).\" width=\"800\" height=\"1347\" \/> <img loading=\"lazy\" decoding=\"async\" class=\"alignnone wp-image-15952\" src=\"https:\/\/www.carbonfiberinsoles.shop\/wp-content\/uploads\/2024\/12\/Carbon-Fiber-Insoles-meticulously-engineered-to-enhance-athletic-performance-for-basketball-players-and-athletes-across-various-1-179x300.jpg\" alt=\"Solette in fibra di carbonio: studiate per migliorare le prestazioni atletiche dei giocatori di basket e degli atleti di varie discipline (5).\" width=\"800\" height=\"1343\" srcset=\"https:\/\/www.carbonfiberinsoles.shop\/wp-content\/uploads\/2024\/12\/Carbon-Fiber-Insoles-meticulously-engineered-to-enhance-athletic-performance-for-basketball-players-and-athletes-across-various-1-179x300.jpg 179w, https:\/\/www.carbonfiberinsoles.shop\/wp-content\/uploads\/2024\/12\/Carbon-Fiber-Insoles-meticulously-engineered-to-enhance-athletic-performance-for-basketball-players-and-athletes-across-various-1-430x722.jpg 430w, https:\/\/www.carbonfiberinsoles.shop\/wp-content\/uploads\/2024\/12\/Carbon-Fiber-Insoles-meticulously-engineered-to-enhance-athletic-performance-for-basketball-players-and-athletes-across-various-1-700x1175.jpg 700w, https:\/\/www.carbonfiberinsoles.shop\/wp-content\/uploads\/2024\/12\/Carbon-Fiber-Insoles-meticulously-engineered-to-enhance-athletic-performance-for-basketball-players-and-athletes-across-various-1-477x800.jpg 477w, https:\/\/www.carbonfiberinsoles.shop\/wp-content\/uploads\/2024\/12\/Carbon-Fiber-Insoles-meticulously-engineered-to-enhance-athletic-performance-for-basketball-players-and-athletes-across-various-1-768x1289.jpg 768w, https:\/\/www.carbonfiberinsoles.shop\/wp-content\/uploads\/2024\/12\/Carbon-Fiber-Insoles-meticulously-engineered-to-enhance-athletic-performance-for-basketball-players-and-athletes-across-various-1-915x1536.jpg 915w, https:\/\/www.carbonfiberinsoles.shop\/wp-content\/uploads\/2024\/12\/Carbon-Fiber-Insoles-meticulously-engineered-to-enhance-athletic-performance-for-basketball-players-and-athletes-across-various-1-1220x2048.jpg 1220w, https:\/\/www.carbonfiberinsoles.shop\/wp-content\/uploads\/2024\/12\/Carbon-Fiber-Insoles-meticulously-engineered-to-enhance-athletic-performance-for-basketball-players-and-athletes-across-various-1.jpg 1498w\" sizes=\"(max-width: 800px) 100vw, 800px\" \/><\/p>\n<p>&nbsp;<\/p>\n<p data-start=\"452\" data-end=\"688\">Migliorate il vostro gioco con le nostre solette in fibra di carbonio, progettate per migliorare le prestazioni atletiche in diverse discipline sportive. Queste solette offrono un sostegno e una stabilit\u00e0 eccezionali, aiutandovi a dare il meglio di voi in ogni attivit\u00e0.<\/p>\n<p data-start=\"690\" data-end=\"703\"><strong data-start=\"690\" data-end=\"703\">Caratteristiche:<\/strong><\/p>\n<ul data-start=\"705\" data-end=\"1065\">\n<li data-start=\"705\" data-end=\"800\"><strong data-start=\"707\" data-end=\"750\">Costruzione in fibra di carbonio di alta qualit\u00e0:<\/strong>\n<ul data-start=\"753\" data-end=\"800\">\n<li data-start=\"753\" data-end=\"800\">Offre leggerezza, durata e resistenza.<\/li>\n<\/ul>\n<\/li>\n<li data-start=\"801\" data-end=\"884\"><strong data-start=\"803\" data-end=\"829\">Sostegno dell'arco plantare migliorato:<\/strong>\n<ul data-start=\"832\" data-end=\"884\">\n<li data-start=\"832\" data-end=\"884\">Favorisce il corretto allineamento del piede e riduce le tensioni.<\/li>\n<\/ul>\n<\/li>\n<li data-start=\"885\" data-end=\"972\"><strong data-start=\"887\" data-end=\"908\">Assorbimento degli urti:<\/strong>\n<ul data-start=\"911\" data-end=\"972\">\n<li data-start=\"911\" data-end=\"972\">Riduce al minimo l'impatto sulle articolazioni durante i movimenti ad alta intensit\u00e0.<\/li>\n<\/ul>\n<\/li>\n<li data-start=\"973\" data-end=\"1065\"><strong data-start=\"975\" data-end=\"996\">Design versatile:<\/strong>\n<ul data-start=\"999\" data-end=\"1065\">\n<li data-start=\"999\" data-end=\"1065\">Adatto per il basket, la corsa e varie attivit\u00e0 sportive.<\/li>\n<\/ul>\n<\/li>\n<\/ul>\n<p data-start=\"1067\" data-end=\"1090\"><strong data-start=\"1067\" data-end=\"1090\">Perch\u00e9 si dovrebbe acquistare:<\/strong><\/p>\n<p data-start=\"1092\" data-end=\"1339\">Investire in queste solette in fibra di carbonio significa dare priorit\u00e0 alle prestazioni atletiche e alla salute del piede. Il design avanzato non solo migliora l'agilit\u00e0 e la velocit\u00e0, ma aiuta anche a ridurre l'affaticamento, consentendo sessioni di allenamento pi\u00f9 lunghe ed efficaci.<\/p>\n<p data-start=\"1341\" data-end=\"1350\"><strong data-start=\"1341\" data-end=\"1350\">Domande frequenti:<\/strong><\/p>\n<ul data-start=\"1352\" data-end=\"1858\">\n<li data-start=\"1352\" data-end=\"1502\"><strong data-start=\"1354\" data-end=\"1404\">Queste solette sono adatte a tutti i tipi di scarpe?<\/strong>\n<ul data-start=\"1407\" data-end=\"1502\">\n<li data-start=\"1407\" data-end=\"1502\">S\u00ec, sono progettati per adattarsi alla maggior parte delle calzature sportive, comprese quelle da basket e da corsa.<\/li>\n<\/ul>\n<\/li>\n<li data-start=\"1503\" data-end=\"1696\"><strong data-start=\"1505\" data-end=\"1538\">Possono essere utili per il dolore ai piedi?<\/strong>\n<ul data-start=\"1541\" data-end=\"1696\">\n<li data-start=\"1541\" data-end=\"1696\">Le solette offrono un eccellente supporto dell'arco plantare e un assorbimento degli urti, in grado di alleviare i comuni disagi del piede associati ad attivit\u00e0 fisiche intense.<\/li>\n<\/ul>\n<\/li>\n<li data-start=\"1697\" data-end=\"1858\"><strong data-start=\"1699\" data-end=\"1745\">Come posso pulire e mantenere queste solette?<\/strong>\n<ul data-start=\"1748\" data-end=\"1858\">\n<li data-start=\"1748\" data-end=\"1858\">Pulire delicatamente con un panno umido e lasciare asciugare all'aria. Evitare di immergerli in acqua o di utilizzare prodotti chimici aggressivi.<\/li>\n<\/ul>\n<\/li>\n<\/ul>\n<p data-start=\"1860\" data-end=\"1977\">Per ottenere prestazioni e comfort ottimali, si consiglia di sostituire le solette ogni 6-12 mesi, a seconda dell'intensit\u00e0 di utilizzo.<\/p>","protected":false},"excerpt":{"rendered":"<p><strong>Caratteristiche principali:<\/strong><\/p>\n<ul>\n<li><strong>Piastra in fibra di carbonio:<\/strong> Fornisce rigidit\u00e0 e ritorno di energia per i movimenti esplosivi.<\/li>\n<li><strong>PU e GEL ad alto rimbalzo:<\/strong> Offre un'ammortizzazione e un assorbimento degli urti superiori.<\/li>\n<li><strong>Strato in rete traspirante:<\/strong> Assicura un flusso d'aria ottimale per mantenere i piedi freschi e asciutti.<\/li>\n<li><strong>Design a tutta lunghezza:<\/strong> Offre un supporto completo dal tallone alla punta.<\/li>\n<li><strong>Uso versatile:<\/strong> Adatto a vari sport, tra cui basket, corsa, calcio e calcetto.<\/li>\n<li><strong>Supporto anti-sfregamento:<\/strong> Migliora la stabilit\u00e0 per prevenire gli infortuni durante le attivit\u00e0 pi\u00f9 intense.<\/li>\n<\/ul>","protected":false},"featured_media":15941,"comment_status":"open","ping_status":"closed","template":"","meta":{"_kadence_starter_templates_imported_post":false,"_kad_post_transparent":"default","_kad_post_title":"","_kad_post_layout":"default","_kad_post_sidebar_id":"","_kad_post_content_style":"default","_kad_post_vertical_padding":"default","_kad_post_feature":"","_kad_post_feature_position":"","_kad_post_header":false,"_kad_post_footer":false},"product_brand":[],"product_cat":[234,22,236,238],"product_tag":[51,49,47,243,50],"class_list":{"0":"post-15938","1":"product","2":"type-product","3":"status-publish","4":"has-post-thumbnail","6":"product_cat-carbon-fibre-insoles-basketball","7":"product_cat-carbon-fiber-insoles","8":"product_cat-carbon-fiber-insoles-running","9":"product_cat-carbon-fiber-insoles-walking-and-hiking","10":"product_tag-carbon-fiber-foot-insoles","11":"product_tag-carbon-fiber-insole","12":"product_tag-carbon-fiber-insoles","13":"product_tag-carbon-fiber-insoles-for-basketball","14":"product_tag-carbon-fiber-shoe-insoles","16":"first","17":"instock","18":"sale","19":"shipping-taxable","20":"purchasable","21":"product-type-variable","22":"entry","23":"content-bg","24":"loop-entry"},"aioseo_notices":[],"_links":{"self":[{"href":"https:\/\/www.carbonfiberinsoles.shop\/it\/wp-json\/wp\/v2\/product\/15938","targetHints":{"allow":["GET"]}}],"collection":[{"href":"https:\/\/www.carbonfiberinsoles.shop\/it\/wp-json\/wp\/v2\/product"}],"about":[{"href":"https:\/\/www.carbonfiberinsoles.shop\/it\/wp-json\/wp\/v2\/types\/product"}],"replies":[{"embeddable":true,"href":"https:\/\/www.carbonfiberinsoles.shop\/it\/wp-json\/wp\/v2\/comments?post=15938"}],"version-history":[{"count":0,"href":"https:\/\/www.carbonfiberinsoles.shop\/it\/wp-json\/wp\/v2\/product\/15938\/revisions"}],"wp:featuredmedia":[{"embeddable":true,"href":"https:\/\/www.carbonfiberinsoles.shop\/it\/wp-json\/wp\/v2\/media\/15941"}],"wp:attachment":[{"href":"https:\/\/www.carbonfiberinsoles.shop\/it\/wp-json\/wp\/v2\/media?parent=15938"}],"wp:term":[{"taxonomy":"product_brand","embeddable":true,"href":"https:\/\/www.carbonfiberinsoles.shop\/it\/wp-json\/wp\/v2\/product_brand?post=15938"},{"taxonomy":"product_cat","embeddable":true,"href":"https:\/\/www.carbonfiberinsoles.shop\/it\/wp-json\/wp\/v2\/product_cat?post=15938"},{"taxonomy":"product_tag","embeddable":true,"href":"https:\/\/www.carbonfiberinsoles.shop\/it\/wp-json\/wp\/v2\/product_tag?post=15938"}],"curies":[{"name":"wp","href":"https:\/\/api.w.org\/{rel}","templated":true}]}}