{"id":19544,"date":"2025-05-05T07:56:21","date_gmt":"2025-05-05T07:56:21","guid":{"rendered":"https:\/\/www.carbonfiberinsoles.shop\/?post_type=product&#038;p=19544"},"modified":"2026-03-30T08:02:36","modified_gmt":"2026-03-30T08:02:36","slug":"health-carbon-speed-km3-racing-shoes-professional-track-and-field-training-shoes","status":"publish","type":"product","link":"https:\/\/www.carbonfiberinsoles.shop\/it\/prodotto\/health-carbon-speed-km3-racing-shoes-professional-track-and-field-training-shoes\/","title":{"rendered":"HYPER KM3 Carbon Speed Scarpe da corsa - Atletica leggera"},"content":{"rendered":"<h4>1. Panoramica<\/h4>\n<div class=\"auto-hide-last-sibling-br paragraph-qzbcQC paragraph-element br-paragraph-space\">Le scarpe da corsa HEALTH Carbon Speed KM3 sono il risultato di una continua innovazione nel campo delle calzature sportive. Dalla fondazione del marchio nel 1984, specializzato in scarpe per esami sportivi, la KM3 raccoglie l'eredit\u00e0 del suo predecessore, la KM2. \u00c8 stata progettata per soddisfare le esigenze delle corse ad alta velocit\u00e0 e dei rigorosi allenamenti su pista.<\/div>\n<h4 class=\"header-jfw95c auto-hide-last-sibling-br\">2. Specifiche tecniche<\/h4>\n<ul class=\"auto-hide-last-sibling-br\">\n<li><strong>Materiale della tomaia<\/strong>: Speciale tessitura di filati Hi-Knit ad alta resistenza, con materiali a due densit\u00e0 per una calzatura traspirante e resistente.<\/li>\n<li><strong>Intersuola<\/strong>: Intersuola in schiuma supercritica HiFoam con design a doppia densit\u00e0. Lo strato superiore ha una durezza di 40c per un'ammortizzazione morbida e un ritorno di energia, mentre lo strato inferiore, con una durezza di 50c, offre stabilit\u00e0 e sostegno.<\/li>\n<li><strong>Suola<\/strong>: Suola con disegno di pneumatici da corsa e particelle antiscivolo in KPU per un'aderenza superiore.<\/li>\n<li><strong>Piastra in carbonio<\/strong>: Piastra in carbonio rinforzata su tutta la lunghezza con uno spessore fino a 1,2 mm, che offre un'eccezionale resistenza torsionale e forza di avanzamento.<\/li>\n<\/ul>\n<hr \/>\n<p><img fetchpriority=\"high\" decoding=\"async\" class=\"aligncenter wp-image-20100 size-full\" src=\"http:\/\/www.carbonfiberinsoles.shop\/wp-content\/uploads\/2025\/05\/carbon-plate-shoes-6_1_1_1.jpg\" alt=\"\" width=\"776\" height=\"1200\" srcset=\"https:\/\/www.carbonfiberinsoles.shop\/wp-content\/uploads\/2025\/05\/carbon-plate-shoes-6_1_1_1.jpg 776w, https:\/\/www.carbonfiberinsoles.shop\/wp-content\/uploads\/2025\/05\/carbon-plate-shoes-6_1_1_1-430x665.jpg 430w, https:\/\/www.carbonfiberinsoles.shop\/wp-content\/uploads\/2025\/05\/carbon-plate-shoes-6_1_1_1-700x1082.jpg 700w, https:\/\/www.carbonfiberinsoles.shop\/wp-content\/uploads\/2025\/05\/carbon-plate-shoes-6_1_1_1-194x300.jpg 194w, https:\/\/www.carbonfiberinsoles.shop\/wp-content\/uploads\/2025\/05\/carbon-plate-shoes-6_1_1_1-517x800.jpg 517w, https:\/\/www.carbonfiberinsoles.shop\/wp-content\/uploads\/2025\/05\/carbon-plate-shoes-6_1_1_1-768x1188.jpg 768w, https:\/\/www.carbonfiberinsoles.shop\/wp-content\/uploads\/2025\/05\/carbon-plate-shoes-6_1_1_1-8x12.jpg 8w\" sizes=\"(max-width: 776px) 100vw, 776px\" \/> <img decoding=\"async\" class=\"aligncenter wp-image-20103 size-full\" src=\"http:\/\/www.carbonfiberinsoles.shop\/wp-content\/uploads\/2025\/05\/carbon-plate-shoes-9_1_1_1.jpg\" alt=\"\" width=\"996\" height=\"1200\" srcset=\"https:\/\/www.carbonfiberinsoles.shop\/wp-content\/uploads\/2025\/05\/carbon-plate-shoes-9_1_1_1.jpg 996w, https:\/\/www.carbonfiberinsoles.shop\/wp-content\/uploads\/2025\/05\/carbon-plate-shoes-9_1_1_1-430x518.jpg 430w, https:\/\/www.carbonfiberinsoles.shop\/wp-content\/uploads\/2025\/05\/carbon-plate-shoes-9_1_1_1-700x843.jpg 700w, https:\/\/www.carbonfiberinsoles.shop\/wp-content\/uploads\/2025\/05\/carbon-plate-shoes-9_1_1_1-249x300.jpg 249w, https:\/\/www.carbonfiberinsoles.shop\/wp-content\/uploads\/2025\/05\/carbon-plate-shoes-9_1_1_1-664x800.jpg 664w, https:\/\/www.carbonfiberinsoles.shop\/wp-content\/uploads\/2025\/05\/carbon-plate-shoes-9_1_1_1-768x925.jpg 768w, https:\/\/www.carbonfiberinsoles.shop\/wp-content\/uploads\/2025\/05\/carbon-plate-shoes-9_1_1_1-10x12.jpg 10w\" sizes=\"(max-width: 996px) 100vw, 996px\" \/> <img decoding=\"async\" class=\"aligncenter wp-image-20096 size-full\" src=\"http:\/\/www.carbonfiberinsoles.shop\/wp-content\/uploads\/2025\/05\/carbon-plate-shoes-2_1_1_1.jpg\" alt=\"\" width=\"786\" height=\"1200\" srcset=\"https:\/\/www.carbonfiberinsoles.shop\/wp-content\/uploads\/2025\/05\/carbon-plate-shoes-2_1_1_1.jpg 786w, https:\/\/www.carbonfiberinsoles.shop\/wp-content\/uploads\/2025\/05\/carbon-plate-shoes-2_1_1_1-430x656.jpg 430w, https:\/\/www.carbonfiberinsoles.shop\/wp-content\/uploads\/2025\/05\/carbon-plate-shoes-2_1_1_1-700x1069.jpg 700w, https:\/\/www.carbonfiberinsoles.shop\/wp-content\/uploads\/2025\/05\/carbon-plate-shoes-2_1_1_1-197x300.jpg 197w, https:\/\/www.carbonfiberinsoles.shop\/wp-content\/uploads\/2025\/05\/carbon-plate-shoes-2_1_1_1-524x800.jpg 524w, https:\/\/www.carbonfiberinsoles.shop\/wp-content\/uploads\/2025\/05\/carbon-plate-shoes-2_1_1_1-768x1173.jpg 768w, https:\/\/www.carbonfiberinsoles.shop\/wp-content\/uploads\/2025\/05\/carbon-plate-shoes-2_1_1_1-8x12.jpg 8w\" sizes=\"(max-width: 786px) 100vw, 786px\" \/> <img loading=\"lazy\" decoding=\"async\" class=\"aligncenter wp-image-20104 size-full\" src=\"http:\/\/www.carbonfiberinsoles.shop\/wp-content\/uploads\/2025\/05\/carbon-plate-shoes-10_1_1_1.jpg\" alt=\"\" width=\"776\" height=\"1200\" srcset=\"https:\/\/www.carbonfiberinsoles.shop\/wp-content\/uploads\/2025\/05\/carbon-plate-shoes-10_1_1_1.jpg 776w, https:\/\/www.carbonfiberinsoles.shop\/wp-content\/uploads\/2025\/05\/carbon-plate-shoes-10_1_1_1-430x665.jpg 430w, https:\/\/www.carbonfiberinsoles.shop\/wp-content\/uploads\/2025\/05\/carbon-plate-shoes-10_1_1_1-700x1082.jpg 700w, https:\/\/www.carbonfiberinsoles.shop\/wp-content\/uploads\/2025\/05\/carbon-plate-shoes-10_1_1_1-194x300.jpg 194w, https:\/\/www.carbonfiberinsoles.shop\/wp-content\/uploads\/2025\/05\/carbon-plate-shoes-10_1_1_1-517x800.jpg 517w, https:\/\/www.carbonfiberinsoles.shop\/wp-content\/uploads\/2025\/05\/carbon-plate-shoes-10_1_1_1-768x1188.jpg 768w, https:\/\/www.carbonfiberinsoles.shop\/wp-content\/uploads\/2025\/05\/carbon-plate-shoes-10_1_1_1-8x12.jpg 8w\" sizes=\"(max-width: 776px) 100vw, 776px\" \/> <img loading=\"lazy\" decoding=\"async\" class=\"aligncenter wp-image-20102 size-full\" src=\"http:\/\/www.carbonfiberinsoles.shop\/wp-content\/uploads\/2025\/05\/carbon-plate-shoes-8_1_1_1.jpg\" alt=\"\" width=\"790\" height=\"1160\" srcset=\"https:\/\/www.carbonfiberinsoles.shop\/wp-content\/uploads\/2025\/05\/carbon-plate-shoes-8_1_1_1.jpg 790w, https:\/\/www.carbonfiberinsoles.shop\/wp-content\/uploads\/2025\/05\/carbon-plate-shoes-8_1_1_1-430x631.jpg 430w, https:\/\/www.carbonfiberinsoles.shop\/wp-content\/uploads\/2025\/05\/carbon-plate-shoes-8_1_1_1-700x1028.jpg 700w, https:\/\/www.carbonfiberinsoles.shop\/wp-content\/uploads\/2025\/05\/carbon-plate-shoes-8_1_1_1-204x300.jpg 204w, https:\/\/www.carbonfiberinsoles.shop\/wp-content\/uploads\/2025\/05\/carbon-plate-shoes-8_1_1_1-545x800.jpg 545w, https:\/\/www.carbonfiberinsoles.shop\/wp-content\/uploads\/2025\/05\/carbon-plate-shoes-8_1_1_1-768x1128.jpg 768w, https:\/\/www.carbonfiberinsoles.shop\/wp-content\/uploads\/2025\/05\/carbon-plate-shoes-8_1_1_1-8x12.jpg 8w\" sizes=\"(max-width: 790px) 100vw, 790px\" \/> <img loading=\"lazy\" decoding=\"async\" class=\"aligncenter wp-image-20099 size-full\" src=\"http:\/\/www.carbonfiberinsoles.shop\/wp-content\/uploads\/2025\/05\/carbon-plate-shoes-5_1_1_1.jpg\" alt=\"\" width=\"776\" height=\"1200\" srcset=\"https:\/\/www.carbonfiberinsoles.shop\/wp-content\/uploads\/2025\/05\/carbon-plate-shoes-5_1_1_1.jpg 776w, https:\/\/www.carbonfiberinsoles.shop\/wp-content\/uploads\/2025\/05\/carbon-plate-shoes-5_1_1_1-430x665.jpg 430w, https:\/\/www.carbonfiberinsoles.shop\/wp-content\/uploads\/2025\/05\/carbon-plate-shoes-5_1_1_1-700x1082.jpg 700w, https:\/\/www.carbonfiberinsoles.shop\/wp-content\/uploads\/2025\/05\/carbon-plate-shoes-5_1_1_1-194x300.jpg 194w, https:\/\/www.carbonfiberinsoles.shop\/wp-content\/uploads\/2025\/05\/carbon-plate-shoes-5_1_1_1-517x800.jpg 517w, https:\/\/www.carbonfiberinsoles.shop\/wp-content\/uploads\/2025\/05\/carbon-plate-shoes-5_1_1_1-768x1188.jpg 768w, https:\/\/www.carbonfiberinsoles.shop\/wp-content\/uploads\/2025\/05\/carbon-plate-shoes-5_1_1_1-8x12.jpg 8w\" sizes=\"(max-width: 776px) 100vw, 776px\" \/> <img loading=\"lazy\" decoding=\"async\" class=\"aligncenter wp-image-20107 size-full\" src=\"http:\/\/www.carbonfiberinsoles.shop\/wp-content\/uploads\/2025\/05\/carbon-plate-shoes-13_1_1_1.jpg\" alt=\"\" width=\"776\" height=\"1691\" srcset=\"https:\/\/www.carbonfiberinsoles.shop\/wp-content\/uploads\/2025\/05\/carbon-plate-shoes-13_1_1_1.jpg 776w, https:\/\/www.carbonfiberinsoles.shop\/wp-content\/uploads\/2025\/05\/carbon-plate-shoes-13_1_1_1-430x937.jpg 430w, https:\/\/www.carbonfiberinsoles.shop\/wp-content\/uploads\/2025\/05\/carbon-plate-shoes-13_1_1_1-700x1525.jpg 700w, https:\/\/www.carbonfiberinsoles.shop\/wp-content\/uploads\/2025\/05\/carbon-plate-shoes-13_1_1_1-138x300.jpg 138w, https:\/\/www.carbonfiberinsoles.shop\/wp-content\/uploads\/2025\/05\/carbon-plate-shoes-13_1_1_1-367x800.jpg 367w, https:\/\/www.carbonfiberinsoles.shop\/wp-content\/uploads\/2025\/05\/carbon-plate-shoes-13_1_1_1-768x1674.jpg 768w, https:\/\/www.carbonfiberinsoles.shop\/wp-content\/uploads\/2025\/05\/carbon-plate-shoes-13_1_1_1-705x1536.jpg 705w, https:\/\/www.carbonfiberinsoles.shop\/wp-content\/uploads\/2025\/05\/carbon-plate-shoes-13_1_1_1-6x12.jpg 6w\" sizes=\"(max-width: 776px) 100vw, 776px\" \/> <img loading=\"lazy\" decoding=\"async\" class=\"aligncenter wp-image-20101 size-full\" src=\"http:\/\/www.carbonfiberinsoles.shop\/wp-content\/uploads\/2025\/05\/carbon-plate-shoes-7_1_1_1.jpg\" alt=\"\" width=\"776\" height=\"1475\" srcset=\"https:\/\/www.carbonfiberinsoles.shop\/wp-content\/uploads\/2025\/05\/carbon-plate-shoes-7_1_1_1.jpg 776w, https:\/\/www.carbonfiberinsoles.shop\/wp-content\/uploads\/2025\/05\/carbon-plate-shoes-7_1_1_1-430x817.jpg 430w, https:\/\/www.carbonfiberinsoles.shop\/wp-content\/uploads\/2025\/05\/carbon-plate-shoes-7_1_1_1-700x1331.jpg 700w, https:\/\/www.carbonfiberinsoles.shop\/wp-content\/uploads\/2025\/05\/carbon-plate-shoes-7_1_1_1-158x300.jpg 158w, https:\/\/www.carbonfiberinsoles.shop\/wp-content\/uploads\/2025\/05\/carbon-plate-shoes-7_1_1_1-421x800.jpg 421w, https:\/\/www.carbonfiberinsoles.shop\/wp-content\/uploads\/2025\/05\/carbon-plate-shoes-7_1_1_1-768x1460.jpg 768w, https:\/\/www.carbonfiberinsoles.shop\/wp-content\/uploads\/2025\/05\/carbon-plate-shoes-7_1_1_1-6x12.jpg 6w\" sizes=\"(max-width: 776px) 100vw, 776px\" \/> <img loading=\"lazy\" decoding=\"async\" class=\"aligncenter wp-image-20097 size-full\" src=\"http:\/\/www.carbonfiberinsoles.shop\/wp-content\/uploads\/2025\/05\/carbon-plate-shoes-3_1_1_1.jpg\" alt=\"\" width=\"776\" height=\"1200\" srcset=\"https:\/\/www.carbonfiberinsoles.shop\/wp-content\/uploads\/2025\/05\/carbon-plate-shoes-3_1_1_1.jpg 776w, https:\/\/www.carbonfiberinsoles.shop\/wp-content\/uploads\/2025\/05\/carbon-plate-shoes-3_1_1_1-430x665.jpg 430w, https:\/\/www.carbonfiberinsoles.shop\/wp-content\/uploads\/2025\/05\/carbon-plate-shoes-3_1_1_1-700x1082.jpg 700w, https:\/\/www.carbonfiberinsoles.shop\/wp-content\/uploads\/2025\/05\/carbon-plate-shoes-3_1_1_1-194x300.jpg 194w, https:\/\/www.carbonfiberinsoles.shop\/wp-content\/uploads\/2025\/05\/carbon-plate-shoes-3_1_1_1-517x800.jpg 517w, https:\/\/www.carbonfiberinsoles.shop\/wp-content\/uploads\/2025\/05\/carbon-plate-shoes-3_1_1_1-768x1188.jpg 768w, https:\/\/www.carbonfiberinsoles.shop\/wp-content\/uploads\/2025\/05\/carbon-plate-shoes-3_1_1_1-8x12.jpg 8w\" sizes=\"(max-width: 776px) 100vw, 776px\" \/> <img loading=\"lazy\" decoding=\"async\" class=\"aligncenter wp-image-20106 size-full\" src=\"http:\/\/www.carbonfiberinsoles.shop\/wp-content\/uploads\/2025\/05\/carbon-plate-shoes-12_1_1_1.jpg\" alt=\"\" width=\"776\" height=\"1200\" srcset=\"https:\/\/www.carbonfiberinsoles.shop\/wp-content\/uploads\/2025\/05\/carbon-plate-shoes-12_1_1_1.jpg 776w, https:\/\/www.carbonfiberinsoles.shop\/wp-content\/uploads\/2025\/05\/carbon-plate-shoes-12_1_1_1-430x665.jpg 430w, https:\/\/www.carbonfiberinsoles.shop\/wp-content\/uploads\/2025\/05\/carbon-plate-shoes-12_1_1_1-700x1082.jpg 700w, https:\/\/www.carbonfiberinsoles.shop\/wp-content\/uploads\/2025\/05\/carbon-plate-shoes-12_1_1_1-194x300.jpg 194w, https:\/\/www.carbonfiberinsoles.shop\/wp-content\/uploads\/2025\/05\/carbon-plate-shoes-12_1_1_1-517x800.jpg 517w, https:\/\/www.carbonfiberinsoles.shop\/wp-content\/uploads\/2025\/05\/carbon-plate-shoes-12_1_1_1-768x1188.jpg 768w, https:\/\/www.carbonfiberinsoles.shop\/wp-content\/uploads\/2025\/05\/carbon-plate-shoes-12_1_1_1-8x12.jpg 8w\" sizes=\"(max-width: 776px) 100vw, 776px\" \/> <img loading=\"lazy\" decoding=\"async\" class=\"aligncenter wp-image-20098 size-full\" src=\"http:\/\/www.carbonfiberinsoles.shop\/wp-content\/uploads\/2025\/05\/carbon-plate-shoes-4_1_1_1.jpg\" alt=\"\" width=\"880\" height=\"2257\" srcset=\"https:\/\/www.carbonfiberinsoles.shop\/wp-content\/uploads\/2025\/05\/carbon-plate-shoes-4_1_1_1.jpg 880w, https:\/\/www.carbonfiberinsoles.shop\/wp-content\/uploads\/2025\/05\/carbon-plate-shoes-4_1_1_1-430x1103.jpg 430w, https:\/\/www.carbonfiberinsoles.shop\/wp-content\/uploads\/2025\/05\/carbon-plate-shoes-4_1_1_1-700x1795.jpg 700w, https:\/\/www.carbonfiberinsoles.shop\/wp-content\/uploads\/2025\/05\/carbon-plate-shoes-4_1_1_1-117x300.jpg 117w, https:\/\/www.carbonfiberinsoles.shop\/wp-content\/uploads\/2025\/05\/carbon-plate-shoes-4_1_1_1-312x800.jpg 312w, https:\/\/www.carbonfiberinsoles.shop\/wp-content\/uploads\/2025\/05\/carbon-plate-shoes-4_1_1_1-768x1970.jpg 768w, https:\/\/www.carbonfiberinsoles.shop\/wp-content\/uploads\/2025\/05\/carbon-plate-shoes-4_1_1_1-599x1536.jpg 599w, https:\/\/www.carbonfiberinsoles.shop\/wp-content\/uploads\/2025\/05\/carbon-plate-shoes-4_1_1_1-799x2048.jpg 799w, https:\/\/www.carbonfiberinsoles.shop\/wp-content\/uploads\/2025\/05\/carbon-plate-shoes-4_1_1_1-5x12.jpg 5w\" sizes=\"(max-width: 880px) 100vw, 880px\" \/> <img loading=\"lazy\" decoding=\"async\" class=\"aligncenter wp-image-20095 size-full\" src=\"http:\/\/www.carbonfiberinsoles.shop\/wp-content\/uploads\/2025\/05\/carbon-plate-shoes-1_1_1_1.jpg\" alt=\"\" width=\"776\" height=\"2291\" srcset=\"https:\/\/www.carbonfiberinsoles.shop\/wp-content\/uploads\/2025\/05\/carbon-plate-shoes-1_1_1_1.jpg 776w, https:\/\/www.carbonfiberinsoles.shop\/wp-content\/uploads\/2025\/05\/carbon-plate-shoes-1_1_1_1-430x1269.jpg 430w, https:\/\/www.carbonfiberinsoles.shop\/wp-content\/uploads\/2025\/05\/carbon-plate-shoes-1_1_1_1-700x2067.jpg 700w, https:\/\/www.carbonfiberinsoles.shop\/wp-content\/uploads\/2025\/05\/carbon-plate-shoes-1_1_1_1-102x300.jpg 102w, https:\/\/www.carbonfiberinsoles.shop\/wp-content\/uploads\/2025\/05\/carbon-plate-shoes-1_1_1_1-271x800.jpg 271w, https:\/\/www.carbonfiberinsoles.shop\/wp-content\/uploads\/2025\/05\/carbon-plate-shoes-1_1_1_1-768x2267.jpg 768w, https:\/\/www.carbonfiberinsoles.shop\/wp-content\/uploads\/2025\/05\/carbon-plate-shoes-1_1_1_1-520x1536.jpg 520w, https:\/\/www.carbonfiberinsoles.shop\/wp-content\/uploads\/2025\/05\/carbon-plate-shoes-1_1_1_1-694x2048.jpg 694w, https:\/\/www.carbonfiberinsoles.shop\/wp-content\/uploads\/2025\/05\/carbon-plate-shoes-1_1_1_1-4x12.jpg 4w\" sizes=\"(max-width: 776px) 100vw, 776px\" \/> <img loading=\"lazy\" decoding=\"async\" class=\"aligncenter wp-image-20108 size-full\" src=\"http:\/\/www.carbonfiberinsoles.shop\/wp-content\/uploads\/2025\/05\/carbon-plate-shoes-14_1_1_1.jpg\" alt=\"\" width=\"776\" height=\"1200\" srcset=\"https:\/\/www.carbonfiberinsoles.shop\/wp-content\/uploads\/2025\/05\/carbon-plate-shoes-14_1_1_1.jpg 776w, https:\/\/www.carbonfiberinsoles.shop\/wp-content\/uploads\/2025\/05\/carbon-plate-shoes-14_1_1_1-430x665.jpg 430w, https:\/\/www.carbonfiberinsoles.shop\/wp-content\/uploads\/2025\/05\/carbon-plate-shoes-14_1_1_1-700x1082.jpg 700w, https:\/\/www.carbonfiberinsoles.shop\/wp-content\/uploads\/2025\/05\/carbon-plate-shoes-14_1_1_1-194x300.jpg 194w, https:\/\/www.carbonfiberinsoles.shop\/wp-content\/uploads\/2025\/05\/carbon-plate-shoes-14_1_1_1-517x800.jpg 517w, https:\/\/www.carbonfiberinsoles.shop\/wp-content\/uploads\/2025\/05\/carbon-plate-shoes-14_1_1_1-768x1188.jpg 768w, https:\/\/www.carbonfiberinsoles.shop\/wp-content\/uploads\/2025\/05\/carbon-plate-shoes-14_1_1_1-8x12.jpg 8w\" sizes=\"(max-width: 776px) 100vw, 776px\" \/> <img loading=\"lazy\" decoding=\"async\" class=\"aligncenter wp-image-20105 size-full\" src=\"http:\/\/www.carbonfiberinsoles.shop\/wp-content\/uploads\/2025\/05\/carbon-plate-shoes-11_1_1_1.jpg\" alt=\"\" width=\"776\" height=\"764\" srcset=\"https:\/\/www.carbonfiberinsoles.shop\/wp-content\/uploads\/2025\/05\/carbon-plate-shoes-11_1_1_1.jpg 776w, https:\/\/www.carbonfiberinsoles.shop\/wp-content\/uploads\/2025\/05\/carbon-plate-shoes-11_1_1_1-430x423.jpg 430w, https:\/\/www.carbonfiberinsoles.shop\/wp-content\/uploads\/2025\/05\/carbon-plate-shoes-11_1_1_1-150x148.jpg 150w, https:\/\/www.carbonfiberinsoles.shop\/wp-content\/uploads\/2025\/05\/carbon-plate-shoes-11_1_1_1-700x689.jpg 700w, https:\/\/www.carbonfiberinsoles.shop\/wp-content\/uploads\/2025\/05\/carbon-plate-shoes-11_1_1_1-305x300.jpg 305w, https:\/\/www.carbonfiberinsoles.shop\/wp-content\/uploads\/2025\/05\/carbon-plate-shoes-11_1_1_1-768x756.jpg 768w, https:\/\/www.carbonfiberinsoles.shop\/wp-content\/uploads\/2025\/05\/carbon-plate-shoes-11_1_1_1-12x12.jpg 12w\" sizes=\"(max-width: 776px) 100vw, 776px\" \/><\/p>\n<p><img loading=\"lazy\" decoding=\"async\" class=\"wp-image-19589 size-full aligncenter\" src=\"http:\/\/www.carbonfiberinsoles.shop\/wp-content\/uploads\/2025\/05\/shoes-size-guide.png\" alt=\"guida alle taglie delle scarpe\" width=\"754\" height=\"529\" srcset=\"https:\/\/www.carbonfiberinsoles.shop\/wp-content\/uploads\/2025\/05\/shoes-size-guide.png 754w, https:\/\/www.carbonfiberinsoles.shop\/wp-content\/uploads\/2025\/05\/shoes-size-guide-430x302.png 430w, https:\/\/www.carbonfiberinsoles.shop\/wp-content\/uploads\/2025\/05\/shoes-size-guide-700x491.png 700w, https:\/\/www.carbonfiberinsoles.shop\/wp-content\/uploads\/2025\/05\/shoes-size-guide-400x281.png 400w, https:\/\/www.carbonfiberinsoles.shop\/wp-content\/uploads\/2025\/05\/shoes-size-guide-18x12.png 18w\" sizes=\"(max-width: 754px) 100vw, 754px\" \/><\/p>\n<p>&nbsp;<\/p>\n<hr \/>\n<h4 class=\"header-jfw95c auto-hide-last-sibling-br\">3. Caratteristiche<\/h4>\n<ul class=\"auto-hide-last-sibling-br\">\n<li><strong>Rimbalzo e propulsione<\/strong>: Rispetto alla KM2, le prestazioni di rimbalzo sono migliorate di 20,0% e quelle di propulsione di 58%. La piastra in carbonio a tutta lunghezza e l'intersuola in schiuma supercritica lavorano in tandem per offrire un eccellente ritorno di energia.<\/li>\n<li><strong>Leggero e traspirante<\/strong>: La tomaia Hi - Knit garantisce la traspirabilit\u00e0 e il design complessivo della scarpa riduce il peso, facilitando i movimenti rapidi.<\/li>\n<li><strong>Stabilit\u00e0 e presa<\/strong>: L'intersuola a doppia densit\u00e0 garantisce stabilit\u00e0, mentre la suola con motivo a pneumatici da corsa e particelle in KPU offre una forte trazione, anche sulle superfici bagnate.<\/li>\n<li><strong>Propulsione a rotolamento<\/strong>: Il punto di ribaltamento dell'avampiede \u00e8 fissato a 65% dell'intersuola, per migliorare l'inerzia in avanti e la propulsione nella corsa.<\/li>\n<\/ul>\n<h4 class=\"header-jfw95c auto-hide-last-sibling-br\">4. Motivi di acquisto<\/h4>\n<ul class=\"auto-hide-last-sibling-br\">\n<li><strong>Progettazione orientata alle prestazioni<\/strong>: Che siate atleti professionisti che si allenano per le gare di atletica o studenti che si preparano per gli esami sportivi, queste scarpe sono progettate per migliorare la vostra velocit\u00e0 e le vostre prestazioni.<\/li>\n<li><strong>Garanzia di qualit\u00e0<\/strong>: Con una storia del marchio che risale al 1984, HEALTH ha una comprovata esperienza nella produzione di scarpe sportive affidabili.<\/li>\n<li><strong>Tecnologia avanzata<\/strong>: La combinazione tra la tecnologia delle piastre in carbonio, l'intersuola con schiuma supercritica e la tomaia in filato ad alta resistenza rappresenta l'ultima innovazione nel campo delle calzature sportive.<\/li>\n<\/ul>\n<h4 class=\"header-jfw95c auto-hide-last-sibling-br\">5. Domande frequenti<\/h4>\n<ul class=\"auto-hide-last-sibling-br\">\n<li><strong>D: Queste scarpe sono adatte alla corsa su lunghe distanze?<\/strong>\n<ul class=\"auto-hide-last-sibling-br\">\n<li><strong>A:<\/strong>\u00a0Assolutamente s\u00ec. L'intersuola in schiuma supercritica offre un'eccellente ammortizzazione e ritorno di energia, rendendole ideali per la corsa su lunghe distanze.<\/li>\n<\/ul>\n<\/li>\n<li><strong>D: Quali sono le dimensioni disponibili?<\/strong>\n<ul class=\"auto-hide-last-sibling-br\">\n<li><strong>A:<\/strong>\u00a0Le taglie vanno dal 38 al 46, per soddisfare un'ampia gamma di misure di piedi.<\/li>\n<\/ul>\n<\/li>\n<li><strong>D: Quanto sono resistenti queste scarpe?<\/strong>\n<ul class=\"auto-hide-last-sibling-br\">\n<li><strong>A:<\/strong>\u00a0La tomaia Hi-Knit ad alta resistenza e la suola resistente all'usura con particelle KPU garantiscono la durata di queste scarpe durante gli allenamenti pi\u00f9 intensi e le gare.<\/li>\n<\/ul>\n<\/li>\n<\/ul>\n<hr class=\"\" data-start=\"3358\" data-end=\"3361\" \/>\n<p class=\"\" data-start=\"3382\" data-end=\"3647\">","protected":false},"excerpt":{"rendered":"<p>Le scarpe da corsa HEALTH Carbon Speed KM3 sono calzature atletiche di alto livello progettate per l'allenamento e le gare di atletica leggera. Dotate di un'avanzata tecnologia delle piastre in carbonio, offrono una propulsione e una stabilit\u00e0 senza pari.<\/p>","protected":false},"featured_media":19548,"comment_status":"open","ping_status":"closed","template":"","meta":{"_kadence_starter_templates_imported_post":false,"_kad_post_transparent":"","_kad_post_title":"","_kad_post_layout":"","_kad_post_sidebar_id":"","_kad_post_content_style":"","_kad_post_vertical_padding":"","_kad_post_feature":"","_kad_post_feature_position":"","_kad_post_header":false,"_kad_post_footer":false},"product_brand":[486],"product_cat":[253,252,485],"product_tag":[373,254,257,349,333,372,344,326],"class_list":{"0":"post-19544","1":"product","2":"type-product","3":"status-publish","4":"has-post-thumbnail","6":"product_brand-health","7":"product_cat-carbon-plate-running-shoes","8":"product_cat-carbon-shoes","9":"product_cat-health-shoes","10":"product_tag-anti-slip-shoes","11":"product_tag-carbon-plate-running-shoes","12":"product_tag-carbon-plated-shoes","13":"product_tag-racing-shoes","14":"product_tag-shock-absorbing-shoes","15":"product_tag-sports-shoes","16":"product_tag-track-and-field-shoes","17":"product_tag-training-shoes","19":"first","20":"instock","21":"shipping-taxable","22":"purchasable","23":"product-type-variable","24":"entry","25":"content-bg","26":"loop-entry"},"aioseo_notices":[],"_links":{"self":[{"href":"https:\/\/www.carbonfiberinsoles.shop\/it\/wp-json\/wp\/v2\/product\/19544","targetHints":{"allow":["GET"]}}],"collection":[{"href":"https:\/\/www.carbonfiberinsoles.shop\/it\/wp-json\/wp\/v2\/product"}],"about":[{"href":"https:\/\/www.carbonfiberinsoles.shop\/it\/wp-json\/wp\/v2\/types\/product"}],"replies":[{"embeddable":true,"href":"https:\/\/www.carbonfiberinsoles.shop\/it\/wp-json\/wp\/v2\/comments?post=19544"}],"version-history":[{"count":1,"href":"https:\/\/www.carbonfiberinsoles.shop\/it\/wp-json\/wp\/v2\/product\/19544\/revisions"}],"predecessor-version":[{"id":21586,"href":"https:\/\/www.carbonfiberinsoles.shop\/it\/wp-json\/wp\/v2\/product\/19544\/revisions\/21586"}],"wp:featuredmedia":[{"embeddable":true,"href":"https:\/\/www.carbonfiberinsoles.shop\/it\/wp-json\/wp\/v2\/media\/19548"}],"wp:attachment":[{"href":"https:\/\/www.carbonfiberinsoles.shop\/it\/wp-json\/wp\/v2\/media?parent=19544"}],"wp:term":[{"taxonomy":"product_brand","embeddable":true,"href":"https:\/\/www.carbonfiberinsoles.shop\/it\/wp-json\/wp\/v2\/product_brand?post=19544"},{"taxonomy":"product_cat","embeddable":true,"href":"https:\/\/www.carbonfiberinsoles.shop\/it\/wp-json\/wp\/v2\/product_cat?post=19544"},{"taxonomy":"product_tag","embeddable":true,"href":"https:\/\/www.carbonfiberinsoles.shop\/it\/wp-json\/wp\/v2\/product_tag?post=19544"}],"curies":[{"name":"wp","href":"https:\/\/api.w.org\/{rel}","templated":true}]}}