{"id":20938,"date":"2025-08-24T13:35:37","date_gmt":"2025-08-24T13:35:37","guid":{"rendered":"https:\/\/www.carbonfiberinsoles.shop\/?post_type=product&#038;p=20938"},"modified":"2026-03-30T07:58:01","modified_gmt":"2026-03-30T07:58:01","slug":"women-men-diabetic-shoes-with-arch-support-extra-wide-widths-walking-edema-sneakers-adjustable-strap","status":"publish","type":"product","link":"https:\/\/www.carbonfiberinsoles.shop\/it\/prodotto\/women-men-diabetic-shoes-with-arch-support-extra-wide-widths-walking-edema-sneakers-adjustable-strap\/","title":{"rendered":"Scarpe diabetiche con supporto per l'arco plantare - Scarpe da passeggio extra-large"},"content":{"rendered":"<p>FACILE DA METTERE E TOGLIERE - Le cinghie per l'avampiede sono altamente regolabili grazie alle chiusure; la gamma di regolazione \u00e8 ideale per le variazioni del grado di gonfiore. Indossare questa scarpa leggera per diabetici pu\u00f2 aiutare ad alleviare la pressione su piedi gonfi, bunions, edemi, diabete o dita a martello.<br \/>\nLARGHEZZA ESTESA - L'ampio alloggiamento della punta offre una calzata confortevole e non vincolante e allevia la pressione sui piedi sensibili. La tomaia in mesh elasticizzato e traspirante si espande con il piede quando si cammina, perfetta per tutte le stagioni e le attivit\u00e0 all'aperto. Una calzata pi\u00f9 comoda e ravvicinata per ridurre le irritazioni.<br \/>\n3 PAIA DI SOLETTE EXTRA IN SCHIUMA - Design a profondit\u00e0 extra con supporto dell'arco plantare, 3 paia di solette rimovibili in schiuma di memoria offrono ampio spazio per ortesi su misura. Queste comode imbottiture forniscono un controllo moderato e un supporto e una protezione per i piedi gonfi, offrendo la migliore soluzione e vestibilit\u00e0 personalizzata per le scarpe diabetiche da donna e da uomo, per i piedi problematici.<br \/>\nUTENTE E OCCASIONE DESTINATARI - Ideale per chi ha bisogno di elasticit\u00e0, comfort e morbidezza extra per adattarsi a piedi gonfi, dita a martello, conchiglie, fascite plantare, calli, osteoartrite, artrite reumatoide, dita a martello, neuroma di Morton, edema, demenza, lesioni a tendini, muscoli e ossa o per chi ha bisogno di una scarpa post-operatoria.<\/p>\n<p><img fetchpriority=\"high\" decoding=\"async\" class=\"aligncenter wp-image-20948 size-full\" src=\"http:\/\/www.carbonfiberinsoles.shop\/wp-content\/uploads\/2025\/08\/Women-Men-Diabetic-Shoes-with-Arch-Support-Extra-Wide-Widths-Walking-Edema-Sneakers-Adjustable-Strap-7.jpg\" alt=\"Scarpe diabetiche alla moda con supporto per l&#039;arco plantare, scarpe da ginnastica per edemi a piedi di larghezza extra ampia con cinturino regolabile e facile da inserire\/disinserire con 3 paia di solette di ricambio per il supporto dei piedi gonfi.\" width=\"970\" height=\"600\" srcset=\"https:\/\/www.carbonfiberinsoles.shop\/wp-content\/uploads\/2025\/08\/Women-Men-Diabetic-Shoes-with-Arch-Support-Extra-Wide-Widths-Walking-Edema-Sneakers-Adjustable-Strap-7.jpg 970w, https:\/\/www.carbonfiberinsoles.shop\/wp-content\/uploads\/2025\/08\/Women-Men-Diabetic-Shoes-with-Arch-Support-Extra-Wide-Widths-Walking-Edema-Sneakers-Adjustable-Strap-7-430x266.jpg 430w, https:\/\/www.carbonfiberinsoles.shop\/wp-content\/uploads\/2025\/08\/Women-Men-Diabetic-Shoes-with-Arch-Support-Extra-Wide-Widths-Walking-Edema-Sneakers-Adjustable-Strap-7-700x433.jpg 700w, https:\/\/www.carbonfiberinsoles.shop\/wp-content\/uploads\/2025\/08\/Women-Men-Diabetic-Shoes-with-Arch-Support-Extra-Wide-Widths-Walking-Edema-Sneakers-Adjustable-Strap-7-400x247.jpg 400w, https:\/\/www.carbonfiberinsoles.shop\/wp-content\/uploads\/2025\/08\/Women-Men-Diabetic-Shoes-with-Arch-Support-Extra-Wide-Widths-Walking-Edema-Sneakers-Adjustable-Strap-7-768x475.jpg 768w, https:\/\/www.carbonfiberinsoles.shop\/wp-content\/uploads\/2025\/08\/Women-Men-Diabetic-Shoes-with-Arch-Support-Extra-Wide-Widths-Walking-Edema-Sneakers-Adjustable-Strap-7-18x12.jpg 18w\" sizes=\"(max-width: 970px) 100vw, 970px\" \/> <img decoding=\"async\" class=\"aligncenter wp-image-20943 size-full\" src=\"http:\/\/www.carbonfiberinsoles.shop\/wp-content\/uploads\/2025\/08\/Women-Men-Diabetic-Shoes-with-Arch-Support-Extra-Wide-Widths-Walking-Edema-Sneakers-Adjustable-Strap-2.jpg\" alt=\"Donne Uomini Scarpe diabetiche con supporto per l&#039;arco plantare Extra Wide Widths Walking Edema Sneakers Cinturino regolabile\" width=\"970\" height=\"600\" srcset=\"https:\/\/www.carbonfiberinsoles.shop\/wp-content\/uploads\/2025\/08\/Women-Men-Diabetic-Shoes-with-Arch-Support-Extra-Wide-Widths-Walking-Edema-Sneakers-Adjustable-Strap-2.jpg 970w, https:\/\/www.carbonfiberinsoles.shop\/wp-content\/uploads\/2025\/08\/Women-Men-Diabetic-Shoes-with-Arch-Support-Extra-Wide-Widths-Walking-Edema-Sneakers-Adjustable-Strap-2-430x266.jpg 430w, https:\/\/www.carbonfiberinsoles.shop\/wp-content\/uploads\/2025\/08\/Women-Men-Diabetic-Shoes-with-Arch-Support-Extra-Wide-Widths-Walking-Edema-Sneakers-Adjustable-Strap-2-700x433.jpg 700w, https:\/\/www.carbonfiberinsoles.shop\/wp-content\/uploads\/2025\/08\/Women-Men-Diabetic-Shoes-with-Arch-Support-Extra-Wide-Widths-Walking-Edema-Sneakers-Adjustable-Strap-2-400x247.jpg 400w, https:\/\/www.carbonfiberinsoles.shop\/wp-content\/uploads\/2025\/08\/Women-Men-Diabetic-Shoes-with-Arch-Support-Extra-Wide-Widths-Walking-Edema-Sneakers-Adjustable-Strap-2-768x475.jpg 768w, https:\/\/www.carbonfiberinsoles.shop\/wp-content\/uploads\/2025\/08\/Women-Men-Diabetic-Shoes-with-Arch-Support-Extra-Wide-Widths-Walking-Edema-Sneakers-Adjustable-Strap-2-18x12.jpg 18w\" sizes=\"(max-width: 970px) 100vw, 970px\" \/><img decoding=\"async\" class=\"aligncenter wp-image-20942 size-full\" src=\"http:\/\/www.carbonfiberinsoles.shop\/wp-content\/uploads\/2025\/08\/Women-Men-Diabetic-Shoes-with-Arch-Support-Extra-Wide-Widths-Walking-Edema-Sneakers-Adjustable-Strap-1.jpg\" alt=\"Donne Uomini Scarpe diabetiche con supporto per l&#039;arco plantare Extra Wide Widths Walking Edema Sneakers Cinturino regolabile\" width=\"970\" height=\"600\" srcset=\"https:\/\/www.carbonfiberinsoles.shop\/wp-content\/uploads\/2025\/08\/Women-Men-Diabetic-Shoes-with-Arch-Support-Extra-Wide-Widths-Walking-Edema-Sneakers-Adjustable-Strap-1.jpg 970w, https:\/\/www.carbonfiberinsoles.shop\/wp-content\/uploads\/2025\/08\/Women-Men-Diabetic-Shoes-with-Arch-Support-Extra-Wide-Widths-Walking-Edema-Sneakers-Adjustable-Strap-1-430x266.jpg 430w, https:\/\/www.carbonfiberinsoles.shop\/wp-content\/uploads\/2025\/08\/Women-Men-Diabetic-Shoes-with-Arch-Support-Extra-Wide-Widths-Walking-Edema-Sneakers-Adjustable-Strap-1-700x433.jpg 700w, https:\/\/www.carbonfiberinsoles.shop\/wp-content\/uploads\/2025\/08\/Women-Men-Diabetic-Shoes-with-Arch-Support-Extra-Wide-Widths-Walking-Edema-Sneakers-Adjustable-Strap-1-400x247.jpg 400w, https:\/\/www.carbonfiberinsoles.shop\/wp-content\/uploads\/2025\/08\/Women-Men-Diabetic-Shoes-with-Arch-Support-Extra-Wide-Widths-Walking-Edema-Sneakers-Adjustable-Strap-1-768x475.jpg 768w, https:\/\/www.carbonfiberinsoles.shop\/wp-content\/uploads\/2025\/08\/Women-Men-Diabetic-Shoes-with-Arch-Support-Extra-Wide-Widths-Walking-Edema-Sneakers-Adjustable-Strap-1-18x12.jpg 18w\" sizes=\"(max-width: 970px) 100vw, 970px\" \/> <img loading=\"lazy\" decoding=\"async\" class=\"aligncenter wp-image-20944 size-full\" src=\"http:\/\/www.carbonfiberinsoles.shop\/wp-content\/uploads\/2025\/08\/Women-Men-Diabetic-Shoes-with-Arch-Support-Extra-Wide-Widths-Walking-Edema-Sneakers-Adjustable-Strap-3.jpg\" alt=\"Scarpe diabetiche alla moda con supporto per l&#039;arco plantare, scarpe da ginnastica per edemi a piedi di larghezza extra ampia con cinturino regolabile e facile da inserire\/disinserire con 3 paia di solette di ricambio per il supporto dei piedi gonfi.\" width=\"970\" height=\"600\" srcset=\"https:\/\/www.carbonfiberinsoles.shop\/wp-content\/uploads\/2025\/08\/Women-Men-Diabetic-Shoes-with-Arch-Support-Extra-Wide-Widths-Walking-Edema-Sneakers-Adjustable-Strap-3.jpg 970w, https:\/\/www.carbonfiberinsoles.shop\/wp-content\/uploads\/2025\/08\/Women-Men-Diabetic-Shoes-with-Arch-Support-Extra-Wide-Widths-Walking-Edema-Sneakers-Adjustable-Strap-3-430x266.jpg 430w, https:\/\/www.carbonfiberinsoles.shop\/wp-content\/uploads\/2025\/08\/Women-Men-Diabetic-Shoes-with-Arch-Support-Extra-Wide-Widths-Walking-Edema-Sneakers-Adjustable-Strap-3-700x433.jpg 700w, https:\/\/www.carbonfiberinsoles.shop\/wp-content\/uploads\/2025\/08\/Women-Men-Diabetic-Shoes-with-Arch-Support-Extra-Wide-Widths-Walking-Edema-Sneakers-Adjustable-Strap-3-400x247.jpg 400w, https:\/\/www.carbonfiberinsoles.shop\/wp-content\/uploads\/2025\/08\/Women-Men-Diabetic-Shoes-with-Arch-Support-Extra-Wide-Widths-Walking-Edema-Sneakers-Adjustable-Strap-3-768x475.jpg 768w, https:\/\/www.carbonfiberinsoles.shop\/wp-content\/uploads\/2025\/08\/Women-Men-Diabetic-Shoes-with-Arch-Support-Extra-Wide-Widths-Walking-Edema-Sneakers-Adjustable-Strap-3-18x12.jpg 18w\" sizes=\"(max-width: 970px) 100vw, 970px\" \/><\/p>\n<p><img loading=\"lazy\" decoding=\"async\" class=\"aligncenter wp-image-20998 size-full\" src=\"http:\/\/www.carbonfiberinsoles.shop\/wp-content\/uploads\/2025\/08\/Diabetic-Shoes-Size.jpg\" alt=\"\" width=\"737\" height=\"378\" srcset=\"https:\/\/www.carbonfiberinsoles.shop\/wp-content\/uploads\/2025\/08\/Diabetic-Shoes-Size.jpg 737w, https:\/\/www.carbonfiberinsoles.shop\/wp-content\/uploads\/2025\/08\/Diabetic-Shoes-Size-430x221.jpg 430w, https:\/\/www.carbonfiberinsoles.shop\/wp-content\/uploads\/2025\/08\/Diabetic-Shoes-Size-700x359.jpg 700w, https:\/\/www.carbonfiberinsoles.shop\/wp-content\/uploads\/2025\/08\/Diabetic-Shoes-Size-400x205.jpg 400w, https:\/\/www.carbonfiberinsoles.shop\/wp-content\/uploads\/2025\/08\/Diabetic-Shoes-Size-18x9.jpg 18w\" sizes=\"(max-width: 737px) 100vw, 737px\" \/><\/p>\n<h4 data-start=\"1823\" data-end=\"1849\"><strong data-start=\"1831\" data-end=\"1847\">Caratteristiche principali<\/strong><\/h4>\n<ul data-start=\"1850\" data-end=\"2543\">\n<li data-start=\"1850\" data-end=\"1952\">\n<p data-start=\"1852\" data-end=\"1952\"><strong data-start=\"1852\" data-end=\"1886\">Costruzione adatta ai diabetici<\/strong>: Gli interni privi di cuciture e l'ampio alloggiamento della punta aiutano a ridurre al minimo le irritazioni.<\/p>\n<\/li>\n<li data-start=\"1953\" data-end=\"2047\">\n<p data-start=\"1955\" data-end=\"2047\"><strong data-start=\"1955\" data-end=\"1971\">Supporto per l'arco plantare<\/strong>: L'arco plantare progettato favorisce l'allineamento del piede e il comfort durante la camminata.<\/p>\n<\/li>\n<li data-start=\"2048\" data-end=\"2142\">\n<p data-start=\"2050\" data-end=\"2142\"><strong data-start=\"2050\" data-end=\"2068\">Vestibilit\u00e0 extra-large<\/strong>: Offre un ampio spazio per gonfiori, ortesi o condizioni delicate.<\/p>\n<\/li>\n<li data-start=\"2143\" data-end=\"2248\">\n<p data-start=\"2145\" data-end=\"2248\"><strong data-start=\"2145\" data-end=\"2166\">Cinghie regolabili<\/strong>: Le cinghie facili da indossare e da togliere consentono una regolazione rapida per una vestibilit\u00e0 perfetta durante la giornata.<\/p>\n<\/li>\n<li data-start=\"2249\" data-end=\"2346\">\n<p data-start=\"2251\" data-end=\"2346\"><strong data-start=\"2251\" data-end=\"2271\">Solette multiple<\/strong>: Tre solette intercambiabili consentono di regolare con precisione l'ammortizzazione e il sostegno.<\/p>\n<\/li>\n<li data-start=\"2347\" data-end=\"2435\">\n<p data-start=\"2349\" data-end=\"2435\"><strong data-start=\"2349\" data-end=\"2371\">Design leggero<\/strong>: Garantisce la flessibilit\u00e0 per una camminata senza sforzo e per un'usura che dura tutto il giorno.<\/p>\n<\/li>\n<li data-start=\"2436\" data-end=\"2543\">\n<p data-start=\"2438\" data-end=\"2543\"><strong data-start=\"2438\" data-end=\"2461\">Elegante e versatile<\/strong>: Abbastanza elegante per le uscite casual, ma progettato per un uso terapeutico funzionale.<\/p>\n<\/li>\n<\/ul>\n<h4 data-start=\"2545\" data-end=\"2585\"><strong data-start=\"2553\" data-end=\"2583\">Perch\u00e9 scegliere queste scarpe da ginnastica?<\/strong><\/h4>\n<ul data-start=\"2586\" data-end=\"3060\">\n<li data-start=\"2586\" data-end=\"2679\">\n<p data-start=\"2588\" data-end=\"2679\">Studiate su misura per le patologie diabetiche, queste scarpe riducono la pressione e proteggono la pelle sensibile.<\/p>\n<\/li>\n<li data-start=\"2680\" data-end=\"2780\">\n<p data-start=\"2682\" data-end=\"2780\">Il supporto dell'arco plantare migliora la postura e allevia l'affaticamento del piede: ottimo per camminare o stare in piedi a lungo.<\/p>\n<\/li>\n<li data-start=\"2781\" data-end=\"2888\">\n<p data-start=\"2783\" data-end=\"2888\">La calzata extra-larga e regolabile si adatta ai cambiamenti del piede durante la giornata, in particolare ai gonfiori o agli edemi.<\/p>\n<\/li>\n<li data-start=\"2889\" data-end=\"2959\">\n<p data-start=\"2891\" data-end=\"2959\">Le solette multiple consentono di personalizzare l'ammortizzazione e il supporto.<\/p>\n<\/li>\n<li data-start=\"2960\" data-end=\"3060\">\n<p data-start=\"2962\" data-end=\"3060\">Offre comfort e stile, perfetto per un abbigliamento casual senza compromettere i benefici terapeutici.<\/p>\n<\/li>\n<\/ul>\n<h4 data-start=\"3062\" data-end=\"3078\"><strong data-start=\"3070\" data-end=\"3078\">Domande frequenti<\/strong><\/h4>\n<p data-start=\"3080\" data-end=\"3297\"><strong data-start=\"3080\" data-end=\"3144\">D: Sono adatti a persone con edemi o piedi gonfi?<\/strong><br data-start=\"3144\" data-end=\"3147\" \/>R: Assolutamente s\u00ec, \u00e8 una priorit\u00e0 assoluta. Il design extra-largo e le cinghie regolabili creano una vestibilit\u00e0 personalizzabile per adattarsi al gonfiore e garantire il comfort.<\/p>\n<p data-start=\"3299\" data-end=\"3523\"><strong data-start=\"3299\" data-end=\"3379\">D: Come funzionano le solette? Posso sostituirli con i miei plantari?<\/strong><br data-start=\"3379\" data-end=\"3382\" \/>R: S\u00ec. \u00c8 possibile scegliere tra le tre solette incluse in base alle proprie esigenze di comfort o sostituirle con ortesi personalizzate, se lo si desidera.<\/p>\n<p data-start=\"3525\" data-end=\"3712\"><strong data-start=\"3525\" data-end=\"3564\">D: Offrono un buon supporto all'arco plantare?<\/strong><br data-start=\"3564\" data-end=\"3567\" \/>R: S\u00ec! L'arco plantare incorporato \u00e8 studiato per migliorare l'allineamento e ridurre l'affaticamento del piede, rendendo queste scarpe per diabetici ideali per la camminata quotidiana.<\/p>\n<p data-start=\"3714\" data-end=\"3880\"><strong data-start=\"3714\" data-end=\"3755\">D: Queste scarpe da ginnastica sono facili da indossare?<\/strong><br data-start=\"3755\" data-end=\"3758\" \/>R: Assolutamente s\u00ec. Grazie alle cinghie regolabili, \u00e8 facile da indossare, soprattutto in caso di mobilit\u00e0 o flessibilit\u00e0 limitate.<\/p>\n<p data-start=\"3882\" data-end=\"4051\"><strong data-start=\"3882\" data-end=\"3937\">D: Posso indossarle per andare a passeggio o per fare attivit\u00e0 fisica?<\/strong><br data-start=\"3937\" data-end=\"3940\" \/>R: S\u00ec! Combinano un aspetto elegante e casual da sneaker con un design di supporto per camminare o per attivit\u00e0 leggere.<\/p>\n<p>&nbsp;<\/p>","protected":false},"excerpt":{"rendered":"<p><strong>Dettagli del prodotto<\/strong><br \/>\nTipo di tessuto: Cotone 100%<br \/>\nMateriale della suola: Gomma<br \/>\nMateriale esterno: Rete<br \/>\nTipo di chiusura: Pull-On<\/p>","protected":false},"featured_media":20956,"comment_status":"open","ping_status":"closed","template":"","meta":{"_kadence_starter_templates_imported_post":false,"_kad_post_transparent":"default","_kad_post_title":"","_kad_post_layout":"default","_kad_post_sidebar_id":"","_kad_post_content_style":"default","_kad_post_vertical_padding":"default","_kad_post_feature":"","_kad_post_feature_position":"","_kad_post_header":false,"_kad_post_footer":false},"product_brand":[],"product_cat":[570,533,534,530,532,586,528,527,529,531],"product_tag":[332,535],"class_list":{"0":"post-20938","1":"product","2":"type-product","3":"status-publish","4":"has-post-thumbnail","6":"product_cat-diabetic-shoes","7":"product_cat-men-diabetic-shoes","8":"product_cat-men-orthopedic-shoes","9":"product_cat-men-shoes","10":"product_cat-men-walking-shoes","11":"product_cat-recovery-shoes","12":"product_cat-women-diabetic-shoes","13":"product_cat-women-orthopedic-shoes","14":"product_cat-women-shoes","15":"product_cat-women-walking-shoes","16":"product_tag-casual-shoes","17":"product_tag-diabetic-shoes","19":"first","20":"instock","21":"shipping-taxable","22":"purchasable","23":"product-type-variable","24":"has-default-attributes","25":"entry","26":"content-bg","27":"loop-entry"},"aioseo_notices":[],"_links":{"self":[{"href":"https:\/\/www.carbonfiberinsoles.shop\/it\/wp-json\/wp\/v2\/product\/20938","targetHints":{"allow":["GET"]}}],"collection":[{"href":"https:\/\/www.carbonfiberinsoles.shop\/it\/wp-json\/wp\/v2\/product"}],"about":[{"href":"https:\/\/www.carbonfiberinsoles.shop\/it\/wp-json\/wp\/v2\/types\/product"}],"replies":[{"embeddable":true,"href":"https:\/\/www.carbonfiberinsoles.shop\/it\/wp-json\/wp\/v2\/comments?post=20938"}],"version-history":[{"count":8,"href":"https:\/\/www.carbonfiberinsoles.shop\/it\/wp-json\/wp\/v2\/product\/20938\/revisions"}],"predecessor-version":[{"id":21577,"href":"https:\/\/www.carbonfiberinsoles.shop\/it\/wp-json\/wp\/v2\/product\/20938\/revisions\/21577"}],"wp:featuredmedia":[{"embeddable":true,"href":"https:\/\/www.carbonfiberinsoles.shop\/it\/wp-json\/wp\/v2\/media\/20956"}],"wp:attachment":[{"href":"https:\/\/www.carbonfiberinsoles.shop\/it\/wp-json\/wp\/v2\/media?parent=20938"}],"wp:term":[{"taxonomy":"product_brand","embeddable":true,"href":"https:\/\/www.carbonfiberinsoles.shop\/it\/wp-json\/wp\/v2\/product_brand?post=20938"},{"taxonomy":"product_cat","embeddable":true,"href":"https:\/\/www.carbonfiberinsoles.shop\/it\/wp-json\/wp\/v2\/product_cat?post=20938"},{"taxonomy":"product_tag","embeddable":true,"href":"https:\/\/www.carbonfiberinsoles.shop\/it\/wp-json\/wp\/v2\/product_tag?post=20938"}],"curies":[{"name":"wp","href":"https:\/\/api.w.org\/{rel}","templated":true}]}}