{"id":20964,"date":"2025-08-25T13:16:26","date_gmt":"2025-08-25T13:16:26","guid":{"rendered":"https:\/\/www.carbonfiberinsoles.shop\/?post_type=product&#038;p=20964"},"modified":"2026-03-30T07:57:47","modified_gmt":"2026-03-30T07:57:47","slug":"mens-diabetic-edema-shoes-lightweight-walking-wide-sneakers-plantar-fasciitis-shoes","status":"publish","type":"product","link":"https:\/\/www.carbonfiberinsoles.shop\/it\/prodotto\/mens-diabetic-edema-shoes-lightweight-walking-wide-sneakers-plantar-fasciitis-shoes\/","title":{"rendered":"Scarpe per edemi diabetici da uomo - Scarpe da ginnastica leggere e larghe da passeggio"},"content":{"rendered":"<p>FACILE DA INDOSSARE E SPEGNERE - I cinturini per l'avampiede sono altamente regolabili grazie alle chiusure, la gamma di regolazione \u00e8 ideale per le variazioni del grado di gonfiore. Indossare le scarpe extra larghe per le dita dei piedi rotonde pu\u00f2 aiutare ad alleviare la pressione su piedi gonfi, calli, edemi, diabete o dita a martello.<br \/>\nLEGGERE E COMODE - Queste scarpe per diabetici sono sufficientemente leggere e robuste. La tomaia \u00e8 realizzata in materiale traspirante, perfetto per tutte le stagioni e le attivit\u00e0 all'aperto. La tomaia in mesh elasticizzato si espande con il piede quando si cammina. Pi\u00f9 confortevole in forma stretta per aiutare a ridurre l'irritazione.<br \/>\nSENSAZIONE DI COMFORT ULTIMO - Il design a cuscino d'aria visibile assorbe gli urti e offre una sensazione di facilit\u00e0 e indulgenza a ogni impatto del piede. La soletta rimovibile \u00e8 ammortizzata per un maggiore comfort e pu\u00f2 ospitare ortesi personalizzate o solette per diabetici. La suola leggera e robusta garantisce un'ottima aderenza sia all'interno che all'esterno.<br \/>\nUTENTE E OCCASIONE DESTINATARI - Ideale per chi ha bisogno di elasticit\u00e0, comfort e morbidezza extra per adattarsi a piedi gonfi, dita a martello, conchiglie, fascite plantare, calli, osteoartrite, artrite reumatoide, dita a martello, neuroma di Morton, edema, demenza, lesioni a tendini, muscoli e ossa o per chi ha bisogno di una scarpa post-operatoria.<br \/>\nSU DI NOI - Le nostre scarpe sono progettate in modo biomeccanico con caratteristiche di comfort uniche per offrire la soluzione migliore per i piedi sensibili e per altri disturbi fisici dovuti a problemi ai piedi o a una postura scorretta. La nostra missione \u00e8 contribuire a semplificare la vita delle persone affette da diabete e da altre patologie che colpiscono i piedi.<\/p>\n<p><img fetchpriority=\"high\" decoding=\"async\" class=\"aligncenter wp-image-20982 size-full\" src=\"http:\/\/www.carbonfiberinsoles.shop\/wp-content\/uploads\/2025\/08\/Mens-Diabetic-Edema-Shoes-Lightweight-Walking-Wide-Sneakers-Plantar-Fasciitis-Shoes-11.jpg\" alt=\"Uomo Scarpe per edema diabetico Scarpe leggere da passeggio larghe per la fascite plantare\" width=\"970\" height=\"600\" srcset=\"https:\/\/www.carbonfiberinsoles.shop\/wp-content\/uploads\/2025\/08\/Mens-Diabetic-Edema-Shoes-Lightweight-Walking-Wide-Sneakers-Plantar-Fasciitis-Shoes-11.jpg 970w, https:\/\/www.carbonfiberinsoles.shop\/wp-content\/uploads\/2025\/08\/Mens-Diabetic-Edema-Shoes-Lightweight-Walking-Wide-Sneakers-Plantar-Fasciitis-Shoes-11-430x266.jpg 430w, https:\/\/www.carbonfiberinsoles.shop\/wp-content\/uploads\/2025\/08\/Mens-Diabetic-Edema-Shoes-Lightweight-Walking-Wide-Sneakers-Plantar-Fasciitis-Shoes-11-700x433.jpg 700w, https:\/\/www.carbonfiberinsoles.shop\/wp-content\/uploads\/2025\/08\/Mens-Diabetic-Edema-Shoes-Lightweight-Walking-Wide-Sneakers-Plantar-Fasciitis-Shoes-11-400x247.jpg 400w, https:\/\/www.carbonfiberinsoles.shop\/wp-content\/uploads\/2025\/08\/Mens-Diabetic-Edema-Shoes-Lightweight-Walking-Wide-Sneakers-Plantar-Fasciitis-Shoes-11-768x475.jpg 768w, https:\/\/www.carbonfiberinsoles.shop\/wp-content\/uploads\/2025\/08\/Mens-Diabetic-Edema-Shoes-Lightweight-Walking-Wide-Sneakers-Plantar-Fasciitis-Shoes-11-18x12.jpg 18w\" sizes=\"(max-width: 970px) 100vw, 970px\" \/> <img decoding=\"async\" class=\"aligncenter wp-image-20981 size-full\" src=\"http:\/\/www.carbonfiberinsoles.shop\/wp-content\/uploads\/2025\/08\/Mens-Diabetic-Edema-Shoes-Lightweight-Walking-Wide-Sneakers-Plantar-Fasciitis-Shoes-10.jpg\" alt=\"Uomo Scarpe per edema diabetico Scarpe leggere da passeggio larghe per la fascite plantare\" width=\"970\" height=\"600\" srcset=\"https:\/\/www.carbonfiberinsoles.shop\/wp-content\/uploads\/2025\/08\/Mens-Diabetic-Edema-Shoes-Lightweight-Walking-Wide-Sneakers-Plantar-Fasciitis-Shoes-10.jpg 970w, https:\/\/www.carbonfiberinsoles.shop\/wp-content\/uploads\/2025\/08\/Mens-Diabetic-Edema-Shoes-Lightweight-Walking-Wide-Sneakers-Plantar-Fasciitis-Shoes-10-430x266.jpg 430w, https:\/\/www.carbonfiberinsoles.shop\/wp-content\/uploads\/2025\/08\/Mens-Diabetic-Edema-Shoes-Lightweight-Walking-Wide-Sneakers-Plantar-Fasciitis-Shoes-10-700x433.jpg 700w, https:\/\/www.carbonfiberinsoles.shop\/wp-content\/uploads\/2025\/08\/Mens-Diabetic-Edema-Shoes-Lightweight-Walking-Wide-Sneakers-Plantar-Fasciitis-Shoes-10-400x247.jpg 400w, https:\/\/www.carbonfiberinsoles.shop\/wp-content\/uploads\/2025\/08\/Mens-Diabetic-Edema-Shoes-Lightweight-Walking-Wide-Sneakers-Plantar-Fasciitis-Shoes-10-768x475.jpg 768w, https:\/\/www.carbonfiberinsoles.shop\/wp-content\/uploads\/2025\/08\/Mens-Diabetic-Edema-Shoes-Lightweight-Walking-Wide-Sneakers-Plantar-Fasciitis-Shoes-10-18x12.jpg 18w\" sizes=\"(max-width: 970px) 100vw, 970px\" \/> <img decoding=\"async\" class=\"aligncenter wp-image-20983 size-full\" src=\"http:\/\/www.carbonfiberinsoles.shop\/wp-content\/uploads\/2025\/08\/Mens-Diabetic-Edema-Shoes-Lightweight-Walking-Wide-Sneakers-Plantar-Fasciitis-Shoes-12.jpg\" alt=\"Uomo Scarpe per edema diabetico Scarpe leggere da passeggio larghe per la fascite plantare\" width=\"970\" height=\"600\" srcset=\"https:\/\/www.carbonfiberinsoles.shop\/wp-content\/uploads\/2025\/08\/Mens-Diabetic-Edema-Shoes-Lightweight-Walking-Wide-Sneakers-Plantar-Fasciitis-Shoes-12.jpg 970w, https:\/\/www.carbonfiberinsoles.shop\/wp-content\/uploads\/2025\/08\/Mens-Diabetic-Edema-Shoes-Lightweight-Walking-Wide-Sneakers-Plantar-Fasciitis-Shoes-12-430x266.jpg 430w, https:\/\/www.carbonfiberinsoles.shop\/wp-content\/uploads\/2025\/08\/Mens-Diabetic-Edema-Shoes-Lightweight-Walking-Wide-Sneakers-Plantar-Fasciitis-Shoes-12-700x433.jpg 700w, https:\/\/www.carbonfiberinsoles.shop\/wp-content\/uploads\/2025\/08\/Mens-Diabetic-Edema-Shoes-Lightweight-Walking-Wide-Sneakers-Plantar-Fasciitis-Shoes-12-400x247.jpg 400w, https:\/\/www.carbonfiberinsoles.shop\/wp-content\/uploads\/2025\/08\/Mens-Diabetic-Edema-Shoes-Lightweight-Walking-Wide-Sneakers-Plantar-Fasciitis-Shoes-12-768x475.jpg 768w, https:\/\/www.carbonfiberinsoles.shop\/wp-content\/uploads\/2025\/08\/Mens-Diabetic-Edema-Shoes-Lightweight-Walking-Wide-Sneakers-Plantar-Fasciitis-Shoes-12-18x12.jpg 18w\" sizes=\"(max-width: 970px) 100vw, 970px\" \/> <img loading=\"lazy\" decoding=\"async\" class=\"aligncenter wp-image-20978 size-full\" src=\"http:\/\/www.carbonfiberinsoles.shop\/wp-content\/uploads\/2025\/08\/Mens-Diabetic-Edema-Shoes-Lightweight-Walking-Wide-Sneakers-Plantar-Fasciitis-Shoes-7.jpg\" alt=\"Uomo Scarpe per edema diabetico Scarpe leggere da passeggio larghe per la fascite plantare\" width=\"970\" height=\"600\" srcset=\"https:\/\/www.carbonfiberinsoles.shop\/wp-content\/uploads\/2025\/08\/Mens-Diabetic-Edema-Shoes-Lightweight-Walking-Wide-Sneakers-Plantar-Fasciitis-Shoes-7.jpg 970w, https:\/\/www.carbonfiberinsoles.shop\/wp-content\/uploads\/2025\/08\/Mens-Diabetic-Edema-Shoes-Lightweight-Walking-Wide-Sneakers-Plantar-Fasciitis-Shoes-7-430x266.jpg 430w, https:\/\/www.carbonfiberinsoles.shop\/wp-content\/uploads\/2025\/08\/Mens-Diabetic-Edema-Shoes-Lightweight-Walking-Wide-Sneakers-Plantar-Fasciitis-Shoes-7-700x433.jpg 700w, https:\/\/www.carbonfiberinsoles.shop\/wp-content\/uploads\/2025\/08\/Mens-Diabetic-Edema-Shoes-Lightweight-Walking-Wide-Sneakers-Plantar-Fasciitis-Shoes-7-400x247.jpg 400w, https:\/\/www.carbonfiberinsoles.shop\/wp-content\/uploads\/2025\/08\/Mens-Diabetic-Edema-Shoes-Lightweight-Walking-Wide-Sneakers-Plantar-Fasciitis-Shoes-7-768x475.jpg 768w, https:\/\/www.carbonfiberinsoles.shop\/wp-content\/uploads\/2025\/08\/Mens-Diabetic-Edema-Shoes-Lightweight-Walking-Wide-Sneakers-Plantar-Fasciitis-Shoes-7-18x12.jpg 18w\" sizes=\"(max-width: 970px) 100vw, 970px\" \/><\/p>","protected":false},"excerpt":{"rendered":"<p><strong>Dettagli del prodotto<\/strong><br \/>\nTipo di tessuto: Cotone 100%<br \/>\nMateriale della suola: Gomma<br \/>\nMateriale esterno: Rete<br \/>\nTipo di chiusura: Gancio e anello<\/p>","protected":false},"featured_media":20988,"comment_status":"open","ping_status":"closed","template":"","meta":{"_kadence_starter_templates_imported_post":false,"_kad_post_transparent":"default","_kad_post_title":"","_kad_post_layout":"default","_kad_post_sidebar_id":"","_kad_post_content_style":"default","_kad_post_vertical_padding":"default","_kad_post_feature":"","_kad_post_feature_position":"","_kad_post_header":false,"_kad_post_footer":false},"product_brand":[],"product_cat":[533,530,532,586],"product_tag":[373,539,538,542,540,541],"class_list":{"0":"post-20964","1":"product","2":"type-product","3":"status-publish","4":"has-post-thumbnail","6":"product_cat-men-diabetic-shoes","7":"product_cat-men-shoes","8":"product_cat-men-walking-shoes","9":"product_cat-recovery-shoes","10":"product_tag-anti-slip-shoes","11":"product_tag-diabetic-edema-shoes","12":"product_tag-plantar-fasciitis-shoes","13":"product_tag-slip-on-shoes","14":"product_tag-walking-shoes","15":"product_tag-wide-shoes","17":"first","18":"instock","19":"shipping-taxable","20":"purchasable","21":"product-type-variable","22":"has-default-attributes","23":"entry","24":"content-bg","25":"loop-entry"},"aioseo_notices":[],"_links":{"self":[{"href":"https:\/\/www.carbonfiberinsoles.shop\/it\/wp-json\/wp\/v2\/product\/20964","targetHints":{"allow":["GET"]}}],"collection":[{"href":"https:\/\/www.carbonfiberinsoles.shop\/it\/wp-json\/wp\/v2\/product"}],"about":[{"href":"https:\/\/www.carbonfiberinsoles.shop\/it\/wp-json\/wp\/v2\/types\/product"}],"replies":[{"embeddable":true,"href":"https:\/\/www.carbonfiberinsoles.shop\/it\/wp-json\/wp\/v2\/comments?post=20964"}],"version-history":[{"count":5,"href":"https:\/\/www.carbonfiberinsoles.shop\/it\/wp-json\/wp\/v2\/product\/20964\/revisions"}],"predecessor-version":[{"id":21576,"href":"https:\/\/www.carbonfiberinsoles.shop\/it\/wp-json\/wp\/v2\/product\/20964\/revisions\/21576"}],"wp:featuredmedia":[{"embeddable":true,"href":"https:\/\/www.carbonfiberinsoles.shop\/it\/wp-json\/wp\/v2\/media\/20988"}],"wp:attachment":[{"href":"https:\/\/www.carbonfiberinsoles.shop\/it\/wp-json\/wp\/v2\/media?parent=20964"}],"wp:term":[{"taxonomy":"product_brand","embeddable":true,"href":"https:\/\/www.carbonfiberinsoles.shop\/it\/wp-json\/wp\/v2\/product_brand?post=20964"},{"taxonomy":"product_cat","embeddable":true,"href":"https:\/\/www.carbonfiberinsoles.shop\/it\/wp-json\/wp\/v2\/product_cat?post=20964"},{"taxonomy":"product_tag","embeddable":true,"href":"https:\/\/www.carbonfiberinsoles.shop\/it\/wp-json\/wp\/v2\/product_tag?post=20964"}],"curies":[{"name":"wp","href":"https:\/\/api.w.org\/{rel}","templated":true}]}}