{"id":593,"date":"2024-10-07T10:12:13","date_gmt":"2024-10-07T10:12:13","guid":{"rendered":"https:\/\/www.carbonfiberinsoles.shop\/?post_type=product&#038;p=593"},"modified":"2026-03-30T08:02:49","modified_gmt":"2026-03-30T08:02:49","slug":"carbon-fiber-insoles-boost-explosive-power-and-bounce-arch-support-shock-absorption-injury-prevention-alleviate-foot-pain","status":"publish","type":"product","link":"https:\/\/www.carbonfiberinsoles.shop\/it\/prodotto\/carbon-fiber-insoles-boost-explosive-power-and-bounce-arch-support-shock-absorption-injury-prevention-alleviate-foot-pain\/","title":{"rendered":"Solette da basket in fibra di carbonio - Aumentano la potenza esplosiva"},"content":{"rendered":"<p><strong>Descrizione del prodotto:<\/strong><br \/>\nLiberate il vostro potenziale atletico con i nostri prodotti ad alte prestazioni. <strong>solette in fibra di carbonio<\/strong>progettate per aumentare la potenza esplosiva, migliorare il rimbalzo e fornire un supporto superiore all'arco plantare. Queste <strong>solette in fibra di carbonio<\/strong> sono studiati per gli atleti e le persone attive che desiderano massimizzare le prestazioni, prevenendo gli infortuni e alleviando il dolore ai piedi.<\/p>\n<p>Realizzate in fibra di carbonio di prima qualit\u00e0, queste solette offrono un eccezionale assorbimento degli urti, contribuendo a ridurre l'impatto sui piedi durante le attivit\u00e0 pi\u00f9 intense. Sia che si tratti di salti, sprint o sport ad alto impatto, la struttura leggera e resistente di queste solette \u00e8 in grado di ridurre l'impatto del piede durante le attivit\u00e0 pi\u00f9 intense. <strong>solette in fibra di carbonio<\/strong> garantisce un comfort duraturo e la stabilit\u00e0 del piede. Il supporto dell'arco plantare migliora l'allineamento del piede, riducendo le tensioni e promuovendo una migliore salute generale del piede.<\/p>\n<p>Perfette per l'uso quotidiano o per gli sport ad alte prestazioni, queste <strong>solette in fibra di carbonio<\/strong> aiutano a rimanere attivi, a prevenire gli infortuni e a recuperare pi\u00f9 velocemente dal dolore ai piedi, migliorando le prestazioni atletiche.<\/p>\n<p>&nbsp;<\/p>\n<p>&nbsp;<\/p>\n<p><img fetchpriority=\"high\" decoding=\"async\" class=\"wp-image-596 size-full aligncenter\" src=\"https:\/\/www.carbonfiberinsoles.shop\/wp-content\/uploads\/2024\/10\/Carbon-Fiber-Insoles-Boost-Explosive-Power-and-Bounce-Arch-Support-Shock-Absorption-Injury-Prevention-Alleviate-Foot-Pain-1-3.png\" alt=\"Solette in fibra di carbonio - Aumentano la potenza esplosiva e il rimbalzo, sostengono l&#039;arco plantare, assorbono gli urti, prevengono gli infortuni, alleviano il dolore ai piedi (1\" width=\"720\" height=\"720\" srcset=\"https:\/\/www.carbonfiberinsoles.shop\/wp-content\/uploads\/2024\/10\/Carbon-Fiber-Insoles-Boost-Explosive-Power-and-Bounce-Arch-Support-Shock-Absorption-Injury-Prevention-Alleviate-Foot-Pain-1-3.png 720w, https:\/\/www.carbonfiberinsoles.shop\/wp-content\/uploads\/2024\/10\/Carbon-Fiber-Insoles-Boost-Explosive-Power-and-Bounce-Arch-Support-Shock-Absorption-Injury-Prevention-Alleviate-Foot-Pain-1-3-430x430.png 430w, https:\/\/www.carbonfiberinsoles.shop\/wp-content\/uploads\/2024\/10\/Carbon-Fiber-Insoles-Boost-Explosive-Power-and-Bounce-Arch-Support-Shock-Absorption-Injury-Prevention-Alleviate-Foot-Pain-1-3-100x100.png 100w, https:\/\/www.carbonfiberinsoles.shop\/wp-content\/uploads\/2024\/10\/Carbon-Fiber-Insoles-Boost-Explosive-Power-and-Bounce-Arch-Support-Shock-Absorption-Injury-Prevention-Alleviate-Foot-Pain-1-3-700x700.png 700w, https:\/\/www.carbonfiberinsoles.shop\/wp-content\/uploads\/2024\/10\/Carbon-Fiber-Insoles-Boost-Explosive-Power-and-Bounce-Arch-Support-Shock-Absorption-Injury-Prevention-Alleviate-Foot-Pain-1-3-300x300.png 300w, https:\/\/www.carbonfiberinsoles.shop\/wp-content\/uploads\/2024\/10\/Carbon-Fiber-Insoles-Boost-Explosive-Power-and-Bounce-Arch-Support-Shock-Absorption-Injury-Prevention-Alleviate-Foot-Pain-1-3-150x150.png 150w\" sizes=\"(max-width: 720px) 100vw, 720px\" \/> <img decoding=\"async\" class=\"wp-image-599 size-full aligncenter\" src=\"https:\/\/www.carbonfiberinsoles.shop\/wp-content\/uploads\/2024\/10\/Carbon-Fiber-Insoles-Boost-Explosive-Power-and-Bounce-Arch-Support-Shock-Absorption-Injury-Prevention-Alleviate-Foot-Pain-1-7.png\" alt=\"Solette in fibra di carbonio - Aumentano la potenza esplosiva e il rimbalzo, sostengono l&#039;arco plantare, assorbono gli urti, prevengono gli infortuni, alleviano il dolore ai piedi (1\" width=\"750\" height=\"1000\" srcset=\"https:\/\/www.carbonfiberinsoles.shop\/wp-content\/uploads\/2024\/10\/Carbon-Fiber-Insoles-Boost-Explosive-Power-and-Bounce-Arch-Support-Shock-Absorption-Injury-Prevention-Alleviate-Foot-Pain-1-7.png 750w, https:\/\/www.carbonfiberinsoles.shop\/wp-content\/uploads\/2024\/10\/Carbon-Fiber-Insoles-Boost-Explosive-Power-and-Bounce-Arch-Support-Shock-Absorption-Injury-Prevention-Alleviate-Foot-Pain-1-7-430x573.png 430w, https:\/\/www.carbonfiberinsoles.shop\/wp-content\/uploads\/2024\/10\/Carbon-Fiber-Insoles-Boost-Explosive-Power-and-Bounce-Arch-Support-Shock-Absorption-Injury-Prevention-Alleviate-Foot-Pain-1-7-700x933.png 700w, https:\/\/www.carbonfiberinsoles.shop\/wp-content\/uploads\/2024\/10\/Carbon-Fiber-Insoles-Boost-Explosive-Power-and-Bounce-Arch-Support-Shock-Absorption-Injury-Prevention-Alleviate-Foot-Pain-1-7-225x300.png 225w\" sizes=\"(max-width: 750px) 100vw, 750px\" \/><\/p>\n<p><img decoding=\"async\" class=\"aligncenter wp-image-602 size-full\" src=\"https:\/\/www.carbonfiberinsoles.shop\/wp-content\/uploads\/2024\/10\/Carbon-Fiber-Insoles-Boost-Explosive-Power-and-Bounce-Arch-Support-Shock-Absorption-Injury-Prevention-Alleviate-Foot-Pain-1-1.png\" alt=\"Solette in fibra di carbonio - Aumentano la potenza esplosiva e il rimbalzo, sostengono l&#039;arco plantare, assorbono gli urti, prevengono gli infortuni, alleviano il dolore ai piedi (1\" width=\"720\" height=\"720\" srcset=\"https:\/\/www.carbonfiberinsoles.shop\/wp-content\/uploads\/2024\/10\/Carbon-Fiber-Insoles-Boost-Explosive-Power-and-Bounce-Arch-Support-Shock-Absorption-Injury-Prevention-Alleviate-Foot-Pain-1-1.png 720w, https:\/\/www.carbonfiberinsoles.shop\/wp-content\/uploads\/2024\/10\/Carbon-Fiber-Insoles-Boost-Explosive-Power-and-Bounce-Arch-Support-Shock-Absorption-Injury-Prevention-Alleviate-Foot-Pain-1-1-430x430.png 430w, https:\/\/www.carbonfiberinsoles.shop\/wp-content\/uploads\/2024\/10\/Carbon-Fiber-Insoles-Boost-Explosive-Power-and-Bounce-Arch-Support-Shock-Absorption-Injury-Prevention-Alleviate-Foot-Pain-1-1-100x100.png 100w, https:\/\/www.carbonfiberinsoles.shop\/wp-content\/uploads\/2024\/10\/Carbon-Fiber-Insoles-Boost-Explosive-Power-and-Bounce-Arch-Support-Shock-Absorption-Injury-Prevention-Alleviate-Foot-Pain-1-1-700x700.png 700w, https:\/\/www.carbonfiberinsoles.shop\/wp-content\/uploads\/2024\/10\/Carbon-Fiber-Insoles-Boost-Explosive-Power-and-Bounce-Arch-Support-Shock-Absorption-Injury-Prevention-Alleviate-Foot-Pain-1-1-300x300.png 300w, https:\/\/www.carbonfiberinsoles.shop\/wp-content\/uploads\/2024\/10\/Carbon-Fiber-Insoles-Boost-Explosive-Power-and-Bounce-Arch-Support-Shock-Absorption-Injury-Prevention-Alleviate-Foot-Pain-1-1-150x150.png 150w\" sizes=\"(max-width: 720px) 100vw, 720px\" \/><\/p>\n<p>&nbsp;<\/p>\n<p><img loading=\"lazy\" decoding=\"async\" class=\"wp-image-519 size-full aligncenter\" src=\"https:\/\/www.carbonfiberinsoles.shop\/wp-content\/uploads\/2024\/09\/Carbon-Fiber-Insoles-for-Men-Women-Shock-Absorbing-Sport-Shoe-Insoles-for-Basketball-Voll-.jpg\" alt=\"Solette in fibra di carbonio per uomini e donne, solette per scarpe sportive ammortizzanti per il basket ( (3)\" width=\"970\" height=\"600\" srcset=\"https:\/\/www.carbonfiberinsoles.shop\/wp-content\/uploads\/2024\/09\/Carbon-Fiber-Insoles-for-Men-Women-Shock-Absorbing-Sport-Shoe-Insoles-for-Basketball-Voll-.jpg 970w, https:\/\/www.carbonfiberinsoles.shop\/wp-content\/uploads\/2024\/09\/Carbon-Fiber-Insoles-for-Men-Women-Shock-Absorbing-Sport-Shoe-Insoles-for-Basketball-Voll--430x266.jpg 430w, https:\/\/www.carbonfiberinsoles.shop\/wp-content\/uploads\/2024\/09\/Carbon-Fiber-Insoles-for-Men-Women-Shock-Absorbing-Sport-Shoe-Insoles-for-Basketball-Voll--700x433.jpg 700w, https:\/\/www.carbonfiberinsoles.shop\/wp-content\/uploads\/2024\/09\/Carbon-Fiber-Insoles-for-Men-Women-Shock-Absorbing-Sport-Shoe-Insoles-for-Basketball-Voll--300x186.jpg 300w, https:\/\/www.carbonfiberinsoles.shop\/wp-content\/uploads\/2024\/09\/Carbon-Fiber-Insoles-for-Men-Women-Shock-Absorbing-Sport-Shoe-Insoles-for-Basketball-Voll--768x475.jpg 768w\" sizes=\"(max-width: 970px) 100vw, 970px\" \/><\/p>\n<p>&nbsp;<\/p>\n<p><img loading=\"lazy\" decoding=\"async\" class=\"wp-image-517 size-full aligncenter\" src=\"https:\/\/www.carbonfiberinsoles.shop\/wp-content\/uploads\/2024\/09\/Carbon-Fiber-Insoles-for-Men-Women-Shock-Absorbing-Sport-Shoe-Insoles-for-Basketball-Voll-3.jpg\" alt=\"Solette in fibra di carbonio per uomini e donne, solette per scarpe sportive ammortizzanti per il basket ( (3)\" width=\"970\" height=\"600\" srcset=\"https:\/\/www.carbonfiberinsoles.shop\/wp-content\/uploads\/2024\/09\/Carbon-Fiber-Insoles-for-Men-Women-Shock-Absorbing-Sport-Shoe-Insoles-for-Basketball-Voll-3.jpg 970w, https:\/\/www.carbonfiberinsoles.shop\/wp-content\/uploads\/2024\/09\/Carbon-Fiber-Insoles-for-Men-Women-Shock-Absorbing-Sport-Shoe-Insoles-for-Basketball-Voll-3-430x266.jpg 430w, https:\/\/www.carbonfiberinsoles.shop\/wp-content\/uploads\/2024\/09\/Carbon-Fiber-Insoles-for-Men-Women-Shock-Absorbing-Sport-Shoe-Insoles-for-Basketball-Voll-3-700x433.jpg 700w, https:\/\/www.carbonfiberinsoles.shop\/wp-content\/uploads\/2024\/09\/Carbon-Fiber-Insoles-for-Men-Women-Shock-Absorbing-Sport-Shoe-Insoles-for-Basketball-Voll-3-300x186.jpg 300w, https:\/\/www.carbonfiberinsoles.shop\/wp-content\/uploads\/2024\/09\/Carbon-Fiber-Insoles-for-Men-Women-Shock-Absorbing-Sport-Shoe-Insoles-for-Basketball-Voll-3-768x475.jpg 768w\" sizes=\"(max-width: 970px) 100vw, 970px\" \/><\/p>\n<p><img loading=\"lazy\" decoding=\"async\" class=\"wp-image-512 size-large aligncenter\" src=\"https:\/\/www.carbonfiberinsoles.shop\/wp-content\/uploads\/2024\/09\/Gold-Performance-Insoles\u2013Customized-Carbon-Fiber-Inserts-Non-Cleated-Shoes\u2013Basketball-Volleyball-Racquet-Sports-Ru1-1024x239.png\" alt=\"Solette Gold Performance - Inserti personalizzati in fibra di carbonio, scarpe non chiodate - pallacanestro, pallavolo, sport di racchetta, Ru(1)\" width=\"1024\" height=\"239\" srcset=\"https:\/\/www.carbonfiberinsoles.shop\/wp-content\/uploads\/2024\/09\/Gold-Performance-Insoles\u2013Customized-Carbon-Fiber-Inserts-Non-Cleated-Shoes\u2013Basketball-Volleyball-Racquet-Sports-Ru1-1024x239.png 1024w, https:\/\/www.carbonfiberinsoles.shop\/wp-content\/uploads\/2024\/09\/Gold-Performance-Insoles\u2013Customized-Carbon-Fiber-Inserts-Non-Cleated-Shoes\u2013Basketball-Volleyball-Racquet-Sports-Ru1-430x100.png 430w, https:\/\/www.carbonfiberinsoles.shop\/wp-content\/uploads\/2024\/09\/Gold-Performance-Insoles\u2013Customized-Carbon-Fiber-Inserts-Non-Cleated-Shoes\u2013Basketball-Volleyball-Racquet-Sports-Ru1-700x164.png 700w, https:\/\/www.carbonfiberinsoles.shop\/wp-content\/uploads\/2024\/09\/Gold-Performance-Insoles\u2013Customized-Carbon-Fiber-Inserts-Non-Cleated-Shoes\u2013Basketball-Volleyball-Racquet-Sports-Ru1-300x70.png 300w, https:\/\/www.carbonfiberinsoles.shop\/wp-content\/uploads\/2024\/09\/Gold-Performance-Insoles\u2013Customized-Carbon-Fiber-Inserts-Non-Cleated-Shoes\u2013Basketball-Volleyball-Racquet-Sports-Ru1-768x179.png 768w, https:\/\/www.carbonfiberinsoles.shop\/wp-content\/uploads\/2024\/09\/Gold-Performance-Insoles\u2013Customized-Carbon-Fiber-Inserts-Non-Cleated-Shoes\u2013Basketball-Volleyball-Racquet-Sports-Ru1-1536x359.png 1536w, https:\/\/www.carbonfiberinsoles.shop\/wp-content\/uploads\/2024\/09\/Gold-Performance-Insoles\u2013Customized-Carbon-Fiber-Inserts-Non-Cleated-Shoes\u2013Basketball-Volleyball-Racquet-Sports-Ru1.png 1721w\" sizes=\"(max-width: 1024px) 100vw, 1024px\" \/><\/p>\n<p>&nbsp;<\/p>\n<p data-start=\"479\" data-end=\"853\"><em data-start=\"479\" data-end=\"490\">Panoramica:<\/em> Elevate le vostre prestazioni atletiche con le nostre solette in fibra di carbonio, meticolosamente progettate per migliorare la potenza esplosiva e il rimbalzo. Queste solette offrono un eccezionale supporto dell'arco plantare e un assorbimento degli urti, contribuendo alla prevenzione degli infortuni e alleviando il dolore ai piedi. Sono ideali per gli atleti che desiderano migliorare le prestazioni e il comfort durante le attivit\u00e0 ad alta intensit\u00e0.<\/p>\n<p data-start=\"855\" data-end=\"866\"><em data-start=\"855\" data-end=\"866\">Caratteristiche:<\/em><\/p>\n<ul data-start=\"867\" data-end=\"1538\">\n<li data-start=\"867\" data-end=\"1025\"><strong data-start=\"869\" data-end=\"900\">Piastre elastiche in fibra di carbonio:<\/strong> Ottimizza la biomeccanica per aumentare la potenza esplosiva e il rimbalzo durante le attivit\u00e0 sportive.\n<div class=\"relative inline-flex items-center\"><a class=\"ml-1 inline-flex h-[22px] items-center rounded-xl bg-[#f4f4f4] px-2 text-[0.5em] font-medium text-token-text-secondary dark:bg-token-main-surface-secondary !text-token-text-secondary uppercase hover:bg-token-text-primary hover:!text-token-main-surface-secondary dark:hover:bg-token-text-primary group\" href=\"https:\/\/www.insolesus.com\/product\/carbon-fiber-insoles-boost-explosive-power-and-bounce-arch-support-shock-absorption-injury-prevention-alleviate-foot-pain\/?utm_source=chatgpt.com\" target=\"_blank\" rel=\"noopener\"><span class=\"truncate\">soletteus.com<\/span><\/a><\/div>\n<\/li>\n<li data-start=\"1026\" data-end=\"1187\"><strong data-start=\"1028\" data-end=\"1055\">Supporto ergonomico per l'arco plantare:<\/strong> Fornisce un perfetto supporto dell'arco plantare basato sull'ergonomia del piede, riducendo l'affaticamento e il disagio del piede.\n<div class=\"relative inline-flex items-center\"><a class=\"ml-1 inline-flex h-[22px] items-center rounded-xl bg-[#f4f4f4] px-2 text-[0.5em] font-medium text-token-text-secondary dark:bg-token-main-surface-secondary !text-token-text-secondary uppercase hover:bg-token-text-primary hover:!text-token-main-surface-secondary dark:hover:bg-token-text-primary group\" href=\"https:\/\/www.insolesus.com\/product\/carbon-fiber-insoles-boost-explosive-power-and-bounce-arch-support-shock-absorption-injury-prevention-alleviate-foot-pain\/?utm_source=chatgpt.com\" target=\"_blank\" rel=\"noopener\"><span class=\"truncate\">soletteus.com<\/span><\/a><\/div>\n<\/li>\n<li data-start=\"1188\" data-end=\"1306\"><strong data-start=\"1190\" data-end=\"1211\">Assorbimento degli urti:<\/strong> Attenua l'impatto durante le attivit\u00e0 ad alta intensit\u00e0, migliorando il comfort e riducendo il rischio di lesioni.<\/li>\n<li data-start=\"1307\" data-end=\"1413\"><strong data-start=\"1309\" data-end=\"1331\">Prevenzione degli infortuni:<\/strong> Favorisce l'allineamento e la stabilit\u00e0 del piede, aiutando a prevenire le lesioni sportive pi\u00f9 comuni.<\/li>\n<li data-start=\"1414\" data-end=\"1538\"><strong data-start=\"1416\" data-end=\"1437\">Alleviare il dolore:<\/strong> Progettato per alleviare il dolore ai piedi associato a condizioni come la fascite plantare e l'iperpronazione.<\/li>\n<\/ul>\n<p data-start=\"1540\" data-end=\"1574\"><em data-start=\"1540\" data-end=\"1574\">Il motivo per cui acquistare questo prodotto:<\/em><\/p>\n<ul data-start=\"1575\" data-end=\"1934\">\n<li data-start=\"1575\" data-end=\"1699\"><strong data-start=\"1577\" data-end=\"1602\">Prestazioni migliorate:<\/strong> La struttura in fibra di carbonio aumenta la potenza esplosiva e il rimbalzo, migliorando le prestazioni atletiche.<\/li>\n<li data-start=\"1700\" data-end=\"1819\"><strong data-start=\"1702\" data-end=\"1723\">Comfort superiore:<\/strong> Il design ergonomico e l'assorbimento degli urti garantiscono un comfort duraturo durante le attivit\u00e0 ad alta intensit\u00e0.<\/li>\n<li data-start=\"1820\" data-end=\"1934\"><strong data-start=\"1822\" data-end=\"1840\">Uso versatile:<\/strong> Adatto a vari sport, tra cui corsa, basket e altre attivit\u00e0 ad alto impatto.<\/li>\n<\/ul>\n<p data-start=\"1936\" data-end=\"1943\"><em data-start=\"1936\" data-end=\"1943\">Domande frequenti:<\/em><\/p>\n<ol data-start=\"1945\" data-end=\"2411\">\n<li data-start=\"1945\" data-end=\"2092\">\n<p data-start=\"1948\" data-end=\"1998\"><strong data-start=\"1948\" data-end=\"1998\">Queste solette sono adatte a tutti i tipi di scarpe?<\/strong><\/p>\n<ul data-start=\"2002\" data-end=\"2092\">\n<li data-start=\"2002\" data-end=\"2092\">S\u00ec, il loro design sottile permette di adattarsi comodamente alla maggior parte delle scarpe sportive e casual.<\/li>\n<\/ul>\n<\/li>\n<li data-start=\"2094\" data-end=\"2266\">\n<p data-start=\"2097\" data-end=\"2138\"><strong data-start=\"2097\" data-end=\"2138\">Possono essere utili per la fascite plantare?<\/strong><\/p>\n<ul data-start=\"2142\" data-end=\"2266\">\n<li data-start=\"2142\" data-end=\"2266\">S\u00ec, il supporto dell'arco plantare e le caratteristiche di assorbimento degli urti sono stati progettati per alleviare il dolore al piede associato alla fascite plantare.<\/li>\n<\/ul>\n<\/li>\n<li data-start=\"2268\" data-end=\"2411\">\n<p data-start=\"2271\" data-end=\"2304\"><strong data-start=\"2271\" data-end=\"2304\">Come posso pulire queste solette?<\/strong><\/p>\n<ul data-start=\"2308\" data-end=\"2411\">\n<li data-start=\"2308\" data-end=\"2411\">Pulire delicatamente con un panno umido e sapone neutro. Evitare di immergerli in acqua o di utilizzare prodotti chimici aggressivi.<\/li>\n<\/ul>\n<\/li>\n<\/ol>","protected":false},"excerpt":{"rendered":"<ul class=\"a-unordered-list a-vertical a-spacing-mini\">\n<li class=\"a-spacing-mini\"><strong>Caratteristiche principali:<\/strong>\n<ul>\n<li><strong>Potenziamento della potenza esplosiva<\/strong>: Migliorare l'altezza e la potenza dei salti con un sistema reattivo. <strong>solette in fibra di carbonio<\/strong>.<\/li>\n<li><strong>Supporto superiore per l'arco plantare<\/strong>: Garantisce un allineamento ottimale del piede e riduce le tensioni durante le attivit\u00e0 ad alto impatto.<\/li>\n<li><strong>Assorbimento degli urti<\/strong>: Minimizza l'impatto sul piede, riducendo il rischio di lesioni e alleviando il dolore ai piedi.<\/li>\n<li><strong>Prevenzione degli infortuni<\/strong>: Progettato per ridurre le probabilit\u00e0 di lesioni sportive comuni, offrendo al contempo protezione al piede.<\/li>\n<li><strong>Resistente e leggero<\/strong>: La struttura in fibra di carbonio \u00e8 resistente e leggera al tempo stesso, per garantire comfort e sostegno per tutto il giorno.<\/li>\n<\/ul>\n<p>Portate il vostro gioco al livello successivo con <strong>solette in fibra di carbonio<\/strong> che forniscono il supporto e l'aumento delle prestazioni di cui avete bisogno. Che siate atleti o semplicemente alla ricerca di un maggiore comfort, queste solette offrono una protezione e una potenza senza pari!<\/li>\n<\/ul>","protected":false},"featured_media":596,"comment_status":"open","ping_status":"closed","template":"","meta":{"_kadence_starter_templates_imported_post":false,"_kad_post_transparent":"default","_kad_post_title":"","_kad_post_layout":"default","_kad_post_sidebar_id":"","_kad_post_content_style":"default","_kad_post_vertical_padding":"default","_kad_post_feature":"","_kad_post_feature_position":"","_kad_post_header":false,"_kad_post_footer":false},"product_brand":[],"product_cat":[234,22],"product_tag":[51,49,47,50],"class_list":{"0":"post-593","1":"product","2":"type-product","3":"status-publish","4":"has-post-thumbnail","6":"product_cat-carbon-fibre-insoles-basketball","7":"product_cat-carbon-fiber-insoles","8":"product_tag-carbon-fiber-foot-insoles","9":"product_tag-carbon-fiber-insole","10":"product_tag-carbon-fiber-insoles","11":"product_tag-carbon-fiber-shoe-insoles","12":"pa_us-ca-size-m10-w12","13":"pa_us-ca-size-m5-5-w7-5-245mm","14":"pa_us-ca-size-m6-w8","15":"pa_us-ca-size-m7-5-w9-5-260mm","16":"pa_us-ca-size-m7-w9","17":"pa_us-ca-size-m8-5-w10-5-270mm","18":"pa_us-ca-size-m9-w11","20":"first","21":"instock","22":"shipping-taxable","23":"purchasable","24":"product-type-variable","25":"entry","26":"content-bg","27":"loop-entry"},"aioseo_notices":[],"_links":{"self":[{"href":"https:\/\/www.carbonfiberinsoles.shop\/it\/wp-json\/wp\/v2\/product\/593","targetHints":{"allow":["GET"]}}],"collection":[{"href":"https:\/\/www.carbonfiberinsoles.shop\/it\/wp-json\/wp\/v2\/product"}],"about":[{"href":"https:\/\/www.carbonfiberinsoles.shop\/it\/wp-json\/wp\/v2\/types\/product"}],"replies":[{"embeddable":true,"href":"https:\/\/www.carbonfiberinsoles.shop\/it\/wp-json\/wp\/v2\/comments?post=593"}],"version-history":[{"count":1,"href":"https:\/\/www.carbonfiberinsoles.shop\/it\/wp-json\/wp\/v2\/product\/593\/revisions"}],"predecessor-version":[{"id":21593,"href":"https:\/\/www.carbonfiberinsoles.shop\/it\/wp-json\/wp\/v2\/product\/593\/revisions\/21593"}],"wp:featuredmedia":[{"embeddable":true,"href":"https:\/\/www.carbonfiberinsoles.shop\/it\/wp-json\/wp\/v2\/media\/596"}],"wp:attachment":[{"href":"https:\/\/www.carbonfiberinsoles.shop\/it\/wp-json\/wp\/v2\/media?parent=593"}],"wp:term":[{"taxonomy":"product_brand","embeddable":true,"href":"https:\/\/www.carbonfiberinsoles.shop\/it\/wp-json\/wp\/v2\/product_brand?post=593"},{"taxonomy":"product_cat","embeddable":true,"href":"https:\/\/www.carbonfiberinsoles.shop\/it\/wp-json\/wp\/v2\/product_cat?post=593"},{"taxonomy":"product_tag","embeddable":true,"href":"https:\/\/www.carbonfiberinsoles.shop\/it\/wp-json\/wp\/v2\/product_tag?post=593"}],"curies":[{"name":"wp","href":"https:\/\/api.w.org\/{rel}","templated":true}]}}