{"id":159,"date":"2024-09-27T13:36:48","date_gmt":"2024-09-27T13:36:48","guid":{"rendered":"https:\/\/carbonfiberinsoles.shop\/?post_type=product&#038;p=159"},"modified":"2025-09-03T19:06:10","modified_gmt":"2025-09-03T19:06:10","slug":"gold-performance-insoles-customized-carbon-fiber-insoles-non-cleated-shoes-basketball-volleyball-racquet-sports-running-more-run-faster-jump-higher-recover-quicker-pro","status":"publish","type":"product","link":"https:\/\/www.carbonfiberinsoles.shop\/pt\/produto\/gold-performance-insoles-customized-carbon-fiber-insoles-non-cleated-shoes-basketball-volleyball-racquet-sports-running-more-run-faster-jump-higher-recover-quicker-pro\/","title":{"rendered":"Palmilhas de fibra de carbono Gold Performance"},"content":{"rendered":"<p>Melhore seu desempenho com <strong>Palmilhas de fibra de carbono Gold Performance<\/strong>personalizados para t\u00eanis sem cadar\u00e7os. Projetados para melhorar a velocidade, aumentar a altura do salto e acelerar a recupera\u00e7\u00e3o, esses t\u00eanis de alto desempenho <strong>palmilhas de fibra de carbono<\/strong> s\u00e3o perfeitos para atletas envolvidos em basquete, v\u00f4lei, esportes com raquete, corrida e muito mais.<\/p>\n<p>Fabricadas com fibra de carbono premium, essas palmilhas oferecem resist\u00eancia e flexibilidade inigual\u00e1veis, al\u00e9m de permanecerem incrivelmente leves. O ajuste personalizado oferece suporte superior ao arco, garantindo que seus p\u00e9s permane\u00e7am confort\u00e1veis e est\u00e1veis durante atividades intensas. Com estas <strong>palmilhas de fibra de carbono<\/strong>Com o sistema de treinamento de seguran\u00e7a, voc\u00ea pode desfrutar de melhor retorno de energia, melhor alinhamento do p\u00e9 e press\u00e3o reduzida em \u00e1reas importantes, permitindo que voc\u00ea tenha o melhor desempenho poss\u00edvel.<\/p>\n<p>Se voc\u00ea deseja correr mais r\u00e1pido, saltar mais alto ou se recuperar mais rapidamente de treinos intensos, estes <strong>palmilhas de fibra de carbono<\/strong> s\u00e3o a chave para liberar todo o seu potencial. Projetadas para atletas que exigem o melhor, essas palmilhas melhorar\u00e3o seu desempenho na quadra, no campo ou na pista.<\/p>\n<p>&nbsp;<\/p>\n<p><img fetchpriority=\"high\" decoding=\"async\" class=\"wp-image-509 size-full aligncenter\" src=\"https:\/\/www.carbonfiberinsoles.shop\/wp-content\/uploads\/2024\/09\/Gold-Performance-Insoles\u2013Customized-Carbon-Fiber-Inserts-Non-Cleated-Shoes\u2013Basketball-Volleyball-Racquet-Sports-Running-Mo-15.jpg\" alt=\"Palmilhas de desempenho Gold - palmilhas personalizadas de fibra de carbono, cal\u00e7ados sem rebordo - basquete, v\u00f4lei, esportes com raquete, corrida e corrida de rua ( (3)\" width=\"720\" height=\"720\" srcset=\"https:\/\/www.carbonfiberinsoles.shop\/wp-content\/uploads\/2024\/09\/Gold-Performance-Insoles\u2013Customized-Carbon-Fiber-Inserts-Non-Cleated-Shoes\u2013Basketball-Volleyball-Racquet-Sports-Running-Mo-15.jpg 720w, https:\/\/www.carbonfiberinsoles.shop\/wp-content\/uploads\/2024\/09\/Gold-Performance-Insoles\u2013Customized-Carbon-Fiber-Inserts-Non-Cleated-Shoes\u2013Basketball-Volleyball-Racquet-Sports-Running-Mo-15-430x430.jpg 430w, https:\/\/www.carbonfiberinsoles.shop\/wp-content\/uploads\/2024\/09\/Gold-Performance-Insoles\u2013Customized-Carbon-Fiber-Inserts-Non-Cleated-Shoes\u2013Basketball-Volleyball-Racquet-Sports-Running-Mo-15-100x100.jpg 100w, https:\/\/www.carbonfiberinsoles.shop\/wp-content\/uploads\/2024\/09\/Gold-Performance-Insoles\u2013Customized-Carbon-Fiber-Inserts-Non-Cleated-Shoes\u2013Basketball-Volleyball-Racquet-Sports-Running-Mo-15-700x700.jpg 700w, https:\/\/www.carbonfiberinsoles.shop\/wp-content\/uploads\/2024\/09\/Gold-Performance-Insoles\u2013Customized-Carbon-Fiber-Inserts-Non-Cleated-Shoes\u2013Basketball-Volleyball-Racquet-Sports-Running-Mo-15-300x300.jpg 300w, https:\/\/www.carbonfiberinsoles.shop\/wp-content\/uploads\/2024\/09\/Gold-Performance-Insoles\u2013Customized-Carbon-Fiber-Inserts-Non-Cleated-Shoes\u2013Basketball-Volleyball-Racquet-Sports-Running-Mo-15-150x150.jpg 150w\" sizes=\"(max-width: 720px) 100vw, 720px\" \/> <img decoding=\"async\" class=\"wp-image-497 size-full aligncenter\" src=\"https:\/\/www.carbonfiberinsoles.shop\/wp-content\/uploads\/2024\/09\/Gold-Performance-Insoles\u2013Customized-Carbon-Fiber-Inserts-Non-Cleated-Shoes\u2013Basketball-Volleyball-Racquet-Sports-Running-Mo-3.jpg\" alt=\"Palmilhas de desempenho Gold - palmilhas personalizadas de fibra de carbono, cal\u00e7ados sem rebordo - basquete, v\u00f4lei, esportes com raquete, corrida e corrida de rua ( (3)\" width=\"800\" height=\"800\" srcset=\"https:\/\/www.carbonfiberinsoles.shop\/wp-content\/uploads\/2024\/09\/Gold-Performance-Insoles\u2013Customized-Carbon-Fiber-Inserts-Non-Cleated-Shoes\u2013Basketball-Volleyball-Racquet-Sports-Running-Mo-3.jpg 800w, https:\/\/www.carbonfiberinsoles.shop\/wp-content\/uploads\/2024\/09\/Gold-Performance-Insoles\u2013Customized-Carbon-Fiber-Inserts-Non-Cleated-Shoes\u2013Basketball-Volleyball-Racquet-Sports-Running-Mo-3-430x430.jpg 430w, https:\/\/www.carbonfiberinsoles.shop\/wp-content\/uploads\/2024\/09\/Gold-Performance-Insoles\u2013Customized-Carbon-Fiber-Inserts-Non-Cleated-Shoes\u2013Basketball-Volleyball-Racquet-Sports-Running-Mo-3-100x100.jpg 100w, https:\/\/www.carbonfiberinsoles.shop\/wp-content\/uploads\/2024\/09\/Gold-Performance-Insoles\u2013Customized-Carbon-Fiber-Inserts-Non-Cleated-Shoes\u2013Basketball-Volleyball-Racquet-Sports-Running-Mo-3-700x700.jpg 700w, https:\/\/www.carbonfiberinsoles.shop\/wp-content\/uploads\/2024\/09\/Gold-Performance-Insoles\u2013Customized-Carbon-Fiber-Inserts-Non-Cleated-Shoes\u2013Basketball-Volleyball-Racquet-Sports-Running-Mo-3-300x300.jpg 300w, https:\/\/www.carbonfiberinsoles.shop\/wp-content\/uploads\/2024\/09\/Gold-Performance-Insoles\u2013Customized-Carbon-Fiber-Inserts-Non-Cleated-Shoes\u2013Basketball-Volleyball-Racquet-Sports-Running-Mo-3-150x150.jpg 150w, https:\/\/www.carbonfiberinsoles.shop\/wp-content\/uploads\/2024\/09\/Gold-Performance-Insoles\u2013Customized-Carbon-Fiber-Inserts-Non-Cleated-Shoes\u2013Basketball-Volleyball-Racquet-Sports-Running-Mo-3-768x768.jpg 768w\" sizes=\"(max-width: 800px) 100vw, 800px\" \/> <img decoding=\"async\" class=\"wp-image-498 size-full aligncenter\" src=\"https:\/\/www.carbonfiberinsoles.shop\/wp-content\/uploads\/2024\/09\/Gold-Performance-Insoles\u2013Customized-Carbon-Fiber-Inserts-Non-Cleated-Shoes\u2013Basketball-Volleyball-Racquet-Sports-Running-Mo-4.jpg\" alt=\"Palmilhas de desempenho Gold - palmilhas personalizadas de fibra de carbono, cal\u00e7ados sem rebordo - basquete, v\u00f4lei, esportes com raquete, corrida e corrida de rua ( (3)\" width=\"800\" height=\"902\" srcset=\"https:\/\/www.carbonfiberinsoles.shop\/wp-content\/uploads\/2024\/09\/Gold-Performance-Insoles\u2013Customized-Carbon-Fiber-Inserts-Non-Cleated-Shoes\u2013Basketball-Volleyball-Racquet-Sports-Running-Mo-4.jpg 800w, https:\/\/www.carbonfiberinsoles.shop\/wp-content\/uploads\/2024\/09\/Gold-Performance-Insoles\u2013Customized-Carbon-Fiber-Inserts-Non-Cleated-Shoes\u2013Basketball-Volleyball-Racquet-Sports-Running-Mo-4-430x485.jpg 430w, https:\/\/www.carbonfiberinsoles.shop\/wp-content\/uploads\/2024\/09\/Gold-Performance-Insoles\u2013Customized-Carbon-Fiber-Inserts-Non-Cleated-Shoes\u2013Basketball-Volleyball-Racquet-Sports-Running-Mo-4-700x789.jpg 700w, https:\/\/www.carbonfiberinsoles.shop\/wp-content\/uploads\/2024\/09\/Gold-Performance-Insoles\u2013Customized-Carbon-Fiber-Inserts-Non-Cleated-Shoes\u2013Basketball-Volleyball-Racquet-Sports-Running-Mo-4-266x300.jpg 266w, https:\/\/www.carbonfiberinsoles.shop\/wp-content\/uploads\/2024\/09\/Gold-Performance-Insoles\u2013Customized-Carbon-Fiber-Inserts-Non-Cleated-Shoes\u2013Basketball-Volleyball-Racquet-Sports-Running-Mo-4-768x866.jpg 768w\" sizes=\"(max-width: 800px) 100vw, 800px\" \/> <img loading=\"lazy\" decoding=\"async\" class=\"wp-image-499 size-large aligncenter\" src=\"https:\/\/www.carbonfiberinsoles.shop\/wp-content\/uploads\/2024\/09\/Gold-Performance-Insoles\u2013Customized-Carbon-Fiber-Inserts-Non-Cleated-Shoes\u2013Basketball-Volleyball-Racquet-Sports-Running-Mo-5-690x1024.jpg\" alt=\"Palmilhas de desempenho Gold - palmilhas personalizadas de fibra de carbono, cal\u00e7ados sem rebordo - basquete, v\u00f4lei, esportes com raquete, corrida e corrida de rua ( (3)\" width=\"690\" height=\"1024\" srcset=\"https:\/\/www.carbonfiberinsoles.shop\/wp-content\/uploads\/2024\/09\/Gold-Performance-Insoles\u2013Customized-Carbon-Fiber-Inserts-Non-Cleated-Shoes\u2013Basketball-Volleyball-Racquet-Sports-Running-Mo-5-690x1024.jpg 690w, https:\/\/www.carbonfiberinsoles.shop\/wp-content\/uploads\/2024\/09\/Gold-Performance-Insoles\u2013Customized-Carbon-Fiber-Inserts-Non-Cleated-Shoes\u2013Basketball-Volleyball-Racquet-Sports-Running-Mo-5-430x639.jpg 430w, https:\/\/www.carbonfiberinsoles.shop\/wp-content\/uploads\/2024\/09\/Gold-Performance-Insoles\u2013Customized-Carbon-Fiber-Inserts-Non-Cleated-Shoes\u2013Basketball-Volleyball-Racquet-Sports-Running-Mo-5-700x1040.jpg 700w, https:\/\/www.carbonfiberinsoles.shop\/wp-content\/uploads\/2024\/09\/Gold-Performance-Insoles\u2013Customized-Carbon-Fiber-Inserts-Non-Cleated-Shoes\u2013Basketball-Volleyball-Racquet-Sports-Running-Mo-5-202x300.jpg 202w, https:\/\/www.carbonfiberinsoles.shop\/wp-content\/uploads\/2024\/09\/Gold-Performance-Insoles\u2013Customized-Carbon-Fiber-Inserts-Non-Cleated-Shoes\u2013Basketball-Volleyball-Racquet-Sports-Running-Mo-5-768x1140.jpg 768w, https:\/\/www.carbonfiberinsoles.shop\/wp-content\/uploads\/2024\/09\/Gold-Performance-Insoles\u2013Customized-Carbon-Fiber-Inserts-Non-Cleated-Shoes\u2013Basketball-Volleyball-Racquet-Sports-Running-Mo-5.jpg 800w\" sizes=\"(max-width: 690px) 100vw, 690px\" \/> <img loading=\"lazy\" decoding=\"async\" class=\"wp-image-500 size-full aligncenter\" src=\"https:\/\/www.carbonfiberinsoles.shop\/wp-content\/uploads\/2024\/09\/Gold-Performance-Insoles\u2013Customized-Carbon-Fiber-Inserts-Non-Cleated-Shoes\u2013Basketball-Volleyball-Racquet-Sports-Running-Mo-6.jpg\" alt=\"Palmilhas de desempenho Gold - palmilhas personalizadas de fibra de carbono, cal\u00e7ados sem rebordo - basquete, v\u00f4lei, esportes com raquete, corrida e corrida de rua ( (3)\" width=\"800\" height=\"800\" srcset=\"https:\/\/www.carbonfiberinsoles.shop\/wp-content\/uploads\/2024\/09\/Gold-Performance-Insoles\u2013Customized-Carbon-Fiber-Inserts-Non-Cleated-Shoes\u2013Basketball-Volleyball-Racquet-Sports-Running-Mo-6.jpg 800w, https:\/\/www.carbonfiberinsoles.shop\/wp-content\/uploads\/2024\/09\/Gold-Performance-Insoles\u2013Customized-Carbon-Fiber-Inserts-Non-Cleated-Shoes\u2013Basketball-Volleyball-Racquet-Sports-Running-Mo-6-430x430.jpg 430w, https:\/\/www.carbonfiberinsoles.shop\/wp-content\/uploads\/2024\/09\/Gold-Performance-Insoles\u2013Customized-Carbon-Fiber-Inserts-Non-Cleated-Shoes\u2013Basketball-Volleyball-Racquet-Sports-Running-Mo-6-100x100.jpg 100w, https:\/\/www.carbonfiberinsoles.shop\/wp-content\/uploads\/2024\/09\/Gold-Performance-Insoles\u2013Customized-Carbon-Fiber-Inserts-Non-Cleated-Shoes\u2013Basketball-Volleyball-Racquet-Sports-Running-Mo-6-700x700.jpg 700w, https:\/\/www.carbonfiberinsoles.shop\/wp-content\/uploads\/2024\/09\/Gold-Performance-Insoles\u2013Customized-Carbon-Fiber-Inserts-Non-Cleated-Shoes\u2013Basketball-Volleyball-Racquet-Sports-Running-Mo-6-300x300.jpg 300w, https:\/\/www.carbonfiberinsoles.shop\/wp-content\/uploads\/2024\/09\/Gold-Performance-Insoles\u2013Customized-Carbon-Fiber-Inserts-Non-Cleated-Shoes\u2013Basketball-Volleyball-Racquet-Sports-Running-Mo-6-150x150.jpg 150w, https:\/\/www.carbonfiberinsoles.shop\/wp-content\/uploads\/2024\/09\/Gold-Performance-Insoles\u2013Customized-Carbon-Fiber-Inserts-Non-Cleated-Shoes\u2013Basketball-Volleyball-Racquet-Sports-Running-Mo-6-768x768.jpg 768w\" sizes=\"(max-width: 800px) 100vw, 800px\" \/> <img loading=\"lazy\" decoding=\"async\" class=\"wp-image-512 size-large aligncenter\" src=\"https:\/\/www.carbonfiberinsoles.shop\/wp-content\/uploads\/2024\/09\/Gold-Performance-Insoles\u2013Customized-Carbon-Fiber-Inserts-Non-Cleated-Shoes\u2013Basketball-Volleyball-Racquet-Sports-Ru1-1024x239.png\" alt=\"Palmilhas Gold Performance - Inser\u00e7\u00f5es personalizadas de fibra de carbono, cal\u00e7ados sem rebordo - basquete, v\u00f4lei, esportes de raquete, Ru(1)\" width=\"1024\" height=\"239\" srcset=\"https:\/\/www.carbonfiberinsoles.shop\/wp-content\/uploads\/2024\/09\/Gold-Performance-Insoles\u2013Customized-Carbon-Fiber-Inserts-Non-Cleated-Shoes\u2013Basketball-Volleyball-Racquet-Sports-Ru1-1024x239.png 1024w, https:\/\/www.carbonfiberinsoles.shop\/wp-content\/uploads\/2024\/09\/Gold-Performance-Insoles\u2013Customized-Carbon-Fiber-Inserts-Non-Cleated-Shoes\u2013Basketball-Volleyball-Racquet-Sports-Ru1-430x100.png 430w, https:\/\/www.carbonfiberinsoles.shop\/wp-content\/uploads\/2024\/09\/Gold-Performance-Insoles\u2013Customized-Carbon-Fiber-Inserts-Non-Cleated-Shoes\u2013Basketball-Volleyball-Racquet-Sports-Ru1-700x164.png 700w, https:\/\/www.carbonfiberinsoles.shop\/wp-content\/uploads\/2024\/09\/Gold-Performance-Insoles\u2013Customized-Carbon-Fiber-Inserts-Non-Cleated-Shoes\u2013Basketball-Volleyball-Racquet-Sports-Ru1-300x70.png 300w, https:\/\/www.carbonfiberinsoles.shop\/wp-content\/uploads\/2024\/09\/Gold-Performance-Insoles\u2013Customized-Carbon-Fiber-Inserts-Non-Cleated-Shoes\u2013Basketball-Volleyball-Racquet-Sports-Ru1-768x179.png 768w, https:\/\/www.carbonfiberinsoles.shop\/wp-content\/uploads\/2024\/09\/Gold-Performance-Insoles\u2013Customized-Carbon-Fiber-Inserts-Non-Cleated-Shoes\u2013Basketball-Volleyball-Racquet-Sports-Ru1-1536x359.png 1536w, https:\/\/www.carbonfiberinsoles.shop\/wp-content\/uploads\/2024\/09\/Gold-Performance-Insoles\u2013Customized-Carbon-Fiber-Inserts-Non-Cleated-Shoes\u2013Basketball-Volleyball-Racquet-Sports-Ru1.png 1721w\" sizes=\"(max-width: 1024px) 100vw, 1024px\" \/><\/p>\n<p>&nbsp;<\/p>\n<p data-start=\"373\" data-end=\"750\"><em data-start=\"373\" data-end=\"384\">Vis\u00e3o geral:<\/em> Eleve o n\u00edvel do seu jogo com nossas palmilhas de fibra de carbono Gold Performance, meticulosamente projetadas para aumentar o desempenho atl\u00e9tico em esportes sem salto, como basquete, v\u00f4lei, esportes com raquete e corrida. Fabricadas com fibra de carbono de grau aeroespacial, essas palmilhas proporcionam um retorno de energia excepcional, permitindo que os atletas corram mais r\u00e1pido, saltem mais alto e se recuperem mais rapidamente.<\/p>\n<p data-start=\"752\" data-end=\"763\"><em data-start=\"752\" data-end=\"763\">Caracter\u00edsticas:<\/em><\/p>\n<ul data-start=\"764\" data-end=\"1357\">\n<li data-start=\"764\" data-end=\"942\"><strong data-start=\"766\" data-end=\"803\">Tecnologia avan\u00e7ada de fibra de carbono:<\/strong> Constru\u00eddas com fibra de carbono 100% de grau aeroespacial, essas palmilhas oferecem resist\u00eancia e durabilidade inigual\u00e1veis, al\u00e9m de serem leves.<\/li>\n<li data-start=\"943\" data-end=\"1086\"><strong data-start=\"945\" data-end=\"964\">Ajuste personalizado:<\/strong> Adaptado para se ajustar a v\u00e1rios tipos de cal\u00e7ados sem salto, garantindo conforto e suporte ideais durante atividades f\u00edsicas intensas.<\/li>\n<li data-start=\"1087\" data-end=\"1231\"><strong data-start=\"1089\" data-end=\"1114\">Desempenho aprimorado:<\/strong> Projetado para ajudar os atletas a correr mais r\u00e1pido e saltar mais alto, proporcionando um retorno de energia superior e reduzindo a fadiga do p\u00e9.<\/li>\n<li data-start=\"1232\" data-end=\"1357\"><strong data-start=\"1234\" data-end=\"1256\">Preven\u00e7\u00e3o de les\u00f5es:<\/strong> Oferece excelente suporte e estabilidade, auxiliando na preven\u00e7\u00e3o de les\u00f5es comuns relacionadas a esportes.<\/li>\n<\/ul>\n<p data-start=\"1359\" data-end=\"1393\"><em data-start=\"1359\" data-end=\"1393\">Por que voc\u00ea deve comprar este produto:<\/em><\/p>\n<ul data-start=\"1394\" data-end=\"1945\">\n<li data-start=\"1394\" data-end=\"1529\"><strong data-start=\"1396\" data-end=\"1427\">Aumente o desempenho esportivo:<\/strong> Experimente melhorias percept\u00edveis na velocidade e na agilidade, proporcionando-lhe uma vantagem competitiva em seu esporte.<\/li>\n<li data-start=\"1530\" data-end=\"1676\"><strong data-start=\"1532\" data-end=\"1553\">Conforto superior:<\/strong> Desfrute de um ajuste personalizado que se adapta ao formato exclusivo de seu p\u00e9, proporcionando conforto o dia todo durante o treinamento e a competi\u00e7\u00e3o.<\/li>\n<li data-start=\"1677\" data-end=\"1819\"><strong data-start=\"1679\" data-end=\"1708\">Dur\u00e1vel e de longa dura\u00e7\u00e3o:<\/strong> Fabricadas com materiais de alta qualidade, essas palmilhas foram criadas para resistir ao uso rigoroso, oferecendo valor a longo prazo.<\/li>\n<li data-start=\"1820\" data-end=\"1945\"><strong data-start=\"1822\" data-end=\"1848\">Aplica\u00e7\u00e3o vers\u00e1til:<\/strong> Ideais para uma variedade de esportes sem agulhas, tornando-os um complemento vers\u00e1til para seu equipamento esportivo.<\/li>\n<\/ul>\n<p data-start=\"1947\" data-end=\"1954\"><em data-start=\"1947\" data-end=\"1954\">Perguntas frequentes:<\/em><\/p>\n<ol data-start=\"1956\" data-end=\"2648\">\n<li data-start=\"1956\" data-end=\"2107\">\n<p data-start=\"1959\" data-end=\"2002\"><strong data-start=\"1959\" data-end=\"2002\">Essas palmilhas s\u00e3o adequadas para corrida?<\/strong><\/p>\n<ul data-start=\"2006\" data-end=\"2107\">\n<li data-start=\"2006\" data-end=\"2107\">Sim, eles s\u00e3o projetados especificamente para aprimorar o desempenho em corridas e outros esportes sem agulhas.<\/li>\n<\/ul>\n<\/li>\n<li data-start=\"2109\" data-end=\"2279\">\n<p data-start=\"2112\" data-end=\"2156\"><strong data-start=\"2112\" data-end=\"2156\">Essas palmilhas podem ajudar a prevenir les\u00f5es?<\/strong><\/p>\n<ul data-start=\"2160\" data-end=\"2279\">\n<li data-start=\"2160\" data-end=\"2279\">Com certeza, eles oferecem excelente suporte e estabilidade, o que pode ajudar a evitar les\u00f5es comuns relacionadas a esportes.<\/li>\n<\/ul>\n<\/li>\n<li data-start=\"2281\" data-end=\"2453\">\n<p data-start=\"2284\" data-end=\"2328\"><strong data-start=\"2284\" data-end=\"2328\">Como fa\u00e7o para limpar e manter as palmilhas?<\/strong><\/p>\n<ul data-start=\"2332\" data-end=\"2453\">\n<li data-start=\"2332\" data-end=\"2453\">Recomenda-se limp\u00e1-los com um pano \u00famido e sab\u00e3o neutro. Evite mergulh\u00e1-los na \u00e1gua ou usar produtos qu\u00edmicos agressivos.<\/li>\n<\/ul>\n<\/li>\n<li data-start=\"2455\" data-end=\"2648\">\n<p data-start=\"2458\" data-end=\"2517\"><strong data-start=\"2458\" data-end=\"2517\">Essas palmilhas se adaptam a todos os tipos de cal\u00e7ados sem salto?<\/strong><\/p>\n<ul data-start=\"2521\" data-end=\"2648\">\n<li data-start=\"2521\" data-end=\"2648\">Elas foram projetadas para se ajustar \u00e0 maioria dos cal\u00e7ados esportivos sem rebordo. Entretanto, \u00e9 aconselh\u00e1vel verificar a tabela de tamanhos para obter o melhor ajuste.<\/li>\n<\/ul>\n<\/li>\n<\/ol>","protected":false},"excerpt":{"rendered":"<p><strong>Principais recursos:<\/strong><\/p>\n<ul>\n<li><strong>Design personalizado em fibra de carbono<\/strong>: Leve, dur\u00e1vel e feito sob medida para cal\u00e7ados esportivos sem rebordo.<\/li>\n<li><strong>Desempenho aprimorado<\/strong>: Aumente a velocidade, salte mais alto e recupere-se mais rapidamente com o suporte superior para os p\u00e9s.<\/li>\n<li><strong>Suporte e estabilidade do arco<\/strong>: Mant\u00e9m seus p\u00e9s alinhados e confort\u00e1veis durante esportes de alta intensidade.<\/li>\n<li><strong>Uso atl\u00e9tico vers\u00e1til<\/strong>: Ideal para basquete, v\u00f4lei, esportes com raquete, corrida e muito mais.<\/li>\n<li><strong>Efici\u00eancia energ\u00e9tica<\/strong>: Promove um melhor retorno de energia a cada passo, reduzindo a fadiga e o esfor\u00e7o.<\/li>\n<\/ul>\n<p>Maximize seu potencial atl\u00e9tico com <strong>Palmilhas de fibra de carbono Gold Performance<\/strong> e sinta a diferen\u00e7a em cada movimento!<\/p>","protected":false},"featured_media":501,"comment_status":"open","ping_status":"closed","template":"","meta":{"_kadence_starter_templates_imported_post":false,"_kad_post_transparent":"default","_kad_post_title":"","_kad_post_layout":"default","_kad_post_sidebar_id":"","_kad_post_content_style":"default","_kad_post_vertical_padding":"default","_kad_post_feature":"","_kad_post_feature_position":"","_kad_post_header":false,"_kad_post_footer":false},"product_brand":[],"product_cat":[22,241,237,236,239,238],"product_tag":[51,49,47,48],"class_list":{"0":"post-159","1":"product","2":"type-product","3":"status-publish","4":"has-post-thumbnail","6":"product_cat-carbon-fiber-insoles","7":"product_cat-carbon-fiber-insoles-golf","8":"product_cat-carbon-fiber-medical-insoles","9":"product_cat-carbon-fiber-insoles-running","10":"product_cat-carbon-fiber-insoles-volleyball","11":"product_cat-carbon-fiber-insoles-walking-and-hiking","12":"product_tag-carbon-fiber-foot-insoles","13":"product_tag-carbon-fiber-insole","14":"product_tag-carbon-fiber-insoles","15":"product_tag-insoles","16":"pa_us-ca-size-m10-5-w12-5-285mm","17":"pa_us-ca-size-m11-5-w13-5-295mm","18":"pa_us-ca-size-m7-w9","19":"pa_us-ca-size-m8-5-w10-5-270mm","20":"pa_us-ca-size-m8-w10","21":"pa_us-ca-size-m9-w11","23":"first","24":"instock","25":"shipping-taxable","26":"purchasable","27":"product-type-variable","28":"entry","29":"content-bg","30":"loop-entry"},"aioseo_notices":[],"_links":{"self":[{"href":"https:\/\/www.carbonfiberinsoles.shop\/pt\/wp-json\/wp\/v2\/product\/159","targetHints":{"allow":["GET"]}}],"collection":[{"href":"https:\/\/www.carbonfiberinsoles.shop\/pt\/wp-json\/wp\/v2\/product"}],"about":[{"href":"https:\/\/www.carbonfiberinsoles.shop\/pt\/wp-json\/wp\/v2\/types\/product"}],"replies":[{"embeddable":true,"href":"https:\/\/www.carbonfiberinsoles.shop\/pt\/wp-json\/wp\/v2\/comments?post=159"}],"version-history":[{"count":0,"href":"https:\/\/www.carbonfiberinsoles.shop\/pt\/wp-json\/wp\/v2\/product\/159\/revisions"}],"wp:featuredmedia":[{"embeddable":true,"href":"https:\/\/www.carbonfiberinsoles.shop\/pt\/wp-json\/wp\/v2\/media\/501"}],"wp:attachment":[{"href":"https:\/\/www.carbonfiberinsoles.shop\/pt\/wp-json\/wp\/v2\/media?parent=159"}],"wp:term":[{"taxonomy":"product_brand","embeddable":true,"href":"https:\/\/www.carbonfiberinsoles.shop\/pt\/wp-json\/wp\/v2\/product_brand?post=159"},{"taxonomy":"product_cat","embeddable":true,"href":"https:\/\/www.carbonfiberinsoles.shop\/pt\/wp-json\/wp\/v2\/product_cat?post=159"},{"taxonomy":"product_tag","embeddable":true,"href":"https:\/\/www.carbonfiberinsoles.shop\/pt\/wp-json\/wp\/v2\/product_tag?post=159"}],"curies":[{"name":"wp","href":"https:\/\/api.w.org\/{rel}","templated":true}]}}