{"id":16082,"date":"2025-03-08T14:12:17","date_gmt":"2025-03-08T14:12:17","guid":{"rendered":"https:\/\/www.carbonfiberinsoles.shop\/?post_type=product&#038;p=16082"},"modified":"2026-03-30T08:02:46","modified_gmt":"2026-03-30T08:02:46","slug":"carbon-plate-running-shoes-lightweight-carbon-fiber-shoes-for-men-women1","status":"publish","type":"product","link":"https:\/\/www.carbonfiberinsoles.shop\/pt\/produto\/carbon-plate-running-shoes-lightweight-carbon-fiber-shoes-for-men-women1\/","title":{"rendered":"T\u00eanis esportivo de alto desempenho com placa de carbono - Absor\u00e7\u00e3o de choque"},"content":{"rendered":"<div>\n<h4><\/h4>\n<div class=\"entry-content-asset videofit\"><iframe title=\"Cal\u00e7ados esportivos - Suporte de placa de carbono\" width=\"720\" height=\"540\" src=\"https:\/\/www.youtube.com\/embed\/GqIbwowq58Q?feature=oembed\" frameborder=\"0\" allow=\"accelerometer; autoplay; clipboard-write; encrypted-media; gyroscope; picture-in-picture; web-share\" referrerpolicy=\"strict-origin-when-cross-origin\" allowfullscreen><\/iframe><\/div>\n<h4>Vis\u00e3o geral<\/h4>\n<p class=\"break-words\">Entre no futuro da corrida com nosso t\u00eanis de corrida Carbon Plate, projetado para proporcionar desempenho e conforto excepcionais. Incorporando tecnologia de ponta em fibra de carbono, esses t\u00eanis proporcionam maior retorno de energia, estabilidade e durabilidade. Ideal para atletas profissionais e corredores casuais, nossos t\u00eanis com placa de carbono s\u00e3o projetados para otimizar sua passada e reduzir a fadiga, tornando cada corrida mais f\u00e1cil.<\/p>\n<h4>Especifica\u00e7\u00f5es<\/h4>\n<ul class=\"marker:text-secondary\">\n<li class=\"break-words\"><strong>Material<\/strong>: Parte superior: Malha respir\u00e1vel; Entressola: EVA com placa de fibra de carbono; sola externa: Borracha dur\u00e1vel<\/li>\n<li class=\"break-words\"><strong>Peso<\/strong>: Aproximadamente 250g (por sapato, tamanho US 9)<\/li>\n<li class=\"break-words\"><strong>Tamanhos<\/strong>: Dispon\u00edvel nos tamanhos 6 a 12 nos EUA<\/li>\n<li class=\"break-words\"><strong>Op\u00e7\u00f5es de cores<\/strong>: Cinza\/verde<\/li>\n<li class=\"break-words\"><strong>Tecnologia<\/strong>: Placa de carbono para retorno de energia, sola antiderrapante, palmilha de absor\u00e7\u00e3o de choque<\/li>\n<li class=\"break-words\"><strong>Em forma<\/strong>: Fiel ao tamanho, com colarinho almofadado para maior conforto<\/li>\n<\/ul>\n<div class=\"entry-content-asset videofit\"><iframe title=\"T\u00eanis esportivo de alto desempenho - Suporte de placa de carbono\" width=\"720\" height=\"540\" src=\"https:\/\/www.youtube.com\/embed\/HTkUuqgmCoA?feature=oembed\" frameborder=\"0\" allow=\"accelerometer; autoplay; clipboard-write; encrypted-media; gyroscope; picture-in-picture; web-share\" referrerpolicy=\"strict-origin-when-cross-origin\" allowfullscreen><\/iframe><\/div>\n<\/div>\n<p><img fetchpriority=\"high\" decoding=\"async\" class=\"aligncenter wp-image-19868 size-full\" src=\"http:\/\/www.carbonfiberinsoles.shop\/wp-content\/uploads\/2025\/03\/Carbon-Plate-Running-Shoes-Lightweight-Carbon-Fiber-Shoes-for-Men-Women-2_1.jpg\" alt=\"\" width=\"790\" height=\"1127\" srcset=\"https:\/\/www.carbonfiberinsoles.shop\/wp-content\/uploads\/2025\/03\/Carbon-Plate-Running-Shoes-Lightweight-Carbon-Fiber-Shoes-for-Men-Women-2_1.jpg 790w, https:\/\/www.carbonfiberinsoles.shop\/wp-content\/uploads\/2025\/03\/Carbon-Plate-Running-Shoes-Lightweight-Carbon-Fiber-Shoes-for-Men-Women-2_1-430x613.jpg 430w, https:\/\/www.carbonfiberinsoles.shop\/wp-content\/uploads\/2025\/03\/Carbon-Plate-Running-Shoes-Lightweight-Carbon-Fiber-Shoes-for-Men-Women-2_1-700x999.jpg 700w, https:\/\/www.carbonfiberinsoles.shop\/wp-content\/uploads\/2025\/03\/Carbon-Plate-Running-Shoes-Lightweight-Carbon-Fiber-Shoes-for-Men-Women-2_1-210x300.jpg 210w, https:\/\/www.carbonfiberinsoles.shop\/wp-content\/uploads\/2025\/03\/Carbon-Plate-Running-Shoes-Lightweight-Carbon-Fiber-Shoes-for-Men-Women-2_1-561x800.jpg 561w, https:\/\/www.carbonfiberinsoles.shop\/wp-content\/uploads\/2025\/03\/Carbon-Plate-Running-Shoes-Lightweight-Carbon-Fiber-Shoes-for-Men-Women-2_1-768x1096.jpg 768w, https:\/\/www.carbonfiberinsoles.shop\/wp-content\/uploads\/2025\/03\/Carbon-Plate-Running-Shoes-Lightweight-Carbon-Fiber-Shoes-for-Men-Women-2_1-8x12.jpg 8w\" sizes=\"(max-width: 790px) 100vw, 790px\" \/><img decoding=\"async\" class=\"aligncenter wp-image-19872 size-full\" src=\"http:\/\/www.carbonfiberinsoles.shop\/wp-content\/uploads\/2025\/03\/Carbon-Plate-Running-Shoes-Lightweight-Carbon-Fiber-Shoes-for-Men-Women-9_1.jpg\" alt=\"\" width=\"790\" height=\"1180\" srcset=\"https:\/\/www.carbonfiberinsoles.shop\/wp-content\/uploads\/2025\/03\/Carbon-Plate-Running-Shoes-Lightweight-Carbon-Fiber-Shoes-for-Men-Women-9_1.jpg 790w, https:\/\/www.carbonfiberinsoles.shop\/wp-content\/uploads\/2025\/03\/Carbon-Plate-Running-Shoes-Lightweight-Carbon-Fiber-Shoes-for-Men-Women-9_1-430x642.jpg 430w, https:\/\/www.carbonfiberinsoles.shop\/wp-content\/uploads\/2025\/03\/Carbon-Plate-Running-Shoes-Lightweight-Carbon-Fiber-Shoes-for-Men-Women-9_1-700x1046.jpg 700w, https:\/\/www.carbonfiberinsoles.shop\/wp-content\/uploads\/2025\/03\/Carbon-Plate-Running-Shoes-Lightweight-Carbon-Fiber-Shoes-for-Men-Women-9_1-201x300.jpg 201w, https:\/\/www.carbonfiberinsoles.shop\/wp-content\/uploads\/2025\/03\/Carbon-Plate-Running-Shoes-Lightweight-Carbon-Fiber-Shoes-for-Men-Women-9_1-536x800.jpg 536w, https:\/\/www.carbonfiberinsoles.shop\/wp-content\/uploads\/2025\/03\/Carbon-Plate-Running-Shoes-Lightweight-Carbon-Fiber-Shoes-for-Men-Women-9_1-768x1147.jpg 768w, https:\/\/www.carbonfiberinsoles.shop\/wp-content\/uploads\/2025\/03\/Carbon-Plate-Running-Shoes-Lightweight-Carbon-Fiber-Shoes-for-Men-Women-9_1-8x12.jpg 8w\" sizes=\"(max-width: 790px) 100vw, 790px\" \/><img decoding=\"async\" class=\"aligncenter wp-image-19871 size-full\" src=\"http:\/\/www.carbonfiberinsoles.shop\/wp-content\/uploads\/2025\/03\/Carbon-Plate-Running-Shoes-Lightweight-Carbon-Fiber-Shoes-for-Men-Women-6_1.jpg\" alt=\"\" width=\"790\" height=\"1091\" srcset=\"https:\/\/www.carbonfiberinsoles.shop\/wp-content\/uploads\/2025\/03\/Carbon-Plate-Running-Shoes-Lightweight-Carbon-Fiber-Shoes-for-Men-Women-6_1.jpg 790w, https:\/\/www.carbonfiberinsoles.shop\/wp-content\/uploads\/2025\/03\/Carbon-Plate-Running-Shoes-Lightweight-Carbon-Fiber-Shoes-for-Men-Women-6_1-430x594.jpg 430w, https:\/\/www.carbonfiberinsoles.shop\/wp-content\/uploads\/2025\/03\/Carbon-Plate-Running-Shoes-Lightweight-Carbon-Fiber-Shoes-for-Men-Women-6_1-700x967.jpg 700w, https:\/\/www.carbonfiberinsoles.shop\/wp-content\/uploads\/2025\/03\/Carbon-Plate-Running-Shoes-Lightweight-Carbon-Fiber-Shoes-for-Men-Women-6_1-217x300.jpg 217w, https:\/\/www.carbonfiberinsoles.shop\/wp-content\/uploads\/2025\/03\/Carbon-Plate-Running-Shoes-Lightweight-Carbon-Fiber-Shoes-for-Men-Women-6_1-579x800.jpg 579w, https:\/\/www.carbonfiberinsoles.shop\/wp-content\/uploads\/2025\/03\/Carbon-Plate-Running-Shoes-Lightweight-Carbon-Fiber-Shoes-for-Men-Women-6_1-768x1061.jpg 768w, https:\/\/www.carbonfiberinsoles.shop\/wp-content\/uploads\/2025\/03\/Carbon-Plate-Running-Shoes-Lightweight-Carbon-Fiber-Shoes-for-Men-Women-6_1-9x12.jpg 9w\" sizes=\"(max-width: 790px) 100vw, 790px\" \/> <img loading=\"lazy\" decoding=\"async\" class=\"aligncenter wp-image-19870 size-full\" src=\"http:\/\/www.carbonfiberinsoles.shop\/wp-content\/uploads\/2025\/03\/Carbon-Plate-Running-Shoes-Lightweight-Carbon-Fiber-Shoes-for-Men-Women-5_1.jpg\" alt=\"\" width=\"790\" height=\"1199\" srcset=\"https:\/\/www.carbonfiberinsoles.shop\/wp-content\/uploads\/2025\/03\/Carbon-Plate-Running-Shoes-Lightweight-Carbon-Fiber-Shoes-for-Men-Women-5_1.jpg 790w, https:\/\/www.carbonfiberinsoles.shop\/wp-content\/uploads\/2025\/03\/Carbon-Plate-Running-Shoes-Lightweight-Carbon-Fiber-Shoes-for-Men-Women-5_1-430x653.jpg 430w, https:\/\/www.carbonfiberinsoles.shop\/wp-content\/uploads\/2025\/03\/Carbon-Plate-Running-Shoes-Lightweight-Carbon-Fiber-Shoes-for-Men-Women-5_1-700x1062.jpg 700w, https:\/\/www.carbonfiberinsoles.shop\/wp-content\/uploads\/2025\/03\/Carbon-Plate-Running-Shoes-Lightweight-Carbon-Fiber-Shoes-for-Men-Women-5_1-198x300.jpg 198w, https:\/\/www.carbonfiberinsoles.shop\/wp-content\/uploads\/2025\/03\/Carbon-Plate-Running-Shoes-Lightweight-Carbon-Fiber-Shoes-for-Men-Women-5_1-527x800.jpg 527w, https:\/\/www.carbonfiberinsoles.shop\/wp-content\/uploads\/2025\/03\/Carbon-Plate-Running-Shoes-Lightweight-Carbon-Fiber-Shoes-for-Men-Women-5_1-768x1166.jpg 768w, https:\/\/www.carbonfiberinsoles.shop\/wp-content\/uploads\/2025\/03\/Carbon-Plate-Running-Shoes-Lightweight-Carbon-Fiber-Shoes-for-Men-Women-5_1-8x12.jpg 8w\" sizes=\"(max-width: 790px) 100vw, 790px\" \/><\/p>\n<p><img loading=\"lazy\" decoding=\"async\" class=\"aligncenter wp-image-19223 size-full\" src=\"http:\/\/www.carbonfiberinsoles.shop\/wp-content\/uploads\/2025\/03\/Carbon-plate-Running-shoesVS-Regular-shoes_1.jpg\" alt=\"Placa de carbono T\u00eanis de corridaVS T\u00eanis regular_1\" width=\"727\" height=\"1415\" srcset=\"https:\/\/www.carbonfiberinsoles.shop\/wp-content\/uploads\/2025\/03\/Carbon-plate-Running-shoesVS-Regular-shoes_1.jpg 727w, https:\/\/www.carbonfiberinsoles.shop\/wp-content\/uploads\/2025\/03\/Carbon-plate-Running-shoesVS-Regular-shoes_1-430x837.jpg 430w, https:\/\/www.carbonfiberinsoles.shop\/wp-content\/uploads\/2025\/03\/Carbon-plate-Running-shoesVS-Regular-shoes_1-700x1362.jpg 700w, https:\/\/www.carbonfiberinsoles.shop\/wp-content\/uploads\/2025\/03\/Carbon-plate-Running-shoesVS-Regular-shoes_1-154x300.jpg 154w, https:\/\/www.carbonfiberinsoles.shop\/wp-content\/uploads\/2025\/03\/Carbon-plate-Running-shoesVS-Regular-shoes_1-411x800.jpg 411w, https:\/\/www.carbonfiberinsoles.shop\/wp-content\/uploads\/2025\/03\/Carbon-plate-Running-shoesVS-Regular-shoes_1-6x12.jpg 6w\" sizes=\"(max-width: 727px) 100vw, 727px\" \/><\/p>\n<div>\n<h4>Recursos<\/h4>\n<ul class=\"marker:text-secondary\">\n<li class=\"break-words\"><strong>Placa de fibra de carbono<\/strong>: Aumenta a propuls\u00e3o e a estabilidade a cada passo.<\/li>\n<li class=\"break-words\"><strong>Design leve<\/strong>: Reduz a tens\u00e3o, permitindo corridas mais longas com facilidade.<\/li>\n<li class=\"break-words\"><strong>Parte superior em malha respir\u00e1vel<\/strong>: Mant\u00e9m seus p\u00e9s frescos e secos durante treinos intensos.<\/li>\n<li class=\"break-words\"><strong>Palmilha de absor\u00e7\u00e3o de choque<\/strong>: Oferece amortecimento superior para proteger suas articula\u00e7\u00f5es.<\/li>\n<li class=\"break-words\"><strong>Solado dur\u00e1vel<\/strong>: Oferece excelente tra\u00e7\u00e3o em v\u00e1rios terrenos.<\/li>\n<li class=\"break-words\"><strong>Ajuste ergon\u00f4mico<\/strong>: Projetado para apoiar o movimento natural de seus p\u00e9s.<\/li>\n<\/ul>\n<h4>Raz\u00f5es para comprar<\/h4>\n<ul class=\"marker:text-secondary\">\n<li class=\"break-words\"><strong>Aumento de desempenho<\/strong>: A tecnologia de placa de carbono o impulsiona para a frente, fazendo com que esses t\u00eanis de fibra de carbono sejam os favoritos entre os corredores de competi\u00e7\u00e3o.<\/li>\n<li class=\"break-words\"><strong>Conforto e durabilidade<\/strong>: Desfrute de um conforto duradouro com um design feito para resistir ao uso rigoroso.<\/li>\n<li class=\"break-words\"><strong>Versatilidade<\/strong>: Adequado para corrida em estrada, corrida em trilha e exerc\u00edcios em academia.<\/li>\n<li class=\"break-words\"><strong>Design elegante<\/strong>: A elegante cor cinza e verde d\u00e1 um toque moderno ao seu guarda-roupa esportivo.<\/li>\n<li class=\"break-words\"><strong>Valor para o dinheiro<\/strong>: Materiais de alta qualidade e recursos avan\u00e7ados a um pre\u00e7o acess\u00edvel.<\/li>\n<\/ul>\n<h4>Perguntas frequentes<\/h4>\n<ul class=\"marker:text-secondary\">\n<li class=\"break-words\"><strong>P: Esses t\u00eanis de corrida com placa de carbono s\u00e3o adequados para iniciantes?<\/strong>\n<ul class=\"marker:text-secondary\">\n<li class=\"break-words\">R: Sim, esses t\u00eanis foram projetados para todos os n\u00edveis, oferecendo suporte e conforto para iniciantes e benef\u00edcios de desempenho para corredores avan\u00e7ados.<\/li>\n<\/ul>\n<\/li>\n<li class=\"break-words\"><strong>P: Como fa\u00e7o para escolher o tamanho certo?<\/strong>\n<ul class=\"marker:text-secondary\">\n<li class=\"break-words\">R: Consulte nossa tabela de tamanhos e selecione seu tamanho de cal\u00e7ado habitual. Os cal\u00e7ados s\u00e3o fi\u00e9is ao tamanho, com um ajuste confort\u00e1vel e de suporte.<\/li>\n<\/ul>\n<\/li>\n<li class=\"break-words\"><strong>P: Posso usar esses t\u00eanis de fibra de carbono para corridas de longa dist\u00e2ncia?<\/strong>\n<ul class=\"marker:text-secondary\">\n<li class=\"break-words\">R: Sem d\u00favida! O design leve e a tecnologia de placa de carbono os tornam ideais para corridas de longa dist\u00e2ncia.<\/li>\n<\/ul>\n<\/li>\n<li class=\"break-words\"><strong>P: Os t\u00eanis s\u00e3o \u00e0 prova d'\u00e1gua?<\/strong>\n<ul class=\"marker:text-secondary\">\n<li class=\"break-words\">R: Embora n\u00e3o seja totalmente \u00e0 prova d'\u00e1gua, a malha respir\u00e1vel e a sola dur\u00e1vel oferecem alguma resist\u00eancia \u00e0 \u00e1gua para condi\u00e7\u00f5es de chuva leve.<\/li>\n<\/ul>\n<\/li>\n<li class=\"break-words\"><strong>P: Como fa\u00e7o para limpar meus sapatos de placa de carbono?<\/strong>\n<ul class=\"marker:text-secondary\">\n<li class=\"break-words\">R: Limpe com um pano \u00famido e sab\u00e3o neutro. Evite lavar na m\u00e1quina para preservar a integridade da placa de fibra de carbono e da palmilha.<\/li>\n<\/ul>\n<\/li>\n<\/ul>\n<p class=\"break-words\">Aprimore sua experi\u00eancia de corrida com esses t\u00eanis de corrida com placa de carbono de primeira linha, combinando estilo, tecnologia e conforto em cada passo!<\/p>\n<\/div>","protected":false},"excerpt":{"rendered":"<p>Eleve o n\u00edvel da sua corrida com o nosso t\u00eanis de corrida com placa de carbono, que apresenta tecnologia avan\u00e7ada de fibra de carbono para melhorar o retorno de energia e a estabilidade. Leves e dur\u00e1veis, esses t\u00eanis com placa de carbono s\u00e3o perfeitos para corredores que buscam desempenho m\u00e1ximo.<\/p>","protected":false},"featured_media":16086,"comment_status":"open","ping_status":"closed","template":"","meta":{"_kadence_starter_templates_imported_post":false,"_kad_post_transparent":"","_kad_post_title":"","_kad_post_layout":"","_kad_post_sidebar_id":"","_kad_post_content_style":"","_kad_post_vertical_padding":"","_kad_post_feature":"","_kad_post_feature_position":"","_kad_post_header":false,"_kad_post_footer":false},"product_brand":[],"product_cat":[253,252],"product_tag":[256,254,255,257,259,264,258],"class_list":{"0":"post-16082","1":"product","2":"type-product","3":"status-publish","4":"has-post-thumbnail","6":"product_cat-carbon-plate-running-shoes","7":"product_cat-carbon-shoes","8":"product_tag-carbon-fiber-shoes","9":"product_tag-carbon-plate-running-shoes","10":"product_tag-carbon-plate-shoes","11":"product_tag-carbon-plated-shoes","12":"product_tag-carbon-running-shoes","13":"product_tag-carbon-shoes","14":"product_tag-running-shoes-with-carbon-plate","16":"first","17":"instock","18":"sale","19":"shipping-taxable","20":"purchasable","21":"product-type-variable","22":"has-default-attributes","23":"entry","24":"content-bg","25":"loop-entry"},"aioseo_notices":[],"_links":{"self":[{"href":"https:\/\/www.carbonfiberinsoles.shop\/pt\/wp-json\/wp\/v2\/product\/16082","targetHints":{"allow":["GET"]}}],"collection":[{"href":"https:\/\/www.carbonfiberinsoles.shop\/pt\/wp-json\/wp\/v2\/product"}],"about":[{"href":"https:\/\/www.carbonfiberinsoles.shop\/pt\/wp-json\/wp\/v2\/types\/product"}],"replies":[{"embeddable":true,"href":"https:\/\/www.carbonfiberinsoles.shop\/pt\/wp-json\/wp\/v2\/comments?post=16082"}],"version-history":[{"count":1,"href":"https:\/\/www.carbonfiberinsoles.shop\/pt\/wp-json\/wp\/v2\/product\/16082\/revisions"}],"predecessor-version":[{"id":21591,"href":"https:\/\/www.carbonfiberinsoles.shop\/pt\/wp-json\/wp\/v2\/product\/16082\/revisions\/21591"}],"wp:featuredmedia":[{"embeddable":true,"href":"https:\/\/www.carbonfiberinsoles.shop\/pt\/wp-json\/wp\/v2\/media\/16086"}],"wp:attachment":[{"href":"https:\/\/www.carbonfiberinsoles.shop\/pt\/wp-json\/wp\/v2\/media?parent=16082"}],"wp:term":[{"taxonomy":"product_brand","embeddable":true,"href":"https:\/\/www.carbonfiberinsoles.shop\/pt\/wp-json\/wp\/v2\/product_brand?post=16082"},{"taxonomy":"product_cat","embeddable":true,"href":"https:\/\/www.carbonfiberinsoles.shop\/pt\/wp-json\/wp\/v2\/product_cat?post=16082"},{"taxonomy":"product_tag","embeddable":true,"href":"https:\/\/www.carbonfiberinsoles.shop\/pt\/wp-json\/wp\/v2\/product_tag?post=16082"}],"curies":[{"name":"wp","href":"https:\/\/api.w.org\/{rel}","templated":true}]}}