{"id":16706,"date":"2025-03-10T15:24:10","date_gmt":"2025-03-10T15:24:10","guid":{"rendered":"https:\/\/www.carbonfiberinsoles.shop\/?post_type=product&#038;p=16706"},"modified":"2025-06-27T23:23:12","modified_gmt":"2025-06-27T23:23:12","slug":"carbon-plate-running-shoes-cushioned-walking-shoe-for-men-women","status":"publish","type":"product","link":"https:\/\/www.carbonfiberinsoles.shop\/pt\/produto\/carbon-plate-running-shoes-cushioned-walking-shoe-for-men-women\/","title":{"rendered":"Sapato de placa de carbono Sapato de caminhada com amortecimento para homens e mulheres"},"content":{"rendered":"<h3 data-start=\"796\" data-end=\"815\"><strong data-start=\"800\" data-end=\"813\">Vis\u00e3o geral:<\/strong><\/h3>\n<p data-start=\"816\" data-end=\"1332\">Entre na inova\u00e7\u00e3o com o mais recente <strong data-start=\"853\" data-end=\"883\">T\u00eanis de corrida com placa de carbono<\/strong>Criado para aqueles que exigem ambos <strong data-start=\"919\" data-end=\"944\">desempenho e estilo<\/strong>. Se voc\u00ea \u00e9 um atleta, um entusiasta do fitness ou est\u00e1 apenas procurando <strong data-start=\"1015\" data-end=\"1055\">cal\u00e7ados casuais leves e elegantes<\/strong>Esses t\u00eanis oferecem a <strong data-start=\"1084\" data-end=\"1140\">equil\u00edbrio perfeito entre velocidade, amortecimento e durabilidade<\/strong>. Apresentando um <strong data-start=\"1154\" data-end=\"1257\">placa de fibra de carbono para propuls\u00e3o aprimorada, parte superior em malha respir\u00e1vel e amortecimento que absorve choques<\/strong>Esses t\u00eanis foram criados para mant\u00ea-lo confort\u00e1vel e \u00e1gil em qualquer terreno.<\/p>\n<hr data-start=\"1334\" data-end=\"1337\" \/>\n<h3 data-start=\"1339\" data-end=\"1364\"><strong data-start=\"1343\" data-end=\"1362\">Especifica\u00e7\u00f5es:<\/strong><\/h3>\n<ul data-start=\"1365\" data-end=\"1825\">\n<li data-start=\"1365\" data-end=\"1412\"><strong data-start=\"1367\" data-end=\"1386\">Material da parte superior:<\/strong> Malha respir\u00e1vel premium<\/li>\n<li data-start=\"1413\" data-end=\"1483\"><strong data-start=\"1415\" data-end=\"1427\">Entressola:<\/strong> Espuma de alta resist\u00eancia com uma placa de fibra de carbono embutida<\/li>\n<li data-start=\"1484\" data-end=\"1535\"><strong data-start=\"1486\" data-end=\"1498\">Sola exterior:<\/strong> Borracha dur\u00e1vel com ader\u00eancia antiderrapante<\/li>\n<li data-start=\"1536\" data-end=\"1603\"><strong data-start=\"1538\" data-end=\"1559\">Absor\u00e7\u00e3o de choques:<\/strong> Amortecimento avan\u00e7ado para prote\u00e7\u00e3o contra impactos<\/li>\n<li data-start=\"1604\" data-end=\"1663\"><strong data-start=\"1606\" data-end=\"1627\">Queda do calcanhar at\u00e9 a ponta do p\u00e9:<\/strong> 8 mm para efici\u00eancia ideal da passada<\/li>\n<li data-start=\"1664\" data-end=\"1708\"><strong data-start=\"1666\" data-end=\"1677\">Peso:<\/strong> Aprox. 255 g (9 oz) por sapato<\/li>\n<li data-start=\"1709\" data-end=\"1772\"><strong data-start=\"1711\" data-end=\"1731\">Tamanhos dispon\u00edveis:<\/strong> UE 35-44 \/ EUA 5-12 para homens, 4-11 para mulheres<\/li>\n<li data-start=\"1773\" data-end=\"1825\"><strong data-start=\"1775\" data-end=\"1786\">Cores:<\/strong> Branco\/azul, preto\/branco, laranja\/cinza<\/li>\n<\/ul>\n<hr data-start=\"1827\" data-end=\"1830\" \/>\n<h3 data-start=\"1832\" data-end=\"1851\"><strong data-start=\"1836\" data-end=\"1849\">Caracter\u00edsticas:<\/strong><\/h3>\n<p data-start=\"1852\" data-end=\"2327\">\u2705 <strong data-start=\"1854\" data-end=\"1887\">Tecnologia de placas de fibra de carbono<\/strong> - Proporciona maior retorno de energia para velocidade e desempenho<br data-start=\"1947\" data-end=\"1950\" \/>\u2705 <strong data-start=\"1952\" data-end=\"1979\">Sistema de absor\u00e7\u00e3o de choque<\/strong> - Reduz o impacto nas articula\u00e7\u00f5es para uma condu\u00e7\u00e3o mais suave<br data-start=\"2022\" data-end=\"2025\" \/>\u2705 <strong data-start=\"2027\" data-end=\"2052\">Parte superior em malha respir\u00e1vel<\/strong> - Mant\u00e9m seus p\u00e9s frescos e confort\u00e1veis<br data-start=\"2091\" data-end=\"2094\" \/>\u2705 <strong data-start=\"2096\" data-end=\"2129\">Design leve e flex\u00edvel<\/strong> - Garante conforto e agilidade durante todo o dia<br data-start=\"2167\" data-end=\"2170\" \/>\u2705 <strong data-start=\"2172\" data-end=\"2200\">Sola dur\u00e1vel e antiderrapante<\/strong> - Oferece ader\u00eancia superior em v\u00e1rias superf\u00edcies<br data-start=\"2243\" data-end=\"2246\" \/>\u2705 <strong data-start=\"2248\" data-end=\"2265\">Ajuste ergon\u00f4mico<\/strong> - Projetado para desempenho atl\u00e9tico e conforto casual<\/p>\n<hr data-start=\"2329\" data-end=\"2332\" \/>\n<h3 data-start=\"2334\" data-end=\"2363\"><img fetchpriority=\"high\" decoding=\"async\" class=\"aligncenter wp-image-19954 size-full\" src=\"http:\/\/www.carbonfiberinsoles.shop\/wp-content\/uploads\/2025\/03\/Carbon-Plate-Running-Shoes-Cushioned-Walking-Shoe-for-Men-Women-2-2_1.jpg\" alt=\"\" width=\"800\" height=\"800\" srcset=\"https:\/\/www.carbonfiberinsoles.shop\/wp-content\/uploads\/2025\/03\/Carbon-Plate-Running-Shoes-Cushioned-Walking-Shoe-for-Men-Women-2-2_1.jpg 800w, https:\/\/www.carbonfiberinsoles.shop\/wp-content\/uploads\/2025\/03\/Carbon-Plate-Running-Shoes-Cushioned-Walking-Shoe-for-Men-Women-2-2_1-430x430.jpg 430w, https:\/\/www.carbonfiberinsoles.shop\/wp-content\/uploads\/2025\/03\/Carbon-Plate-Running-Shoes-Cushioned-Walking-Shoe-for-Men-Women-2-2_1-100x100.jpg 100w, https:\/\/www.carbonfiberinsoles.shop\/wp-content\/uploads\/2025\/03\/Carbon-Plate-Running-Shoes-Cushioned-Walking-Shoe-for-Men-Women-2-2_1-700x700.jpg 700w, https:\/\/www.carbonfiberinsoles.shop\/wp-content\/uploads\/2025\/03\/Carbon-Plate-Running-Shoes-Cushioned-Walking-Shoe-for-Men-Women-2-2_1-300x300.jpg 300w, https:\/\/www.carbonfiberinsoles.shop\/wp-content\/uploads\/2025\/03\/Carbon-Plate-Running-Shoes-Cushioned-Walking-Shoe-for-Men-Women-2-2_1-150x150.jpg 150w, https:\/\/www.carbonfiberinsoles.shop\/wp-content\/uploads\/2025\/03\/Carbon-Plate-Running-Shoes-Cushioned-Walking-Shoe-for-Men-Women-2-2_1-768x768.jpg 768w, https:\/\/www.carbonfiberinsoles.shop\/wp-content\/uploads\/2025\/03\/Carbon-Plate-Running-Shoes-Cushioned-Walking-Shoe-for-Men-Women-2-2_1-12x12.jpg 12w\" sizes=\"(max-width: 800px) 100vw, 800px\" \/> <img decoding=\"async\" class=\"aligncenter wp-image-19955 size-full\" src=\"http:\/\/www.carbonfiberinsoles.shop\/wp-content\/uploads\/2025\/03\/Carbon-Plate-Running-Shoes-Cushioned-Walking-Shoe-for-Men-Women-2-3_1.jpg\" alt=\"\" width=\"800\" height=\"800\" srcset=\"https:\/\/www.carbonfiberinsoles.shop\/wp-content\/uploads\/2025\/03\/Carbon-Plate-Running-Shoes-Cushioned-Walking-Shoe-for-Men-Women-2-3_1.jpg 800w, https:\/\/www.carbonfiberinsoles.shop\/wp-content\/uploads\/2025\/03\/Carbon-Plate-Running-Shoes-Cushioned-Walking-Shoe-for-Men-Women-2-3_1-430x430.jpg 430w, https:\/\/www.carbonfiberinsoles.shop\/wp-content\/uploads\/2025\/03\/Carbon-Plate-Running-Shoes-Cushioned-Walking-Shoe-for-Men-Women-2-3_1-100x100.jpg 100w, https:\/\/www.carbonfiberinsoles.shop\/wp-content\/uploads\/2025\/03\/Carbon-Plate-Running-Shoes-Cushioned-Walking-Shoe-for-Men-Women-2-3_1-700x700.jpg 700w, https:\/\/www.carbonfiberinsoles.shop\/wp-content\/uploads\/2025\/03\/Carbon-Plate-Running-Shoes-Cushioned-Walking-Shoe-for-Men-Women-2-3_1-300x300.jpg 300w, https:\/\/www.carbonfiberinsoles.shop\/wp-content\/uploads\/2025\/03\/Carbon-Plate-Running-Shoes-Cushioned-Walking-Shoe-for-Men-Women-2-3_1-150x150.jpg 150w, https:\/\/www.carbonfiberinsoles.shop\/wp-content\/uploads\/2025\/03\/Carbon-Plate-Running-Shoes-Cushioned-Walking-Shoe-for-Men-Women-2-3_1-768x768.jpg 768w, https:\/\/www.carbonfiberinsoles.shop\/wp-content\/uploads\/2025\/03\/Carbon-Plate-Running-Shoes-Cushioned-Walking-Shoe-for-Men-Women-2-3_1-12x12.jpg 12w\" sizes=\"(max-width: 800px) 100vw, 800px\" \/> <img decoding=\"async\" class=\"aligncenter wp-image-19956 size-full\" src=\"http:\/\/www.carbonfiberinsoles.shop\/wp-content\/uploads\/2025\/03\/Carbon-Plate-Running-Shoes-Cushioned-Walking-Shoe-for-Men-Women-2-4_1.jpg\" alt=\"\" width=\"800\" height=\"800\" srcset=\"https:\/\/www.carbonfiberinsoles.shop\/wp-content\/uploads\/2025\/03\/Carbon-Plate-Running-Shoes-Cushioned-Walking-Shoe-for-Men-Women-2-4_1.jpg 800w, https:\/\/www.carbonfiberinsoles.shop\/wp-content\/uploads\/2025\/03\/Carbon-Plate-Running-Shoes-Cushioned-Walking-Shoe-for-Men-Women-2-4_1-430x430.jpg 430w, https:\/\/www.carbonfiberinsoles.shop\/wp-content\/uploads\/2025\/03\/Carbon-Plate-Running-Shoes-Cushioned-Walking-Shoe-for-Men-Women-2-4_1-100x100.jpg 100w, https:\/\/www.carbonfiberinsoles.shop\/wp-content\/uploads\/2025\/03\/Carbon-Plate-Running-Shoes-Cushioned-Walking-Shoe-for-Men-Women-2-4_1-700x700.jpg 700w, https:\/\/www.carbonfiberinsoles.shop\/wp-content\/uploads\/2025\/03\/Carbon-Plate-Running-Shoes-Cushioned-Walking-Shoe-for-Men-Women-2-4_1-300x300.jpg 300w, https:\/\/www.carbonfiberinsoles.shop\/wp-content\/uploads\/2025\/03\/Carbon-Plate-Running-Shoes-Cushioned-Walking-Shoe-for-Men-Women-2-4_1-150x150.jpg 150w, https:\/\/www.carbonfiberinsoles.shop\/wp-content\/uploads\/2025\/03\/Carbon-Plate-Running-Shoes-Cushioned-Walking-Shoe-for-Men-Women-2-4_1-768x768.jpg 768w, https:\/\/www.carbonfiberinsoles.shop\/wp-content\/uploads\/2025\/03\/Carbon-Plate-Running-Shoes-Cushioned-Walking-Shoe-for-Men-Women-2-4_1-12x12.jpg 12w\" sizes=\"(max-width: 800px) 100vw, 800px\" \/> <img loading=\"lazy\" decoding=\"async\" class=\"aligncenter wp-image-19957 size-full\" src=\"http:\/\/www.carbonfiberinsoles.shop\/wp-content\/uploads\/2025\/03\/Carbon-Plate-Running-Shoes-Cushioned-Walking-Shoe-for-Men-Women-2-5_1.jpg\" alt=\"\" width=\"800\" height=\"800\" srcset=\"https:\/\/www.carbonfiberinsoles.shop\/wp-content\/uploads\/2025\/03\/Carbon-Plate-Running-Shoes-Cushioned-Walking-Shoe-for-Men-Women-2-5_1.jpg 800w, https:\/\/www.carbonfiberinsoles.shop\/wp-content\/uploads\/2025\/03\/Carbon-Plate-Running-Shoes-Cushioned-Walking-Shoe-for-Men-Women-2-5_1-430x430.jpg 430w, https:\/\/www.carbonfiberinsoles.shop\/wp-content\/uploads\/2025\/03\/Carbon-Plate-Running-Shoes-Cushioned-Walking-Shoe-for-Men-Women-2-5_1-100x100.jpg 100w, https:\/\/www.carbonfiberinsoles.shop\/wp-content\/uploads\/2025\/03\/Carbon-Plate-Running-Shoes-Cushioned-Walking-Shoe-for-Men-Women-2-5_1-700x700.jpg 700w, https:\/\/www.carbonfiberinsoles.shop\/wp-content\/uploads\/2025\/03\/Carbon-Plate-Running-Shoes-Cushioned-Walking-Shoe-for-Men-Women-2-5_1-300x300.jpg 300w, https:\/\/www.carbonfiberinsoles.shop\/wp-content\/uploads\/2025\/03\/Carbon-Plate-Running-Shoes-Cushioned-Walking-Shoe-for-Men-Women-2-5_1-150x150.jpg 150w, https:\/\/www.carbonfiberinsoles.shop\/wp-content\/uploads\/2025\/03\/Carbon-Plate-Running-Shoes-Cushioned-Walking-Shoe-for-Men-Women-2-5_1-768x768.jpg 768w, https:\/\/www.carbonfiberinsoles.shop\/wp-content\/uploads\/2025\/03\/Carbon-Plate-Running-Shoes-Cushioned-Walking-Shoe-for-Men-Women-2-5_1-12x12.jpg 12w\" sizes=\"(max-width: 800px) 100vw, 800px\" \/> <img loading=\"lazy\" decoding=\"async\" class=\"aligncenter wp-image-19950 size-full\" src=\"http:\/\/www.carbonfiberinsoles.shop\/wp-content\/uploads\/2025\/03\/Carbon-Plate-Running-Shoes-Cushioned-Walking-Shoe-for-Men-Women-1-3_1.jpg\" alt=\"\" width=\"800\" height=\"800\" srcset=\"https:\/\/www.carbonfiberinsoles.shop\/wp-content\/uploads\/2025\/03\/Carbon-Plate-Running-Shoes-Cushioned-Walking-Shoe-for-Men-Women-1-3_1.jpg 800w, https:\/\/www.carbonfiberinsoles.shop\/wp-content\/uploads\/2025\/03\/Carbon-Plate-Running-Shoes-Cushioned-Walking-Shoe-for-Men-Women-1-3_1-430x430.jpg 430w, https:\/\/www.carbonfiberinsoles.shop\/wp-content\/uploads\/2025\/03\/Carbon-Plate-Running-Shoes-Cushioned-Walking-Shoe-for-Men-Women-1-3_1-100x100.jpg 100w, https:\/\/www.carbonfiberinsoles.shop\/wp-content\/uploads\/2025\/03\/Carbon-Plate-Running-Shoes-Cushioned-Walking-Shoe-for-Men-Women-1-3_1-700x700.jpg 700w, https:\/\/www.carbonfiberinsoles.shop\/wp-content\/uploads\/2025\/03\/Carbon-Plate-Running-Shoes-Cushioned-Walking-Shoe-for-Men-Women-1-3_1-300x300.jpg 300w, https:\/\/www.carbonfiberinsoles.shop\/wp-content\/uploads\/2025\/03\/Carbon-Plate-Running-Shoes-Cushioned-Walking-Shoe-for-Men-Women-1-3_1-150x150.jpg 150w, https:\/\/www.carbonfiberinsoles.shop\/wp-content\/uploads\/2025\/03\/Carbon-Plate-Running-Shoes-Cushioned-Walking-Shoe-for-Men-Women-1-3_1-768x768.jpg 768w, https:\/\/www.carbonfiberinsoles.shop\/wp-content\/uploads\/2025\/03\/Carbon-Plate-Running-Shoes-Cushioned-Walking-Shoe-for-Men-Women-1-3_1-12x12.jpg 12w\" sizes=\"(max-width: 800px) 100vw, 800px\" \/> <img loading=\"lazy\" decoding=\"async\" class=\"aligncenter wp-image-19953 size-full\" src=\"http:\/\/www.carbonfiberinsoles.shop\/wp-content\/uploads\/2025\/03\/Carbon-Plate-Running-Shoes-Cushioned-Walking-Shoe-for-Men-Women-2-1_1.jpg\" alt=\"\" width=\"800\" height=\"800\" srcset=\"https:\/\/www.carbonfiberinsoles.shop\/wp-content\/uploads\/2025\/03\/Carbon-Plate-Running-Shoes-Cushioned-Walking-Shoe-for-Men-Women-2-1_1.jpg 800w, https:\/\/www.carbonfiberinsoles.shop\/wp-content\/uploads\/2025\/03\/Carbon-Plate-Running-Shoes-Cushioned-Walking-Shoe-for-Men-Women-2-1_1-430x430.jpg 430w, https:\/\/www.carbonfiberinsoles.shop\/wp-content\/uploads\/2025\/03\/Carbon-Plate-Running-Shoes-Cushioned-Walking-Shoe-for-Men-Women-2-1_1-100x100.jpg 100w, https:\/\/www.carbonfiberinsoles.shop\/wp-content\/uploads\/2025\/03\/Carbon-Plate-Running-Shoes-Cushioned-Walking-Shoe-for-Men-Women-2-1_1-700x700.jpg 700w, https:\/\/www.carbonfiberinsoles.shop\/wp-content\/uploads\/2025\/03\/Carbon-Plate-Running-Shoes-Cushioned-Walking-Shoe-for-Men-Women-2-1_1-300x300.jpg 300w, https:\/\/www.carbonfiberinsoles.shop\/wp-content\/uploads\/2025\/03\/Carbon-Plate-Running-Shoes-Cushioned-Walking-Shoe-for-Men-Women-2-1_1-150x150.jpg 150w, https:\/\/www.carbonfiberinsoles.shop\/wp-content\/uploads\/2025\/03\/Carbon-Plate-Running-Shoes-Cushioned-Walking-Shoe-for-Men-Women-2-1_1-768x768.jpg 768w, https:\/\/www.carbonfiberinsoles.shop\/wp-content\/uploads\/2025\/03\/Carbon-Plate-Running-Shoes-Cushioned-Walking-Shoe-for-Men-Women-2-1_1-12x12.jpg 12w\" sizes=\"(max-width: 800px) 100vw, 800px\" \/><\/h3>\n<figure id=\"attachment_19589\" aria-describedby=\"caption-attachment-19589\" style=\"width: 754px\" class=\"wp-caption aligncenter\"><img loading=\"lazy\" decoding=\"async\" class=\"wp-image-19589 size-full\" src=\"http:\/\/www.carbonfiberinsoles.shop\/wp-content\/uploads\/2025\/05\/shoes-size-guide.png\" alt=\"guia de tamanhos de cal\u00e7ados\" width=\"754\" height=\"529\" srcset=\"https:\/\/www.carbonfiberinsoles.shop\/wp-content\/uploads\/2025\/05\/shoes-size-guide.png 754w, https:\/\/www.carbonfiberinsoles.shop\/wp-content\/uploads\/2025\/05\/shoes-size-guide-430x302.png 430w, https:\/\/www.carbonfiberinsoles.shop\/wp-content\/uploads\/2025\/05\/shoes-size-guide-700x491.png 700w, https:\/\/www.carbonfiberinsoles.shop\/wp-content\/uploads\/2025\/05\/shoes-size-guide-400x281.png 400w, https:\/\/www.carbonfiberinsoles.shop\/wp-content\/uploads\/2025\/05\/shoes-size-guide-18x12.png 18w\" sizes=\"(max-width: 754px) 100vw, 754px\" \/><figcaption id=\"caption-attachment-19589\" class=\"wp-caption-text\">guia de tamanhos de cal\u00e7ados<\/figcaption><\/figure>\n<hr \/>\n<h3 data-start=\"2334\" data-end=\"2363\"><strong data-start=\"2338\" data-end=\"2361\">Por que voc\u00ea deve comprar:<\/strong><\/h3>\n<p data-start=\"2364\" data-end=\"2819\">\u2714\ufe0f <strong data-start=\"2367\" data-end=\"2399\">Aumente sua velocidade e resist\u00eancia<\/strong> - A placa de carbono aprimora a propuls\u00e3o, reduzindo a fadiga<br data-start=\"2452\" data-end=\"2455\" \/>\u2714\ufe0f <strong data-start=\"2458\" data-end=\"2481\">Proteja suas articula\u00e7\u00f5es<\/strong> - O amortecimento avan\u00e7ado minimiza o impacto, tornando cada passo suave<br data-start=\"2545\" data-end=\"2548\" \/>\u2714\ufe0f <strong data-start=\"2551\" data-end=\"2574\">Elegante e vers\u00e1til<\/strong> - Perfeito para corrida, treinamento ou uso casual di\u00e1rio<br data-start=\"2631\" data-end=\"2634\" \/>\u2714\ufe0f <strong data-start=\"2637\" data-end=\"2669\">Qualidade e durabilidade premium<\/strong> - Constru\u00eddo para durar com materiais de alto desempenho<br data-start=\"2717\" data-end=\"2720\" \/>\u2714\ufe0f <strong data-start=\"2723\" data-end=\"2748\">Adequado para todos<\/strong> - Projetado para homens e mulheres, o que o torna uma \u00f3tima op\u00e7\u00e3o para casais<\/p>\n<hr data-start=\"2821\" data-end=\"2824\" \/>\n<h3 data-start=\"2826\" data-end=\"2841\"><strong data-start=\"2830\" data-end=\"2839\">Perguntas frequentes:<\/strong><\/h3>\n<p data-start=\"2843\" data-end=\"3011\">\ud83d\udd39 <strong data-start=\"2846\" data-end=\"2900\">P: Esses t\u00eanis s\u00e3o bons para corridas de longa dist\u00e2ncia?<\/strong><br data-start=\"2900\" data-end=\"2903\" \/><strong data-start=\"2903\" data-end=\"2909\">A:<\/strong> Sim! A placa de carbono e o sistema de absor\u00e7\u00e3o de choque oferecem excelente suporte para corridas de longa dist\u00e2ncia.<\/p>\n<p data-start=\"3013\" data-end=\"3164\">\ud83d\udd39 <strong data-start=\"3016\" data-end=\"3059\">P: Eles s\u00e3o adequados para uso di\u00e1rio?<\/strong><br data-start=\"3059\" data-end=\"3062\" \/><strong data-start=\"3062\" data-end=\"3068\">A:<\/strong> Sem d\u00favida! Esses t\u00eanis foram projetados tanto para corrida de alto desempenho quanto para uso di\u00e1rio casual.<\/p>\n<p data-start=\"3166\" data-end=\"3303\">\ud83d\udd39 <strong data-start=\"3169\" data-end=\"3203\">P: Como fa\u00e7o para limpar esses cal\u00e7ados?<\/strong><br data-start=\"3203\" data-end=\"3206\" \/><strong data-start=\"3206\" data-end=\"3212\">A:<\/strong> Use \u00e1gua e sab\u00e3o neutro para limpeza de manchas. Evite lavar na m\u00e1quina para manter a durabilidade.<\/p>\n<p data-start=\"3305\" data-end=\"3437\">\ud83d\udd39 <strong data-start=\"3308\" data-end=\"3340\">P: Eles se ajustam bem ao tamanho?<\/strong><br data-start=\"3340\" data-end=\"3343\" \/><strong data-start=\"3343\" data-end=\"3349\">A:<\/strong> Sim, eles se ajustam perfeitamente ao tamanho. Se voc\u00ea tiver p\u00e9s mais largos, considere pedir um tamanho meio maior.<\/p>\n<p data-start=\"3439\" data-end=\"3590\">\ud83d\udd39 <strong data-start=\"3442\" data-end=\"3498\">P: Esses t\u00eanis t\u00eam boa ader\u00eancia em superf\u00edcies molhadas?<\/strong><br data-start=\"3498\" data-end=\"3501\" \/><strong data-start=\"3501\" data-end=\"3507\">A:<\/strong> Sim, a sola de borracha dur\u00e1vel garante excelente tra\u00e7\u00e3o em v\u00e1rios terrenos.<\/p>","protected":false},"excerpt":{"rendered":"<p>Libere todo o seu potencial com nosso t\u00eanis de corrida com placa de carbono! Apresentando um <strong data-start=\"561\" data-end=\"636\">design leve, tecnologia de absor\u00e7\u00e3o de choque e placa de fibra de carbono<\/strong>, esses t\u00eanis oferecem <strong data-start=\"661\" data-end=\"707\">m\u00e1ximo retorno de energia e conforto superior<\/strong> para corredores de alto desempenho e usu\u00e1rios casuais.<\/p>","protected":false},"featured_media":19948,"comment_status":"open","ping_status":"closed","template":"","meta":{"_kadence_starter_templates_imported_post":false,"_kad_post_transparent":"","_kad_post_title":"","_kad_post_layout":"","_kad_post_sidebar_id":"","_kad_post_content_style":"","_kad_post_vertical_padding":"","_kad_post_feature":"","_kad_post_feature_position":"","_kad_post_header":false,"_kad_post_footer":false},"product_brand":[],"product_cat":[253,252],"product_tag":[254,257,259,264,258],"class_list":{"0":"post-16706","1":"product","2":"type-product","3":"status-publish","4":"has-post-thumbnail","6":"product_cat-carbon-plate-running-shoes","7":"product_cat-carbon-shoes","8":"product_tag-carbon-plate-running-shoes","9":"product_tag-carbon-plated-shoes","10":"product_tag-carbon-running-shoes","11":"product_tag-carbon-shoes","12":"product_tag-running-shoes-with-carbon-plate","14":"first","15":"instock","16":"shipping-taxable","17":"purchasable","18":"product-type-variable","19":"has-default-attributes","20":"entry","21":"content-bg","22":"loop-entry"},"aioseo_notices":[],"_links":{"self":[{"href":"https:\/\/www.carbonfiberinsoles.shop\/pt\/wp-json\/wp\/v2\/product\/16706","targetHints":{"allow":["GET"]}}],"collection":[{"href":"https:\/\/www.carbonfiberinsoles.shop\/pt\/wp-json\/wp\/v2\/product"}],"about":[{"href":"https:\/\/www.carbonfiberinsoles.shop\/pt\/wp-json\/wp\/v2\/types\/product"}],"replies":[{"embeddable":true,"href":"https:\/\/www.carbonfiberinsoles.shop\/pt\/wp-json\/wp\/v2\/comments?post=16706"}],"version-history":[{"count":0,"href":"https:\/\/www.carbonfiberinsoles.shop\/pt\/wp-json\/wp\/v2\/product\/16706\/revisions"}],"wp:featuredmedia":[{"embeddable":true,"href":"https:\/\/www.carbonfiberinsoles.shop\/pt\/wp-json\/wp\/v2\/media\/19948"}],"wp:attachment":[{"href":"https:\/\/www.carbonfiberinsoles.shop\/pt\/wp-json\/wp\/v2\/media?parent=16706"}],"wp:term":[{"taxonomy":"product_brand","embeddable":true,"href":"https:\/\/www.carbonfiberinsoles.shop\/pt\/wp-json\/wp\/v2\/product_brand?post=16706"},{"taxonomy":"product_cat","embeddable":true,"href":"https:\/\/www.carbonfiberinsoles.shop\/pt\/wp-json\/wp\/v2\/product_cat?post=16706"},{"taxonomy":"product_tag","embeddable":true,"href":"https:\/\/www.carbonfiberinsoles.shop\/pt\/wp-json\/wp\/v2\/product_tag?post=16706"}],"curies":[{"name":"wp","href":"https:\/\/api.w.org\/{rel}","templated":true}]}}