{"id":19544,"date":"2025-05-05T07:56:21","date_gmt":"2025-05-05T07:56:21","guid":{"rendered":"https:\/\/www.carbonfiberinsoles.shop\/?post_type=product&#038;p=19544"},"modified":"2026-03-30T08:02:36","modified_gmt":"2026-03-30T08:02:36","slug":"health-carbon-speed-km3-racing-shoes-professional-track-and-field-training-shoes","status":"publish","type":"product","link":"https:\/\/www.carbonfiberinsoles.shop\/pt\/produto\/health-carbon-speed-km3-racing-shoes-professional-track-and-field-training-shoes\/","title":{"rendered":"T\u00eanis de corrida de velocidade HYPER KM3 Carbon - Pista e Campo"},"content":{"rendered":"<h4>1. Vis\u00e3o geral<\/h4>\n<div class=\"auto-hide-last-sibling-br paragraph-qzbcQC paragraph-element br-paragraph-space\">Os t\u00eanis de corrida HEALTH Carbon Speed KM3 s\u00e3o o resultado da inova\u00e7\u00e3o cont\u00ednua em cal\u00e7ados esportivos. Desde a cria\u00e7\u00e3o da marca em 1984, especializada em cal\u00e7ados focados em exames esportivos, o KM3 se baseia no legado de seu antecessor, o KM2. Ele foi projetado para atender \u00e0s demandas das corridas de alta velocidade e do rigoroso treinamento em pista e campo.<\/div>\n<h4 class=\"header-jfw95c auto-hide-last-sibling-br\">2. Especifica\u00e7\u00f5es<\/h4>\n<ul class=\"auto-hide-last-sibling-br\">\n<li><strong>Material superior<\/strong>: Tecelagem especial de fios de alta resist\u00eancia Hi - Knit, com materiais de duas densidades para uma superf\u00edcie respir\u00e1vel e dur\u00e1vel do cal\u00e7ado.<\/li>\n<li><strong>Entressola<\/strong>: Entressola de espuma supercr\u00edtica HiFoam com design de densidade dupla. A camada superior tem uma dureza de 40c para amortecimento suave e retorno de energia, enquanto a camada inferior, com uma dureza de 50c, oferece estabilidade e suporte.<\/li>\n<li><strong>Sola exterior<\/strong>: Sola com padr\u00e3o de pneu de corrida e part\u00edculas antiderrapantes de KPU para maior ader\u00eancia.<\/li>\n<li><strong>Placa de carbono<\/strong>: Placa de carbono com nervuras refor\u00e7adas em toda a extens\u00e3o, com espessura de at\u00e9 1,2 mm, que proporciona excelente resist\u00eancia \u00e0 tor\u00e7\u00e3o e for\u00e7a motriz para a frente.<\/li>\n<\/ul>\n<hr \/>\n<p><img fetchpriority=\"high\" decoding=\"async\" class=\"aligncenter wp-image-20100 size-full\" src=\"http:\/\/www.carbonfiberinsoles.shop\/wp-content\/uploads\/2025\/05\/carbon-plate-shoes-6_1_1_1.jpg\" alt=\"\" width=\"776\" height=\"1200\" srcset=\"https:\/\/www.carbonfiberinsoles.shop\/wp-content\/uploads\/2025\/05\/carbon-plate-shoes-6_1_1_1.jpg 776w, https:\/\/www.carbonfiberinsoles.shop\/wp-content\/uploads\/2025\/05\/carbon-plate-shoes-6_1_1_1-430x665.jpg 430w, https:\/\/www.carbonfiberinsoles.shop\/wp-content\/uploads\/2025\/05\/carbon-plate-shoes-6_1_1_1-700x1082.jpg 700w, https:\/\/www.carbonfiberinsoles.shop\/wp-content\/uploads\/2025\/05\/carbon-plate-shoes-6_1_1_1-194x300.jpg 194w, https:\/\/www.carbonfiberinsoles.shop\/wp-content\/uploads\/2025\/05\/carbon-plate-shoes-6_1_1_1-517x800.jpg 517w, https:\/\/www.carbonfiberinsoles.shop\/wp-content\/uploads\/2025\/05\/carbon-plate-shoes-6_1_1_1-768x1188.jpg 768w, https:\/\/www.carbonfiberinsoles.shop\/wp-content\/uploads\/2025\/05\/carbon-plate-shoes-6_1_1_1-8x12.jpg 8w\" sizes=\"(max-width: 776px) 100vw, 776px\" \/> <img decoding=\"async\" class=\"aligncenter wp-image-20103 size-full\" src=\"http:\/\/www.carbonfiberinsoles.shop\/wp-content\/uploads\/2025\/05\/carbon-plate-shoes-9_1_1_1.jpg\" alt=\"\" width=\"996\" height=\"1200\" srcset=\"https:\/\/www.carbonfiberinsoles.shop\/wp-content\/uploads\/2025\/05\/carbon-plate-shoes-9_1_1_1.jpg 996w, https:\/\/www.carbonfiberinsoles.shop\/wp-content\/uploads\/2025\/05\/carbon-plate-shoes-9_1_1_1-430x518.jpg 430w, https:\/\/www.carbonfiberinsoles.shop\/wp-content\/uploads\/2025\/05\/carbon-plate-shoes-9_1_1_1-700x843.jpg 700w, https:\/\/www.carbonfiberinsoles.shop\/wp-content\/uploads\/2025\/05\/carbon-plate-shoes-9_1_1_1-249x300.jpg 249w, https:\/\/www.carbonfiberinsoles.shop\/wp-content\/uploads\/2025\/05\/carbon-plate-shoes-9_1_1_1-664x800.jpg 664w, https:\/\/www.carbonfiberinsoles.shop\/wp-content\/uploads\/2025\/05\/carbon-plate-shoes-9_1_1_1-768x925.jpg 768w, https:\/\/www.carbonfiberinsoles.shop\/wp-content\/uploads\/2025\/05\/carbon-plate-shoes-9_1_1_1-10x12.jpg 10w\" sizes=\"(max-width: 996px) 100vw, 996px\" \/> <img decoding=\"async\" class=\"aligncenter wp-image-20096 size-full\" src=\"http:\/\/www.carbonfiberinsoles.shop\/wp-content\/uploads\/2025\/05\/carbon-plate-shoes-2_1_1_1.jpg\" alt=\"\" width=\"786\" height=\"1200\" srcset=\"https:\/\/www.carbonfiberinsoles.shop\/wp-content\/uploads\/2025\/05\/carbon-plate-shoes-2_1_1_1.jpg 786w, https:\/\/www.carbonfiberinsoles.shop\/wp-content\/uploads\/2025\/05\/carbon-plate-shoes-2_1_1_1-430x656.jpg 430w, https:\/\/www.carbonfiberinsoles.shop\/wp-content\/uploads\/2025\/05\/carbon-plate-shoes-2_1_1_1-700x1069.jpg 700w, https:\/\/www.carbonfiberinsoles.shop\/wp-content\/uploads\/2025\/05\/carbon-plate-shoes-2_1_1_1-197x300.jpg 197w, https:\/\/www.carbonfiberinsoles.shop\/wp-content\/uploads\/2025\/05\/carbon-plate-shoes-2_1_1_1-524x800.jpg 524w, https:\/\/www.carbonfiberinsoles.shop\/wp-content\/uploads\/2025\/05\/carbon-plate-shoes-2_1_1_1-768x1173.jpg 768w, https:\/\/www.carbonfiberinsoles.shop\/wp-content\/uploads\/2025\/05\/carbon-plate-shoes-2_1_1_1-8x12.jpg 8w\" sizes=\"(max-width: 786px) 100vw, 786px\" \/> <img loading=\"lazy\" decoding=\"async\" class=\"aligncenter wp-image-20104 size-full\" src=\"http:\/\/www.carbonfiberinsoles.shop\/wp-content\/uploads\/2025\/05\/carbon-plate-shoes-10_1_1_1.jpg\" alt=\"\" width=\"776\" height=\"1200\" srcset=\"https:\/\/www.carbonfiberinsoles.shop\/wp-content\/uploads\/2025\/05\/carbon-plate-shoes-10_1_1_1.jpg 776w, https:\/\/www.carbonfiberinsoles.shop\/wp-content\/uploads\/2025\/05\/carbon-plate-shoes-10_1_1_1-430x665.jpg 430w, https:\/\/www.carbonfiberinsoles.shop\/wp-content\/uploads\/2025\/05\/carbon-plate-shoes-10_1_1_1-700x1082.jpg 700w, https:\/\/www.carbonfiberinsoles.shop\/wp-content\/uploads\/2025\/05\/carbon-plate-shoes-10_1_1_1-194x300.jpg 194w, https:\/\/www.carbonfiberinsoles.shop\/wp-content\/uploads\/2025\/05\/carbon-plate-shoes-10_1_1_1-517x800.jpg 517w, https:\/\/www.carbonfiberinsoles.shop\/wp-content\/uploads\/2025\/05\/carbon-plate-shoes-10_1_1_1-768x1188.jpg 768w, https:\/\/www.carbonfiberinsoles.shop\/wp-content\/uploads\/2025\/05\/carbon-plate-shoes-10_1_1_1-8x12.jpg 8w\" sizes=\"(max-width: 776px) 100vw, 776px\" \/> <img loading=\"lazy\" decoding=\"async\" class=\"aligncenter wp-image-20102 size-full\" src=\"http:\/\/www.carbonfiberinsoles.shop\/wp-content\/uploads\/2025\/05\/carbon-plate-shoes-8_1_1_1.jpg\" alt=\"\" width=\"790\" height=\"1160\" srcset=\"https:\/\/www.carbonfiberinsoles.shop\/wp-content\/uploads\/2025\/05\/carbon-plate-shoes-8_1_1_1.jpg 790w, https:\/\/www.carbonfiberinsoles.shop\/wp-content\/uploads\/2025\/05\/carbon-plate-shoes-8_1_1_1-430x631.jpg 430w, https:\/\/www.carbonfiberinsoles.shop\/wp-content\/uploads\/2025\/05\/carbon-plate-shoes-8_1_1_1-700x1028.jpg 700w, https:\/\/www.carbonfiberinsoles.shop\/wp-content\/uploads\/2025\/05\/carbon-plate-shoes-8_1_1_1-204x300.jpg 204w, https:\/\/www.carbonfiberinsoles.shop\/wp-content\/uploads\/2025\/05\/carbon-plate-shoes-8_1_1_1-545x800.jpg 545w, https:\/\/www.carbonfiberinsoles.shop\/wp-content\/uploads\/2025\/05\/carbon-plate-shoes-8_1_1_1-768x1128.jpg 768w, https:\/\/www.carbonfiberinsoles.shop\/wp-content\/uploads\/2025\/05\/carbon-plate-shoes-8_1_1_1-8x12.jpg 8w\" sizes=\"(max-width: 790px) 100vw, 790px\" \/> <img loading=\"lazy\" decoding=\"async\" class=\"aligncenter wp-image-20099 size-full\" src=\"http:\/\/www.carbonfiberinsoles.shop\/wp-content\/uploads\/2025\/05\/carbon-plate-shoes-5_1_1_1.jpg\" alt=\"\" width=\"776\" height=\"1200\" srcset=\"https:\/\/www.carbonfiberinsoles.shop\/wp-content\/uploads\/2025\/05\/carbon-plate-shoes-5_1_1_1.jpg 776w, https:\/\/www.carbonfiberinsoles.shop\/wp-content\/uploads\/2025\/05\/carbon-plate-shoes-5_1_1_1-430x665.jpg 430w, https:\/\/www.carbonfiberinsoles.shop\/wp-content\/uploads\/2025\/05\/carbon-plate-shoes-5_1_1_1-700x1082.jpg 700w, https:\/\/www.carbonfiberinsoles.shop\/wp-content\/uploads\/2025\/05\/carbon-plate-shoes-5_1_1_1-194x300.jpg 194w, https:\/\/www.carbonfiberinsoles.shop\/wp-content\/uploads\/2025\/05\/carbon-plate-shoes-5_1_1_1-517x800.jpg 517w, https:\/\/www.carbonfiberinsoles.shop\/wp-content\/uploads\/2025\/05\/carbon-plate-shoes-5_1_1_1-768x1188.jpg 768w, https:\/\/www.carbonfiberinsoles.shop\/wp-content\/uploads\/2025\/05\/carbon-plate-shoes-5_1_1_1-8x12.jpg 8w\" sizes=\"(max-width: 776px) 100vw, 776px\" \/> <img loading=\"lazy\" decoding=\"async\" class=\"aligncenter wp-image-20107 size-full\" src=\"http:\/\/www.carbonfiberinsoles.shop\/wp-content\/uploads\/2025\/05\/carbon-plate-shoes-13_1_1_1.jpg\" alt=\"\" width=\"776\" height=\"1691\" srcset=\"https:\/\/www.carbonfiberinsoles.shop\/wp-content\/uploads\/2025\/05\/carbon-plate-shoes-13_1_1_1.jpg 776w, https:\/\/www.carbonfiberinsoles.shop\/wp-content\/uploads\/2025\/05\/carbon-plate-shoes-13_1_1_1-430x937.jpg 430w, https:\/\/www.carbonfiberinsoles.shop\/wp-content\/uploads\/2025\/05\/carbon-plate-shoes-13_1_1_1-700x1525.jpg 700w, https:\/\/www.carbonfiberinsoles.shop\/wp-content\/uploads\/2025\/05\/carbon-plate-shoes-13_1_1_1-138x300.jpg 138w, https:\/\/www.carbonfiberinsoles.shop\/wp-content\/uploads\/2025\/05\/carbon-plate-shoes-13_1_1_1-367x800.jpg 367w, https:\/\/www.carbonfiberinsoles.shop\/wp-content\/uploads\/2025\/05\/carbon-plate-shoes-13_1_1_1-768x1674.jpg 768w, https:\/\/www.carbonfiberinsoles.shop\/wp-content\/uploads\/2025\/05\/carbon-plate-shoes-13_1_1_1-705x1536.jpg 705w, https:\/\/www.carbonfiberinsoles.shop\/wp-content\/uploads\/2025\/05\/carbon-plate-shoes-13_1_1_1-6x12.jpg 6w\" sizes=\"(max-width: 776px) 100vw, 776px\" \/> <img loading=\"lazy\" decoding=\"async\" class=\"aligncenter wp-image-20101 size-full\" src=\"http:\/\/www.carbonfiberinsoles.shop\/wp-content\/uploads\/2025\/05\/carbon-plate-shoes-7_1_1_1.jpg\" alt=\"\" width=\"776\" height=\"1475\" srcset=\"https:\/\/www.carbonfiberinsoles.shop\/wp-content\/uploads\/2025\/05\/carbon-plate-shoes-7_1_1_1.jpg 776w, https:\/\/www.carbonfiberinsoles.shop\/wp-content\/uploads\/2025\/05\/carbon-plate-shoes-7_1_1_1-430x817.jpg 430w, https:\/\/www.carbonfiberinsoles.shop\/wp-content\/uploads\/2025\/05\/carbon-plate-shoes-7_1_1_1-700x1331.jpg 700w, https:\/\/www.carbonfiberinsoles.shop\/wp-content\/uploads\/2025\/05\/carbon-plate-shoes-7_1_1_1-158x300.jpg 158w, https:\/\/www.carbonfiberinsoles.shop\/wp-content\/uploads\/2025\/05\/carbon-plate-shoes-7_1_1_1-421x800.jpg 421w, https:\/\/www.carbonfiberinsoles.shop\/wp-content\/uploads\/2025\/05\/carbon-plate-shoes-7_1_1_1-768x1460.jpg 768w, https:\/\/www.carbonfiberinsoles.shop\/wp-content\/uploads\/2025\/05\/carbon-plate-shoes-7_1_1_1-6x12.jpg 6w\" sizes=\"(max-width: 776px) 100vw, 776px\" \/> <img loading=\"lazy\" decoding=\"async\" class=\"aligncenter wp-image-20097 size-full\" src=\"http:\/\/www.carbonfiberinsoles.shop\/wp-content\/uploads\/2025\/05\/carbon-plate-shoes-3_1_1_1.jpg\" alt=\"\" width=\"776\" height=\"1200\" srcset=\"https:\/\/www.carbonfiberinsoles.shop\/wp-content\/uploads\/2025\/05\/carbon-plate-shoes-3_1_1_1.jpg 776w, https:\/\/www.carbonfiberinsoles.shop\/wp-content\/uploads\/2025\/05\/carbon-plate-shoes-3_1_1_1-430x665.jpg 430w, https:\/\/www.carbonfiberinsoles.shop\/wp-content\/uploads\/2025\/05\/carbon-plate-shoes-3_1_1_1-700x1082.jpg 700w, https:\/\/www.carbonfiberinsoles.shop\/wp-content\/uploads\/2025\/05\/carbon-plate-shoes-3_1_1_1-194x300.jpg 194w, https:\/\/www.carbonfiberinsoles.shop\/wp-content\/uploads\/2025\/05\/carbon-plate-shoes-3_1_1_1-517x800.jpg 517w, https:\/\/www.carbonfiberinsoles.shop\/wp-content\/uploads\/2025\/05\/carbon-plate-shoes-3_1_1_1-768x1188.jpg 768w, https:\/\/www.carbonfiberinsoles.shop\/wp-content\/uploads\/2025\/05\/carbon-plate-shoes-3_1_1_1-8x12.jpg 8w\" sizes=\"(max-width: 776px) 100vw, 776px\" \/> <img loading=\"lazy\" decoding=\"async\" class=\"aligncenter wp-image-20106 size-full\" src=\"http:\/\/www.carbonfiberinsoles.shop\/wp-content\/uploads\/2025\/05\/carbon-plate-shoes-12_1_1_1.jpg\" alt=\"\" width=\"776\" height=\"1200\" srcset=\"https:\/\/www.carbonfiberinsoles.shop\/wp-content\/uploads\/2025\/05\/carbon-plate-shoes-12_1_1_1.jpg 776w, https:\/\/www.carbonfiberinsoles.shop\/wp-content\/uploads\/2025\/05\/carbon-plate-shoes-12_1_1_1-430x665.jpg 430w, https:\/\/www.carbonfiberinsoles.shop\/wp-content\/uploads\/2025\/05\/carbon-plate-shoes-12_1_1_1-700x1082.jpg 700w, https:\/\/www.carbonfiberinsoles.shop\/wp-content\/uploads\/2025\/05\/carbon-plate-shoes-12_1_1_1-194x300.jpg 194w, https:\/\/www.carbonfiberinsoles.shop\/wp-content\/uploads\/2025\/05\/carbon-plate-shoes-12_1_1_1-517x800.jpg 517w, https:\/\/www.carbonfiberinsoles.shop\/wp-content\/uploads\/2025\/05\/carbon-plate-shoes-12_1_1_1-768x1188.jpg 768w, https:\/\/www.carbonfiberinsoles.shop\/wp-content\/uploads\/2025\/05\/carbon-plate-shoes-12_1_1_1-8x12.jpg 8w\" sizes=\"(max-width: 776px) 100vw, 776px\" \/> <img loading=\"lazy\" decoding=\"async\" class=\"aligncenter wp-image-20098 size-full\" src=\"http:\/\/www.carbonfiberinsoles.shop\/wp-content\/uploads\/2025\/05\/carbon-plate-shoes-4_1_1_1.jpg\" alt=\"\" width=\"880\" height=\"2257\" srcset=\"https:\/\/www.carbonfiberinsoles.shop\/wp-content\/uploads\/2025\/05\/carbon-plate-shoes-4_1_1_1.jpg 880w, https:\/\/www.carbonfiberinsoles.shop\/wp-content\/uploads\/2025\/05\/carbon-plate-shoes-4_1_1_1-430x1103.jpg 430w, https:\/\/www.carbonfiberinsoles.shop\/wp-content\/uploads\/2025\/05\/carbon-plate-shoes-4_1_1_1-700x1795.jpg 700w, https:\/\/www.carbonfiberinsoles.shop\/wp-content\/uploads\/2025\/05\/carbon-plate-shoes-4_1_1_1-117x300.jpg 117w, https:\/\/www.carbonfiberinsoles.shop\/wp-content\/uploads\/2025\/05\/carbon-plate-shoes-4_1_1_1-312x800.jpg 312w, https:\/\/www.carbonfiberinsoles.shop\/wp-content\/uploads\/2025\/05\/carbon-plate-shoes-4_1_1_1-768x1970.jpg 768w, https:\/\/www.carbonfiberinsoles.shop\/wp-content\/uploads\/2025\/05\/carbon-plate-shoes-4_1_1_1-599x1536.jpg 599w, https:\/\/www.carbonfiberinsoles.shop\/wp-content\/uploads\/2025\/05\/carbon-plate-shoes-4_1_1_1-799x2048.jpg 799w, https:\/\/www.carbonfiberinsoles.shop\/wp-content\/uploads\/2025\/05\/carbon-plate-shoes-4_1_1_1-5x12.jpg 5w\" sizes=\"(max-width: 880px) 100vw, 880px\" \/> <img loading=\"lazy\" decoding=\"async\" class=\"aligncenter wp-image-20095 size-full\" src=\"http:\/\/www.carbonfiberinsoles.shop\/wp-content\/uploads\/2025\/05\/carbon-plate-shoes-1_1_1_1.jpg\" alt=\"\" width=\"776\" height=\"2291\" srcset=\"https:\/\/www.carbonfiberinsoles.shop\/wp-content\/uploads\/2025\/05\/carbon-plate-shoes-1_1_1_1.jpg 776w, https:\/\/www.carbonfiberinsoles.shop\/wp-content\/uploads\/2025\/05\/carbon-plate-shoes-1_1_1_1-430x1269.jpg 430w, https:\/\/www.carbonfiberinsoles.shop\/wp-content\/uploads\/2025\/05\/carbon-plate-shoes-1_1_1_1-700x2067.jpg 700w, https:\/\/www.carbonfiberinsoles.shop\/wp-content\/uploads\/2025\/05\/carbon-plate-shoes-1_1_1_1-102x300.jpg 102w, https:\/\/www.carbonfiberinsoles.shop\/wp-content\/uploads\/2025\/05\/carbon-plate-shoes-1_1_1_1-271x800.jpg 271w, https:\/\/www.carbonfiberinsoles.shop\/wp-content\/uploads\/2025\/05\/carbon-plate-shoes-1_1_1_1-768x2267.jpg 768w, https:\/\/www.carbonfiberinsoles.shop\/wp-content\/uploads\/2025\/05\/carbon-plate-shoes-1_1_1_1-520x1536.jpg 520w, https:\/\/www.carbonfiberinsoles.shop\/wp-content\/uploads\/2025\/05\/carbon-plate-shoes-1_1_1_1-694x2048.jpg 694w, https:\/\/www.carbonfiberinsoles.shop\/wp-content\/uploads\/2025\/05\/carbon-plate-shoes-1_1_1_1-4x12.jpg 4w\" sizes=\"(max-width: 776px) 100vw, 776px\" \/> <img loading=\"lazy\" decoding=\"async\" class=\"aligncenter wp-image-20108 size-full\" src=\"http:\/\/www.carbonfiberinsoles.shop\/wp-content\/uploads\/2025\/05\/carbon-plate-shoes-14_1_1_1.jpg\" alt=\"\" width=\"776\" height=\"1200\" srcset=\"https:\/\/www.carbonfiberinsoles.shop\/wp-content\/uploads\/2025\/05\/carbon-plate-shoes-14_1_1_1.jpg 776w, https:\/\/www.carbonfiberinsoles.shop\/wp-content\/uploads\/2025\/05\/carbon-plate-shoes-14_1_1_1-430x665.jpg 430w, https:\/\/www.carbonfiberinsoles.shop\/wp-content\/uploads\/2025\/05\/carbon-plate-shoes-14_1_1_1-700x1082.jpg 700w, https:\/\/www.carbonfiberinsoles.shop\/wp-content\/uploads\/2025\/05\/carbon-plate-shoes-14_1_1_1-194x300.jpg 194w, https:\/\/www.carbonfiberinsoles.shop\/wp-content\/uploads\/2025\/05\/carbon-plate-shoes-14_1_1_1-517x800.jpg 517w, https:\/\/www.carbonfiberinsoles.shop\/wp-content\/uploads\/2025\/05\/carbon-plate-shoes-14_1_1_1-768x1188.jpg 768w, https:\/\/www.carbonfiberinsoles.shop\/wp-content\/uploads\/2025\/05\/carbon-plate-shoes-14_1_1_1-8x12.jpg 8w\" sizes=\"(max-width: 776px) 100vw, 776px\" \/> <img loading=\"lazy\" decoding=\"async\" class=\"aligncenter wp-image-20105 size-full\" src=\"http:\/\/www.carbonfiberinsoles.shop\/wp-content\/uploads\/2025\/05\/carbon-plate-shoes-11_1_1_1.jpg\" alt=\"\" width=\"776\" height=\"764\" srcset=\"https:\/\/www.carbonfiberinsoles.shop\/wp-content\/uploads\/2025\/05\/carbon-plate-shoes-11_1_1_1.jpg 776w, https:\/\/www.carbonfiberinsoles.shop\/wp-content\/uploads\/2025\/05\/carbon-plate-shoes-11_1_1_1-430x423.jpg 430w, https:\/\/www.carbonfiberinsoles.shop\/wp-content\/uploads\/2025\/05\/carbon-plate-shoes-11_1_1_1-150x148.jpg 150w, https:\/\/www.carbonfiberinsoles.shop\/wp-content\/uploads\/2025\/05\/carbon-plate-shoes-11_1_1_1-700x689.jpg 700w, https:\/\/www.carbonfiberinsoles.shop\/wp-content\/uploads\/2025\/05\/carbon-plate-shoes-11_1_1_1-305x300.jpg 305w, https:\/\/www.carbonfiberinsoles.shop\/wp-content\/uploads\/2025\/05\/carbon-plate-shoes-11_1_1_1-768x756.jpg 768w, https:\/\/www.carbonfiberinsoles.shop\/wp-content\/uploads\/2025\/05\/carbon-plate-shoes-11_1_1_1-12x12.jpg 12w\" sizes=\"(max-width: 776px) 100vw, 776px\" \/><\/p>\n<p><img loading=\"lazy\" decoding=\"async\" class=\"wp-image-19589 size-full aligncenter\" src=\"http:\/\/www.carbonfiberinsoles.shop\/wp-content\/uploads\/2025\/05\/shoes-size-guide.png\" alt=\"guia de tamanhos de cal\u00e7ados\" width=\"754\" height=\"529\" srcset=\"https:\/\/www.carbonfiberinsoles.shop\/wp-content\/uploads\/2025\/05\/shoes-size-guide.png 754w, https:\/\/www.carbonfiberinsoles.shop\/wp-content\/uploads\/2025\/05\/shoes-size-guide-430x302.png 430w, https:\/\/www.carbonfiberinsoles.shop\/wp-content\/uploads\/2025\/05\/shoes-size-guide-700x491.png 700w, https:\/\/www.carbonfiberinsoles.shop\/wp-content\/uploads\/2025\/05\/shoes-size-guide-400x281.png 400w, https:\/\/www.carbonfiberinsoles.shop\/wp-content\/uploads\/2025\/05\/shoes-size-guide-18x12.png 18w\" sizes=\"(max-width: 754px) 100vw, 754px\" \/><\/p>\n<p>&nbsp;<\/p>\n<hr \/>\n<h4 class=\"header-jfw95c auto-hide-last-sibling-br\">3. Recursos<\/h4>\n<ul class=\"auto-hide-last-sibling-br\">\n<li><strong>Rebote e propuls\u00e3o<\/strong>: Em compara\u00e7\u00e3o com o KM2, o desempenho do rebote foi aprimorado em 20,0% e o desempenho da propuls\u00e3o foi aprimorado em 58%. A placa de carbono de comprimento total e a entressola de espuma supercr\u00edtica trabalham em conjunto para oferecer excelente retorno de energia.<\/li>\n<li><strong>Leve e respir\u00e1vel<\/strong>: A parte superior Hi - Knit garante a respirabilidade, e o design geral do t\u00eanis reduz o peso, facilitando a movimenta\u00e7\u00e3o r\u00e1pida.<\/li>\n<li><strong>Estabilidade e ader\u00eancia<\/strong>: A entressola de dupla densidade proporciona estabilidade e a sola com padr\u00e3o de pneu de corrida com part\u00edculas de KPU oferece forte tra\u00e7\u00e3o, mesmo em superf\u00edcies molhadas.<\/li>\n<li><strong>Propuls\u00e3o de rolagem<\/strong>: O ponto de virada do antep\u00e9 \u00e9 definido em 65% da entressola, aumentando a in\u00e9rcia para frente e a propuls\u00e3o da corrida.<\/li>\n<\/ul>\n<h4 class=\"header-jfw95c auto-hide-last-sibling-br\">4. Raz\u00f5es para comprar<\/h4>\n<ul class=\"auto-hide-last-sibling-br\">\n<li><strong>Design orientado para o desempenho<\/strong>: Seja voc\u00ea um atleta profissional treinando para eventos de pista e campo ou um estudante se preparando para exames esportivos, esses t\u00eanis foram projetados para melhorar sua velocidade e desempenho.<\/li>\n<li><strong>Garantia de qualidade<\/strong>: Com uma hist\u00f3ria de marca que remonta a 1984, a HEALTH tem um hist\u00f3rico comprovado na produ\u00e7\u00e3o de cal\u00e7ados esportivos confi\u00e1veis.<\/li>\n<li><strong>Tecnologia avan\u00e7ada<\/strong>: A combina\u00e7\u00e3o de tecnologia de placa de carbono, entressola de espuma supercr\u00edtica e cabedal de fio de alta resist\u00eancia representa a mais recente inova\u00e7\u00e3o em cal\u00e7ados esportivos.<\/li>\n<\/ul>\n<h4 class=\"header-jfw95c auto-hide-last-sibling-br\">5. Perguntas frequentes<\/h4>\n<ul class=\"auto-hide-last-sibling-br\">\n<li><strong>P: Esses t\u00eanis s\u00e3o adequados para corridas de longa dist\u00e2ncia?<\/strong>\n<ul class=\"auto-hide-last-sibling-br\">\n<li><strong>A:<\/strong>\u00a0Absolutamente. A entressola de espuma supercr\u00edtica proporciona excelente amortecimento e retorno de energia, tornando-os ideais para corridas de longa dist\u00e2ncia.<\/li>\n<\/ul>\n<\/li>\n<li><strong>P: Quais s\u00e3o os tamanhos dispon\u00edveis?<\/strong>\n<ul class=\"auto-hide-last-sibling-br\">\n<li><strong>A:<\/strong>\u00a0Os tamanhos variam de 38 a 46, atendendo a uma ampla variedade de tamanhos de p\u00e9s.<\/li>\n<\/ul>\n<\/li>\n<li><strong>P: Qual \u00e9 a durabilidade desses cal\u00e7ados?<\/strong>\n<ul class=\"auto-hide-last-sibling-br\">\n<li><strong>A:<\/strong>\u00a0A parte superior em Hi Knit de alta resist\u00eancia e o solado resistente ao desgaste com part\u00edculas de KPU garantem que esses t\u00eanis sejam feitos para durar durante sess\u00f5es intensas de treinamento e corrida.<\/li>\n<\/ul>\n<\/li>\n<\/ul>\n<hr class=\"\" data-start=\"3358\" data-end=\"3361\" \/>\n<p class=\"\" data-start=\"3382\" data-end=\"3647\">","protected":false},"excerpt":{"rendered":"<p>Os t\u00eanis de corrida HEALTH Carbon Speed KM3 s\u00e3o cal\u00e7ados esportivos de primeira linha projetados para treinamento e corrida s\u00e9rios em pista e campo. Com a avan\u00e7ada tecnologia de placas de carbono, eles proporcionam propuls\u00e3o e estabilidade incompar\u00e1veis.<\/p>","protected":false},"featured_media":19548,"comment_status":"open","ping_status":"closed","template":"","meta":{"_kadence_starter_templates_imported_post":false,"_kad_post_transparent":"","_kad_post_title":"","_kad_post_layout":"","_kad_post_sidebar_id":"","_kad_post_content_style":"","_kad_post_vertical_padding":"","_kad_post_feature":"","_kad_post_feature_position":"","_kad_post_header":false,"_kad_post_footer":false},"product_brand":[486],"product_cat":[253,252,485],"product_tag":[373,254,257,349,333,372,344,326],"class_list":{"0":"post-19544","1":"product","2":"type-product","3":"status-publish","4":"has-post-thumbnail","6":"product_brand-health","7":"product_cat-carbon-plate-running-shoes","8":"product_cat-carbon-shoes","9":"product_cat-health-shoes","10":"product_tag-anti-slip-shoes","11":"product_tag-carbon-plate-running-shoes","12":"product_tag-carbon-plated-shoes","13":"product_tag-racing-shoes","14":"product_tag-shock-absorbing-shoes","15":"product_tag-sports-shoes","16":"product_tag-track-and-field-shoes","17":"product_tag-training-shoes","19":"first","20":"instock","21":"shipping-taxable","22":"purchasable","23":"product-type-variable","24":"entry","25":"content-bg","26":"loop-entry"},"aioseo_notices":[],"_links":{"self":[{"href":"https:\/\/www.carbonfiberinsoles.shop\/pt\/wp-json\/wp\/v2\/product\/19544","targetHints":{"allow":["GET"]}}],"collection":[{"href":"https:\/\/www.carbonfiberinsoles.shop\/pt\/wp-json\/wp\/v2\/product"}],"about":[{"href":"https:\/\/www.carbonfiberinsoles.shop\/pt\/wp-json\/wp\/v2\/types\/product"}],"replies":[{"embeddable":true,"href":"https:\/\/www.carbonfiberinsoles.shop\/pt\/wp-json\/wp\/v2\/comments?post=19544"}],"version-history":[{"count":1,"href":"https:\/\/www.carbonfiberinsoles.shop\/pt\/wp-json\/wp\/v2\/product\/19544\/revisions"}],"predecessor-version":[{"id":21586,"href":"https:\/\/www.carbonfiberinsoles.shop\/pt\/wp-json\/wp\/v2\/product\/19544\/revisions\/21586"}],"wp:featuredmedia":[{"embeddable":true,"href":"https:\/\/www.carbonfiberinsoles.shop\/pt\/wp-json\/wp\/v2\/media\/19548"}],"wp:attachment":[{"href":"https:\/\/www.carbonfiberinsoles.shop\/pt\/wp-json\/wp\/v2\/media?parent=19544"}],"wp:term":[{"taxonomy":"product_brand","embeddable":true,"href":"https:\/\/www.carbonfiberinsoles.shop\/pt\/wp-json\/wp\/v2\/product_brand?post=19544"},{"taxonomy":"product_cat","embeddable":true,"href":"https:\/\/www.carbonfiberinsoles.shop\/pt\/wp-json\/wp\/v2\/product_cat?post=19544"},{"taxonomy":"product_tag","embeddable":true,"href":"https:\/\/www.carbonfiberinsoles.shop\/pt\/wp-json\/wp\/v2\/product_tag?post=19544"}],"curies":[{"name":"wp","href":"https:\/\/api.w.org\/{rel}","templated":true}]}}