{"id":20182,"date":"2025-05-21T15:48:38","date_gmt":"2025-05-21T15:48:38","guid":{"rendered":"https:\/\/www.carbonfiberinsoles.shop\/?post_type=product&#038;p=20182"},"modified":"2026-03-30T07:58:31","modified_gmt":"2026-03-30T07:58:31","slug":"tlss-full-length-carbon-fiber-insoles-shock-absorbing-breathable-performance-insoles-for-soccer-sports","status":"publish","type":"product","link":"https:\/\/www.carbonfiberinsoles.shop\/pt\/produto\/tlss-full-length-carbon-fiber-insoles-shock-absorbing-breathable-performance-insoles-for-soccer-sports\/","title":{"rendered":"Palmilhas de fibra de carbono de comprimento total TLSS - Palmilhas de futebol com absor\u00e7\u00e3o de choque"},"content":{"rendered":"<h3 class=\"\" data-start=\"878\" data-end=\"898\"><strong data-start=\"882\" data-end=\"898\">Vis\u00e3o geral:<\/strong><\/h3>\n<p class=\"\" data-start=\"899\" data-end=\"1353\">O <strong data-start=\"903\" data-end=\"944\">Palmilhas de fibra de carbono de comprimento total Tlss<\/strong> s\u00e3o uma solu\u00e7\u00e3o de palmilha premium para atletas que exigem suporte preciso do calcanhar aos dedos dos p\u00e9s. Projetada com avan\u00e7ados <strong data-start=\"1058\" data-end=\"1085\">tecnologia de fibra de carbono<\/strong>Com a palmilha de borracha, essas palmilhas proporcionam absor\u00e7\u00e3o de impactos em toda a extens\u00e3o, estabiliza\u00e7\u00e3o do calcanhar e respirabilidade aprimorada. Ideais para jogadores de futebol e corredores, elas aumentam o desempenho mantendo o alinhamento do p\u00e9, reduzindo a fadiga e minimizando as for\u00e7as de impacto durante atividades de alta velocidade.<\/p>\n<hr class=\"\" data-start=\"1355\" data-end=\"1358\" \/>\n<h3 class=\"\" data-start=\"1360\" data-end=\"1386\"><strong data-start=\"1364\" data-end=\"1386\">\ud83d\udcd0 Especifica\u00e7\u00f5es:<\/strong><\/h3>\n<ul data-start=\"1387\" data-end=\"1759\">\n<li class=\"\" data-start=\"1387\" data-end=\"1472\">\n<p class=\"\" data-start=\"1389\" data-end=\"1472\"><strong data-start=\"1389\" data-end=\"1402\">Material:<\/strong> Placa de fibra de carbono de comprimento total, espuma EVA, amortecimento em gel, tecido de malha<\/p>\n<\/li>\n<li class=\"\" data-start=\"1473\" data-end=\"1539\">\n<p class=\"\" data-start=\"1475\" data-end=\"1539\"><strong data-start=\"1475\" data-end=\"1495\">Tamanhos dispon\u00edveis:<\/strong> S (36-38), M (39-41), L (42-44), XL (45-47)<\/p>\n<\/li>\n<li class=\"\" data-start=\"1540\" data-end=\"1595\">\n<p class=\"\" data-start=\"1542\" data-end=\"1595\"><strong data-start=\"1542\" data-end=\"1553\">Peso:<\/strong> Ultra leve, aproximadamente 60 g por palmilha<\/p>\n<\/li>\n<li class=\"\" data-start=\"1596\" data-end=\"1632\">\n<p class=\"\" data-start=\"1598\" data-end=\"1632\"><strong data-start=\"1598\" data-end=\"1608\">Cor:<\/strong> Cinza\/preto\/acentos azuis<\/p>\n<\/li>\n<li class=\"\" data-start=\"1633\" data-end=\"1689\">\n<p class=\"\" data-start=\"1635\" data-end=\"1689\"><strong data-start=\"1635\" data-end=\"1643\">Use:<\/strong> Futebol, Corrida, Cross-Training, Cal\u00e7ados esportivos<\/p>\n<\/li>\n<li class=\"\" data-start=\"1690\" data-end=\"1759\">\n<p class=\"\" data-start=\"1692\" data-end=\"1759\"><strong data-start=\"1692\" data-end=\"1703\">Design:<\/strong> Cobertura total da sola com ajuste fino e foco no arco e no calcanhar<\/p>\n<\/li>\n<\/ul>\n<hr class=\"\" data-start=\"1761\" data-end=\"1764\" \/>\n<h3 class=\"\" data-start=\"1766\" data-end=\"1785\"><strong data-start=\"1770\" data-end=\"1785\">Caracter\u00edsticas:<\/strong><\/h3>\n<ul data-start=\"1786\" data-end=\"2223\">\n<li class=\"\" data-start=\"1786\" data-end=\"1874\">\n<p class=\"\" data-start=\"1788\" data-end=\"1874\">\u2705 <strong data-start=\"1790\" data-end=\"1825\">Placa de fibra de carbono de comprimento total:<\/strong> Promove o retorno de energia e a integridade estrutural.<\/p>\n<\/li>\n<li class=\"\" data-start=\"1875\" data-end=\"1968\">\n<p class=\"\" data-start=\"1877\" data-end=\"1968\">\u2705 <strong data-start=\"1879\" data-end=\"1911\">Absor\u00e7\u00e3o de choques em v\u00e1rias zonas:<\/strong> Amortecimento em gel e EVA nas zonas do calcanhar e do antep\u00e9.<\/p>\n<\/li>\n<li class=\"\" data-start=\"1969\" data-end=\"2049\">\n<p class=\"\" data-start=\"1971\" data-end=\"2049\">\u2705 <strong data-start=\"1973\" data-end=\"2003\">Camada superior de malha respir\u00e1vel:<\/strong> Aumenta o fluxo de ar e mant\u00e9m os p\u00e9s frescos e secos.<\/p>\n<\/li>\n<li class=\"\" data-start=\"2050\" data-end=\"2137\">\n<p class=\"\" data-start=\"2052\" data-end=\"2137\">\u2705 <strong data-start=\"2054\" data-end=\"2082\">Tecnologia de suporte de arco:<\/strong> Reduz o estresse plantar e ajuda a corrigir a postura do p\u00e9.<\/p>\n<\/li>\n<li class=\"\" data-start=\"2138\" data-end=\"2223\">\n<p class=\"\" data-start=\"2140\" data-end=\"2223\">\u2705 <strong data-start=\"2142\" data-end=\"2165\">Design do ber\u00e7o do calcanhar:<\/strong> Melhora o equil\u00edbrio e evita o rolamento interno do p\u00e9.<\/p>\n<\/li>\n<\/ul>\n<p>&nbsp;<\/p>\n<p><img fetchpriority=\"high\" decoding=\"async\" class=\"wp-image-20202 size-full aligncenter\" src=\"http:\/\/www.carbonfiberinsoles.shop\/wp-content\/uploads\/2025\/05\/TLSS-Full-Length-Carbon-Fiber-Insoles-2.jpg\" alt=\"Palmilhas de fibra de carbono de comprimento total TLSS\" width=\"753\" height=\"772\" srcset=\"https:\/\/www.carbonfiberinsoles.shop\/wp-content\/uploads\/2025\/05\/TLSS-Full-Length-Carbon-Fiber-Insoles-2.jpg 753w, https:\/\/www.carbonfiberinsoles.shop\/wp-content\/uploads\/2025\/05\/TLSS-Full-Length-Carbon-Fiber-Insoles-2-430x441.jpg 430w, https:\/\/www.carbonfiberinsoles.shop\/wp-content\/uploads\/2025\/05\/TLSS-Full-Length-Carbon-Fiber-Insoles-2-700x718.jpg 700w, https:\/\/www.carbonfiberinsoles.shop\/wp-content\/uploads\/2025\/05\/TLSS-Full-Length-Carbon-Fiber-Insoles-2-293x300.jpg 293w, https:\/\/www.carbonfiberinsoles.shop\/wp-content\/uploads\/2025\/05\/TLSS-Full-Length-Carbon-Fiber-Insoles-2-12x12.jpg 12w\" sizes=\"(max-width: 753px) 100vw, 753px\" \/> <img decoding=\"async\" class=\"wp-image-20203 size-full aligncenter\" src=\"http:\/\/www.carbonfiberinsoles.shop\/wp-content\/uploads\/2025\/05\/TLSS-Full-Length-Carbon-Fiber-Insoles-3.jpg\" alt=\"Palmilhas de fibra de carbono de comprimento total TLSS\" width=\"800\" height=\"800\" srcset=\"https:\/\/www.carbonfiberinsoles.shop\/wp-content\/uploads\/2025\/05\/TLSS-Full-Length-Carbon-Fiber-Insoles-3.jpg 800w, https:\/\/www.carbonfiberinsoles.shop\/wp-content\/uploads\/2025\/05\/TLSS-Full-Length-Carbon-Fiber-Insoles-3-430x430.jpg 430w, https:\/\/www.carbonfiberinsoles.shop\/wp-content\/uploads\/2025\/05\/TLSS-Full-Length-Carbon-Fiber-Insoles-3-150x150.jpg 150w, https:\/\/www.carbonfiberinsoles.shop\/wp-content\/uploads\/2025\/05\/TLSS-Full-Length-Carbon-Fiber-Insoles-3-700x700.jpg 700w, https:\/\/www.carbonfiberinsoles.shop\/wp-content\/uploads\/2025\/05\/TLSS-Full-Length-Carbon-Fiber-Insoles-3-300x300.jpg 300w, https:\/\/www.carbonfiberinsoles.shop\/wp-content\/uploads\/2025\/05\/TLSS-Full-Length-Carbon-Fiber-Insoles-3-768x768.jpg 768w, https:\/\/www.carbonfiberinsoles.shop\/wp-content\/uploads\/2025\/05\/TLSS-Full-Length-Carbon-Fiber-Insoles-3-12x12.jpg 12w\" sizes=\"(max-width: 800px) 100vw, 800px\" \/><\/p>\n<p><img decoding=\"async\" class=\"wp-image-20204 size-full aligncenter\" src=\"http:\/\/www.carbonfiberinsoles.shop\/wp-content\/uploads\/2025\/05\/TLSS-Full-Length-Carbon-Fiber-Insoles-4.jpg\" alt=\"Palmilhas de fibra de carbono de comprimento total TLSS\" width=\"800\" height=\"800\" srcset=\"https:\/\/www.carbonfiberinsoles.shop\/wp-content\/uploads\/2025\/05\/TLSS-Full-Length-Carbon-Fiber-Insoles-4.jpg 800w, https:\/\/www.carbonfiberinsoles.shop\/wp-content\/uploads\/2025\/05\/TLSS-Full-Length-Carbon-Fiber-Insoles-4-430x430.jpg 430w, https:\/\/www.carbonfiberinsoles.shop\/wp-content\/uploads\/2025\/05\/TLSS-Full-Length-Carbon-Fiber-Insoles-4-150x150.jpg 150w, https:\/\/www.carbonfiberinsoles.shop\/wp-content\/uploads\/2025\/05\/TLSS-Full-Length-Carbon-Fiber-Insoles-4-700x700.jpg 700w, https:\/\/www.carbonfiberinsoles.shop\/wp-content\/uploads\/2025\/05\/TLSS-Full-Length-Carbon-Fiber-Insoles-4-300x300.jpg 300w, https:\/\/www.carbonfiberinsoles.shop\/wp-content\/uploads\/2025\/05\/TLSS-Full-Length-Carbon-Fiber-Insoles-4-768x768.jpg 768w, https:\/\/www.carbonfiberinsoles.shop\/wp-content\/uploads\/2025\/05\/TLSS-Full-Length-Carbon-Fiber-Insoles-4-12x12.jpg 12w\" sizes=\"(max-width: 800px) 100vw, 800px\" \/><\/p>\n<p><img loading=\"lazy\" decoding=\"async\" class=\"wp-image-20206 size-full aligncenter\" src=\"http:\/\/www.carbonfiberinsoles.shop\/wp-content\/uploads\/2025\/05\/TLSS-Full-Length-Carbon-Fiber-Insoles-6.jpg\" alt=\"Palmilhas de fibra de carbono de comprimento total TLSS\" width=\"800\" height=\"800\" srcset=\"https:\/\/www.carbonfiberinsoles.shop\/wp-content\/uploads\/2025\/05\/TLSS-Full-Length-Carbon-Fiber-Insoles-6.jpg 800w, https:\/\/www.carbonfiberinsoles.shop\/wp-content\/uploads\/2025\/05\/TLSS-Full-Length-Carbon-Fiber-Insoles-6-430x430.jpg 430w, https:\/\/www.carbonfiberinsoles.shop\/wp-content\/uploads\/2025\/05\/TLSS-Full-Length-Carbon-Fiber-Insoles-6-150x150.jpg 150w, https:\/\/www.carbonfiberinsoles.shop\/wp-content\/uploads\/2025\/05\/TLSS-Full-Length-Carbon-Fiber-Insoles-6-700x700.jpg 700w, https:\/\/www.carbonfiberinsoles.shop\/wp-content\/uploads\/2025\/05\/TLSS-Full-Length-Carbon-Fiber-Insoles-6-300x300.jpg 300w, https:\/\/www.carbonfiberinsoles.shop\/wp-content\/uploads\/2025\/05\/TLSS-Full-Length-Carbon-Fiber-Insoles-6-768x768.jpg 768w, https:\/\/www.carbonfiberinsoles.shop\/wp-content\/uploads\/2025\/05\/TLSS-Full-Length-Carbon-Fiber-Insoles-6-12x12.jpg 12w\" sizes=\"(max-width: 800px) 100vw, 800px\" \/><\/p>\n<p>&nbsp;<\/p>\n<hr class=\"\" data-start=\"2225\" data-end=\"2228\" \/>\n<h3 class=\"\" data-start=\"2230\" data-end=\"2287\"><strong data-start=\"2234\" data-end=\"2287\">Por que comprar palmilhas de fibra de carbono de comprimento total da Tlss?<\/strong><\/h3>\n<ul data-start=\"2288\" data-end=\"2733\">\n<li class=\"\" data-start=\"2288\" data-end=\"2382\">\n<p class=\"\" data-start=\"2290\" data-end=\"2382\">Projetado para <strong data-start=\"2303\" data-end=\"2313\">futebol<\/strong> e outros esportes exigentes em que o equil\u00edbrio e a capacidade de resposta s\u00e3o fundamentais.<\/p>\n<\/li>\n<li class=\"\" data-start=\"2383\" data-end=\"2473\">\n<p class=\"\" data-start=\"2385\" data-end=\"2473\">Ofertas <strong data-start=\"2392\" data-end=\"2423\">desempenho de absor\u00e7\u00e3o de choque<\/strong> em todo o p\u00e9, n\u00e3o apenas no calcanhar ou no antep\u00e9.<\/p>\n<\/li>\n<li class=\"\" data-start=\"2474\" data-end=\"2557\">\n<p class=\"\" data-start=\"2476\" data-end=\"2557\">O <strong data-start=\"2480\" data-end=\"2507\">constru\u00e7\u00e3o respir\u00e1vel<\/strong> mant\u00e9m os p\u00e9s frescos e minimiza o suor durante o jogo.<\/p>\n<\/li>\n<li class=\"\" data-start=\"2558\" data-end=\"2639\">\n<p class=\"\" data-start=\"2560\" data-end=\"2639\">Longa dura\u00e7\u00e3o <strong data-start=\"2573\" data-end=\"2597\">suporte de fibra de carbono<\/strong> garante a durabilidade sem aumentar o peso.<\/p>\n<\/li>\n<li class=\"\" data-start=\"2640\" data-end=\"2733\">\n<p class=\"\" data-start=\"2642\" data-end=\"2733\">Impulsiona <strong data-start=\"2649\" data-end=\"2686\">desempenho e preven\u00e7\u00e3o de les\u00f5es<\/strong>O que o torna perfeito para atletas de todos os n\u00edveis.<\/p>\n<\/li>\n<\/ul>\n<hr class=\"\" data-start=\"2735\" data-end=\"2738\" \/>\n<h3 class=\"\" data-start=\"2740\" data-end=\"2754\"><strong data-start=\"2744\" data-end=\"2754\">\u2753 Perguntas frequentes<\/strong><\/h3>\n<p class=\"\" data-start=\"2756\" data-end=\"2890\"><strong data-start=\"2756\" data-end=\"2810\">P1: Posso usar essas palmilhas em todos os tipos de cal\u00e7ados?<\/strong><br data-start=\"2810\" data-end=\"2813\" \/>Sim, eles s\u00e3o ajustados e compat\u00edveis com a maioria dos cal\u00e7ados esportivos.<\/p>\n<p class=\"\" data-start=\"2892\" data-end=\"3053\"><strong data-start=\"2892\" data-end=\"2949\">P2: Eles ajudam a aliviar a dor nos p\u00e9s ou a fascite plantar?<\/strong><br data-start=\"2949\" data-end=\"2952\" \/>Sim, o suporte do arco e o amortecimento do calcanhar ajudam a aliviar o estresse e a dor durante longas sess\u00f5es de atividade.<\/p>\n<p class=\"\" data-start=\"3055\" data-end=\"3196\"><strong data-start=\"3055\" data-end=\"3089\">P3: S\u00e3o apenas para futebol?<\/strong><br data-start=\"3089\" data-end=\"3092\" \/>N\u00e3o. Embora otimizados para futebol, eles tamb\u00e9m s\u00e3o perfeitos para corrida, caminhada, basquete e outros esportes.<\/p>\n<p class=\"\" data-start=\"3198\" data-end=\"3333\"><strong data-start=\"3198\" data-end=\"3238\">P4: Eles deixar\u00e3o meus sapatos mais apertados?<\/strong><br data-start=\"3238\" data-end=\"3241\" \/>Elas s\u00e3o ultrafinas e foram projetadas para substituir suas palmilhas originais, mantendo o mesmo ajuste.<\/p>\n<p class=\"\" data-start=\"3335\" data-end=\"3447\"><strong data-start=\"3335\" data-end=\"3363\">Q5: Como fa\u00e7o para limp\u00e1-los?<\/strong><br data-start=\"3363\" data-end=\"3366\" \/>Limpe com um pano \u00famido ou lave \u00e0 m\u00e3o com cuidado. Evite lavar na m\u00e1quina ou secar no calor.<\/p>","protected":false},"excerpt":{"rendered":"<p class=\"\" data-start=\"586\" data-end=\"834\">As palmilhas Tlss Full-Length Carbon Fiber oferecem suporte completo para os p\u00e9s de atletas de alto desempenho. Constru\u00eddas com camadas de malha respir\u00e1vel, suporte de arco de fibra de carbono e absor\u00e7\u00e3o de choque de alto impacto, elas s\u00e3o ideais para futebol, corrida e treinamento.<\/p>","protected":false},"featured_media":20201,"comment_status":"open","ping_status":"closed","template":"","meta":{"_kadence_starter_templates_imported_post":false,"_kad_post_transparent":"","_kad_post_title":"","_kad_post_layout":"","_kad_post_sidebar_id":"","_kad_post_content_style":"","_kad_post_vertical_padding":"","_kad_post_feature":"","_kad_post_feature_position":"","_kad_post_header":false,"_kad_post_footer":false},"product_brand":[],"product_cat":[22,183,477,469],"product_tag":[51,471,470],"class_list":{"0":"post-20182","1":"product","2":"type-product","3":"status-publish","4":"has-post-thumbnail","6":"product_cat-carbon-fiber-insoles","7":"product_cat-insoles","8":"product_cat-tlss","9":"product_cat-tlss-insoles","10":"product_tag-carbon-fiber-foot-insoles","11":"product_tag-soccer-insoles","12":"product_tag-tlss-insoles","13":"pa_us-ca-size-m7-w9","14":"pa_us-ca-size-m7-5-w9-5-260mm","15":"pa_us-ca-size-m8-w10-265mm","16":"pa_us-ca-size-m9-w11-275mm","17":"pa_us-ca-size-m10-w12","19":"first","20":"instock","21":"shipping-taxable","22":"purchasable","23":"product-type-variable","24":"entry","25":"content-bg","26":"loop-entry"},"aioseo_notices":[],"_links":{"self":[{"href":"https:\/\/www.carbonfiberinsoles.shop\/pt\/wp-json\/wp\/v2\/product\/20182","targetHints":{"allow":["GET"]}}],"collection":[{"href":"https:\/\/www.carbonfiberinsoles.shop\/pt\/wp-json\/wp\/v2\/product"}],"about":[{"href":"https:\/\/www.carbonfiberinsoles.shop\/pt\/wp-json\/wp\/v2\/types\/product"}],"replies":[{"embeddable":true,"href":"https:\/\/www.carbonfiberinsoles.shop\/pt\/wp-json\/wp\/v2\/comments?post=20182"}],"version-history":[{"count":1,"href":"https:\/\/www.carbonfiberinsoles.shop\/pt\/wp-json\/wp\/v2\/product\/20182\/revisions"}],"predecessor-version":[{"id":21580,"href":"https:\/\/www.carbonfiberinsoles.shop\/pt\/wp-json\/wp\/v2\/product\/20182\/revisions\/21580"}],"wp:featuredmedia":[{"embeddable":true,"href":"https:\/\/www.carbonfiberinsoles.shop\/pt\/wp-json\/wp\/v2\/media\/20201"}],"wp:attachment":[{"href":"https:\/\/www.carbonfiberinsoles.shop\/pt\/wp-json\/wp\/v2\/media?parent=20182"}],"wp:term":[{"taxonomy":"product_brand","embeddable":true,"href":"https:\/\/www.carbonfiberinsoles.shop\/pt\/wp-json\/wp\/v2\/product_brand?post=20182"},{"taxonomy":"product_cat","embeddable":true,"href":"https:\/\/www.carbonfiberinsoles.shop\/pt\/wp-json\/wp\/v2\/product_cat?post=20182"},{"taxonomy":"product_tag","embeddable":true,"href":"https:\/\/www.carbonfiberinsoles.shop\/pt\/wp-json\/wp\/v2\/product_tag?post=20182"}],"curies":[{"name":"wp","href":"https:\/\/api.w.org\/{rel}","templated":true}]}}