{"id":20245,"date":"2025-05-25T00:45:02","date_gmt":"2025-05-25T00:45:02","guid":{"rendered":"https:\/\/www.carbonfiberinsoles.shop\/?post_type=product&#038;p=20245"},"modified":"2026-03-30T07:58:16","modified_gmt":"2026-03-30T07:58:16","slug":"tlss-nano-grip-carbon-fiber-soccer-insoles-anti-slip-shock-absorbing-breathable-sports-insoles","status":"publish","type":"product","link":"https:\/\/www.carbonfiberinsoles.shop\/pt\/produto\/tlss-nano-grip-carbon-fiber-soccer-insoles-anti-slip-shock-absorbing-breathable-sports-insoles\/","title":{"rendered":"Palmilhas de futebol TLSS NANO GRIP de fibra de carbono - Antiderrapante e com absor\u00e7\u00e3o de choque"},"content":{"rendered":"<h3><strong>Vis\u00e3o geral<\/strong><\/h3>\n<p class=\"ds-markdown-paragraph\">As palmilhas de fibra de carbono TLSS NANO GRIP foram projetadas para atletas que buscam maior estabilidade, conforto e desempenho. Combinando o tecido antiderrapante japon\u00eas NANO-FRONT\u00ae, a tecnologia de absor\u00e7\u00e3o de choque PORON\u00ae e uma placa de fibra semicarbono, essas palmilhas reduzem a fadiga do p\u00e9, evitam o deslizamento e otimizam a transfer\u00eancia de energia durante esportes de alta intensidade, como futebol, basquete e corrida.<\/p>\n<hr \/>\n<h3><strong>Especifica\u00e7\u00f5es<\/strong><\/h3>\n<ul>\n<li>\n<p class=\"ds-markdown-paragraph\"><strong>Marca:<\/strong>\u00a0TLSS<\/p>\n<\/li>\n<li>\n<p class=\"ds-markdown-paragraph\"><strong>Modelo:<\/strong>\u00a0TIL10031-201 (S\u00e9rie LIBERO)<\/p>\n<\/li>\n<li>\n<p class=\"ds-markdown-paragraph\"><strong>Material:<\/strong>\u00a0Fibra de carbono \/ Espuma supercr\u00edtica \/ Tecido antiderrapante NANO-FRONT<\/p>\n<\/li>\n<li>\n<p class=\"ds-markdown-paragraph\"><strong>Peso:<\/strong>\u00a021,1 g por palmilha (tamanho 260)<\/p>\n<\/li>\n<li>\n<p class=\"ds-markdown-paragraph\"><strong>Espessura:<\/strong>\u00a03,8 mm (antep\u00e9), 3,4 mm (meio do p\u00e9)<\/p>\n<\/li>\n<li>\n<p class=\"ds-markdown-paragraph\"><strong>Amortecimento:<\/strong>\u00a0PORON\u00ae (antep\u00e9 e calcanhar)<\/p>\n<\/li>\n<li>\n<p class=\"ds-markdown-paragraph\"><strong>Tamanhos:<\/strong>\u00a039-44,5 (JP255-JP290)<\/p>\n<\/li>\n<li>\n<p class=\"ds-markdown-paragraph\"><strong>Origem:<\/strong>\u00a0China<\/p>\n<\/li>\n<li>\n<p class=\"ds-markdown-paragraph\"><strong>Cor:<\/strong>\u00a0Cinza<\/p>\n<\/li>\n<\/ul>\n<hr \/>\n<h3><strong>Principais recursos<\/strong><\/h3>\n<ol start=\"1\">\n<li>\n<p class=\"ds-markdown-paragraph\"><strong>Punho antiderrapante:<\/strong><\/p>\n<ul>\n<li>\n<p class=\"ds-markdown-paragraph\">O tecido NANO-FRONT\u00ae (fibras de 700 nm de di\u00e2metro) cria um atrito ultra-alto, mesmo quando molhado, para evitar o deslizamento dos p\u00e9s.<\/p>\n<\/li>\n<\/ul>\n<\/li>\n<li>\n<p class=\"ds-markdown-paragraph\"><strong>Absor\u00e7\u00e3o de choques:<\/strong><\/p>\n<ul>\n<li>\n<p class=\"ds-markdown-paragraph\">O amortecimento PORON\u00ae no antep\u00e9 e no calcanhar absorve o impacto, reduzindo o estresse nos joelhos e tornozelos.<\/p>\n<\/li>\n<\/ul>\n<\/li>\n<li>\n<p class=\"ds-markdown-paragraph\"><strong>Suporte de fibra de carbono:<\/strong><\/p>\n<ul>\n<li>\n<p class=\"ds-markdown-paragraph\">A placa de fibra de semicarbono DRC aumenta a estabilidade no meio do p\u00e9, melhora a agilidade e minimiza a perda de energia durante mudan\u00e7as r\u00e1pidas de dire\u00e7\u00e3o.<\/p>\n<\/li>\n<\/ul>\n<\/li>\n<li>\n<p class=\"ds-markdown-paragraph\"><strong>Respir\u00e1vel e com absor\u00e7\u00e3o de umidade:<\/strong><\/p>\n<ul>\n<li>\n<p class=\"ds-markdown-paragraph\">A superf\u00edcie perfurada e a tecnologia de absor\u00e7\u00e3o de suor em n\u00edvel nano mant\u00eam os p\u00e9s secos durante os treinos intensos.<\/p>\n<\/li>\n<\/ul>\n<\/li>\n<li>\n<p class=\"ds-markdown-paragraph\"><strong>Design leve:<\/strong><\/p>\n<ul>\n<li>\n<p class=\"ds-markdown-paragraph\">A espuma supercr\u00edtica reduz o peso e, ao mesmo tempo, mant\u00e9m o amortecimento e a durabilidade.<\/p>\n<\/li>\n<\/ul>\n<\/li>\n<\/ol>\n<hr \/>\n<h3>\u00a0<img fetchpriority=\"high\" decoding=\"async\" class=\"aligncenter wp-image-20506 size-full\" src=\"http:\/\/www.carbonfiberinsoles.shop\/wp-content\/uploads\/2025\/05\/TLSS-NANO-GRIP-Carbon-Fiber-Soccer-Insoles-Anti-Slip-Shock-Absorbing-Breathable-Sports-Insoles13-2.webp\" alt=\"\" width=\"750\" height=\"1161\" srcset=\"https:\/\/www.carbonfiberinsoles.shop\/wp-content\/uploads\/2025\/05\/TLSS-NANO-GRIP-Carbon-Fiber-Soccer-Insoles-Anti-Slip-Shock-Absorbing-Breathable-Sports-Insoles13-2.webp 750w, https:\/\/www.carbonfiberinsoles.shop\/wp-content\/uploads\/2025\/05\/TLSS-NANO-GRIP-Carbon-Fiber-Soccer-Insoles-Anti-Slip-Shock-Absorbing-Breathable-Sports-Insoles13-2-430x666.webp 430w, https:\/\/www.carbonfiberinsoles.shop\/wp-content\/uploads\/2025\/05\/TLSS-NANO-GRIP-Carbon-Fiber-Soccer-Insoles-Anti-Slip-Shock-Absorbing-Breathable-Sports-Insoles13-2-700x1084.webp 700w, https:\/\/www.carbonfiberinsoles.shop\/wp-content\/uploads\/2025\/05\/TLSS-NANO-GRIP-Carbon-Fiber-Soccer-Insoles-Anti-Slip-Shock-Absorbing-Breathable-Sports-Insoles13-2-194x300.webp 194w, https:\/\/www.carbonfiberinsoles.shop\/wp-content\/uploads\/2025\/05\/TLSS-NANO-GRIP-Carbon-Fiber-Soccer-Insoles-Anti-Slip-Shock-Absorbing-Breathable-Sports-Insoles13-2-517x800.webp 517w, https:\/\/www.carbonfiberinsoles.shop\/wp-content\/uploads\/2025\/05\/TLSS-NANO-GRIP-Carbon-Fiber-Soccer-Insoles-Anti-Slip-Shock-Absorbing-Breathable-Sports-Insoles13-2-8x12.webp 8w\" sizes=\"(max-width: 750px) 100vw, 750px\" \/> <img decoding=\"async\" class=\"aligncenter wp-image-20507 size-full\" src=\"http:\/\/www.carbonfiberinsoles.shop\/wp-content\/uploads\/2025\/05\/TLSS-NANO-GRIP-Carbon-Fiber-Soccer-Insoles-Anti-Slip-Shock-Absorbing-Breathable-Sports-Insoles13-3.webp\" alt=\"\" width=\"750\" height=\"1420\" srcset=\"https:\/\/www.carbonfiberinsoles.shop\/wp-content\/uploads\/2025\/05\/TLSS-NANO-GRIP-Carbon-Fiber-Soccer-Insoles-Anti-Slip-Shock-Absorbing-Breathable-Sports-Insoles13-3.webp 750w, https:\/\/www.carbonfiberinsoles.shop\/wp-content\/uploads\/2025\/05\/TLSS-NANO-GRIP-Carbon-Fiber-Soccer-Insoles-Anti-Slip-Shock-Absorbing-Breathable-Sports-Insoles13-3-430x814.webp 430w, https:\/\/www.carbonfiberinsoles.shop\/wp-content\/uploads\/2025\/05\/TLSS-NANO-GRIP-Carbon-Fiber-Soccer-Insoles-Anti-Slip-Shock-Absorbing-Breathable-Sports-Insoles13-3-700x1325.webp 700w, https:\/\/www.carbonfiberinsoles.shop\/wp-content\/uploads\/2025\/05\/TLSS-NANO-GRIP-Carbon-Fiber-Soccer-Insoles-Anti-Slip-Shock-Absorbing-Breathable-Sports-Insoles13-3-158x300.webp 158w, https:\/\/www.carbonfiberinsoles.shop\/wp-content\/uploads\/2025\/05\/TLSS-NANO-GRIP-Carbon-Fiber-Soccer-Insoles-Anti-Slip-Shock-Absorbing-Breathable-Sports-Insoles13-3-423x800.webp 423w, https:\/\/www.carbonfiberinsoles.shop\/wp-content\/uploads\/2025\/05\/TLSS-NANO-GRIP-Carbon-Fiber-Soccer-Insoles-Anti-Slip-Shock-Absorbing-Breathable-Sports-Insoles13-3-6x12.webp 6w\" sizes=\"(max-width: 750px) 100vw, 750px\" \/><img decoding=\"async\" class=\"aligncenter wp-image-20511 size-full\" src=\"http:\/\/www.carbonfiberinsoles.shop\/wp-content\/uploads\/2025\/05\/TLSS-NANO-GRIP-Carbon-Fiber-Soccer-Insoles-Anti-Slip-Shock-Absorbing-Breathable-Sports-Insoles13-7.webp\" alt=\"\" width=\"750\" height=\"1816\" srcset=\"https:\/\/www.carbonfiberinsoles.shop\/wp-content\/uploads\/2025\/05\/TLSS-NANO-GRIP-Carbon-Fiber-Soccer-Insoles-Anti-Slip-Shock-Absorbing-Breathable-Sports-Insoles13-7.webp 750w, https:\/\/www.carbonfiberinsoles.shop\/wp-content\/uploads\/2025\/05\/TLSS-NANO-GRIP-Carbon-Fiber-Soccer-Insoles-Anti-Slip-Shock-Absorbing-Breathable-Sports-Insoles13-7-430x1041.webp 430w, https:\/\/www.carbonfiberinsoles.shop\/wp-content\/uploads\/2025\/05\/TLSS-NANO-GRIP-Carbon-Fiber-Soccer-Insoles-Anti-Slip-Shock-Absorbing-Breathable-Sports-Insoles13-7-700x1695.webp 700w, https:\/\/www.carbonfiberinsoles.shop\/wp-content\/uploads\/2025\/05\/TLSS-NANO-GRIP-Carbon-Fiber-Soccer-Insoles-Anti-Slip-Shock-Absorbing-Breathable-Sports-Insoles13-7-124x300.webp 124w, https:\/\/www.carbonfiberinsoles.shop\/wp-content\/uploads\/2025\/05\/TLSS-NANO-GRIP-Carbon-Fiber-Soccer-Insoles-Anti-Slip-Shock-Absorbing-Breathable-Sports-Insoles13-7-330x800.webp 330w, https:\/\/www.carbonfiberinsoles.shop\/wp-content\/uploads\/2025\/05\/TLSS-NANO-GRIP-Carbon-Fiber-Soccer-Insoles-Anti-Slip-Shock-Absorbing-Breathable-Sports-Insoles13-7-634x1536.webp 634w, https:\/\/www.carbonfiberinsoles.shop\/wp-content\/uploads\/2025\/05\/TLSS-NANO-GRIP-Carbon-Fiber-Soccer-Insoles-Anti-Slip-Shock-Absorbing-Breathable-Sports-Insoles13-7-5x12.webp 5w\" sizes=\"(max-width: 750px) 100vw, 750px\" \/><img loading=\"lazy\" decoding=\"async\" class=\"aligncenter wp-image-20510 size-full\" src=\"http:\/\/www.carbonfiberinsoles.shop\/wp-content\/uploads\/2025\/05\/TLSS-NANO-GRIP-Carbon-Fiber-Soccer-Insoles-Anti-Slip-Shock-Absorbing-Breathable-Sports-Insoles13-6.webp\" alt=\"\" width=\"750\" height=\"1840\" srcset=\"https:\/\/www.carbonfiberinsoles.shop\/wp-content\/uploads\/2025\/05\/TLSS-NANO-GRIP-Carbon-Fiber-Soccer-Insoles-Anti-Slip-Shock-Absorbing-Breathable-Sports-Insoles13-6.webp 750w, https:\/\/www.carbonfiberinsoles.shop\/wp-content\/uploads\/2025\/05\/TLSS-NANO-GRIP-Carbon-Fiber-Soccer-Insoles-Anti-Slip-Shock-Absorbing-Breathable-Sports-Insoles13-6-430x1055.webp 430w, https:\/\/www.carbonfiberinsoles.shop\/wp-content\/uploads\/2025\/05\/TLSS-NANO-GRIP-Carbon-Fiber-Soccer-Insoles-Anti-Slip-Shock-Absorbing-Breathable-Sports-Insoles13-6-700x1717.webp 700w, https:\/\/www.carbonfiberinsoles.shop\/wp-content\/uploads\/2025\/05\/TLSS-NANO-GRIP-Carbon-Fiber-Soccer-Insoles-Anti-Slip-Shock-Absorbing-Breathable-Sports-Insoles13-6-122x300.webp 122w, https:\/\/www.carbonfiberinsoles.shop\/wp-content\/uploads\/2025\/05\/TLSS-NANO-GRIP-Carbon-Fiber-Soccer-Insoles-Anti-Slip-Shock-Absorbing-Breathable-Sports-Insoles13-6-326x800.webp 326w, https:\/\/www.carbonfiberinsoles.shop\/wp-content\/uploads\/2025\/05\/TLSS-NANO-GRIP-Carbon-Fiber-Soccer-Insoles-Anti-Slip-Shock-Absorbing-Breathable-Sports-Insoles13-6-626x1536.webp 626w, https:\/\/www.carbonfiberinsoles.shop\/wp-content\/uploads\/2025\/05\/TLSS-NANO-GRIP-Carbon-Fiber-Soccer-Insoles-Anti-Slip-Shock-Absorbing-Breathable-Sports-Insoles13-6-5x12.webp 5w\" sizes=\"(max-width: 750px) 100vw, 750px\" \/><img loading=\"lazy\" decoding=\"async\" class=\"aligncenter wp-image-20509 size-full\" src=\"http:\/\/www.carbonfiberinsoles.shop\/wp-content\/uploads\/2025\/05\/TLSS-NANO-GRIP-Carbon-Fiber-Soccer-Insoles-Anti-Slip-Shock-Absorbing-Breathable-Sports-Insoles13-5.webp\" alt=\"\" width=\"750\" height=\"1161\" srcset=\"https:\/\/www.carbonfiberinsoles.shop\/wp-content\/uploads\/2025\/05\/TLSS-NANO-GRIP-Carbon-Fiber-Soccer-Insoles-Anti-Slip-Shock-Absorbing-Breathable-Sports-Insoles13-5.webp 750w, https:\/\/www.carbonfiberinsoles.shop\/wp-content\/uploads\/2025\/05\/TLSS-NANO-GRIP-Carbon-Fiber-Soccer-Insoles-Anti-Slip-Shock-Absorbing-Breathable-Sports-Insoles13-5-430x666.webp 430w, https:\/\/www.carbonfiberinsoles.shop\/wp-content\/uploads\/2025\/05\/TLSS-NANO-GRIP-Carbon-Fiber-Soccer-Insoles-Anti-Slip-Shock-Absorbing-Breathable-Sports-Insoles13-5-700x1084.webp 700w, https:\/\/www.carbonfiberinsoles.shop\/wp-content\/uploads\/2025\/05\/TLSS-NANO-GRIP-Carbon-Fiber-Soccer-Insoles-Anti-Slip-Shock-Absorbing-Breathable-Sports-Insoles13-5-194x300.webp 194w, https:\/\/www.carbonfiberinsoles.shop\/wp-content\/uploads\/2025\/05\/TLSS-NANO-GRIP-Carbon-Fiber-Soccer-Insoles-Anti-Slip-Shock-Absorbing-Breathable-Sports-Insoles13-5-517x800.webp 517w, https:\/\/www.carbonfiberinsoles.shop\/wp-content\/uploads\/2025\/05\/TLSS-NANO-GRIP-Carbon-Fiber-Soccer-Insoles-Anti-Slip-Shock-Absorbing-Breathable-Sports-Insoles13-5-8x12.webp 8w\" sizes=\"(max-width: 750px) 100vw, 750px\" \/><\/h3>\n<h3><img loading=\"lazy\" decoding=\"async\" class=\"aligncenter wp-image-20508 size-full\" src=\"http:\/\/www.carbonfiberinsoles.shop\/wp-content\/uploads\/2025\/05\/TLSS-NANO-GRIP-Carbon-Fiber-Soccer-Insoles-Anti-Slip-Shock-Absorbing-Breathable-Sports-Insoles13-4.webp\" alt=\"\" width=\"750\" height=\"1161\" srcset=\"https:\/\/www.carbonfiberinsoles.shop\/wp-content\/uploads\/2025\/05\/TLSS-NANO-GRIP-Carbon-Fiber-Soccer-Insoles-Anti-Slip-Shock-Absorbing-Breathable-Sports-Insoles13-4.webp 750w, https:\/\/www.carbonfiberinsoles.shop\/wp-content\/uploads\/2025\/05\/TLSS-NANO-GRIP-Carbon-Fiber-Soccer-Insoles-Anti-Slip-Shock-Absorbing-Breathable-Sports-Insoles13-4-430x666.webp 430w, https:\/\/www.carbonfiberinsoles.shop\/wp-content\/uploads\/2025\/05\/TLSS-NANO-GRIP-Carbon-Fiber-Soccer-Insoles-Anti-Slip-Shock-Absorbing-Breathable-Sports-Insoles13-4-700x1084.webp 700w, https:\/\/www.carbonfiberinsoles.shop\/wp-content\/uploads\/2025\/05\/TLSS-NANO-GRIP-Carbon-Fiber-Soccer-Insoles-Anti-Slip-Shock-Absorbing-Breathable-Sports-Insoles13-4-194x300.webp 194w, https:\/\/www.carbonfiberinsoles.shop\/wp-content\/uploads\/2025\/05\/TLSS-NANO-GRIP-Carbon-Fiber-Soccer-Insoles-Anti-Slip-Shock-Absorbing-Breathable-Sports-Insoles13-4-517x800.webp 517w, https:\/\/www.carbonfiberinsoles.shop\/wp-content\/uploads\/2025\/05\/TLSS-NANO-GRIP-Carbon-Fiber-Soccer-Insoles-Anti-Slip-Shock-Absorbing-Breathable-Sports-Insoles13-4-8x12.webp 8w\" sizes=\"(max-width: 750px) 100vw, 750px\" \/><img loading=\"lazy\" decoding=\"async\" class=\"aligncenter wp-image-20505 size-full\" src=\"http:\/\/www.carbonfiberinsoles.shop\/wp-content\/uploads\/2025\/05\/TLSS-NANO-GRIP-Carbon-Fiber-Soccer-Insoles-Anti-Slip-Shock-Absorbing-Breathable-Sports-Insoles13-1.webp\" alt=\"\" width=\"750\" height=\"2305\" srcset=\"https:\/\/www.carbonfiberinsoles.shop\/wp-content\/uploads\/2025\/05\/TLSS-NANO-GRIP-Carbon-Fiber-Soccer-Insoles-Anti-Slip-Shock-Absorbing-Breathable-Sports-Insoles13-1.webp 625w, https:\/\/www.carbonfiberinsoles.shop\/wp-content\/uploads\/2025\/05\/TLSS-NANO-GRIP-Carbon-Fiber-Soccer-Insoles-Anti-Slip-Shock-Absorbing-Breathable-Sports-Insoles13-1-430x1321.webp 430w, https:\/\/www.carbonfiberinsoles.shop\/wp-content\/uploads\/2025\/05\/TLSS-NANO-GRIP-Carbon-Fiber-Soccer-Insoles-Anti-Slip-Shock-Absorbing-Breathable-Sports-Insoles13-1-98x300.webp 98w, https:\/\/www.carbonfiberinsoles.shop\/wp-content\/uploads\/2025\/05\/TLSS-NANO-GRIP-Carbon-Fiber-Soccer-Insoles-Anti-Slip-Shock-Absorbing-Breathable-Sports-Insoles13-1-260x800.webp 260w, https:\/\/www.carbonfiberinsoles.shop\/wp-content\/uploads\/2025\/05\/TLSS-NANO-GRIP-Carbon-Fiber-Soccer-Insoles-Anti-Slip-Shock-Absorbing-Breathable-Sports-Insoles13-1-500x1536.webp 500w, https:\/\/www.carbonfiberinsoles.shop\/wp-content\/uploads\/2025\/05\/TLSS-NANO-GRIP-Carbon-Fiber-Soccer-Insoles-Anti-Slip-Shock-Absorbing-Breathable-Sports-Insoles13-1-4x12.webp 4w\" sizes=\"(max-width: 750px) 100vw, 750px\" \/><\/h3>\n<h3><strong>Por que escolher as palmilhas TLSS NANO GRIP?<\/strong><\/h3>\n<ul>\n<li>\n<p class=\"ds-markdown-paragraph\"><strong>Desempenho de n\u00edvel profissional:<\/strong>\u00a0Projetado para o futebol e esportes de alto impacto, tem a confian\u00e7a dos atletas para ader\u00eancia e estabilidade.<\/p>\n<\/li>\n<li>\n<p class=\"ds-markdown-paragraph\"><strong>Conforto aprimorado:<\/strong>\u00a0A moldagem ergon\u00f4mica 3D garante um ajuste confort\u00e1vel, reduzindo bolhas e desconforto.<\/p>\n<\/li>\n<li>\n<p class=\"ds-markdown-paragraph\"><strong>Dur\u00e1vel e premium:<\/strong>\u00a0Combina tecnologia antiderrapante japonesa, PORON\u00ae importado dos EUA e fibra de carbono para uma qualidade duradoura.<\/p>\n<\/li>\n<li>\n<p class=\"ds-markdown-paragraph\"><strong>Uso vers\u00e1til:<\/strong>\u00a0Ideal para chuteiras de futebol, t\u00eanis de corrida ou cal\u00e7ados de gin\u00e1stica.<\/p>\n<\/li>\n<\/ul>\n<hr \/>\n<h3><strong>Perguntas frequentes<\/strong><\/h3>\n<p class=\"ds-markdown-paragraph\"><strong>P1: Essas palmilhas s\u00e3o adequadas para p\u00e9s largos?<\/strong><br \/>\nR: O design ergon\u00f4mico 3D acomoda a maioria dos formatos de p\u00e9s, mas verifique a tabela de tamanhos (padr\u00e3o JP) para obter um ajuste preciso.<\/p>\n<p class=\"ds-markdown-paragraph\"><strong>P2: Como fa\u00e7o para limpar as palmilhas?<\/strong><br \/>\nR: Lavar \u00e0 m\u00e3o suavemente com sab\u00e3o neutro e secar ao ar. Evite lavar na m\u00e1quina para preservar a fibra de carbono e as camadas adesivas.<\/p>\n<p class=\"ds-markdown-paragraph\"><strong>P3: Elas podem substituir as palmilhas originais do meu sapato?<\/strong><br \/>\nR: Sim! Eles foram projetados para aumentar o conforto e o desempenho de qualquer cal\u00e7ado esportivo.<\/p>\n<p class=\"ds-markdown-paragraph\"><strong>P4: Eles funcionam para basquete ou corrida?<\/strong><br \/>\nR: Sem d\u00favida. O suporte antiderrapante, a absor\u00e7\u00e3o de impactos e a fibra de carbono beneficiam todas as atividades de alta intensidade.<\/p>\n<p class=\"ds-markdown-paragraph\"><strong>Q5: Quanto tempo eles duram?<\/strong><br \/>\nR: Com os devidos cuidados, os materiais dur\u00e1veis garantem de 6 a 12 meses de uso regular, dependendo da intensidade da atividade.<\/p>","protected":false},"excerpt":{"rendered":"<p class=\"\" data-start=\"586\" data-end=\"834\">As palmilhas Tlss Full-Length Carbon Fiber oferecem suporte completo para os p\u00e9s de atletas de alto desempenho. Constru\u00eddas com camadas de malha respir\u00e1vel, suporte de arco de fibra de carbono e absor\u00e7\u00e3o de choque de alto impacto, elas s\u00e3o ideais para futebol, corrida e treinamento.<\/p>","protected":false},"featured_media":20259,"comment_status":"open","ping_status":"closed","template":"","meta":{"_kadence_starter_templates_imported_post":false,"_kad_post_transparent":"","_kad_post_title":"","_kad_post_layout":"","_kad_post_sidebar_id":"","_kad_post_content_style":"","_kad_post_vertical_padding":"","_kad_post_feature":"","_kad_post_feature_position":"","_kad_post_header":false,"_kad_post_footer":false},"product_brand":[],"product_cat":[22,183,477,469],"product_tag":[51,471,470],"class_list":{"0":"post-20245","1":"product","2":"type-product","3":"status-publish","4":"has-post-thumbnail","6":"product_cat-carbon-fiber-insoles","7":"product_cat-insoles","8":"product_cat-tlss","9":"product_cat-tlss-insoles","10":"product_tag-carbon-fiber-foot-insoles","11":"product_tag-soccer-insoles","12":"product_tag-tlss-insoles","13":"pa_us-ca-size-m5-5-w7-5-245mm","14":"pa_us-ca-size-m6-w8","15":"pa_us-ca-size-m7-w9","16":"pa_us-ca-size-m7-5-w9-5-260mm","17":"pa_us-ca-size-m8-w10-265mm","18":"pa_us-ca-size-m9-w11-275mm","19":"pa_us-ca-size-m10-w12","20":"pa_us-ca-size-m10-5-w12-5-285mm","22":"first","23":"instock","24":"shipping-taxable","25":"purchasable","26":"product-type-variable","27":"entry","28":"content-bg","29":"loop-entry"},"aioseo_notices":[],"_links":{"self":[{"href":"https:\/\/www.carbonfiberinsoles.shop\/pt\/wp-json\/wp\/v2\/product\/20245","targetHints":{"allow":["GET"]}}],"collection":[{"href":"https:\/\/www.carbonfiberinsoles.shop\/pt\/wp-json\/wp\/v2\/product"}],"about":[{"href":"https:\/\/www.carbonfiberinsoles.shop\/pt\/wp-json\/wp\/v2\/types\/product"}],"replies":[{"embeddable":true,"href":"https:\/\/www.carbonfiberinsoles.shop\/pt\/wp-json\/wp\/v2\/comments?post=20245"}],"version-history":[{"count":1,"href":"https:\/\/www.carbonfiberinsoles.shop\/pt\/wp-json\/wp\/v2\/product\/20245\/revisions"}],"predecessor-version":[{"id":21579,"href":"https:\/\/www.carbonfiberinsoles.shop\/pt\/wp-json\/wp\/v2\/product\/20245\/revisions\/21579"}],"wp:featuredmedia":[{"embeddable":true,"href":"https:\/\/www.carbonfiberinsoles.shop\/pt\/wp-json\/wp\/v2\/media\/20259"}],"wp:attachment":[{"href":"https:\/\/www.carbonfiberinsoles.shop\/pt\/wp-json\/wp\/v2\/media?parent=20245"}],"wp:term":[{"taxonomy":"product_brand","embeddable":true,"href":"https:\/\/www.carbonfiberinsoles.shop\/pt\/wp-json\/wp\/v2\/product_brand?post=20245"},{"taxonomy":"product_cat","embeddable":true,"href":"https:\/\/www.carbonfiberinsoles.shop\/pt\/wp-json\/wp\/v2\/product_cat?post=20245"},{"taxonomy":"product_tag","embeddable":true,"href":"https:\/\/www.carbonfiberinsoles.shop\/pt\/wp-json\/wp\/v2\/product_tag?post=20245"}],"curies":[{"name":"wp","href":"https:\/\/api.w.org\/{rel}","templated":true}]}}