{"id":20325,"date":"2025-05-25T14:44:43","date_gmt":"2025-05-25T14:44:43","guid":{"rendered":"https:\/\/www.carbonfiberinsoles.shop\/?post_type=product&#038;p=20325"},"modified":"2025-06-28T10:09:50","modified_gmt":"2025-06-28T10:09:50","slug":"health-cp5-carbon-plate-spike-shoes-for-track-and-field-racing","status":"publish","type":"product","link":"https:\/\/www.carbonfiberinsoles.shop\/pt\/produto\/health-cp5-carbon-plate-spike-shoes-for-track-and-field-racing\/","title":{"rendered":"T\u00eanis HYPER CP5 Carbon Plate Spike para corridas de atletismo"},"content":{"rendered":"<h2>Vis\u00e3o geral<\/h2>\n<div class=\"paragraph\">Os t\u00eanis de corrida HEALTH CP5 Spike Shoes representam o auge da inova\u00e7\u00e3o em cal\u00e7ados de atletismo. Projetados especificamente para corredores competitivos, esses t\u00eanis integram a avan\u00e7ada tecnologia de placa de carbono com materiais leves para maximizar a velocidade, a agilidade e o desempenho na corrida. Seja voc\u00ea um velocista ou um corredor de longa dist\u00e2ncia, os t\u00eanis CP5 oferecem as vantagens t\u00e9cnicas necess\u00e1rias para se destacar em competi\u00e7\u00f5es de pista. Como parceira oficial da AIMS e de outras organiza\u00e7\u00f5es internacionais de atletismo, a HEALTH combina mais de 30 anos de experi\u00eancia na fabrica\u00e7\u00e3o de cal\u00e7ados esportivos de alto desempenho para ajudar os atletas a atingir seus melhores resultados pessoais.<\/div>\n<h2>Especifica\u00e7\u00f5es<\/h2>\n<ul>\n<li>\n<div class=\"paragraph\"><strong>Modelo<\/strong>: CP5<\/div>\n<\/li>\n<li><strong>Marca\uff1a<\/strong>SA\u00daDE<\/li>\n<li>\n<div class=\"paragraph\"><strong>Op\u00e7\u00f5es de cores<\/strong>: Branco\/Laranja, Preto\/Branco, Azul\/Branco<\/div>\n<\/li>\n<li>\n<div class=\"paragraph\"><strong>Peso<\/strong>: Aproximadamente 158g por sapato (tamanho 41)<\/div>\n<\/li>\n<li>\n<div class=\"paragraph\"><strong>Sistema de fechamento<\/strong>: Cadar\u00e7os<\/div>\n<\/li>\n<li>\n<div class=\"paragraph\"><strong>Sola exterior<\/strong>: Fibra de carbono com sistema de espig\u00f5es<\/div>\n<\/li>\n<li>\n<div class=\"paragraph\"><strong>Entressola<\/strong>: EVA leve com placa de carbono<\/div>\n<\/li>\n<li>\n<div class=\"paragraph\"><strong>Material superior<\/strong>: Malha respir\u00e1vel com refor\u00e7os de fibra de carbono<\/div>\n<\/li>\n<li>\n<div class=\"paragraph\"><strong>Origem<\/strong>: China (centro de produ\u00e7\u00e3o em Pequim)<\/div>\n<\/li>\n<li>\n<div class=\"paragraph\"><strong>Garantia<\/strong>Garantia de qualidade de 7 dias<\/div>\n<\/li>\n<\/ul>\n<h2>Recursos<\/h2>\n<ol start=\"1\">\n<li>\n<div class=\"paragraph\"><strong>Tecnologia de mola de velocidade dupla de carbono<\/strong>:<\/div>\n<ul>\n<li>\n<div class=\"paragraph\">Sola de fibra de carbono de palma inteira com estrutura de fibra de carbono em forma de arco no antep\u00e9<\/div>\n<\/li>\n<li>\n<div class=\"paragraph\">Proporciona 30% de ressalto no solo e 48%+ de propuls\u00e3o aprimorada<\/div>\n<\/li>\n<li>\n<div class=\"paragraph\">35%+ maior rigidez da placa de carbono para suporte e capacidade de resposta superiores<\/div>\n<\/li>\n<\/ul>\n<\/li>\n<li>\n<div class=\"paragraph\"><strong>Constru\u00e7\u00e3o leve e respir\u00e1vel<\/strong>:<\/div>\n<ul>\n<li>\n<div class=\"paragraph\">Parte superior em malha leve e respir\u00e1vel HI-FIBER com 30% de maior resist\u00eancia<\/div>\n<\/li>\n<li>\n<div class=\"paragraph\">Palmilha el\u00e1stica macia com retorno de energia 80% e peso reduzido 50%<\/div>\n<\/li>\n<\/ul>\n<\/li>\n<li>\n<div class=\"paragraph\"><strong>Tra\u00e7\u00e3o e estabilidade aprimoradas<\/strong>:<\/div>\n<ul>\n<li>\n<div class=\"paragraph\">Sistema profissional de espig\u00f5es projetado para proporcionar \u00f3tima ader\u00eancia em superf\u00edcies de pista<\/div>\n<\/li>\n<li>\n<div class=\"paragraph\">Posicionamentos estrat\u00e9gicos de fibra de carbono para propuls\u00e3o e estabilidade m\u00e1ximas durante sprints e eventos de dist\u00e2ncia<\/div>\n<\/li>\n<\/ul>\n<\/li>\n<li>\n<div class=\"paragraph\"><strong>Design ergon\u00f4mico<\/strong>:<\/div>\n<ul>\n<li>\n<div class=\"paragraph\">Ajuste aerodin\u00e2mico que se adapta ao p\u00e9 para maior conforto durante movimentos de alta velocidade<\/div>\n<\/li>\n<li>\n<div class=\"paragraph\">Caixa da biqueira e contraforte do calcanhar refor\u00e7ados para maior durabilidade e prote\u00e7\u00e3o dos p\u00e9s<\/div>\n<\/li>\n<\/ul>\n<\/li>\n<\/ol>\n<p><img fetchpriority=\"high\" decoding=\"async\" class=\"aligncenter wp-image-20394 size-full\" src=\"http:\/\/www.carbonfiberinsoles.shop\/wp-content\/uploads\/2025\/05\/HYPER-CP5-Carbon-Plate-Spike-Shoes-for-Track-and-Field-Racing-1-1_1.webp\" alt=\"\" width=\"1240\" height=\"1860\" srcset=\"https:\/\/www.carbonfiberinsoles.shop\/wp-content\/uploads\/2025\/05\/HYPER-CP5-Carbon-Plate-Spike-Shoes-for-Track-and-Field-Racing-1-1_1.webp 1240w, https:\/\/www.carbonfiberinsoles.shop\/wp-content\/uploads\/2025\/05\/HYPER-CP5-Carbon-Plate-Spike-Shoes-for-Track-and-Field-Racing-1-1_1-430x645.webp 430w, https:\/\/www.carbonfiberinsoles.shop\/wp-content\/uploads\/2025\/05\/HYPER-CP5-Carbon-Plate-Spike-Shoes-for-Track-and-Field-Racing-1-1_1-700x1050.webp 700w, https:\/\/www.carbonfiberinsoles.shop\/wp-content\/uploads\/2025\/05\/HYPER-CP5-Carbon-Plate-Spike-Shoes-for-Track-and-Field-Racing-1-1_1-200x300.webp 200w, https:\/\/www.carbonfiberinsoles.shop\/wp-content\/uploads\/2025\/05\/HYPER-CP5-Carbon-Plate-Spike-Shoes-for-Track-and-Field-Racing-1-1_1-533x800.webp 533w, https:\/\/www.carbonfiberinsoles.shop\/wp-content\/uploads\/2025\/05\/HYPER-CP5-Carbon-Plate-Spike-Shoes-for-Track-and-Field-Racing-1-1_1-768x1152.webp 768w, https:\/\/www.carbonfiberinsoles.shop\/wp-content\/uploads\/2025\/05\/HYPER-CP5-Carbon-Plate-Spike-Shoes-for-Track-and-Field-Racing-1-1_1-1024x1536.webp 1024w, https:\/\/www.carbonfiberinsoles.shop\/wp-content\/uploads\/2025\/05\/HYPER-CP5-Carbon-Plate-Spike-Shoes-for-Track-and-Field-Racing-1-1_1-8x12.webp 8w\" sizes=\"(max-width: 1240px) 100vw, 1240px\" \/> <img decoding=\"async\" class=\"aligncenter wp-image-20395 size-full\" src=\"http:\/\/www.carbonfiberinsoles.shop\/wp-content\/uploads\/2025\/05\/HYPER-CP5-Carbon-Plate-Spike-Shoes-for-Track-and-Field-Racing-1-2_1.webp\" alt=\"\" width=\"1240\" height=\"1920\" srcset=\"https:\/\/www.carbonfiberinsoles.shop\/wp-content\/uploads\/2025\/05\/HYPER-CP5-Carbon-Plate-Spike-Shoes-for-Track-and-Field-Racing-1-2_1.webp 1240w, https:\/\/www.carbonfiberinsoles.shop\/wp-content\/uploads\/2025\/05\/HYPER-CP5-Carbon-Plate-Spike-Shoes-for-Track-and-Field-Racing-1-2_1-430x666.webp 430w, https:\/\/www.carbonfiberinsoles.shop\/wp-content\/uploads\/2025\/05\/HYPER-CP5-Carbon-Plate-Spike-Shoes-for-Track-and-Field-Racing-1-2_1-700x1084.webp 700w, https:\/\/www.carbonfiberinsoles.shop\/wp-content\/uploads\/2025\/05\/HYPER-CP5-Carbon-Plate-Spike-Shoes-for-Track-and-Field-Racing-1-2_1-194x300.webp 194w, https:\/\/www.carbonfiberinsoles.shop\/wp-content\/uploads\/2025\/05\/HYPER-CP5-Carbon-Plate-Spike-Shoes-for-Track-and-Field-Racing-1-2_1-517x800.webp 517w, https:\/\/www.carbonfiberinsoles.shop\/wp-content\/uploads\/2025\/05\/HYPER-CP5-Carbon-Plate-Spike-Shoes-for-Track-and-Field-Racing-1-2_1-768x1189.webp 768w, https:\/\/www.carbonfiberinsoles.shop\/wp-content\/uploads\/2025\/05\/HYPER-CP5-Carbon-Plate-Spike-Shoes-for-Track-and-Field-Racing-1-2_1-992x1536.webp 992w, https:\/\/www.carbonfiberinsoles.shop\/wp-content\/uploads\/2025\/05\/HYPER-CP5-Carbon-Plate-Spike-Shoes-for-Track-and-Field-Racing-1-2_1-8x12.webp 8w\" sizes=\"(max-width: 1240px) 100vw, 1240px\" \/> <img decoding=\"async\" class=\"aligncenter wp-image-20396 size-full\" src=\"http:\/\/www.carbonfiberinsoles.shop\/wp-content\/uploads\/2025\/05\/HYPER-CP5-Carbon-Plate-Spike-Shoes-for-Track-and-Field-Racing-1-3_1.webp\" alt=\"\" width=\"790\" height=\"1558\" srcset=\"https:\/\/www.carbonfiberinsoles.shop\/wp-content\/uploads\/2025\/05\/HYPER-CP5-Carbon-Plate-Spike-Shoes-for-Track-and-Field-Racing-1-3_1.webp 790w, https:\/\/www.carbonfiberinsoles.shop\/wp-content\/uploads\/2025\/05\/HYPER-CP5-Carbon-Plate-Spike-Shoes-for-Track-and-Field-Racing-1-3_1-430x848.webp 430w, https:\/\/www.carbonfiberinsoles.shop\/wp-content\/uploads\/2025\/05\/HYPER-CP5-Carbon-Plate-Spike-Shoes-for-Track-and-Field-Racing-1-3_1-700x1381.webp 700w, https:\/\/www.carbonfiberinsoles.shop\/wp-content\/uploads\/2025\/05\/HYPER-CP5-Carbon-Plate-Spike-Shoes-for-Track-and-Field-Racing-1-3_1-152x300.webp 152w, https:\/\/www.carbonfiberinsoles.shop\/wp-content\/uploads\/2025\/05\/HYPER-CP5-Carbon-Plate-Spike-Shoes-for-Track-and-Field-Racing-1-3_1-406x800.webp 406w, https:\/\/www.carbonfiberinsoles.shop\/wp-content\/uploads\/2025\/05\/HYPER-CP5-Carbon-Plate-Spike-Shoes-for-Track-and-Field-Racing-1-3_1-768x1515.webp 768w, https:\/\/www.carbonfiberinsoles.shop\/wp-content\/uploads\/2025\/05\/HYPER-CP5-Carbon-Plate-Spike-Shoes-for-Track-and-Field-Racing-1-3_1-779x1536.webp 779w, https:\/\/www.carbonfiberinsoles.shop\/wp-content\/uploads\/2025\/05\/HYPER-CP5-Carbon-Plate-Spike-Shoes-for-Track-and-Field-Racing-1-3_1-6x12.webp 6w\" sizes=\"(max-width: 790px) 100vw, 790px\" \/> <img loading=\"lazy\" decoding=\"async\" class=\"aligncenter wp-image-20397 size-full\" src=\"http:\/\/www.carbonfiberinsoles.shop\/wp-content\/uploads\/2025\/05\/HYPER-CP5-Carbon-Plate-Spike-Shoes-for-Track-and-Field-Racing-1-4_1.webp\" alt=\"\" width=\"1240\" height=\"1920\" srcset=\"https:\/\/www.carbonfiberinsoles.shop\/wp-content\/uploads\/2025\/05\/HYPER-CP5-Carbon-Plate-Spike-Shoes-for-Track-and-Field-Racing-1-4_1.webp 1240w, https:\/\/www.carbonfiberinsoles.shop\/wp-content\/uploads\/2025\/05\/HYPER-CP5-Carbon-Plate-Spike-Shoes-for-Track-and-Field-Racing-1-4_1-430x666.webp 430w, https:\/\/www.carbonfiberinsoles.shop\/wp-content\/uploads\/2025\/05\/HYPER-CP5-Carbon-Plate-Spike-Shoes-for-Track-and-Field-Racing-1-4_1-700x1084.webp 700w, https:\/\/www.carbonfiberinsoles.shop\/wp-content\/uploads\/2025\/05\/HYPER-CP5-Carbon-Plate-Spike-Shoes-for-Track-and-Field-Racing-1-4_1-194x300.webp 194w, https:\/\/www.carbonfiberinsoles.shop\/wp-content\/uploads\/2025\/05\/HYPER-CP5-Carbon-Plate-Spike-Shoes-for-Track-and-Field-Racing-1-4_1-517x800.webp 517w, https:\/\/www.carbonfiberinsoles.shop\/wp-content\/uploads\/2025\/05\/HYPER-CP5-Carbon-Plate-Spike-Shoes-for-Track-and-Field-Racing-1-4_1-768x1189.webp 768w, https:\/\/www.carbonfiberinsoles.shop\/wp-content\/uploads\/2025\/05\/HYPER-CP5-Carbon-Plate-Spike-Shoes-for-Track-and-Field-Racing-1-4_1-992x1536.webp 992w, https:\/\/www.carbonfiberinsoles.shop\/wp-content\/uploads\/2025\/05\/HYPER-CP5-Carbon-Plate-Spike-Shoes-for-Track-and-Field-Racing-1-4_1-8x12.webp 8w\" sizes=\"(max-width: 1240px) 100vw, 1240px\" \/> <img loading=\"lazy\" decoding=\"async\" class=\"aligncenter wp-image-20398 size-full\" src=\"http:\/\/www.carbonfiberinsoles.shop\/wp-content\/uploads\/2025\/05\/HYPER-CP5-Carbon-Plate-Spike-Shoes-for-Track-and-Field-Racing-1-5_1-scaled.webp\" alt=\"\" width=\"689\" height=\"2560\" srcset=\"https:\/\/www.carbonfiberinsoles.shop\/wp-content\/uploads\/2025\/05\/HYPER-CP5-Carbon-Plate-Spike-Shoes-for-Track-and-Field-Racing-1-5_1-scaled.webp 517w, https:\/\/www.carbonfiberinsoles.shop\/wp-content\/uploads\/2025\/05\/HYPER-CP5-Carbon-Plate-Spike-Shoes-for-Track-and-Field-Racing-1-5_1-scaled-430x1597.webp 430w, https:\/\/www.carbonfiberinsoles.shop\/wp-content\/uploads\/2025\/05\/HYPER-CP5-Carbon-Plate-Spike-Shoes-for-Track-and-Field-Racing-1-5_1-81x300.webp 81w, https:\/\/www.carbonfiberinsoles.shop\/wp-content\/uploads\/2025\/05\/HYPER-CP5-Carbon-Plate-Spike-Shoes-for-Track-and-Field-Racing-1-5_1-215x800.webp 215w, https:\/\/www.carbonfiberinsoles.shop\/wp-content\/uploads\/2025\/05\/HYPER-CP5-Carbon-Plate-Spike-Shoes-for-Track-and-Field-Racing-1-5_1-413x1536.webp 413w, https:\/\/www.carbonfiberinsoles.shop\/wp-content\/uploads\/2025\/05\/HYPER-CP5-Carbon-Plate-Spike-Shoes-for-Track-and-Field-Racing-1-5_1-3x12.webp 3w\" sizes=\"(max-width: 689px) 100vw, 689px\" \/> <img loading=\"lazy\" decoding=\"async\" class=\"aligncenter wp-image-20399 size-full\" src=\"http:\/\/www.carbonfiberinsoles.shop\/wp-content\/uploads\/2025\/05\/HYPER-CP5-Carbon-Plate-Spike-Shoes-for-Track-and-Field-Racing-1-6_1.webp\" alt=\"\" width=\"790\" height=\"1999\" srcset=\"https:\/\/www.carbonfiberinsoles.shop\/wp-content\/uploads\/2025\/05\/HYPER-CP5-Carbon-Plate-Spike-Shoes-for-Track-and-Field-Racing-1-6_1.webp 759w, https:\/\/www.carbonfiberinsoles.shop\/wp-content\/uploads\/2025\/05\/HYPER-CP5-Carbon-Plate-Spike-Shoes-for-Track-and-Field-Racing-1-6_1-430x1088.webp 430w, https:\/\/www.carbonfiberinsoles.shop\/wp-content\/uploads\/2025\/05\/HYPER-CP5-Carbon-Plate-Spike-Shoes-for-Track-and-Field-Racing-1-6_1-700x1771.webp 700w, https:\/\/www.carbonfiberinsoles.shop\/wp-content\/uploads\/2025\/05\/HYPER-CP5-Carbon-Plate-Spike-Shoes-for-Track-and-Field-Racing-1-6_1-119x300.webp 119w, https:\/\/www.carbonfiberinsoles.shop\/wp-content\/uploads\/2025\/05\/HYPER-CP5-Carbon-Plate-Spike-Shoes-for-Track-and-Field-Racing-1-6_1-316x800.webp 316w, https:\/\/www.carbonfiberinsoles.shop\/wp-content\/uploads\/2025\/05\/HYPER-CP5-Carbon-Plate-Spike-Shoes-for-Track-and-Field-Racing-1-6_1-607x1536.webp 607w, https:\/\/www.carbonfiberinsoles.shop\/wp-content\/uploads\/2025\/05\/HYPER-CP5-Carbon-Plate-Spike-Shoes-for-Track-and-Field-Racing-1-6_1-5x12.webp 5w\" sizes=\"(max-width: 790px) 100vw, 790px\" \/> <img loading=\"lazy\" decoding=\"async\" class=\"aligncenter wp-image-20400 size-full\" src=\"http:\/\/www.carbonfiberinsoles.shop\/wp-content\/uploads\/2025\/05\/HYPER-CP5-Carbon-Plate-Spike-Shoes-for-Track-and-Field-Racing-1-7_1.webp\" alt=\"\" width=\"1240\" height=\"1920\" srcset=\"https:\/\/www.carbonfiberinsoles.shop\/wp-content\/uploads\/2025\/05\/HYPER-CP5-Carbon-Plate-Spike-Shoes-for-Track-and-Field-Racing-1-7_1.webp 1240w, https:\/\/www.carbonfiberinsoles.shop\/wp-content\/uploads\/2025\/05\/HYPER-CP5-Carbon-Plate-Spike-Shoes-for-Track-and-Field-Racing-1-7_1-430x666.webp 430w, https:\/\/www.carbonfiberinsoles.shop\/wp-content\/uploads\/2025\/05\/HYPER-CP5-Carbon-Plate-Spike-Shoes-for-Track-and-Field-Racing-1-7_1-700x1084.webp 700w, https:\/\/www.carbonfiberinsoles.shop\/wp-content\/uploads\/2025\/05\/HYPER-CP5-Carbon-Plate-Spike-Shoes-for-Track-and-Field-Racing-1-7_1-194x300.webp 194w, https:\/\/www.carbonfiberinsoles.shop\/wp-content\/uploads\/2025\/05\/HYPER-CP5-Carbon-Plate-Spike-Shoes-for-Track-and-Field-Racing-1-7_1-517x800.webp 517w, https:\/\/www.carbonfiberinsoles.shop\/wp-content\/uploads\/2025\/05\/HYPER-CP5-Carbon-Plate-Spike-Shoes-for-Track-and-Field-Racing-1-7_1-768x1189.webp 768w, https:\/\/www.carbonfiberinsoles.shop\/wp-content\/uploads\/2025\/05\/HYPER-CP5-Carbon-Plate-Spike-Shoes-for-Track-and-Field-Racing-1-7_1-992x1536.webp 992w, https:\/\/www.carbonfiberinsoles.shop\/wp-content\/uploads\/2025\/05\/HYPER-CP5-Carbon-Plate-Spike-Shoes-for-Track-and-Field-Racing-1-7_1-8x12.webp 8w\" sizes=\"(max-width: 1240px) 100vw, 1240px\" \/> <img loading=\"lazy\" decoding=\"async\" class=\"aligncenter wp-image-20401 size-full\" src=\"http:\/\/www.carbonfiberinsoles.shop\/wp-content\/uploads\/2025\/05\/HYPER-CP5-Carbon-Plate-Spike-Shoes-for-Track-and-Field-Racing-1-8_1.webp\" alt=\"\" width=\"790\" height=\"2287\" srcset=\"https:\/\/www.carbonfiberinsoles.shop\/wp-content\/uploads\/2025\/05\/HYPER-CP5-Carbon-Plate-Spike-Shoes-for-Track-and-Field-Racing-1-8_1.webp 663w, https:\/\/www.carbonfiberinsoles.shop\/wp-content\/uploads\/2025\/05\/HYPER-CP5-Carbon-Plate-Spike-Shoes-for-Track-and-Field-Racing-1-8_1-430x1245.webp 430w, https:\/\/www.carbonfiberinsoles.shop\/wp-content\/uploads\/2025\/05\/HYPER-CP5-Carbon-Plate-Spike-Shoes-for-Track-and-Field-Racing-1-8_1-104x300.webp 104w, https:\/\/www.carbonfiberinsoles.shop\/wp-content\/uploads\/2025\/05\/HYPER-CP5-Carbon-Plate-Spike-Shoes-for-Track-and-Field-Racing-1-8_1-276x800.webp 276w, https:\/\/www.carbonfiberinsoles.shop\/wp-content\/uploads\/2025\/05\/HYPER-CP5-Carbon-Plate-Spike-Shoes-for-Track-and-Field-Racing-1-8_1-531x1536.webp 531w, https:\/\/www.carbonfiberinsoles.shop\/wp-content\/uploads\/2025\/05\/HYPER-CP5-Carbon-Plate-Spike-Shoes-for-Track-and-Field-Racing-1-8_1-4x12.webp 4w\" sizes=\"(max-width: 790px) 100vw, 790px\" \/> <img loading=\"lazy\" decoding=\"async\" class=\"aligncenter wp-image-20402 size-full\" src=\"http:\/\/www.carbonfiberinsoles.shop\/wp-content\/uploads\/2025\/05\/HYPER-CP5-Carbon-Plate-Spike-Shoes-for-Track-and-Field-Racing-1-9_1.webp\" alt=\"\" width=\"1240\" height=\"1920\" srcset=\"https:\/\/www.carbonfiberinsoles.shop\/wp-content\/uploads\/2025\/05\/HYPER-CP5-Carbon-Plate-Spike-Shoes-for-Track-and-Field-Racing-1-9_1.webp 1240w, https:\/\/www.carbonfiberinsoles.shop\/wp-content\/uploads\/2025\/05\/HYPER-CP5-Carbon-Plate-Spike-Shoes-for-Track-and-Field-Racing-1-9_1-430x666.webp 430w, https:\/\/www.carbonfiberinsoles.shop\/wp-content\/uploads\/2025\/05\/HYPER-CP5-Carbon-Plate-Spike-Shoes-for-Track-and-Field-Racing-1-9_1-700x1084.webp 700w, https:\/\/www.carbonfiberinsoles.shop\/wp-content\/uploads\/2025\/05\/HYPER-CP5-Carbon-Plate-Spike-Shoes-for-Track-and-Field-Racing-1-9_1-194x300.webp 194w, https:\/\/www.carbonfiberinsoles.shop\/wp-content\/uploads\/2025\/05\/HYPER-CP5-Carbon-Plate-Spike-Shoes-for-Track-and-Field-Racing-1-9_1-517x800.webp 517w, https:\/\/www.carbonfiberinsoles.shop\/wp-content\/uploads\/2025\/05\/HYPER-CP5-Carbon-Plate-Spike-Shoes-for-Track-and-Field-Racing-1-9_1-768x1189.webp 768w, https:\/\/www.carbonfiberinsoles.shop\/wp-content\/uploads\/2025\/05\/HYPER-CP5-Carbon-Plate-Spike-Shoes-for-Track-and-Field-Racing-1-9_1-992x1536.webp 992w, https:\/\/www.carbonfiberinsoles.shop\/wp-content\/uploads\/2025\/05\/HYPER-CP5-Carbon-Plate-Spike-Shoes-for-Track-and-Field-Racing-1-9_1-8x12.webp 8w\" sizes=\"(max-width: 1240px) 100vw, 1240px\" \/> <img loading=\"lazy\" decoding=\"async\" class=\"aligncenter wp-image-20403 size-full\" src=\"http:\/\/www.carbonfiberinsoles.shop\/wp-content\/uploads\/2025\/05\/HYPER-CP5-Carbon-Plate-Spike-Shoes-for-Track-and-Field-Racing-1-10_1.webp\" alt=\"\" width=\"790\" height=\"950\" srcset=\"https:\/\/www.carbonfiberinsoles.shop\/wp-content\/uploads\/2025\/05\/HYPER-CP5-Carbon-Plate-Spike-Shoes-for-Track-and-Field-Racing-1-10_1.webp 790w, https:\/\/www.carbonfiberinsoles.shop\/wp-content\/uploads\/2025\/05\/HYPER-CP5-Carbon-Plate-Spike-Shoes-for-Track-and-Field-Racing-1-10_1-430x517.webp 430w, https:\/\/www.carbonfiberinsoles.shop\/wp-content\/uploads\/2025\/05\/HYPER-CP5-Carbon-Plate-Spike-Shoes-for-Track-and-Field-Racing-1-10_1-700x842.webp 700w, https:\/\/www.carbonfiberinsoles.shop\/wp-content\/uploads\/2025\/05\/HYPER-CP5-Carbon-Plate-Spike-Shoes-for-Track-and-Field-Racing-1-10_1-249x300.webp 249w, https:\/\/www.carbonfiberinsoles.shop\/wp-content\/uploads\/2025\/05\/HYPER-CP5-Carbon-Plate-Spike-Shoes-for-Track-and-Field-Racing-1-10_1-665x800.webp 665w, https:\/\/www.carbonfiberinsoles.shop\/wp-content\/uploads\/2025\/05\/HYPER-CP5-Carbon-Plate-Spike-Shoes-for-Track-and-Field-Racing-1-10_1-768x924.webp 768w, https:\/\/www.carbonfiberinsoles.shop\/wp-content\/uploads\/2025\/05\/HYPER-CP5-Carbon-Plate-Spike-Shoes-for-Track-and-Field-Racing-1-10_1-10x12.webp 10w\" sizes=\"(max-width: 790px) 100vw, 790px\" \/><\/p>\n<h2>Raz\u00f5es para a compra<\/h2>\n<ol start=\"1\">\n<li>\n<div class=\"paragraph\"><strong>Desempenho comprovado<\/strong>: Os t\u00eanis CP5 utilizam a mesma tecnologia de placa de carbono que tem a confian\u00e7a dos atletas de elite e dos parceiros oficiais de maratona (AIMS), proporcionando uma vantagem competitiva nas corridas.<\/div>\n<\/li>\n<li>\n<div class=\"paragraph\"><strong>Tecnologia superior<\/strong>: As molas duplas de velocidade de carbono e a sola de fibra de carbono de palma completa proporcionam retorno de energia, propuls\u00e3o e estabilidade excepcionais que os t\u00eanis de corrida tradicionais n\u00e3o conseguem igualar.<\/div>\n<\/li>\n<li>\n<div class=\"paragraph\"><strong>Conforto e funcionalidade<\/strong>: Apesar de sua sofistica\u00e7\u00e3o t\u00e9cnica, esses t\u00eanis oferecem conforto excepcional com materiais leves e design ergon\u00f4mico, permitindo que voc\u00ea se concentre no seu desempenho.<\/div>\n<\/li>\n<li>\n<div class=\"paragraph\"><strong>Durabilidade e confiabilidade<\/strong>: Constru\u00eddos com materiais de alta qualidade e fibras de carbono refor\u00e7adas, esses t\u00eanis resistem a treinamentos rigorosos e a v\u00e1rias competi\u00e7\u00f5es.<\/div>\n<\/li>\n<li>\n<div class=\"paragraph\"><strong>Certifica\u00e7\u00e3o oficial<\/strong>: Como parceiros oficiais de cal\u00e7ados da AIMS e de outras organiza\u00e7\u00f5es internacionais de atletismo, voc\u00ea pode confiar nos padr\u00f5es de qualidade e desempenho dos produtos HEALTH.<\/div>\n<\/li>\n<\/ol>\n<h2>Perguntas frequentes<\/h2>\n<div class=\"paragraph\"><strong>P1: Esses t\u00eanis s\u00e3o adequados para eventos de corrida e dist\u00e2ncia?<\/strong><\/div>\n<div class=\"paragraph\">A1: Sim, o t\u00eanis CP5 Spike foi projetado com tecnologia vers\u00e1til que beneficia tanto os velocistas quanto os corredores de longa dist\u00e2ncia. O sistema de placa de carbono proporciona a propuls\u00e3o r\u00e1pida necess\u00e1ria para corridas de velocidade e, ao mesmo tempo, mant\u00e9m o retorno de energia e a estabilidade necess\u00e1rios para dist\u00e2ncias mais longas.<\/div>\n<div><\/div>\n<div class=\"paragraph\"><strong>P2: Como posso determinar o tamanho correto?<\/strong><\/div>\n<div class=\"paragraph\">A2: os cal\u00e7ados HEALTH normalmente se ajustam ao tamanho. Recomendamos medir o comprimento de seu p\u00e9 e consultar nossa tabela de tamanhos. Para t\u00eanis de corrida, geralmente \u00e9 aconselh\u00e1vel selecionar um tamanho que permita a expans\u00e3o normal dos dedos dos p\u00e9s durante a corrida sem espa\u00e7o excessivo. Entre em contato com nosso servi\u00e7o de atendimento ao cliente para obter assist\u00eancia personalizada sobre tamanhos.<\/div>\n<div><\/div>\n<div class=\"paragraph\"><strong>P3: Esse t\u00eanis pode ser usado para treinamento di\u00e1rio?<\/strong><\/div>\n<div class=\"paragraph\">A3: Embora os t\u00eanis CP5 tenham sido projetados principalmente para competi\u00e7\u00f5es, eles podem ser usados para trabalho de velocidade e treinamento intervalado. Para treinamento geral e corridas de recupera\u00e7\u00e3o, recomendamos t\u00eanis de treinamento complementares para proporcionar amortecimento e suporte adequados.<\/div>\n<div><\/div>\n<div class=\"paragraph\"><strong>P4: Como devo limpar e manter meus t\u00eanis de corrida?<\/strong><\/div>\n<div class=\"paragraph\">A4: ap\u00f3s cada uso, enx\u00e1gue suavemente os cal\u00e7ados com \u00e1gua para remover a sujeira e os res\u00edduos da pista. Evite usar produtos qu\u00edmicos agressivos. Armazene em uma \u00e1rea bem ventilada, longe da luz solar direta. Verifique regularmente e substitua as ponteiras conforme necess\u00e1rio para obter a tra\u00e7\u00e3o ideal.<\/div>\n<div><\/div>\n<div class=\"paragraph\"><strong>Q5: Qual \u00e9 a pol\u00edtica de devolu\u00e7\u00e3o?<\/strong><\/div>\n<div class=\"paragraph\">A5: Oferecemos uma garantia de qualidade de 7 dias. Se n\u00e3o estiver satisfeito com sua compra ou encontrar algum defeito de fabrica\u00e7\u00e3o, entre em contato com nossa equipe de atendimento ao cliente para providenciar uma devolu\u00e7\u00e3o ou troca. Os cal\u00e7ados devem estar em condi\u00e7\u00f5es de serem revendidos com a embalagem original.<\/div>","protected":false},"excerpt":{"rendered":"<p>Os t\u00eanis de corrida HEALTH CP5 Spike Shoes foram projetados para o desempenho de elite nas pistas. Com molas duplas de velocidade de carbono, sola de fibra de carbono de palma inteira e malha leve e respir\u00e1vel, esses t\u00eanis proporcionam propuls\u00e3o, retorno de energia e estabilidade excepcionais. Ideal para atletas masculinos e femininos que competem em eventos de pista de curta e longa dist\u00e2ncia.<\/p>","protected":false},"featured_media":20338,"comment_status":"open","ping_status":"closed","template":"","meta":{"_kadence_starter_templates_imported_post":false,"_kad_post_transparent":"","_kad_post_title":"","_kad_post_layout":"","_kad_post_sidebar_id":"","_kad_post_content_style":"","_kad_post_vertical_padding":"","_kad_post_feature":"","_kad_post_feature_position":"","_kad_post_header":false,"_kad_post_footer":false},"product_brand":[486],"product_cat":[253,252,485],"product_tag":[254,255,487,484,489,488,349,258,327,343,344,326],"class_list":{"0":"post-20325","1":"product","2":"type-product","3":"status-publish","4":"has-post-thumbnail","6":"product_brand-health","7":"product_cat-carbon-plate-running-shoes","8":"product_cat-carbon-shoes","9":"product_cat-health-shoes","10":"product_tag-carbon-plate-running-shoes","11":"product_tag-carbon-plate-shoes","12":"product_tag-cp5","13":"product_tag-cushioning-shoes","14":"product_tag-health-cp5","15":"product_tag-health-shoes","16":"product_tag-racing-shoes","17":"product_tag-running-shoes-with-carbon-plate","18":"product_tag-shock-absorption-shoes","19":"product_tag-spike-shoes","20":"product_tag-track-and-field-shoes","21":"product_tag-training-shoes","23":"first","24":"instock","25":"shipping-taxable","26":"purchasable","27":"product-type-variable","28":"has-default-attributes","29":"entry","30":"content-bg","31":"loop-entry"},"aioseo_notices":[],"_links":{"self":[{"href":"https:\/\/www.carbonfiberinsoles.shop\/pt\/wp-json\/wp\/v2\/product\/20325","targetHints":{"allow":["GET"]}}],"collection":[{"href":"https:\/\/www.carbonfiberinsoles.shop\/pt\/wp-json\/wp\/v2\/product"}],"about":[{"href":"https:\/\/www.carbonfiberinsoles.shop\/pt\/wp-json\/wp\/v2\/types\/product"}],"replies":[{"embeddable":true,"href":"https:\/\/www.carbonfiberinsoles.shop\/pt\/wp-json\/wp\/v2\/comments?post=20325"}],"version-history":[{"count":0,"href":"https:\/\/www.carbonfiberinsoles.shop\/pt\/wp-json\/wp\/v2\/product\/20325\/revisions"}],"wp:featuredmedia":[{"embeddable":true,"href":"https:\/\/www.carbonfiberinsoles.shop\/pt\/wp-json\/wp\/v2\/media\/20338"}],"wp:attachment":[{"href":"https:\/\/www.carbonfiberinsoles.shop\/pt\/wp-json\/wp\/v2\/media?parent=20325"}],"wp:term":[{"taxonomy":"product_brand","embeddable":true,"href":"https:\/\/www.carbonfiberinsoles.shop\/pt\/wp-json\/wp\/v2\/product_brand?post=20325"},{"taxonomy":"product_cat","embeddable":true,"href":"https:\/\/www.carbonfiberinsoles.shop\/pt\/wp-json\/wp\/v2\/product_cat?post=20325"},{"taxonomy":"product_tag","embeddable":true,"href":"https:\/\/www.carbonfiberinsoles.shop\/pt\/wp-json\/wp\/v2\/product_tag?post=20325"}],"curies":[{"name":"wp","href":"https:\/\/api.w.org\/{rel}","templated":true}]}}