{"id":20938,"date":"2025-08-24T13:35:37","date_gmt":"2025-08-24T13:35:37","guid":{"rendered":"https:\/\/www.carbonfiberinsoles.shop\/?post_type=product&#038;p=20938"},"modified":"2026-03-30T07:58:01","modified_gmt":"2026-03-30T07:58:01","slug":"women-men-diabetic-shoes-with-arch-support-extra-wide-widths-walking-edema-sneakers-adjustable-strap","status":"publish","type":"product","link":"https:\/\/www.carbonfiberinsoles.shop\/pt\/produto\/women-men-diabetic-shoes-with-arch-support-extra-wide-widths-walking-edema-sneakers-adjustable-strap\/","title":{"rendered":"Sapatos para diab\u00e9ticos com suporte de arco - t\u00eanis para caminhada extra largo"},"content":{"rendered":"<p>F\u00c1CIL DE COLOCAR E RETIRAR - As tiras do antep\u00e9 s\u00e3o altamente ajust\u00e1veis gra\u00e7as aos fechos, a faixa de ajuste \u00e9 ideal para mudan\u00e7as no grau de incha\u00e7o. O uso do sapato leve para diab\u00e9ticos pode ajudar a aliviar a press\u00e3o sobre os p\u00e9s inchados, joanetes, edema, diabetes ou dedos em martelo.<br \/>\nLARGURAS ESTENDIDAS - A biqueira larga oferece um ajuste confort\u00e1vel e sem amarras, al\u00e9m de aliviar a press\u00e3o sobre os p\u00e9s sens\u00edveis. A parte superior em malha respir\u00e1vel esticada se expande com seu p\u00e9 quando voc\u00ea anda, perfeita para todas as esta\u00e7\u00f5es e atividades ao ar livre. Ajuste mais confort\u00e1vel e estreito para ajud\u00e1-lo a reduzir a irrita\u00e7\u00e3o.<br \/>\n3 PARES DE INSOLAS DE ESPUMA EXTRA - Design de profundidade extra com suporte de arco, 3 pares de palmilhas de espuma viscoel\u00e1stica remov\u00edveis oferecem amplo espa\u00e7o para \u00f3rteses personalizadas. Essas confort\u00e1veis palmilhas proporcionam controle moderado, suporte e prote\u00e7\u00e3o para p\u00e9s inchados, oferecendo a melhor solu\u00e7\u00e3o e ajuste personalizado para cal\u00e7ados femininos e masculinos para diab\u00e9ticos e p\u00e9s problem\u00e1ticos.<br \/>\nUSU\u00c1RIO ALVO E OCASI\u00c3O - Ideal para quem precisa de alongamento extra, conforto e maciez para acomodar p\u00e9s inchados, dedos em martelo, joanetes, fascite plantar, calos, calosidades, osteoartrite, artrite reumatoide, dedos em martelo, neuroma de Morton, edema, dem\u00eancia, les\u00f5es envolvendo tend\u00f5es, m\u00fasculos e ossos ou precisa de um cal\u00e7ado p\u00f3s-operat\u00f3rio.<\/p>\n<p><img fetchpriority=\"high\" decoding=\"async\" class=\"aligncenter wp-image-20948 size-full\" src=\"http:\/\/www.carbonfiberinsoles.shop\/wp-content\/uploads\/2025\/08\/Women-Men-Diabetic-Shoes-with-Arch-Support-Extra-Wide-Widths-Walking-Edema-Sneakers-Adjustable-Strap-7.jpg\" alt=\"Sapatos diab\u00e9ticos elegantes com suporte para o arco, t\u00eanis para caminhada com edema de largura extra larga, tira ajust\u00e1vel, f\u00e1cil de colocar e tirar, com 3 pares de palmilhas de reposi\u00e7\u00e3o para apoiar p\u00e9s inchados\" width=\"970\" height=\"600\" srcset=\"https:\/\/www.carbonfiberinsoles.shop\/wp-content\/uploads\/2025\/08\/Women-Men-Diabetic-Shoes-with-Arch-Support-Extra-Wide-Widths-Walking-Edema-Sneakers-Adjustable-Strap-7.jpg 970w, https:\/\/www.carbonfiberinsoles.shop\/wp-content\/uploads\/2025\/08\/Women-Men-Diabetic-Shoes-with-Arch-Support-Extra-Wide-Widths-Walking-Edema-Sneakers-Adjustable-Strap-7-430x266.jpg 430w, https:\/\/www.carbonfiberinsoles.shop\/wp-content\/uploads\/2025\/08\/Women-Men-Diabetic-Shoes-with-Arch-Support-Extra-Wide-Widths-Walking-Edema-Sneakers-Adjustable-Strap-7-700x433.jpg 700w, https:\/\/www.carbonfiberinsoles.shop\/wp-content\/uploads\/2025\/08\/Women-Men-Diabetic-Shoes-with-Arch-Support-Extra-Wide-Widths-Walking-Edema-Sneakers-Adjustable-Strap-7-400x247.jpg 400w, https:\/\/www.carbonfiberinsoles.shop\/wp-content\/uploads\/2025\/08\/Women-Men-Diabetic-Shoes-with-Arch-Support-Extra-Wide-Widths-Walking-Edema-Sneakers-Adjustable-Strap-7-768x475.jpg 768w, https:\/\/www.carbonfiberinsoles.shop\/wp-content\/uploads\/2025\/08\/Women-Men-Diabetic-Shoes-with-Arch-Support-Extra-Wide-Widths-Walking-Edema-Sneakers-Adjustable-Strap-7-18x12.jpg 18w\" sizes=\"(max-width: 970px) 100vw, 970px\" \/> <img decoding=\"async\" class=\"aligncenter wp-image-20943 size-full\" src=\"http:\/\/www.carbonfiberinsoles.shop\/wp-content\/uploads\/2025\/08\/Women-Men-Diabetic-Shoes-with-Arch-Support-Extra-Wide-Widths-Walking-Edema-Sneakers-Adjustable-Strap-2.jpg\" alt=\"Sapatos para diab\u00e9ticos femininos e masculinos com suporte para arco e largura extra para caminhada e edema T\u00eanis com tira ajust\u00e1vel\" width=\"970\" height=\"600\" srcset=\"https:\/\/www.carbonfiberinsoles.shop\/wp-content\/uploads\/2025\/08\/Women-Men-Diabetic-Shoes-with-Arch-Support-Extra-Wide-Widths-Walking-Edema-Sneakers-Adjustable-Strap-2.jpg 970w, https:\/\/www.carbonfiberinsoles.shop\/wp-content\/uploads\/2025\/08\/Women-Men-Diabetic-Shoes-with-Arch-Support-Extra-Wide-Widths-Walking-Edema-Sneakers-Adjustable-Strap-2-430x266.jpg 430w, https:\/\/www.carbonfiberinsoles.shop\/wp-content\/uploads\/2025\/08\/Women-Men-Diabetic-Shoes-with-Arch-Support-Extra-Wide-Widths-Walking-Edema-Sneakers-Adjustable-Strap-2-700x433.jpg 700w, https:\/\/www.carbonfiberinsoles.shop\/wp-content\/uploads\/2025\/08\/Women-Men-Diabetic-Shoes-with-Arch-Support-Extra-Wide-Widths-Walking-Edema-Sneakers-Adjustable-Strap-2-400x247.jpg 400w, https:\/\/www.carbonfiberinsoles.shop\/wp-content\/uploads\/2025\/08\/Women-Men-Diabetic-Shoes-with-Arch-Support-Extra-Wide-Widths-Walking-Edema-Sneakers-Adjustable-Strap-2-768x475.jpg 768w, https:\/\/www.carbonfiberinsoles.shop\/wp-content\/uploads\/2025\/08\/Women-Men-Diabetic-Shoes-with-Arch-Support-Extra-Wide-Widths-Walking-Edema-Sneakers-Adjustable-Strap-2-18x12.jpg 18w\" sizes=\"(max-width: 970px) 100vw, 970px\" \/><img decoding=\"async\" class=\"aligncenter wp-image-20942 size-full\" src=\"http:\/\/www.carbonfiberinsoles.shop\/wp-content\/uploads\/2025\/08\/Women-Men-Diabetic-Shoes-with-Arch-Support-Extra-Wide-Widths-Walking-Edema-Sneakers-Adjustable-Strap-1.jpg\" alt=\"Sapatos para diab\u00e9ticos femininos e masculinos com suporte para arco e largura extra para caminhada e edema T\u00eanis com tira ajust\u00e1vel\" width=\"970\" height=\"600\" srcset=\"https:\/\/www.carbonfiberinsoles.shop\/wp-content\/uploads\/2025\/08\/Women-Men-Diabetic-Shoes-with-Arch-Support-Extra-Wide-Widths-Walking-Edema-Sneakers-Adjustable-Strap-1.jpg 970w, https:\/\/www.carbonfiberinsoles.shop\/wp-content\/uploads\/2025\/08\/Women-Men-Diabetic-Shoes-with-Arch-Support-Extra-Wide-Widths-Walking-Edema-Sneakers-Adjustable-Strap-1-430x266.jpg 430w, https:\/\/www.carbonfiberinsoles.shop\/wp-content\/uploads\/2025\/08\/Women-Men-Diabetic-Shoes-with-Arch-Support-Extra-Wide-Widths-Walking-Edema-Sneakers-Adjustable-Strap-1-700x433.jpg 700w, https:\/\/www.carbonfiberinsoles.shop\/wp-content\/uploads\/2025\/08\/Women-Men-Diabetic-Shoes-with-Arch-Support-Extra-Wide-Widths-Walking-Edema-Sneakers-Adjustable-Strap-1-400x247.jpg 400w, https:\/\/www.carbonfiberinsoles.shop\/wp-content\/uploads\/2025\/08\/Women-Men-Diabetic-Shoes-with-Arch-Support-Extra-Wide-Widths-Walking-Edema-Sneakers-Adjustable-Strap-1-768x475.jpg 768w, https:\/\/www.carbonfiberinsoles.shop\/wp-content\/uploads\/2025\/08\/Women-Men-Diabetic-Shoes-with-Arch-Support-Extra-Wide-Widths-Walking-Edema-Sneakers-Adjustable-Strap-1-18x12.jpg 18w\" sizes=\"(max-width: 970px) 100vw, 970px\" \/> <img loading=\"lazy\" decoding=\"async\" class=\"aligncenter wp-image-20944 size-full\" src=\"http:\/\/www.carbonfiberinsoles.shop\/wp-content\/uploads\/2025\/08\/Women-Men-Diabetic-Shoes-with-Arch-Support-Extra-Wide-Widths-Walking-Edema-Sneakers-Adjustable-Strap-3.jpg\" alt=\"Sapatos diab\u00e9ticos elegantes com suporte para o arco, t\u00eanis para caminhada com edema de largura extra larga, tira ajust\u00e1vel, f\u00e1cil de colocar e tirar, com 3 pares de palmilhas de reposi\u00e7\u00e3o para apoiar p\u00e9s inchados\" width=\"970\" height=\"600\" srcset=\"https:\/\/www.carbonfiberinsoles.shop\/wp-content\/uploads\/2025\/08\/Women-Men-Diabetic-Shoes-with-Arch-Support-Extra-Wide-Widths-Walking-Edema-Sneakers-Adjustable-Strap-3.jpg 970w, https:\/\/www.carbonfiberinsoles.shop\/wp-content\/uploads\/2025\/08\/Women-Men-Diabetic-Shoes-with-Arch-Support-Extra-Wide-Widths-Walking-Edema-Sneakers-Adjustable-Strap-3-430x266.jpg 430w, https:\/\/www.carbonfiberinsoles.shop\/wp-content\/uploads\/2025\/08\/Women-Men-Diabetic-Shoes-with-Arch-Support-Extra-Wide-Widths-Walking-Edema-Sneakers-Adjustable-Strap-3-700x433.jpg 700w, https:\/\/www.carbonfiberinsoles.shop\/wp-content\/uploads\/2025\/08\/Women-Men-Diabetic-Shoes-with-Arch-Support-Extra-Wide-Widths-Walking-Edema-Sneakers-Adjustable-Strap-3-400x247.jpg 400w, https:\/\/www.carbonfiberinsoles.shop\/wp-content\/uploads\/2025\/08\/Women-Men-Diabetic-Shoes-with-Arch-Support-Extra-Wide-Widths-Walking-Edema-Sneakers-Adjustable-Strap-3-768x475.jpg 768w, https:\/\/www.carbonfiberinsoles.shop\/wp-content\/uploads\/2025\/08\/Women-Men-Diabetic-Shoes-with-Arch-Support-Extra-Wide-Widths-Walking-Edema-Sneakers-Adjustable-Strap-3-18x12.jpg 18w\" sizes=\"(max-width: 970px) 100vw, 970px\" \/><\/p>\n<p><img loading=\"lazy\" decoding=\"async\" class=\"aligncenter wp-image-20998 size-full\" src=\"http:\/\/www.carbonfiberinsoles.shop\/wp-content\/uploads\/2025\/08\/Diabetic-Shoes-Size.jpg\" alt=\"\" width=\"737\" height=\"378\" srcset=\"https:\/\/www.carbonfiberinsoles.shop\/wp-content\/uploads\/2025\/08\/Diabetic-Shoes-Size.jpg 737w, https:\/\/www.carbonfiberinsoles.shop\/wp-content\/uploads\/2025\/08\/Diabetic-Shoes-Size-430x221.jpg 430w, https:\/\/www.carbonfiberinsoles.shop\/wp-content\/uploads\/2025\/08\/Diabetic-Shoes-Size-700x359.jpg 700w, https:\/\/www.carbonfiberinsoles.shop\/wp-content\/uploads\/2025\/08\/Diabetic-Shoes-Size-400x205.jpg 400w, https:\/\/www.carbonfiberinsoles.shop\/wp-content\/uploads\/2025\/08\/Diabetic-Shoes-Size-18x9.jpg 18w\" sizes=\"(max-width: 737px) 100vw, 737px\" \/><\/p>\n<h4 data-start=\"1823\" data-end=\"1849\"><strong data-start=\"1831\" data-end=\"1847\">Principais recursos<\/strong><\/h4>\n<ul data-start=\"1850\" data-end=\"2543\">\n<li data-start=\"1850\" data-end=\"1952\">\n<p data-start=\"1852\" data-end=\"1952\"><strong data-start=\"1852\" data-end=\"1886\">Constru\u00e7\u00e3o amig\u00e1vel para diab\u00e9ticos<\/strong>: O interior sem costuras e a biqueira espa\u00e7osa ajudam a minimizar a irrita\u00e7\u00e3o.<\/p>\n<\/li>\n<li data-start=\"1953\" data-end=\"2047\">\n<p data-start=\"1955\" data-end=\"2047\"><strong data-start=\"1955\" data-end=\"1971\">Suporte do arco<\/strong>: O suporte de arco projetado ajuda no alinhamento e no conforto do p\u00e9 durante a caminhada.<\/p>\n<\/li>\n<li data-start=\"2048\" data-end=\"2142\">\n<p data-start=\"2050\" data-end=\"2142\"><strong data-start=\"2050\" data-end=\"2068\">Ajuste extra largo<\/strong>: Oferece um espa\u00e7o generoso para incha\u00e7o, \u00f3rteses ou condi\u00e7\u00f5es sens\u00edveis.<\/p>\n<\/li>\n<li data-start=\"2143\" data-end=\"2248\">\n<p data-start=\"2145\" data-end=\"2248\"><strong data-start=\"2145\" data-end=\"2166\">Correias ajust\u00e1veis<\/strong>: As al\u00e7as f\u00e1ceis de colocar e tirar permitem ajustes r\u00e1pidos para um ajuste perfeito durante todo o dia.<\/p>\n<\/li>\n<li data-start=\"2249\" data-end=\"2346\">\n<p data-start=\"2251\" data-end=\"2346\"><strong data-start=\"2251\" data-end=\"2271\">Palmilhas m\u00faltiplas<\/strong>: Tr\u00eas palmilhas intercambi\u00e1veis permitem que voc\u00ea ajuste o amortecimento e o suporte.<\/p>\n<\/li>\n<li data-start=\"2347\" data-end=\"2435\">\n<p data-start=\"2349\" data-end=\"2435\"><strong data-start=\"2349\" data-end=\"2371\">Design leve<\/strong>: Garante flexibilidade para caminhadas sem esfor\u00e7o e uso durante todo o dia.<\/p>\n<\/li>\n<li data-start=\"2436\" data-end=\"2543\">\n<p data-start=\"2438\" data-end=\"2543\"><strong data-start=\"2438\" data-end=\"2461\">Elegante e vers\u00e1til<\/strong>: Elegante o suficiente para passeios casuais e projetado para uso terap\u00eautico funcional.<\/p>\n<\/li>\n<\/ul>\n<h4 data-start=\"2545\" data-end=\"2585\"><strong data-start=\"2553\" data-end=\"2583\">Por que escolher este t\u00eanis?<\/strong><\/h4>\n<ul data-start=\"2586\" data-end=\"3060\">\n<li data-start=\"2586\" data-end=\"2679\">\n<p data-start=\"2588\" data-end=\"2679\">Feitos sob medida para condi\u00e7\u00f5es diab\u00e9ticas, esses cal\u00e7ados reduzem a press\u00e3o e protegem a pele sens\u00edvel.<\/p>\n<\/li>\n<li data-start=\"2680\" data-end=\"2780\">\n<p data-start=\"2682\" data-end=\"2780\">O suporte do arco melhora a postura e alivia a fadiga dos p\u00e9s - \u00f3timo para caminhar ou ficar em p\u00e9 por longos per\u00edodos.<\/p>\n<\/li>\n<li data-start=\"2781\" data-end=\"2888\">\n<p data-start=\"2783\" data-end=\"2888\">O ajuste extra largo e ajust\u00e1vel se adapta \u00e0s mudan\u00e7as nos p\u00e9s ao longo do dia, especialmente incha\u00e7o ou edema.<\/p>\n<\/li>\n<li data-start=\"2889\" data-end=\"2959\">\n<p data-start=\"2891\" data-end=\"2959\">V\u00e1rias palmilhas permitem que os clientes personalizem o amortecimento e o suporte.<\/p>\n<\/li>\n<li data-start=\"2960\" data-end=\"3060\">\n<p data-start=\"2962\" data-end=\"3060\">Proporciona conforto e estilo - perfeito para uso casual sem comprometer os benef\u00edcios terap\u00eauticos.<\/p>\n<\/li>\n<\/ul>\n<h4 data-start=\"3062\" data-end=\"3078\"><strong data-start=\"3070\" data-end=\"3078\">Perguntas frequentes<\/strong><\/h4>\n<p data-start=\"3080\" data-end=\"3297\"><strong data-start=\"3080\" data-end=\"3144\">P: Eles s\u00e3o adequados para pessoas com edema ou p\u00e9s inchados?<\/strong><br data-start=\"3144\" data-end=\"3147\" \/>R: Sem d\u00favida, essa \u00e9 a nossa maior prioridade. O design extra largo e as tiras ajust\u00e1veis criam um ajuste personalizado para acomodar o incha\u00e7o e garantir o conforto.<\/p>\n<p data-start=\"3299\" data-end=\"3523\"><strong data-start=\"3299\" data-end=\"3379\">P: Como funcionam as palmilhas? Posso substitu\u00ed-las por minhas pr\u00f3prias palmilhas ortop\u00e9dicas?<\/strong><br data-start=\"3379\" data-end=\"3382\" \/>R: Sim. Voc\u00ea pode escolher entre as tr\u00eas palmilhas inclu\u00eddas, de acordo com suas necessidades de conforto, ou troc\u00e1-las por suas pr\u00f3prias palmilhas ortop\u00e9dicas personalizadas, se desejar.<\/p>\n<p data-start=\"3525\" data-end=\"3712\"><strong data-start=\"3525\" data-end=\"3564\">P: Eles oferecem um bom suporte para o arco?<\/strong><br data-start=\"3564\" data-end=\"3567\" \/>R: Sim! O suporte de arco integrado foi projetado para melhorar o alinhamento e reduzir a tens\u00e3o nos p\u00e9s, tornando esses cal\u00e7ados para diab\u00e9ticos ideais para caminhadas di\u00e1rias.<\/p>\n<p data-start=\"3714\" data-end=\"3880\"><strong data-start=\"3714\" data-end=\"3755\">P: Esses t\u00eanis s\u00e3o f\u00e1ceis de cal\u00e7ar?<\/strong><br data-start=\"3755\" data-end=\"3758\" \/>R: Sem d\u00favida. As al\u00e7as ajust\u00e1veis facilitam o deslizamento, o que \u00e9 especialmente \u00fatil em casos de mobilidade ou flexibilidade limitadas.<\/p>\n<p data-start=\"3882\" data-end=\"4051\"><strong data-start=\"3882\" data-end=\"3937\">P: Posso us\u00e1-lo casualmente ou para caminhadas ativas?<\/strong><br data-start=\"3937\" data-end=\"3940\" \/>R: Sim! Eles combinam uma apar\u00eancia de t\u00eanis elegante e casual com um design de suporte para caminhadas ou atividades leves.<\/p>\n<p>&nbsp;<\/p>","protected":false},"excerpt":{"rendered":"<p><strong>Detalhes do produto<\/strong><br \/>\nTipo de tecido: 100% Algod\u00e3o<br \/>\nMaterial do solado: Borracha<br \/>\nMaterial externo: Malha<br \/>\nTipo de fechamento: Pull-On<\/p>","protected":false},"featured_media":20956,"comment_status":"open","ping_status":"closed","template":"","meta":{"_kadence_starter_templates_imported_post":false,"_kad_post_transparent":"default","_kad_post_title":"","_kad_post_layout":"default","_kad_post_sidebar_id":"","_kad_post_content_style":"default","_kad_post_vertical_padding":"default","_kad_post_feature":"","_kad_post_feature_position":"","_kad_post_header":false,"_kad_post_footer":false},"product_brand":[],"product_cat":[570,533,534,530,532,586,528,527,529,531],"product_tag":[332,535],"class_list":{"0":"post-20938","1":"product","2":"type-product","3":"status-publish","4":"has-post-thumbnail","6":"product_cat-diabetic-shoes","7":"product_cat-men-diabetic-shoes","8":"product_cat-men-orthopedic-shoes","9":"product_cat-men-shoes","10":"product_cat-men-walking-shoes","11":"product_cat-recovery-shoes","12":"product_cat-women-diabetic-shoes","13":"product_cat-women-orthopedic-shoes","14":"product_cat-women-shoes","15":"product_cat-women-walking-shoes","16":"product_tag-casual-shoes","17":"product_tag-diabetic-shoes","19":"first","20":"instock","21":"shipping-taxable","22":"purchasable","23":"product-type-variable","24":"has-default-attributes","25":"entry","26":"content-bg","27":"loop-entry"},"aioseo_notices":[],"_links":{"self":[{"href":"https:\/\/www.carbonfiberinsoles.shop\/pt\/wp-json\/wp\/v2\/product\/20938","targetHints":{"allow":["GET"]}}],"collection":[{"href":"https:\/\/www.carbonfiberinsoles.shop\/pt\/wp-json\/wp\/v2\/product"}],"about":[{"href":"https:\/\/www.carbonfiberinsoles.shop\/pt\/wp-json\/wp\/v2\/types\/product"}],"replies":[{"embeddable":true,"href":"https:\/\/www.carbonfiberinsoles.shop\/pt\/wp-json\/wp\/v2\/comments?post=20938"}],"version-history":[{"count":8,"href":"https:\/\/www.carbonfiberinsoles.shop\/pt\/wp-json\/wp\/v2\/product\/20938\/revisions"}],"predecessor-version":[{"id":21577,"href":"https:\/\/www.carbonfiberinsoles.shop\/pt\/wp-json\/wp\/v2\/product\/20938\/revisions\/21577"}],"wp:featuredmedia":[{"embeddable":true,"href":"https:\/\/www.carbonfiberinsoles.shop\/pt\/wp-json\/wp\/v2\/media\/20956"}],"wp:attachment":[{"href":"https:\/\/www.carbonfiberinsoles.shop\/pt\/wp-json\/wp\/v2\/media?parent=20938"}],"wp:term":[{"taxonomy":"product_brand","embeddable":true,"href":"https:\/\/www.carbonfiberinsoles.shop\/pt\/wp-json\/wp\/v2\/product_brand?post=20938"},{"taxonomy":"product_cat","embeddable":true,"href":"https:\/\/www.carbonfiberinsoles.shop\/pt\/wp-json\/wp\/v2\/product_cat?post=20938"},{"taxonomy":"product_tag","embeddable":true,"href":"https:\/\/www.carbonfiberinsoles.shop\/pt\/wp-json\/wp\/v2\/product_tag?post=20938"}],"curies":[{"name":"wp","href":"https:\/\/api.w.org\/{rel}","templated":true}]}}