{"id":20964,"date":"2025-08-25T13:16:26","date_gmt":"2025-08-25T13:16:26","guid":{"rendered":"https:\/\/www.carbonfiberinsoles.shop\/?post_type=product&#038;p=20964"},"modified":"2026-03-30T07:57:47","modified_gmt":"2026-03-30T07:57:47","slug":"mens-diabetic-edema-shoes-lightweight-walking-wide-sneakers-plantar-fasciitis-shoes","status":"publish","type":"product","link":"https:\/\/www.carbonfiberinsoles.shop\/pt\/produto\/mens-diabetic-edema-shoes-lightweight-walking-wide-sneakers-plantar-fasciitis-shoes\/","title":{"rendered":"Sapatos masculinos para diab\u00e9ticos com edema - T\u00eanis para caminhada largo e leve"},"content":{"rendered":"<p>F\u00c1CIL DE COLOCAR E SOLTAR - As tiras do antep\u00e9 s\u00e3o altamente ajust\u00e1veis gra\u00e7as aos fechos, a faixa de ajuste \u00e9 ideal para mudan\u00e7as no grau de incha\u00e7o. O uso de cal\u00e7ados de largura extra para dedos redondos pode ajudar a aliviar a press\u00e3o sobre p\u00e9s inchados, joanetes, edema, diabetes ou dedos em martelo.<br \/>\nLEVE E CONFORT\u00c1VEL - Esses cal\u00e7ados para diab\u00e9ticos s\u00e3o leves e resistentes o suficiente. A parte superior \u00e9 feita de material respir\u00e1vel, perfeita para todas as esta\u00e7\u00f5es e atividades ao ar livre. A parte superior em malha el\u00e1stica se expande com seu p\u00e9 quando voc\u00ea caminha. Ajuste mais confort\u00e1vel para ajud\u00e1-lo a reduzir a irrita\u00e7\u00e3o.<br \/>\nCONFORTO INESQUEC\u00cdVEL - Um design de almofada de ar vis\u00edvel para absorver o choque e proporcionar uma sensa\u00e7\u00e3o de conforto e facilidade em cada pisada. A palmilha remov\u00edvel \u00e9 almofadada para maior conforto e pode acomodar palmilhas ortop\u00e9dicas personalizadas ou para diab\u00e9ticos. O solado leve e resistente oferece ader\u00eancia para uso em ambientes internos e externos.<br \/>\nUSU\u00c1RIO ALVO E OCASI\u00c3O - Ideal para quem precisa de alongamento extra, conforto e maciez para acomodar p\u00e9s inchados, dedos em martelo, joanetes, fascite plantar, calos, calosidades, osteoartrite, artrite reumatoide, dedos em martelo, neuroma de Morton, edema, dem\u00eancia, les\u00f5es envolvendo tend\u00f5es, m\u00fasculos e ossos ou precisa de um cal\u00e7ado p\u00f3s-operat\u00f3rio.<br \/>\nSOBRE N\u00d3S - Nossos cal\u00e7ados s\u00e3o projetados biomecanicamente com recursos de conforto exclusivos para oferecer a melhor solu\u00e7\u00e3o para p\u00e9s sens\u00edveis e outras doen\u00e7as f\u00edsicas afetadas por problemas nos p\u00e9s ou m\u00e1 postura. Nossa miss\u00e3o \u00e9 ajudar a facilitar a vida das pessoas que vivem com diabetes e outras doen\u00e7as que afetam os p\u00e9s.<\/p>\n<p><img fetchpriority=\"high\" decoding=\"async\" class=\"aligncenter wp-image-20982 size-full\" src=\"http:\/\/www.carbonfiberinsoles.shop\/wp-content\/uploads\/2025\/08\/Mens-Diabetic-Edema-Shoes-Lightweight-Walking-Wide-Sneakers-Plantar-Fasciitis-Shoes-11.jpg\" alt=\"Sapatos para diab\u00e9ticos com edema Sapatos largos e leves para caminhada Sapatos para fascite plantar\" width=\"970\" height=\"600\" srcset=\"https:\/\/www.carbonfiberinsoles.shop\/wp-content\/uploads\/2025\/08\/Mens-Diabetic-Edema-Shoes-Lightweight-Walking-Wide-Sneakers-Plantar-Fasciitis-Shoes-11.jpg 970w, https:\/\/www.carbonfiberinsoles.shop\/wp-content\/uploads\/2025\/08\/Mens-Diabetic-Edema-Shoes-Lightweight-Walking-Wide-Sneakers-Plantar-Fasciitis-Shoes-11-430x266.jpg 430w, https:\/\/www.carbonfiberinsoles.shop\/wp-content\/uploads\/2025\/08\/Mens-Diabetic-Edema-Shoes-Lightweight-Walking-Wide-Sneakers-Plantar-Fasciitis-Shoes-11-700x433.jpg 700w, https:\/\/www.carbonfiberinsoles.shop\/wp-content\/uploads\/2025\/08\/Mens-Diabetic-Edema-Shoes-Lightweight-Walking-Wide-Sneakers-Plantar-Fasciitis-Shoes-11-400x247.jpg 400w, https:\/\/www.carbonfiberinsoles.shop\/wp-content\/uploads\/2025\/08\/Mens-Diabetic-Edema-Shoes-Lightweight-Walking-Wide-Sneakers-Plantar-Fasciitis-Shoes-11-768x475.jpg 768w, https:\/\/www.carbonfiberinsoles.shop\/wp-content\/uploads\/2025\/08\/Mens-Diabetic-Edema-Shoes-Lightweight-Walking-Wide-Sneakers-Plantar-Fasciitis-Shoes-11-18x12.jpg 18w\" sizes=\"(max-width: 970px) 100vw, 970px\" \/> <img decoding=\"async\" class=\"aligncenter wp-image-20981 size-full\" src=\"http:\/\/www.carbonfiberinsoles.shop\/wp-content\/uploads\/2025\/08\/Mens-Diabetic-Edema-Shoes-Lightweight-Walking-Wide-Sneakers-Plantar-Fasciitis-Shoes-10.jpg\" alt=\"Sapatos para diab\u00e9ticos com edema Sapatos largos e leves para caminhada Sapatos para fascite plantar\" width=\"970\" height=\"600\" srcset=\"https:\/\/www.carbonfiberinsoles.shop\/wp-content\/uploads\/2025\/08\/Mens-Diabetic-Edema-Shoes-Lightweight-Walking-Wide-Sneakers-Plantar-Fasciitis-Shoes-10.jpg 970w, https:\/\/www.carbonfiberinsoles.shop\/wp-content\/uploads\/2025\/08\/Mens-Diabetic-Edema-Shoes-Lightweight-Walking-Wide-Sneakers-Plantar-Fasciitis-Shoes-10-430x266.jpg 430w, https:\/\/www.carbonfiberinsoles.shop\/wp-content\/uploads\/2025\/08\/Mens-Diabetic-Edema-Shoes-Lightweight-Walking-Wide-Sneakers-Plantar-Fasciitis-Shoes-10-700x433.jpg 700w, https:\/\/www.carbonfiberinsoles.shop\/wp-content\/uploads\/2025\/08\/Mens-Diabetic-Edema-Shoes-Lightweight-Walking-Wide-Sneakers-Plantar-Fasciitis-Shoes-10-400x247.jpg 400w, https:\/\/www.carbonfiberinsoles.shop\/wp-content\/uploads\/2025\/08\/Mens-Diabetic-Edema-Shoes-Lightweight-Walking-Wide-Sneakers-Plantar-Fasciitis-Shoes-10-768x475.jpg 768w, https:\/\/www.carbonfiberinsoles.shop\/wp-content\/uploads\/2025\/08\/Mens-Diabetic-Edema-Shoes-Lightweight-Walking-Wide-Sneakers-Plantar-Fasciitis-Shoes-10-18x12.jpg 18w\" sizes=\"(max-width: 970px) 100vw, 970px\" \/> <img decoding=\"async\" class=\"aligncenter wp-image-20983 size-full\" src=\"http:\/\/www.carbonfiberinsoles.shop\/wp-content\/uploads\/2025\/08\/Mens-Diabetic-Edema-Shoes-Lightweight-Walking-Wide-Sneakers-Plantar-Fasciitis-Shoes-12.jpg\" alt=\"Sapatos para diab\u00e9ticos com edema Sapatos largos e leves para caminhada Sapatos para fascite plantar\" width=\"970\" height=\"600\" srcset=\"https:\/\/www.carbonfiberinsoles.shop\/wp-content\/uploads\/2025\/08\/Mens-Diabetic-Edema-Shoes-Lightweight-Walking-Wide-Sneakers-Plantar-Fasciitis-Shoes-12.jpg 970w, https:\/\/www.carbonfiberinsoles.shop\/wp-content\/uploads\/2025\/08\/Mens-Diabetic-Edema-Shoes-Lightweight-Walking-Wide-Sneakers-Plantar-Fasciitis-Shoes-12-430x266.jpg 430w, https:\/\/www.carbonfiberinsoles.shop\/wp-content\/uploads\/2025\/08\/Mens-Diabetic-Edema-Shoes-Lightweight-Walking-Wide-Sneakers-Plantar-Fasciitis-Shoes-12-700x433.jpg 700w, https:\/\/www.carbonfiberinsoles.shop\/wp-content\/uploads\/2025\/08\/Mens-Diabetic-Edema-Shoes-Lightweight-Walking-Wide-Sneakers-Plantar-Fasciitis-Shoes-12-400x247.jpg 400w, https:\/\/www.carbonfiberinsoles.shop\/wp-content\/uploads\/2025\/08\/Mens-Diabetic-Edema-Shoes-Lightweight-Walking-Wide-Sneakers-Plantar-Fasciitis-Shoes-12-768x475.jpg 768w, https:\/\/www.carbonfiberinsoles.shop\/wp-content\/uploads\/2025\/08\/Mens-Diabetic-Edema-Shoes-Lightweight-Walking-Wide-Sneakers-Plantar-Fasciitis-Shoes-12-18x12.jpg 18w\" sizes=\"(max-width: 970px) 100vw, 970px\" \/> <img loading=\"lazy\" decoding=\"async\" class=\"aligncenter wp-image-20978 size-full\" src=\"http:\/\/www.carbonfiberinsoles.shop\/wp-content\/uploads\/2025\/08\/Mens-Diabetic-Edema-Shoes-Lightweight-Walking-Wide-Sneakers-Plantar-Fasciitis-Shoes-7.jpg\" alt=\"Sapatos para diab\u00e9ticos com edema Sapatos largos e leves para caminhada Sapatos para fascite plantar\" width=\"970\" height=\"600\" srcset=\"https:\/\/www.carbonfiberinsoles.shop\/wp-content\/uploads\/2025\/08\/Mens-Diabetic-Edema-Shoes-Lightweight-Walking-Wide-Sneakers-Plantar-Fasciitis-Shoes-7.jpg 970w, https:\/\/www.carbonfiberinsoles.shop\/wp-content\/uploads\/2025\/08\/Mens-Diabetic-Edema-Shoes-Lightweight-Walking-Wide-Sneakers-Plantar-Fasciitis-Shoes-7-430x266.jpg 430w, https:\/\/www.carbonfiberinsoles.shop\/wp-content\/uploads\/2025\/08\/Mens-Diabetic-Edema-Shoes-Lightweight-Walking-Wide-Sneakers-Plantar-Fasciitis-Shoes-7-700x433.jpg 700w, https:\/\/www.carbonfiberinsoles.shop\/wp-content\/uploads\/2025\/08\/Mens-Diabetic-Edema-Shoes-Lightweight-Walking-Wide-Sneakers-Plantar-Fasciitis-Shoes-7-400x247.jpg 400w, https:\/\/www.carbonfiberinsoles.shop\/wp-content\/uploads\/2025\/08\/Mens-Diabetic-Edema-Shoes-Lightweight-Walking-Wide-Sneakers-Plantar-Fasciitis-Shoes-7-768x475.jpg 768w, https:\/\/www.carbonfiberinsoles.shop\/wp-content\/uploads\/2025\/08\/Mens-Diabetic-Edema-Shoes-Lightweight-Walking-Wide-Sneakers-Plantar-Fasciitis-Shoes-7-18x12.jpg 18w\" sizes=\"(max-width: 970px) 100vw, 970px\" \/><\/p>","protected":false},"excerpt":{"rendered":"<p><strong>Detalhes do produto<\/strong><br \/>\nTipo de tecido: 100% Algod\u00e3o<br \/>\nMaterial do solado: Borracha<br \/>\nMaterial externo: Malha<br \/>\nTipo de fechamento: Gancho e la\u00e7o<\/p>","protected":false},"featured_media":20988,"comment_status":"open","ping_status":"closed","template":"","meta":{"_kadence_starter_templates_imported_post":false,"_kad_post_transparent":"default","_kad_post_title":"","_kad_post_layout":"default","_kad_post_sidebar_id":"","_kad_post_content_style":"default","_kad_post_vertical_padding":"default","_kad_post_feature":"","_kad_post_feature_position":"","_kad_post_header":false,"_kad_post_footer":false},"product_brand":[],"product_cat":[533,530,532,586],"product_tag":[373,539,538,542,540,541],"class_list":{"0":"post-20964","1":"product","2":"type-product","3":"status-publish","4":"has-post-thumbnail","6":"product_cat-men-diabetic-shoes","7":"product_cat-men-shoes","8":"product_cat-men-walking-shoes","9":"product_cat-recovery-shoes","10":"product_tag-anti-slip-shoes","11":"product_tag-diabetic-edema-shoes","12":"product_tag-plantar-fasciitis-shoes","13":"product_tag-slip-on-shoes","14":"product_tag-walking-shoes","15":"product_tag-wide-shoes","17":"first","18":"instock","19":"shipping-taxable","20":"purchasable","21":"product-type-variable","22":"has-default-attributes","23":"entry","24":"content-bg","25":"loop-entry"},"aioseo_notices":[],"_links":{"self":[{"href":"https:\/\/www.carbonfiberinsoles.shop\/pt\/wp-json\/wp\/v2\/product\/20964","targetHints":{"allow":["GET"]}}],"collection":[{"href":"https:\/\/www.carbonfiberinsoles.shop\/pt\/wp-json\/wp\/v2\/product"}],"about":[{"href":"https:\/\/www.carbonfiberinsoles.shop\/pt\/wp-json\/wp\/v2\/types\/product"}],"replies":[{"embeddable":true,"href":"https:\/\/www.carbonfiberinsoles.shop\/pt\/wp-json\/wp\/v2\/comments?post=20964"}],"version-history":[{"count":5,"href":"https:\/\/www.carbonfiberinsoles.shop\/pt\/wp-json\/wp\/v2\/product\/20964\/revisions"}],"predecessor-version":[{"id":21576,"href":"https:\/\/www.carbonfiberinsoles.shop\/pt\/wp-json\/wp\/v2\/product\/20964\/revisions\/21576"}],"wp:featuredmedia":[{"embeddable":true,"href":"https:\/\/www.carbonfiberinsoles.shop\/pt\/wp-json\/wp\/v2\/media\/20988"}],"wp:attachment":[{"href":"https:\/\/www.carbonfiberinsoles.shop\/pt\/wp-json\/wp\/v2\/media?parent=20964"}],"wp:term":[{"taxonomy":"product_brand","embeddable":true,"href":"https:\/\/www.carbonfiberinsoles.shop\/pt\/wp-json\/wp\/v2\/product_brand?post=20964"},{"taxonomy":"product_cat","embeddable":true,"href":"https:\/\/www.carbonfiberinsoles.shop\/pt\/wp-json\/wp\/v2\/product_cat?post=20964"},{"taxonomy":"product_tag","embeddable":true,"href":"https:\/\/www.carbonfiberinsoles.shop\/pt\/wp-json\/wp\/v2\/product_tag?post=20964"}],"curies":[{"name":"wp","href":"https:\/\/api.w.org\/{rel}","templated":true}]}}