{"id":21166,"date":"2025-09-01T20:29:58","date_gmt":"2025-09-01T20:29:58","guid":{"rendered":"https:\/\/www.carbonfiberinsoles.shop\/?post_type=product&#038;p=21166"},"modified":"2026-03-30T07:57:35","modified_gmt":"2026-03-30T07:57:35","slug":"womens-diabetic-shoes-extra-wide-edema-shoes-outdoor-walking-sneakers-plantar-fasciitis-shoes","status":"publish","type":"product","link":"https:\/\/www.carbonfiberinsoles.shop\/pt\/produto\/womens-diabetic-shoes-extra-wide-edema-shoes-outdoor-walking-sneakers-plantar-fasciitis-shoes\/","title":{"rendered":"Cal\u00e7ados femininos para diab\u00e9ticos com edema - T\u00eanis para caminhada extra largo"},"content":{"rendered":"<ul class=\"a-unordered-list a-vertical a-spacing-small\">\n<li><span class=\"a-list-item a-size-base a-color-base\">\u3010Sapatos confort\u00e1veis de bico largo\u3011 Os nossos sapatos femininos para p\u00e9s largos com material de malha macia personalizada proporcionam o m\u00e1ximo em flexibilidade e respirabilidade. A parte superior em tecido el\u00e1stico e respir\u00e1vel mant\u00e9m seus p\u00e9s frescos e evita odores. O design da biqueira larga reduz a press\u00e3o e o choque do exterior, garantindo extremo conforto ao usar esse t\u00eanis esportivo. Adequado para p\u00e9s inchados, p\u00e9s largos, dedo do p\u00e9 em martelo, joanetes, calos, artrite, edema, bola larga dos p\u00e9s, linfedema, p\u00e9 de Charcot etc.<\/span><\/li>\n<li><span class=\"a-list-item a-size-base a-color-base\">\u3010F\u00e1cil de cal\u00e7ar e tirar\u3011 Os cal\u00e7ados para diab\u00e9ticos com tira de velcro fazem com que esses cal\u00e7ados femininos de velcro sejam convenientes para cal\u00e7ar e tirar com facilidade. Os cal\u00e7ados femininos f\u00e1ceis de cal\u00e7ar podem ser ajustados e apertados na posi\u00e7\u00e3o adequada para fixar o peito do p\u00e9 e proporcionar uma caminhada est\u00e1vel e confort\u00e1vel. O design de largura ampla aumenta seu conforto ao caminhar e inclui uma biqueira espa\u00e7osa para proteger seus p\u00e9s contra impactos. Muito perfeito para fascite plantar, al\u00edvio da dor nos p\u00e9s, diabetes, ortopedia, neuropatia etc.<\/span><\/li>\n<li><span class=\"a-list-item a-size-base a-color-base\">\u3010T\u00eanis de caminhada de apoio Arch\u3011 Os t\u00eanis femininos para caminhada com design de almofada de ar oferecem suporte est\u00e1vel e redu\u00e7\u00e3o de impactos. Esses t\u00eanis com suporte para arco s\u00e3o perfeitos para quem precisa ficar em p\u00e9 ou caminhar por muito tempo. A entressola de 3 pares de ar combinada com a palmilha de espuma viscoel\u00e1stica para absor\u00e7\u00e3o de impactos e pode ser substitu\u00edda \u00e0 vontade. Voc\u00ea levar\u00e1 seus p\u00e9s em uma viagem confort\u00e1vel do dia para a noite. Perfeito para caminhadas, uso esportivo casual, treinamento, corrida ou condicionamento f\u00edsico.<\/span><\/li>\n<li><span class=\"a-list-item a-size-base a-color-base\">\u3010Sapatos de caminhada confort\u00e1veis para o dia todo\u3011Solado de borracha leve e antiderrapante com almofada de ar que oferece estabilidade e efeito de amortecimento e suporte para os p\u00e9s. A sola com \u00f3tima tra\u00e7\u00e3o e ader\u00eancia proporciona uma boa tra\u00e7\u00e3o em seus passos. Adequado para trabalhos de longa dura\u00e7\u00e3o em p\u00e9, caminhadas, ioga, enfermagem, atividades casuais, compras, viagens, longas perman\u00eancias e dire\u00e7\u00e3o.<\/span><\/li>\n<li><span class=\"a-list-item a-size-base a-color-base\">\u3010Cores dispon\u00edveis e dicas de cuidados\u3011Esses cal\u00e7ados podem ser usados em todos os p\u00e9s comuns. Se voc\u00ea estiver entre os tamanhos (como 7,5, 8,5 etc.) ou usar meias, use o pr\u00f3ximo tamanho acima. Se voc\u00ea tiver um incha\u00e7o grave, sugerimos que compre um tamanho maior de acordo com a situa\u00e7\u00e3o de incha\u00e7o dos seus p\u00e9s. Elas foram projetadas especificamente para serem extra espa\u00e7osas e acomodar p\u00e9s inchados. Recomenda-se que o material de malha macia seja lavado \u00e0 m\u00e3o ou na m\u00e1quina, o que facilita muito a limpeza e a manuten\u00e7\u00e3o di\u00e1rias.<\/span><\/li>\n<\/ul>\n<p><img fetchpriority=\"high\" decoding=\"async\" class=\"aligncenter wp-image-21304 size-full\" src=\"http:\/\/www.carbonfiberinsoles.shop\/wp-content\/uploads\/2025\/08\/Diabetic-Shoes-Extra-Wide-Edema-Shoes-11.jpg\" alt=\"Mulheres Homens Sapatos para diab\u00e9ticos Sapatos para edema extra largos Sapatos para caminhada ao ar livre T\u00eanis para fascite plantar\" width=\"1464\" height=\"600\" srcset=\"https:\/\/www.carbonfiberinsoles.shop\/wp-content\/uploads\/2025\/08\/Diabetic-Shoes-Extra-Wide-Edema-Shoes-11.jpg 1464w, https:\/\/www.carbonfiberinsoles.shop\/wp-content\/uploads\/2025\/08\/Diabetic-Shoes-Extra-Wide-Edema-Shoes-11-400x164.jpg 400w, https:\/\/www.carbonfiberinsoles.shop\/wp-content\/uploads\/2025\/08\/Diabetic-Shoes-Extra-Wide-Edema-Shoes-11-1300x533.jpg 1300w, https:\/\/www.carbonfiberinsoles.shop\/wp-content\/uploads\/2025\/08\/Diabetic-Shoes-Extra-Wide-Edema-Shoes-11-768x315.jpg 768w, https:\/\/www.carbonfiberinsoles.shop\/wp-content\/uploads\/2025\/08\/Diabetic-Shoes-Extra-Wide-Edema-Shoes-11-18x7.jpg 18w, https:\/\/www.carbonfiberinsoles.shop\/wp-content\/uploads\/2025\/08\/Diabetic-Shoes-Extra-Wide-Edema-Shoes-11-430x176.jpg 430w, https:\/\/www.carbonfiberinsoles.shop\/wp-content\/uploads\/2025\/08\/Diabetic-Shoes-Extra-Wide-Edema-Shoes-11-700x287.jpg 700w\" sizes=\"(max-width: 1464px) 100vw, 1464px\" \/> <img decoding=\"async\" class=\"aligncenter wp-image-21302 size-full\" src=\"http:\/\/www.carbonfiberinsoles.shop\/wp-content\/uploads\/2025\/08\/Diabetic-Shoes-Extra-Wide-Edema-Shoes-7.jpg\" alt=\"Mulheres Homens Sapatos para diab\u00e9ticos Sapatos para edema extra largos Sapatos para caminhada ao ar livre T\u00eanis para fascite plantar\" width=\"1464\" height=\"600\" srcset=\"https:\/\/www.carbonfiberinsoles.shop\/wp-content\/uploads\/2025\/08\/Diabetic-Shoes-Extra-Wide-Edema-Shoes-7.jpg 1464w, https:\/\/www.carbonfiberinsoles.shop\/wp-content\/uploads\/2025\/08\/Diabetic-Shoes-Extra-Wide-Edema-Shoes-7-400x164.jpg 400w, https:\/\/www.carbonfiberinsoles.shop\/wp-content\/uploads\/2025\/08\/Diabetic-Shoes-Extra-Wide-Edema-Shoes-7-1300x533.jpg 1300w, https:\/\/www.carbonfiberinsoles.shop\/wp-content\/uploads\/2025\/08\/Diabetic-Shoes-Extra-Wide-Edema-Shoes-7-768x315.jpg 768w, https:\/\/www.carbonfiberinsoles.shop\/wp-content\/uploads\/2025\/08\/Diabetic-Shoes-Extra-Wide-Edema-Shoes-7-18x7.jpg 18w, https:\/\/www.carbonfiberinsoles.shop\/wp-content\/uploads\/2025\/08\/Diabetic-Shoes-Extra-Wide-Edema-Shoes-7-430x176.jpg 430w, https:\/\/www.carbonfiberinsoles.shop\/wp-content\/uploads\/2025\/08\/Diabetic-Shoes-Extra-Wide-Edema-Shoes-7-700x287.jpg 700w\" sizes=\"(max-width: 1464px) 100vw, 1464px\" \/> <img decoding=\"async\" class=\"aligncenter wp-image-21300 size-full\" src=\"http:\/\/www.carbonfiberinsoles.shop\/wp-content\/uploads\/2025\/08\/Diabetic-Shoes-Extra-Wide-Edema-Shoes-5.jpg\" alt=\"Mulheres Homens Sapatos para diab\u00e9ticos Sapatos para edema extra largos Sapatos para caminhada ao ar livre T\u00eanis para fascite plantar\" width=\"1464\" height=\"600\" srcset=\"https:\/\/www.carbonfiberinsoles.shop\/wp-content\/uploads\/2025\/08\/Diabetic-Shoes-Extra-Wide-Edema-Shoes-5.jpg 1464w, https:\/\/www.carbonfiberinsoles.shop\/wp-content\/uploads\/2025\/08\/Diabetic-Shoes-Extra-Wide-Edema-Shoes-5-400x164.jpg 400w, https:\/\/www.carbonfiberinsoles.shop\/wp-content\/uploads\/2025\/08\/Diabetic-Shoes-Extra-Wide-Edema-Shoes-5-1300x533.jpg 1300w, https:\/\/www.carbonfiberinsoles.shop\/wp-content\/uploads\/2025\/08\/Diabetic-Shoes-Extra-Wide-Edema-Shoes-5-768x315.jpg 768w, https:\/\/www.carbonfiberinsoles.shop\/wp-content\/uploads\/2025\/08\/Diabetic-Shoes-Extra-Wide-Edema-Shoes-5-18x7.jpg 18w, https:\/\/www.carbonfiberinsoles.shop\/wp-content\/uploads\/2025\/08\/Diabetic-Shoes-Extra-Wide-Edema-Shoes-5-430x176.jpg 430w, https:\/\/www.carbonfiberinsoles.shop\/wp-content\/uploads\/2025\/08\/Diabetic-Shoes-Extra-Wide-Edema-Shoes-5-700x287.jpg 700w\" sizes=\"(max-width: 1464px) 100vw, 1464px\" \/><img loading=\"lazy\" decoding=\"async\" class=\"aligncenter wp-image-21303 size-full\" src=\"http:\/\/www.carbonfiberinsoles.shop\/wp-content\/uploads\/2025\/08\/Diabetic-Shoes-Extra-Wide-Edema-Shoes-10.jpg\" alt=\"Mulheres Homens Sapatos para diab\u00e9ticos Sapatos para edema extra largos Sapatos para caminhada ao ar livre T\u00eanis para fascite plantar\" width=\"1464\" height=\"600\" srcset=\"https:\/\/www.carbonfiberinsoles.shop\/wp-content\/uploads\/2025\/08\/Diabetic-Shoes-Extra-Wide-Edema-Shoes-10.jpg 1464w, https:\/\/www.carbonfiberinsoles.shop\/wp-content\/uploads\/2025\/08\/Diabetic-Shoes-Extra-Wide-Edema-Shoes-10-400x164.jpg 400w, https:\/\/www.carbonfiberinsoles.shop\/wp-content\/uploads\/2025\/08\/Diabetic-Shoes-Extra-Wide-Edema-Shoes-10-1300x533.jpg 1300w, https:\/\/www.carbonfiberinsoles.shop\/wp-content\/uploads\/2025\/08\/Diabetic-Shoes-Extra-Wide-Edema-Shoes-10-768x315.jpg 768w, https:\/\/www.carbonfiberinsoles.shop\/wp-content\/uploads\/2025\/08\/Diabetic-Shoes-Extra-Wide-Edema-Shoes-10-18x7.jpg 18w, https:\/\/www.carbonfiberinsoles.shop\/wp-content\/uploads\/2025\/08\/Diabetic-Shoes-Extra-Wide-Edema-Shoes-10-430x176.jpg 430w, https:\/\/www.carbonfiberinsoles.shop\/wp-content\/uploads\/2025\/08\/Diabetic-Shoes-Extra-Wide-Edema-Shoes-10-700x287.jpg 700w\" sizes=\"(max-width: 1464px) 100vw, 1464px\" \/><img loading=\"lazy\" decoding=\"async\" class=\"aligncenter wp-image-21321 size-full\" src=\"http:\/\/www.carbonfiberinsoles.shop\/wp-content\/uploads\/2025\/08\/Diabetic-Shoes-Extra-Wide-Edema-Shoes-30.jpg\" alt=\"Mulheres Homens Sapatos para diab\u00e9ticos Sapatos para edema extra largos Sapatos para caminhada ao ar livre T\u00eanis para fascite plantar\" width=\"1464\" height=\"600\" srcset=\"https:\/\/www.carbonfiberinsoles.shop\/wp-content\/uploads\/2025\/08\/Diabetic-Shoes-Extra-Wide-Edema-Shoes-30.jpg 1464w, https:\/\/www.carbonfiberinsoles.shop\/wp-content\/uploads\/2025\/08\/Diabetic-Shoes-Extra-Wide-Edema-Shoes-30-400x164.jpg 400w, https:\/\/www.carbonfiberinsoles.shop\/wp-content\/uploads\/2025\/08\/Diabetic-Shoes-Extra-Wide-Edema-Shoes-30-1300x533.jpg 1300w, https:\/\/www.carbonfiberinsoles.shop\/wp-content\/uploads\/2025\/08\/Diabetic-Shoes-Extra-Wide-Edema-Shoes-30-768x315.jpg 768w, https:\/\/www.carbonfiberinsoles.shop\/wp-content\/uploads\/2025\/08\/Diabetic-Shoes-Extra-Wide-Edema-Shoes-30-18x7.jpg 18w, https:\/\/www.carbonfiberinsoles.shop\/wp-content\/uploads\/2025\/08\/Diabetic-Shoes-Extra-Wide-Edema-Shoes-30-430x176.jpg 430w, https:\/\/www.carbonfiberinsoles.shop\/wp-content\/uploads\/2025\/08\/Diabetic-Shoes-Extra-Wide-Edema-Shoes-30-700x287.jpg 700w\" sizes=\"(max-width: 1464px) 100vw, 1464px\" \/><\/p>","protected":false},"excerpt":{"rendered":"<p>\u3010Sapatos confort\u00e1veis de bico largo\u3011 Os nossos sapatos femininos para p\u00e9s largos com material de malha macia personalizada proporcionam o m\u00e1ximo em flexibilidade e respirabilidade. A parte superior em tecido el\u00e1stico e respir\u00e1vel mant\u00e9m seus p\u00e9s frescos e evita odores. O design da biqueira larga reduz a press\u00e3o e o choque do exterior, garantindo extremo conforto ao usar esses t\u00eanis esportivos. Adequado para p\u00e9s inchados...<\/p>","protected":false},"featured_media":21308,"comment_status":"open","ping_status":"closed","template":"","meta":{"_kadence_starter_templates_imported_post":false,"_kad_post_transparent":"default","_kad_post_title":"","_kad_post_layout":"default","_kad_post_sidebar_id":"","_kad_post_content_style":"default","_kad_post_vertical_padding":"default","_kad_post_feature":"","_kad_post_feature_position":"","_kad_post_header":false,"_kad_post_footer":false},"product_brand":[],"product_cat":[570,183,236,549,527,529,531],"product_tag":[535,585,582],"class_list":{"0":"post-21166","1":"product","2":"type-product","3":"status-publish","4":"has-post-thumbnail","6":"product_cat-diabetic-shoes","7":"product_cat-insoles","8":"product_cat-carbon-fiber-insoles-running","9":"product_cat-shoes","10":"product_cat-women-orthopedic-shoes","11":"product_cat-women-shoes","12":"product_cat-women-walking-shoes","13":"product_tag-diabetic-shoes","14":"product_tag-women-orthopedic-shoes","15":"product_tag-women-shoes","17":"first","18":"instock","19":"sale","20":"shipping-taxable","21":"purchasable","22":"product-type-variable","23":"has-default-attributes","24":"entry","25":"content-bg","26":"loop-entry"},"aioseo_notices":[],"_links":{"self":[{"href":"https:\/\/www.carbonfiberinsoles.shop\/pt\/wp-json\/wp\/v2\/product\/21166","targetHints":{"allow":["GET"]}}],"collection":[{"href":"https:\/\/www.carbonfiberinsoles.shop\/pt\/wp-json\/wp\/v2\/product"}],"about":[{"href":"https:\/\/www.carbonfiberinsoles.shop\/pt\/wp-json\/wp\/v2\/types\/product"}],"replies":[{"embeddable":true,"href":"https:\/\/www.carbonfiberinsoles.shop\/pt\/wp-json\/wp\/v2\/comments?post=21166"}],"version-history":[{"count":4,"href":"https:\/\/www.carbonfiberinsoles.shop\/pt\/wp-json\/wp\/v2\/product\/21166\/revisions"}],"predecessor-version":[{"id":21575,"href":"https:\/\/www.carbonfiberinsoles.shop\/pt\/wp-json\/wp\/v2\/product\/21166\/revisions\/21575"}],"wp:featuredmedia":[{"embeddable":true,"href":"https:\/\/www.carbonfiberinsoles.shop\/pt\/wp-json\/wp\/v2\/media\/21308"}],"wp:attachment":[{"href":"https:\/\/www.carbonfiberinsoles.shop\/pt\/wp-json\/wp\/v2\/media?parent=21166"}],"wp:term":[{"taxonomy":"product_brand","embeddable":true,"href":"https:\/\/www.carbonfiberinsoles.shop\/pt\/wp-json\/wp\/v2\/product_brand?post=21166"},{"taxonomy":"product_cat","embeddable":true,"href":"https:\/\/www.carbonfiberinsoles.shop\/pt\/wp-json\/wp\/v2\/product_cat?post=21166"},{"taxonomy":"product_tag","embeddable":true,"href":"https:\/\/www.carbonfiberinsoles.shop\/pt\/wp-json\/wp\/v2\/product_tag?post=21166"}],"curies":[{"name":"wp","href":"https:\/\/api.w.org\/{rel}","templated":true}]}}