{"id":21326,"date":"2025-09-01T20:59:17","date_gmt":"2025-09-01T20:59:17","guid":{"rendered":"https:\/\/www.carbonfiberinsoles.shop\/?post_type=product&#038;p=21326"},"modified":"2026-03-30T07:57:16","modified_gmt":"2026-03-30T07:57:16","slug":"womens-proven-foot-pain-relief-diabetic-shoes-wide-width-walking-shoes-indoor-outdoor","status":"publish","type":"product","link":"https:\/\/www.carbonfiberinsoles.shop\/pt\/produto\/womens-proven-foot-pain-relief-diabetic-shoes-wide-width-walking-shoes-indoor-outdoor\/","title":{"rendered":"Sapatos de caminhada para diab\u00e9ticos para mulheres - Largura ampla interna\/externa"},"content":{"rendered":"<p>F\u00c1CIL DE COLOCAR E RETIRAR - As tiras do antep\u00e9 s\u00e3o altamente ajust\u00e1veis gra\u00e7as aos fechos, a faixa de ajuste \u00e9 ideal para mudan\u00e7as no grau de incha\u00e7o. O uso do sapato leve para diab\u00e9ticos pode ajudar a aliviar a press\u00e3o sobre os p\u00e9s inchados, joanetes, edema, diabetes ou dedos em martelo.<br \/>\nLARGURAS ESTENDIDAS - A biqueira larga oferece um ajuste confort\u00e1vel e sem amarras, al\u00e9m de aliviar a press\u00e3o sobre os p\u00e9s sens\u00edveis. A parte superior em malha respir\u00e1vel esticada se expande com seu p\u00e9 quando voc\u00ea anda, perfeita para todas as esta\u00e7\u00f5es e atividades ao ar livre. Ajuste mais confort\u00e1vel e estreito para ajud\u00e1-lo a reduzir a irrita\u00e7\u00e3o.<br \/>\n3 PARES DE INSOLAS DE ESPUMA EXTRA - O design de profundidade extra com 3 pares de palmilhas de espuma viscoel\u00e1stica remov\u00edveis oferece amplo espa\u00e7o para \u00f3rteses personalizadas. Essas confort\u00e1veis almofadas proporcionam controle moderado, suporte e prote\u00e7\u00e3o para p\u00e9s inchados, oferecendo a melhor solu\u00e7\u00e3o e ajuste personalizado para cal\u00e7ados femininos para diab\u00e9ticos e p\u00e9s problem\u00e1ticos.<br \/>\nUSU\u00c1RIO ALVO E OCASI\u00c3O - Ideal para quem precisa de alongamento extra, conforto e maciez para acomodar p\u00e9s inchados, dedos em martelo, joanetes, fascite plantar, calos, calosidades, osteoartrite, artrite reumatoide, dedos em martelo, neuroma de Morton, edema, dem\u00eancia, les\u00f5es envolvendo tend\u00f5es, m\u00fasculos e ossos ou precisa de um cal\u00e7ado p\u00f3s-operat\u00f3rio.<\/p>\n<p><img fetchpriority=\"high\" decoding=\"async\" class=\"aligncenter wp-image-21344 size-full\" src=\"http:\/\/www.carbonfiberinsoles.shop\/wp-content\/uploads\/2025\/08\/Womens-Diabetic-Shoes-Wide-Width-Walking-Shoes-IndoorOutdoor-31_1.jpg\" alt=\"Sapatos para diab\u00e9ticos para al\u00edvio da dor nos p\u00e9s Sapatos de caminhada de largura ampla para ambientes internos e externos\" width=\"970\" height=\"600\" srcset=\"https:\/\/www.carbonfiberinsoles.shop\/wp-content\/uploads\/2025\/08\/Womens-Diabetic-Shoes-Wide-Width-Walking-Shoes-IndoorOutdoor-31_1.jpg 970w, https:\/\/www.carbonfiberinsoles.shop\/wp-content\/uploads\/2025\/08\/Womens-Diabetic-Shoes-Wide-Width-Walking-Shoes-IndoorOutdoor-31_1-400x247.jpg 400w, https:\/\/www.carbonfiberinsoles.shop\/wp-content\/uploads\/2025\/08\/Womens-Diabetic-Shoes-Wide-Width-Walking-Shoes-IndoorOutdoor-31_1-768x475.jpg 768w, https:\/\/www.carbonfiberinsoles.shop\/wp-content\/uploads\/2025\/08\/Womens-Diabetic-Shoes-Wide-Width-Walking-Shoes-IndoorOutdoor-31_1-18x12.jpg 18w, https:\/\/www.carbonfiberinsoles.shop\/wp-content\/uploads\/2025\/08\/Womens-Diabetic-Shoes-Wide-Width-Walking-Shoes-IndoorOutdoor-31_1-430x266.jpg 430w, https:\/\/www.carbonfiberinsoles.shop\/wp-content\/uploads\/2025\/08\/Womens-Diabetic-Shoes-Wide-Width-Walking-Shoes-IndoorOutdoor-31_1-700x433.jpg 700w\" sizes=\"(max-width: 970px) 100vw, 970px\" \/> <img decoding=\"async\" class=\"aligncenter wp-image-21348 size-full\" src=\"http:\/\/www.carbonfiberinsoles.shop\/wp-content\/uploads\/2025\/08\/Womens-Diabetic-Shoes-Wide-Width-Walking-Shoes-IndoorOutdoor-35.jpg\" alt=\"Sapatos para diab\u00e9ticos para al\u00edvio da dor nos p\u00e9s Sapatos de caminhada de largura ampla para ambientes internos e externos\" width=\"970\" height=\"600\" srcset=\"https:\/\/www.carbonfiberinsoles.shop\/wp-content\/uploads\/2025\/08\/Womens-Diabetic-Shoes-Wide-Width-Walking-Shoes-IndoorOutdoor-35.jpg 970w, https:\/\/www.carbonfiberinsoles.shop\/wp-content\/uploads\/2025\/08\/Womens-Diabetic-Shoes-Wide-Width-Walking-Shoes-IndoorOutdoor-35-400x247.jpg 400w, https:\/\/www.carbonfiberinsoles.shop\/wp-content\/uploads\/2025\/08\/Womens-Diabetic-Shoes-Wide-Width-Walking-Shoes-IndoorOutdoor-35-768x475.jpg 768w, https:\/\/www.carbonfiberinsoles.shop\/wp-content\/uploads\/2025\/08\/Womens-Diabetic-Shoes-Wide-Width-Walking-Shoes-IndoorOutdoor-35-18x12.jpg 18w, https:\/\/www.carbonfiberinsoles.shop\/wp-content\/uploads\/2025\/08\/Womens-Diabetic-Shoes-Wide-Width-Walking-Shoes-IndoorOutdoor-35-430x266.jpg 430w, https:\/\/www.carbonfiberinsoles.shop\/wp-content\/uploads\/2025\/08\/Womens-Diabetic-Shoes-Wide-Width-Walking-Shoes-IndoorOutdoor-35-700x433.jpg 700w\" sizes=\"(max-width: 970px) 100vw, 970px\" \/> <img decoding=\"async\" class=\"aligncenter wp-image-21334 size-full\" src=\"http:\/\/www.carbonfiberinsoles.shop\/wp-content\/uploads\/2025\/08\/Womens-Diabetic-Shoes-Wide-Width-Walking-Shoes-IndoorOutdoor-21.jpg\" alt=\"Sapatos para diab\u00e9ticos para al\u00edvio da dor nos p\u00e9s Sapatos de caminhada de largura ampla para ambientes internos e externos\" width=\"970\" height=\"600\" srcset=\"https:\/\/www.carbonfiberinsoles.shop\/wp-content\/uploads\/2025\/08\/Womens-Diabetic-Shoes-Wide-Width-Walking-Shoes-IndoorOutdoor-21.jpg 970w, https:\/\/www.carbonfiberinsoles.shop\/wp-content\/uploads\/2025\/08\/Womens-Diabetic-Shoes-Wide-Width-Walking-Shoes-IndoorOutdoor-21-400x247.jpg 400w, https:\/\/www.carbonfiberinsoles.shop\/wp-content\/uploads\/2025\/08\/Womens-Diabetic-Shoes-Wide-Width-Walking-Shoes-IndoorOutdoor-21-768x475.jpg 768w, https:\/\/www.carbonfiberinsoles.shop\/wp-content\/uploads\/2025\/08\/Womens-Diabetic-Shoes-Wide-Width-Walking-Shoes-IndoorOutdoor-21-18x12.jpg 18w, https:\/\/www.carbonfiberinsoles.shop\/wp-content\/uploads\/2025\/08\/Womens-Diabetic-Shoes-Wide-Width-Walking-Shoes-IndoorOutdoor-21-430x266.jpg 430w, https:\/\/www.carbonfiberinsoles.shop\/wp-content\/uploads\/2025\/08\/Womens-Diabetic-Shoes-Wide-Width-Walking-Shoes-IndoorOutdoor-21-700x433.jpg 700w\" sizes=\"(max-width: 970px) 100vw, 970px\" \/> <img loading=\"lazy\" decoding=\"async\" class=\"aligncenter wp-image-21333 size-full\" src=\"http:\/\/www.carbonfiberinsoles.shop\/wp-content\/uploads\/2025\/08\/Womens-Diabetic-Shoes-Wide-Width-Walking-Shoes-IndoorOutdoor-20.jpg\" alt=\"Sapatos para diab\u00e9ticos para al\u00edvio da dor nos p\u00e9s Sapatos de caminhada de largura ampla para ambientes internos e externos\" width=\"970\" height=\"600\" srcset=\"https:\/\/www.carbonfiberinsoles.shop\/wp-content\/uploads\/2025\/08\/Womens-Diabetic-Shoes-Wide-Width-Walking-Shoes-IndoorOutdoor-20.jpg 970w, https:\/\/www.carbonfiberinsoles.shop\/wp-content\/uploads\/2025\/08\/Womens-Diabetic-Shoes-Wide-Width-Walking-Shoes-IndoorOutdoor-20-400x247.jpg 400w, https:\/\/www.carbonfiberinsoles.shop\/wp-content\/uploads\/2025\/08\/Womens-Diabetic-Shoes-Wide-Width-Walking-Shoes-IndoorOutdoor-20-768x475.jpg 768w, https:\/\/www.carbonfiberinsoles.shop\/wp-content\/uploads\/2025\/08\/Womens-Diabetic-Shoes-Wide-Width-Walking-Shoes-IndoorOutdoor-20-18x12.jpg 18w, https:\/\/www.carbonfiberinsoles.shop\/wp-content\/uploads\/2025\/08\/Womens-Diabetic-Shoes-Wide-Width-Walking-Shoes-IndoorOutdoor-20-430x266.jpg 430w, https:\/\/www.carbonfiberinsoles.shop\/wp-content\/uploads\/2025\/08\/Womens-Diabetic-Shoes-Wide-Width-Walking-Shoes-IndoorOutdoor-20-700x433.jpg 700w\" sizes=\"(max-width: 970px) 100vw, 970px\" \/><\/p>","protected":false},"excerpt":{"rendered":"<p>F\u00c1CIL DE COLOCAR E RETIRAR - As tiras do antep\u00e9 s\u00e3o altamente ajust\u00e1veis gra\u00e7as aos fechos, a faixa de ajuste \u00e9 ideal para mudan\u00e7as no grau de incha\u00e7o. O uso do sapato leve para diab\u00e9ticos pode ajudar a aliviar a press\u00e3o sobre os p\u00e9s inchados, joanetes, edema, diabetes ou dedos em martelo. LARGURAS ESTENDIDAS - A caixa de dedos larga oferece...<\/p>","protected":false},"featured_media":21332,"comment_status":"open","ping_status":"closed","template":"","meta":{"_kadence_starter_templates_imported_post":false,"_kad_post_transparent":"default","_kad_post_title":"","_kad_post_layout":"default","_kad_post_sidebar_id":"","_kad_post_content_style":"default","_kad_post_vertical_padding":"default","_kad_post_feature":"","_kad_post_feature_position":"","_kad_post_header":false,"_kad_post_footer":false},"product_brand":[],"product_cat":[570,533,586,528,529,531],"product_tag":[332,535],"class_list":{"0":"post-21326","1":"product","2":"type-product","3":"status-publish","4":"has-post-thumbnail","6":"product_cat-diabetic-shoes","7":"product_cat-men-diabetic-shoes","8":"product_cat-recovery-shoes","9":"product_cat-women-diabetic-shoes","10":"product_cat-women-shoes","11":"product_cat-women-walking-shoes","12":"product_tag-casual-shoes","13":"product_tag-diabetic-shoes","15":"first","16":"instock","17":"sale","18":"shipping-taxable","19":"purchasable","20":"product-type-variable","21":"has-default-attributes","22":"entry","23":"content-bg","24":"loop-entry"},"aioseo_notices":[],"_links":{"self":[{"href":"https:\/\/www.carbonfiberinsoles.shop\/pt\/wp-json\/wp\/v2\/product\/21326","targetHints":{"allow":["GET"]}}],"collection":[{"href":"https:\/\/www.carbonfiberinsoles.shop\/pt\/wp-json\/wp\/v2\/product"}],"about":[{"href":"https:\/\/www.carbonfiberinsoles.shop\/pt\/wp-json\/wp\/v2\/types\/product"}],"replies":[{"embeddable":true,"href":"https:\/\/www.carbonfiberinsoles.shop\/pt\/wp-json\/wp\/v2\/comments?post=21326"}],"version-history":[{"count":3,"href":"https:\/\/www.carbonfiberinsoles.shop\/pt\/wp-json\/wp\/v2\/product\/21326\/revisions"}],"predecessor-version":[{"id":21574,"href":"https:\/\/www.carbonfiberinsoles.shop\/pt\/wp-json\/wp\/v2\/product\/21326\/revisions\/21574"}],"wp:featuredmedia":[{"embeddable":true,"href":"https:\/\/www.carbonfiberinsoles.shop\/pt\/wp-json\/wp\/v2\/media\/21332"}],"wp:attachment":[{"href":"https:\/\/www.carbonfiberinsoles.shop\/pt\/wp-json\/wp\/v2\/media?parent=21326"}],"wp:term":[{"taxonomy":"product_brand","embeddable":true,"href":"https:\/\/www.carbonfiberinsoles.shop\/pt\/wp-json\/wp\/v2\/product_brand?post=21326"},{"taxonomy":"product_cat","embeddable":true,"href":"https:\/\/www.carbonfiberinsoles.shop\/pt\/wp-json\/wp\/v2\/product_cat?post=21326"},{"taxonomy":"product_tag","embeddable":true,"href":"https:\/\/www.carbonfiberinsoles.shop\/pt\/wp-json\/wp\/v2\/product_tag?post=21326"}],"curies":[{"name":"wp","href":"https:\/\/api.w.org\/{rel}","templated":true}]}}